{"id":17274,"date":"2026-04-15T16:05:40","date_gmt":"2026-04-15T16:05:40","guid":{"rendered":"https:\/\/sagrinex.com\/produit\/ifor-williams-flachbettanhaenger-lm125-362x168-cm-gesamtgewicht-2700-kg\/"},"modified":"2026-04-15T21:12:24","modified_gmt":"2026-04-15T21:12:24","slug":"ifor-williams-flachbettanhaenger-lm125-362x168-cm-gesamtgewicht-2700-kg","status":"publish","type":"product","link":"https:\/\/sagrinex.com\/de\/produit\/ifor-williams-flachbettanhaenger-lm125-362x168-cm-gesamtgewicht-2700-kg\/","title":{"rendered":"Ifor Williams Flachbettanh\u00c4nger &#8211; LM125 &#8211; 362X168 Cm &#8211; Gesamtgewicht: 2700 Kg"},"content":{"rendered":"<h2>VERWENDUNG<\/h2>\n<p>Sicherheit, Flexibilit\u00e4t und Benutzerfreundlichkeit sind die drei Kriterien, die die LM125-Plattform von Ifor Williams erf\u00fcllt!<\/p>\n<p>Sie ist an Baustellen bew\u00e4hrt und langlebig konstruiert und ideal f\u00fcr Profis: Industrie, Bauwesen, Landschaftsbau oder Landwirtschaft \u2013 sie bietet vielf\u00e4ltige Einsatzm\u00f6glichkeiten.<\/p>\n<p>Sie erm\u00f6glicht das schnelle Entladen schwerer und sperrriger Objekte (Sand, Schutt, Kies, Holz, Metalle, Ziegel usw.) von allen Seiten in v\u00f6lliger Sicherheit, wenn Sie die Bordwand-Option gew\u00e4hlt haben.<\/p>\n<h2>VORTEILE DER LM 125-PLATTFORM<\/h2>\n<ul>\n<li>Ladefl\u00e4che: 74 cm<\/li>\n<li>Bordwandh\u00f6he: 40 cm<\/li>\n<li>Gitteraufs\u00e4tze f\u00fcr Bordw\u00e4nde klappbar im Zubeh\u00f6r<\/li>\n<li>M\u00f6glichkeit, Rampen zu installieren<\/li>\n<li>Verst\u00e4rkte Schutzvorrichtung der hinteren Beleuchtung durch neue Neigung beim Kippen<\/li>\n<li>Zus\u00e4tzlicher Gitterschutz im Zubeh\u00f6r<\/li>\n<\/ul>\n<h2>CHARAKTERISTIKEN<\/h2>\n<ul>\n<li>Rahmen und Deichsel aus verzinktem Stahl zum Schutz des Anh\u00e4ngers vor Korrosion<\/li>\n<li>Ifor Williams Achse mit Tr\u00e4ger f\u00fcr erh\u00f6hte Stabilit\u00e4t<\/li>\n<li>Blattfederaufh\u00e4ngung<\/li>\n<li>Reserverad<\/li>\n<li>Bordw\u00e4nde und Kopfst\u00fctze aus Stahl, Bordw\u00e4nde wasserdicht f\u00fcr alle Materialien<\/li>\n<li>Abschlie\u00dfbare Werkzeugbox<\/li>\n<li>Klappbare Bordw\u00e4nde<\/li>\n<\/ul>\n<h2>ZUBEH\u00d6R<\/h2>\n<p>F\u00fcr dieses Produkt sind mehrere Optionen und Zubeh\u00f6rteile verf\u00fcgbar. F\u00fcr Preise und Bedingungen konsultieren Sie uns bitte.<\/p>\n<p>Beispiele f\u00fcr Optionen f\u00fcr dieses Modell:<\/p>\n<ul>\n<li>Rampenst\u00fctze<\/li>\n<li>Alu- und Stahlrampen \u2013 doppelt oder breit<\/li>\n<li>Stabilisierungsst\u00fctzen<\/li>\n<li>St\u00fctze f\u00fcr Langladung<\/li>\n<li>Schutz f\u00fcr hintere Leuchten<\/li>\n<li>Ankerungen<\/li>\n<li>Alu-Bodenbelag<\/li>\n<\/ul>\n<h2><strong>VORTEILE VON IFOR WILLIAMS<\/strong><\/h2>\n<p>Als Experte in der Konzeption und Herstellung von Anh\u00e4ngern seit 50 Jahren hat sich Ifor Williams zum Ziel gesetzt, die besten Produkte auf dem Markt in Bezug auf Robustheit, Sicherheit, Qualit\u00e4t und Design zu pr\u00e4sentieren.<\/p>\n<p>Ifor Williams ist engagiert in einem Prozess der st\u00e4ndigen Weiterentwicklung und investiert regelm\u00e4\u00dfig in neue Materialien und interessiert sich f\u00fcr neue Technologien, um die Erwartungen unserer Kunden zu antizipieren und ihre Standardmodelle weiterzuentwickeln.<\/p>\n<p>Preis-Leistungs-Verh\u00e4ltnis, Eleganz, Schlichtheit, Solidit\u00e4t und Wartungsfreundlichkeit sind heute die Leitmotive der Handlungen von Ifor Williams.<\/p>\n","protected":false},"excerpt":{"rendered":"<p>IFOR WILLIAMS-Plattform \u2013 LM125 \u2013 Ihre n\u00fctzlichen Abmessungen und ihre Ladekapazit\u00e4t dank ihrer Blattaufh\u00e4ngungen werden von Profis sehr gesch\u00e4tzt<\/p>\n<div class=\"mod_fa_champspersonnalisables_v14_liste\">\n<div class=\"mod_fa_champspersonnalisables_v14_titre\"><strong>Gesamtgewicht: <\/strong><span class=\"mod_fa_champspersonnalisables_v14_valeur\">2700 kg<\/span><\/div>\n<\/div>\n<div class=\"mod_fa_champspersonnalisables_v14_liste\">\n<div class=\"mod_fa_champspersonnalisables_v14_titre\"><strong>Leermasse: <\/strong><span class=\"mod_fa_champspersonnalisables_v14_valeur\">620 kg<\/span><\/div>\n<\/div>\n<div class=\"mod_fa_champspersonnalisables_v14_liste\">\n<div class=\"mod_fa_champspersonnalisables_v14_titre\"><strong>Nutzlast: <\/strong><span class=\"mod_fa_champspersonnalisables_v14_valeur\">2080 kg<\/span><\/div>\n<\/div>\n<div class=\"mod_fa_champspersonnalisables_v14_liste\">\n<div class=\"mod_fa_champspersonnalisables_v14_titre\"><strong>N\u00fctzliche Abmessungen: <\/strong><span class=\"mod_fa_champspersonnalisables_v14_valeur\">362 x 168 cm<\/span><\/div>\n<\/div>\n<div class=\"mod_fa_champspersonnalisables_v14_liste\">\n<div class=\"mod_fa_champspersonnalisables_v14_titre\"><strong>Gesamtabmessungen: <\/strong><span class=\"mod_fa_champspersonnalisables_v14_valeur\">620 x 175 cm<\/span><\/div>\n<\/div>\n<div class=\"mod_fa_champspersonnalisables_v14_liste\">\n<div class=\"mod_fa_champspersonnalisables_v14_titre\"><strong>Achswiderstand(e): <\/strong><span class=\"mod_fa_champspersonnalisables_v14_valeur\">2X 1350<\/span><\/div>\n<\/div>\n<div class=\"mod_fa_champspersonnalisables_v14_liste\">\n<div class=\"mod_fa_champspersonnalisables_v14_titre\"><strong>Faltseite(n): <\/strong><span class=\"mod_fa_champspersonnalisables_v14_valeur\">JA OPTION<\/span><\/div>\n<\/div>\n<div class=\"mod_fa_champspersonnalisables_v14_liste\">\n<div class=\"mod_fa_champspersonnalisables_v14_titre\"><strong>Kopf gebremst: <\/strong><span class=\"mod_fa_champspersonnalisables_v14_valeur\">ja<\/span><\/div>\n<\/div>\n<div class=\"mod_fa_champspersonnalisables_v14_liste\">\n<div class=\"mod_fa_champspersonnalisables_v14_titre\"><strong>Kippk\u00f6rper: <\/strong><span class=\"mod_fa_champspersonnalisables_v14_valeur\">ja<\/span><\/div>\n<\/div>\n<div class=\"mod_fa_champspersonnalisables_v14_liste\">\n<div class=\"mod_fa_champspersonnalisables_v14_titre\"><strong>Pumpe: <\/strong><span class=\"mod_fa_champspersonnalisables_v14_valeur\">Manuell als Standard oder elektrisch als Option<\/span><\/div>\n<\/div>\n","protected":false},"featured_media":11138,"comment_status":"open","ping_status":"closed","template":"","meta":[],"product_brand":[],"product_cat":[359,352],"product_tag":[],"class_list":{"0":"post-17274","1":"product","2":"type-product","3":"status-publish","4":"has-post-thumbnail","6":"product_cat-autotransportanhaenger","7":"product_cat-unsere-trailer","9":"first","10":"instock","11":"shipping-taxable","12":"purchasable","13":"product-type-simple"},"yoast_head":"<!-- This site is optimized with the Yoast SEO plugin v27.5 - https:\/\/yoast.com\/product\/yoast-seo-wordpress\/ -->\n<title>Ifor Williams Flachbettanh\u00c4nger - LM125 - 362X168 Cm - Gesamtgewicht: 2700 Kg - Sagrinex \u2013 Anhaenger, Container &amp; Landtechnik \ud83c\udf3e\ud83d\ude9c<\/title>\n<meta name=\"robots\" content=\"index, follow, max-snippet:-1, max-image-preview:large, max-video-preview:-1\" \/>\n<link rel=\"canonical\" href=\"https:\/\/sagrinex.com\/produit\/ifor-williams-flachbettanhaenger-lm125-362x168-cm-gesamtgewicht-2700-kg\/?lang=de\" \/>\n<meta property=\"og:locale\" content=\"de_DE\" \/>\n<meta property=\"og:type\" content=\"article\" \/>\n<meta property=\"og:title\" content=\"Ifor Williams Flachbettanh\u00c4nger - LM125 - 362X168 Cm - Gesamtgewicht: 2700 Kg - Sagrinex \u2013 Anhaenger, Container &amp; Landtechnik \ud83c\udf3e\ud83d\ude9c\" \/>\n<meta property=\"og:description\" content=\"IFOR WILLIAMS-Plattform \u2013 LM125 \u2013 Ihre n\u00fctzlichen Abmessungen und ihre Ladekapazit\u00e4t dank ihrer Blattaufh\u00e4ngungen werden von Profis sehr gesch\u00e4tzt Gesamtgewicht: 2700 kg  Leermasse: 620 kg  Nutzlast: 2080 kg  N\u00fctzliche Abmessungen: 362 x 168 cm  Gesamtabmessungen: 620 x 175 cm  Achswiderstand(e): 2X 1350  Faltseite(n): JA OPTION  Kopf gebremst: ja  Kippk\u00f6rper: ja  Pumpe: Manuell als Standard oder elektrisch als Option\" \/>\n<meta property=\"og:url\" content=\"https:\/\/sagrinex.com\/produit\/ifor-williams-flachbettanhaenger-lm125-362x168-cm-gesamtgewicht-2700-kg\/?lang=de\" \/>\n<meta property=\"og:site_name\" content=\"Sagrinex \u2013 Anhaenger, Container &amp; Landtechnik \ud83c\udf3e\ud83d\ude9c\" \/>\n<meta property=\"article:modified_time\" content=\"2026-04-15T21:12:24+00:00\" \/>\n<meta property=\"og:image\" content=\"https:\/\/sagrinex.com\/wp-content\/uploads\/2026\/03\/Image-79-1-scaled.jpeg\" \/>\n\t<meta property=\"og:image:width\" content=\"2560\" \/>\n\t<meta property=\"og:image:height\" content=\"1707\" \/>\n\t<meta property=\"og:image:type\" content=\"image\/jpeg\" \/>\n<meta name=\"twitter:card\" content=\"summary_large_image\" \/>\n<meta name=\"twitter:label1\" content=\"Gesch\u00e4tzte Lesezeit\" \/>\n\t<meta name=\"twitter:data1\" content=\"2\u00a0Minuten\" \/>\n<script type=\"application\/ld+json\" class=\"yoast-schema-graph\">{\"@context\":\"https:\\\/\\\/schema.org\",\"@graph\":[{\"@type\":\"WebPage\",\"@id\":\"https:\\\/\\\/sagrinex.com\\\/produit\\\/ifor-williams-flachbettanhaenger-lm125-362x168-cm-gesamtgewicht-2700-kg\\\/?lang=de\",\"url\":\"https:\\\/\\\/sagrinex.com\\\/produit\\\/ifor-williams-flachbettanhaenger-lm125-362x168-cm-gesamtgewicht-2700-kg\\\/?lang=de\",\"name\":\"Ifor Williams Flachbettanh\u00c4nger - LM125 - 362X168 Cm - Gesamtgewicht: 2700 Kg - Sagrinex \u2013 Anhaenger, Container &amp; Landtechnik \ud83c\udf3e\ud83d\ude9c\",\"isPartOf\":{\"@id\":\"https:\\\/\\\/sagrinex.com\\\/#website\"},\"primaryImageOfPage\":{\"@id\":\"https:\\\/\\\/sagrinex.com\\\/produit\\\/ifor-williams-flachbettanhaenger-lm125-362x168-cm-gesamtgewicht-2700-kg\\\/?lang=de#primaryimage\"},\"image\":{\"@id\":\"https:\\\/\\\/sagrinex.com\\\/produit\\\/ifor-williams-flachbettanhaenger-lm125-362x168-cm-gesamtgewicht-2700-kg\\\/?lang=de#primaryimage\"},\"thumbnailUrl\":\"https:\\\/\\\/sagrinex.com\\\/wp-content\\\/uploads\\\/2026\\\/03\\\/Image-79-1-scaled.jpeg\",\"datePublished\":\"2026-04-15T16:05:40+00:00\",\"dateModified\":\"2026-04-15T21:12:24+00:00\",\"breadcrumb\":{\"@id\":\"https:\\\/\\\/sagrinex.com\\\/produit\\\/ifor-williams-flachbettanhaenger-lm125-362x168-cm-gesamtgewicht-2700-kg\\\/?lang=de#breadcrumb\"},\"inLanguage\":\"de\",\"potentialAction\":[{\"@type\":\"ReadAction\",\"target\":[\"https:\\\/\\\/sagrinex.com\\\/produit\\\/ifor-williams-flachbettanhaenger-lm125-362x168-cm-gesamtgewicht-2700-kg\\\/?lang=de\"]}]},{\"@type\":\"ImageObject\",\"inLanguage\":\"de\",\"@id\":\"https:\\\/\\\/sagrinex.com\\\/produit\\\/ifor-williams-flachbettanhaenger-lm125-362x168-cm-gesamtgewicht-2700-kg\\\/?lang=de#primaryimage\",\"url\":\"https:\\\/\\\/sagrinex.com\\\/wp-content\\\/uploads\\\/2026\\\/03\\\/Image-79-1-scaled.jpeg\",\"contentUrl\":\"https:\\\/\\\/sagrinex.com\\\/wp-content\\\/uploads\\\/2026\\\/03\\\/Image-79-1-scaled.jpeg\",\"width\":2560,\"height\":1707},{\"@type\":\"BreadcrumbList\",\"@id\":\"https:\\\/\\\/sagrinex.com\\\/produit\\\/ifor-williams-flachbettanhaenger-lm125-362x168-cm-gesamtgewicht-2700-kg\\\/?lang=de#breadcrumb\",\"itemListElement\":[{\"@type\":\"ListItem\",\"position\":1,\"name\":\"Accueil\",\"item\":\"https:\\\/\\\/sagrinex.com\\\/?lang=de\"},{\"@type\":\"ListItem\",\"position\":2,\"name\":\"Shop\",\"item\":\"https:\\\/\\\/sagrinex.com\\\/shop\\\/\"},{\"@type\":\"ListItem\",\"position\":3,\"name\":\"Ifor Williams Flachbettanh\u00c4nger &#8211; LM125 &#8211; 362X168 Cm &#8211; Gesamtgewicht: 2700 Kg\"}]},{\"@type\":\"WebSite\",\"@id\":\"https:\\\/\\\/sagrinex.com\\\/#website\",\"url\":\"https:\\\/\\\/sagrinex.com\\\/\",\"name\":\"Sagrinex \u2013 Spezialist f\u00fcr Anh\u00e4nger, Container & Landtechnik\",\"description\":\"Anhaenger, Container &amp; Landtechnik \u2014 Online-Verkauf &amp; kostenloses Angebot\",\"publisher\":{\"@id\":\"https:\\\/\\\/sagrinex.com\\\/#organization\"},\"potentialAction\":[{\"@type\":\"SearchAction\",\"target\":{\"@type\":\"EntryPoint\",\"urlTemplate\":\"https:\\\/\\\/sagrinex.com\\\/?s={search_term_string}\"},\"query-input\":{\"@type\":\"PropertyValueSpecification\",\"valueRequired\":true,\"valueName\":\"search_term_string\"}}],\"inLanguage\":\"de\"},{\"@type\":\"Organization\",\"@id\":\"https:\\\/\\\/sagrinex.com\\\/#organization\",\"name\":\"Sagrinex \u2013 Remorques, Conteneurs & Mat\u00e9riel Agricole\",\"url\":\"https:\\\/\\\/sagrinex.com\\\/\",\"logo\":{\"@type\":\"ImageObject\",\"inLanguage\":\"de\",\"@id\":\"https:\\\/\\\/sagrinex.com\\\/#\\\/schema\\\/logo\\\/image\\\/\",\"url\":\"https:\\\/\\\/sagrinex.com\\\/wp-content\\\/uploads\\\/2026\\\/03\\\/7f1ac463-ef5a-425d-bdd6-a5da03a334a9-1024x683.png\",\"contentUrl\":\"https:\\\/\\\/sagrinex.com\\\/wp-content\\\/uploads\\\/2026\\\/03\\\/7f1ac463-ef5a-425d-bdd6-a5da03a334a9-1024x683.png\",\"width\":1024,\"height\":683,\"caption\":\"Sagrinex \u2013 Remorques, Conteneurs & Mat\u00e9riel Agricole\"},\"image\":{\"@id\":\"https:\\\/\\\/sagrinex.com\\\/#\\\/schema\\\/logo\\\/image\\\/\"}}]}<\/script>\n<!-- \/ Yoast SEO plugin. -->","yoast_head_json":{"title":"Ifor Williams Flachbettanh\u00c4nger - LM125 - 362X168 Cm - Gesamtgewicht: 2700 Kg - Sagrinex \u2013 Anhaenger, Container &amp; Landtechnik \ud83c\udf3e\ud83d\ude9c","robots":{"index":"index","follow":"follow","max-snippet":"max-snippet:-1","max-image-preview":"max-image-preview:large","max-video-preview":"max-video-preview:-1"},"canonical":"https:\/\/sagrinex.com\/produit\/ifor-williams-flachbettanhaenger-lm125-362x168-cm-gesamtgewicht-2700-kg\/?lang=de","og_locale":"de_DE","og_type":"article","og_title":"Ifor Williams Flachbettanh\u00c4nger - LM125 - 362X168 Cm - Gesamtgewicht: 2700 Kg - Sagrinex \u2013 Anhaenger, Container &amp; Landtechnik \ud83c\udf3e\ud83d\ude9c","og_description":"IFOR WILLIAMS-Plattform \u2013 LM125 \u2013 Ihre n\u00fctzlichen Abmessungen und ihre Ladekapazit\u00e4t dank ihrer Blattaufh\u00e4ngungen werden von Profis sehr gesch\u00e4tzt Gesamtgewicht: 2700 kg  Leermasse: 620 kg  Nutzlast: 2080 kg  N\u00fctzliche Abmessungen: 362 x 168 cm  Gesamtabmessungen: 620 x 175 cm  Achswiderstand(e): 2X 1350  Faltseite(n): JA OPTION  Kopf gebremst: ja  Kippk\u00f6rper: ja  Pumpe: Manuell als Standard oder elektrisch als Option","og_url":"https:\/\/sagrinex.com\/produit\/ifor-williams-flachbettanhaenger-lm125-362x168-cm-gesamtgewicht-2700-kg\/?lang=de","og_site_name":"Sagrinex \u2013 Anhaenger, Container &amp; Landtechnik \ud83c\udf3e\ud83d\ude9c","article_modified_time":"2026-04-15T21:12:24+00:00","og_image":[{"width":2560,"height":1707,"url":"https:\/\/sagrinex.com\/wp-content\/uploads\/2026\/03\/Image-79-1-scaled.jpeg","type":"image\/jpeg"}],"twitter_card":"summary_large_image","twitter_misc":{"Gesch\u00e4tzte Lesezeit":"2\u00a0Minuten"},"schema":{"@context":"https:\/\/schema.org","@graph":[{"@type":"WebPage","@id":"https:\/\/sagrinex.com\/produit\/ifor-williams-flachbettanhaenger-lm125-362x168-cm-gesamtgewicht-2700-kg\/?lang=de","url":"https:\/\/sagrinex.com\/produit\/ifor-williams-flachbettanhaenger-lm125-362x168-cm-gesamtgewicht-2700-kg\/?lang=de","name":"Ifor Williams Flachbettanh\u00c4nger - LM125 - 362X168 Cm - Gesamtgewicht: 2700 Kg - Sagrinex \u2013 Anhaenger, Container &amp; Landtechnik \ud83c\udf3e\ud83d\ude9c","isPartOf":{"@id":"https:\/\/sagrinex.com\/#website"},"primaryImageOfPage":{"@id":"https:\/\/sagrinex.com\/produit\/ifor-williams-flachbettanhaenger-lm125-362x168-cm-gesamtgewicht-2700-kg\/?lang=de#primaryimage"},"image":{"@id":"https:\/\/sagrinex.com\/produit\/ifor-williams-flachbettanhaenger-lm125-362x168-cm-gesamtgewicht-2700-kg\/?lang=de#primaryimage"},"thumbnailUrl":"https:\/\/sagrinex.com\/wp-content\/uploads\/2026\/03\/Image-79-1-scaled.jpeg","datePublished":"2026-04-15T16:05:40+00:00","dateModified":"2026-04-15T21:12:24+00:00","breadcrumb":{"@id":"https:\/\/sagrinex.com\/produit\/ifor-williams-flachbettanhaenger-lm125-362x168-cm-gesamtgewicht-2700-kg\/?lang=de#breadcrumb"},"inLanguage":"de","potentialAction":[{"@type":"ReadAction","target":["https:\/\/sagrinex.com\/produit\/ifor-williams-flachbettanhaenger-lm125-362x168-cm-gesamtgewicht-2700-kg\/?lang=de"]}]},{"@type":"ImageObject","inLanguage":"de","@id":"https:\/\/sagrinex.com\/produit\/ifor-williams-flachbettanhaenger-lm125-362x168-cm-gesamtgewicht-2700-kg\/?lang=de#primaryimage","url":"https:\/\/sagrinex.com\/wp-content\/uploads\/2026\/03\/Image-79-1-scaled.jpeg","contentUrl":"https:\/\/sagrinex.com\/wp-content\/uploads\/2026\/03\/Image-79-1-scaled.jpeg","width":2560,"height":1707},{"@type":"BreadcrumbList","@id":"https:\/\/sagrinex.com\/produit\/ifor-williams-flachbettanhaenger-lm125-362x168-cm-gesamtgewicht-2700-kg\/?lang=de#breadcrumb","itemListElement":[{"@type":"ListItem","position":1,"name":"Accueil","item":"https:\/\/sagrinex.com\/?lang=de"},{"@type":"ListItem","position":2,"name":"Shop","item":"https:\/\/sagrinex.com\/shop\/"},{"@type":"ListItem","position":3,"name":"Ifor Williams Flachbettanh\u00c4nger &#8211; LM125 &#8211; 362X168 Cm &#8211; Gesamtgewicht: 2700 Kg"}]},{"@type":"WebSite","@id":"https:\/\/sagrinex.com\/#website","url":"https:\/\/sagrinex.com\/","name":"Sagrinex \u2013 Spezialist f\u00fcr Anh\u00e4nger, Container & Landtechnik","description":"Anhaenger, Container &amp; Landtechnik \u2014 Online-Verkauf &amp; kostenloses Angebot","publisher":{"@id":"https:\/\/sagrinex.com\/#organization"},"potentialAction":[{"@type":"SearchAction","target":{"@type":"EntryPoint","urlTemplate":"https:\/\/sagrinex.com\/?s={search_term_string}"},"query-input":{"@type":"PropertyValueSpecification","valueRequired":true,"valueName":"search_term_string"}}],"inLanguage":"de"},{"@type":"Organization","@id":"https:\/\/sagrinex.com\/#organization","name":"Sagrinex \u2013 Remorques, Conteneurs & Mat\u00e9riel Agricole","url":"https:\/\/sagrinex.com\/","logo":{"@type":"ImageObject","inLanguage":"de","@id":"https:\/\/sagrinex.com\/#\/schema\/logo\/image\/","url":"https:\/\/sagrinex.com\/wp-content\/uploads\/2026\/03\/7f1ac463-ef5a-425d-bdd6-a5da03a334a9-1024x683.png","contentUrl":"https:\/\/sagrinex.com\/wp-content\/uploads\/2026\/03\/7f1ac463-ef5a-425d-bdd6-a5da03a334a9-1024x683.png","width":1024,"height":683,"caption":"Sagrinex \u2013 Remorques, Conteneurs & Mat\u00e9riel Agricole"},"image":{"@id":"https:\/\/sagrinex.com\/#\/schema\/logo\/image\/"}}]}},"jetpack_sharing_enabled":true,"_links":{"self":[{"href":"https:\/\/sagrinex.com\/de\/wp-json\/wp\/v2\/product\/17274","targetHints":{"allow":["GET"]}}],"collection":[{"href":"https:\/\/sagrinex.com\/de\/wp-json\/wp\/v2\/product"}],"about":[{"href":"https:\/\/sagrinex.com\/de\/wp-json\/wp\/v2\/types\/product"}],"replies":[{"embeddable":true,"href":"https:\/\/sagrinex.com\/de\/wp-json\/wp\/v2\/comments?post=17274"}],"version-history":[{"count":0,"href":"https:\/\/sagrinex.com\/de\/wp-json\/wp\/v2\/product\/17274\/revisions"}],"wp:featuredmedia":[{"embeddable":true,"href":"https:\/\/sagrinex.com\/de\/wp-json\/wp\/v2\/media\/11138"}],"wp:attachment":[{"href":"https:\/\/sagrinex.com\/de\/wp-json\/wp\/v2\/media?parent=17274"}],"wp:term":[{"taxonomy":"product_brand","embeddable":true,"href":"https:\/\/sagrinex.com\/de\/wp-json\/wp\/v2\/product_brand?post=17274"},{"taxonomy":"product_cat","embeddable":true,"href":"https:\/\/sagrinex.com\/de\/wp-json\/wp\/v2\/product_cat?post=17274"},{"taxonomy":"product_tag","embeddable":true,"href":"https:\/\/sagrinex.com\/de\/wp-json\/wp\/v2\/product_tag?post=17274"}],"curies":[{"name":"wp","href":"https:\/\/api.w.org\/{rel}","templated":true}]}}