{"id":17275,"date":"2026-04-15T16:06:02","date_gmt":"2026-04-15T16:06:02","guid":{"rendered":"https:\/\/sagrinex.com\/produit\/mi-anhaenger-maschinentraeger-mi-plattform-zulaessiges-gesamtgewicht-3500-kg-506-x-215-cm\/"},"modified":"2026-04-15T21:12:24","modified_gmt":"2026-04-15T21:12:24","slug":"mi-anhaenger-maschinentraeger-mi-plattform-zulaessiges-gesamtgewicht-3500-kg-506-x-215-cm","status":"publish","type":"product","link":"https:\/\/sagrinex.com\/de\/produit\/mi-anhaenger-maschinentraeger-mi-plattform-zulaessiges-gesamtgewicht-3500-kg-506-x-215-cm\/","title":{"rendered":"Mi-anh\u00c4nger &#8211; Maschinentr\u00c4ger \/ Mi-plattform &#8211; Zul\u00e4ssiges Gesamtgewicht 3500 Kg &#8211; 506 X 215 Cm"},"content":{"rendered":"<p><strong>Unverzichtbar f\u00fcr jeden guten Handwerker!<\/strong><\/p>\n<p>Dieser Mehrzweck-Autoanh\u00e4nger der Marke LIDER, halb Maschinentr\u00e4ger\/halb Pritsche, mit einem zul\u00e4ssigen Gesamtgewicht von 2700\/3000\/3500 kg, erm\u00f6glicht den Transport von Fahrzeugen und kleinen Bauger\u00e4ten.<\/p>\n<p>Sie verwalten die Steigung pro cm.<\/p>\n<p>Ideal f\u00fcr Hubarbeitsb\u00fchnen, Tiefm\u00e4her, Minibagger, Sportwagen.<\/p>\n<p>Diese Produktion ist f\u00fcr Plattformen von 3,5 m bis 5 m und von 1,5 T bis 3,5 T geeignet.<\/p>\n<p>Rampen in der Position verstellbar<\/p>\n<p>Kr\u00fccke<\/p>\n<p>Einfache gerade Deichsel<\/p>\n<p>Optionale Knickdeichsel<\/p>\n<h2>DER VORTEIL DER Lider-MULTIFUNKTIONSTABLETTS<\/h2>\n<ul>\n<li>Extreme, narrensichere Robustheit f\u00fcr eine maximale Nutzlast von 2770 kg.<\/li>\n<li>Die R\u00e4der unter der Tischplatte bieten mehr nutzbaren Platz auf der Oberseite als Modelle mit Au\u00dfenr\u00e4dern (506 x 215 cm)<\/li>\n<li>Eine Auswahl an vielf\u00e4ltigen Optionen f\u00fcr vielf\u00e4ltige und vielf\u00e4ltige Einsatzm\u00f6glichkeiten.<\/li>\n<li>Ein rutschfester CP-Boden<\/li>\n<li>Ein feuerverzinktes Fahrgestell und zahlreiche Serienausstattungen.<\/li>\n<\/ul>\n","protected":false},"excerpt":{"rendered":"<p>Dieser vielseitige Halbmaschinentr\u00e4ger\/Mittelplattformanh\u00e4nger der Marke LIDER erm\u00f6glicht den Transport von Fahrzeugen und Baumaschinen, Hubarbeitsb\u00fchnen und Tiefm\u00e4hern.<\/p>\n<div class=\"mod_fa_champspersonnalisables_v14_liste\">\n<div class=\"mod_fa_champspersonnalisables_v14_titre\"><strong>Gesamtgewicht: <\/strong><span class=\"mod_fa_champspersonnalisables_v14_valeur\">2700\/3000\/3500 kg<\/span><\/div>\n<\/div>\n<div class=\"mod_fa_champspersonnalisables_v14_liste\">\n<div class=\"mod_fa_champspersonnalisables_v14_titre\"><strong>Leermasse: <\/strong><span class=\"mod_fa_champspersonnalisables_v14_valeur\">730 kg<\/span><\/div>\n<\/div>\n<div class=\"mod_fa_champspersonnalisables_v14_liste\">\n<div class=\"mod_fa_champspersonnalisables_v14_titre\"><strong>Nutzlast: <\/strong><span class=\"mod_fa_champspersonnalisables_v14_valeur\">maximal 2770 kg<\/span><\/div>\n<\/div>\n<div class=\"mod_fa_champspersonnalisables_v14_liste\">\n<div class=\"mod_fa_champspersonnalisables_v14_titre\"><strong>N\u00fctzliche Abmessungen: <\/strong><span class=\"mod_fa_champspersonnalisables_v14_valeur\">506 x 215 cm<\/span><\/div>\n<\/div>\n<div class=\"mod_fa_champspersonnalisables_v14_liste\">\n<div class=\"mod_fa_champspersonnalisables_v14_titre\"><strong>Gesamtabmessungen: <\/strong><span class=\"mod_fa_champspersonnalisables_v14_valeur\">658 x 221 x H65 cm<\/span><\/div>\n<\/div>\n<div class=\"mod_fa_champspersonnalisables_v14_liste\">\n<div class=\"mod_fa_champspersonnalisables_v14_titre\"><strong>Nutzh\u00f6he\/Boden: <\/strong><span class=\"mod_fa_champspersonnalisables_v14_valeur\">65 cm<\/span><\/div>\n<\/div>\n<div class=\"mod_fa_champspersonnalisables_v14_liste\">\n<div class=\"mod_fa_champspersonnalisables_v14_titre\"><strong>Achswiderstand(e): <\/strong><span class=\"mod_fa_champspersonnalisables_v14_valeur\">2 x 1800 kg<\/span><\/div>\n<\/div>\n<div class=\"mod_fa_champspersonnalisables_v14_liste\">\n<div class=\"mod_fa_champspersonnalisables_v14_titre\"><strong>Etage: <\/strong><span class=\"mod_fa_champspersonnalisables_v14_valeur\">Rutschfester CP<\/span><\/div>\n<\/div>\n<div class=\"mod_fa_champspersonnalisables_v14_liste\">\n<div class=\"mod_fa_champspersonnalisables_v14_titre\"><strong>Pfeil: <\/strong><span class=\"mod_fa_champspersonnalisables_v14_valeur\">Feuerverzinkt V<\/span><\/div>\n<\/div>\n<div class=\"mod_fa_champspersonnalisables_v14_liste\">\n<div class=\"mod_fa_champspersonnalisables_v14_titre\"><strong>Kopf gebremst: <\/strong><span class=\"mod_fa_champspersonnalisables_v14_valeur\">Ja<\/span><\/div>\n<\/div>\n<div class=\"mod_fa_champspersonnalisables_v14_liste\">\n<div class=\"mod_fa_champspersonnalisables_v14_titre\"><strong>Kippk\u00f6rper: <\/strong><span class=\"mod_fa_champspersonnalisables_v14_valeur\">Hydraulischer Kippsatz (zus\u00e4tzliche Option)<\/span><\/div>\n<\/div>\n<div class=\"mod_fa_champspersonnalisables_v14_liste\">\n<div class=\"mod_fa_champspersonnalisables_v14_titre\"><strong>Timon: <\/strong><span class=\"mod_fa_champspersonnalisables_v14_valeur\">Behoben<\/span><\/div>\n<\/div>\n<div class=\"mod_fa_champspersonnalisables_v14_liste\">\n<div class=\"mod_fa_champspersonnalisables_v14_titre\"><strong>Fahrgestelltyp: <\/strong><span class=\"mod_fa_champspersonnalisables_v14_valeur\">Feuerverzinkt<\/span><\/div>\n<\/div>\n<div class=\"mod_fa_champspersonnalisables_v14_liste\">\n<div class=\"mod_fa_champspersonnalisables_v14_titre\"><strong>R\u00e4der: <\/strong><span class=\"mod_fa_champspersonnalisables_v14_valeur\">195\/50R13C<\/span><\/div>\n<\/div>\n<div class=\"mod_fa_champspersonnalisables_v14_liste\">\n<div class=\"mod_fa_champspersonnalisables_v14_titre\"><strong>Ausr\u00fcstung: <\/strong><span class=\"mod_fa_champspersonnalisables_v14_valeur\">Feuerverzinkte, mechanisch geschwei\u00dfte Struktur \/ St\u00fctzraddurchmesser 60 \/ Laststopp \/ 8 Spanngriffe<\/span><\/div>\n<\/div>\n","protected":false},"featured_media":11130,"comment_status":"open","ping_status":"closed","template":"","meta":[],"product_brand":[],"product_cat":[359,352],"product_tag":[],"class_list":{"0":"post-17275","1":"product","2":"type-product","3":"status-publish","4":"has-post-thumbnail","6":"product_cat-autotransportanhaenger","7":"product_cat-unsere-trailer","9":"first","10":"instock","11":"shipping-taxable","12":"purchasable","13":"product-type-simple"},"yoast_head":"<!-- This site is optimized with the Yoast SEO plugin v27.5 - https:\/\/yoast.com\/product\/yoast-seo-wordpress\/ -->\n<title>Mi-anh\u00c4nger - Maschinentr\u00c4ger \/ Mi-plattform - Zul\u00e4ssiges Gesamtgewicht 3500 Kg - 506 X 215 Cm - Sagrinex \u2013 Anhaenger, Container &amp; Landtechnik \ud83c\udf3e\ud83d\ude9c<\/title>\n<meta name=\"robots\" content=\"index, follow, max-snippet:-1, max-image-preview:large, max-video-preview:-1\" \/>\n<link rel=\"canonical\" href=\"https:\/\/sagrinex.com\/produit\/mi-anhaenger-maschinentraeger-mi-plattform-zulaessiges-gesamtgewicht-3500-kg-506-x-215-cm\/?lang=de\" \/>\n<meta property=\"og:locale\" content=\"de_DE\" \/>\n<meta property=\"og:type\" content=\"article\" \/>\n<meta property=\"og:title\" content=\"Mi-anh\u00c4nger - Maschinentr\u00c4ger \/ Mi-plattform - Zul\u00e4ssiges Gesamtgewicht 3500 Kg - 506 X 215 Cm - Sagrinex \u2013 Anhaenger, Container &amp; Landtechnik \ud83c\udf3e\ud83d\ude9c\" \/>\n<meta property=\"og:description\" content=\"Dieser vielseitige Halbmaschinentr\u00e4ger\/Mittelplattformanh\u00e4nger der Marke LIDER erm\u00f6glicht den Transport von Fahrzeugen und Baumaschinen, Hubarbeitsb\u00fchnen und Tiefm\u00e4hern. Gesamtgewicht: 2700\/3000\/3500 kg  Leermasse: 730 kg  Nutzlast: maximal 2770 kg  N\u00fctzliche Abmessungen: 506 x 215 cm  Gesamtabmessungen: 658 x 221 x H65 cm  Nutzh\u00f6he\/Boden: 65 cm  Achswiderstand(e): 2 x 1800 kg  Etage: Rutschfester CP  Pfeil: Feuerverzinkt V  Kopf gebremst: Ja  Kippk\u00f6rper: Hydraulischer Kippsatz (zus\u00e4tzliche Option)  Timon: Behoben  Fahrgestelltyp: Feuerverzinkt  R\u00e4der: 195\/50R13C  Ausr\u00fcstung: Feuerverzinkte, mechanisch geschwei\u00dfte Struktur \/ St\u00fctzraddurchmesser 60 \/ Laststopp \/ 8 Spanngriffe\" \/>\n<meta property=\"og:url\" content=\"https:\/\/sagrinex.com\/produit\/mi-anhaenger-maschinentraeger-mi-plattform-zulaessiges-gesamtgewicht-3500-kg-506-x-215-cm\/?lang=de\" \/>\n<meta property=\"og:site_name\" content=\"Sagrinex \u2013 Anhaenger, Container &amp; Landtechnik \ud83c\udf3e\ud83d\ude9c\" \/>\n<meta property=\"article:modified_time\" content=\"2026-04-15T21:12:24+00:00\" \/>\n<meta property=\"og:image\" content=\"https:\/\/sagrinex.com\/wp-content\/uploads\/2026\/03\/Image-76-1.jpeg\" \/>\n\t<meta property=\"og:image:width\" content=\"1000\" \/>\n\t<meta property=\"og:image:height\" content=\"657\" \/>\n\t<meta property=\"og:image:type\" content=\"image\/jpeg\" \/>\n<meta name=\"twitter:card\" content=\"summary_large_image\" \/>\n<meta name=\"twitter:label1\" content=\"Gesch\u00e4tzte Lesezeit\" \/>\n\t<meta name=\"twitter:data1\" content=\"1\u00a0Minute\" \/>\n<script type=\"application\/ld+json\" class=\"yoast-schema-graph\">{\"@context\":\"https:\\\/\\\/schema.org\",\"@graph\":[{\"@type\":\"WebPage\",\"@id\":\"https:\\\/\\\/sagrinex.com\\\/produit\\\/mi-anhaenger-maschinentraeger-mi-plattform-zulaessiges-gesamtgewicht-3500-kg-506-x-215-cm\\\/?lang=de\",\"url\":\"https:\\\/\\\/sagrinex.com\\\/produit\\\/mi-anhaenger-maschinentraeger-mi-plattform-zulaessiges-gesamtgewicht-3500-kg-506-x-215-cm\\\/?lang=de\",\"name\":\"Mi-anh\u00c4nger - Maschinentr\u00c4ger \\\/ Mi-plattform - Zul\u00e4ssiges Gesamtgewicht 3500 Kg - 506 X 215 Cm - Sagrinex \u2013 Anhaenger, Container &amp; Landtechnik \ud83c\udf3e\ud83d\ude9c\",\"isPartOf\":{\"@id\":\"https:\\\/\\\/sagrinex.com\\\/#website\"},\"primaryImageOfPage\":{\"@id\":\"https:\\\/\\\/sagrinex.com\\\/produit\\\/mi-anhaenger-maschinentraeger-mi-plattform-zulaessiges-gesamtgewicht-3500-kg-506-x-215-cm\\\/?lang=de#primaryimage\"},\"image\":{\"@id\":\"https:\\\/\\\/sagrinex.com\\\/produit\\\/mi-anhaenger-maschinentraeger-mi-plattform-zulaessiges-gesamtgewicht-3500-kg-506-x-215-cm\\\/?lang=de#primaryimage\"},\"thumbnailUrl\":\"https:\\\/\\\/sagrinex.com\\\/wp-content\\\/uploads\\\/2026\\\/03\\\/Image-76-1.jpeg\",\"datePublished\":\"2026-04-15T16:06:02+00:00\",\"dateModified\":\"2026-04-15T21:12:24+00:00\",\"breadcrumb\":{\"@id\":\"https:\\\/\\\/sagrinex.com\\\/produit\\\/mi-anhaenger-maschinentraeger-mi-plattform-zulaessiges-gesamtgewicht-3500-kg-506-x-215-cm\\\/?lang=de#breadcrumb\"},\"inLanguage\":\"de\",\"potentialAction\":[{\"@type\":\"ReadAction\",\"target\":[\"https:\\\/\\\/sagrinex.com\\\/produit\\\/mi-anhaenger-maschinentraeger-mi-plattform-zulaessiges-gesamtgewicht-3500-kg-506-x-215-cm\\\/?lang=de\"]}]},{\"@type\":\"ImageObject\",\"inLanguage\":\"de\",\"@id\":\"https:\\\/\\\/sagrinex.com\\\/produit\\\/mi-anhaenger-maschinentraeger-mi-plattform-zulaessiges-gesamtgewicht-3500-kg-506-x-215-cm\\\/?lang=de#primaryimage\",\"url\":\"https:\\\/\\\/sagrinex.com\\\/wp-content\\\/uploads\\\/2026\\\/03\\\/Image-76-1.jpeg\",\"contentUrl\":\"https:\\\/\\\/sagrinex.com\\\/wp-content\\\/uploads\\\/2026\\\/03\\\/Image-76-1.jpeg\",\"width\":1000,\"height\":657},{\"@type\":\"BreadcrumbList\",\"@id\":\"https:\\\/\\\/sagrinex.com\\\/produit\\\/mi-anhaenger-maschinentraeger-mi-plattform-zulaessiges-gesamtgewicht-3500-kg-506-x-215-cm\\\/?lang=de#breadcrumb\",\"itemListElement\":[{\"@type\":\"ListItem\",\"position\":1,\"name\":\"Accueil\",\"item\":\"https:\\\/\\\/sagrinex.com\\\/?lang=de\"},{\"@type\":\"ListItem\",\"position\":2,\"name\":\"Shop\",\"item\":\"https:\\\/\\\/sagrinex.com\\\/shop\\\/\"},{\"@type\":\"ListItem\",\"position\":3,\"name\":\"Mi-anh\u00c4nger &#8211; Maschinentr\u00c4ger \\\/ Mi-plattform &#8211; Zul\u00e4ssiges Gesamtgewicht 3500 Kg &#8211; 506 X 215 Cm\"}]},{\"@type\":\"WebSite\",\"@id\":\"https:\\\/\\\/sagrinex.com\\\/#website\",\"url\":\"https:\\\/\\\/sagrinex.com\\\/\",\"name\":\"Sagrinex \u2013 Spezialist f\u00fcr Anh\u00e4nger, Container & Landtechnik\",\"description\":\"Anhaenger, Container &amp; Landtechnik \u2014 Online-Verkauf &amp; kostenloses Angebot\",\"publisher\":{\"@id\":\"https:\\\/\\\/sagrinex.com\\\/#organization\"},\"potentialAction\":[{\"@type\":\"SearchAction\",\"target\":{\"@type\":\"EntryPoint\",\"urlTemplate\":\"https:\\\/\\\/sagrinex.com\\\/?s={search_term_string}\"},\"query-input\":{\"@type\":\"PropertyValueSpecification\",\"valueRequired\":true,\"valueName\":\"search_term_string\"}}],\"inLanguage\":\"de\"},{\"@type\":\"Organization\",\"@id\":\"https:\\\/\\\/sagrinex.com\\\/#organization\",\"name\":\"Sagrinex \u2013 Remorques, Conteneurs & Mat\u00e9riel Agricole\",\"url\":\"https:\\\/\\\/sagrinex.com\\\/\",\"logo\":{\"@type\":\"ImageObject\",\"inLanguage\":\"de\",\"@id\":\"https:\\\/\\\/sagrinex.com\\\/#\\\/schema\\\/logo\\\/image\\\/\",\"url\":\"https:\\\/\\\/sagrinex.com\\\/wp-content\\\/uploads\\\/2026\\\/03\\\/7f1ac463-ef5a-425d-bdd6-a5da03a334a9-1024x683.png\",\"contentUrl\":\"https:\\\/\\\/sagrinex.com\\\/wp-content\\\/uploads\\\/2026\\\/03\\\/7f1ac463-ef5a-425d-bdd6-a5da03a334a9-1024x683.png\",\"width\":1024,\"height\":683,\"caption\":\"Sagrinex \u2013 Remorques, Conteneurs & Mat\u00e9riel Agricole\"},\"image\":{\"@id\":\"https:\\\/\\\/sagrinex.com\\\/#\\\/schema\\\/logo\\\/image\\\/\"}}]}<\/script>\n<!-- \/ Yoast SEO plugin. -->","yoast_head_json":{"title":"Mi-anh\u00c4nger - Maschinentr\u00c4ger \/ Mi-plattform - Zul\u00e4ssiges Gesamtgewicht 3500 Kg - 506 X 215 Cm - Sagrinex \u2013 Anhaenger, Container &amp; Landtechnik \ud83c\udf3e\ud83d\ude9c","robots":{"index":"index","follow":"follow","max-snippet":"max-snippet:-1","max-image-preview":"max-image-preview:large","max-video-preview":"max-video-preview:-1"},"canonical":"https:\/\/sagrinex.com\/produit\/mi-anhaenger-maschinentraeger-mi-plattform-zulaessiges-gesamtgewicht-3500-kg-506-x-215-cm\/?lang=de","og_locale":"de_DE","og_type":"article","og_title":"Mi-anh\u00c4nger - Maschinentr\u00c4ger \/ Mi-plattform - Zul\u00e4ssiges Gesamtgewicht 3500 Kg - 506 X 215 Cm - Sagrinex \u2013 Anhaenger, Container &amp; Landtechnik \ud83c\udf3e\ud83d\ude9c","og_description":"Dieser vielseitige Halbmaschinentr\u00e4ger\/Mittelplattformanh\u00e4nger der Marke LIDER erm\u00f6glicht den Transport von Fahrzeugen und Baumaschinen, Hubarbeitsb\u00fchnen und Tiefm\u00e4hern. Gesamtgewicht: 2700\/3000\/3500 kg  Leermasse: 730 kg  Nutzlast: maximal 2770 kg  N\u00fctzliche Abmessungen: 506 x 215 cm  Gesamtabmessungen: 658 x 221 x H65 cm  Nutzh\u00f6he\/Boden: 65 cm  Achswiderstand(e): 2 x 1800 kg  Etage: Rutschfester CP  Pfeil: Feuerverzinkt V  Kopf gebremst: Ja  Kippk\u00f6rper: Hydraulischer Kippsatz (zus\u00e4tzliche Option)  Timon: Behoben  Fahrgestelltyp: Feuerverzinkt  R\u00e4der: 195\/50R13C  Ausr\u00fcstung: Feuerverzinkte, mechanisch geschwei\u00dfte Struktur \/ St\u00fctzraddurchmesser 60 \/ Laststopp \/ 8 Spanngriffe","og_url":"https:\/\/sagrinex.com\/produit\/mi-anhaenger-maschinentraeger-mi-plattform-zulaessiges-gesamtgewicht-3500-kg-506-x-215-cm\/?lang=de","og_site_name":"Sagrinex \u2013 Anhaenger, Container &amp; Landtechnik \ud83c\udf3e\ud83d\ude9c","article_modified_time":"2026-04-15T21:12:24+00:00","og_image":[{"width":1000,"height":657,"url":"https:\/\/sagrinex.com\/wp-content\/uploads\/2026\/03\/Image-76-1.jpeg","type":"image\/jpeg"}],"twitter_card":"summary_large_image","twitter_misc":{"Gesch\u00e4tzte Lesezeit":"1\u00a0Minute"},"schema":{"@context":"https:\/\/schema.org","@graph":[{"@type":"WebPage","@id":"https:\/\/sagrinex.com\/produit\/mi-anhaenger-maschinentraeger-mi-plattform-zulaessiges-gesamtgewicht-3500-kg-506-x-215-cm\/?lang=de","url":"https:\/\/sagrinex.com\/produit\/mi-anhaenger-maschinentraeger-mi-plattform-zulaessiges-gesamtgewicht-3500-kg-506-x-215-cm\/?lang=de","name":"Mi-anh\u00c4nger - Maschinentr\u00c4ger \/ Mi-plattform - Zul\u00e4ssiges Gesamtgewicht 3500 Kg - 506 X 215 Cm - Sagrinex \u2013 Anhaenger, Container &amp; Landtechnik \ud83c\udf3e\ud83d\ude9c","isPartOf":{"@id":"https:\/\/sagrinex.com\/#website"},"primaryImageOfPage":{"@id":"https:\/\/sagrinex.com\/produit\/mi-anhaenger-maschinentraeger-mi-plattform-zulaessiges-gesamtgewicht-3500-kg-506-x-215-cm\/?lang=de#primaryimage"},"image":{"@id":"https:\/\/sagrinex.com\/produit\/mi-anhaenger-maschinentraeger-mi-plattform-zulaessiges-gesamtgewicht-3500-kg-506-x-215-cm\/?lang=de#primaryimage"},"thumbnailUrl":"https:\/\/sagrinex.com\/wp-content\/uploads\/2026\/03\/Image-76-1.jpeg","datePublished":"2026-04-15T16:06:02+00:00","dateModified":"2026-04-15T21:12:24+00:00","breadcrumb":{"@id":"https:\/\/sagrinex.com\/produit\/mi-anhaenger-maschinentraeger-mi-plattform-zulaessiges-gesamtgewicht-3500-kg-506-x-215-cm\/?lang=de#breadcrumb"},"inLanguage":"de","potentialAction":[{"@type":"ReadAction","target":["https:\/\/sagrinex.com\/produit\/mi-anhaenger-maschinentraeger-mi-plattform-zulaessiges-gesamtgewicht-3500-kg-506-x-215-cm\/?lang=de"]}]},{"@type":"ImageObject","inLanguage":"de","@id":"https:\/\/sagrinex.com\/produit\/mi-anhaenger-maschinentraeger-mi-plattform-zulaessiges-gesamtgewicht-3500-kg-506-x-215-cm\/?lang=de#primaryimage","url":"https:\/\/sagrinex.com\/wp-content\/uploads\/2026\/03\/Image-76-1.jpeg","contentUrl":"https:\/\/sagrinex.com\/wp-content\/uploads\/2026\/03\/Image-76-1.jpeg","width":1000,"height":657},{"@type":"BreadcrumbList","@id":"https:\/\/sagrinex.com\/produit\/mi-anhaenger-maschinentraeger-mi-plattform-zulaessiges-gesamtgewicht-3500-kg-506-x-215-cm\/?lang=de#breadcrumb","itemListElement":[{"@type":"ListItem","position":1,"name":"Accueil","item":"https:\/\/sagrinex.com\/?lang=de"},{"@type":"ListItem","position":2,"name":"Shop","item":"https:\/\/sagrinex.com\/shop\/"},{"@type":"ListItem","position":3,"name":"Mi-anh\u00c4nger &#8211; Maschinentr\u00c4ger \/ Mi-plattform &#8211; Zul\u00e4ssiges Gesamtgewicht 3500 Kg &#8211; 506 X 215 Cm"}]},{"@type":"WebSite","@id":"https:\/\/sagrinex.com\/#website","url":"https:\/\/sagrinex.com\/","name":"Sagrinex \u2013 Spezialist f\u00fcr Anh\u00e4nger, Container & Landtechnik","description":"Anhaenger, Container &amp; Landtechnik \u2014 Online-Verkauf &amp; kostenloses Angebot","publisher":{"@id":"https:\/\/sagrinex.com\/#organization"},"potentialAction":[{"@type":"SearchAction","target":{"@type":"EntryPoint","urlTemplate":"https:\/\/sagrinex.com\/?s={search_term_string}"},"query-input":{"@type":"PropertyValueSpecification","valueRequired":true,"valueName":"search_term_string"}}],"inLanguage":"de"},{"@type":"Organization","@id":"https:\/\/sagrinex.com\/#organization","name":"Sagrinex \u2013 Remorques, Conteneurs & Mat\u00e9riel Agricole","url":"https:\/\/sagrinex.com\/","logo":{"@type":"ImageObject","inLanguage":"de","@id":"https:\/\/sagrinex.com\/#\/schema\/logo\/image\/","url":"https:\/\/sagrinex.com\/wp-content\/uploads\/2026\/03\/7f1ac463-ef5a-425d-bdd6-a5da03a334a9-1024x683.png","contentUrl":"https:\/\/sagrinex.com\/wp-content\/uploads\/2026\/03\/7f1ac463-ef5a-425d-bdd6-a5da03a334a9-1024x683.png","width":1024,"height":683,"caption":"Sagrinex \u2013 Remorques, Conteneurs & Mat\u00e9riel Agricole"},"image":{"@id":"https:\/\/sagrinex.com\/#\/schema\/logo\/image\/"}}]}},"jetpack_sharing_enabled":true,"_links":{"self":[{"href":"https:\/\/sagrinex.com\/de\/wp-json\/wp\/v2\/product\/17275","targetHints":{"allow":["GET"]}}],"collection":[{"href":"https:\/\/sagrinex.com\/de\/wp-json\/wp\/v2\/product"}],"about":[{"href":"https:\/\/sagrinex.com\/de\/wp-json\/wp\/v2\/types\/product"}],"replies":[{"embeddable":true,"href":"https:\/\/sagrinex.com\/de\/wp-json\/wp\/v2\/comments?post=17275"}],"version-history":[{"count":0,"href":"https:\/\/sagrinex.com\/de\/wp-json\/wp\/v2\/product\/17275\/revisions"}],"wp:featuredmedia":[{"embeddable":true,"href":"https:\/\/sagrinex.com\/de\/wp-json\/wp\/v2\/media\/11130"}],"wp:attachment":[{"href":"https:\/\/sagrinex.com\/de\/wp-json\/wp\/v2\/media?parent=17275"}],"wp:term":[{"taxonomy":"product_brand","embeddable":true,"href":"https:\/\/sagrinex.com\/de\/wp-json\/wp\/v2\/product_brand?post=17275"},{"taxonomy":"product_cat","embeddable":true,"href":"https:\/\/sagrinex.com\/de\/wp-json\/wp\/v2\/product_cat?post=17275"},{"taxonomy":"product_tag","embeddable":true,"href":"https:\/\/sagrinex.com\/de\/wp-json\/wp\/v2\/product_tag?post=17275"}],"curies":[{"name":"wp","href":"https:\/\/api.w.org\/{rel}","templated":true}]}}