{"id":17277,"date":"2026-04-15T16:06:40","date_gmt":"2026-04-15T16:06:40","guid":{"rendered":"https:\/\/sagrinex.com\/produit\/1-achs-humbaur-absenkplattform-310-x-170-x-h15-cm-zulaessiges-gesamtgewicht-1300-kg\/"},"modified":"2026-04-15T21:12:24","modified_gmt":"2026-04-15T21:12:24","slug":"1-achs-humbaur-absenkplattform-310-x-170-x-h15-cm-zulaessiges-gesamtgewicht-1300-kg","status":"publish","type":"product","link":"https:\/\/sagrinex.com\/de\/produit\/1-achs-humbaur-absenkplattform-310-x-170-x-h15-cm-zulaessiges-gesamtgewicht-1300-kg\/","title":{"rendered":"1-ACHS-HUMBAUR-ABSENKPLATTFORM &#8211; 310 X 170 X H15 Cm &#8211; Zul\u00e4ssiges Gesamtgewicht: 1300 Kg"},"content":{"rendered":"<p>Dieses<strong>\u00a0Tablett<\/strong>\u00a0<strong>kippbare Autot\u00fcr<\/strong>\u00a0mit Au\u00dfenr\u00e4dern HUMBAUR hat einen\u00a0<strong>PTAC<\/strong>\u00a0von\u00a0<strong>1350 kg<\/strong>\u00a0(abnehmbar) erm\u00f6glicht den Transport von<strong>\u00a0klein<\/strong>\u00a0<strong>Fahrzeuge<\/strong>\u00a0(Motorr\u00e4der, Quads, Rasenm\u00e4her, Autos ohne F\u00fchrerschein, Smart, C1, 2CV) in v\u00f6lliger Sicherheit.<\/p>\n<p>Sein System<strong>Achse absenken<\/strong>\u00a0wurde entwickelt, um das Beladen Ihres Anh\u00e4ngers so weit wie m\u00f6glich zu vereinfachen, indem es ein\u00a0<strong>bietet Ladeneigung von 6 bis 8\u00b0<\/strong>, ideal f\u00fcr Rasenm\u00e4her mit<strong>\u00a0niedriger Schnitt<\/strong> oder Oldtimer-Motorr\u00e4der mit niedrigen Verkleidungen.<\/p>\n<p>Ein\u00a0<strong>manuelle Hydraulikpumpe<\/strong>\u00a0erm\u00f6glicht das Absenken und Anheben der Achse<strong>\u00a0schnell\u00a0<\/strong>und\u00a0<strong>ohne Anstrengung<\/strong>.<\/p>\n<p>Das Ende von<strong>\u00a0HUMBAUR absenkbare Plattformen<\/strong>\u00a0ist einwandfrei und das\u00a0<strong>Robustheit<\/strong> Dieses Modell ist bei Privatpersonen und Profis sehr beliebt.<\/p>\n<h2>DER VORTEIL DER HUMBAUR-ABSENKDECKE<\/h2>\n<ul>\n<li>Ein hervorragender Abschluss<\/li>\n<li>Eine einfach zu bedienende Achsabsenkung und eine Ladeklappe, sehr n\u00fctzlich f\u00fcr den Transport kleinerer Fahrzeuge (Quads, Motorr\u00e4der, sperrige Rasenm\u00e4her usw.) mit einem Gewicht von<\/li>\n<li>Eine funktionelle manuelle Hydraulikpumpe.<\/li>\n<li>Sch\u00f6ne Nutzma\u00dfe: 310 x 170 x H15 cm<\/li>\n<li>Ein wetterfester, rutschfester CP-Boden f\u00fcr die Schifffahrt<\/li>\n<li>Ein feuerverzinkter Rahmen<\/li>\n<li>Abnehmbares Gesamtgewicht von 750 kg, um mit einem Standard-B-F\u00fchrerschein kompatibel zu sein.<\/li>\n<\/ul>\n","protected":false},"excerpt":{"rendered":"<p>HUMBAUR absenkbarer Pritschenanh\u00e4nger f\u00fcr den Transport kleiner motorisierter Fahrzeuge und Pkw mit einem Gewicht unter 1000 kg.<\/p>\n<div class=\"mod_fa_champspersonnalisables_v14_liste\">\n<div class=\"mod_fa_champspersonnalisables_v14_titre\"><strong>Gesamtgewicht: <\/strong><span class=\"mod_fa_champspersonnalisables_v14_valeur\">1350 kg<\/span><\/div>\n<\/div>\n<div class=\"mod_fa_champspersonnalisables_v14_liste\">\n<div class=\"mod_fa_champspersonnalisables_v14_titre\"><strong>Leermasse: <\/strong><span class=\"mod_fa_champspersonnalisables_v14_valeur\">365 kg<\/span><\/div>\n<\/div>\n<div class=\"mod_fa_champspersonnalisables_v14_liste\">\n<div class=\"mod_fa_champspersonnalisables_v14_titre\"><strong>Nutzlast: <\/strong><span class=\"mod_fa_champspersonnalisables_v14_valeur\">985 kg<\/span><\/div>\n<\/div>\n<div class=\"mod_fa_champspersonnalisables_v14_liste\">\n<div class=\"mod_fa_champspersonnalisables_v14_titre\"><strong>N\u00fctzliche Abmessungen: <\/strong><span class=\"mod_fa_champspersonnalisables_v14_valeur\">310 x 170 x H15 cm<\/span><\/div>\n<\/div>\n<div class=\"mod_fa_champspersonnalisables_v14_liste\">\n<div class=\"mod_fa_champspersonnalisables_v14_titre\"><strong>Gesamtabmessungen: <\/strong><span class=\"mod_fa_champspersonnalisables_v14_valeur\">4,61 x 245 cm<\/span><\/div>\n<\/div>\n<div class=\"mod_fa_champspersonnalisables_v14_liste\">\n<div class=\"mod_fa_champspersonnalisables_v14_titre\"><strong>Achswiderstand(e): <\/strong><span class=\"mod_fa_champspersonnalisables_v14_valeur\">1350 kg<\/span><\/div>\n<\/div>\n<div class=\"mod_fa_champspersonnalisables_v14_liste\">\n<div class=\"mod_fa_champspersonnalisables_v14_titre\"><strong>Fahrgestelltyp: <\/strong><span class=\"mod_fa_champspersonnalisables_v14_valeur\">Feuerverzinkt<\/span><\/div>\n<\/div>\n<div class=\"mod_fa_champspersonnalisables_v14_liste\">\n<div class=\"mod_fa_champspersonnalisables_v14_titre\"><strong>R\u00e4der: <\/strong><span class=\"mod_fa_champspersonnalisables_v14_valeur\">Gro\u00dfe R\u00e4der<\/span><\/div>\n<\/div>\n<div class=\"mod_fa_champspersonnalisables_v14_liste\">\n<div class=\"mod_fa_champspersonnalisables_v14_titre\"><strong>Ausr\u00fcstung: <\/strong><span class=\"mod_fa_champspersonnalisables_v14_valeur\">manuelle Hydraulikpumpe \/ absenkbare Achse \/ abnehmbares Kennzeichenhaltersystem<\/span><\/div>\n<\/div>\n","protected":false},"featured_media":11101,"comment_status":"open","ping_status":"closed","template":"","meta":[],"product_brand":[],"product_cat":[359,352],"product_tag":[],"class_list":{"0":"post-17277","1":"product","2":"type-product","3":"status-publish","4":"has-post-thumbnail","6":"product_cat-autotransportanhaenger","7":"product_cat-unsere-trailer","9":"first","10":"instock","11":"shipping-taxable","12":"purchasable","13":"product-type-simple"},"yoast_head":"<!-- This site is optimized with the Yoast SEO plugin v27.5 - https:\/\/yoast.com\/product\/yoast-seo-wordpress\/ -->\n<title>1-ACHS-HUMBAUR-ABSENKPLATTFORM - 310 X 170 X H15 Cm - Zul\u00e4ssiges Gesamtgewicht: 1300 Kg - Sagrinex \u2013 Anhaenger, Container &amp; Landtechnik \ud83c\udf3e\ud83d\ude9c<\/title>\n<meta name=\"robots\" content=\"index, follow, max-snippet:-1, max-image-preview:large, max-video-preview:-1\" \/>\n<link rel=\"canonical\" href=\"https:\/\/sagrinex.com\/produit\/1-achs-humbaur-absenkplattform-310-x-170-x-h15-cm-zulaessiges-gesamtgewicht-1300-kg\/?lang=de\" \/>\n<meta property=\"og:locale\" content=\"de_DE\" \/>\n<meta property=\"og:type\" content=\"article\" \/>\n<meta property=\"og:title\" content=\"1-ACHS-HUMBAUR-ABSENKPLATTFORM - 310 X 170 X H15 Cm - Zul\u00e4ssiges Gesamtgewicht: 1300 Kg - Sagrinex \u2013 Anhaenger, Container &amp; Landtechnik \ud83c\udf3e\ud83d\ude9c\" \/>\n<meta property=\"og:description\" content=\"HUMBAUR absenkbarer Pritschenanh\u00e4nger f\u00fcr den Transport kleiner motorisierter Fahrzeuge und Pkw mit einem Gewicht unter 1000 kg. Gesamtgewicht: 1350 kg  Leermasse: 365 kg  Nutzlast: 985 kg  N\u00fctzliche Abmessungen: 310 x 170 x H15 cm  Gesamtabmessungen: 4,61 x 245 cm  Achswiderstand(e): 1350 kg  Fahrgestelltyp: Feuerverzinkt  R\u00e4der: Gro\u00dfe R\u00e4der  Ausr\u00fcstung: manuelle Hydraulikpumpe \/ absenkbare Achse \/ abnehmbares Kennzeichenhaltersystem\" \/>\n<meta property=\"og:url\" content=\"https:\/\/sagrinex.com\/produit\/1-achs-humbaur-absenkplattform-310-x-170-x-h15-cm-zulaessiges-gesamtgewicht-1300-kg\/?lang=de\" \/>\n<meta property=\"og:site_name\" content=\"Sagrinex \u2013 Anhaenger, Container &amp; Landtechnik \ud83c\udf3e\ud83d\ude9c\" \/>\n<meta property=\"article:modified_time\" content=\"2026-04-15T21:12:24+00:00\" \/>\n<meta property=\"og:image\" content=\"https:\/\/sagrinex.com\/wp-content\/uploads\/2026\/03\/Image-72-2.jpeg\" \/>\n\t<meta property=\"og:image:width\" content=\"1000\" \/>\n\t<meta property=\"og:image:height\" content=\"652\" \/>\n\t<meta property=\"og:image:type\" content=\"image\/jpeg\" \/>\n<meta name=\"twitter:card\" content=\"summary_large_image\" \/>\n<meta name=\"twitter:label1\" content=\"Gesch\u00e4tzte Lesezeit\" \/>\n\t<meta name=\"twitter:data1\" content=\"1\u00a0Minute\" \/>\n<script type=\"application\/ld+json\" class=\"yoast-schema-graph\">{\"@context\":\"https:\\\/\\\/schema.org\",\"@graph\":[{\"@type\":\"WebPage\",\"@id\":\"https:\\\/\\\/sagrinex.com\\\/produit\\\/1-achs-humbaur-absenkplattform-310-x-170-x-h15-cm-zulaessiges-gesamtgewicht-1300-kg\\\/?lang=de\",\"url\":\"https:\\\/\\\/sagrinex.com\\\/produit\\\/1-achs-humbaur-absenkplattform-310-x-170-x-h15-cm-zulaessiges-gesamtgewicht-1300-kg\\\/?lang=de\",\"name\":\"1-ACHS-HUMBAUR-ABSENKPLATTFORM - 310 X 170 X H15 Cm - Zul\u00e4ssiges Gesamtgewicht: 1300 Kg - Sagrinex \u2013 Anhaenger, Container &amp; Landtechnik \ud83c\udf3e\ud83d\ude9c\",\"isPartOf\":{\"@id\":\"https:\\\/\\\/sagrinex.com\\\/#website\"},\"primaryImageOfPage\":{\"@id\":\"https:\\\/\\\/sagrinex.com\\\/produit\\\/1-achs-humbaur-absenkplattform-310-x-170-x-h15-cm-zulaessiges-gesamtgewicht-1300-kg\\\/?lang=de#primaryimage\"},\"image\":{\"@id\":\"https:\\\/\\\/sagrinex.com\\\/produit\\\/1-achs-humbaur-absenkplattform-310-x-170-x-h15-cm-zulaessiges-gesamtgewicht-1300-kg\\\/?lang=de#primaryimage\"},\"thumbnailUrl\":\"https:\\\/\\\/sagrinex.com\\\/wp-content\\\/uploads\\\/2026\\\/03\\\/Image-72-2.jpeg\",\"datePublished\":\"2026-04-15T16:06:40+00:00\",\"dateModified\":\"2026-04-15T21:12:24+00:00\",\"breadcrumb\":{\"@id\":\"https:\\\/\\\/sagrinex.com\\\/produit\\\/1-achs-humbaur-absenkplattform-310-x-170-x-h15-cm-zulaessiges-gesamtgewicht-1300-kg\\\/?lang=de#breadcrumb\"},\"inLanguage\":\"de\",\"potentialAction\":[{\"@type\":\"ReadAction\",\"target\":[\"https:\\\/\\\/sagrinex.com\\\/produit\\\/1-achs-humbaur-absenkplattform-310-x-170-x-h15-cm-zulaessiges-gesamtgewicht-1300-kg\\\/?lang=de\"]}]},{\"@type\":\"ImageObject\",\"inLanguage\":\"de\",\"@id\":\"https:\\\/\\\/sagrinex.com\\\/produit\\\/1-achs-humbaur-absenkplattform-310-x-170-x-h15-cm-zulaessiges-gesamtgewicht-1300-kg\\\/?lang=de#primaryimage\",\"url\":\"https:\\\/\\\/sagrinex.com\\\/wp-content\\\/uploads\\\/2026\\\/03\\\/Image-72-2.jpeg\",\"contentUrl\":\"https:\\\/\\\/sagrinex.com\\\/wp-content\\\/uploads\\\/2026\\\/03\\\/Image-72-2.jpeg\",\"width\":1000,\"height\":652},{\"@type\":\"BreadcrumbList\",\"@id\":\"https:\\\/\\\/sagrinex.com\\\/produit\\\/1-achs-humbaur-absenkplattform-310-x-170-x-h15-cm-zulaessiges-gesamtgewicht-1300-kg\\\/?lang=de#breadcrumb\",\"itemListElement\":[{\"@type\":\"ListItem\",\"position\":1,\"name\":\"Accueil\",\"item\":\"https:\\\/\\\/sagrinex.com\\\/?lang=de\"},{\"@type\":\"ListItem\",\"position\":2,\"name\":\"Shop\",\"item\":\"https:\\\/\\\/sagrinex.com\\\/shop\\\/\"},{\"@type\":\"ListItem\",\"position\":3,\"name\":\"1-ACHS-HUMBAUR-ABSENKPLATTFORM &#8211; 310 X 170 X H15 Cm &#8211; Zul\u00e4ssiges Gesamtgewicht: 1300 Kg\"}]},{\"@type\":\"WebSite\",\"@id\":\"https:\\\/\\\/sagrinex.com\\\/#website\",\"url\":\"https:\\\/\\\/sagrinex.com\\\/\",\"name\":\"Sagrinex \u2013 Spezialist f\u00fcr Anh\u00e4nger, Container & Landtechnik\",\"description\":\"Anhaenger, Container &amp; Landtechnik \u2014 Online-Verkauf &amp; kostenloses Angebot\",\"publisher\":{\"@id\":\"https:\\\/\\\/sagrinex.com\\\/#organization\"},\"potentialAction\":[{\"@type\":\"SearchAction\",\"target\":{\"@type\":\"EntryPoint\",\"urlTemplate\":\"https:\\\/\\\/sagrinex.com\\\/?s={search_term_string}\"},\"query-input\":{\"@type\":\"PropertyValueSpecification\",\"valueRequired\":true,\"valueName\":\"search_term_string\"}}],\"inLanguage\":\"de\"},{\"@type\":\"Organization\",\"@id\":\"https:\\\/\\\/sagrinex.com\\\/#organization\",\"name\":\"Sagrinex \u2013 Remorques, Conteneurs & Mat\u00e9riel Agricole\",\"url\":\"https:\\\/\\\/sagrinex.com\\\/\",\"logo\":{\"@type\":\"ImageObject\",\"inLanguage\":\"de\",\"@id\":\"https:\\\/\\\/sagrinex.com\\\/#\\\/schema\\\/logo\\\/image\\\/\",\"url\":\"https:\\\/\\\/sagrinex.com\\\/wp-content\\\/uploads\\\/2026\\\/03\\\/7f1ac463-ef5a-425d-bdd6-a5da03a334a9-1024x683.png\",\"contentUrl\":\"https:\\\/\\\/sagrinex.com\\\/wp-content\\\/uploads\\\/2026\\\/03\\\/7f1ac463-ef5a-425d-bdd6-a5da03a334a9-1024x683.png\",\"width\":1024,\"height\":683,\"caption\":\"Sagrinex \u2013 Remorques, Conteneurs & Mat\u00e9riel Agricole\"},\"image\":{\"@id\":\"https:\\\/\\\/sagrinex.com\\\/#\\\/schema\\\/logo\\\/image\\\/\"}}]}<\/script>\n<!-- \/ Yoast SEO plugin. -->","yoast_head_json":{"title":"1-ACHS-HUMBAUR-ABSENKPLATTFORM - 310 X 170 X H15 Cm - Zul\u00e4ssiges Gesamtgewicht: 1300 Kg - Sagrinex \u2013 Anhaenger, Container &amp; Landtechnik \ud83c\udf3e\ud83d\ude9c","robots":{"index":"index","follow":"follow","max-snippet":"max-snippet:-1","max-image-preview":"max-image-preview:large","max-video-preview":"max-video-preview:-1"},"canonical":"https:\/\/sagrinex.com\/produit\/1-achs-humbaur-absenkplattform-310-x-170-x-h15-cm-zulaessiges-gesamtgewicht-1300-kg\/?lang=de","og_locale":"de_DE","og_type":"article","og_title":"1-ACHS-HUMBAUR-ABSENKPLATTFORM - 310 X 170 X H15 Cm - Zul\u00e4ssiges Gesamtgewicht: 1300 Kg - Sagrinex \u2013 Anhaenger, Container &amp; Landtechnik \ud83c\udf3e\ud83d\ude9c","og_description":"HUMBAUR absenkbarer Pritschenanh\u00e4nger f\u00fcr den Transport kleiner motorisierter Fahrzeuge und Pkw mit einem Gewicht unter 1000 kg. Gesamtgewicht: 1350 kg  Leermasse: 365 kg  Nutzlast: 985 kg  N\u00fctzliche Abmessungen: 310 x 170 x H15 cm  Gesamtabmessungen: 4,61 x 245 cm  Achswiderstand(e): 1350 kg  Fahrgestelltyp: Feuerverzinkt  R\u00e4der: Gro\u00dfe R\u00e4der  Ausr\u00fcstung: manuelle Hydraulikpumpe \/ absenkbare Achse \/ abnehmbares Kennzeichenhaltersystem","og_url":"https:\/\/sagrinex.com\/produit\/1-achs-humbaur-absenkplattform-310-x-170-x-h15-cm-zulaessiges-gesamtgewicht-1300-kg\/?lang=de","og_site_name":"Sagrinex \u2013 Anhaenger, Container &amp; Landtechnik \ud83c\udf3e\ud83d\ude9c","article_modified_time":"2026-04-15T21:12:24+00:00","og_image":[{"width":1000,"height":652,"url":"https:\/\/sagrinex.com\/wp-content\/uploads\/2026\/03\/Image-72-2.jpeg","type":"image\/jpeg"}],"twitter_card":"summary_large_image","twitter_misc":{"Gesch\u00e4tzte Lesezeit":"1\u00a0Minute"},"schema":{"@context":"https:\/\/schema.org","@graph":[{"@type":"WebPage","@id":"https:\/\/sagrinex.com\/produit\/1-achs-humbaur-absenkplattform-310-x-170-x-h15-cm-zulaessiges-gesamtgewicht-1300-kg\/?lang=de","url":"https:\/\/sagrinex.com\/produit\/1-achs-humbaur-absenkplattform-310-x-170-x-h15-cm-zulaessiges-gesamtgewicht-1300-kg\/?lang=de","name":"1-ACHS-HUMBAUR-ABSENKPLATTFORM - 310 X 170 X H15 Cm - Zul\u00e4ssiges Gesamtgewicht: 1300 Kg - Sagrinex \u2013 Anhaenger, Container &amp; Landtechnik \ud83c\udf3e\ud83d\ude9c","isPartOf":{"@id":"https:\/\/sagrinex.com\/#website"},"primaryImageOfPage":{"@id":"https:\/\/sagrinex.com\/produit\/1-achs-humbaur-absenkplattform-310-x-170-x-h15-cm-zulaessiges-gesamtgewicht-1300-kg\/?lang=de#primaryimage"},"image":{"@id":"https:\/\/sagrinex.com\/produit\/1-achs-humbaur-absenkplattform-310-x-170-x-h15-cm-zulaessiges-gesamtgewicht-1300-kg\/?lang=de#primaryimage"},"thumbnailUrl":"https:\/\/sagrinex.com\/wp-content\/uploads\/2026\/03\/Image-72-2.jpeg","datePublished":"2026-04-15T16:06:40+00:00","dateModified":"2026-04-15T21:12:24+00:00","breadcrumb":{"@id":"https:\/\/sagrinex.com\/produit\/1-achs-humbaur-absenkplattform-310-x-170-x-h15-cm-zulaessiges-gesamtgewicht-1300-kg\/?lang=de#breadcrumb"},"inLanguage":"de","potentialAction":[{"@type":"ReadAction","target":["https:\/\/sagrinex.com\/produit\/1-achs-humbaur-absenkplattform-310-x-170-x-h15-cm-zulaessiges-gesamtgewicht-1300-kg\/?lang=de"]}]},{"@type":"ImageObject","inLanguage":"de","@id":"https:\/\/sagrinex.com\/produit\/1-achs-humbaur-absenkplattform-310-x-170-x-h15-cm-zulaessiges-gesamtgewicht-1300-kg\/?lang=de#primaryimage","url":"https:\/\/sagrinex.com\/wp-content\/uploads\/2026\/03\/Image-72-2.jpeg","contentUrl":"https:\/\/sagrinex.com\/wp-content\/uploads\/2026\/03\/Image-72-2.jpeg","width":1000,"height":652},{"@type":"BreadcrumbList","@id":"https:\/\/sagrinex.com\/produit\/1-achs-humbaur-absenkplattform-310-x-170-x-h15-cm-zulaessiges-gesamtgewicht-1300-kg\/?lang=de#breadcrumb","itemListElement":[{"@type":"ListItem","position":1,"name":"Accueil","item":"https:\/\/sagrinex.com\/?lang=de"},{"@type":"ListItem","position":2,"name":"Shop","item":"https:\/\/sagrinex.com\/shop\/"},{"@type":"ListItem","position":3,"name":"1-ACHS-HUMBAUR-ABSENKPLATTFORM &#8211; 310 X 170 X H15 Cm &#8211; Zul\u00e4ssiges Gesamtgewicht: 1300 Kg"}]},{"@type":"WebSite","@id":"https:\/\/sagrinex.com\/#website","url":"https:\/\/sagrinex.com\/","name":"Sagrinex \u2013 Spezialist f\u00fcr Anh\u00e4nger, Container & Landtechnik","description":"Anhaenger, Container &amp; Landtechnik \u2014 Online-Verkauf &amp; kostenloses Angebot","publisher":{"@id":"https:\/\/sagrinex.com\/#organization"},"potentialAction":[{"@type":"SearchAction","target":{"@type":"EntryPoint","urlTemplate":"https:\/\/sagrinex.com\/?s={search_term_string}"},"query-input":{"@type":"PropertyValueSpecification","valueRequired":true,"valueName":"search_term_string"}}],"inLanguage":"de"},{"@type":"Organization","@id":"https:\/\/sagrinex.com\/#organization","name":"Sagrinex \u2013 Remorques, Conteneurs & Mat\u00e9riel Agricole","url":"https:\/\/sagrinex.com\/","logo":{"@type":"ImageObject","inLanguage":"de","@id":"https:\/\/sagrinex.com\/#\/schema\/logo\/image\/","url":"https:\/\/sagrinex.com\/wp-content\/uploads\/2026\/03\/7f1ac463-ef5a-425d-bdd6-a5da03a334a9-1024x683.png","contentUrl":"https:\/\/sagrinex.com\/wp-content\/uploads\/2026\/03\/7f1ac463-ef5a-425d-bdd6-a5da03a334a9-1024x683.png","width":1024,"height":683,"caption":"Sagrinex \u2013 Remorques, Conteneurs & Mat\u00e9riel Agricole"},"image":{"@id":"https:\/\/sagrinex.com\/#\/schema\/logo\/image\/"}}]}},"jetpack_sharing_enabled":true,"_links":{"self":[{"href":"https:\/\/sagrinex.com\/de\/wp-json\/wp\/v2\/product\/17277","targetHints":{"allow":["GET"]}}],"collection":[{"href":"https:\/\/sagrinex.com\/de\/wp-json\/wp\/v2\/product"}],"about":[{"href":"https:\/\/sagrinex.com\/de\/wp-json\/wp\/v2\/types\/product"}],"replies":[{"embeddable":true,"href":"https:\/\/sagrinex.com\/de\/wp-json\/wp\/v2\/comments?post=17277"}],"version-history":[{"count":0,"href":"https:\/\/sagrinex.com\/de\/wp-json\/wp\/v2\/product\/17277\/revisions"}],"wp:featuredmedia":[{"embeddable":true,"href":"https:\/\/sagrinex.com\/de\/wp-json\/wp\/v2\/media\/11101"}],"wp:attachment":[{"href":"https:\/\/sagrinex.com\/de\/wp-json\/wp\/v2\/media?parent=17277"}],"wp:term":[{"taxonomy":"product_brand","embeddable":true,"href":"https:\/\/sagrinex.com\/de\/wp-json\/wp\/v2\/product_brand?post=17277"},{"taxonomy":"product_cat","embeddable":true,"href":"https:\/\/sagrinex.com\/de\/wp-json\/wp\/v2\/product_cat?post=17277"},{"taxonomy":"product_tag","embeddable":true,"href":"https:\/\/sagrinex.com\/de\/wp-json\/wp\/v2\/product_tag?post=17277"}],"curies":[{"name":"wp","href":"https:\/\/api.w.org\/{rel}","templated":true}]}}