{"id":17280,"date":"2026-04-15T16:09:02","date_gmt":"2026-04-15T16:09:02","guid":{"rendered":"https:\/\/sagrinex.com\/produit\/lider-robuster-flachanhaenger-mit-aussenraedern-zulaessiges-gesamtgewicht-3500-kg-450-x-190-cm-2-gebremste-achsen\/"},"modified":"2026-04-15T21:12:25","modified_gmt":"2026-04-15T21:12:25","slug":"lider-robuster-flachanhaenger-mit-aussenraedern-zulaessiges-gesamtgewicht-3500-kg-450-x-190-cm-2-gebremste-achsen","status":"publish","type":"product","link":"https:\/\/sagrinex.com\/de\/produit\/lider-robuster-flachanhaenger-mit-aussenraedern-zulaessiges-gesamtgewicht-3500-kg-450-x-190-cm-2-gebremste-achsen\/","title":{"rendered":"Lider Robuster Flachanh\u00c4nger mit Aussenr\u00c4dern \u2013 Zul\u00e4ssiges Gesamtgewicht 3500 Kg \u2013 450 X 190 Cm \u2013 2 Gebremste Achsen"},"content":{"rendered":"<p>Dieses <strong>Maschinentr\u00e4ger<\/strong> der Marke Lider wurde f\u00fcr den<strong> entworfen Laden <\/strong>und das<strong> Fahrzeugtransport<\/strong>,<strong> Rollen<\/strong>, <strong>Minibagger, Traktoren, Stadtautos, Limousinen, Lieferwagen, Nutzfahrzeuge<\/strong>\u00a0usw. Es wird mit seinem <strong>verkauft Ladeheckklappe<\/strong> Standard und ein <strong>hydraulisches Kippsystem<\/strong> Handbuch<strong>.<\/strong><\/p>\n<p>Mit seinem<strong> PTAC<\/strong>\u00a0deklassifizierbar ab 2700\/3000\/<strong>3500 kg<\/strong> und es ist<strong> Nutzlast<\/strong> maximal <strong>2740 kg<\/strong>Es tr\u00e4gt problemlos das Gewicht aller Fahrzeugtypen und kann von Privatpersonen (mit entsprechender Lizenz) und professionellen Werkst\u00e4tten, Landschaftsg\u00e4rtnern, Baustellen usw. verwendet werden.<\/p>\n<p>Ein <strong>gro\u00dfe Auswahl an Optionen<\/strong> stehen auch zur Anpassung an die Anforderungen unserer Kunden zur Verf\u00fcgung:<\/p>\n<ul>\n<li><strong>Zus\u00e4tzlicher Sperrriegel.<\/strong><\/li>\n<li><strong>Ersatzrad + St\u00fctze <\/strong>(Platzersparnis und Zeitersparnis im Pannenfall)<\/li>\n<li><b>3000-kg-Transportwinde mit St\u00fctze\u00a0<\/b>(um das Verladen besch\u00e4digter Fahrzeuge zu erleichtern).<\/li>\n<\/ul>\n<p><em><strong>F\u00fcr Maschinentransporte ist die Erstellung eines Fahrzeugscheins (zGG > 500 kg) erforderlich.<\/strong><\/em><\/p>\n<h2>DIE VORTEILE VON FESTEN TARROW-GETRIEBETR\u00c4GERN<\/h2>\n<p>Tr\u00e4gheitsbremsung<\/p>\n<p>Hydraulisch kippbares Deck<\/p>\n<p>2 Kippgriffe<\/p>\n<p>Geschwei\u00dftes, verzinktes und verst\u00e4rktes Chassis<\/p>\n<p>Verzinkter Kotfl\u00fcgel<\/p>\n<p>Rutschfester Holzboden<\/p>\n<p>Boden\/Bodenh\u00f6he = 55cm<\/p>\n<p>Blockierbalken<\/p>\n<p>Einbauleuchten<\/p>\n<p>Zurrpunkte (8x Innenraum)<\/p>\n","protected":false},"excerpt":{"rendered":"<p>Dieses Lider-Tablett wurde zum Beladen und Transportieren von Fahrzeugen aller Art (Stadtautos, Limousinen, Baumaschinen, Transporter, Nutzfahrzeuge usw.) entwickelt<\/p>\n<div class=\"mod_fa_champspersonnalisables_v14_liste\">\n<div class=\"mod_fa_champspersonnalisables_v14_titre\"><strong>Gesamtgewicht: <\/strong><span class=\"mod_fa_champspersonnalisables_v14_valeur\">2700\/3000\/3500 kg<\/span><\/div>\n<\/div>\n<div class=\"mod_fa_champspersonnalisables_v14_liste\">\n<div class=\"mod_fa_champspersonnalisables_v14_titre\"><strong>Leermasse: <\/strong><span class=\"mod_fa_champspersonnalisables_v14_valeur\">Mini von 760 kg<\/span><\/div>\n<\/div>\n<div class=\"mod_fa_champspersonnalisables_v14_liste\">\n<div class=\"mod_fa_champspersonnalisables_v14_titre\"><strong>Nutzlast: <\/strong><span class=\"mod_fa_champspersonnalisables_v14_valeur\">maximal 2740 kg<\/span><\/div>\n<\/div>\n<div class=\"mod_fa_champspersonnalisables_v14_liste\">\n<div class=\"mod_fa_champspersonnalisables_v14_titre\"><strong>N\u00fctzliche Abmessungen: <\/strong><span class=\"mod_fa_champspersonnalisables_v14_valeur\">450 x 190 x H18 cm<\/span><\/div>\n<\/div>\n<div class=\"mod_fa_champspersonnalisables_v14_liste\">\n<div class=\"mod_fa_champspersonnalisables_v14_titre\"><strong>Gesamtabmessungen: <\/strong><span class=\"mod_fa_champspersonnalisables_v14_valeur\">599 x 243 cm<\/span><\/div>\n<\/div>\n<div class=\"mod_fa_champspersonnalisables_v14_liste\">\n<div class=\"mod_fa_champspersonnalisables_v14_titre\"><strong>Nutzh\u00f6he\/Boden: <\/strong><span class=\"mod_fa_champspersonnalisables_v14_valeur\">55 cm<\/span><\/div>\n<\/div>\n<div class=\"mod_fa_champspersonnalisables_v14_liste\">\n<div class=\"mod_fa_champspersonnalisables_v14_titre\"><strong>Pfeil: <\/strong><span class=\"mod_fa_champspersonnalisables_v14_valeur\">Feuerverzinkt V<\/span><\/div>\n<\/div>\n<div class=\"mod_fa_champspersonnalisables_v14_liste\">\n<div class=\"mod_fa_champspersonnalisables_v14_titre\"><strong>Fahrgestelltyp: <\/strong><span class=\"mod_fa_champspersonnalisables_v14_valeur\">Feuerverzinkt<\/span><\/div>\n<\/div>\n<div class=\"mod_fa_champspersonnalisables_v14_liste\">\n<div class=\"mod_fa_champspersonnalisables_v14_titre\"><strong>R\u00e4der: <\/strong><span class=\"mod_fa_champspersonnalisables_v14_valeur\">195 R14C<\/span><\/div>\n<\/div>\n<div class=\"mod_fa_champspersonnalisables_v14_liste\">\n<div class=\"mod_fa_champspersonnalisables_v14_titre\"><strong>Ausr\u00fcstung: <\/strong><span class=\"mod_fa_champspersonnalisables_v14_valeur\">Automatisches St\u00fctzrad \/ Verriegelungsstange \/ Hydraulische Neigung \/ Ladeklappe serienm\u00e4\u00dfig<\/span><\/div>\n<\/div>\n","protected":false},"featured_media":11053,"comment_status":"open","ping_status":"closed","template":"","meta":[],"product_brand":[],"product_cat":[359,352],"product_tag":[],"class_list":{"0":"post-17280","1":"product","2":"type-product","3":"status-publish","4":"has-post-thumbnail","6":"product_cat-autotransportanhaenger","7":"product_cat-unsere-trailer","9":"first","10":"instock","11":"shipping-taxable","12":"purchasable","13":"product-type-simple"},"yoast_head":"<!-- This site is optimized with the Yoast SEO plugin v27.5 - https:\/\/yoast.com\/product\/yoast-seo-wordpress\/ -->\n<title>Lider Robuster Flachanh\u00c4nger mit Aussenr\u00c4dern \u2013 Zul\u00e4ssiges Gesamtgewicht 3500 Kg \u2013 450 X 190 Cm \u2013 2 Gebremste Achsen - Sagrinex \u2013 Anhaenger, Container &amp; Landtechnik \ud83c\udf3e\ud83d\ude9c<\/title>\n<meta name=\"robots\" content=\"index, follow, max-snippet:-1, max-image-preview:large, max-video-preview:-1\" \/>\n<link rel=\"canonical\" href=\"https:\/\/sagrinex.com\/produit\/lider-robuster-flachanhaenger-mit-aussenraedern-zulaessiges-gesamtgewicht-3500-kg-450-x-190-cm-2-gebremste-achsen\/?lang=de\" \/>\n<meta property=\"og:locale\" content=\"de_DE\" \/>\n<meta property=\"og:type\" content=\"article\" \/>\n<meta property=\"og:title\" content=\"Lider Robuster Flachanh\u00c4nger mit Aussenr\u00c4dern \u2013 Zul\u00e4ssiges Gesamtgewicht 3500 Kg \u2013 450 X 190 Cm \u2013 2 Gebremste Achsen - Sagrinex \u2013 Anhaenger, Container &amp; Landtechnik \ud83c\udf3e\ud83d\ude9c\" \/>\n<meta property=\"og:description\" content=\"Dieses Lider-Tablett wurde zum Beladen und Transportieren von Fahrzeugen aller Art (Stadtautos, Limousinen, Baumaschinen, Transporter, Nutzfahrzeuge usw.) entwickelt Gesamtgewicht: 2700\/3000\/3500 kg  Leermasse: Mini von 760 kg  Nutzlast: maximal 2740 kg  N\u00fctzliche Abmessungen: 450 x 190 x H18 cm  Gesamtabmessungen: 599 x 243 cm  Nutzh\u00f6he\/Boden: 55 cm  Pfeil: Feuerverzinkt V  Fahrgestelltyp: Feuerverzinkt  R\u00e4der: 195 R14C  Ausr\u00fcstung: Automatisches St\u00fctzrad \/ Verriegelungsstange \/ Hydraulische Neigung \/ Ladeklappe serienm\u00e4\u00dfig\" \/>\n<meta property=\"og:url\" content=\"https:\/\/sagrinex.com\/produit\/lider-robuster-flachanhaenger-mit-aussenraedern-zulaessiges-gesamtgewicht-3500-kg-450-x-190-cm-2-gebremste-achsen\/?lang=de\" \/>\n<meta property=\"og:site_name\" content=\"Sagrinex \u2013 Anhaenger, Container &amp; Landtechnik \ud83c\udf3e\ud83d\ude9c\" \/>\n<meta property=\"article:modified_time\" content=\"2026-04-15T21:12:25+00:00\" \/>\n<meta property=\"og:image\" content=\"https:\/\/sagrinex.com\/wp-content\/uploads\/2026\/03\/Image-53-2.jpeg\" \/>\n\t<meta property=\"og:image:width\" content=\"1000\" \/>\n\t<meta property=\"og:image:height\" content=\"653\" \/>\n\t<meta property=\"og:image:type\" content=\"image\/jpeg\" \/>\n<meta name=\"twitter:card\" content=\"summary_large_image\" \/>\n<meta name=\"twitter:label1\" content=\"Gesch\u00e4tzte Lesezeit\" \/>\n\t<meta name=\"twitter:data1\" content=\"1\u00a0Minute\" \/>\n<script type=\"application\/ld+json\" class=\"yoast-schema-graph\">{\"@context\":\"https:\\\/\\\/schema.org\",\"@graph\":[{\"@type\":\"WebPage\",\"@id\":\"https:\\\/\\\/sagrinex.com\\\/produit\\\/lider-robuster-flachanhaenger-mit-aussenraedern-zulaessiges-gesamtgewicht-3500-kg-450-x-190-cm-2-gebremste-achsen\\\/?lang=de\",\"url\":\"https:\\\/\\\/sagrinex.com\\\/produit\\\/lider-robuster-flachanhaenger-mit-aussenraedern-zulaessiges-gesamtgewicht-3500-kg-450-x-190-cm-2-gebremste-achsen\\\/?lang=de\",\"name\":\"Lider Robuster Flachanh\u00c4nger mit Aussenr\u00c4dern \u2013 Zul\u00e4ssiges Gesamtgewicht 3500 Kg \u2013 450 X 190 Cm \u2013 2 Gebremste Achsen - Sagrinex \u2013 Anhaenger, Container &amp; Landtechnik \ud83c\udf3e\ud83d\ude9c\",\"isPartOf\":{\"@id\":\"https:\\\/\\\/sagrinex.com\\\/#website\"},\"primaryImageOfPage\":{\"@id\":\"https:\\\/\\\/sagrinex.com\\\/produit\\\/lider-robuster-flachanhaenger-mit-aussenraedern-zulaessiges-gesamtgewicht-3500-kg-450-x-190-cm-2-gebremste-achsen\\\/?lang=de#primaryimage\"},\"image\":{\"@id\":\"https:\\\/\\\/sagrinex.com\\\/produit\\\/lider-robuster-flachanhaenger-mit-aussenraedern-zulaessiges-gesamtgewicht-3500-kg-450-x-190-cm-2-gebremste-achsen\\\/?lang=de#primaryimage\"},\"thumbnailUrl\":\"https:\\\/\\\/sagrinex.com\\\/wp-content\\\/uploads\\\/2026\\\/03\\\/Image-53-2.jpeg\",\"datePublished\":\"2026-04-15T16:09:02+00:00\",\"dateModified\":\"2026-04-15T21:12:25+00:00\",\"breadcrumb\":{\"@id\":\"https:\\\/\\\/sagrinex.com\\\/produit\\\/lider-robuster-flachanhaenger-mit-aussenraedern-zulaessiges-gesamtgewicht-3500-kg-450-x-190-cm-2-gebremste-achsen\\\/?lang=de#breadcrumb\"},\"inLanguage\":\"de\",\"potentialAction\":[{\"@type\":\"ReadAction\",\"target\":[\"https:\\\/\\\/sagrinex.com\\\/produit\\\/lider-robuster-flachanhaenger-mit-aussenraedern-zulaessiges-gesamtgewicht-3500-kg-450-x-190-cm-2-gebremste-achsen\\\/?lang=de\"]}]},{\"@type\":\"ImageObject\",\"inLanguage\":\"de\",\"@id\":\"https:\\\/\\\/sagrinex.com\\\/produit\\\/lider-robuster-flachanhaenger-mit-aussenraedern-zulaessiges-gesamtgewicht-3500-kg-450-x-190-cm-2-gebremste-achsen\\\/?lang=de#primaryimage\",\"url\":\"https:\\\/\\\/sagrinex.com\\\/wp-content\\\/uploads\\\/2026\\\/03\\\/Image-53-2.jpeg\",\"contentUrl\":\"https:\\\/\\\/sagrinex.com\\\/wp-content\\\/uploads\\\/2026\\\/03\\\/Image-53-2.jpeg\",\"width\":1000,\"height\":653},{\"@type\":\"BreadcrumbList\",\"@id\":\"https:\\\/\\\/sagrinex.com\\\/produit\\\/lider-robuster-flachanhaenger-mit-aussenraedern-zulaessiges-gesamtgewicht-3500-kg-450-x-190-cm-2-gebremste-achsen\\\/?lang=de#breadcrumb\",\"itemListElement\":[{\"@type\":\"ListItem\",\"position\":1,\"name\":\"Accueil\",\"item\":\"https:\\\/\\\/sagrinex.com\\\/?lang=de\"},{\"@type\":\"ListItem\",\"position\":2,\"name\":\"Shop\",\"item\":\"https:\\\/\\\/sagrinex.com\\\/shop\\\/\"},{\"@type\":\"ListItem\",\"position\":3,\"name\":\"Lider Robuster Flachanh\u00c4nger mit Aussenr\u00c4dern \u2013 Zul\u00e4ssiges Gesamtgewicht 3500 Kg \u2013 450 X 190 Cm \u2013 2 Gebremste Achsen\"}]},{\"@type\":\"WebSite\",\"@id\":\"https:\\\/\\\/sagrinex.com\\\/#website\",\"url\":\"https:\\\/\\\/sagrinex.com\\\/\",\"name\":\"Sagrinex \u2013 Spezialist f\u00fcr Anh\u00e4nger, Container & Landtechnik\",\"description\":\"Anhaenger, Container &amp; Landtechnik \u2014 Online-Verkauf &amp; kostenloses Angebot\",\"publisher\":{\"@id\":\"https:\\\/\\\/sagrinex.com\\\/#organization\"},\"potentialAction\":[{\"@type\":\"SearchAction\",\"target\":{\"@type\":\"EntryPoint\",\"urlTemplate\":\"https:\\\/\\\/sagrinex.com\\\/?s={search_term_string}\"},\"query-input\":{\"@type\":\"PropertyValueSpecification\",\"valueRequired\":true,\"valueName\":\"search_term_string\"}}],\"inLanguage\":\"de\"},{\"@type\":\"Organization\",\"@id\":\"https:\\\/\\\/sagrinex.com\\\/#organization\",\"name\":\"Sagrinex \u2013 Remorques, Conteneurs & Mat\u00e9riel Agricole\",\"url\":\"https:\\\/\\\/sagrinex.com\\\/\",\"logo\":{\"@type\":\"ImageObject\",\"inLanguage\":\"de\",\"@id\":\"https:\\\/\\\/sagrinex.com\\\/#\\\/schema\\\/logo\\\/image\\\/\",\"url\":\"https:\\\/\\\/sagrinex.com\\\/wp-content\\\/uploads\\\/2026\\\/03\\\/7f1ac463-ef5a-425d-bdd6-a5da03a334a9-1024x683.png\",\"contentUrl\":\"https:\\\/\\\/sagrinex.com\\\/wp-content\\\/uploads\\\/2026\\\/03\\\/7f1ac463-ef5a-425d-bdd6-a5da03a334a9-1024x683.png\",\"width\":1024,\"height\":683,\"caption\":\"Sagrinex \u2013 Remorques, Conteneurs & Mat\u00e9riel Agricole\"},\"image\":{\"@id\":\"https:\\\/\\\/sagrinex.com\\\/#\\\/schema\\\/logo\\\/image\\\/\"}}]}<\/script>\n<!-- \/ Yoast SEO plugin. -->","yoast_head_json":{"title":"Lider Robuster Flachanh\u00c4nger mit Aussenr\u00c4dern \u2013 Zul\u00e4ssiges Gesamtgewicht 3500 Kg \u2013 450 X 190 Cm \u2013 2 Gebremste Achsen - Sagrinex \u2013 Anhaenger, Container &amp; Landtechnik \ud83c\udf3e\ud83d\ude9c","robots":{"index":"index","follow":"follow","max-snippet":"max-snippet:-1","max-image-preview":"max-image-preview:large","max-video-preview":"max-video-preview:-1"},"canonical":"https:\/\/sagrinex.com\/produit\/lider-robuster-flachanhaenger-mit-aussenraedern-zulaessiges-gesamtgewicht-3500-kg-450-x-190-cm-2-gebremste-achsen\/?lang=de","og_locale":"de_DE","og_type":"article","og_title":"Lider Robuster Flachanh\u00c4nger mit Aussenr\u00c4dern \u2013 Zul\u00e4ssiges Gesamtgewicht 3500 Kg \u2013 450 X 190 Cm \u2013 2 Gebremste Achsen - Sagrinex \u2013 Anhaenger, Container &amp; Landtechnik \ud83c\udf3e\ud83d\ude9c","og_description":"Dieses Lider-Tablett wurde zum Beladen und Transportieren von Fahrzeugen aller Art (Stadtautos, Limousinen, Baumaschinen, Transporter, Nutzfahrzeuge usw.) entwickelt Gesamtgewicht: 2700\/3000\/3500 kg  Leermasse: Mini von 760 kg  Nutzlast: maximal 2740 kg  N\u00fctzliche Abmessungen: 450 x 190 x H18 cm  Gesamtabmessungen: 599 x 243 cm  Nutzh\u00f6he\/Boden: 55 cm  Pfeil: Feuerverzinkt V  Fahrgestelltyp: Feuerverzinkt  R\u00e4der: 195 R14C  Ausr\u00fcstung: Automatisches St\u00fctzrad \/ Verriegelungsstange \/ Hydraulische Neigung \/ Ladeklappe serienm\u00e4\u00dfig","og_url":"https:\/\/sagrinex.com\/produit\/lider-robuster-flachanhaenger-mit-aussenraedern-zulaessiges-gesamtgewicht-3500-kg-450-x-190-cm-2-gebremste-achsen\/?lang=de","og_site_name":"Sagrinex \u2013 Anhaenger, Container &amp; Landtechnik \ud83c\udf3e\ud83d\ude9c","article_modified_time":"2026-04-15T21:12:25+00:00","og_image":[{"width":1000,"height":653,"url":"https:\/\/sagrinex.com\/wp-content\/uploads\/2026\/03\/Image-53-2.jpeg","type":"image\/jpeg"}],"twitter_card":"summary_large_image","twitter_misc":{"Gesch\u00e4tzte Lesezeit":"1\u00a0Minute"},"schema":{"@context":"https:\/\/schema.org","@graph":[{"@type":"WebPage","@id":"https:\/\/sagrinex.com\/produit\/lider-robuster-flachanhaenger-mit-aussenraedern-zulaessiges-gesamtgewicht-3500-kg-450-x-190-cm-2-gebremste-achsen\/?lang=de","url":"https:\/\/sagrinex.com\/produit\/lider-robuster-flachanhaenger-mit-aussenraedern-zulaessiges-gesamtgewicht-3500-kg-450-x-190-cm-2-gebremste-achsen\/?lang=de","name":"Lider Robuster Flachanh\u00c4nger mit Aussenr\u00c4dern \u2013 Zul\u00e4ssiges Gesamtgewicht 3500 Kg \u2013 450 X 190 Cm \u2013 2 Gebremste Achsen - Sagrinex \u2013 Anhaenger, Container &amp; Landtechnik \ud83c\udf3e\ud83d\ude9c","isPartOf":{"@id":"https:\/\/sagrinex.com\/#website"},"primaryImageOfPage":{"@id":"https:\/\/sagrinex.com\/produit\/lider-robuster-flachanhaenger-mit-aussenraedern-zulaessiges-gesamtgewicht-3500-kg-450-x-190-cm-2-gebremste-achsen\/?lang=de#primaryimage"},"image":{"@id":"https:\/\/sagrinex.com\/produit\/lider-robuster-flachanhaenger-mit-aussenraedern-zulaessiges-gesamtgewicht-3500-kg-450-x-190-cm-2-gebremste-achsen\/?lang=de#primaryimage"},"thumbnailUrl":"https:\/\/sagrinex.com\/wp-content\/uploads\/2026\/03\/Image-53-2.jpeg","datePublished":"2026-04-15T16:09:02+00:00","dateModified":"2026-04-15T21:12:25+00:00","breadcrumb":{"@id":"https:\/\/sagrinex.com\/produit\/lider-robuster-flachanhaenger-mit-aussenraedern-zulaessiges-gesamtgewicht-3500-kg-450-x-190-cm-2-gebremste-achsen\/?lang=de#breadcrumb"},"inLanguage":"de","potentialAction":[{"@type":"ReadAction","target":["https:\/\/sagrinex.com\/produit\/lider-robuster-flachanhaenger-mit-aussenraedern-zulaessiges-gesamtgewicht-3500-kg-450-x-190-cm-2-gebremste-achsen\/?lang=de"]}]},{"@type":"ImageObject","inLanguage":"de","@id":"https:\/\/sagrinex.com\/produit\/lider-robuster-flachanhaenger-mit-aussenraedern-zulaessiges-gesamtgewicht-3500-kg-450-x-190-cm-2-gebremste-achsen\/?lang=de#primaryimage","url":"https:\/\/sagrinex.com\/wp-content\/uploads\/2026\/03\/Image-53-2.jpeg","contentUrl":"https:\/\/sagrinex.com\/wp-content\/uploads\/2026\/03\/Image-53-2.jpeg","width":1000,"height":653},{"@type":"BreadcrumbList","@id":"https:\/\/sagrinex.com\/produit\/lider-robuster-flachanhaenger-mit-aussenraedern-zulaessiges-gesamtgewicht-3500-kg-450-x-190-cm-2-gebremste-achsen\/?lang=de#breadcrumb","itemListElement":[{"@type":"ListItem","position":1,"name":"Accueil","item":"https:\/\/sagrinex.com\/?lang=de"},{"@type":"ListItem","position":2,"name":"Shop","item":"https:\/\/sagrinex.com\/shop\/"},{"@type":"ListItem","position":3,"name":"Lider Robuster Flachanh\u00c4nger mit Aussenr\u00c4dern \u2013 Zul\u00e4ssiges Gesamtgewicht 3500 Kg \u2013 450 X 190 Cm \u2013 2 Gebremste Achsen"}]},{"@type":"WebSite","@id":"https:\/\/sagrinex.com\/#website","url":"https:\/\/sagrinex.com\/","name":"Sagrinex \u2013 Spezialist f\u00fcr Anh\u00e4nger, Container & Landtechnik","description":"Anhaenger, Container &amp; Landtechnik \u2014 Online-Verkauf &amp; kostenloses Angebot","publisher":{"@id":"https:\/\/sagrinex.com\/#organization"},"potentialAction":[{"@type":"SearchAction","target":{"@type":"EntryPoint","urlTemplate":"https:\/\/sagrinex.com\/?s={search_term_string}"},"query-input":{"@type":"PropertyValueSpecification","valueRequired":true,"valueName":"search_term_string"}}],"inLanguage":"de"},{"@type":"Organization","@id":"https:\/\/sagrinex.com\/#organization","name":"Sagrinex \u2013 Remorques, Conteneurs & Mat\u00e9riel Agricole","url":"https:\/\/sagrinex.com\/","logo":{"@type":"ImageObject","inLanguage":"de","@id":"https:\/\/sagrinex.com\/#\/schema\/logo\/image\/","url":"https:\/\/sagrinex.com\/wp-content\/uploads\/2026\/03\/7f1ac463-ef5a-425d-bdd6-a5da03a334a9-1024x683.png","contentUrl":"https:\/\/sagrinex.com\/wp-content\/uploads\/2026\/03\/7f1ac463-ef5a-425d-bdd6-a5da03a334a9-1024x683.png","width":1024,"height":683,"caption":"Sagrinex \u2013 Remorques, Conteneurs & Mat\u00e9riel Agricole"},"image":{"@id":"https:\/\/sagrinex.com\/#\/schema\/logo\/image\/"}}]}},"jetpack_sharing_enabled":true,"_links":{"self":[{"href":"https:\/\/sagrinex.com\/de\/wp-json\/wp\/v2\/product\/17280","targetHints":{"allow":["GET"]}}],"collection":[{"href":"https:\/\/sagrinex.com\/de\/wp-json\/wp\/v2\/product"}],"about":[{"href":"https:\/\/sagrinex.com\/de\/wp-json\/wp\/v2\/types\/product"}],"replies":[{"embeddable":true,"href":"https:\/\/sagrinex.com\/de\/wp-json\/wp\/v2\/comments?post=17280"}],"version-history":[{"count":0,"href":"https:\/\/sagrinex.com\/de\/wp-json\/wp\/v2\/product\/17280\/revisions"}],"wp:featuredmedia":[{"embeddable":true,"href":"https:\/\/sagrinex.com\/de\/wp-json\/wp\/v2\/media\/11053"}],"wp:attachment":[{"href":"https:\/\/sagrinex.com\/de\/wp-json\/wp\/v2\/media?parent=17280"}],"wp:term":[{"taxonomy":"product_brand","embeddable":true,"href":"https:\/\/sagrinex.com\/de\/wp-json\/wp\/v2\/product_brand?post=17280"},{"taxonomy":"product_cat","embeddable":true,"href":"https:\/\/sagrinex.com\/de\/wp-json\/wp\/v2\/product_cat?post=17280"},{"taxonomy":"product_tag","embeddable":true,"href":"https:\/\/sagrinex.com\/de\/wp-json\/wp\/v2\/product_tag?post=17280"}],"curies":[{"name":"wp","href":"https:\/\/api.w.org\/{rel}","templated":true}]}}