{"id":17282,"date":"2026-04-15T16:11:18","date_gmt":"2026-04-15T16:11:18","guid":{"rendered":"https:\/\/sagrinex.com\/produit\/eduard-nackter-flachanhaenger-mit-unteren-raedern-zulaessiges-gesamtgewicht-2000-kg-2-gebremste-achsen-406-x-180-cm\/"},"modified":"2026-04-15T21:12:27","modified_gmt":"2026-04-15T21:12:27","slug":"eduard-nackter-flachanhaenger-mit-unteren-raedern-zulaessiges-gesamtgewicht-2000-kg-2-gebremste-achsen-406-x-180-cm","status":"publish","type":"product","link":"https:\/\/sagrinex.com\/de\/produit\/eduard-nackter-flachanhaenger-mit-unteren-raedern-zulaessiges-gesamtgewicht-2000-kg-2-gebremste-achsen-406-x-180-cm\/","title":{"rendered":"Eduard Nackter Flachanh\u00c4nger mit Unteren R\u00c4dern &#8211; Zul\u00e4ssiges Gesamtgewicht: 2000 Kg &#8211; 2 Gebremste Achsen &#8211; 406 X 180 Cm"},"content":{"rendered":"<p>Das <strong>nacktes Tablett<\/strong>\u00a0Eduard ist der <strong>Grundmodell<\/strong>\u00a0<strong>ohne Optionen<\/strong>\u00a0mit einem <strong>PTAC<\/strong>\u00a0mindestens 2000 kg | maximal 3500 kg und a<strong> Nutzlast<\/strong>\u00a0Mini von 1582 kg und Maximum von 2961 kg. Eine gro\u00dfe Anzahl an Optionen und Ausstattungen <strong>k\u00f6nnen hinzugef\u00fcgt werden<\/strong>\u00a0(gegen Aufpreis) an diesen Anh\u00e4nger anbauen, um ihn an alle Einsatzzwecke anzupassen.<\/p>\n<p>Es ist daher m\u00f6glich, Folgendes zu \u00e4ndern:<\/p>\n<ul>\n<li>DER <strong>PTAC <\/strong>des Anh\u00e4ngers<\/li>\n<li>Dort <strong>H\u00f6he<\/strong> des Bodens<\/li>\n<\/ul>\n<p>Es ist auch m\u00f6glich, zus\u00e4tzliche Optionen (oder zus\u00e4tzliche Ausr\u00fcstung) hinzuzuf\u00fcgen:<\/p>\n<ul>\n<li><strong>Transportrampen und Winden <\/strong>(um das Beladen des Fahrzeugs zu erleichtern)<\/li>\n<li><strong>Netzverl\u00e4ngerungen oder feste Seiten<\/strong> (zur Vergr\u00f6\u00dferung der Ladefl\u00e4che des Tabletts und zur Anpassung an alle Arten von Verwendungszwecken (Gr\u00fcnabfall, Transport von Brennholz, Bauschutt, Garten- oder Heimwerkerwerkzeug usw.)<\/li>\n<li><strong>Leiterhalter<\/strong> (zum Transport langer Materialien (Leitern, Metallstangen, Holzbretter usw.)<\/li>\n<li><strong>Flache und hohe Planen<\/strong> (um Ihre Ladung vor Regen und schlechtem Wetter zu sch\u00fctzen).<\/li>\n<\/ul>\n<h2>DER VORTEIL DER EDUARD MULTIFUNKTIONSTABLETTS<\/h2>\n<ul>\n<li>Ein sehr gutes<strong> Preis-Leistungs-Verh\u00e4ltnis <\/strong>(das reine Modell ohne Optionen oder Serienausstattung wird Ihnen zum besten Preis angeboten)<\/li>\n<li>A <strong>beeindruckende Modulation<\/strong> Anpassung an alle Bed\u00fcrfnisse (Einzelpersonen und Fachleute)<\/li>\n<li>Von der <strong>R\u00e4der unter dem Boden<\/strong> um eine gr\u00f6\u00dfere Nutzfl\u00e4che (406 x 180 cm) zu schaffen und gleichzeitig Platz in Ihrer Garage oder Ihrem Lagerraum zu sparen.<\/li>\n<li>A <strong>rutschfester CP-Boden<\/strong>\u00a0wetterbest\u00e4ndig<\/li>\n<li>A<strong> feuerverzinkter Rahmen <\/strong>robust und f\u00fcr hohe Belastungen ausgelegt.<\/li>\n<\/ul>\n","protected":false},"excerpt":{"rendered":"<p>Dieses nackte Deck von Eduard ist das Basismodell ohne Optionen mit einem zul\u00e4ssigen Gesamtgewicht von mindestens 2000 kg und einer Mindestnutzlast von 1582 kg.<\/p>\n<div class=\"mod_fa_champspersonnalisables_v14_liste\">\n<div class=\"mod_fa_champspersonnalisables_v14_titre\"><strong>Gesamtgewicht: <\/strong><span class=\"mod_fa_champspersonnalisables_v14_valeur\">mindestens 2000 kg | maximal 3500 kg<\/span><\/div>\n<\/div>\n<div class=\"mod_fa_champspersonnalisables_v14_liste\">\n<div class=\"mod_fa_champspersonnalisables_v14_titre\"><strong>Leermasse: <\/strong><span class=\"mod_fa_champspersonnalisables_v14_valeur\">418 kg<\/span><\/div>\n<\/div>\n<div class=\"mod_fa_champspersonnalisables_v14_liste\">\n<div class=\"mod_fa_champspersonnalisables_v14_titre\"><strong>Nutzlast: <\/strong><span class=\"mod_fa_champspersonnalisables_v14_valeur\">Mini von 1582 kg | maximal 2961 kg<\/span><\/div>\n<\/div>\n<div class=\"mod_fa_champspersonnalisables_v14_liste\">\n<div class=\"mod_fa_champspersonnalisables_v14_titre\"><strong>N\u00fctzliche Abmessungen: <\/strong><span class=\"mod_fa_champspersonnalisables_v14_valeur\">406 x 180 cm<\/span><\/div>\n<\/div>\n<div class=\"mod_fa_champspersonnalisables_v14_liste\">\n<div class=\"mod_fa_champspersonnalisables_v14_titre\"><strong>Gesamtabmessungen: <\/strong><span class=\"mod_fa_champspersonnalisables_v14_valeur\">556 x 188 x H63 cm<\/span><\/div>\n<\/div>\n<div class=\"mod_fa_champspersonnalisables_v14_liste\">\n<div class=\"mod_fa_champspersonnalisables_v14_titre\"><strong>Anh\u00e4ngerkupplung \/ Bodenh\u00f6he: <\/strong><span class=\"mod_fa_champspersonnalisables_v14_valeur\">56\/63\/72 cm (3 Auswahlm\u00f6glichkeiten)<\/span><\/div>\n<\/div>\n<div class=\"mod_fa_champspersonnalisables_v14_liste\">\n<div class=\"mod_fa_champspersonnalisables_v14_titre\"><strong>Achswiderstand(e): <\/strong><span class=\"mod_fa_champspersonnalisables_v14_valeur\">2 x 1000 kg <\/span><\/div>\n<\/div>\n<div class=\"mod_fa_champspersonnalisables_v14_liste\">\n<div class=\"mod_fa_champspersonnalisables_v14_titre\"><strong>Etage: <\/strong><span class=\"mod_fa_champspersonnalisables_v14_valeur\">Rutschfester CP<\/span><\/div>\n<\/div>\n<div class=\"mod_fa_champspersonnalisables_v14_liste\">\n<div class=\"mod_fa_champspersonnalisables_v14_titre\"><strong>Pfeil: <\/strong><span class=\"mod_fa_champspersonnalisables_v14_valeur\">Feuerverzinkt V<\/span><\/div>\n<\/div>\n<div class=\"mod_fa_champspersonnalisables_v14_liste\">\n<div class=\"mod_fa_champspersonnalisables_v14_titre\"><strong>Kopf gebremst: <\/strong><span class=\"mod_fa_champspersonnalisables_v14_valeur\">Ja<\/span><\/div>\n<\/div>\n<div class=\"mod_fa_champspersonnalisables_v14_liste\">\n<div class=\"mod_fa_champspersonnalisables_v14_titre\"><strong>Fahrgestelltyp: <\/strong><span class=\"mod_fa_champspersonnalisables_v14_valeur\">Feuerverzinkt<\/span><\/div>\n<\/div>\n<div class=\"mod_fa_champspersonnalisables_v14_liste\">\n<div class=\"mod_fa_champspersonnalisables_v14_titre\"><strong>R\u00e4der: <\/strong><span class=\"mod_fa_champspersonnalisables_v14_valeur\">185\/70R13<\/span><\/div>\n<\/div>\n<div class=\"mod_fa_champspersonnalisables_v14_liste\">\n<div class=\"mod_fa_champspersonnalisables_v14_titre\"><strong>Ausr\u00fcstung: <\/strong><span class=\"mod_fa_champspersonnalisables_v14_valeur\">Eine gro\u00dfe Auswahl an Ausstattungen auf Anfrage (Bordw\u00e4nde, Gitterverbreiterungen, St\u00fctzrad, abgesenkt, abgesenkt, Rampen etc.)<\/span><\/div>\n<\/div>\n","protected":false},"featured_media":11021,"comment_status":"open","ping_status":"closed","template":"","meta":[],"product_brand":[],"product_cat":[359,352],"product_tag":[],"class_list":{"0":"post-17282","1":"product","2":"type-product","3":"status-publish","4":"has-post-thumbnail","6":"product_cat-autotransportanhaenger","7":"product_cat-unsere-trailer","9":"first","10":"instock","11":"shipping-taxable","12":"purchasable","13":"product-type-simple"},"yoast_head":"<!-- This site is optimized with the Yoast SEO plugin v27.5 - https:\/\/yoast.com\/product\/yoast-seo-wordpress\/ -->\n<title>Eduard Nackter Flachanh\u00c4nger mit Unteren R\u00c4dern - Zul\u00e4ssiges Gesamtgewicht: 2000 Kg - 2 Gebremste Achsen - 406 X 180 Cm - Sagrinex \u2013 Anhaenger, Container &amp; Landtechnik \ud83c\udf3e\ud83d\ude9c<\/title>\n<meta name=\"robots\" content=\"index, follow, max-snippet:-1, max-image-preview:large, max-video-preview:-1\" \/>\n<link rel=\"canonical\" href=\"https:\/\/sagrinex.com\/produit\/eduard-nackter-flachanhaenger-mit-unteren-raedern-zulaessiges-gesamtgewicht-2000-kg-2-gebremste-achsen-406-x-180-cm\/?lang=de\" \/>\n<meta property=\"og:locale\" content=\"de_DE\" \/>\n<meta property=\"og:type\" content=\"article\" \/>\n<meta property=\"og:title\" content=\"Eduard Nackter Flachanh\u00c4nger mit Unteren R\u00c4dern - Zul\u00e4ssiges Gesamtgewicht: 2000 Kg - 2 Gebremste Achsen - 406 X 180 Cm - Sagrinex \u2013 Anhaenger, Container &amp; Landtechnik \ud83c\udf3e\ud83d\ude9c\" \/>\n<meta property=\"og:description\" content=\"Dieses nackte Deck von Eduard ist das Basismodell ohne Optionen mit einem zul\u00e4ssigen Gesamtgewicht von mindestens 2000 kg und einer Mindestnutzlast von 1582 kg. Gesamtgewicht: mindestens 2000 kg | maximal 3500 kg  Leermasse: 418 kg  Nutzlast: Mini von 1582 kg | maximal 2961 kg  N\u00fctzliche Abmessungen: 406 x 180 cm  Gesamtabmessungen: 556 x 188 x H63 cm  Anh\u00e4ngerkupplung \/ Bodenh\u00f6he: 56\/63\/72 cm (3 Auswahlm\u00f6glichkeiten)  Achswiderstand(e): 2 x 1000 kg  Etage: Rutschfester CP  Pfeil: Feuerverzinkt V  Kopf gebremst: Ja  Fahrgestelltyp: Feuerverzinkt  R\u00e4der: 185\/70R13  Ausr\u00fcstung: Eine gro\u00dfe Auswahl an Ausstattungen auf Anfrage (Bordw\u00e4nde, Gitterverbreiterungen, St\u00fctzrad, abgesenkt, abgesenkt, Rampen etc.)\" \/>\n<meta property=\"og:url\" content=\"https:\/\/sagrinex.com\/produit\/eduard-nackter-flachanhaenger-mit-unteren-raedern-zulaessiges-gesamtgewicht-2000-kg-2-gebremste-achsen-406-x-180-cm\/?lang=de\" \/>\n<meta property=\"og:site_name\" content=\"Sagrinex \u2013 Anhaenger, Container &amp; Landtechnik \ud83c\udf3e\ud83d\ude9c\" \/>\n<meta property=\"article:modified_time\" content=\"2026-04-15T21:12:27+00:00\" \/>\n<meta property=\"og:image\" content=\"https:\/\/sagrinex.com\/wp-content\/uploads\/2026\/03\/Image-35-2.jpeg\" \/>\n\t<meta property=\"og:image:width\" content=\"1000\" \/>\n\t<meta property=\"og:image:height\" content=\"654\" \/>\n\t<meta property=\"og:image:type\" content=\"image\/jpeg\" \/>\n<meta name=\"twitter:card\" content=\"summary_large_image\" \/>\n<meta name=\"twitter:label1\" content=\"Gesch\u00e4tzte Lesezeit\" \/>\n\t<meta name=\"twitter:data1\" content=\"1\u00a0Minute\" \/>\n<script type=\"application\/ld+json\" class=\"yoast-schema-graph\">{\"@context\":\"https:\\\/\\\/schema.org\",\"@graph\":[{\"@type\":\"WebPage\",\"@id\":\"https:\\\/\\\/sagrinex.com\\\/produit\\\/eduard-nackter-flachanhaenger-mit-unteren-raedern-zulaessiges-gesamtgewicht-2000-kg-2-gebremste-achsen-406-x-180-cm\\\/?lang=de\",\"url\":\"https:\\\/\\\/sagrinex.com\\\/produit\\\/eduard-nackter-flachanhaenger-mit-unteren-raedern-zulaessiges-gesamtgewicht-2000-kg-2-gebremste-achsen-406-x-180-cm\\\/?lang=de\",\"name\":\"Eduard Nackter Flachanh\u00c4nger mit Unteren R\u00c4dern - Zul\u00e4ssiges Gesamtgewicht: 2000 Kg - 2 Gebremste Achsen - 406 X 180 Cm - Sagrinex \u2013 Anhaenger, Container &amp; Landtechnik \ud83c\udf3e\ud83d\ude9c\",\"isPartOf\":{\"@id\":\"https:\\\/\\\/sagrinex.com\\\/#website\"},\"primaryImageOfPage\":{\"@id\":\"https:\\\/\\\/sagrinex.com\\\/produit\\\/eduard-nackter-flachanhaenger-mit-unteren-raedern-zulaessiges-gesamtgewicht-2000-kg-2-gebremste-achsen-406-x-180-cm\\\/?lang=de#primaryimage\"},\"image\":{\"@id\":\"https:\\\/\\\/sagrinex.com\\\/produit\\\/eduard-nackter-flachanhaenger-mit-unteren-raedern-zulaessiges-gesamtgewicht-2000-kg-2-gebremste-achsen-406-x-180-cm\\\/?lang=de#primaryimage\"},\"thumbnailUrl\":\"https:\\\/\\\/sagrinex.com\\\/wp-content\\\/uploads\\\/2026\\\/03\\\/Image-35-2.jpeg\",\"datePublished\":\"2026-04-15T16:11:18+00:00\",\"dateModified\":\"2026-04-15T21:12:27+00:00\",\"breadcrumb\":{\"@id\":\"https:\\\/\\\/sagrinex.com\\\/produit\\\/eduard-nackter-flachanhaenger-mit-unteren-raedern-zulaessiges-gesamtgewicht-2000-kg-2-gebremste-achsen-406-x-180-cm\\\/?lang=de#breadcrumb\"},\"inLanguage\":\"de\",\"potentialAction\":[{\"@type\":\"ReadAction\",\"target\":[\"https:\\\/\\\/sagrinex.com\\\/produit\\\/eduard-nackter-flachanhaenger-mit-unteren-raedern-zulaessiges-gesamtgewicht-2000-kg-2-gebremste-achsen-406-x-180-cm\\\/?lang=de\"]}]},{\"@type\":\"ImageObject\",\"inLanguage\":\"de\",\"@id\":\"https:\\\/\\\/sagrinex.com\\\/produit\\\/eduard-nackter-flachanhaenger-mit-unteren-raedern-zulaessiges-gesamtgewicht-2000-kg-2-gebremste-achsen-406-x-180-cm\\\/?lang=de#primaryimage\",\"url\":\"https:\\\/\\\/sagrinex.com\\\/wp-content\\\/uploads\\\/2026\\\/03\\\/Image-35-2.jpeg\",\"contentUrl\":\"https:\\\/\\\/sagrinex.com\\\/wp-content\\\/uploads\\\/2026\\\/03\\\/Image-35-2.jpeg\",\"width\":1000,\"height\":654},{\"@type\":\"BreadcrumbList\",\"@id\":\"https:\\\/\\\/sagrinex.com\\\/produit\\\/eduard-nackter-flachanhaenger-mit-unteren-raedern-zulaessiges-gesamtgewicht-2000-kg-2-gebremste-achsen-406-x-180-cm\\\/?lang=de#breadcrumb\",\"itemListElement\":[{\"@type\":\"ListItem\",\"position\":1,\"name\":\"Accueil\",\"item\":\"https:\\\/\\\/sagrinex.com\\\/?lang=de\"},{\"@type\":\"ListItem\",\"position\":2,\"name\":\"Shop\",\"item\":\"https:\\\/\\\/sagrinex.com\\\/shop\\\/\"},{\"@type\":\"ListItem\",\"position\":3,\"name\":\"Eduard Nackter Flachanh\u00c4nger mit Unteren R\u00c4dern &#8211; Zul\u00e4ssiges Gesamtgewicht: 2000 Kg &#8211; 2 Gebremste Achsen &#8211; 406 X 180 Cm\"}]},{\"@type\":\"WebSite\",\"@id\":\"https:\\\/\\\/sagrinex.com\\\/#website\",\"url\":\"https:\\\/\\\/sagrinex.com\\\/\",\"name\":\"Sagrinex \u2013 Spezialist f\u00fcr Anh\u00e4nger, Container & Landtechnik\",\"description\":\"Anhaenger, Container &amp; Landtechnik \u2014 Online-Verkauf &amp; kostenloses Angebot\",\"publisher\":{\"@id\":\"https:\\\/\\\/sagrinex.com\\\/#organization\"},\"potentialAction\":[{\"@type\":\"SearchAction\",\"target\":{\"@type\":\"EntryPoint\",\"urlTemplate\":\"https:\\\/\\\/sagrinex.com\\\/?s={search_term_string}\"},\"query-input\":{\"@type\":\"PropertyValueSpecification\",\"valueRequired\":true,\"valueName\":\"search_term_string\"}}],\"inLanguage\":\"de\"},{\"@type\":\"Organization\",\"@id\":\"https:\\\/\\\/sagrinex.com\\\/#organization\",\"name\":\"Sagrinex \u2013 Remorques, Conteneurs & Mat\u00e9riel Agricole\",\"url\":\"https:\\\/\\\/sagrinex.com\\\/\",\"logo\":{\"@type\":\"ImageObject\",\"inLanguage\":\"de\",\"@id\":\"https:\\\/\\\/sagrinex.com\\\/#\\\/schema\\\/logo\\\/image\\\/\",\"url\":\"https:\\\/\\\/sagrinex.com\\\/wp-content\\\/uploads\\\/2026\\\/03\\\/7f1ac463-ef5a-425d-bdd6-a5da03a334a9-1024x683.png\",\"contentUrl\":\"https:\\\/\\\/sagrinex.com\\\/wp-content\\\/uploads\\\/2026\\\/03\\\/7f1ac463-ef5a-425d-bdd6-a5da03a334a9-1024x683.png\",\"width\":1024,\"height\":683,\"caption\":\"Sagrinex \u2013 Remorques, Conteneurs & Mat\u00e9riel Agricole\"},\"image\":{\"@id\":\"https:\\\/\\\/sagrinex.com\\\/#\\\/schema\\\/logo\\\/image\\\/\"}}]}<\/script>\n<!-- \/ Yoast SEO plugin. -->","yoast_head_json":{"title":"Eduard Nackter Flachanh\u00c4nger mit Unteren R\u00c4dern - Zul\u00e4ssiges Gesamtgewicht: 2000 Kg - 2 Gebremste Achsen - 406 X 180 Cm - Sagrinex \u2013 Anhaenger, Container &amp; Landtechnik \ud83c\udf3e\ud83d\ude9c","robots":{"index":"index","follow":"follow","max-snippet":"max-snippet:-1","max-image-preview":"max-image-preview:large","max-video-preview":"max-video-preview:-1"},"canonical":"https:\/\/sagrinex.com\/produit\/eduard-nackter-flachanhaenger-mit-unteren-raedern-zulaessiges-gesamtgewicht-2000-kg-2-gebremste-achsen-406-x-180-cm\/?lang=de","og_locale":"de_DE","og_type":"article","og_title":"Eduard Nackter Flachanh\u00c4nger mit Unteren R\u00c4dern - Zul\u00e4ssiges Gesamtgewicht: 2000 Kg - 2 Gebremste Achsen - 406 X 180 Cm - Sagrinex \u2013 Anhaenger, Container &amp; Landtechnik \ud83c\udf3e\ud83d\ude9c","og_description":"Dieses nackte Deck von Eduard ist das Basismodell ohne Optionen mit einem zul\u00e4ssigen Gesamtgewicht von mindestens 2000 kg und einer Mindestnutzlast von 1582 kg. Gesamtgewicht: mindestens 2000 kg | maximal 3500 kg  Leermasse: 418 kg  Nutzlast: Mini von 1582 kg | maximal 2961 kg  N\u00fctzliche Abmessungen: 406 x 180 cm  Gesamtabmessungen: 556 x 188 x H63 cm  Anh\u00e4ngerkupplung \/ Bodenh\u00f6he: 56\/63\/72 cm (3 Auswahlm\u00f6glichkeiten)  Achswiderstand(e): 2 x 1000 kg  Etage: Rutschfester CP  Pfeil: Feuerverzinkt V  Kopf gebremst: Ja  Fahrgestelltyp: Feuerverzinkt  R\u00e4der: 185\/70R13  Ausr\u00fcstung: Eine gro\u00dfe Auswahl an Ausstattungen auf Anfrage (Bordw\u00e4nde, Gitterverbreiterungen, St\u00fctzrad, abgesenkt, abgesenkt, Rampen etc.)","og_url":"https:\/\/sagrinex.com\/produit\/eduard-nackter-flachanhaenger-mit-unteren-raedern-zulaessiges-gesamtgewicht-2000-kg-2-gebremste-achsen-406-x-180-cm\/?lang=de","og_site_name":"Sagrinex \u2013 Anhaenger, Container &amp; Landtechnik \ud83c\udf3e\ud83d\ude9c","article_modified_time":"2026-04-15T21:12:27+00:00","og_image":[{"width":1000,"height":654,"url":"https:\/\/sagrinex.com\/wp-content\/uploads\/2026\/03\/Image-35-2.jpeg","type":"image\/jpeg"}],"twitter_card":"summary_large_image","twitter_misc":{"Gesch\u00e4tzte Lesezeit":"1\u00a0Minute"},"schema":{"@context":"https:\/\/schema.org","@graph":[{"@type":"WebPage","@id":"https:\/\/sagrinex.com\/produit\/eduard-nackter-flachanhaenger-mit-unteren-raedern-zulaessiges-gesamtgewicht-2000-kg-2-gebremste-achsen-406-x-180-cm\/?lang=de","url":"https:\/\/sagrinex.com\/produit\/eduard-nackter-flachanhaenger-mit-unteren-raedern-zulaessiges-gesamtgewicht-2000-kg-2-gebremste-achsen-406-x-180-cm\/?lang=de","name":"Eduard Nackter Flachanh\u00c4nger mit Unteren R\u00c4dern - Zul\u00e4ssiges Gesamtgewicht: 2000 Kg - 2 Gebremste Achsen - 406 X 180 Cm - Sagrinex \u2013 Anhaenger, Container &amp; Landtechnik \ud83c\udf3e\ud83d\ude9c","isPartOf":{"@id":"https:\/\/sagrinex.com\/#website"},"primaryImageOfPage":{"@id":"https:\/\/sagrinex.com\/produit\/eduard-nackter-flachanhaenger-mit-unteren-raedern-zulaessiges-gesamtgewicht-2000-kg-2-gebremste-achsen-406-x-180-cm\/?lang=de#primaryimage"},"image":{"@id":"https:\/\/sagrinex.com\/produit\/eduard-nackter-flachanhaenger-mit-unteren-raedern-zulaessiges-gesamtgewicht-2000-kg-2-gebremste-achsen-406-x-180-cm\/?lang=de#primaryimage"},"thumbnailUrl":"https:\/\/sagrinex.com\/wp-content\/uploads\/2026\/03\/Image-35-2.jpeg","datePublished":"2026-04-15T16:11:18+00:00","dateModified":"2026-04-15T21:12:27+00:00","breadcrumb":{"@id":"https:\/\/sagrinex.com\/produit\/eduard-nackter-flachanhaenger-mit-unteren-raedern-zulaessiges-gesamtgewicht-2000-kg-2-gebremste-achsen-406-x-180-cm\/?lang=de#breadcrumb"},"inLanguage":"de","potentialAction":[{"@type":"ReadAction","target":["https:\/\/sagrinex.com\/produit\/eduard-nackter-flachanhaenger-mit-unteren-raedern-zulaessiges-gesamtgewicht-2000-kg-2-gebremste-achsen-406-x-180-cm\/?lang=de"]}]},{"@type":"ImageObject","inLanguage":"de","@id":"https:\/\/sagrinex.com\/produit\/eduard-nackter-flachanhaenger-mit-unteren-raedern-zulaessiges-gesamtgewicht-2000-kg-2-gebremste-achsen-406-x-180-cm\/?lang=de#primaryimage","url":"https:\/\/sagrinex.com\/wp-content\/uploads\/2026\/03\/Image-35-2.jpeg","contentUrl":"https:\/\/sagrinex.com\/wp-content\/uploads\/2026\/03\/Image-35-2.jpeg","width":1000,"height":654},{"@type":"BreadcrumbList","@id":"https:\/\/sagrinex.com\/produit\/eduard-nackter-flachanhaenger-mit-unteren-raedern-zulaessiges-gesamtgewicht-2000-kg-2-gebremste-achsen-406-x-180-cm\/?lang=de#breadcrumb","itemListElement":[{"@type":"ListItem","position":1,"name":"Accueil","item":"https:\/\/sagrinex.com\/?lang=de"},{"@type":"ListItem","position":2,"name":"Shop","item":"https:\/\/sagrinex.com\/shop\/"},{"@type":"ListItem","position":3,"name":"Eduard Nackter Flachanh\u00c4nger mit Unteren R\u00c4dern &#8211; Zul\u00e4ssiges Gesamtgewicht: 2000 Kg &#8211; 2 Gebremste Achsen &#8211; 406 X 180 Cm"}]},{"@type":"WebSite","@id":"https:\/\/sagrinex.com\/#website","url":"https:\/\/sagrinex.com\/","name":"Sagrinex \u2013 Spezialist f\u00fcr Anh\u00e4nger, Container & Landtechnik","description":"Anhaenger, Container &amp; Landtechnik \u2014 Online-Verkauf &amp; kostenloses Angebot","publisher":{"@id":"https:\/\/sagrinex.com\/#organization"},"potentialAction":[{"@type":"SearchAction","target":{"@type":"EntryPoint","urlTemplate":"https:\/\/sagrinex.com\/?s={search_term_string}"},"query-input":{"@type":"PropertyValueSpecification","valueRequired":true,"valueName":"search_term_string"}}],"inLanguage":"de"},{"@type":"Organization","@id":"https:\/\/sagrinex.com\/#organization","name":"Sagrinex \u2013 Remorques, Conteneurs & Mat\u00e9riel Agricole","url":"https:\/\/sagrinex.com\/","logo":{"@type":"ImageObject","inLanguage":"de","@id":"https:\/\/sagrinex.com\/#\/schema\/logo\/image\/","url":"https:\/\/sagrinex.com\/wp-content\/uploads\/2026\/03\/7f1ac463-ef5a-425d-bdd6-a5da03a334a9-1024x683.png","contentUrl":"https:\/\/sagrinex.com\/wp-content\/uploads\/2026\/03\/7f1ac463-ef5a-425d-bdd6-a5da03a334a9-1024x683.png","width":1024,"height":683,"caption":"Sagrinex \u2013 Remorques, Conteneurs & Mat\u00e9riel Agricole"},"image":{"@id":"https:\/\/sagrinex.com\/#\/schema\/logo\/image\/"}}]}},"jetpack_sharing_enabled":true,"_links":{"self":[{"href":"https:\/\/sagrinex.com\/de\/wp-json\/wp\/v2\/product\/17282","targetHints":{"allow":["GET"]}}],"collection":[{"href":"https:\/\/sagrinex.com\/de\/wp-json\/wp\/v2\/product"}],"about":[{"href":"https:\/\/sagrinex.com\/de\/wp-json\/wp\/v2\/types\/product"}],"replies":[{"embeddable":true,"href":"https:\/\/sagrinex.com\/de\/wp-json\/wp\/v2\/comments?post=17282"}],"version-history":[{"count":0,"href":"https:\/\/sagrinex.com\/de\/wp-json\/wp\/v2\/product\/17282\/revisions"}],"wp:featuredmedia":[{"embeddable":true,"href":"https:\/\/sagrinex.com\/de\/wp-json\/wp\/v2\/media\/11021"}],"wp:attachment":[{"href":"https:\/\/sagrinex.com\/de\/wp-json\/wp\/v2\/media?parent=17282"}],"wp:term":[{"taxonomy":"product_brand","embeddable":true,"href":"https:\/\/sagrinex.com\/de\/wp-json\/wp\/v2\/product_brand?post=17282"},{"taxonomy":"product_cat","embeddable":true,"href":"https:\/\/sagrinex.com\/de\/wp-json\/wp\/v2\/product_cat?post=17282"},{"taxonomy":"product_tag","embeddable":true,"href":"https:\/\/sagrinex.com\/de\/wp-json\/wp\/v2\/product_tag?post=17282"}],"curies":[{"name":"wp","href":"https:\/\/api.w.org\/{rel}","templated":true}]}}