{"id":17283,"date":"2026-04-15T16:11:40","date_gmt":"2026-04-15T16:11:40","guid":{"rendered":"https:\/\/sagrinex.com\/produit\/boro-indiana-ii-8-0-zweiwagenwagen-2-achsen-zulaessiges-gesamtgewicht-3500-kg-800-x-200-cm\/"},"modified":"2026-04-15T21:12:27","modified_gmt":"2026-04-15T21:12:27","slug":"boro-indiana-ii-8-0-zweiwagenwagen-2-achsen-zulaessiges-gesamtgewicht-3500-kg-800-x-200-cm","status":"publish","type":"product","link":"https:\/\/sagrinex.com\/de\/produit\/boro-indiana-ii-8-0-zweiwagenwagen-2-achsen-zulaessiges-gesamtgewicht-3500-kg-800-x-200-cm\/","title":{"rendered":"Boro Indiana II 8.0 Zweiwagenwagen \u2013 2 Achsen \u2013 Zul\u00e4ssiges Gesamtgewicht: 3500 Kg \u2013 800 X 200 Cm"},"content":{"rendered":"<h2>VERWENDEN<\/h2>\n<p>Mit seinem\u00a0<strong>PTAC<\/strong>\u00a0Von 3500 Kg, dieser Anh\u00e4nger tr\u00e4gt zwei Autos und kann t\u00e4glich f\u00fcr den Transport von Fahrzeugen von einem\u00a0<strong>verwendet werden maximales Gewicht\u00a0<\/strong>von 2500 kg (Stadtauto Typ Clio, 206\/7\/8, C3\/C4, Smart, Mini, M\u00e9gane, Polo, Golf, Passat, Laguna, 406\/407, 4\u00d74, Transporter usw.).<\/p>\n<p>Das\u00a0<strong>unterschiedliche Standardausstattung<\/strong>\u00a0Erlaube ein<strong>\u00a0erh\u00f6hte Sicherheit<\/strong>\u00a0Ihrer Ladung:<\/p>\n<ul>\n<li><strong>Ersatzrad<\/strong>\u00a0(um im Falle eines schweren Unfalls auf der Stra\u00dfe immer einen Plan B zu haben)<\/li>\n<li><strong>Winde + Windenhalterung<\/strong>\u00a0(mit einer maximalen Tragf\u00e4higkeit von 1200 kg bei einem Gef\u00e4lle von 20 %)<\/li>\n<li><strong>4 Unterlegkeile<\/strong>\u00a0(zur Stabilisierung Ihres abgeschleppten Fahrzeugs w\u00e4hrend der Fahrt)<\/li>\n<\/ul>\n<p><em><strong>F\u00fcr Autotransporter ist die Erstellung eines Fahrzeugscheins erforderlich (zul\u00e4ssiges Gesamtgewicht > 500 kg).<\/strong><\/em><\/p>\n<h2>DER VORTEIL DER BORO-AUTOTR\u00c4GER<\/h2>\n<ul>\n<li>Robustes Design und einfache Bedienung durch Neigung des Fahrgestells.<\/li>\n<li>Von Profis gesch\u00e4tzte Standardausr\u00fcstung<\/li>\n<li>Ein Konz<\/li>\n<li>Viele Serienoptionen.<\/li>\n<\/ul>\n","protected":false},"excerpt":{"rendered":"<p>Dieser Anh\u00e4nger tr\u00e4gt zwei Autos der Marke BORO und erm\u00f6glicht Ihnen den sicheren und vereinfachten Transport von zwei Fahrzeugen mit v\u00f6lliger Sicherheit auf allen Stra\u00dfentypen (maximales Fahrzeuggewicht 2500 kg).<\/p>\n<div class=\"mod_fa_champspersonnalisables_v14_liste\">\n<div class=\"mod_fa_champspersonnalisables_v14_titre\"><strong>Gesamtgewicht: <\/strong><span class=\"mod_fa_champspersonnalisables_v14_valeur\">3500 kg<\/span><\/div>\n<\/div>\n<div class=\"mod_fa_champspersonnalisables_v14_liste\">\n<div class=\"mod_fa_champspersonnalisables_v14_titre\"><strong>Leermasse: <\/strong><span class=\"mod_fa_champspersonnalisables_v14_valeur\">1000 kg<\/span><\/div>\n<\/div>\n<div class=\"mod_fa_champspersonnalisables_v14_liste\">\n<div class=\"mod_fa_champspersonnalisables_v14_titre\"><strong>Nutzlast: <\/strong><span class=\"mod_fa_champspersonnalisables_v14_valeur\">2500 kg<\/span><\/div>\n<\/div>\n<div class=\"mod_fa_champspersonnalisables_v14_liste\">\n<div class=\"mod_fa_champspersonnalisables_v14_titre\"><strong>N\u00fctzliche Abmessungen: <\/strong><span class=\"mod_fa_champspersonnalisables_v14_valeur\">800 x 200 cm<\/span><\/div>\n<\/div>\n<div class=\"mod_fa_champspersonnalisables_v14_liste\">\n<div class=\"mod_fa_champspersonnalisables_v14_titre\"><strong>Pfeil: <\/strong><span class=\"mod_fa_champspersonnalisables_v14_valeur\">Feuerverzinkt V<\/span><\/div>\n<\/div>\n<div class=\"mod_fa_champspersonnalisables_v14_liste\">\n<div class=\"mod_fa_champspersonnalisables_v14_titre\"><strong>Kopf gebremst: <\/strong><span class=\"mod_fa_champspersonnalisables_v14_valeur\">Ja<\/span><\/div>\n<\/div>\n<div class=\"mod_fa_champspersonnalisables_v14_liste\">\n<div class=\"mod_fa_champspersonnalisables_v14_titre\"><strong>Fahrgestelltyp: <\/strong><span class=\"mod_fa_champspersonnalisables_v14_valeur\">Feuerverzinkt<\/span><\/div>\n<\/div>\n<div class=\"mod_fa_champspersonnalisables_v14_liste\">\n<div class=\"mod_fa_champspersonnalisables_v14_titre\"><strong>R\u00e4der: <\/strong><span class=\"mod_fa_champspersonnalisables_v14_valeur\">195\/50R13C verst\u00e4rkt<\/span><\/div>\n<\/div>\n<div class=\"mod_fa_champspersonnalisables_v14_liste\">\n<div class=\"mod_fa_champspersonnalisables_v14_titre\"><strong>Ausr\u00fcstung: <\/strong><span class=\"mod_fa_champspersonnalisables_v14_valeur\">2 Aufstiegsrampen + Rampengeh\u00e4use \/ automatisches St\u00fctzrad \/ Winde + St\u00fctze \/ Reserverad + St\u00fctze \/ Unterlegkeile<\/span><\/div>\n<\/div>\n","protected":false},"featured_media":11015,"comment_status":"open","ping_status":"closed","template":"","meta":[],"product_brand":[],"product_cat":[359,352],"product_tag":[],"class_list":{"0":"post-17283","1":"product","2":"type-product","3":"status-publish","4":"has-post-thumbnail","6":"product_cat-autotransportanhaenger","7":"product_cat-unsere-trailer","9":"first","10":"instock","11":"shipping-taxable","12":"purchasable","13":"product-type-simple"},"yoast_head":"<!-- This site is optimized with the Yoast SEO plugin v27.5 - https:\/\/yoast.com\/product\/yoast-seo-wordpress\/ -->\n<title>Boro Indiana II 8.0 Zweiwagenwagen \u2013 2 Achsen \u2013 Zul\u00e4ssiges Gesamtgewicht: 3500 Kg \u2013 800 X 200 Cm - Sagrinex \u2013 Anhaenger, Container &amp; Landtechnik \ud83c\udf3e\ud83d\ude9c<\/title>\n<meta name=\"robots\" content=\"index, follow, max-snippet:-1, max-image-preview:large, max-video-preview:-1\" \/>\n<link rel=\"canonical\" href=\"https:\/\/sagrinex.com\/produit\/boro-indiana-ii-8-0-zweiwagenwagen-2-achsen-zulaessiges-gesamtgewicht-3500-kg-800-x-200-cm\/?lang=de\" \/>\n<meta property=\"og:locale\" content=\"de_DE\" \/>\n<meta property=\"og:type\" content=\"article\" \/>\n<meta property=\"og:title\" content=\"Boro Indiana II 8.0 Zweiwagenwagen \u2013 2 Achsen \u2013 Zul\u00e4ssiges Gesamtgewicht: 3500 Kg \u2013 800 X 200 Cm - Sagrinex \u2013 Anhaenger, Container &amp; Landtechnik \ud83c\udf3e\ud83d\ude9c\" \/>\n<meta property=\"og:description\" content=\"Dieser Anh\u00e4nger tr\u00e4gt zwei Autos der Marke BORO und erm\u00f6glicht Ihnen den sicheren und vereinfachten Transport von zwei Fahrzeugen mit v\u00f6lliger Sicherheit auf allen Stra\u00dfentypen (maximales Fahrzeuggewicht 2500 kg). Gesamtgewicht: 3500 kg  Leermasse: 1000 kg  Nutzlast: 2500 kg  N\u00fctzliche Abmessungen: 800 x 200 cm  Pfeil: Feuerverzinkt V  Kopf gebremst: Ja  Fahrgestelltyp: Feuerverzinkt  R\u00e4der: 195\/50R13C verst\u00e4rkt  Ausr\u00fcstung: 2 Aufstiegsrampen + Rampengeh\u00e4use \/ automatisches St\u00fctzrad \/ Winde + St\u00fctze \/ Reserverad + St\u00fctze \/ Unterlegkeile\" \/>\n<meta property=\"og:url\" content=\"https:\/\/sagrinex.com\/produit\/boro-indiana-ii-8-0-zweiwagenwagen-2-achsen-zulaessiges-gesamtgewicht-3500-kg-800-x-200-cm\/?lang=de\" \/>\n<meta property=\"og:site_name\" content=\"Sagrinex \u2013 Anhaenger, Container &amp; Landtechnik \ud83c\udf3e\ud83d\ude9c\" \/>\n<meta property=\"article:modified_time\" content=\"2026-04-15T21:12:27+00:00\" \/>\n<meta property=\"og:image\" content=\"https:\/\/sagrinex.com\/wp-content\/uploads\/2026\/03\/Image-29-2.jpeg\" \/>\n\t<meta property=\"og:image:width\" content=\"1611\" \/>\n\t<meta property=\"og:image:height\" content=\"1145\" \/>\n\t<meta property=\"og:image:type\" content=\"image\/jpeg\" \/>\n<meta name=\"twitter:card\" content=\"summary_large_image\" \/>\n<meta name=\"twitter:label1\" content=\"Gesch\u00e4tzte Lesezeit\" \/>\n\t<meta name=\"twitter:data1\" content=\"1\u00a0Minute\" \/>\n<script type=\"application\/ld+json\" class=\"yoast-schema-graph\">{\"@context\":\"https:\\\/\\\/schema.org\",\"@graph\":[{\"@type\":\"WebPage\",\"@id\":\"https:\\\/\\\/sagrinex.com\\\/produit\\\/boro-indiana-ii-8-0-zweiwagenwagen-2-achsen-zulaessiges-gesamtgewicht-3500-kg-800-x-200-cm\\\/?lang=de\",\"url\":\"https:\\\/\\\/sagrinex.com\\\/produit\\\/boro-indiana-ii-8-0-zweiwagenwagen-2-achsen-zulaessiges-gesamtgewicht-3500-kg-800-x-200-cm\\\/?lang=de\",\"name\":\"Boro Indiana II 8.0 Zweiwagenwagen \u2013 2 Achsen \u2013 Zul\u00e4ssiges Gesamtgewicht: 3500 Kg \u2013 800 X 200 Cm - Sagrinex \u2013 Anhaenger, Container &amp; Landtechnik \ud83c\udf3e\ud83d\ude9c\",\"isPartOf\":{\"@id\":\"https:\\\/\\\/sagrinex.com\\\/#website\"},\"primaryImageOfPage\":{\"@id\":\"https:\\\/\\\/sagrinex.com\\\/produit\\\/boro-indiana-ii-8-0-zweiwagenwagen-2-achsen-zulaessiges-gesamtgewicht-3500-kg-800-x-200-cm\\\/?lang=de#primaryimage\"},\"image\":{\"@id\":\"https:\\\/\\\/sagrinex.com\\\/produit\\\/boro-indiana-ii-8-0-zweiwagenwagen-2-achsen-zulaessiges-gesamtgewicht-3500-kg-800-x-200-cm\\\/?lang=de#primaryimage\"},\"thumbnailUrl\":\"https:\\\/\\\/sagrinex.com\\\/wp-content\\\/uploads\\\/2026\\\/03\\\/Image-29-2.jpeg\",\"datePublished\":\"2026-04-15T16:11:40+00:00\",\"dateModified\":\"2026-04-15T21:12:27+00:00\",\"breadcrumb\":{\"@id\":\"https:\\\/\\\/sagrinex.com\\\/produit\\\/boro-indiana-ii-8-0-zweiwagenwagen-2-achsen-zulaessiges-gesamtgewicht-3500-kg-800-x-200-cm\\\/?lang=de#breadcrumb\"},\"inLanguage\":\"de\",\"potentialAction\":[{\"@type\":\"ReadAction\",\"target\":[\"https:\\\/\\\/sagrinex.com\\\/produit\\\/boro-indiana-ii-8-0-zweiwagenwagen-2-achsen-zulaessiges-gesamtgewicht-3500-kg-800-x-200-cm\\\/?lang=de\"]}]},{\"@type\":\"ImageObject\",\"inLanguage\":\"de\",\"@id\":\"https:\\\/\\\/sagrinex.com\\\/produit\\\/boro-indiana-ii-8-0-zweiwagenwagen-2-achsen-zulaessiges-gesamtgewicht-3500-kg-800-x-200-cm\\\/?lang=de#primaryimage\",\"url\":\"https:\\\/\\\/sagrinex.com\\\/wp-content\\\/uploads\\\/2026\\\/03\\\/Image-29-2.jpeg\",\"contentUrl\":\"https:\\\/\\\/sagrinex.com\\\/wp-content\\\/uploads\\\/2026\\\/03\\\/Image-29-2.jpeg\",\"width\":1611,\"height\":1145},{\"@type\":\"BreadcrumbList\",\"@id\":\"https:\\\/\\\/sagrinex.com\\\/produit\\\/boro-indiana-ii-8-0-zweiwagenwagen-2-achsen-zulaessiges-gesamtgewicht-3500-kg-800-x-200-cm\\\/?lang=de#breadcrumb\",\"itemListElement\":[{\"@type\":\"ListItem\",\"position\":1,\"name\":\"Accueil\",\"item\":\"https:\\\/\\\/sagrinex.com\\\/?lang=de\"},{\"@type\":\"ListItem\",\"position\":2,\"name\":\"Shop\",\"item\":\"https:\\\/\\\/sagrinex.com\\\/shop\\\/\"},{\"@type\":\"ListItem\",\"position\":3,\"name\":\"Boro Indiana II 8.0 Zweiwagenwagen \u2013 2 Achsen \u2013 Zul\u00e4ssiges Gesamtgewicht: 3500 Kg \u2013 800 X 200 Cm\"}]},{\"@type\":\"WebSite\",\"@id\":\"https:\\\/\\\/sagrinex.com\\\/#website\",\"url\":\"https:\\\/\\\/sagrinex.com\\\/\",\"name\":\"Sagrinex \u2013 Spezialist f\u00fcr Anh\u00e4nger, Container & Landtechnik\",\"description\":\"Anhaenger, Container &amp; Landtechnik \u2014 Online-Verkauf &amp; kostenloses Angebot\",\"publisher\":{\"@id\":\"https:\\\/\\\/sagrinex.com\\\/#organization\"},\"potentialAction\":[{\"@type\":\"SearchAction\",\"target\":{\"@type\":\"EntryPoint\",\"urlTemplate\":\"https:\\\/\\\/sagrinex.com\\\/?s={search_term_string}\"},\"query-input\":{\"@type\":\"PropertyValueSpecification\",\"valueRequired\":true,\"valueName\":\"search_term_string\"}}],\"inLanguage\":\"de\"},{\"@type\":\"Organization\",\"@id\":\"https:\\\/\\\/sagrinex.com\\\/#organization\",\"name\":\"Sagrinex \u2013 Remorques, Conteneurs & Mat\u00e9riel Agricole\",\"url\":\"https:\\\/\\\/sagrinex.com\\\/\",\"logo\":{\"@type\":\"ImageObject\",\"inLanguage\":\"de\",\"@id\":\"https:\\\/\\\/sagrinex.com\\\/#\\\/schema\\\/logo\\\/image\\\/\",\"url\":\"https:\\\/\\\/sagrinex.com\\\/wp-content\\\/uploads\\\/2026\\\/03\\\/7f1ac463-ef5a-425d-bdd6-a5da03a334a9-1024x683.png\",\"contentUrl\":\"https:\\\/\\\/sagrinex.com\\\/wp-content\\\/uploads\\\/2026\\\/03\\\/7f1ac463-ef5a-425d-bdd6-a5da03a334a9-1024x683.png\",\"width\":1024,\"height\":683,\"caption\":\"Sagrinex \u2013 Remorques, Conteneurs & Mat\u00e9riel Agricole\"},\"image\":{\"@id\":\"https:\\\/\\\/sagrinex.com\\\/#\\\/schema\\\/logo\\\/image\\\/\"}}]}<\/script>\n<!-- \/ Yoast SEO plugin. -->","yoast_head_json":{"title":"Boro Indiana II 8.0 Zweiwagenwagen \u2013 2 Achsen \u2013 Zul\u00e4ssiges Gesamtgewicht: 3500 Kg \u2013 800 X 200 Cm - Sagrinex \u2013 Anhaenger, Container &amp; Landtechnik \ud83c\udf3e\ud83d\ude9c","robots":{"index":"index","follow":"follow","max-snippet":"max-snippet:-1","max-image-preview":"max-image-preview:large","max-video-preview":"max-video-preview:-1"},"canonical":"https:\/\/sagrinex.com\/produit\/boro-indiana-ii-8-0-zweiwagenwagen-2-achsen-zulaessiges-gesamtgewicht-3500-kg-800-x-200-cm\/?lang=de","og_locale":"de_DE","og_type":"article","og_title":"Boro Indiana II 8.0 Zweiwagenwagen \u2013 2 Achsen \u2013 Zul\u00e4ssiges Gesamtgewicht: 3500 Kg \u2013 800 X 200 Cm - Sagrinex \u2013 Anhaenger, Container &amp; Landtechnik \ud83c\udf3e\ud83d\ude9c","og_description":"Dieser Anh\u00e4nger tr\u00e4gt zwei Autos der Marke BORO und erm\u00f6glicht Ihnen den sicheren und vereinfachten Transport von zwei Fahrzeugen mit v\u00f6lliger Sicherheit auf allen Stra\u00dfentypen (maximales Fahrzeuggewicht 2500 kg). Gesamtgewicht: 3500 kg  Leermasse: 1000 kg  Nutzlast: 2500 kg  N\u00fctzliche Abmessungen: 800 x 200 cm  Pfeil: Feuerverzinkt V  Kopf gebremst: Ja  Fahrgestelltyp: Feuerverzinkt  R\u00e4der: 195\/50R13C verst\u00e4rkt  Ausr\u00fcstung: 2 Aufstiegsrampen + Rampengeh\u00e4use \/ automatisches St\u00fctzrad \/ Winde + St\u00fctze \/ Reserverad + St\u00fctze \/ Unterlegkeile","og_url":"https:\/\/sagrinex.com\/produit\/boro-indiana-ii-8-0-zweiwagenwagen-2-achsen-zulaessiges-gesamtgewicht-3500-kg-800-x-200-cm\/?lang=de","og_site_name":"Sagrinex \u2013 Anhaenger, Container &amp; Landtechnik \ud83c\udf3e\ud83d\ude9c","article_modified_time":"2026-04-15T21:12:27+00:00","og_image":[{"width":1611,"height":1145,"url":"https:\/\/sagrinex.com\/wp-content\/uploads\/2026\/03\/Image-29-2.jpeg","type":"image\/jpeg"}],"twitter_card":"summary_large_image","twitter_misc":{"Gesch\u00e4tzte Lesezeit":"1\u00a0Minute"},"schema":{"@context":"https:\/\/schema.org","@graph":[{"@type":"WebPage","@id":"https:\/\/sagrinex.com\/produit\/boro-indiana-ii-8-0-zweiwagenwagen-2-achsen-zulaessiges-gesamtgewicht-3500-kg-800-x-200-cm\/?lang=de","url":"https:\/\/sagrinex.com\/produit\/boro-indiana-ii-8-0-zweiwagenwagen-2-achsen-zulaessiges-gesamtgewicht-3500-kg-800-x-200-cm\/?lang=de","name":"Boro Indiana II 8.0 Zweiwagenwagen \u2013 2 Achsen \u2013 Zul\u00e4ssiges Gesamtgewicht: 3500 Kg \u2013 800 X 200 Cm - Sagrinex \u2013 Anhaenger, Container &amp; Landtechnik \ud83c\udf3e\ud83d\ude9c","isPartOf":{"@id":"https:\/\/sagrinex.com\/#website"},"primaryImageOfPage":{"@id":"https:\/\/sagrinex.com\/produit\/boro-indiana-ii-8-0-zweiwagenwagen-2-achsen-zulaessiges-gesamtgewicht-3500-kg-800-x-200-cm\/?lang=de#primaryimage"},"image":{"@id":"https:\/\/sagrinex.com\/produit\/boro-indiana-ii-8-0-zweiwagenwagen-2-achsen-zulaessiges-gesamtgewicht-3500-kg-800-x-200-cm\/?lang=de#primaryimage"},"thumbnailUrl":"https:\/\/sagrinex.com\/wp-content\/uploads\/2026\/03\/Image-29-2.jpeg","datePublished":"2026-04-15T16:11:40+00:00","dateModified":"2026-04-15T21:12:27+00:00","breadcrumb":{"@id":"https:\/\/sagrinex.com\/produit\/boro-indiana-ii-8-0-zweiwagenwagen-2-achsen-zulaessiges-gesamtgewicht-3500-kg-800-x-200-cm\/?lang=de#breadcrumb"},"inLanguage":"de","potentialAction":[{"@type":"ReadAction","target":["https:\/\/sagrinex.com\/produit\/boro-indiana-ii-8-0-zweiwagenwagen-2-achsen-zulaessiges-gesamtgewicht-3500-kg-800-x-200-cm\/?lang=de"]}]},{"@type":"ImageObject","inLanguage":"de","@id":"https:\/\/sagrinex.com\/produit\/boro-indiana-ii-8-0-zweiwagenwagen-2-achsen-zulaessiges-gesamtgewicht-3500-kg-800-x-200-cm\/?lang=de#primaryimage","url":"https:\/\/sagrinex.com\/wp-content\/uploads\/2026\/03\/Image-29-2.jpeg","contentUrl":"https:\/\/sagrinex.com\/wp-content\/uploads\/2026\/03\/Image-29-2.jpeg","width":1611,"height":1145},{"@type":"BreadcrumbList","@id":"https:\/\/sagrinex.com\/produit\/boro-indiana-ii-8-0-zweiwagenwagen-2-achsen-zulaessiges-gesamtgewicht-3500-kg-800-x-200-cm\/?lang=de#breadcrumb","itemListElement":[{"@type":"ListItem","position":1,"name":"Accueil","item":"https:\/\/sagrinex.com\/?lang=de"},{"@type":"ListItem","position":2,"name":"Shop","item":"https:\/\/sagrinex.com\/shop\/"},{"@type":"ListItem","position":3,"name":"Boro Indiana II 8.0 Zweiwagenwagen \u2013 2 Achsen \u2013 Zul\u00e4ssiges Gesamtgewicht: 3500 Kg \u2013 800 X 200 Cm"}]},{"@type":"WebSite","@id":"https:\/\/sagrinex.com\/#website","url":"https:\/\/sagrinex.com\/","name":"Sagrinex \u2013 Spezialist f\u00fcr Anh\u00e4nger, Container & Landtechnik","description":"Anhaenger, Container &amp; Landtechnik \u2014 Online-Verkauf &amp; kostenloses Angebot","publisher":{"@id":"https:\/\/sagrinex.com\/#organization"},"potentialAction":[{"@type":"SearchAction","target":{"@type":"EntryPoint","urlTemplate":"https:\/\/sagrinex.com\/?s={search_term_string}"},"query-input":{"@type":"PropertyValueSpecification","valueRequired":true,"valueName":"search_term_string"}}],"inLanguage":"de"},{"@type":"Organization","@id":"https:\/\/sagrinex.com\/#organization","name":"Sagrinex \u2013 Remorques, Conteneurs & Mat\u00e9riel Agricole","url":"https:\/\/sagrinex.com\/","logo":{"@type":"ImageObject","inLanguage":"de","@id":"https:\/\/sagrinex.com\/#\/schema\/logo\/image\/","url":"https:\/\/sagrinex.com\/wp-content\/uploads\/2026\/03\/7f1ac463-ef5a-425d-bdd6-a5da03a334a9-1024x683.png","contentUrl":"https:\/\/sagrinex.com\/wp-content\/uploads\/2026\/03\/7f1ac463-ef5a-425d-bdd6-a5da03a334a9-1024x683.png","width":1024,"height":683,"caption":"Sagrinex \u2013 Remorques, Conteneurs & Mat\u00e9riel Agricole"},"image":{"@id":"https:\/\/sagrinex.com\/#\/schema\/logo\/image\/"}}]}},"jetpack_sharing_enabled":true,"_links":{"self":[{"href":"https:\/\/sagrinex.com\/de\/wp-json\/wp\/v2\/product\/17283","targetHints":{"allow":["GET"]}}],"collection":[{"href":"https:\/\/sagrinex.com\/de\/wp-json\/wp\/v2\/product"}],"about":[{"href":"https:\/\/sagrinex.com\/de\/wp-json\/wp\/v2\/types\/product"}],"replies":[{"embeddable":true,"href":"https:\/\/sagrinex.com\/de\/wp-json\/wp\/v2\/comments?post=17283"}],"version-history":[{"count":0,"href":"https:\/\/sagrinex.com\/de\/wp-json\/wp\/v2\/product\/17283\/revisions"}],"wp:featuredmedia":[{"embeddable":true,"href":"https:\/\/sagrinex.com\/de\/wp-json\/wp\/v2\/media\/11015"}],"wp:attachment":[{"href":"https:\/\/sagrinex.com\/de\/wp-json\/wp\/v2\/media?parent=17283"}],"wp:term":[{"taxonomy":"product_brand","embeddable":true,"href":"https:\/\/sagrinex.com\/de\/wp-json\/wp\/v2\/product_brand?post=17283"},{"taxonomy":"product_cat","embeddable":true,"href":"https:\/\/sagrinex.com\/de\/wp-json\/wp\/v2\/product_cat?post=17283"},{"taxonomy":"product_tag","embeddable":true,"href":"https:\/\/sagrinex.com\/de\/wp-json\/wp\/v2\/product_tag?post=17283"}],"curies":[{"name":"wp","href":"https:\/\/api.w.org\/{rel}","templated":true}]}}