{"id":17285,"date":"2026-04-15T16:12:23","date_gmt":"2026-04-15T16:12:23","guid":{"rendered":"https:\/\/sagrinex.com\/produit\/lider-autotraeger-mit-grossen-rampen-2-achsen-gesamtgewicht-2500-kg-394-x-190-cm\/"},"modified":"2026-04-15T21:12:27","modified_gmt":"2026-04-15T21:12:27","slug":"lider-autotraeger-mit-grossen-rampen-2-achsen-gesamtgewicht-2500-kg-394-x-190-cm","status":"publish","type":"product","link":"https:\/\/sagrinex.com\/de\/produit\/lider-autotraeger-mit-grossen-rampen-2-achsen-gesamtgewicht-2500-kg-394-x-190-cm\/","title":{"rendered":"Lider Autotr\u00c4ger mit Gro\u00dfen Rampen &#8211; 2 Achsen &#8211; Gesamtgewicht: 2500 Kg &#8211; 394 X 190 Cm"},"content":{"rendered":"<p> Mit seinem\u00a0<strong>PTAC<\/strong>\u00a0Mit einem Gewicht von 2500 kg kann dieser Pkw-Anh\u00e4nger t\u00e4glich zum Transport eines Fahrzeugs von\u00a0<strong>verwendet werden maximales Gewicht von<\/strong>\u00a0maximal 2000 kg (Stadtauto wie Clio, 206\/7\/8, C3\/C4, Smart, Mini, M\u00e9gane, Polo, Golf usw.).<\/p>\n<p>Dieser Ger\u00e4tetr\u00e4ger verf\u00fcgt \u00fcber eine Multigriff-Seilwinde und erm\u00f6glicht somit das Ziehen mehrerer Modelle mit unterschiedlichen m\u00f6glichen Zugachsen<\/p>\n<p>Das\u00a0<strong>verschiedene Optionen vorgeschlagen<\/strong>\u00a0Erlaube ein<strong>\u00a0erh\u00f6hte Sicherheit<\/strong>\u00a0Ihrer Ladung:<\/p>\n<ul>\n<li><strong>Ersatzrad<\/strong> (um im Falle eines schweren Unfalls auf der Stra\u00dfe immer einen Plan B zu haben)<\/li>\n<li><strong>Winde 1200 kg + Windenunterst\u00fctzung<\/strong>\u00a0(mit einer maximalen Tragf\u00e4higkeit von 1200 kg bei einem Gef\u00e4lle von 20 %)<\/li>\n<li><strong>Unterlegkeil<\/strong>\u00a0(zur Stabilisierung Ihres abgeschleppten Fahrzeugs w\u00e4hrend der Fahrt)<\/li>\n<li><strong>Hydraulischer Kippsatz<\/strong>\u00a0(um die Steigung zu verringern und das Beladen des Fahrzeugs zu erleichtern).<\/li>\n<\/ul>\n<p><em><strong>F\u00fcr Autotransporter ist die Erstellung eines Fahrzeugscheins erforderlich (zul\u00e4ssiges Gesamtgewicht > 500 kg).<\/strong><\/em><\/p>\n<h2>DER VORTEIL DER LIDER-WAGENTR\u00c4GER<\/h2>\n<p>Tr\u00e4gheitsbremsung<\/p>\n<p>Kippbares Tablett mit 2 Federn<\/p>\n<p>2 Kippgriffe<\/p>\n<p>2 gro\u00dfe abnehmbare Rampen 43 x 120 cm<\/p>\n<p>2 Unterlegkeile<\/p>\n<p>1 Winde + St\u00fctze<\/p>\n<p>Boden-\/Bodenh\u00f6he = 46 cm<\/p>\n<p>Gro\u00dfe Nutzfl\u00e4che<\/p>\n<p>Rutschhemmende Fl\u00e4chenbreite = 460 mm<\/p>\n<p>Versenkte R\u00fcckleuchten<\/p>\n","protected":false},"excerpt":{"rendered":"<p>Mit diesem Autoanh\u00e4nger der Marke Lider k\u00f6nnen Sie Ihr Fahrzeug sicher und problemlos auf allen Stra\u00dfentypen transportieren (maximales Fahrzeuggewicht 2000 kg).<\/p>\n<div class=\"mod_fa_champspersonnalisables_v14_liste\">\n<div class=\"mod_fa_champspersonnalisables_v14_titre\"><strong>Gesamtgewicht: <\/strong><span class=\"mod_fa_champspersonnalisables_v14_valeur\">2500 kg<\/span><\/div>\n<\/div>\n<div class=\"mod_fa_champspersonnalisables_v14_liste\">\n<div class=\"mod_fa_champspersonnalisables_v14_titre\"><strong>Leermasse: <\/strong><span class=\"mod_fa_champspersonnalisables_v14_valeur\">580 kg<\/span><\/div>\n<\/div>\n<div class=\"mod_fa_champspersonnalisables_v14_liste\">\n<div class=\"mod_fa_champspersonnalisables_v14_titre\"><strong>Nutzlast: <\/strong><span class=\"mod_fa_champspersonnalisables_v14_valeur\">max. 1920 kg<\/span><\/div>\n<\/div>\n<div class=\"mod_fa_champspersonnalisables_v14_liste\">\n<div class=\"mod_fa_champspersonnalisables_v14_titre\"><strong>N\u00fctzliche Abmessungen: <\/strong><span class=\"mod_fa_champspersonnalisables_v14_valeur\">394 x 190 cm<\/span><\/div>\n<\/div>\n<div class=\"mod_fa_champspersonnalisables_v14_liste\">\n<div class=\"mod_fa_champspersonnalisables_v14_titre\"><strong>Gesamtabmessungen: <\/strong><span class=\"mod_fa_champspersonnalisables_v14_valeur\">547 x 237 x H46 cm<\/span><\/div>\n<\/div>\n<div class=\"mod_fa_champspersonnalisables_v14_liste\">\n<div class=\"mod_fa_champspersonnalisables_v14_titre\"><strong>Nutzh\u00f6he\/Boden: <\/strong><span class=\"mod_fa_champspersonnalisables_v14_valeur\">46 cm<\/span><\/div>\n<\/div>\n<div class=\"mod_fa_champspersonnalisables_v14_liste\">\n<div class=\"mod_fa_champspersonnalisables_v14_titre\"><strong>Achswiderstand(e): <\/strong><span class=\"mod_fa_champspersonnalisables_v14_valeur\">2 x 1300 kg<\/span><\/div>\n<\/div>\n<div class=\"mod_fa_champspersonnalisables_v14_liste\">\n<div class=\"mod_fa_champspersonnalisables_v14_titre\"><strong>Etage: <\/strong><span class=\"mod_fa_champspersonnalisables_v14_valeur\">Option<\/span><\/div>\n<\/div>\n<div class=\"mod_fa_champspersonnalisables_v14_liste\">\n<div class=\"mod_fa_champspersonnalisables_v14_titre\"><strong>Pfeil: <\/strong><span class=\"mod_fa_champspersonnalisables_v14_valeur\">Feuerverzinkt V<\/span><\/div>\n<\/div>\n<div class=\"mod_fa_champspersonnalisables_v14_liste\">\n<div class=\"mod_fa_champspersonnalisables_v14_titre\"><strong>Kopf gebremst: <\/strong><span class=\"mod_fa_champspersonnalisables_v14_valeur\">Ja<\/span><\/div>\n<\/div>\n<div class=\"mod_fa_champspersonnalisables_v14_liste\">\n<div class=\"mod_fa_champspersonnalisables_v14_titre\"><strong>Timon: <\/strong><span class=\"mod_fa_champspersonnalisables_v14_valeur\">Kippen<\/span><\/div>\n<\/div>\n<div class=\"mod_fa_champspersonnalisables_v14_liste\">\n<div class=\"mod_fa_champspersonnalisables_v14_titre\"><strong>Fahrgestelltyp: <\/strong><span class=\"mod_fa_champspersonnalisables_v14_valeur\">Feuerverzinkt<\/span><\/div>\n<\/div>\n<div class=\"mod_fa_champspersonnalisables_v14_liste\">\n<div class=\"mod_fa_champspersonnalisables_v14_titre\"><strong>R\u00e4der: <\/strong><span class=\"mod_fa_champspersonnalisables_v14_valeur\">165R13C<\/span><\/div>\n<\/div>\n<div class=\"mod_fa_champspersonnalisables_v14_liste\">\n<div class=\"mod_fa_champspersonnalisables_v14_titre\"><strong>Ausr\u00fcstung: <\/strong><span class=\"mod_fa_champspersonnalisables_v14_valeur\">2 Rampen 43\u00d730 cm \/ Kippfedern \/ Zurrgriffe \/ Rutschhemmende Auflagebreite 435 mm \/ 2 Kippgriffe \/ Abgesenkter Schwerpunkt f\u00fcr bessere Stra\u00dfenlage \/ Gesch\u00fctzte Einbauleuchten<\/span><\/div>\n<\/div>\n","protected":false},"featured_media":10979,"comment_status":"open","ping_status":"closed","template":"","meta":[],"product_brand":[],"product_cat":[359,352],"product_tag":[],"class_list":{"0":"post-17285","1":"product","2":"type-product","3":"status-publish","4":"has-post-thumbnail","6":"product_cat-autotransportanhaenger","7":"product_cat-unsere-trailer","9":"first","10":"instock","11":"shipping-taxable","12":"purchasable","13":"product-type-simple"},"yoast_head":"<!-- This site is optimized with the Yoast SEO plugin v27.5 - https:\/\/yoast.com\/product\/yoast-seo-wordpress\/ -->\n<title>Lider Autotr\u00c4ger mit Gro\u00dfen Rampen - 2 Achsen - Gesamtgewicht: 2500 Kg - 394 X 190 Cm - Sagrinex \u2013 Anhaenger, Container &amp; Landtechnik \ud83c\udf3e\ud83d\ude9c<\/title>\n<meta name=\"robots\" content=\"index, follow, max-snippet:-1, max-image-preview:large, max-video-preview:-1\" \/>\n<link rel=\"canonical\" href=\"https:\/\/sagrinex.com\/produit\/lider-autotraeger-mit-grossen-rampen-2-achsen-gesamtgewicht-2500-kg-394-x-190-cm\/?lang=de\" \/>\n<meta property=\"og:locale\" content=\"de_DE\" \/>\n<meta property=\"og:type\" content=\"article\" \/>\n<meta property=\"og:title\" content=\"Lider Autotr\u00c4ger mit Gro\u00dfen Rampen - 2 Achsen - Gesamtgewicht: 2500 Kg - 394 X 190 Cm - Sagrinex \u2013 Anhaenger, Container &amp; Landtechnik \ud83c\udf3e\ud83d\ude9c\" \/>\n<meta property=\"og:description\" content=\"Mit diesem Autoanh\u00e4nger der Marke Lider k\u00f6nnen Sie Ihr Fahrzeug sicher und problemlos auf allen Stra\u00dfentypen transportieren (maximales Fahrzeuggewicht 2000 kg). Gesamtgewicht: 2500 kg  Leermasse: 580 kg  Nutzlast: max. 1920 kg  N\u00fctzliche Abmessungen: 394 x 190 cm  Gesamtabmessungen: 547 x 237 x H46 cm  Nutzh\u00f6he\/Boden: 46 cm  Achswiderstand(e): 2 x 1300 kg  Etage: Option  Pfeil: Feuerverzinkt V  Kopf gebremst: Ja  Timon: Kippen  Fahrgestelltyp: Feuerverzinkt  R\u00e4der: 165R13C  Ausr\u00fcstung: 2 Rampen 43\u00d730 cm \/ Kippfedern \/ Zurrgriffe \/ Rutschhemmende Auflagebreite 435 mm \/ 2 Kippgriffe \/ Abgesenkter Schwerpunkt f\u00fcr bessere Stra\u00dfenlage \/ Gesch\u00fctzte Einbauleuchten\" \/>\n<meta property=\"og:url\" content=\"https:\/\/sagrinex.com\/produit\/lider-autotraeger-mit-grossen-rampen-2-achsen-gesamtgewicht-2500-kg-394-x-190-cm\/?lang=de\" \/>\n<meta property=\"og:site_name\" content=\"Sagrinex \u2013 Anhaenger, Container &amp; Landtechnik \ud83c\udf3e\ud83d\ude9c\" \/>\n<meta property=\"article:modified_time\" content=\"2026-04-15T21:12:27+00:00\" \/>\n<meta property=\"og:image\" content=\"https:\/\/sagrinex.com\/wp-content\/uploads\/2026\/03\/Image-3-2.jpeg\" \/>\n\t<meta property=\"og:image:width\" content=\"900\" \/>\n\t<meta property=\"og:image:height\" content=\"508\" \/>\n\t<meta property=\"og:image:type\" content=\"image\/jpeg\" \/>\n<meta name=\"twitter:card\" content=\"summary_large_image\" \/>\n<meta name=\"twitter:label1\" content=\"Gesch\u00e4tzte Lesezeit\" \/>\n\t<meta name=\"twitter:data1\" content=\"1\u00a0Minute\" \/>\n<script type=\"application\/ld+json\" class=\"yoast-schema-graph\">{\"@context\":\"https:\\\/\\\/schema.org\",\"@graph\":[{\"@type\":\"WebPage\",\"@id\":\"https:\\\/\\\/sagrinex.com\\\/produit\\\/lider-autotraeger-mit-grossen-rampen-2-achsen-gesamtgewicht-2500-kg-394-x-190-cm\\\/?lang=de\",\"url\":\"https:\\\/\\\/sagrinex.com\\\/produit\\\/lider-autotraeger-mit-grossen-rampen-2-achsen-gesamtgewicht-2500-kg-394-x-190-cm\\\/?lang=de\",\"name\":\"Lider Autotr\u00c4ger mit Gro\u00dfen Rampen - 2 Achsen - Gesamtgewicht: 2500 Kg - 394 X 190 Cm - Sagrinex \u2013 Anhaenger, Container &amp; Landtechnik \ud83c\udf3e\ud83d\ude9c\",\"isPartOf\":{\"@id\":\"https:\\\/\\\/sagrinex.com\\\/#website\"},\"primaryImageOfPage\":{\"@id\":\"https:\\\/\\\/sagrinex.com\\\/produit\\\/lider-autotraeger-mit-grossen-rampen-2-achsen-gesamtgewicht-2500-kg-394-x-190-cm\\\/?lang=de#primaryimage\"},\"image\":{\"@id\":\"https:\\\/\\\/sagrinex.com\\\/produit\\\/lider-autotraeger-mit-grossen-rampen-2-achsen-gesamtgewicht-2500-kg-394-x-190-cm\\\/?lang=de#primaryimage\"},\"thumbnailUrl\":\"https:\\\/\\\/sagrinex.com\\\/wp-content\\\/uploads\\\/2026\\\/03\\\/Image-3-2.jpeg\",\"datePublished\":\"2026-04-15T16:12:23+00:00\",\"dateModified\":\"2026-04-15T21:12:27+00:00\",\"breadcrumb\":{\"@id\":\"https:\\\/\\\/sagrinex.com\\\/produit\\\/lider-autotraeger-mit-grossen-rampen-2-achsen-gesamtgewicht-2500-kg-394-x-190-cm\\\/?lang=de#breadcrumb\"},\"inLanguage\":\"de\",\"potentialAction\":[{\"@type\":\"ReadAction\",\"target\":[\"https:\\\/\\\/sagrinex.com\\\/produit\\\/lider-autotraeger-mit-grossen-rampen-2-achsen-gesamtgewicht-2500-kg-394-x-190-cm\\\/?lang=de\"]}]},{\"@type\":\"ImageObject\",\"inLanguage\":\"de\",\"@id\":\"https:\\\/\\\/sagrinex.com\\\/produit\\\/lider-autotraeger-mit-grossen-rampen-2-achsen-gesamtgewicht-2500-kg-394-x-190-cm\\\/?lang=de#primaryimage\",\"url\":\"https:\\\/\\\/sagrinex.com\\\/wp-content\\\/uploads\\\/2026\\\/03\\\/Image-3-2.jpeg\",\"contentUrl\":\"https:\\\/\\\/sagrinex.com\\\/wp-content\\\/uploads\\\/2026\\\/03\\\/Image-3-2.jpeg\",\"width\":900,\"height\":508},{\"@type\":\"BreadcrumbList\",\"@id\":\"https:\\\/\\\/sagrinex.com\\\/produit\\\/lider-autotraeger-mit-grossen-rampen-2-achsen-gesamtgewicht-2500-kg-394-x-190-cm\\\/?lang=de#breadcrumb\",\"itemListElement\":[{\"@type\":\"ListItem\",\"position\":1,\"name\":\"Accueil\",\"item\":\"https:\\\/\\\/sagrinex.com\\\/?lang=de\"},{\"@type\":\"ListItem\",\"position\":2,\"name\":\"Shop\",\"item\":\"https:\\\/\\\/sagrinex.com\\\/shop\\\/\"},{\"@type\":\"ListItem\",\"position\":3,\"name\":\"Lider Autotr\u00c4ger mit Gro\u00dfen Rampen &#8211; 2 Achsen &#8211; Gesamtgewicht: 2500 Kg &#8211; 394 X 190 Cm\"}]},{\"@type\":\"WebSite\",\"@id\":\"https:\\\/\\\/sagrinex.com\\\/#website\",\"url\":\"https:\\\/\\\/sagrinex.com\\\/\",\"name\":\"Sagrinex \u2013 Spezialist f\u00fcr Anh\u00e4nger, Container & Landtechnik\",\"description\":\"Anhaenger, Container &amp; Landtechnik \u2014 Online-Verkauf &amp; kostenloses Angebot\",\"publisher\":{\"@id\":\"https:\\\/\\\/sagrinex.com\\\/#organization\"},\"potentialAction\":[{\"@type\":\"SearchAction\",\"target\":{\"@type\":\"EntryPoint\",\"urlTemplate\":\"https:\\\/\\\/sagrinex.com\\\/?s={search_term_string}\"},\"query-input\":{\"@type\":\"PropertyValueSpecification\",\"valueRequired\":true,\"valueName\":\"search_term_string\"}}],\"inLanguage\":\"de\"},{\"@type\":\"Organization\",\"@id\":\"https:\\\/\\\/sagrinex.com\\\/#organization\",\"name\":\"Sagrinex \u2013 Remorques, Conteneurs & Mat\u00e9riel Agricole\",\"url\":\"https:\\\/\\\/sagrinex.com\\\/\",\"logo\":{\"@type\":\"ImageObject\",\"inLanguage\":\"de\",\"@id\":\"https:\\\/\\\/sagrinex.com\\\/#\\\/schema\\\/logo\\\/image\\\/\",\"url\":\"https:\\\/\\\/sagrinex.com\\\/wp-content\\\/uploads\\\/2026\\\/03\\\/7f1ac463-ef5a-425d-bdd6-a5da03a334a9-1024x683.png\",\"contentUrl\":\"https:\\\/\\\/sagrinex.com\\\/wp-content\\\/uploads\\\/2026\\\/03\\\/7f1ac463-ef5a-425d-bdd6-a5da03a334a9-1024x683.png\",\"width\":1024,\"height\":683,\"caption\":\"Sagrinex \u2013 Remorques, Conteneurs & Mat\u00e9riel Agricole\"},\"image\":{\"@id\":\"https:\\\/\\\/sagrinex.com\\\/#\\\/schema\\\/logo\\\/image\\\/\"}}]}<\/script>\n<!-- \/ Yoast SEO plugin. -->","yoast_head_json":{"title":"Lider Autotr\u00c4ger mit Gro\u00dfen Rampen - 2 Achsen - Gesamtgewicht: 2500 Kg - 394 X 190 Cm - Sagrinex \u2013 Anhaenger, Container &amp; Landtechnik \ud83c\udf3e\ud83d\ude9c","robots":{"index":"index","follow":"follow","max-snippet":"max-snippet:-1","max-image-preview":"max-image-preview:large","max-video-preview":"max-video-preview:-1"},"canonical":"https:\/\/sagrinex.com\/produit\/lider-autotraeger-mit-grossen-rampen-2-achsen-gesamtgewicht-2500-kg-394-x-190-cm\/?lang=de","og_locale":"de_DE","og_type":"article","og_title":"Lider Autotr\u00c4ger mit Gro\u00dfen Rampen - 2 Achsen - Gesamtgewicht: 2500 Kg - 394 X 190 Cm - Sagrinex \u2013 Anhaenger, Container &amp; Landtechnik \ud83c\udf3e\ud83d\ude9c","og_description":"Mit diesem Autoanh\u00e4nger der Marke Lider k\u00f6nnen Sie Ihr Fahrzeug sicher und problemlos auf allen Stra\u00dfentypen transportieren (maximales Fahrzeuggewicht 2000 kg). Gesamtgewicht: 2500 kg  Leermasse: 580 kg  Nutzlast: max. 1920 kg  N\u00fctzliche Abmessungen: 394 x 190 cm  Gesamtabmessungen: 547 x 237 x H46 cm  Nutzh\u00f6he\/Boden: 46 cm  Achswiderstand(e): 2 x 1300 kg  Etage: Option  Pfeil: Feuerverzinkt V  Kopf gebremst: Ja  Timon: Kippen  Fahrgestelltyp: Feuerverzinkt  R\u00e4der: 165R13C  Ausr\u00fcstung: 2 Rampen 43\u00d730 cm \/ Kippfedern \/ Zurrgriffe \/ Rutschhemmende Auflagebreite 435 mm \/ 2 Kippgriffe \/ Abgesenkter Schwerpunkt f\u00fcr bessere Stra\u00dfenlage \/ Gesch\u00fctzte Einbauleuchten","og_url":"https:\/\/sagrinex.com\/produit\/lider-autotraeger-mit-grossen-rampen-2-achsen-gesamtgewicht-2500-kg-394-x-190-cm\/?lang=de","og_site_name":"Sagrinex \u2013 Anhaenger, Container &amp; Landtechnik \ud83c\udf3e\ud83d\ude9c","article_modified_time":"2026-04-15T21:12:27+00:00","og_image":[{"width":900,"height":508,"url":"https:\/\/sagrinex.com\/wp-content\/uploads\/2026\/03\/Image-3-2.jpeg","type":"image\/jpeg"}],"twitter_card":"summary_large_image","twitter_misc":{"Gesch\u00e4tzte Lesezeit":"1\u00a0Minute"},"schema":{"@context":"https:\/\/schema.org","@graph":[{"@type":"WebPage","@id":"https:\/\/sagrinex.com\/produit\/lider-autotraeger-mit-grossen-rampen-2-achsen-gesamtgewicht-2500-kg-394-x-190-cm\/?lang=de","url":"https:\/\/sagrinex.com\/produit\/lider-autotraeger-mit-grossen-rampen-2-achsen-gesamtgewicht-2500-kg-394-x-190-cm\/?lang=de","name":"Lider Autotr\u00c4ger mit Gro\u00dfen Rampen - 2 Achsen - Gesamtgewicht: 2500 Kg - 394 X 190 Cm - Sagrinex \u2013 Anhaenger, Container &amp; Landtechnik \ud83c\udf3e\ud83d\ude9c","isPartOf":{"@id":"https:\/\/sagrinex.com\/#website"},"primaryImageOfPage":{"@id":"https:\/\/sagrinex.com\/produit\/lider-autotraeger-mit-grossen-rampen-2-achsen-gesamtgewicht-2500-kg-394-x-190-cm\/?lang=de#primaryimage"},"image":{"@id":"https:\/\/sagrinex.com\/produit\/lider-autotraeger-mit-grossen-rampen-2-achsen-gesamtgewicht-2500-kg-394-x-190-cm\/?lang=de#primaryimage"},"thumbnailUrl":"https:\/\/sagrinex.com\/wp-content\/uploads\/2026\/03\/Image-3-2.jpeg","datePublished":"2026-04-15T16:12:23+00:00","dateModified":"2026-04-15T21:12:27+00:00","breadcrumb":{"@id":"https:\/\/sagrinex.com\/produit\/lider-autotraeger-mit-grossen-rampen-2-achsen-gesamtgewicht-2500-kg-394-x-190-cm\/?lang=de#breadcrumb"},"inLanguage":"de","potentialAction":[{"@type":"ReadAction","target":["https:\/\/sagrinex.com\/produit\/lider-autotraeger-mit-grossen-rampen-2-achsen-gesamtgewicht-2500-kg-394-x-190-cm\/?lang=de"]}]},{"@type":"ImageObject","inLanguage":"de","@id":"https:\/\/sagrinex.com\/produit\/lider-autotraeger-mit-grossen-rampen-2-achsen-gesamtgewicht-2500-kg-394-x-190-cm\/?lang=de#primaryimage","url":"https:\/\/sagrinex.com\/wp-content\/uploads\/2026\/03\/Image-3-2.jpeg","contentUrl":"https:\/\/sagrinex.com\/wp-content\/uploads\/2026\/03\/Image-3-2.jpeg","width":900,"height":508},{"@type":"BreadcrumbList","@id":"https:\/\/sagrinex.com\/produit\/lider-autotraeger-mit-grossen-rampen-2-achsen-gesamtgewicht-2500-kg-394-x-190-cm\/?lang=de#breadcrumb","itemListElement":[{"@type":"ListItem","position":1,"name":"Accueil","item":"https:\/\/sagrinex.com\/?lang=de"},{"@type":"ListItem","position":2,"name":"Shop","item":"https:\/\/sagrinex.com\/shop\/"},{"@type":"ListItem","position":3,"name":"Lider Autotr\u00c4ger mit Gro\u00dfen Rampen &#8211; 2 Achsen &#8211; Gesamtgewicht: 2500 Kg &#8211; 394 X 190 Cm"}]},{"@type":"WebSite","@id":"https:\/\/sagrinex.com\/#website","url":"https:\/\/sagrinex.com\/","name":"Sagrinex \u2013 Spezialist f\u00fcr Anh\u00e4nger, Container & Landtechnik","description":"Anhaenger, Container &amp; Landtechnik \u2014 Online-Verkauf &amp; kostenloses Angebot","publisher":{"@id":"https:\/\/sagrinex.com\/#organization"},"potentialAction":[{"@type":"SearchAction","target":{"@type":"EntryPoint","urlTemplate":"https:\/\/sagrinex.com\/?s={search_term_string}"},"query-input":{"@type":"PropertyValueSpecification","valueRequired":true,"valueName":"search_term_string"}}],"inLanguage":"de"},{"@type":"Organization","@id":"https:\/\/sagrinex.com\/#organization","name":"Sagrinex \u2013 Remorques, Conteneurs & Mat\u00e9riel Agricole","url":"https:\/\/sagrinex.com\/","logo":{"@type":"ImageObject","inLanguage":"de","@id":"https:\/\/sagrinex.com\/#\/schema\/logo\/image\/","url":"https:\/\/sagrinex.com\/wp-content\/uploads\/2026\/03\/7f1ac463-ef5a-425d-bdd6-a5da03a334a9-1024x683.png","contentUrl":"https:\/\/sagrinex.com\/wp-content\/uploads\/2026\/03\/7f1ac463-ef5a-425d-bdd6-a5da03a334a9-1024x683.png","width":1024,"height":683,"caption":"Sagrinex \u2013 Remorques, Conteneurs & Mat\u00e9riel Agricole"},"image":{"@id":"https:\/\/sagrinex.com\/#\/schema\/logo\/image\/"}}]}},"jetpack_sharing_enabled":true,"_links":{"self":[{"href":"https:\/\/sagrinex.com\/de\/wp-json\/wp\/v2\/product\/17285","targetHints":{"allow":["GET"]}}],"collection":[{"href":"https:\/\/sagrinex.com\/de\/wp-json\/wp\/v2\/product"}],"about":[{"href":"https:\/\/sagrinex.com\/de\/wp-json\/wp\/v2\/types\/product"}],"replies":[{"embeddable":true,"href":"https:\/\/sagrinex.com\/de\/wp-json\/wp\/v2\/comments?post=17285"}],"version-history":[{"count":0,"href":"https:\/\/sagrinex.com\/de\/wp-json\/wp\/v2\/product\/17285\/revisions"}],"wp:featuredmedia":[{"embeddable":true,"href":"https:\/\/sagrinex.com\/de\/wp-json\/wp\/v2\/media\/10979"}],"wp:attachment":[{"href":"https:\/\/sagrinex.com\/de\/wp-json\/wp\/v2\/media?parent=17285"}],"wp:term":[{"taxonomy":"product_brand","embeddable":true,"href":"https:\/\/sagrinex.com\/de\/wp-json\/wp\/v2\/product_brand?post=17285"},{"taxonomy":"product_cat","embeddable":true,"href":"https:\/\/sagrinex.com\/de\/wp-json\/wp\/v2\/product_cat?post=17285"},{"taxonomy":"product_tag","embeddable":true,"href":"https:\/\/sagrinex.com\/de\/wp-json\/wp\/v2\/product_tag?post=17285"}],"curies":[{"name":"wp","href":"https:\/\/api.w.org\/{rel}","templated":true}]}}