{"id":17302,"date":"2026-04-15T16:41:04","date_gmt":"2026-04-15T16:41:04","guid":{"rendered":"https:\/\/sagrinex.com\/produit\/ifor-williams-dumpper-tt3017-elektrische-pumpe-gesamtgewicht-3500-kg\/"},"modified":"2026-04-15T21:12:28","modified_gmt":"2026-04-15T21:12:28","slug":"ifor-williams-dumpper-tt3017-elektrische-pumpe-gesamtgewicht-3500-kg","status":"publish","type":"product","link":"https:\/\/sagrinex.com\/de\/produit\/ifor-williams-dumpper-tt3017-elektrische-pumpe-gesamtgewicht-3500-kg\/","title":{"rendered":"Ifor Williams Dumpper &#8211; TT3017 &#8211; Elektrische Pumpe &#8211; Gesamtgewicht: 3500 Kg"},"content":{"rendered":"<p>Sicherheit, Flexibilit\u00e4t und Benutzerfreundlichkeit sind die drei Kriterien, die der Kipper TT3017 von Ifor Williams erf\u00fcllt!<\/p>\n<p>Gew\u00f6hnt an Baustellen und f\u00fcr lange Lebensdauer gebaut, ist er ideal f\u00fcr Profis: Industrie, Bauwesen, Landschaftsg\u00e4rtner oder Landwirte \u2013 er bietet zahlreiche Einsatzm\u00f6glichkeiten.<\/p>\n<p>Er erm\u00f6glicht das schnelle Entladen schwerer und sperriger Objekte von hinten (Sand, Bauschutt, Kies, Holz, Metalle, Ziegel usw.) in vollst\u00e4ndiger Sicherheit.<\/p>\n<p>Serienausstattung:<\/p>\n<ul>\n<li>Umklappbare Bordw\u00e4nde<\/li>\n<li>Stauraumabteil<\/li>\n<li>Aluminium-Bodenplatte<\/li>\n<li>Ersatzrad + Halterung<\/li>\n<li>Verst\u00e4rkte Rangierst\u00fctze<\/li>\n<li>Sicherheitskennzeichnung und Beschriftungen<\/li>\n<li>Schwingklappe mit Doppelgelenk<\/li>\n<\/ul>\n<h2>DIE + DES KIPPERS TT2515<\/h2>\n<ul>\n<li>Ladefl\u00e4che-H\u00f6he: 74 cm<\/li>\n<li>Bordwand-H\u00f6he: 115 cm<\/li>\n<li>Gro\u00dfer Kippwinkel<\/li>\n<li>Hydraulikpumpe unter dem Anh\u00e4ngerbett montiert f\u00fcr besseren Schutz<\/li>\n<li>Umklappbare Gitter-Bordwandaufs\u00e4tze<\/li>\n<li>M\u00f6glichkeit der Rampeninstallation<\/li>\n<li>Schutz der Heckbeleuchtung verst\u00e4rkt durch neue Neigung beim Kippen<\/li>\n<li>Zus\u00e4tzlicher Gitterschutz als Option<\/li>\n<li>Aufbewahrungsbox f\u00fcr Bedienung und Kipperteile<\/li>\n<li>Doppelte Neigung der hinteren Bordwand beim Kippen<\/li>\n<\/ul>\n<h2>MERKMALE<\/h2>\n<ul>\n<li>Rahmen und Deichsel aus verzinktem Stahl, die den Anh\u00e4nger vor Korrosion sch\u00fctzen<\/li>\n<li>Ifor Williams Balkenachse f\u00fcr erh\u00f6hte Stabilit\u00e4t<\/li>\n<li>Blattfederaufh\u00e4ngung<\/li>\n<li>Ersatzrad<\/li>\n<li>Bordw\u00e4nde und vordere Klappe aus Stahl, Bordw\u00e4nde dicht f\u00fcr alle Materialien<\/li>\n<li>Abschlie\u00dfbare Werkzeugkiste<\/li>\n<li>Hintere Bordwand mit Doppelgelenk-\u00d6ffnung<\/li>\n<li>Manuelle oder elektrische Hydraulikpumpe (optional)<\/li>\n<\/ul>\n<h2>OPTIONEN<\/h2>\n<p>F\u00fcr dieses Produkt sind mehrere Optionen und Zubeh\u00f6rteile erh\u00e4ltlich.<\/p>\n<p>Beispiele f\u00fcr Optionen, die f\u00fcr dieses Modell angeboten werden:<\/p>\n<ul>\n<li>Rampenhalterung<\/li>\n<li>Aluminium- und Stahlrampen<\/li>\n<li>Stabilisierungsst\u00fctzen<\/li>\n<li>Halterung f\u00fcr Langladung<\/li>\n<li>Heckleuchtenschutz<\/li>\n<li>Anschlagpunkte<\/li>\n<li>Elektrische Winde<\/li>\n<li>Stahlwerkzeugkiste<\/li>\n<li>Vollaufs\u00e4tze<\/li>\n<li>Gitteraufs\u00e4tze<\/li>\n<\/ul>\n<h2><strong>DIE + VON IFOR WILLIAMS<\/strong><\/h2>\n<p>Als Experte in der Konzeption und Herstellung von Anh\u00e4ngern seit 50 Jahren hat sich Ifor Williams zum Ziel gesetzt, die besten Produkte auf dem Markt in Bezug auf Robustheit, Sicherheit, Qualit\u00e4t und Design zu pr\u00e4sentieren.<\/p>\n<p>Mit dem Engagement f\u00fcr st\u00e4ndige Entwicklung investiert Ifor Williams regelm\u00e4\u00dfig in neue Materialien und interessiert sich f\u00fcr neue Technologien, um die Erwartungen unserer Kunden antizipieren zu k\u00f6nnen und ihre Standardmodelle weiterzuentwickeln.<\/p>\n<p>Preis-Leistungs-Verh\u00e4ltnis, Eleganz, Schlichtheit, Solidit\u00e4t und Wartungsfreundlichkeit stellen heute den roten Faden der Ma\u00dfnahmen von Ifor Williams dar.<\/p>\n","protected":false},"excerpt":{"rendered":"<p>IFOR WILLIAMS M\u00fcllcontainer \u2013 TT3017 \u2013 Elektropumpe Seine n\u00fctzlichen Abmessungen und Ladekapazit\u00e4t werden von Bauprofis sehr gesch\u00e4tzt.<\/p>\n","protected":false},"featured_media":10833,"comment_status":"open","ping_status":"closed","template":"","meta":[],"product_brand":[],"product_cat":[354,352],"product_tag":[],"class_list":{"0":"post-17302","1":"product","2":"type-product","3":"status-publish","4":"has-post-thumbnail","6":"product_cat-kippanhaenger","7":"product_cat-unsere-trailer","9":"first","10":"instock","11":"shipping-taxable","12":"purchasable","13":"product-type-simple"},"yoast_head":"<!-- This site is optimized with the Yoast SEO plugin v27.5 - https:\/\/yoast.com\/product\/yoast-seo-wordpress\/ -->\n<title>Ifor Williams Dumpper - TT3017 - Elektrische Pumpe - Gesamtgewicht: 3500 Kg - Sagrinex \u2013 Anhaenger, Container &amp; Landtechnik \ud83c\udf3e\ud83d\ude9c<\/title>\n<meta name=\"robots\" content=\"index, follow, max-snippet:-1, max-image-preview:large, max-video-preview:-1\" \/>\n<link rel=\"canonical\" href=\"https:\/\/sagrinex.com\/produit\/ifor-williams-dumpper-tt3017-elektrische-pumpe-gesamtgewicht-3500-kg\/?lang=de\" \/>\n<meta property=\"og:locale\" content=\"de_DE\" \/>\n<meta property=\"og:type\" content=\"article\" \/>\n<meta property=\"og:title\" content=\"Ifor Williams Dumpper - TT3017 - Elektrische Pumpe - Gesamtgewicht: 3500 Kg - Sagrinex \u2013 Anhaenger, Container &amp; Landtechnik \ud83c\udf3e\ud83d\ude9c\" \/>\n<meta property=\"og:description\" content=\"IFOR WILLIAMS M\u00fcllcontainer \u2013 TT3017 \u2013 Elektropumpe Seine n\u00fctzlichen Abmessungen und Ladekapazit\u00e4t werden von Bauprofis sehr gesch\u00e4tzt.\" \/>\n<meta property=\"og:url\" content=\"https:\/\/sagrinex.com\/produit\/ifor-williams-dumpper-tt3017-elektrische-pumpe-gesamtgewicht-3500-kg\/?lang=de\" \/>\n<meta property=\"og:site_name\" content=\"Sagrinex \u2013 Anhaenger, Container &amp; Landtechnik \ud83c\udf3e\ud83d\ude9c\" \/>\n<meta property=\"article:modified_time\" content=\"2026-04-15T21:12:28+00:00\" \/>\n<meta property=\"og:image\" content=\"https:\/\/sagrinex.com\/wp-content\/uploads\/2026\/03\/Image-732.jpeg\" \/>\n\t<meta property=\"og:image:width\" content=\"1000\" \/>\n\t<meta property=\"og:image:height\" content=\"908\" \/>\n\t<meta property=\"og:image:type\" content=\"image\/jpeg\" \/>\n<meta name=\"twitter:card\" content=\"summary_large_image\" \/>\n<meta name=\"twitter:label1\" content=\"Gesch\u00e4tzte Lesezeit\" \/>\n\t<meta name=\"twitter:data1\" content=\"2\u00a0Minuten\" \/>\n<script type=\"application\/ld+json\" class=\"yoast-schema-graph\">{\"@context\":\"https:\\\/\\\/schema.org\",\"@graph\":[{\"@type\":\"WebPage\",\"@id\":\"https:\\\/\\\/sagrinex.com\\\/produit\\\/ifor-williams-dumpper-tt3017-elektrische-pumpe-gesamtgewicht-3500-kg\\\/?lang=de\",\"url\":\"https:\\\/\\\/sagrinex.com\\\/produit\\\/ifor-williams-dumpper-tt3017-elektrische-pumpe-gesamtgewicht-3500-kg\\\/?lang=de\",\"name\":\"Ifor Williams Dumpper - TT3017 - Elektrische Pumpe - Gesamtgewicht: 3500 Kg - Sagrinex \u2013 Anhaenger, Container &amp; Landtechnik \ud83c\udf3e\ud83d\ude9c\",\"isPartOf\":{\"@id\":\"https:\\\/\\\/sagrinex.com\\\/#website\"},\"primaryImageOfPage\":{\"@id\":\"https:\\\/\\\/sagrinex.com\\\/produit\\\/ifor-williams-dumpper-tt3017-elektrische-pumpe-gesamtgewicht-3500-kg\\\/?lang=de#primaryimage\"},\"image\":{\"@id\":\"https:\\\/\\\/sagrinex.com\\\/produit\\\/ifor-williams-dumpper-tt3017-elektrische-pumpe-gesamtgewicht-3500-kg\\\/?lang=de#primaryimage\"},\"thumbnailUrl\":\"https:\\\/\\\/sagrinex.com\\\/wp-content\\\/uploads\\\/2026\\\/03\\\/Image-732.jpeg\",\"datePublished\":\"2026-04-15T16:41:04+00:00\",\"dateModified\":\"2026-04-15T21:12:28+00:00\",\"breadcrumb\":{\"@id\":\"https:\\\/\\\/sagrinex.com\\\/produit\\\/ifor-williams-dumpper-tt3017-elektrische-pumpe-gesamtgewicht-3500-kg\\\/?lang=de#breadcrumb\"},\"inLanguage\":\"de\",\"potentialAction\":[{\"@type\":\"ReadAction\",\"target\":[\"https:\\\/\\\/sagrinex.com\\\/produit\\\/ifor-williams-dumpper-tt3017-elektrische-pumpe-gesamtgewicht-3500-kg\\\/?lang=de\"]}]},{\"@type\":\"ImageObject\",\"inLanguage\":\"de\",\"@id\":\"https:\\\/\\\/sagrinex.com\\\/produit\\\/ifor-williams-dumpper-tt3017-elektrische-pumpe-gesamtgewicht-3500-kg\\\/?lang=de#primaryimage\",\"url\":\"https:\\\/\\\/sagrinex.com\\\/wp-content\\\/uploads\\\/2026\\\/03\\\/Image-732.jpeg\",\"contentUrl\":\"https:\\\/\\\/sagrinex.com\\\/wp-content\\\/uploads\\\/2026\\\/03\\\/Image-732.jpeg\",\"width\":1000,\"height\":908},{\"@type\":\"BreadcrumbList\",\"@id\":\"https:\\\/\\\/sagrinex.com\\\/produit\\\/ifor-williams-dumpper-tt3017-elektrische-pumpe-gesamtgewicht-3500-kg\\\/?lang=de#breadcrumb\",\"itemListElement\":[{\"@type\":\"ListItem\",\"position\":1,\"name\":\"Accueil\",\"item\":\"https:\\\/\\\/sagrinex.com\\\/?lang=de\"},{\"@type\":\"ListItem\",\"position\":2,\"name\":\"Shop\",\"item\":\"https:\\\/\\\/sagrinex.com\\\/shop\\\/\"},{\"@type\":\"ListItem\",\"position\":3,\"name\":\"Ifor Williams Dumpper &#8211; TT3017 &#8211; Elektrische Pumpe &#8211; Gesamtgewicht: 3500 Kg\"}]},{\"@type\":\"WebSite\",\"@id\":\"https:\\\/\\\/sagrinex.com\\\/#website\",\"url\":\"https:\\\/\\\/sagrinex.com\\\/\",\"name\":\"Sagrinex \u2013 Spezialist f\u00fcr Anh\u00e4nger, Container & Landtechnik\",\"description\":\"Anhaenger, Container &amp; Landtechnik \u2014 Online-Verkauf &amp; kostenloses Angebot\",\"publisher\":{\"@id\":\"https:\\\/\\\/sagrinex.com\\\/#organization\"},\"potentialAction\":[{\"@type\":\"SearchAction\",\"target\":{\"@type\":\"EntryPoint\",\"urlTemplate\":\"https:\\\/\\\/sagrinex.com\\\/?s={search_term_string}\"},\"query-input\":{\"@type\":\"PropertyValueSpecification\",\"valueRequired\":true,\"valueName\":\"search_term_string\"}}],\"inLanguage\":\"de\"},{\"@type\":\"Organization\",\"@id\":\"https:\\\/\\\/sagrinex.com\\\/#organization\",\"name\":\"Sagrinex \u2013 Remorques, Conteneurs & Mat\u00e9riel Agricole\",\"url\":\"https:\\\/\\\/sagrinex.com\\\/\",\"logo\":{\"@type\":\"ImageObject\",\"inLanguage\":\"de\",\"@id\":\"https:\\\/\\\/sagrinex.com\\\/#\\\/schema\\\/logo\\\/image\\\/\",\"url\":\"https:\\\/\\\/sagrinex.com\\\/wp-content\\\/uploads\\\/2026\\\/03\\\/7f1ac463-ef5a-425d-bdd6-a5da03a334a9-1024x683.png\",\"contentUrl\":\"https:\\\/\\\/sagrinex.com\\\/wp-content\\\/uploads\\\/2026\\\/03\\\/7f1ac463-ef5a-425d-bdd6-a5da03a334a9-1024x683.png\",\"width\":1024,\"height\":683,\"caption\":\"Sagrinex \u2013 Remorques, Conteneurs & Mat\u00e9riel Agricole\"},\"image\":{\"@id\":\"https:\\\/\\\/sagrinex.com\\\/#\\\/schema\\\/logo\\\/image\\\/\"}}]}<\/script>\n<!-- \/ Yoast SEO plugin. -->","yoast_head_json":{"title":"Ifor Williams Dumpper - TT3017 - Elektrische Pumpe - Gesamtgewicht: 3500 Kg - Sagrinex \u2013 Anhaenger, Container &amp; Landtechnik \ud83c\udf3e\ud83d\ude9c","robots":{"index":"index","follow":"follow","max-snippet":"max-snippet:-1","max-image-preview":"max-image-preview:large","max-video-preview":"max-video-preview:-1"},"canonical":"https:\/\/sagrinex.com\/produit\/ifor-williams-dumpper-tt3017-elektrische-pumpe-gesamtgewicht-3500-kg\/?lang=de","og_locale":"de_DE","og_type":"article","og_title":"Ifor Williams Dumpper - TT3017 - Elektrische Pumpe - Gesamtgewicht: 3500 Kg - Sagrinex \u2013 Anhaenger, Container &amp; Landtechnik \ud83c\udf3e\ud83d\ude9c","og_description":"IFOR WILLIAMS M\u00fcllcontainer \u2013 TT3017 \u2013 Elektropumpe Seine n\u00fctzlichen Abmessungen und Ladekapazit\u00e4t werden von Bauprofis sehr gesch\u00e4tzt.","og_url":"https:\/\/sagrinex.com\/produit\/ifor-williams-dumpper-tt3017-elektrische-pumpe-gesamtgewicht-3500-kg\/?lang=de","og_site_name":"Sagrinex \u2013 Anhaenger, Container &amp; Landtechnik \ud83c\udf3e\ud83d\ude9c","article_modified_time":"2026-04-15T21:12:28+00:00","og_image":[{"width":1000,"height":908,"url":"https:\/\/sagrinex.com\/wp-content\/uploads\/2026\/03\/Image-732.jpeg","type":"image\/jpeg"}],"twitter_card":"summary_large_image","twitter_misc":{"Gesch\u00e4tzte Lesezeit":"2\u00a0Minuten"},"schema":{"@context":"https:\/\/schema.org","@graph":[{"@type":"WebPage","@id":"https:\/\/sagrinex.com\/produit\/ifor-williams-dumpper-tt3017-elektrische-pumpe-gesamtgewicht-3500-kg\/?lang=de","url":"https:\/\/sagrinex.com\/produit\/ifor-williams-dumpper-tt3017-elektrische-pumpe-gesamtgewicht-3500-kg\/?lang=de","name":"Ifor Williams Dumpper - TT3017 - Elektrische Pumpe - Gesamtgewicht: 3500 Kg - Sagrinex \u2013 Anhaenger, Container &amp; Landtechnik \ud83c\udf3e\ud83d\ude9c","isPartOf":{"@id":"https:\/\/sagrinex.com\/#website"},"primaryImageOfPage":{"@id":"https:\/\/sagrinex.com\/produit\/ifor-williams-dumpper-tt3017-elektrische-pumpe-gesamtgewicht-3500-kg\/?lang=de#primaryimage"},"image":{"@id":"https:\/\/sagrinex.com\/produit\/ifor-williams-dumpper-tt3017-elektrische-pumpe-gesamtgewicht-3500-kg\/?lang=de#primaryimage"},"thumbnailUrl":"https:\/\/sagrinex.com\/wp-content\/uploads\/2026\/03\/Image-732.jpeg","datePublished":"2026-04-15T16:41:04+00:00","dateModified":"2026-04-15T21:12:28+00:00","breadcrumb":{"@id":"https:\/\/sagrinex.com\/produit\/ifor-williams-dumpper-tt3017-elektrische-pumpe-gesamtgewicht-3500-kg\/?lang=de#breadcrumb"},"inLanguage":"de","potentialAction":[{"@type":"ReadAction","target":["https:\/\/sagrinex.com\/produit\/ifor-williams-dumpper-tt3017-elektrische-pumpe-gesamtgewicht-3500-kg\/?lang=de"]}]},{"@type":"ImageObject","inLanguage":"de","@id":"https:\/\/sagrinex.com\/produit\/ifor-williams-dumpper-tt3017-elektrische-pumpe-gesamtgewicht-3500-kg\/?lang=de#primaryimage","url":"https:\/\/sagrinex.com\/wp-content\/uploads\/2026\/03\/Image-732.jpeg","contentUrl":"https:\/\/sagrinex.com\/wp-content\/uploads\/2026\/03\/Image-732.jpeg","width":1000,"height":908},{"@type":"BreadcrumbList","@id":"https:\/\/sagrinex.com\/produit\/ifor-williams-dumpper-tt3017-elektrische-pumpe-gesamtgewicht-3500-kg\/?lang=de#breadcrumb","itemListElement":[{"@type":"ListItem","position":1,"name":"Accueil","item":"https:\/\/sagrinex.com\/?lang=de"},{"@type":"ListItem","position":2,"name":"Shop","item":"https:\/\/sagrinex.com\/shop\/"},{"@type":"ListItem","position":3,"name":"Ifor Williams Dumpper &#8211; TT3017 &#8211; Elektrische Pumpe &#8211; Gesamtgewicht: 3500 Kg"}]},{"@type":"WebSite","@id":"https:\/\/sagrinex.com\/#website","url":"https:\/\/sagrinex.com\/","name":"Sagrinex \u2013 Spezialist f\u00fcr Anh\u00e4nger, Container & Landtechnik","description":"Anhaenger, Container &amp; Landtechnik \u2014 Online-Verkauf &amp; kostenloses Angebot","publisher":{"@id":"https:\/\/sagrinex.com\/#organization"},"potentialAction":[{"@type":"SearchAction","target":{"@type":"EntryPoint","urlTemplate":"https:\/\/sagrinex.com\/?s={search_term_string}"},"query-input":{"@type":"PropertyValueSpecification","valueRequired":true,"valueName":"search_term_string"}}],"inLanguage":"de"},{"@type":"Organization","@id":"https:\/\/sagrinex.com\/#organization","name":"Sagrinex \u2013 Remorques, Conteneurs & Mat\u00e9riel Agricole","url":"https:\/\/sagrinex.com\/","logo":{"@type":"ImageObject","inLanguage":"de","@id":"https:\/\/sagrinex.com\/#\/schema\/logo\/image\/","url":"https:\/\/sagrinex.com\/wp-content\/uploads\/2026\/03\/7f1ac463-ef5a-425d-bdd6-a5da03a334a9-1024x683.png","contentUrl":"https:\/\/sagrinex.com\/wp-content\/uploads\/2026\/03\/7f1ac463-ef5a-425d-bdd6-a5da03a334a9-1024x683.png","width":1024,"height":683,"caption":"Sagrinex \u2013 Remorques, Conteneurs & Mat\u00e9riel Agricole"},"image":{"@id":"https:\/\/sagrinex.com\/#\/schema\/logo\/image\/"}}]}},"jetpack_sharing_enabled":true,"_links":{"self":[{"href":"https:\/\/sagrinex.com\/de\/wp-json\/wp\/v2\/product\/17302","targetHints":{"allow":["GET"]}}],"collection":[{"href":"https:\/\/sagrinex.com\/de\/wp-json\/wp\/v2\/product"}],"about":[{"href":"https:\/\/sagrinex.com\/de\/wp-json\/wp\/v2\/types\/product"}],"replies":[{"embeddable":true,"href":"https:\/\/sagrinex.com\/de\/wp-json\/wp\/v2\/comments?post=17302"}],"version-history":[{"count":0,"href":"https:\/\/sagrinex.com\/de\/wp-json\/wp\/v2\/product\/17302\/revisions"}],"wp:featuredmedia":[{"embeddable":true,"href":"https:\/\/sagrinex.com\/de\/wp-json\/wp\/v2\/media\/10833"}],"wp:attachment":[{"href":"https:\/\/sagrinex.com\/de\/wp-json\/wp\/v2\/media?parent=17302"}],"wp:term":[{"taxonomy":"product_brand","embeddable":true,"href":"https:\/\/sagrinex.com\/de\/wp-json\/wp\/v2\/product_brand?post=17302"},{"taxonomy":"product_cat","embeddable":true,"href":"https:\/\/sagrinex.com\/de\/wp-json\/wp\/v2\/product_cat?post=17302"},{"taxonomy":"product_tag","embeddable":true,"href":"https:\/\/sagrinex.com\/de\/wp-json\/wp\/v2\/product_tag?post=17302"}],"curies":[{"name":"wp","href":"https:\/\/api.w.org\/{rel}","templated":true}]}}