{"id":17303,"date":"2026-04-15T16:41:38","date_gmt":"2026-04-15T16:41:38","guid":{"rendered":"https:\/\/sagrinex.com\/produit\/ifor-williams-dumpper-tt3621-elektrische-pumpe-gesamtgewicht-3500-kg\/"},"modified":"2026-04-15T21:12:28","modified_gmt":"2026-04-15T21:12:28","slug":"ifor-williams-dumpper-tt3621-elektrische-pumpe-gesamtgewicht-3500-kg","status":"publish","type":"product","link":"https:\/\/sagrinex.com\/de\/produit\/ifor-williams-dumpper-tt3621-elektrische-pumpe-gesamtgewicht-3500-kg\/","title":{"rendered":"Ifor Williams Dumpper \u2013 TT3621 \u2013 Elektrische Pumpe \u2013 Gesamtgewicht: 3500 Kg"},"content":{"rendered":"<h2>VERWENDUNG<\/h2>\n<p>Sicherheit, Flexibilit\u00e4t und Benutzerfreundlichkeit sind die drei Kriterien, die die Mulde TT3621 von Ifor Williams erf\u00fcllt!<\/p>\n<p>Sie ist ein gewohnter Anblick auf Baustellen und wurde zum Halten gebaut, ideal f\u00fcr Profis: Industrie, Bau, Landschaftsg\u00e4rtner oder Landwirte, sie bietet viele Verwendungsm\u00f6glichkeiten.<\/p>\n<p>Sie erm\u00f6glicht das schnelle Entladen von hinten schwerer und sperriger Gegenst\u00e4nde (Sand, Schutt, Kies, Holz, Metalle, Ziegel usw.) sicher.<\/p>\n<h2>VORTEILE DER MULDE TT3621<\/h2>\n<ul>\n<li>Ladh\u00f6he: 74 cm<\/li>\n<li>H\u00f6he der Seitenw\u00e4nde: 115 cm<\/li>\n<li>H\u00f6he der hinteren Klappe: 118 cm<\/li>\n<li>Gro\u00dfer Kippwinkel<\/li>\n<li>Hydraulische Pumpe unter dem Anh\u00e4ngerbett montiert f\u00fcr besseren Schutz<\/li>\n<li>Klappbare Gitterlehnen<\/li>\n<li>M\u00f6glichkeit, Rampen zu installieren<\/li>\n<li>Schutz der hinteren Beleuchtung verst\u00e4rkt durch die neue Neigung beim Kippen<\/li>\n<li>Zus\u00e4tzlicher Gitternetschutz optional<\/li>\n<li>Aufbewahrungsbox f\u00fcr die Bedienung und Werkzeuge der Mulde<\/li>\n<li>Doppelte Neigung der hinteren Seitenwand beim Kippen<\/li>\n<\/ul>\n<h2>EIGENSCHAFTEN<\/h2>\n<ul>\n<li>Chassis und Deichsel aus verzinktem Stahl sch\u00fctzen den Anh\u00e4nger vor Korrosion<\/li>\n<li>Ifor Williams Balkenachse erh\u00f6ht die Stabilit\u00e4t<\/li>\n<li>Blattfederaufh\u00e4ngung<\/li>\n<li>Ersatzrad<\/li>\n<li>Seitenw\u00e4nde und vordere Klappe aus Stahl, Seitenw\u00e4nde dicht f\u00fcr alle Materialien<\/li>\n<li>Verschlie\u00dfbare Werkzeugkiste<\/li>\n<li>Hintere Seitenwand mit doppeltem Scharnierauslass<\/li>\n<li>Elektrische Hydraulikpumpe Serie gespeist mit integrierter autonomer 12V Batterie.<\/li>\n<\/ul>\n<h2>OPTIONEN<\/h2>\n<p>F\u00fcr dieses Produkt stehen mehrere Optionen und Zubeh\u00f6rteile zur Verf\u00fcgung. Bitte kontaktieren Sie uns, um Preise und Bedingungen zu erfahren.<\/p>\n<p>Beispiele f\u00fcr Optionen f\u00fcr dieses Modell:<\/p>\n<ul>\n<li>Elektrische Hydraulikpumpe<\/li>\n<li>Rampenst\u00fctze<\/li>\n<li>Alu- und Stahlrampen<\/li>\n<li>Stabilisierungsbocke<\/li>\n<li>Tr\u00e4ger f\u00fcr Langladung<\/li>\n<li>Schutz der R\u00fccklichter<\/li>\n<li>Anker Ringe<\/li>\n<li>Elektrische Winde<\/li>\n<\/ul>\n<h2><strong>VORTEILE VON IFOR WILLIAMS<\/strong><\/h2>\n<p>Ifor Williams ist seit 50 Jahren Experte bei der Konzeption und Herstellung von Anh\u00e4ngern und hat zum Ziel, die besten Produkte auf dem Markt in Bezug auf Robustheit, Sicherheit und Design zu pr\u00e4sentieren.<\/p>\n<p>Engagiert in einem kontinuierlichen Verbesserungsprozess investiert Ifor Williams regelm\u00e4\u00dfig in neue Materialien und interessiert sich f\u00fcr neue Technologien, um die Erwartungen unserer Kunden antizipieren und ihre Standardmodelle weiterentwickeln zu k\u00f6nnen.<\/p>\n<p>Preis-Leistungs-Verh\u00e4ltnis, Eleganz, Schlichtheit, Solidit\u00e4t und Wartungsfreundlichkeit stellen heute den roten Faden der Ma\u00dfnahmen von Ifor Williams dar.<\/p>\n<h2><strong>VORTEILE VON REMORQUE CENTER<\/strong><\/h2>\n<div class=\"woocommerce-tabs wc-tabs-wrapper\">\n<div id=\"tab-description\" class=\"woocommerce-Tabs-panel woocommerce-Tabs-panel--description panel entry-content wc-tab\" role=\"tabpanel\" aria-labelledby=\"tab-title-description\">\n<p>Mit einer gro\u00dfen Auswahl an Muldenanh\u00e4ngern auf Lager kann Sagrinex Sie beim Kauf je nach Ihren Anforderungen an Verwendung, Qualit\u00e4t und Budget beraten.<\/p>\n<p><strong>Sagrinex k\u00fcmmert sich um die Lieferung Ihres Anh\u00e4ngers<\/strong>.<\/p>\n<p>Z\u00f6gern Sie nicht, uns f\u00fcr weitere Details zu kontaktieren<\/p>\n<\/div>\n<\/div>\n<p>\u00a0<\/p>\n","protected":false},"excerpt":{"rendered":"<p>IFOR WILLIAMS M\u00fcllcontainer \u2013 TT3621 \u2013 elektrische und manuelle Pumpe. Seine n\u00fctzlichen Abmessungen und Ladekapazit\u00e4t werden von Bauprofis sehr gesch\u00e4tzt.<\/p>\n<div class=\"mod_fa_champspersonnalisables_v14_liste\">\n<div class=\"mod_fa_champspersonnalisables_v14_titre\"><strong>Gesamtgewicht: <\/strong><span class=\"mod_fa_champspersonnalisables_v14_valeur\">3500 kg<\/span><\/div>\n<\/div>\n<div class=\"mod_fa_champspersonnalisables_v14_liste\">\n<div class=\"mod_fa_champspersonnalisables_v14_titre\"><strong>Leermasse: <\/strong><span class=\"mod_fa_champspersonnalisables_v14_valeur\">1000 kg<\/span><\/div>\n<\/div>\n<div class=\"mod_fa_champspersonnalisables_v14_liste\">\n<div class=\"mod_fa_champspersonnalisables_v14_titre\"><strong>Nutzlast: <\/strong><span class=\"mod_fa_champspersonnalisables_v14_valeur\">2500 kg<\/span><\/div>\n<\/div>\n<div class=\"mod_fa_champspersonnalisables_v14_liste\">\n<div class=\"mod_fa_champspersonnalisables_v14_titre\"><strong>N\u00fctzliche Abmessungen: <\/strong><span class=\"mod_fa_champspersonnalisables_v14_valeur\">362 x 195 cm<\/span><\/div>\n<\/div>\n<div class=\"mod_fa_champspersonnalisables_v14_liste\">\n<div class=\"mod_fa_champspersonnalisables_v14_titre\"><strong>Gesamtabmessungen: <\/strong><span class=\"mod_fa_champspersonnalisables_v14_valeur\">496 x 206 cm<\/span><\/div>\n<\/div>\n<div class=\"mod_fa_champspersonnalisables_v14_liste\">\n<div class=\"mod_fa_champspersonnalisables_v14_titre\"><strong>Kopf gebremst: <\/strong><span class=\"mod_fa_champspersonnalisables_v14_valeur\">ja<\/span><\/div>\n<\/div>\n<div class=\"mod_fa_champspersonnalisables_v14_liste\">\n<div class=\"mod_fa_champspersonnalisables_v14_titre\"><strong>Kippk\u00f6rper: <\/strong><span class=\"mod_fa_champspersonnalisables_v14_valeur\">ja<\/span><\/div>\n<\/div>\n<div class=\"mod_fa_champspersonnalisables_v14_liste\">\n<div class=\"mod_fa_champspersonnalisables_v14_titre\"><strong>R\u00e4der: <\/strong><span class=\"mod_fa_champspersonnalisables_v14_valeur\">185\/70R13C<\/span><\/div>\n<\/div>\n<div class=\"mod_fa_champspersonnalisables_v14_liste\">\n<div class=\"mod_fa_champspersonnalisables_v14_titre\"><strong>Pumpe: <\/strong><span class=\"mod_fa_champspersonnalisables_v14_valeur\">Elektrische Hydraulik<\/span><\/div>\n<\/div>\n","protected":false},"featured_media":10817,"comment_status":"open","ping_status":"closed","template":"","meta":[],"product_brand":[],"product_cat":[354,352],"product_tag":[],"class_list":{"0":"post-17303","1":"product","2":"type-product","3":"status-publish","4":"has-post-thumbnail","6":"product_cat-kippanhaenger","7":"product_cat-unsere-trailer","9":"first","10":"instock","11":"shipping-taxable","12":"purchasable","13":"product-type-simple"},"yoast_head":"<!-- This site is optimized with the Yoast SEO plugin v27.5 - https:\/\/yoast.com\/product\/yoast-seo-wordpress\/ -->\n<title>Ifor Williams Dumpper \u2013 TT3621 \u2013 Elektrische Pumpe \u2013 Gesamtgewicht: 3500 Kg - Sagrinex \u2013 Anhaenger, Container &amp; Landtechnik \ud83c\udf3e\ud83d\ude9c<\/title>\n<meta name=\"robots\" content=\"index, follow, max-snippet:-1, max-image-preview:large, max-video-preview:-1\" \/>\n<link rel=\"canonical\" href=\"https:\/\/sagrinex.com\/produit\/ifor-williams-dumpper-tt3621-elektrische-pumpe-gesamtgewicht-3500-kg\/?lang=de\" \/>\n<meta property=\"og:locale\" content=\"de_DE\" \/>\n<meta property=\"og:type\" content=\"article\" \/>\n<meta property=\"og:title\" content=\"Ifor Williams Dumpper \u2013 TT3621 \u2013 Elektrische Pumpe \u2013 Gesamtgewicht: 3500 Kg - Sagrinex \u2013 Anhaenger, Container &amp; Landtechnik \ud83c\udf3e\ud83d\ude9c\" \/>\n<meta property=\"og:description\" content=\"IFOR WILLIAMS M\u00fcllcontainer \u2013 TT3621 \u2013 elektrische und manuelle Pumpe. Seine n\u00fctzlichen Abmessungen und Ladekapazit\u00e4t werden von Bauprofis sehr gesch\u00e4tzt. Gesamtgewicht: 3500 kg  Leermasse: 1000 kg  Nutzlast: 2500 kg  N\u00fctzliche Abmessungen: 362 x 195 cm  Gesamtabmessungen: 496 x 206 cm  Kopf gebremst: ja  Kippk\u00f6rper: ja  R\u00e4der: 185\/70R13C  Pumpe: Elektrische Hydraulik\" \/>\n<meta property=\"og:url\" content=\"https:\/\/sagrinex.com\/produit\/ifor-williams-dumpper-tt3621-elektrische-pumpe-gesamtgewicht-3500-kg\/?lang=de\" \/>\n<meta property=\"og:site_name\" content=\"Sagrinex \u2013 Anhaenger, Container &amp; Landtechnik \ud83c\udf3e\ud83d\ude9c\" \/>\n<meta property=\"article:modified_time\" content=\"2026-04-15T21:12:28+00:00\" \/>\n<meta property=\"og:image\" content=\"https:\/\/sagrinex.com\/wp-content\/uploads\/2026\/03\/Image-718.jpeg\" \/>\n\t<meta property=\"og:image:width\" content=\"480\" \/>\n\t<meta property=\"og:image:height\" content=\"547\" \/>\n\t<meta property=\"og:image:type\" content=\"image\/jpeg\" \/>\n<meta name=\"twitter:card\" content=\"summary_large_image\" \/>\n<meta name=\"twitter:label1\" content=\"Gesch\u00e4tzte Lesezeit\" \/>\n\t<meta name=\"twitter:data1\" content=\"2\u00a0Minuten\" \/>\n<script type=\"application\/ld+json\" class=\"yoast-schema-graph\">{\"@context\":\"https:\\\/\\\/schema.org\",\"@graph\":[{\"@type\":\"WebPage\",\"@id\":\"https:\\\/\\\/sagrinex.com\\\/produit\\\/ifor-williams-dumpper-tt3621-elektrische-pumpe-gesamtgewicht-3500-kg\\\/?lang=de\",\"url\":\"https:\\\/\\\/sagrinex.com\\\/produit\\\/ifor-williams-dumpper-tt3621-elektrische-pumpe-gesamtgewicht-3500-kg\\\/?lang=de\",\"name\":\"Ifor Williams Dumpper \u2013 TT3621 \u2013 Elektrische Pumpe \u2013 Gesamtgewicht: 3500 Kg - Sagrinex \u2013 Anhaenger, Container &amp; Landtechnik \ud83c\udf3e\ud83d\ude9c\",\"isPartOf\":{\"@id\":\"https:\\\/\\\/sagrinex.com\\\/#website\"},\"primaryImageOfPage\":{\"@id\":\"https:\\\/\\\/sagrinex.com\\\/produit\\\/ifor-williams-dumpper-tt3621-elektrische-pumpe-gesamtgewicht-3500-kg\\\/?lang=de#primaryimage\"},\"image\":{\"@id\":\"https:\\\/\\\/sagrinex.com\\\/produit\\\/ifor-williams-dumpper-tt3621-elektrische-pumpe-gesamtgewicht-3500-kg\\\/?lang=de#primaryimage\"},\"thumbnailUrl\":\"https:\\\/\\\/sagrinex.com\\\/wp-content\\\/uploads\\\/2026\\\/03\\\/Image-718.jpeg\",\"datePublished\":\"2026-04-15T16:41:38+00:00\",\"dateModified\":\"2026-04-15T21:12:28+00:00\",\"breadcrumb\":{\"@id\":\"https:\\\/\\\/sagrinex.com\\\/produit\\\/ifor-williams-dumpper-tt3621-elektrische-pumpe-gesamtgewicht-3500-kg\\\/?lang=de#breadcrumb\"},\"inLanguage\":\"de\",\"potentialAction\":[{\"@type\":\"ReadAction\",\"target\":[\"https:\\\/\\\/sagrinex.com\\\/produit\\\/ifor-williams-dumpper-tt3621-elektrische-pumpe-gesamtgewicht-3500-kg\\\/?lang=de\"]}]},{\"@type\":\"ImageObject\",\"inLanguage\":\"de\",\"@id\":\"https:\\\/\\\/sagrinex.com\\\/produit\\\/ifor-williams-dumpper-tt3621-elektrische-pumpe-gesamtgewicht-3500-kg\\\/?lang=de#primaryimage\",\"url\":\"https:\\\/\\\/sagrinex.com\\\/wp-content\\\/uploads\\\/2026\\\/03\\\/Image-718.jpeg\",\"contentUrl\":\"https:\\\/\\\/sagrinex.com\\\/wp-content\\\/uploads\\\/2026\\\/03\\\/Image-718.jpeg\",\"width\":480,\"height\":547},{\"@type\":\"BreadcrumbList\",\"@id\":\"https:\\\/\\\/sagrinex.com\\\/produit\\\/ifor-williams-dumpper-tt3621-elektrische-pumpe-gesamtgewicht-3500-kg\\\/?lang=de#breadcrumb\",\"itemListElement\":[{\"@type\":\"ListItem\",\"position\":1,\"name\":\"Accueil\",\"item\":\"https:\\\/\\\/sagrinex.com\\\/?lang=de\"},{\"@type\":\"ListItem\",\"position\":2,\"name\":\"Shop\",\"item\":\"https:\\\/\\\/sagrinex.com\\\/shop\\\/\"},{\"@type\":\"ListItem\",\"position\":3,\"name\":\"Ifor Williams Dumpper \u2013 TT3621 \u2013 Elektrische Pumpe \u2013 Gesamtgewicht: 3500 Kg\"}]},{\"@type\":\"WebSite\",\"@id\":\"https:\\\/\\\/sagrinex.com\\\/#website\",\"url\":\"https:\\\/\\\/sagrinex.com\\\/\",\"name\":\"Sagrinex \u2013 Spezialist f\u00fcr Anh\u00e4nger, Container & Landtechnik\",\"description\":\"Anhaenger, Container &amp; Landtechnik \u2014 Online-Verkauf &amp; kostenloses Angebot\",\"publisher\":{\"@id\":\"https:\\\/\\\/sagrinex.com\\\/#organization\"},\"potentialAction\":[{\"@type\":\"SearchAction\",\"target\":{\"@type\":\"EntryPoint\",\"urlTemplate\":\"https:\\\/\\\/sagrinex.com\\\/?s={search_term_string}\"},\"query-input\":{\"@type\":\"PropertyValueSpecification\",\"valueRequired\":true,\"valueName\":\"search_term_string\"}}],\"inLanguage\":\"de\"},{\"@type\":\"Organization\",\"@id\":\"https:\\\/\\\/sagrinex.com\\\/#organization\",\"name\":\"Sagrinex \u2013 Remorques, Conteneurs & Mat\u00e9riel Agricole\",\"url\":\"https:\\\/\\\/sagrinex.com\\\/\",\"logo\":{\"@type\":\"ImageObject\",\"inLanguage\":\"de\",\"@id\":\"https:\\\/\\\/sagrinex.com\\\/#\\\/schema\\\/logo\\\/image\\\/\",\"url\":\"https:\\\/\\\/sagrinex.com\\\/wp-content\\\/uploads\\\/2026\\\/03\\\/7f1ac463-ef5a-425d-bdd6-a5da03a334a9-1024x683.png\",\"contentUrl\":\"https:\\\/\\\/sagrinex.com\\\/wp-content\\\/uploads\\\/2026\\\/03\\\/7f1ac463-ef5a-425d-bdd6-a5da03a334a9-1024x683.png\",\"width\":1024,\"height\":683,\"caption\":\"Sagrinex \u2013 Remorques, Conteneurs & Mat\u00e9riel Agricole\"},\"image\":{\"@id\":\"https:\\\/\\\/sagrinex.com\\\/#\\\/schema\\\/logo\\\/image\\\/\"}}]}<\/script>\n<!-- \/ Yoast SEO plugin. -->","yoast_head_json":{"title":"Ifor Williams Dumpper \u2013 TT3621 \u2013 Elektrische Pumpe \u2013 Gesamtgewicht: 3500 Kg - Sagrinex \u2013 Anhaenger, Container &amp; Landtechnik \ud83c\udf3e\ud83d\ude9c","robots":{"index":"index","follow":"follow","max-snippet":"max-snippet:-1","max-image-preview":"max-image-preview:large","max-video-preview":"max-video-preview:-1"},"canonical":"https:\/\/sagrinex.com\/produit\/ifor-williams-dumpper-tt3621-elektrische-pumpe-gesamtgewicht-3500-kg\/?lang=de","og_locale":"de_DE","og_type":"article","og_title":"Ifor Williams Dumpper \u2013 TT3621 \u2013 Elektrische Pumpe \u2013 Gesamtgewicht: 3500 Kg - Sagrinex \u2013 Anhaenger, Container &amp; Landtechnik \ud83c\udf3e\ud83d\ude9c","og_description":"IFOR WILLIAMS M\u00fcllcontainer \u2013 TT3621 \u2013 elektrische und manuelle Pumpe. Seine n\u00fctzlichen Abmessungen und Ladekapazit\u00e4t werden von Bauprofis sehr gesch\u00e4tzt. Gesamtgewicht: 3500 kg  Leermasse: 1000 kg  Nutzlast: 2500 kg  N\u00fctzliche Abmessungen: 362 x 195 cm  Gesamtabmessungen: 496 x 206 cm  Kopf gebremst: ja  Kippk\u00f6rper: ja  R\u00e4der: 185\/70R13C  Pumpe: Elektrische Hydraulik","og_url":"https:\/\/sagrinex.com\/produit\/ifor-williams-dumpper-tt3621-elektrische-pumpe-gesamtgewicht-3500-kg\/?lang=de","og_site_name":"Sagrinex \u2013 Anhaenger, Container &amp; Landtechnik \ud83c\udf3e\ud83d\ude9c","article_modified_time":"2026-04-15T21:12:28+00:00","og_image":[{"width":480,"height":547,"url":"https:\/\/sagrinex.com\/wp-content\/uploads\/2026\/03\/Image-718.jpeg","type":"image\/jpeg"}],"twitter_card":"summary_large_image","twitter_misc":{"Gesch\u00e4tzte Lesezeit":"2\u00a0Minuten"},"schema":{"@context":"https:\/\/schema.org","@graph":[{"@type":"WebPage","@id":"https:\/\/sagrinex.com\/produit\/ifor-williams-dumpper-tt3621-elektrische-pumpe-gesamtgewicht-3500-kg\/?lang=de","url":"https:\/\/sagrinex.com\/produit\/ifor-williams-dumpper-tt3621-elektrische-pumpe-gesamtgewicht-3500-kg\/?lang=de","name":"Ifor Williams Dumpper \u2013 TT3621 \u2013 Elektrische Pumpe \u2013 Gesamtgewicht: 3500 Kg - Sagrinex \u2013 Anhaenger, Container &amp; Landtechnik \ud83c\udf3e\ud83d\ude9c","isPartOf":{"@id":"https:\/\/sagrinex.com\/#website"},"primaryImageOfPage":{"@id":"https:\/\/sagrinex.com\/produit\/ifor-williams-dumpper-tt3621-elektrische-pumpe-gesamtgewicht-3500-kg\/?lang=de#primaryimage"},"image":{"@id":"https:\/\/sagrinex.com\/produit\/ifor-williams-dumpper-tt3621-elektrische-pumpe-gesamtgewicht-3500-kg\/?lang=de#primaryimage"},"thumbnailUrl":"https:\/\/sagrinex.com\/wp-content\/uploads\/2026\/03\/Image-718.jpeg","datePublished":"2026-04-15T16:41:38+00:00","dateModified":"2026-04-15T21:12:28+00:00","breadcrumb":{"@id":"https:\/\/sagrinex.com\/produit\/ifor-williams-dumpper-tt3621-elektrische-pumpe-gesamtgewicht-3500-kg\/?lang=de#breadcrumb"},"inLanguage":"de","potentialAction":[{"@type":"ReadAction","target":["https:\/\/sagrinex.com\/produit\/ifor-williams-dumpper-tt3621-elektrische-pumpe-gesamtgewicht-3500-kg\/?lang=de"]}]},{"@type":"ImageObject","inLanguage":"de","@id":"https:\/\/sagrinex.com\/produit\/ifor-williams-dumpper-tt3621-elektrische-pumpe-gesamtgewicht-3500-kg\/?lang=de#primaryimage","url":"https:\/\/sagrinex.com\/wp-content\/uploads\/2026\/03\/Image-718.jpeg","contentUrl":"https:\/\/sagrinex.com\/wp-content\/uploads\/2026\/03\/Image-718.jpeg","width":480,"height":547},{"@type":"BreadcrumbList","@id":"https:\/\/sagrinex.com\/produit\/ifor-williams-dumpper-tt3621-elektrische-pumpe-gesamtgewicht-3500-kg\/?lang=de#breadcrumb","itemListElement":[{"@type":"ListItem","position":1,"name":"Accueil","item":"https:\/\/sagrinex.com\/?lang=de"},{"@type":"ListItem","position":2,"name":"Shop","item":"https:\/\/sagrinex.com\/shop\/"},{"@type":"ListItem","position":3,"name":"Ifor Williams Dumpper \u2013 TT3621 \u2013 Elektrische Pumpe \u2013 Gesamtgewicht: 3500 Kg"}]},{"@type":"WebSite","@id":"https:\/\/sagrinex.com\/#website","url":"https:\/\/sagrinex.com\/","name":"Sagrinex \u2013 Spezialist f\u00fcr Anh\u00e4nger, Container & Landtechnik","description":"Anhaenger, Container &amp; Landtechnik \u2014 Online-Verkauf &amp; kostenloses Angebot","publisher":{"@id":"https:\/\/sagrinex.com\/#organization"},"potentialAction":[{"@type":"SearchAction","target":{"@type":"EntryPoint","urlTemplate":"https:\/\/sagrinex.com\/?s={search_term_string}"},"query-input":{"@type":"PropertyValueSpecification","valueRequired":true,"valueName":"search_term_string"}}],"inLanguage":"de"},{"@type":"Organization","@id":"https:\/\/sagrinex.com\/#organization","name":"Sagrinex \u2013 Remorques, Conteneurs & Mat\u00e9riel Agricole","url":"https:\/\/sagrinex.com\/","logo":{"@type":"ImageObject","inLanguage":"de","@id":"https:\/\/sagrinex.com\/#\/schema\/logo\/image\/","url":"https:\/\/sagrinex.com\/wp-content\/uploads\/2026\/03\/7f1ac463-ef5a-425d-bdd6-a5da03a334a9-1024x683.png","contentUrl":"https:\/\/sagrinex.com\/wp-content\/uploads\/2026\/03\/7f1ac463-ef5a-425d-bdd6-a5da03a334a9-1024x683.png","width":1024,"height":683,"caption":"Sagrinex \u2013 Remorques, Conteneurs & Mat\u00e9riel Agricole"},"image":{"@id":"https:\/\/sagrinex.com\/#\/schema\/logo\/image\/"}}]}},"jetpack_sharing_enabled":true,"_links":{"self":[{"href":"https:\/\/sagrinex.com\/de\/wp-json\/wp\/v2\/product\/17303","targetHints":{"allow":["GET"]}}],"collection":[{"href":"https:\/\/sagrinex.com\/de\/wp-json\/wp\/v2\/product"}],"about":[{"href":"https:\/\/sagrinex.com\/de\/wp-json\/wp\/v2\/types\/product"}],"replies":[{"embeddable":true,"href":"https:\/\/sagrinex.com\/de\/wp-json\/wp\/v2\/comments?post=17303"}],"version-history":[{"count":0,"href":"https:\/\/sagrinex.com\/de\/wp-json\/wp\/v2\/product\/17303\/revisions"}],"wp:featuredmedia":[{"embeddable":true,"href":"https:\/\/sagrinex.com\/de\/wp-json\/wp\/v2\/media\/10817"}],"wp:attachment":[{"href":"https:\/\/sagrinex.com\/de\/wp-json\/wp\/v2\/media?parent=17303"}],"wp:term":[{"taxonomy":"product_brand","embeddable":true,"href":"https:\/\/sagrinex.com\/de\/wp-json\/wp\/v2\/product_brand?post=17303"},{"taxonomy":"product_cat","embeddable":true,"href":"https:\/\/sagrinex.com\/de\/wp-json\/wp\/v2\/product_cat?post=17303"},{"taxonomy":"product_tag","embeddable":true,"href":"https:\/\/sagrinex.com\/de\/wp-json\/wp\/v2\/product_tag?post=17303"}],"curies":[{"name":"wp","href":"https:\/\/api.w.org\/{rel}","templated":true}]}}