{"id":17307,"date":"2026-04-15T16:43:41","date_gmt":"2026-04-15T16:43:41","guid":{"rendered":"https:\/\/sagrinex.com\/produit\/debon-dumpkit-pw1-2-eco-zulaessiges-gesamtgewicht-2000-kg-2-gebremste-achsen-300-x-160-x-30-cm\/"},"modified":"2026-04-15T21:12:28","modified_gmt":"2026-04-15T21:12:28","slug":"debon-dumpkit-pw1-2-eco-zulaessiges-gesamtgewicht-2000-kg-2-gebremste-achsen-300-x-160-x-30-cm","status":"publish","type":"product","link":"https:\/\/sagrinex.com\/de\/produit\/debon-dumpkit-pw1-2-eco-zulaessiges-gesamtgewicht-2000-kg-2-gebremste-achsen-300-x-160-x-30-cm\/","title":{"rendered":"Debon Dumpkit &#8211; PW1.2 Eco &#8211; Zul\u00e4ssiges Gesamtgewicht 2000 Kg &#8211; 2 Gebremste Achsen &#8211; 300 X 160 X 30 Cm"},"content":{"rendered":"<h2>VERWENDEN<\/h2>\n<p>Mit seinen Nutzma\u00dfen von 300 x 168 cm und einem zul\u00e4ssigen Gesamtgewicht von 2000 kg ist dieser DEBON-Container ideal f\u00fcr den Transport schwerer Materialien (Sand, Schutt, Kies, Brennholz). Dieses Modell ist mit einer manuellen Pumpe und einem widerstandsf\u00e4higen Sperrholzboden ausgestattet. Ausgezeichnetes Preis-Leistungs-Verh\u00e4ltnis!<\/p>\n<p>Die Verwendung kann je nach Art der ausgew\u00e4hlten Optionen variieren:<\/p>\n<ul>\n<li>60-cm-Gitterverl\u00e4ngerungen (f\u00fcr den Transport von Gr\u00fcnabf\u00e4llen zum Wertstoffhof)<\/li>\n<li>Satz Doppelbordw\u00e4nde aus Aluminium 30 cm (zur Verdoppelung der Nutzfl\u00e4che)<\/li>\n<li>Flache Plane (zum Schutz Ihrer Ladung vor Regen oder neugierigen Blicken)<\/li>\n<li>Ersatzrad + St\u00fctze (um Gefahren im Stra\u00dfenverkehr vorzubeugen: Eine Reifenpanne am Morgen ohne Ersatzrad bedeutet einen verschwendeten Arbeitstag).<\/li>\n<li>Paar Teleskopkurbelkr\u00fccken (muss ausger\u00fcstet werden, wenn Sie Rampen verwenden)<\/li>\n<li>Elektrische Pumpe (um das Entladen Ihres Containers zu erleichtern)<\/li>\n<li>Option mit verst\u00e4rktem Boden (mit einer am Sperrholzboden befestigten Blechplatte)<\/li>\n<li>6 Befestigungs- oder Zurrringe (nur werkseitig montiert)<\/li>\n<\/ul>\n<h2>DER VORTEIL VON DEBON DUCKS<\/h2>\n<ul>\n<li>Diese Eco-Serie profitiert von der minimalen Standardausstattung und profitiert von einem g\u00fcnstigen Preis<\/li>\n<li>Robuste, an die Einsatzzwecke von Containern angepasste Fertigung<\/li>\n<li>die M\u00f6glichkeit, viele Optionen hinzuzuf\u00fcgen, wenn die Verwendung dies erfordert<\/li>\n<\/ul>\n<h2>DAS + TRAILER-ZENTRUM<\/h2>\n<p>Mit einer gro\u00dfen Auswahl an Kippanh\u00e4ngern auf Lager kann Sagrinex Sie bei Ihrem Kauf entsprechend Ihren Erwartungen in Bezug auf Nutzung, Qualit\u00e4t und Budget beraten.<\/p>\n<p><strong>Sagrinex k\u00fcmmert sich um die Lieferung Ihres Anh\u00e4ngers <\/strong>.<\/p>\n<p>Z\u00f6gern Sie nicht, uns f\u00fcr weitere Informationen zu kontaktieren<\/p>\n","protected":false},"excerpt":{"rendered":"<p>Dieser mit einer manuellen Pumpe und einem Sperrholzboden ausgestattete Container bietet ein hervorragendes Preis-Leistungs-Verh\u00e4ltnis.<\/p>\n<div class=\"mod_fa_champspersonnalisables_v14_liste\">\n<div class=\"mod_fa_champspersonnalisables_v14_titre\"><strong>Gesamtgewicht:\u00a0 <\/strong><span class=\"mod_fa_champspersonnalisables_v14_valeur\">2000 kg<\/span><\/div>\n<\/div>\n<div class=\"mod_fa_champspersonnalisables_v14_liste\">\n<div class=\"mod_fa_champspersonnalisables_v14_titre\"><strong>Leermasse: <\/strong><span class=\"mod_fa_champspersonnalisables_v14_valeur\">540 kg<\/span><\/div>\n<\/div>\n<div class=\"mod_fa_champspersonnalisables_v14_liste\">\n<div class=\"mod_fa_champspersonnalisables_v14_titre\"><strong>Nutzlast: <\/strong><span class=\"mod_fa_champspersonnalisables_v14_valeur\">1560 kg<\/span><\/div>\n<\/div>\n<div class=\"mod_fa_champspersonnalisables_v14_liste\">\n<div class=\"mod_fa_champspersonnalisables_v14_titre\"><strong>N\u00fctzliche Abmessungen: <\/strong><span class=\"mod_fa_champspersonnalisables_v14_valeur\">300 x 160 x H30 cm<\/span><\/div>\n<\/div>\n<div class=\"mod_fa_champspersonnalisables_v14_liste\">\n<div class=\"mod_fa_champspersonnalisables_v14_titre\"><strong>Gesamtabmessungen: <\/strong><span class=\"mod_fa_champspersonnalisables_v14_valeur\">440 x 160 x H100 cm<\/span><\/div>\n<\/div>\n<div class=\"mod_fa_champspersonnalisables_v14_liste\">\n<div class=\"mod_fa_champspersonnalisables_v14_titre\"><strong>Nutzh\u00f6he\/Boden: <\/strong><span class=\"mod_fa_champspersonnalisables_v14_valeur\">70 cm<\/span><\/div>\n<\/div>\n<div class=\"mod_fa_champspersonnalisables_v14_liste\">\n<div class=\"mod_fa_champspersonnalisables_v14_titre\"><strong>Achswiderstand(e): <\/strong><span class=\"mod_fa_champspersonnalisables_v14_valeur\">1000 kg (X2)<\/span><\/div>\n<\/div>\n<div class=\"mod_fa_champspersonnalisables_v14_liste\">\n<div class=\"mod_fa_champspersonnalisables_v14_titre\"><strong>Pfeil: <\/strong><span class=\"mod_fa_champspersonnalisables_v14_valeur\">Feuerverzinkt V<\/span><\/div>\n<\/div>\n<div class=\"mod_fa_champspersonnalisables_v14_liste\">\n<div class=\"mod_fa_champspersonnalisables_v14_titre\"><strong>Fahrgestelltyp: <\/strong><span class=\"mod_fa_champspersonnalisables_v14_valeur\">Feuerverzinkt<\/span><\/div>\n<\/div>\n<div class=\"mod_fa_champspersonnalisables_v14_liste\">\n<div class=\"mod_fa_champspersonnalisables_v14_titre\"><strong>R\u00e4der: <\/strong><span class=\"mod_fa_champspersonnalisables_v14_valeur\">185\/70R13<\/span><\/div>\n<\/div>\n<div class=\"mod_fa_champspersonnalisables_v14_liste\">\n<div class=\"mod_fa_champspersonnalisables_v14_titre\"><strong>Ausr\u00fcstung: <\/strong><span class=\"mod_fa_champspersonnalisables_v14_valeur\">Automatisches St\u00fctzrad \/ Einbauleuchten \/ Seiten aus eloxiertem Aluminium<\/span><\/div>\n<\/div>\n","protected":false},"featured_media":10765,"comment_status":"open","ping_status":"closed","template":"","meta":[],"product_brand":[],"product_cat":[354,352],"product_tag":[],"class_list":{"0":"post-17307","1":"product","2":"type-product","3":"status-publish","4":"has-post-thumbnail","6":"product_cat-kippanhaenger","7":"product_cat-unsere-trailer","9":"first","10":"instock","11":"shipping-taxable","12":"purchasable","13":"product-type-simple"},"yoast_head":"<!-- This site is optimized with the Yoast SEO plugin v27.5 - https:\/\/yoast.com\/product\/yoast-seo-wordpress\/ -->\n<title>Debon Dumpkit - PW1.2 Eco - Zul\u00e4ssiges Gesamtgewicht 2000 Kg - 2 Gebremste Achsen - 300 X 160 X 30 Cm - Sagrinex \u2013 Anhaenger, Container &amp; Landtechnik \ud83c\udf3e\ud83d\ude9c<\/title>\n<meta name=\"robots\" content=\"index, follow, max-snippet:-1, max-image-preview:large, max-video-preview:-1\" \/>\n<link rel=\"canonical\" href=\"https:\/\/sagrinex.com\/produit\/debon-dumpkit-pw1-2-eco-zulaessiges-gesamtgewicht-2000-kg-2-gebremste-achsen-300-x-160-x-30-cm\/?lang=de\" \/>\n<meta property=\"og:locale\" content=\"de_DE\" \/>\n<meta property=\"og:type\" content=\"article\" \/>\n<meta property=\"og:title\" content=\"Debon Dumpkit - PW1.2 Eco - Zul\u00e4ssiges Gesamtgewicht 2000 Kg - 2 Gebremste Achsen - 300 X 160 X 30 Cm - Sagrinex \u2013 Anhaenger, Container &amp; Landtechnik \ud83c\udf3e\ud83d\ude9c\" \/>\n<meta property=\"og:description\" content=\"Dieser mit einer manuellen Pumpe und einem Sperrholzboden ausgestattete Container bietet ein hervorragendes Preis-Leistungs-Verh\u00e4ltnis. Gesamtgewicht:\u00a0 2000 kg  Leermasse: 540 kg  Nutzlast: 1560 kg  N\u00fctzliche Abmessungen: 300 x 160 x H30 cm  Gesamtabmessungen: 440 x 160 x H100 cm  Nutzh\u00f6he\/Boden: 70 cm  Achswiderstand(e): 1000 kg (X2)  Pfeil: Feuerverzinkt V  Fahrgestelltyp: Feuerverzinkt  R\u00e4der: 185\/70R13  Ausr\u00fcstung: Automatisches St\u00fctzrad \/ Einbauleuchten \/ Seiten aus eloxiertem Aluminium\" \/>\n<meta property=\"og:url\" content=\"https:\/\/sagrinex.com\/produit\/debon-dumpkit-pw1-2-eco-zulaessiges-gesamtgewicht-2000-kg-2-gebremste-achsen-300-x-160-x-30-cm\/?lang=de\" \/>\n<meta property=\"og:site_name\" content=\"Sagrinex \u2013 Anhaenger, Container &amp; Landtechnik \ud83c\udf3e\ud83d\ude9c\" \/>\n<meta property=\"article:modified_time\" content=\"2026-04-15T21:12:28+00:00\" \/>\n<meta property=\"og:image\" content=\"https:\/\/sagrinex.com\/wp-content\/uploads\/2026\/03\/Image-673.jpeg\" \/>\n\t<meta property=\"og:image:width\" content=\"385\" \/>\n\t<meta property=\"og:image:height\" content=\"280\" \/>\n\t<meta property=\"og:image:type\" content=\"image\/jpeg\" \/>\n<meta name=\"twitter:card\" content=\"summary_large_image\" \/>\n<meta name=\"twitter:label1\" content=\"Gesch\u00e4tzte Lesezeit\" \/>\n\t<meta name=\"twitter:data1\" content=\"1\u00a0Minute\" \/>\n<script type=\"application\/ld+json\" class=\"yoast-schema-graph\">{\"@context\":\"https:\\\/\\\/schema.org\",\"@graph\":[{\"@type\":\"WebPage\",\"@id\":\"https:\\\/\\\/sagrinex.com\\\/produit\\\/debon-dumpkit-pw1-2-eco-zulaessiges-gesamtgewicht-2000-kg-2-gebremste-achsen-300-x-160-x-30-cm\\\/?lang=de\",\"url\":\"https:\\\/\\\/sagrinex.com\\\/produit\\\/debon-dumpkit-pw1-2-eco-zulaessiges-gesamtgewicht-2000-kg-2-gebremste-achsen-300-x-160-x-30-cm\\\/?lang=de\",\"name\":\"Debon Dumpkit - PW1.2 Eco - Zul\u00e4ssiges Gesamtgewicht 2000 Kg - 2 Gebremste Achsen - 300 X 160 X 30 Cm - Sagrinex \u2013 Anhaenger, Container &amp; Landtechnik \ud83c\udf3e\ud83d\ude9c\",\"isPartOf\":{\"@id\":\"https:\\\/\\\/sagrinex.com\\\/#website\"},\"primaryImageOfPage\":{\"@id\":\"https:\\\/\\\/sagrinex.com\\\/produit\\\/debon-dumpkit-pw1-2-eco-zulaessiges-gesamtgewicht-2000-kg-2-gebremste-achsen-300-x-160-x-30-cm\\\/?lang=de#primaryimage\"},\"image\":{\"@id\":\"https:\\\/\\\/sagrinex.com\\\/produit\\\/debon-dumpkit-pw1-2-eco-zulaessiges-gesamtgewicht-2000-kg-2-gebremste-achsen-300-x-160-x-30-cm\\\/?lang=de#primaryimage\"},\"thumbnailUrl\":\"https:\\\/\\\/sagrinex.com\\\/wp-content\\\/uploads\\\/2026\\\/03\\\/Image-673.jpeg\",\"datePublished\":\"2026-04-15T16:43:41+00:00\",\"dateModified\":\"2026-04-15T21:12:28+00:00\",\"breadcrumb\":{\"@id\":\"https:\\\/\\\/sagrinex.com\\\/produit\\\/debon-dumpkit-pw1-2-eco-zulaessiges-gesamtgewicht-2000-kg-2-gebremste-achsen-300-x-160-x-30-cm\\\/?lang=de#breadcrumb\"},\"inLanguage\":\"de\",\"potentialAction\":[{\"@type\":\"ReadAction\",\"target\":[\"https:\\\/\\\/sagrinex.com\\\/produit\\\/debon-dumpkit-pw1-2-eco-zulaessiges-gesamtgewicht-2000-kg-2-gebremste-achsen-300-x-160-x-30-cm\\\/?lang=de\"]}]},{\"@type\":\"ImageObject\",\"inLanguage\":\"de\",\"@id\":\"https:\\\/\\\/sagrinex.com\\\/produit\\\/debon-dumpkit-pw1-2-eco-zulaessiges-gesamtgewicht-2000-kg-2-gebremste-achsen-300-x-160-x-30-cm\\\/?lang=de#primaryimage\",\"url\":\"https:\\\/\\\/sagrinex.com\\\/wp-content\\\/uploads\\\/2026\\\/03\\\/Image-673.jpeg\",\"contentUrl\":\"https:\\\/\\\/sagrinex.com\\\/wp-content\\\/uploads\\\/2026\\\/03\\\/Image-673.jpeg\",\"width\":385,\"height\":280},{\"@type\":\"BreadcrumbList\",\"@id\":\"https:\\\/\\\/sagrinex.com\\\/produit\\\/debon-dumpkit-pw1-2-eco-zulaessiges-gesamtgewicht-2000-kg-2-gebremste-achsen-300-x-160-x-30-cm\\\/?lang=de#breadcrumb\",\"itemListElement\":[{\"@type\":\"ListItem\",\"position\":1,\"name\":\"Accueil\",\"item\":\"https:\\\/\\\/sagrinex.com\\\/?lang=de\"},{\"@type\":\"ListItem\",\"position\":2,\"name\":\"Shop\",\"item\":\"https:\\\/\\\/sagrinex.com\\\/shop\\\/\"},{\"@type\":\"ListItem\",\"position\":3,\"name\":\"Debon Dumpkit &#8211; PW1.2 Eco &#8211; Zul\u00e4ssiges Gesamtgewicht 2000 Kg &#8211; 2 Gebremste Achsen &#8211; 300 X 160 X 30 Cm\"}]},{\"@type\":\"WebSite\",\"@id\":\"https:\\\/\\\/sagrinex.com\\\/#website\",\"url\":\"https:\\\/\\\/sagrinex.com\\\/\",\"name\":\"Sagrinex \u2013 Spezialist f\u00fcr Anh\u00e4nger, Container & Landtechnik\",\"description\":\"Anhaenger, Container &amp; Landtechnik \u2014 Online-Verkauf &amp; kostenloses Angebot\",\"publisher\":{\"@id\":\"https:\\\/\\\/sagrinex.com\\\/#organization\"},\"potentialAction\":[{\"@type\":\"SearchAction\",\"target\":{\"@type\":\"EntryPoint\",\"urlTemplate\":\"https:\\\/\\\/sagrinex.com\\\/?s={search_term_string}\"},\"query-input\":{\"@type\":\"PropertyValueSpecification\",\"valueRequired\":true,\"valueName\":\"search_term_string\"}}],\"inLanguage\":\"de\"},{\"@type\":\"Organization\",\"@id\":\"https:\\\/\\\/sagrinex.com\\\/#organization\",\"name\":\"Sagrinex \u2013 Remorques, Conteneurs & Mat\u00e9riel Agricole\",\"url\":\"https:\\\/\\\/sagrinex.com\\\/\",\"logo\":{\"@type\":\"ImageObject\",\"inLanguage\":\"de\",\"@id\":\"https:\\\/\\\/sagrinex.com\\\/#\\\/schema\\\/logo\\\/image\\\/\",\"url\":\"https:\\\/\\\/sagrinex.com\\\/wp-content\\\/uploads\\\/2026\\\/03\\\/7f1ac463-ef5a-425d-bdd6-a5da03a334a9-1024x683.png\",\"contentUrl\":\"https:\\\/\\\/sagrinex.com\\\/wp-content\\\/uploads\\\/2026\\\/03\\\/7f1ac463-ef5a-425d-bdd6-a5da03a334a9-1024x683.png\",\"width\":1024,\"height\":683,\"caption\":\"Sagrinex \u2013 Remorques, Conteneurs & Mat\u00e9riel Agricole\"},\"image\":{\"@id\":\"https:\\\/\\\/sagrinex.com\\\/#\\\/schema\\\/logo\\\/image\\\/\"}}]}<\/script>\n<!-- \/ Yoast SEO plugin. -->","yoast_head_json":{"title":"Debon Dumpkit - PW1.2 Eco - Zul\u00e4ssiges Gesamtgewicht 2000 Kg - 2 Gebremste Achsen - 300 X 160 X 30 Cm - Sagrinex \u2013 Anhaenger, Container &amp; Landtechnik \ud83c\udf3e\ud83d\ude9c","robots":{"index":"index","follow":"follow","max-snippet":"max-snippet:-1","max-image-preview":"max-image-preview:large","max-video-preview":"max-video-preview:-1"},"canonical":"https:\/\/sagrinex.com\/produit\/debon-dumpkit-pw1-2-eco-zulaessiges-gesamtgewicht-2000-kg-2-gebremste-achsen-300-x-160-x-30-cm\/?lang=de","og_locale":"de_DE","og_type":"article","og_title":"Debon Dumpkit - PW1.2 Eco - Zul\u00e4ssiges Gesamtgewicht 2000 Kg - 2 Gebremste Achsen - 300 X 160 X 30 Cm - Sagrinex \u2013 Anhaenger, Container &amp; Landtechnik \ud83c\udf3e\ud83d\ude9c","og_description":"Dieser mit einer manuellen Pumpe und einem Sperrholzboden ausgestattete Container bietet ein hervorragendes Preis-Leistungs-Verh\u00e4ltnis. Gesamtgewicht:\u00a0 2000 kg  Leermasse: 540 kg  Nutzlast: 1560 kg  N\u00fctzliche Abmessungen: 300 x 160 x H30 cm  Gesamtabmessungen: 440 x 160 x H100 cm  Nutzh\u00f6he\/Boden: 70 cm  Achswiderstand(e): 1000 kg (X2)  Pfeil: Feuerverzinkt V  Fahrgestelltyp: Feuerverzinkt  R\u00e4der: 185\/70R13  Ausr\u00fcstung: Automatisches St\u00fctzrad \/ Einbauleuchten \/ Seiten aus eloxiertem Aluminium","og_url":"https:\/\/sagrinex.com\/produit\/debon-dumpkit-pw1-2-eco-zulaessiges-gesamtgewicht-2000-kg-2-gebremste-achsen-300-x-160-x-30-cm\/?lang=de","og_site_name":"Sagrinex \u2013 Anhaenger, Container &amp; Landtechnik \ud83c\udf3e\ud83d\ude9c","article_modified_time":"2026-04-15T21:12:28+00:00","og_image":[{"width":385,"height":280,"url":"https:\/\/sagrinex.com\/wp-content\/uploads\/2026\/03\/Image-673.jpeg","type":"image\/jpeg"}],"twitter_card":"summary_large_image","twitter_misc":{"Gesch\u00e4tzte Lesezeit":"1\u00a0Minute"},"schema":{"@context":"https:\/\/schema.org","@graph":[{"@type":"WebPage","@id":"https:\/\/sagrinex.com\/produit\/debon-dumpkit-pw1-2-eco-zulaessiges-gesamtgewicht-2000-kg-2-gebremste-achsen-300-x-160-x-30-cm\/?lang=de","url":"https:\/\/sagrinex.com\/produit\/debon-dumpkit-pw1-2-eco-zulaessiges-gesamtgewicht-2000-kg-2-gebremste-achsen-300-x-160-x-30-cm\/?lang=de","name":"Debon Dumpkit - PW1.2 Eco - Zul\u00e4ssiges Gesamtgewicht 2000 Kg - 2 Gebremste Achsen - 300 X 160 X 30 Cm - Sagrinex \u2013 Anhaenger, Container &amp; Landtechnik \ud83c\udf3e\ud83d\ude9c","isPartOf":{"@id":"https:\/\/sagrinex.com\/#website"},"primaryImageOfPage":{"@id":"https:\/\/sagrinex.com\/produit\/debon-dumpkit-pw1-2-eco-zulaessiges-gesamtgewicht-2000-kg-2-gebremste-achsen-300-x-160-x-30-cm\/?lang=de#primaryimage"},"image":{"@id":"https:\/\/sagrinex.com\/produit\/debon-dumpkit-pw1-2-eco-zulaessiges-gesamtgewicht-2000-kg-2-gebremste-achsen-300-x-160-x-30-cm\/?lang=de#primaryimage"},"thumbnailUrl":"https:\/\/sagrinex.com\/wp-content\/uploads\/2026\/03\/Image-673.jpeg","datePublished":"2026-04-15T16:43:41+00:00","dateModified":"2026-04-15T21:12:28+00:00","breadcrumb":{"@id":"https:\/\/sagrinex.com\/produit\/debon-dumpkit-pw1-2-eco-zulaessiges-gesamtgewicht-2000-kg-2-gebremste-achsen-300-x-160-x-30-cm\/?lang=de#breadcrumb"},"inLanguage":"de","potentialAction":[{"@type":"ReadAction","target":["https:\/\/sagrinex.com\/produit\/debon-dumpkit-pw1-2-eco-zulaessiges-gesamtgewicht-2000-kg-2-gebremste-achsen-300-x-160-x-30-cm\/?lang=de"]}]},{"@type":"ImageObject","inLanguage":"de","@id":"https:\/\/sagrinex.com\/produit\/debon-dumpkit-pw1-2-eco-zulaessiges-gesamtgewicht-2000-kg-2-gebremste-achsen-300-x-160-x-30-cm\/?lang=de#primaryimage","url":"https:\/\/sagrinex.com\/wp-content\/uploads\/2026\/03\/Image-673.jpeg","contentUrl":"https:\/\/sagrinex.com\/wp-content\/uploads\/2026\/03\/Image-673.jpeg","width":385,"height":280},{"@type":"BreadcrumbList","@id":"https:\/\/sagrinex.com\/produit\/debon-dumpkit-pw1-2-eco-zulaessiges-gesamtgewicht-2000-kg-2-gebremste-achsen-300-x-160-x-30-cm\/?lang=de#breadcrumb","itemListElement":[{"@type":"ListItem","position":1,"name":"Accueil","item":"https:\/\/sagrinex.com\/?lang=de"},{"@type":"ListItem","position":2,"name":"Shop","item":"https:\/\/sagrinex.com\/shop\/"},{"@type":"ListItem","position":3,"name":"Debon Dumpkit &#8211; PW1.2 Eco &#8211; Zul\u00e4ssiges Gesamtgewicht 2000 Kg &#8211; 2 Gebremste Achsen &#8211; 300 X 160 X 30 Cm"}]},{"@type":"WebSite","@id":"https:\/\/sagrinex.com\/#website","url":"https:\/\/sagrinex.com\/","name":"Sagrinex \u2013 Spezialist f\u00fcr Anh\u00e4nger, Container & Landtechnik","description":"Anhaenger, Container &amp; Landtechnik \u2014 Online-Verkauf &amp; kostenloses Angebot","publisher":{"@id":"https:\/\/sagrinex.com\/#organization"},"potentialAction":[{"@type":"SearchAction","target":{"@type":"EntryPoint","urlTemplate":"https:\/\/sagrinex.com\/?s={search_term_string}"},"query-input":{"@type":"PropertyValueSpecification","valueRequired":true,"valueName":"search_term_string"}}],"inLanguage":"de"},{"@type":"Organization","@id":"https:\/\/sagrinex.com\/#organization","name":"Sagrinex \u2013 Remorques, Conteneurs & Mat\u00e9riel Agricole","url":"https:\/\/sagrinex.com\/","logo":{"@type":"ImageObject","inLanguage":"de","@id":"https:\/\/sagrinex.com\/#\/schema\/logo\/image\/","url":"https:\/\/sagrinex.com\/wp-content\/uploads\/2026\/03\/7f1ac463-ef5a-425d-bdd6-a5da03a334a9-1024x683.png","contentUrl":"https:\/\/sagrinex.com\/wp-content\/uploads\/2026\/03\/7f1ac463-ef5a-425d-bdd6-a5da03a334a9-1024x683.png","width":1024,"height":683,"caption":"Sagrinex \u2013 Remorques, Conteneurs & Mat\u00e9riel Agricole"},"image":{"@id":"https:\/\/sagrinex.com\/#\/schema\/logo\/image\/"}}]}},"jetpack_sharing_enabled":true,"_links":{"self":[{"href":"https:\/\/sagrinex.com\/de\/wp-json\/wp\/v2\/product\/17307","targetHints":{"allow":["GET"]}}],"collection":[{"href":"https:\/\/sagrinex.com\/de\/wp-json\/wp\/v2\/product"}],"about":[{"href":"https:\/\/sagrinex.com\/de\/wp-json\/wp\/v2\/types\/product"}],"replies":[{"embeddable":true,"href":"https:\/\/sagrinex.com\/de\/wp-json\/wp\/v2\/comments?post=17307"}],"version-history":[{"count":0,"href":"https:\/\/sagrinex.com\/de\/wp-json\/wp\/v2\/product\/17307\/revisions"}],"wp:featuredmedia":[{"embeddable":true,"href":"https:\/\/sagrinex.com\/de\/wp-json\/wp\/v2\/media\/10765"}],"wp:attachment":[{"href":"https:\/\/sagrinex.com\/de\/wp-json\/wp\/v2\/media?parent=17307"}],"wp:term":[{"taxonomy":"product_brand","embeddable":true,"href":"https:\/\/sagrinex.com\/de\/wp-json\/wp\/v2\/product_brand?post=17307"},{"taxonomy":"product_cat","embeddable":true,"href":"https:\/\/sagrinex.com\/de\/wp-json\/wp\/v2\/product_cat?post=17307"},{"taxonomy":"product_tag","embeddable":true,"href":"https:\/\/sagrinex.com\/de\/wp-json\/wp\/v2\/product_tag?post=17307"}],"curies":[{"name":"wp","href":"https:\/\/api.w.org\/{rel}","templated":true}]}}