{"id":17312,"date":"2026-04-15T16:45:23","date_gmt":"2026-04-15T16:45:23","guid":{"rendered":"https:\/\/sagrinex.com\/produit\/brenderup-bootstraeger-87-m-30-fuss\/"},"modified":"2026-04-15T21:12:28","modified_gmt":"2026-04-15T21:12:28","slug":"brenderup-bootstraeger-87-m-30-fuss","status":"publish","type":"product","link":"https:\/\/sagrinex.com\/de\/produit\/brenderup-bootstraeger-87-m-30-fuss\/","title":{"rendered":"Brenderup Bootstr\u00e4ger 8,7 M \/ 30 Fu\u00df"},"content":{"rendered":"<p><strong>Technische Spezifikationen:<\/strong><\/p>\n<ul>\n<li>Modell: 8230TB<\/li>\n<li>Gesamtgewicht des Fahrzeugs: 3500 kg<\/li>\n<li>Nutzlast: 2760 kg<\/li>\n<li>Gesamtma\u00dfe: 9,15 x 2,21 m<\/li>\n<li>Bremsen: ja<\/li>\n<li>Achsen: 2<\/li>\n<li>System: Mehrwalzen<\/li>\n<li>Kielrollen: 10<\/li>\n<li>Radgr\u00f6\u00dfe: R14<\/li>\n<li>St\u00fctzrad: ja<\/li>\n<\/ul>\n<p><strong>Vorteile:<\/strong><\/p>\n<ul>\n<li>Das ergonomische R\u00fccklicht verf\u00fcgt \u00fcber Schnellverschlussmechanismen f\u00fcr eine einfache Montage und Demontage.<\/li>\n<li>Mehrrollen-Kippgestell.<\/li>\n<li>Vielfach verstellbare Windenhalterung: L\u00e4nge, H\u00f6he und Winkel.<\/li>\n<li>Verstellbare Achsen.<\/li>\n<li>V-f\u00f6rmiger Pfeil.<\/li>\n<\/ul>\n","protected":false},"excerpt":{"rendered":"<p>Anh\u00e4nger mit Doppelachsbremsen f\u00fcr Boote bis 30 Fu\u00df. Ausgestattet mit einem verst\u00e4rkten, V-f\u00f6rmig geschwei\u00dften Chassis f\u00fcr guten Grip auf der Stra\u00dfe. Hochwertige Rollen zur Reduzierung der Spannung am Bootsrumpf. Verst\u00e4rkte, neigbare hintere Halterung mit 4 ultraweichen Kielrollen, 4 superweichen vorderen Kielrollen, 1 zus\u00e4tzlichen Kielrolle und zwei Paar doppelten Seitenrollen, die an Ihr Boot angepasst werden k\u00f6nnen. Feuerverzinktes Fahrgestell f\u00fcr besseren Schutz und l\u00e4ngere Lebensdauer. Die elektrischen Kabelb\u00e4ume sind vollst\u00e4ndig im Anh\u00e4ngerchassis verborgen und gesch\u00fctzt. Abgedichtete Radlager f\u00fcr l\u00e4ngere Lebensdauer. Die Winde und ihre Halterung sind leicht verstellbar, um sie an Ihr Boot anzupassen. Die Windenhalterung ist au\u00dferdem mit einer zus\u00e4tzlichen Sicherheitskette ausgestattet, um das Boot w\u00e4hrend des Transports auf dem Anh\u00e4nger zu sichern. Schnell l\u00f6sbare Lichtrampe, um das Be- und Entladen Ihres Bootes zu erleichtern. Die Bilder sind Richtwerte und k\u00f6nnen optionale Ausstattungen veranschaulichen.<\/p>\n<p>Der f\u00fchrende High-End-Trailer in Europa! NEUER ANH\u00c4NGER MIT 2 JAHREN GARANTIE!<\/p>\n","protected":false},"featured_media":10726,"comment_status":"open","ping_status":"closed","template":"","meta":[],"product_brand":[],"product_cat":[357,352],"product_tag":[],"class_list":{"0":"post-17312","1":"product","2":"type-product","3":"status-publish","4":"has-post-thumbnail","6":"product_cat-nautische-anhaenger","7":"product_cat-unsere-trailer","9":"first","10":"instock","11":"shipping-taxable","12":"purchasable","13":"product-type-simple"},"yoast_head":"<!-- This site is optimized with the Yoast SEO plugin v27.5 - https:\/\/yoast.com\/product\/yoast-seo-wordpress\/ -->\n<title>Brenderup Bootstr\u00e4ger 8,7 M \/ 30 Fu\u00df - Sagrinex \u2013 Anhaenger, Container &amp; Landtechnik \ud83c\udf3e\ud83d\ude9c<\/title>\n<meta name=\"robots\" content=\"index, follow, max-snippet:-1, max-image-preview:large, max-video-preview:-1\" \/>\n<link rel=\"canonical\" href=\"https:\/\/sagrinex.com\/produit\/brenderup-bootstraeger-87-m-30-fuss\/?lang=de\" \/>\n<meta property=\"og:locale\" content=\"de_DE\" \/>\n<meta property=\"og:type\" content=\"article\" \/>\n<meta property=\"og:title\" content=\"Brenderup Bootstr\u00e4ger 8,7 M \/ 30 Fu\u00df - Sagrinex \u2013 Anhaenger, Container &amp; Landtechnik \ud83c\udf3e\ud83d\ude9c\" \/>\n<meta property=\"og:description\" content=\"Anh\u00e4nger mit Doppelachsbremsen f\u00fcr Boote bis 30 Fu\u00df. Ausgestattet mit einem verst\u00e4rkten, V-f\u00f6rmig geschwei\u00dften Chassis f\u00fcr guten Grip auf der Stra\u00dfe. Hochwertige Rollen zur Reduzierung der Spannung am Bootsrumpf. Verst\u00e4rkte, neigbare hintere Halterung mit 4 ultraweichen Kielrollen, 4 superweichen vorderen Kielrollen, 1 zus\u00e4tzlichen Kielrolle und zwei Paar doppelten Seitenrollen, die an Ihr Boot angepasst werden k\u00f6nnen. Feuerverzinktes Fahrgestell f\u00fcr besseren Schutz und l\u00e4ngere Lebensdauer. Die elektrischen Kabelb\u00e4ume sind vollst\u00e4ndig im Anh\u00e4ngerchassis verborgen und gesch\u00fctzt. Abgedichtete Radlager f\u00fcr l\u00e4ngere Lebensdauer. Die Winde und ihre Halterung sind leicht verstellbar, um sie an Ihr Boot anzupassen. Die Windenhalterung ist au\u00dferdem mit einer zus\u00e4tzlichen Sicherheitskette ausgestattet, um das Boot w\u00e4hrend des Transports auf dem Anh\u00e4nger zu sichern. Schnell l\u00f6sbare Lichtrampe, um das Be- und Entladen Ihres Bootes zu erleichtern. Die Bilder sind Richtwerte und k\u00f6nnen optionale Ausstattungen veranschaulichen. Der f\u00fchrende High-End-Trailer in Europa! NEUER ANH\u00c4NGER MIT 2 JAHREN GARANTIE!\" \/>\n<meta property=\"og:url\" content=\"https:\/\/sagrinex.com\/produit\/brenderup-bootstraeger-87-m-30-fuss\/?lang=de\" \/>\n<meta property=\"og:site_name\" content=\"Sagrinex \u2013 Anhaenger, Container &amp; Landtechnik \ud83c\udf3e\ud83d\ude9c\" \/>\n<meta property=\"article:modified_time\" content=\"2026-04-15T21:12:28+00:00\" \/>\n<meta property=\"og:image\" content=\"https:\/\/sagrinex.com\/wp-content\/uploads\/2026\/03\/Image-646-1.jpeg\" \/>\n\t<meta property=\"og:image:width\" content=\"1100\" \/>\n\t<meta property=\"og:image:height\" content=\"329\" \/>\n\t<meta property=\"og:image:type\" content=\"image\/jpeg\" \/>\n<meta name=\"twitter:card\" content=\"summary_large_image\" \/>\n<script type=\"application\/ld+json\" class=\"yoast-schema-graph\">{\"@context\":\"https:\\\/\\\/schema.org\",\"@graph\":[{\"@type\":\"WebPage\",\"@id\":\"https:\\\/\\\/sagrinex.com\\\/produit\\\/brenderup-bootstraeger-87-m-30-fuss\\\/?lang=de\",\"url\":\"https:\\\/\\\/sagrinex.com\\\/produit\\\/brenderup-bootstraeger-87-m-30-fuss\\\/?lang=de\",\"name\":\"Brenderup Bootstr\u00e4ger 8,7 M \\\/ 30 Fu\u00df - Sagrinex \u2013 Anhaenger, Container &amp; Landtechnik \ud83c\udf3e\ud83d\ude9c\",\"isPartOf\":{\"@id\":\"https:\\\/\\\/sagrinex.com\\\/#website\"},\"primaryImageOfPage\":{\"@id\":\"https:\\\/\\\/sagrinex.com\\\/produit\\\/brenderup-bootstraeger-87-m-30-fuss\\\/?lang=de#primaryimage\"},\"image\":{\"@id\":\"https:\\\/\\\/sagrinex.com\\\/produit\\\/brenderup-bootstraeger-87-m-30-fuss\\\/?lang=de#primaryimage\"},\"thumbnailUrl\":\"https:\\\/\\\/sagrinex.com\\\/wp-content\\\/uploads\\\/2026\\\/03\\\/Image-646-1.jpeg\",\"datePublished\":\"2026-04-15T16:45:23+00:00\",\"dateModified\":\"2026-04-15T21:12:28+00:00\",\"breadcrumb\":{\"@id\":\"https:\\\/\\\/sagrinex.com\\\/produit\\\/brenderup-bootstraeger-87-m-30-fuss\\\/?lang=de#breadcrumb\"},\"inLanguage\":\"de\",\"potentialAction\":[{\"@type\":\"ReadAction\",\"target\":[\"https:\\\/\\\/sagrinex.com\\\/produit\\\/brenderup-bootstraeger-87-m-30-fuss\\\/?lang=de\"]}]},{\"@type\":\"ImageObject\",\"inLanguage\":\"de\",\"@id\":\"https:\\\/\\\/sagrinex.com\\\/produit\\\/brenderup-bootstraeger-87-m-30-fuss\\\/?lang=de#primaryimage\",\"url\":\"https:\\\/\\\/sagrinex.com\\\/wp-content\\\/uploads\\\/2026\\\/03\\\/Image-646-1.jpeg\",\"contentUrl\":\"https:\\\/\\\/sagrinex.com\\\/wp-content\\\/uploads\\\/2026\\\/03\\\/Image-646-1.jpeg\",\"width\":1100,\"height\":329},{\"@type\":\"BreadcrumbList\",\"@id\":\"https:\\\/\\\/sagrinex.com\\\/produit\\\/brenderup-bootstraeger-87-m-30-fuss\\\/?lang=de#breadcrumb\",\"itemListElement\":[{\"@type\":\"ListItem\",\"position\":1,\"name\":\"Accueil\",\"item\":\"https:\\\/\\\/sagrinex.com\\\/?lang=de\"},{\"@type\":\"ListItem\",\"position\":2,\"name\":\"Shop\",\"item\":\"https:\\\/\\\/sagrinex.com\\\/shop\\\/\"},{\"@type\":\"ListItem\",\"position\":3,\"name\":\"Brenderup Bootstr\u00e4ger 8,7 M \\\/ 30 Fu\u00df\"}]},{\"@type\":\"WebSite\",\"@id\":\"https:\\\/\\\/sagrinex.com\\\/#website\",\"url\":\"https:\\\/\\\/sagrinex.com\\\/\",\"name\":\"Sagrinex \u2013 Spezialist f\u00fcr Anh\u00e4nger, Container & Landtechnik\",\"description\":\"Anhaenger, Container &amp; Landtechnik \u2014 Online-Verkauf &amp; kostenloses Angebot\",\"publisher\":{\"@id\":\"https:\\\/\\\/sagrinex.com\\\/#organization\"},\"potentialAction\":[{\"@type\":\"SearchAction\",\"target\":{\"@type\":\"EntryPoint\",\"urlTemplate\":\"https:\\\/\\\/sagrinex.com\\\/?s={search_term_string}\"},\"query-input\":{\"@type\":\"PropertyValueSpecification\",\"valueRequired\":true,\"valueName\":\"search_term_string\"}}],\"inLanguage\":\"de\"},{\"@type\":\"Organization\",\"@id\":\"https:\\\/\\\/sagrinex.com\\\/#organization\",\"name\":\"Sagrinex \u2013 Remorques, Conteneurs & Mat\u00e9riel Agricole\",\"url\":\"https:\\\/\\\/sagrinex.com\\\/\",\"logo\":{\"@type\":\"ImageObject\",\"inLanguage\":\"de\",\"@id\":\"https:\\\/\\\/sagrinex.com\\\/#\\\/schema\\\/logo\\\/image\\\/\",\"url\":\"https:\\\/\\\/sagrinex.com\\\/wp-content\\\/uploads\\\/2026\\\/03\\\/7f1ac463-ef5a-425d-bdd6-a5da03a334a9-1024x683.png\",\"contentUrl\":\"https:\\\/\\\/sagrinex.com\\\/wp-content\\\/uploads\\\/2026\\\/03\\\/7f1ac463-ef5a-425d-bdd6-a5da03a334a9-1024x683.png\",\"width\":1024,\"height\":683,\"caption\":\"Sagrinex \u2013 Remorques, Conteneurs & Mat\u00e9riel Agricole\"},\"image\":{\"@id\":\"https:\\\/\\\/sagrinex.com\\\/#\\\/schema\\\/logo\\\/image\\\/\"}}]}<\/script>\n<!-- \/ Yoast SEO plugin. -->","yoast_head_json":{"title":"Brenderup Bootstr\u00e4ger 8,7 M \/ 30 Fu\u00df - Sagrinex \u2013 Anhaenger, Container &amp; Landtechnik \ud83c\udf3e\ud83d\ude9c","robots":{"index":"index","follow":"follow","max-snippet":"max-snippet:-1","max-image-preview":"max-image-preview:large","max-video-preview":"max-video-preview:-1"},"canonical":"https:\/\/sagrinex.com\/produit\/brenderup-bootstraeger-87-m-30-fuss\/?lang=de","og_locale":"de_DE","og_type":"article","og_title":"Brenderup Bootstr\u00e4ger 8,7 M \/ 30 Fu\u00df - Sagrinex \u2013 Anhaenger, Container &amp; Landtechnik \ud83c\udf3e\ud83d\ude9c","og_description":"Anh\u00e4nger mit Doppelachsbremsen f\u00fcr Boote bis 30 Fu\u00df. Ausgestattet mit einem verst\u00e4rkten, V-f\u00f6rmig geschwei\u00dften Chassis f\u00fcr guten Grip auf der Stra\u00dfe. Hochwertige Rollen zur Reduzierung der Spannung am Bootsrumpf. Verst\u00e4rkte, neigbare hintere Halterung mit 4 ultraweichen Kielrollen, 4 superweichen vorderen Kielrollen, 1 zus\u00e4tzlichen Kielrolle und zwei Paar doppelten Seitenrollen, die an Ihr Boot angepasst werden k\u00f6nnen. Feuerverzinktes Fahrgestell f\u00fcr besseren Schutz und l\u00e4ngere Lebensdauer. Die elektrischen Kabelb\u00e4ume sind vollst\u00e4ndig im Anh\u00e4ngerchassis verborgen und gesch\u00fctzt. Abgedichtete Radlager f\u00fcr l\u00e4ngere Lebensdauer. Die Winde und ihre Halterung sind leicht verstellbar, um sie an Ihr Boot anzupassen. Die Windenhalterung ist au\u00dferdem mit einer zus\u00e4tzlichen Sicherheitskette ausgestattet, um das Boot w\u00e4hrend des Transports auf dem Anh\u00e4nger zu sichern. Schnell l\u00f6sbare Lichtrampe, um das Be- und Entladen Ihres Bootes zu erleichtern. Die Bilder sind Richtwerte und k\u00f6nnen optionale Ausstattungen veranschaulichen. Der f\u00fchrende High-End-Trailer in Europa! NEUER ANH\u00c4NGER MIT 2 JAHREN GARANTIE!","og_url":"https:\/\/sagrinex.com\/produit\/brenderup-bootstraeger-87-m-30-fuss\/?lang=de","og_site_name":"Sagrinex \u2013 Anhaenger, Container &amp; Landtechnik \ud83c\udf3e\ud83d\ude9c","article_modified_time":"2026-04-15T21:12:28+00:00","og_image":[{"width":1100,"height":329,"url":"https:\/\/sagrinex.com\/wp-content\/uploads\/2026\/03\/Image-646-1.jpeg","type":"image\/jpeg"}],"twitter_card":"summary_large_image","schema":{"@context":"https:\/\/schema.org","@graph":[{"@type":"WebPage","@id":"https:\/\/sagrinex.com\/produit\/brenderup-bootstraeger-87-m-30-fuss\/?lang=de","url":"https:\/\/sagrinex.com\/produit\/brenderup-bootstraeger-87-m-30-fuss\/?lang=de","name":"Brenderup Bootstr\u00e4ger 8,7 M \/ 30 Fu\u00df - Sagrinex \u2013 Anhaenger, Container &amp; Landtechnik \ud83c\udf3e\ud83d\ude9c","isPartOf":{"@id":"https:\/\/sagrinex.com\/#website"},"primaryImageOfPage":{"@id":"https:\/\/sagrinex.com\/produit\/brenderup-bootstraeger-87-m-30-fuss\/?lang=de#primaryimage"},"image":{"@id":"https:\/\/sagrinex.com\/produit\/brenderup-bootstraeger-87-m-30-fuss\/?lang=de#primaryimage"},"thumbnailUrl":"https:\/\/sagrinex.com\/wp-content\/uploads\/2026\/03\/Image-646-1.jpeg","datePublished":"2026-04-15T16:45:23+00:00","dateModified":"2026-04-15T21:12:28+00:00","breadcrumb":{"@id":"https:\/\/sagrinex.com\/produit\/brenderup-bootstraeger-87-m-30-fuss\/?lang=de#breadcrumb"},"inLanguage":"de","potentialAction":[{"@type":"ReadAction","target":["https:\/\/sagrinex.com\/produit\/brenderup-bootstraeger-87-m-30-fuss\/?lang=de"]}]},{"@type":"ImageObject","inLanguage":"de","@id":"https:\/\/sagrinex.com\/produit\/brenderup-bootstraeger-87-m-30-fuss\/?lang=de#primaryimage","url":"https:\/\/sagrinex.com\/wp-content\/uploads\/2026\/03\/Image-646-1.jpeg","contentUrl":"https:\/\/sagrinex.com\/wp-content\/uploads\/2026\/03\/Image-646-1.jpeg","width":1100,"height":329},{"@type":"BreadcrumbList","@id":"https:\/\/sagrinex.com\/produit\/brenderup-bootstraeger-87-m-30-fuss\/?lang=de#breadcrumb","itemListElement":[{"@type":"ListItem","position":1,"name":"Accueil","item":"https:\/\/sagrinex.com\/?lang=de"},{"@type":"ListItem","position":2,"name":"Shop","item":"https:\/\/sagrinex.com\/shop\/"},{"@type":"ListItem","position":3,"name":"Brenderup Bootstr\u00e4ger 8,7 M \/ 30 Fu\u00df"}]},{"@type":"WebSite","@id":"https:\/\/sagrinex.com\/#website","url":"https:\/\/sagrinex.com\/","name":"Sagrinex \u2013 Spezialist f\u00fcr Anh\u00e4nger, Container & Landtechnik","description":"Anhaenger, Container &amp; Landtechnik \u2014 Online-Verkauf &amp; kostenloses Angebot","publisher":{"@id":"https:\/\/sagrinex.com\/#organization"},"potentialAction":[{"@type":"SearchAction","target":{"@type":"EntryPoint","urlTemplate":"https:\/\/sagrinex.com\/?s={search_term_string}"},"query-input":{"@type":"PropertyValueSpecification","valueRequired":true,"valueName":"search_term_string"}}],"inLanguage":"de"},{"@type":"Organization","@id":"https:\/\/sagrinex.com\/#organization","name":"Sagrinex \u2013 Remorques, Conteneurs & Mat\u00e9riel Agricole","url":"https:\/\/sagrinex.com\/","logo":{"@type":"ImageObject","inLanguage":"de","@id":"https:\/\/sagrinex.com\/#\/schema\/logo\/image\/","url":"https:\/\/sagrinex.com\/wp-content\/uploads\/2026\/03\/7f1ac463-ef5a-425d-bdd6-a5da03a334a9-1024x683.png","contentUrl":"https:\/\/sagrinex.com\/wp-content\/uploads\/2026\/03\/7f1ac463-ef5a-425d-bdd6-a5da03a334a9-1024x683.png","width":1024,"height":683,"caption":"Sagrinex \u2013 Remorques, Conteneurs & Mat\u00e9riel Agricole"},"image":{"@id":"https:\/\/sagrinex.com\/#\/schema\/logo\/image\/"}}]}},"jetpack_sharing_enabled":true,"_links":{"self":[{"href":"https:\/\/sagrinex.com\/de\/wp-json\/wp\/v2\/product\/17312","targetHints":{"allow":["GET"]}}],"collection":[{"href":"https:\/\/sagrinex.com\/de\/wp-json\/wp\/v2\/product"}],"about":[{"href":"https:\/\/sagrinex.com\/de\/wp-json\/wp\/v2\/types\/product"}],"replies":[{"embeddable":true,"href":"https:\/\/sagrinex.com\/de\/wp-json\/wp\/v2\/comments?post=17312"}],"version-history":[{"count":0,"href":"https:\/\/sagrinex.com\/de\/wp-json\/wp\/v2\/product\/17312\/revisions"}],"wp:featuredmedia":[{"embeddable":true,"href":"https:\/\/sagrinex.com\/de\/wp-json\/wp\/v2\/media\/10726"}],"wp:attachment":[{"href":"https:\/\/sagrinex.com\/de\/wp-json\/wp\/v2\/media?parent=17312"}],"wp:term":[{"taxonomy":"product_brand","embeddable":true,"href":"https:\/\/sagrinex.com\/de\/wp-json\/wp\/v2\/product_brand?post=17312"},{"taxonomy":"product_cat","embeddable":true,"href":"https:\/\/sagrinex.com\/de\/wp-json\/wp\/v2\/product_cat?post=17312"},{"taxonomy":"product_tag","embeddable":true,"href":"https:\/\/sagrinex.com\/de\/wp-json\/wp\/v2\/product_tag?post=17312"}],"curies":[{"name":"wp","href":"https:\/\/api.w.org\/{rel}","templated":true}]}}