{"id":17315,"date":"2026-04-15T16:46:24","date_gmt":"2026-04-15T16:46:24","guid":{"rendered":"https:\/\/sagrinex.com\/produit\/kanu-kajak-ruderhalter-brenderup\/"},"modified":"2026-04-15T21:12:29","modified_gmt":"2026-04-15T21:12:29","slug":"kanu-kajak-ruderhalter-brenderup","status":"publish","type":"product","link":"https:\/\/sagrinex.com\/de\/produit\/kanu-kajak-ruderhalter-brenderup\/","title":{"rendered":"Kanu-\/kajak-\/ruderhalter Brenderup"},"content":{"rendered":"<ul>\n<li>Marke: Brenderup<\/li>\n<li>Typ: C8<\/li>\n<li>Gesamtgewicht: 750 kg<\/li>\n<li>Nutzlast: 540 kg<\/li>\n<li>1 ungebremste Achse von 750 kg<\/li>\n<li>13-Zoll-R\u00e4der<\/li>\n<li>St\u00fctzrad<\/li>\n<li>Festmacherringe<\/li>\n<li>Abgedichtetes Radlager<\/li>\n<li>Einstellbare Achsposition<\/li>\n<li>Abnehmbare Schnellwechsel-Lichtplatte<\/li>\n<li>Elektrischer Kabelbaum vollst\u00e4ndig verborgen und gesch\u00fctzt im Chassis<\/li>\n<li>Abgedichtete Radlager<\/li>\n<li>Verzinkter Rahmen<\/li>\n<li>8 verstellbare Querstangen<\/li>\n<li>H\u00f6henverstellbar innerhalb von 2 Metern<\/li>\n<\/ul>\n","protected":false},"excerpt":{"rendered":"<p>Bremsenloser Kanu-\/Kajakanh\u00e4nger f\u00fcr 8 Kanus oder 16 Kajaks, mit leicht verstellbaren Querstangen zur Anpassung an die Bootsgr\u00f6\u00dfe. V-f\u00f6rmiger Pfeil f\u00fcr gute Stra\u00dfenlage. Fahrgestell aus feuerverzinktem Stahl f\u00fcr besseren Schutz und eine l\u00e4ngere Lebensdauer Ihres Anh\u00e4ngers. Die elektrischen Kabelb\u00e4ume sind vollst\u00e4ndig im Anh\u00e4ngerchassis verborgen und gesch\u00fctzt. Die Gesamth\u00f6he des Kanu-\/Kajakanh\u00e4ngers betr\u00e4gt 2,40 Meter. Der St\u00e4nder selbst hat folgende Ma\u00dfe: H\u00f6he 200 cm, L\u00e4nge 199 cm, Breite 191 cm, Ladel\u00e4nge 344 cm und Ladebreite auf jeder Seite 85 cm. Abgedichtete Radlager f\u00fcr l\u00e4ngere Lebensdauer.<\/p>\n","protected":false},"featured_media":10709,"comment_status":"open","ping_status":"closed","template":"","meta":[],"product_brand":[],"product_cat":[357,352],"product_tag":[],"class_list":{"0":"post-17315","1":"product","2":"type-product","3":"status-publish","4":"has-post-thumbnail","6":"product_cat-nautische-anhaenger","7":"product_cat-unsere-trailer","9":"first","10":"instock","11":"shipping-taxable","12":"purchasable","13":"product-type-simple"},"yoast_head":"<!-- This site is optimized with the Yoast SEO plugin v27.5 - https:\/\/yoast.com\/product\/yoast-seo-wordpress\/ -->\n<title>Kanu-\/kajak-\/ruderhalter Brenderup - Sagrinex \u2013 Anhaenger, Container &amp; Landtechnik \ud83c\udf3e\ud83d\ude9c<\/title>\n<meta name=\"robots\" content=\"index, follow, max-snippet:-1, max-image-preview:large, max-video-preview:-1\" \/>\n<link rel=\"canonical\" href=\"https:\/\/sagrinex.com\/produit\/kanu-kajak-ruderhalter-brenderup\/?lang=de\" \/>\n<meta property=\"og:locale\" content=\"de_DE\" \/>\n<meta property=\"og:type\" content=\"article\" \/>\n<meta property=\"og:title\" content=\"Kanu-\/kajak-\/ruderhalter Brenderup - Sagrinex \u2013 Anhaenger, Container &amp; Landtechnik \ud83c\udf3e\ud83d\ude9c\" \/>\n<meta property=\"og:description\" content=\"Bremsenloser Kanu-\/Kajakanh\u00e4nger f\u00fcr 8 Kanus oder 16 Kajaks, mit leicht verstellbaren Querstangen zur Anpassung an die Bootsgr\u00f6\u00dfe. V-f\u00f6rmiger Pfeil f\u00fcr gute Stra\u00dfenlage. Fahrgestell aus feuerverzinktem Stahl f\u00fcr besseren Schutz und eine l\u00e4ngere Lebensdauer Ihres Anh\u00e4ngers. Die elektrischen Kabelb\u00e4ume sind vollst\u00e4ndig im Anh\u00e4ngerchassis verborgen und gesch\u00fctzt. Die Gesamth\u00f6he des Kanu-\/Kajakanh\u00e4ngers betr\u00e4gt 2,40 Meter. Der St\u00e4nder selbst hat folgende Ma\u00dfe: H\u00f6he 200 cm, L\u00e4nge 199 cm, Breite 191 cm, Ladel\u00e4nge 344 cm und Ladebreite auf jeder Seite 85 cm. Abgedichtete Radlager f\u00fcr l\u00e4ngere Lebensdauer.\" \/>\n<meta property=\"og:url\" content=\"https:\/\/sagrinex.com\/produit\/kanu-kajak-ruderhalter-brenderup\/?lang=de\" \/>\n<meta property=\"og:site_name\" content=\"Sagrinex \u2013 Anhaenger, Container &amp; Landtechnik \ud83c\udf3e\ud83d\ude9c\" \/>\n<meta property=\"article:modified_time\" content=\"2026-04-15T21:12:29+00:00\" \/>\n<meta property=\"og:image\" content=\"https:\/\/sagrinex.com\/wp-content\/uploads\/2026\/03\/Image-634.jpeg\" \/>\n\t<meta property=\"og:image:width\" content=\"2560\" \/>\n\t<meta property=\"og:image:height\" content=\"1707\" \/>\n\t<meta property=\"og:image:type\" content=\"image\/jpeg\" \/>\n<meta name=\"twitter:card\" content=\"summary_large_image\" \/>\n<script type=\"application\/ld+json\" class=\"yoast-schema-graph\">{\"@context\":\"https:\\\/\\\/schema.org\",\"@graph\":[{\"@type\":\"WebPage\",\"@id\":\"https:\\\/\\\/sagrinex.com\\\/produit\\\/kanu-kajak-ruderhalter-brenderup\\\/?lang=de\",\"url\":\"https:\\\/\\\/sagrinex.com\\\/produit\\\/kanu-kajak-ruderhalter-brenderup\\\/?lang=de\",\"name\":\"Kanu-\\\/kajak-\\\/ruderhalter Brenderup - Sagrinex \u2013 Anhaenger, Container &amp; Landtechnik \ud83c\udf3e\ud83d\ude9c\",\"isPartOf\":{\"@id\":\"https:\\\/\\\/sagrinex.com\\\/#website\"},\"primaryImageOfPage\":{\"@id\":\"https:\\\/\\\/sagrinex.com\\\/produit\\\/kanu-kajak-ruderhalter-brenderup\\\/?lang=de#primaryimage\"},\"image\":{\"@id\":\"https:\\\/\\\/sagrinex.com\\\/produit\\\/kanu-kajak-ruderhalter-brenderup\\\/?lang=de#primaryimage\"},\"thumbnailUrl\":\"https:\\\/\\\/sagrinex.com\\\/wp-content\\\/uploads\\\/2026\\\/03\\\/Image-634.jpeg\",\"datePublished\":\"2026-04-15T16:46:24+00:00\",\"dateModified\":\"2026-04-15T21:12:29+00:00\",\"breadcrumb\":{\"@id\":\"https:\\\/\\\/sagrinex.com\\\/produit\\\/kanu-kajak-ruderhalter-brenderup\\\/?lang=de#breadcrumb\"},\"inLanguage\":\"de\",\"potentialAction\":[{\"@type\":\"ReadAction\",\"target\":[\"https:\\\/\\\/sagrinex.com\\\/produit\\\/kanu-kajak-ruderhalter-brenderup\\\/?lang=de\"]}]},{\"@type\":\"ImageObject\",\"inLanguage\":\"de\",\"@id\":\"https:\\\/\\\/sagrinex.com\\\/produit\\\/kanu-kajak-ruderhalter-brenderup\\\/?lang=de#primaryimage\",\"url\":\"https:\\\/\\\/sagrinex.com\\\/wp-content\\\/uploads\\\/2026\\\/03\\\/Image-634.jpeg\",\"contentUrl\":\"https:\\\/\\\/sagrinex.com\\\/wp-content\\\/uploads\\\/2026\\\/03\\\/Image-634.jpeg\",\"width\":2560,\"height\":1707},{\"@type\":\"BreadcrumbList\",\"@id\":\"https:\\\/\\\/sagrinex.com\\\/produit\\\/kanu-kajak-ruderhalter-brenderup\\\/?lang=de#breadcrumb\",\"itemListElement\":[{\"@type\":\"ListItem\",\"position\":1,\"name\":\"Accueil\",\"item\":\"https:\\\/\\\/sagrinex.com\\\/?lang=de\"},{\"@type\":\"ListItem\",\"position\":2,\"name\":\"Shop\",\"item\":\"https:\\\/\\\/sagrinex.com\\\/shop\\\/\"},{\"@type\":\"ListItem\",\"position\":3,\"name\":\"Kanu-\\\/kajak-\\\/ruderhalter Brenderup\"}]},{\"@type\":\"WebSite\",\"@id\":\"https:\\\/\\\/sagrinex.com\\\/#website\",\"url\":\"https:\\\/\\\/sagrinex.com\\\/\",\"name\":\"Sagrinex \u2013 Spezialist f\u00fcr Anh\u00e4nger, Container & Landtechnik\",\"description\":\"Anhaenger, Container &amp; Landtechnik \u2014 Online-Verkauf &amp; kostenloses Angebot\",\"publisher\":{\"@id\":\"https:\\\/\\\/sagrinex.com\\\/#organization\"},\"potentialAction\":[{\"@type\":\"SearchAction\",\"target\":{\"@type\":\"EntryPoint\",\"urlTemplate\":\"https:\\\/\\\/sagrinex.com\\\/?s={search_term_string}\"},\"query-input\":{\"@type\":\"PropertyValueSpecification\",\"valueRequired\":true,\"valueName\":\"search_term_string\"}}],\"inLanguage\":\"de\"},{\"@type\":\"Organization\",\"@id\":\"https:\\\/\\\/sagrinex.com\\\/#organization\",\"name\":\"Sagrinex \u2013 Remorques, Conteneurs & Mat\u00e9riel Agricole\",\"url\":\"https:\\\/\\\/sagrinex.com\\\/\",\"logo\":{\"@type\":\"ImageObject\",\"inLanguage\":\"de\",\"@id\":\"https:\\\/\\\/sagrinex.com\\\/#\\\/schema\\\/logo\\\/image\\\/\",\"url\":\"https:\\\/\\\/sagrinex.com\\\/wp-content\\\/uploads\\\/2026\\\/03\\\/7f1ac463-ef5a-425d-bdd6-a5da03a334a9-1024x683.png\",\"contentUrl\":\"https:\\\/\\\/sagrinex.com\\\/wp-content\\\/uploads\\\/2026\\\/03\\\/7f1ac463-ef5a-425d-bdd6-a5da03a334a9-1024x683.png\",\"width\":1024,\"height\":683,\"caption\":\"Sagrinex \u2013 Remorques, Conteneurs & Mat\u00e9riel Agricole\"},\"image\":{\"@id\":\"https:\\\/\\\/sagrinex.com\\\/#\\\/schema\\\/logo\\\/image\\\/\"}}]}<\/script>\n<!-- \/ Yoast SEO plugin. -->","yoast_head_json":{"title":"Kanu-\/kajak-\/ruderhalter Brenderup - Sagrinex \u2013 Anhaenger, Container &amp; Landtechnik \ud83c\udf3e\ud83d\ude9c","robots":{"index":"index","follow":"follow","max-snippet":"max-snippet:-1","max-image-preview":"max-image-preview:large","max-video-preview":"max-video-preview:-1"},"canonical":"https:\/\/sagrinex.com\/produit\/kanu-kajak-ruderhalter-brenderup\/?lang=de","og_locale":"de_DE","og_type":"article","og_title":"Kanu-\/kajak-\/ruderhalter Brenderup - Sagrinex \u2013 Anhaenger, Container &amp; Landtechnik \ud83c\udf3e\ud83d\ude9c","og_description":"Bremsenloser Kanu-\/Kajakanh\u00e4nger f\u00fcr 8 Kanus oder 16 Kajaks, mit leicht verstellbaren Querstangen zur Anpassung an die Bootsgr\u00f6\u00dfe. V-f\u00f6rmiger Pfeil f\u00fcr gute Stra\u00dfenlage. Fahrgestell aus feuerverzinktem Stahl f\u00fcr besseren Schutz und eine l\u00e4ngere Lebensdauer Ihres Anh\u00e4ngers. Die elektrischen Kabelb\u00e4ume sind vollst\u00e4ndig im Anh\u00e4ngerchassis verborgen und gesch\u00fctzt. Die Gesamth\u00f6he des Kanu-\/Kajakanh\u00e4ngers betr\u00e4gt 2,40 Meter. Der St\u00e4nder selbst hat folgende Ma\u00dfe: H\u00f6he 200 cm, L\u00e4nge 199 cm, Breite 191 cm, Ladel\u00e4nge 344 cm und Ladebreite auf jeder Seite 85 cm. Abgedichtete Radlager f\u00fcr l\u00e4ngere Lebensdauer.","og_url":"https:\/\/sagrinex.com\/produit\/kanu-kajak-ruderhalter-brenderup\/?lang=de","og_site_name":"Sagrinex \u2013 Anhaenger, Container &amp; Landtechnik \ud83c\udf3e\ud83d\ude9c","article_modified_time":"2026-04-15T21:12:29+00:00","og_image":[{"width":2560,"height":1707,"url":"https:\/\/sagrinex.com\/wp-content\/uploads\/2026\/03\/Image-634.jpeg","type":"image\/jpeg"}],"twitter_card":"summary_large_image","schema":{"@context":"https:\/\/schema.org","@graph":[{"@type":"WebPage","@id":"https:\/\/sagrinex.com\/produit\/kanu-kajak-ruderhalter-brenderup\/?lang=de","url":"https:\/\/sagrinex.com\/produit\/kanu-kajak-ruderhalter-brenderup\/?lang=de","name":"Kanu-\/kajak-\/ruderhalter Brenderup - Sagrinex \u2013 Anhaenger, Container &amp; Landtechnik \ud83c\udf3e\ud83d\ude9c","isPartOf":{"@id":"https:\/\/sagrinex.com\/#website"},"primaryImageOfPage":{"@id":"https:\/\/sagrinex.com\/produit\/kanu-kajak-ruderhalter-brenderup\/?lang=de#primaryimage"},"image":{"@id":"https:\/\/sagrinex.com\/produit\/kanu-kajak-ruderhalter-brenderup\/?lang=de#primaryimage"},"thumbnailUrl":"https:\/\/sagrinex.com\/wp-content\/uploads\/2026\/03\/Image-634.jpeg","datePublished":"2026-04-15T16:46:24+00:00","dateModified":"2026-04-15T21:12:29+00:00","breadcrumb":{"@id":"https:\/\/sagrinex.com\/produit\/kanu-kajak-ruderhalter-brenderup\/?lang=de#breadcrumb"},"inLanguage":"de","potentialAction":[{"@type":"ReadAction","target":["https:\/\/sagrinex.com\/produit\/kanu-kajak-ruderhalter-brenderup\/?lang=de"]}]},{"@type":"ImageObject","inLanguage":"de","@id":"https:\/\/sagrinex.com\/produit\/kanu-kajak-ruderhalter-brenderup\/?lang=de#primaryimage","url":"https:\/\/sagrinex.com\/wp-content\/uploads\/2026\/03\/Image-634.jpeg","contentUrl":"https:\/\/sagrinex.com\/wp-content\/uploads\/2026\/03\/Image-634.jpeg","width":2560,"height":1707},{"@type":"BreadcrumbList","@id":"https:\/\/sagrinex.com\/produit\/kanu-kajak-ruderhalter-brenderup\/?lang=de#breadcrumb","itemListElement":[{"@type":"ListItem","position":1,"name":"Accueil","item":"https:\/\/sagrinex.com\/?lang=de"},{"@type":"ListItem","position":2,"name":"Shop","item":"https:\/\/sagrinex.com\/shop\/"},{"@type":"ListItem","position":3,"name":"Kanu-\/kajak-\/ruderhalter Brenderup"}]},{"@type":"WebSite","@id":"https:\/\/sagrinex.com\/#website","url":"https:\/\/sagrinex.com\/","name":"Sagrinex \u2013 Spezialist f\u00fcr Anh\u00e4nger, Container & Landtechnik","description":"Anhaenger, Container &amp; Landtechnik \u2014 Online-Verkauf &amp; kostenloses Angebot","publisher":{"@id":"https:\/\/sagrinex.com\/#organization"},"potentialAction":[{"@type":"SearchAction","target":{"@type":"EntryPoint","urlTemplate":"https:\/\/sagrinex.com\/?s={search_term_string}"},"query-input":{"@type":"PropertyValueSpecification","valueRequired":true,"valueName":"search_term_string"}}],"inLanguage":"de"},{"@type":"Organization","@id":"https:\/\/sagrinex.com\/#organization","name":"Sagrinex \u2013 Remorques, Conteneurs & Mat\u00e9riel Agricole","url":"https:\/\/sagrinex.com\/","logo":{"@type":"ImageObject","inLanguage":"de","@id":"https:\/\/sagrinex.com\/#\/schema\/logo\/image\/","url":"https:\/\/sagrinex.com\/wp-content\/uploads\/2026\/03\/7f1ac463-ef5a-425d-bdd6-a5da03a334a9-1024x683.png","contentUrl":"https:\/\/sagrinex.com\/wp-content\/uploads\/2026\/03\/7f1ac463-ef5a-425d-bdd6-a5da03a334a9-1024x683.png","width":1024,"height":683,"caption":"Sagrinex \u2013 Remorques, Conteneurs & Mat\u00e9riel Agricole"},"image":{"@id":"https:\/\/sagrinex.com\/#\/schema\/logo\/image\/"}}]}},"jetpack_sharing_enabled":true,"_links":{"self":[{"href":"https:\/\/sagrinex.com\/de\/wp-json\/wp\/v2\/product\/17315","targetHints":{"allow":["GET"]}}],"collection":[{"href":"https:\/\/sagrinex.com\/de\/wp-json\/wp\/v2\/product"}],"about":[{"href":"https:\/\/sagrinex.com\/de\/wp-json\/wp\/v2\/types\/product"}],"replies":[{"embeddable":true,"href":"https:\/\/sagrinex.com\/de\/wp-json\/wp\/v2\/comments?post=17315"}],"version-history":[{"count":0,"href":"https:\/\/sagrinex.com\/de\/wp-json\/wp\/v2\/product\/17315\/revisions"}],"wp:featuredmedia":[{"embeddable":true,"href":"https:\/\/sagrinex.com\/de\/wp-json\/wp\/v2\/media\/10709"}],"wp:attachment":[{"href":"https:\/\/sagrinex.com\/de\/wp-json\/wp\/v2\/media?parent=17315"}],"wp:term":[{"taxonomy":"product_brand","embeddable":true,"href":"https:\/\/sagrinex.com\/de\/wp-json\/wp\/v2\/product_brand?post=17315"},{"taxonomy":"product_cat","embeddable":true,"href":"https:\/\/sagrinex.com\/de\/wp-json\/wp\/v2\/product_cat?post=17315"},{"taxonomy":"product_tag","embeddable":true,"href":"https:\/\/sagrinex.com\/de\/wp-json\/wp\/v2\/product_tag?post=17315"}],"curies":[{"name":"wp","href":"https:\/\/api.w.org\/{rel}","templated":true}]}}