{"id":17317,"date":"2026-04-15T16:47:14","date_gmt":"2026-04-15T16:47:14","guid":{"rendered":"https:\/\/sagrinex.com\/produit\/tauchbarer-skitraeger-von-brenderup\/"},"modified":"2026-04-15T21:12:29","modified_gmt":"2026-04-15T21:12:29","slug":"tauchbarer-skitraeger-von-brenderup","status":"publish","type":"product","link":"https:\/\/sagrinex.com\/de\/produit\/tauchbarer-skitraeger-von-brenderup\/","title":{"rendered":"Tauchbarer Skitr\u00e4ger von Brenderup"},"content":{"rendered":"<p>Technisches Datenblatt:<\/p>\n<ul>\n<li>Marke: BRENDERUP<\/li>\n<li>PMA: von 500 kg bis 750 kg<\/li>\n<li>Nutzlast: von 380 kg bis 630 kg<\/li>\n<li>Jetski-Tr\u00e4ger bis 15 Fu\u00df \/ 4,50 m<\/li>\n<li>1 ungebremste Achse von 750 kg<\/li>\n<li>Gepolstertes und verstellbares Doppelskisystem<\/li>\n<li>13-Zoll-R\u00e4der<\/li>\n<li>Verst\u00e4rktes St\u00fctzrad<\/li>\n<li>Abgedichtete Lager<\/li>\n<li>Wasserdichte und tauchf\u00e4hige Leuchten<\/li>\n<li>Verzinkter Rahmen<\/li>\n<li>Winde mit St\u00fctze<\/li>\n<li>Zahlreiche Anlegestellen<\/li>\n<\/ul>\n","protected":false},"excerpt":{"rendered":"<p>Der Wasserfahrzeuganh\u00e4nger ist mit 2 verstellbaren Schienen f\u00fcr eine optimale Positionierung des Wasserfahrzeugs und Schutz des Rumpfes ausgestattet. Um das Verladen auf den Anh\u00e4nger zu erleichtern, l\u00e4sst sich die Winde auch in der H\u00f6he und in L\u00e4ngsrichtung verstellen.<\/p>\n","protected":false},"featured_media":10696,"comment_status":"open","ping_status":"closed","template":"","meta":[],"product_brand":[],"product_cat":[357,352],"product_tag":[],"class_list":{"0":"post-17317","1":"product","2":"type-product","3":"status-publish","4":"has-post-thumbnail","6":"product_cat-nautische-anhaenger","7":"product_cat-unsere-trailer","9":"first","10":"instock","11":"shipping-taxable","12":"purchasable","13":"product-type-simple"},"yoast_head":"<!-- This site is optimized with the Yoast SEO plugin v27.5 - https:\/\/yoast.com\/product\/yoast-seo-wordpress\/ -->\n<title>Tauchbarer Skitr\u00e4ger von Brenderup - Sagrinex \u2013 Anhaenger, Container &amp; Landtechnik \ud83c\udf3e\ud83d\ude9c<\/title>\n<meta name=\"robots\" content=\"index, follow, max-snippet:-1, max-image-preview:large, max-video-preview:-1\" \/>\n<link rel=\"canonical\" href=\"https:\/\/sagrinex.com\/produit\/tauchbarer-skitraeger-von-brenderup\/?lang=de\" \/>\n<meta property=\"og:locale\" content=\"de_DE\" \/>\n<meta property=\"og:type\" content=\"article\" \/>\n<meta property=\"og:title\" content=\"Tauchbarer Skitr\u00e4ger von Brenderup - Sagrinex \u2013 Anhaenger, Container &amp; Landtechnik \ud83c\udf3e\ud83d\ude9c\" \/>\n<meta property=\"og:description\" content=\"Der Wasserfahrzeuganh\u00e4nger ist mit 2 verstellbaren Schienen f\u00fcr eine optimale Positionierung des Wasserfahrzeugs und Schutz des Rumpfes ausgestattet. Um das Verladen auf den Anh\u00e4nger zu erleichtern, l\u00e4sst sich die Winde auch in der H\u00f6he und in L\u00e4ngsrichtung verstellen.\" \/>\n<meta property=\"og:url\" content=\"https:\/\/sagrinex.com\/produit\/tauchbarer-skitraeger-von-brenderup\/?lang=de\" \/>\n<meta property=\"og:site_name\" content=\"Sagrinex \u2013 Anhaenger, Container &amp; Landtechnik \ud83c\udf3e\ud83d\ude9c\" \/>\n<meta property=\"article:modified_time\" content=\"2026-04-15T21:12:29+00:00\" \/>\n<meta property=\"og:image\" content=\"https:\/\/sagrinex.com\/wp-content\/uploads\/2026\/03\/Image-624.jpeg\" \/>\n\t<meta property=\"og:image:width\" content=\"512\" \/>\n\t<meta property=\"og:image:height\" content=\"384\" \/>\n\t<meta property=\"og:image:type\" content=\"image\/jpeg\" \/>\n<meta name=\"twitter:card\" content=\"summary_large_image\" \/>\n<script type=\"application\/ld+json\" class=\"yoast-schema-graph\">{\"@context\":\"https:\\\/\\\/schema.org\",\"@graph\":[{\"@type\":\"WebPage\",\"@id\":\"https:\\\/\\\/sagrinex.com\\\/produit\\\/tauchbarer-skitraeger-von-brenderup\\\/?lang=de\",\"url\":\"https:\\\/\\\/sagrinex.com\\\/produit\\\/tauchbarer-skitraeger-von-brenderup\\\/?lang=de\",\"name\":\"Tauchbarer Skitr\u00e4ger von Brenderup - Sagrinex \u2013 Anhaenger, Container &amp; Landtechnik \ud83c\udf3e\ud83d\ude9c\",\"isPartOf\":{\"@id\":\"https:\\\/\\\/sagrinex.com\\\/#website\"},\"primaryImageOfPage\":{\"@id\":\"https:\\\/\\\/sagrinex.com\\\/produit\\\/tauchbarer-skitraeger-von-brenderup\\\/?lang=de#primaryimage\"},\"image\":{\"@id\":\"https:\\\/\\\/sagrinex.com\\\/produit\\\/tauchbarer-skitraeger-von-brenderup\\\/?lang=de#primaryimage\"},\"thumbnailUrl\":\"https:\\\/\\\/sagrinex.com\\\/wp-content\\\/uploads\\\/2026\\\/03\\\/Image-624.jpeg\",\"datePublished\":\"2026-04-15T16:47:14+00:00\",\"dateModified\":\"2026-04-15T21:12:29+00:00\",\"breadcrumb\":{\"@id\":\"https:\\\/\\\/sagrinex.com\\\/produit\\\/tauchbarer-skitraeger-von-brenderup\\\/?lang=de#breadcrumb\"},\"inLanguage\":\"de\",\"potentialAction\":[{\"@type\":\"ReadAction\",\"target\":[\"https:\\\/\\\/sagrinex.com\\\/produit\\\/tauchbarer-skitraeger-von-brenderup\\\/?lang=de\"]}]},{\"@type\":\"ImageObject\",\"inLanguage\":\"de\",\"@id\":\"https:\\\/\\\/sagrinex.com\\\/produit\\\/tauchbarer-skitraeger-von-brenderup\\\/?lang=de#primaryimage\",\"url\":\"https:\\\/\\\/sagrinex.com\\\/wp-content\\\/uploads\\\/2026\\\/03\\\/Image-624.jpeg\",\"contentUrl\":\"https:\\\/\\\/sagrinex.com\\\/wp-content\\\/uploads\\\/2026\\\/03\\\/Image-624.jpeg\",\"width\":512,\"height\":384},{\"@type\":\"BreadcrumbList\",\"@id\":\"https:\\\/\\\/sagrinex.com\\\/produit\\\/tauchbarer-skitraeger-von-brenderup\\\/?lang=de#breadcrumb\",\"itemListElement\":[{\"@type\":\"ListItem\",\"position\":1,\"name\":\"Accueil\",\"item\":\"https:\\\/\\\/sagrinex.com\\\/?lang=de\"},{\"@type\":\"ListItem\",\"position\":2,\"name\":\"Shop\",\"item\":\"https:\\\/\\\/sagrinex.com\\\/shop\\\/\"},{\"@type\":\"ListItem\",\"position\":3,\"name\":\"Tauchbarer Skitr\u00e4ger von Brenderup\"}]},{\"@type\":\"WebSite\",\"@id\":\"https:\\\/\\\/sagrinex.com\\\/#website\",\"url\":\"https:\\\/\\\/sagrinex.com\\\/\",\"name\":\"Sagrinex \u2013 Spezialist f\u00fcr Anh\u00e4nger, Container & Landtechnik\",\"description\":\"Anhaenger, Container &amp; Landtechnik \u2014 Online-Verkauf &amp; kostenloses Angebot\",\"publisher\":{\"@id\":\"https:\\\/\\\/sagrinex.com\\\/#organization\"},\"potentialAction\":[{\"@type\":\"SearchAction\",\"target\":{\"@type\":\"EntryPoint\",\"urlTemplate\":\"https:\\\/\\\/sagrinex.com\\\/?s={search_term_string}\"},\"query-input\":{\"@type\":\"PropertyValueSpecification\",\"valueRequired\":true,\"valueName\":\"search_term_string\"}}],\"inLanguage\":\"de\"},{\"@type\":\"Organization\",\"@id\":\"https:\\\/\\\/sagrinex.com\\\/#organization\",\"name\":\"Sagrinex \u2013 Remorques, Conteneurs & Mat\u00e9riel Agricole\",\"url\":\"https:\\\/\\\/sagrinex.com\\\/\",\"logo\":{\"@type\":\"ImageObject\",\"inLanguage\":\"de\",\"@id\":\"https:\\\/\\\/sagrinex.com\\\/#\\\/schema\\\/logo\\\/image\\\/\",\"url\":\"https:\\\/\\\/sagrinex.com\\\/wp-content\\\/uploads\\\/2026\\\/03\\\/7f1ac463-ef5a-425d-bdd6-a5da03a334a9-1024x683.png\",\"contentUrl\":\"https:\\\/\\\/sagrinex.com\\\/wp-content\\\/uploads\\\/2026\\\/03\\\/7f1ac463-ef5a-425d-bdd6-a5da03a334a9-1024x683.png\",\"width\":1024,\"height\":683,\"caption\":\"Sagrinex \u2013 Remorques, Conteneurs & Mat\u00e9riel Agricole\"},\"image\":{\"@id\":\"https:\\\/\\\/sagrinex.com\\\/#\\\/schema\\\/logo\\\/image\\\/\"}}]}<\/script>\n<!-- \/ Yoast SEO plugin. -->","yoast_head_json":{"title":"Tauchbarer Skitr\u00e4ger von Brenderup - Sagrinex \u2013 Anhaenger, Container &amp; Landtechnik \ud83c\udf3e\ud83d\ude9c","robots":{"index":"index","follow":"follow","max-snippet":"max-snippet:-1","max-image-preview":"max-image-preview:large","max-video-preview":"max-video-preview:-1"},"canonical":"https:\/\/sagrinex.com\/produit\/tauchbarer-skitraeger-von-brenderup\/?lang=de","og_locale":"de_DE","og_type":"article","og_title":"Tauchbarer Skitr\u00e4ger von Brenderup - Sagrinex \u2013 Anhaenger, Container &amp; Landtechnik \ud83c\udf3e\ud83d\ude9c","og_description":"Der Wasserfahrzeuganh\u00e4nger ist mit 2 verstellbaren Schienen f\u00fcr eine optimale Positionierung des Wasserfahrzeugs und Schutz des Rumpfes ausgestattet. Um das Verladen auf den Anh\u00e4nger zu erleichtern, l\u00e4sst sich die Winde auch in der H\u00f6he und in L\u00e4ngsrichtung verstellen.","og_url":"https:\/\/sagrinex.com\/produit\/tauchbarer-skitraeger-von-brenderup\/?lang=de","og_site_name":"Sagrinex \u2013 Anhaenger, Container &amp; Landtechnik \ud83c\udf3e\ud83d\ude9c","article_modified_time":"2026-04-15T21:12:29+00:00","og_image":[{"width":512,"height":384,"url":"https:\/\/sagrinex.com\/wp-content\/uploads\/2026\/03\/Image-624.jpeg","type":"image\/jpeg"}],"twitter_card":"summary_large_image","schema":{"@context":"https:\/\/schema.org","@graph":[{"@type":"WebPage","@id":"https:\/\/sagrinex.com\/produit\/tauchbarer-skitraeger-von-brenderup\/?lang=de","url":"https:\/\/sagrinex.com\/produit\/tauchbarer-skitraeger-von-brenderup\/?lang=de","name":"Tauchbarer Skitr\u00e4ger von Brenderup - Sagrinex \u2013 Anhaenger, Container &amp; Landtechnik \ud83c\udf3e\ud83d\ude9c","isPartOf":{"@id":"https:\/\/sagrinex.com\/#website"},"primaryImageOfPage":{"@id":"https:\/\/sagrinex.com\/produit\/tauchbarer-skitraeger-von-brenderup\/?lang=de#primaryimage"},"image":{"@id":"https:\/\/sagrinex.com\/produit\/tauchbarer-skitraeger-von-brenderup\/?lang=de#primaryimage"},"thumbnailUrl":"https:\/\/sagrinex.com\/wp-content\/uploads\/2026\/03\/Image-624.jpeg","datePublished":"2026-04-15T16:47:14+00:00","dateModified":"2026-04-15T21:12:29+00:00","breadcrumb":{"@id":"https:\/\/sagrinex.com\/produit\/tauchbarer-skitraeger-von-brenderup\/?lang=de#breadcrumb"},"inLanguage":"de","potentialAction":[{"@type":"ReadAction","target":["https:\/\/sagrinex.com\/produit\/tauchbarer-skitraeger-von-brenderup\/?lang=de"]}]},{"@type":"ImageObject","inLanguage":"de","@id":"https:\/\/sagrinex.com\/produit\/tauchbarer-skitraeger-von-brenderup\/?lang=de#primaryimage","url":"https:\/\/sagrinex.com\/wp-content\/uploads\/2026\/03\/Image-624.jpeg","contentUrl":"https:\/\/sagrinex.com\/wp-content\/uploads\/2026\/03\/Image-624.jpeg","width":512,"height":384},{"@type":"BreadcrumbList","@id":"https:\/\/sagrinex.com\/produit\/tauchbarer-skitraeger-von-brenderup\/?lang=de#breadcrumb","itemListElement":[{"@type":"ListItem","position":1,"name":"Accueil","item":"https:\/\/sagrinex.com\/?lang=de"},{"@type":"ListItem","position":2,"name":"Shop","item":"https:\/\/sagrinex.com\/shop\/"},{"@type":"ListItem","position":3,"name":"Tauchbarer Skitr\u00e4ger von Brenderup"}]},{"@type":"WebSite","@id":"https:\/\/sagrinex.com\/#website","url":"https:\/\/sagrinex.com\/","name":"Sagrinex \u2013 Spezialist f\u00fcr Anh\u00e4nger, Container & Landtechnik","description":"Anhaenger, Container &amp; Landtechnik \u2014 Online-Verkauf &amp; kostenloses Angebot","publisher":{"@id":"https:\/\/sagrinex.com\/#organization"},"potentialAction":[{"@type":"SearchAction","target":{"@type":"EntryPoint","urlTemplate":"https:\/\/sagrinex.com\/?s={search_term_string}"},"query-input":{"@type":"PropertyValueSpecification","valueRequired":true,"valueName":"search_term_string"}}],"inLanguage":"de"},{"@type":"Organization","@id":"https:\/\/sagrinex.com\/#organization","name":"Sagrinex \u2013 Remorques, Conteneurs & Mat\u00e9riel Agricole","url":"https:\/\/sagrinex.com\/","logo":{"@type":"ImageObject","inLanguage":"de","@id":"https:\/\/sagrinex.com\/#\/schema\/logo\/image\/","url":"https:\/\/sagrinex.com\/wp-content\/uploads\/2026\/03\/7f1ac463-ef5a-425d-bdd6-a5da03a334a9-1024x683.png","contentUrl":"https:\/\/sagrinex.com\/wp-content\/uploads\/2026\/03\/7f1ac463-ef5a-425d-bdd6-a5da03a334a9-1024x683.png","width":1024,"height":683,"caption":"Sagrinex \u2013 Remorques, Conteneurs & Mat\u00e9riel Agricole"},"image":{"@id":"https:\/\/sagrinex.com\/#\/schema\/logo\/image\/"}}]}},"jetpack_sharing_enabled":true,"_links":{"self":[{"href":"https:\/\/sagrinex.com\/de\/wp-json\/wp\/v2\/product\/17317","targetHints":{"allow":["GET"]}}],"collection":[{"href":"https:\/\/sagrinex.com\/de\/wp-json\/wp\/v2\/product"}],"about":[{"href":"https:\/\/sagrinex.com\/de\/wp-json\/wp\/v2\/types\/product"}],"replies":[{"embeddable":true,"href":"https:\/\/sagrinex.com\/de\/wp-json\/wp\/v2\/comments?post=17317"}],"version-history":[{"count":0,"href":"https:\/\/sagrinex.com\/de\/wp-json\/wp\/v2\/product\/17317\/revisions"}],"wp:featuredmedia":[{"embeddable":true,"href":"https:\/\/sagrinex.com\/de\/wp-json\/wp\/v2\/media\/10696"}],"wp:attachment":[{"href":"https:\/\/sagrinex.com\/de\/wp-json\/wp\/v2\/media?parent=17317"}],"wp:term":[{"taxonomy":"product_brand","embeddable":true,"href":"https:\/\/sagrinex.com\/de\/wp-json\/wp\/v2\/product_brand?post=17317"},{"taxonomy":"product_cat","embeddable":true,"href":"https:\/\/sagrinex.com\/de\/wp-json\/wp\/v2\/product_cat?post=17317"},{"taxonomy":"product_tag","embeddable":true,"href":"https:\/\/sagrinex.com\/de\/wp-json\/wp\/v2\/product_tag?post=17317"}],"curies":[{"name":"wp","href":"https:\/\/api.w.org\/{rel}","templated":true}]}}