{"id":17318,"date":"2026-04-15T16:47:39","date_gmt":"2026-04-15T16:47:39","guid":{"rendered":"https:\/\/sagrinex.com\/produit\/brenderup-bootstraeger-von-660-m-22-fuss\/"},"modified":"2026-04-15T21:12:29","modified_gmt":"2026-04-15T21:12:29","slug":"brenderup-bootstraeger-von-660-m-22-fuss","status":"publish","type":"product","link":"https:\/\/sagrinex.com\/de\/produit\/brenderup-bootstraeger-von-660-m-22-fuss\/","title":{"rendered":"Brenderup Bootstr\u00e4ger von 6,60 M \/ 22 Fu\u00df"},"content":{"rendered":"<ul>\n<li>Modell: 221300 SRX<\/li>\n<li>Gesamtgewicht 1800 kg<\/li>\n<li>Bremsen: ja<\/li>\n<li>Achse: 2<\/li>\n<li>Kielrollen: 4<\/li>\n<li>Rumpfrollen: 12<\/li>\n<li>Radgr\u00f6\u00dfe: R14C<\/li>\n<li>St\u00fctzrad: ja<\/li>\n<\/ul>\n<p>Vorteile:<\/p>\n<ul>\n<li>Die R\u00fccklichtplatte verf\u00fcgt \u00fcber Schnellverschlussmechanismen f\u00fcr eine einfache Montage und Demontage<\/li>\n<li>Mehrfach verstellbare Windenhalterung: L\u00e4nge, H\u00f6he, Winkel<\/li>\n<li>Verstellbare Achse<\/li>\n<\/ul>\n","protected":false},"excerpt":{"rendered":"<p>Anh\u00e4nger mit Bremsen f\u00fcr Boote bis 22 Fu\u00df. Ausgestattet mit einem verst\u00e4rkten V-f\u00f6rmigen Chassis und sehr guten Fahreigenschaften. Hochwertige Rollen zur Reduzierung der Auswirkungen auf den Bootsrumpf. Neigbare hintere Halterung und verstellbare Doppelseitenrollen zur einfachen Anpassung an Ihr Boot. Feuerverzinktes Fahrgestell f\u00fcr die Haltbarkeit und Langlebigkeit Ihres Anh\u00e4ngers. Die elektrischen Kabel sind vollst\u00e4ndig im Anh\u00e4ngerchassis versteckt und gesch\u00fctzt. Abgedichtete Radlager f\u00fcr l\u00e4ngere Lebensdauer. Vollst\u00e4ndig gesch\u00fctzte und leicht verstellbare Winde und Windenturm, passend zu Ihrem Boot. Der Windenturm ist au\u00dferdem mit einem zus\u00e4tzlichen Sicherheitsseil f\u00fcr den Transport Ihres Wasserfahrzeugs auf dem Anh\u00e4nger ausgestattet. Leichte, leicht abnehmbare Rampe mit Schnellverschluss zum einfachen Be- und Entladen Ihres Bootes im Wasser. Die Bilder sind Richtwerte und k\u00f6nnen Sonderausstattungen zeigen.<\/p>\n<p>Brenderup PTCA 1800 kg Bootsanh\u00e4nger f\u00fcr 22 Fu\u00df \/ 6,60 m Boote. Der beste Trailer in Europa<\/p>\n","protected":false},"featured_media":10689,"comment_status":"open","ping_status":"closed","template":"","meta":[],"product_brand":[],"product_cat":[357,352],"product_tag":[],"class_list":{"0":"post-17318","1":"product","2":"type-product","3":"status-publish","4":"has-post-thumbnail","6":"product_cat-nautische-anhaenger","7":"product_cat-unsere-trailer","9":"first","10":"instock","11":"shipping-taxable","12":"purchasable","13":"product-type-simple"},"yoast_head":"<!-- This site is optimized with the Yoast SEO plugin v27.5 - https:\/\/yoast.com\/product\/yoast-seo-wordpress\/ -->\n<title>Brenderup Bootstr\u00e4ger von 6,60 M \/ 22 Fu\u00df - Sagrinex \u2013 Anhaenger, Container &amp; Landtechnik \ud83c\udf3e\ud83d\ude9c<\/title>\n<meta name=\"robots\" content=\"index, follow, max-snippet:-1, max-image-preview:large, max-video-preview:-1\" \/>\n<link rel=\"canonical\" href=\"https:\/\/sagrinex.com\/produit\/brenderup-bootstraeger-von-660-m-22-fuss\/?lang=de\" \/>\n<meta property=\"og:locale\" content=\"de_DE\" \/>\n<meta property=\"og:type\" content=\"article\" \/>\n<meta property=\"og:title\" content=\"Brenderup Bootstr\u00e4ger von 6,60 M \/ 22 Fu\u00df - Sagrinex \u2013 Anhaenger, Container &amp; Landtechnik \ud83c\udf3e\ud83d\ude9c\" \/>\n<meta property=\"og:description\" content=\"Anh\u00e4nger mit Bremsen f\u00fcr Boote bis 22 Fu\u00df. Ausgestattet mit einem verst\u00e4rkten V-f\u00f6rmigen Chassis und sehr guten Fahreigenschaften. Hochwertige Rollen zur Reduzierung der Auswirkungen auf den Bootsrumpf. Neigbare hintere Halterung und verstellbare Doppelseitenrollen zur einfachen Anpassung an Ihr Boot. Feuerverzinktes Fahrgestell f\u00fcr die Haltbarkeit und Langlebigkeit Ihres Anh\u00e4ngers. Die elektrischen Kabel sind vollst\u00e4ndig im Anh\u00e4ngerchassis versteckt und gesch\u00fctzt. Abgedichtete Radlager f\u00fcr l\u00e4ngere Lebensdauer. Vollst\u00e4ndig gesch\u00fctzte und leicht verstellbare Winde und Windenturm, passend zu Ihrem Boot. Der Windenturm ist au\u00dferdem mit einem zus\u00e4tzlichen Sicherheitsseil f\u00fcr den Transport Ihres Wasserfahrzeugs auf dem Anh\u00e4nger ausgestattet. Leichte, leicht abnehmbare Rampe mit Schnellverschluss zum einfachen Be- und Entladen Ihres Bootes im Wasser. Die Bilder sind Richtwerte und k\u00f6nnen Sonderausstattungen zeigen. Brenderup PTCA 1800 kg Bootsanh\u00e4nger f\u00fcr 22 Fu\u00df \/ 6,60 m Boote. Der beste Trailer in Europa\" \/>\n<meta property=\"og:url\" content=\"https:\/\/sagrinex.com\/produit\/brenderup-bootstraeger-von-660-m-22-fuss\/?lang=de\" \/>\n<meta property=\"og:site_name\" content=\"Sagrinex \u2013 Anhaenger, Container &amp; Landtechnik \ud83c\udf3e\ud83d\ude9c\" \/>\n<meta property=\"article:modified_time\" content=\"2026-04-15T21:12:29+00:00\" \/>\n<meta property=\"og:image\" content=\"https:\/\/sagrinex.com\/wp-content\/uploads\/2026\/03\/Image-619.jpeg\" \/>\n\t<meta property=\"og:image:width\" content=\"2560\" \/>\n\t<meta property=\"og:image:height\" content=\"1134\" \/>\n\t<meta property=\"og:image:type\" content=\"image\/jpeg\" \/>\n<meta name=\"twitter:card\" content=\"summary_large_image\" \/>\n<script type=\"application\/ld+json\" class=\"yoast-schema-graph\">{\"@context\":\"https:\\\/\\\/schema.org\",\"@graph\":[{\"@type\":\"WebPage\",\"@id\":\"https:\\\/\\\/sagrinex.com\\\/produit\\\/brenderup-bootstraeger-von-660-m-22-fuss\\\/?lang=de\",\"url\":\"https:\\\/\\\/sagrinex.com\\\/produit\\\/brenderup-bootstraeger-von-660-m-22-fuss\\\/?lang=de\",\"name\":\"Brenderup Bootstr\u00e4ger von 6,60 M \\\/ 22 Fu\u00df - Sagrinex \u2013 Anhaenger, Container &amp; Landtechnik \ud83c\udf3e\ud83d\ude9c\",\"isPartOf\":{\"@id\":\"https:\\\/\\\/sagrinex.com\\\/#website\"},\"primaryImageOfPage\":{\"@id\":\"https:\\\/\\\/sagrinex.com\\\/produit\\\/brenderup-bootstraeger-von-660-m-22-fuss\\\/?lang=de#primaryimage\"},\"image\":{\"@id\":\"https:\\\/\\\/sagrinex.com\\\/produit\\\/brenderup-bootstraeger-von-660-m-22-fuss\\\/?lang=de#primaryimage\"},\"thumbnailUrl\":\"https:\\\/\\\/sagrinex.com\\\/wp-content\\\/uploads\\\/2026\\\/03\\\/Image-619.jpeg\",\"datePublished\":\"2026-04-15T16:47:39+00:00\",\"dateModified\":\"2026-04-15T21:12:29+00:00\",\"breadcrumb\":{\"@id\":\"https:\\\/\\\/sagrinex.com\\\/produit\\\/brenderup-bootstraeger-von-660-m-22-fuss\\\/?lang=de#breadcrumb\"},\"inLanguage\":\"de\",\"potentialAction\":[{\"@type\":\"ReadAction\",\"target\":[\"https:\\\/\\\/sagrinex.com\\\/produit\\\/brenderup-bootstraeger-von-660-m-22-fuss\\\/?lang=de\"]}]},{\"@type\":\"ImageObject\",\"inLanguage\":\"de\",\"@id\":\"https:\\\/\\\/sagrinex.com\\\/produit\\\/brenderup-bootstraeger-von-660-m-22-fuss\\\/?lang=de#primaryimage\",\"url\":\"https:\\\/\\\/sagrinex.com\\\/wp-content\\\/uploads\\\/2026\\\/03\\\/Image-619.jpeg\",\"contentUrl\":\"https:\\\/\\\/sagrinex.com\\\/wp-content\\\/uploads\\\/2026\\\/03\\\/Image-619.jpeg\",\"width\":2560,\"height\":1134},{\"@type\":\"BreadcrumbList\",\"@id\":\"https:\\\/\\\/sagrinex.com\\\/produit\\\/brenderup-bootstraeger-von-660-m-22-fuss\\\/?lang=de#breadcrumb\",\"itemListElement\":[{\"@type\":\"ListItem\",\"position\":1,\"name\":\"Accueil\",\"item\":\"https:\\\/\\\/sagrinex.com\\\/?lang=de\"},{\"@type\":\"ListItem\",\"position\":2,\"name\":\"Shop\",\"item\":\"https:\\\/\\\/sagrinex.com\\\/shop\\\/\"},{\"@type\":\"ListItem\",\"position\":3,\"name\":\"Brenderup Bootstr\u00e4ger von 6,60 M \\\/ 22 Fu\u00df\"}]},{\"@type\":\"WebSite\",\"@id\":\"https:\\\/\\\/sagrinex.com\\\/#website\",\"url\":\"https:\\\/\\\/sagrinex.com\\\/\",\"name\":\"Sagrinex \u2013 Spezialist f\u00fcr Anh\u00e4nger, Container & Landtechnik\",\"description\":\"Anhaenger, Container &amp; Landtechnik \u2014 Online-Verkauf &amp; kostenloses Angebot\",\"publisher\":{\"@id\":\"https:\\\/\\\/sagrinex.com\\\/#organization\"},\"potentialAction\":[{\"@type\":\"SearchAction\",\"target\":{\"@type\":\"EntryPoint\",\"urlTemplate\":\"https:\\\/\\\/sagrinex.com\\\/?s={search_term_string}\"},\"query-input\":{\"@type\":\"PropertyValueSpecification\",\"valueRequired\":true,\"valueName\":\"search_term_string\"}}],\"inLanguage\":\"de\"},{\"@type\":\"Organization\",\"@id\":\"https:\\\/\\\/sagrinex.com\\\/#organization\",\"name\":\"Sagrinex \u2013 Remorques, Conteneurs & Mat\u00e9riel Agricole\",\"url\":\"https:\\\/\\\/sagrinex.com\\\/\",\"logo\":{\"@type\":\"ImageObject\",\"inLanguage\":\"de\",\"@id\":\"https:\\\/\\\/sagrinex.com\\\/#\\\/schema\\\/logo\\\/image\\\/\",\"url\":\"https:\\\/\\\/sagrinex.com\\\/wp-content\\\/uploads\\\/2026\\\/03\\\/7f1ac463-ef5a-425d-bdd6-a5da03a334a9-1024x683.png\",\"contentUrl\":\"https:\\\/\\\/sagrinex.com\\\/wp-content\\\/uploads\\\/2026\\\/03\\\/7f1ac463-ef5a-425d-bdd6-a5da03a334a9-1024x683.png\",\"width\":1024,\"height\":683,\"caption\":\"Sagrinex \u2013 Remorques, Conteneurs & Mat\u00e9riel Agricole\"},\"image\":{\"@id\":\"https:\\\/\\\/sagrinex.com\\\/#\\\/schema\\\/logo\\\/image\\\/\"}}]}<\/script>\n<!-- \/ Yoast SEO plugin. -->","yoast_head_json":{"title":"Brenderup Bootstr\u00e4ger von 6,60 M \/ 22 Fu\u00df - Sagrinex \u2013 Anhaenger, Container &amp; Landtechnik \ud83c\udf3e\ud83d\ude9c","robots":{"index":"index","follow":"follow","max-snippet":"max-snippet:-1","max-image-preview":"max-image-preview:large","max-video-preview":"max-video-preview:-1"},"canonical":"https:\/\/sagrinex.com\/produit\/brenderup-bootstraeger-von-660-m-22-fuss\/?lang=de","og_locale":"de_DE","og_type":"article","og_title":"Brenderup Bootstr\u00e4ger von 6,60 M \/ 22 Fu\u00df - Sagrinex \u2013 Anhaenger, Container &amp; Landtechnik \ud83c\udf3e\ud83d\ude9c","og_description":"Anh\u00e4nger mit Bremsen f\u00fcr Boote bis 22 Fu\u00df. Ausgestattet mit einem verst\u00e4rkten V-f\u00f6rmigen Chassis und sehr guten Fahreigenschaften. Hochwertige Rollen zur Reduzierung der Auswirkungen auf den Bootsrumpf. Neigbare hintere Halterung und verstellbare Doppelseitenrollen zur einfachen Anpassung an Ihr Boot. Feuerverzinktes Fahrgestell f\u00fcr die Haltbarkeit und Langlebigkeit Ihres Anh\u00e4ngers. Die elektrischen Kabel sind vollst\u00e4ndig im Anh\u00e4ngerchassis versteckt und gesch\u00fctzt. Abgedichtete Radlager f\u00fcr l\u00e4ngere Lebensdauer. Vollst\u00e4ndig gesch\u00fctzte und leicht verstellbare Winde und Windenturm, passend zu Ihrem Boot. Der Windenturm ist au\u00dferdem mit einem zus\u00e4tzlichen Sicherheitsseil f\u00fcr den Transport Ihres Wasserfahrzeugs auf dem Anh\u00e4nger ausgestattet. Leichte, leicht abnehmbare Rampe mit Schnellverschluss zum einfachen Be- und Entladen Ihres Bootes im Wasser. Die Bilder sind Richtwerte und k\u00f6nnen Sonderausstattungen zeigen. Brenderup PTCA 1800 kg Bootsanh\u00e4nger f\u00fcr 22 Fu\u00df \/ 6,60 m Boote. Der beste Trailer in Europa","og_url":"https:\/\/sagrinex.com\/produit\/brenderup-bootstraeger-von-660-m-22-fuss\/?lang=de","og_site_name":"Sagrinex \u2013 Anhaenger, Container &amp; Landtechnik \ud83c\udf3e\ud83d\ude9c","article_modified_time":"2026-04-15T21:12:29+00:00","og_image":[{"width":2560,"height":1134,"url":"https:\/\/sagrinex.com\/wp-content\/uploads\/2026\/03\/Image-619.jpeg","type":"image\/jpeg"}],"twitter_card":"summary_large_image","schema":{"@context":"https:\/\/schema.org","@graph":[{"@type":"WebPage","@id":"https:\/\/sagrinex.com\/produit\/brenderup-bootstraeger-von-660-m-22-fuss\/?lang=de","url":"https:\/\/sagrinex.com\/produit\/brenderup-bootstraeger-von-660-m-22-fuss\/?lang=de","name":"Brenderup Bootstr\u00e4ger von 6,60 M \/ 22 Fu\u00df - Sagrinex \u2013 Anhaenger, Container &amp; Landtechnik \ud83c\udf3e\ud83d\ude9c","isPartOf":{"@id":"https:\/\/sagrinex.com\/#website"},"primaryImageOfPage":{"@id":"https:\/\/sagrinex.com\/produit\/brenderup-bootstraeger-von-660-m-22-fuss\/?lang=de#primaryimage"},"image":{"@id":"https:\/\/sagrinex.com\/produit\/brenderup-bootstraeger-von-660-m-22-fuss\/?lang=de#primaryimage"},"thumbnailUrl":"https:\/\/sagrinex.com\/wp-content\/uploads\/2026\/03\/Image-619.jpeg","datePublished":"2026-04-15T16:47:39+00:00","dateModified":"2026-04-15T21:12:29+00:00","breadcrumb":{"@id":"https:\/\/sagrinex.com\/produit\/brenderup-bootstraeger-von-660-m-22-fuss\/?lang=de#breadcrumb"},"inLanguage":"de","potentialAction":[{"@type":"ReadAction","target":["https:\/\/sagrinex.com\/produit\/brenderup-bootstraeger-von-660-m-22-fuss\/?lang=de"]}]},{"@type":"ImageObject","inLanguage":"de","@id":"https:\/\/sagrinex.com\/produit\/brenderup-bootstraeger-von-660-m-22-fuss\/?lang=de#primaryimage","url":"https:\/\/sagrinex.com\/wp-content\/uploads\/2026\/03\/Image-619.jpeg","contentUrl":"https:\/\/sagrinex.com\/wp-content\/uploads\/2026\/03\/Image-619.jpeg","width":2560,"height":1134},{"@type":"BreadcrumbList","@id":"https:\/\/sagrinex.com\/produit\/brenderup-bootstraeger-von-660-m-22-fuss\/?lang=de#breadcrumb","itemListElement":[{"@type":"ListItem","position":1,"name":"Accueil","item":"https:\/\/sagrinex.com\/?lang=de"},{"@type":"ListItem","position":2,"name":"Shop","item":"https:\/\/sagrinex.com\/shop\/"},{"@type":"ListItem","position":3,"name":"Brenderup Bootstr\u00e4ger von 6,60 M \/ 22 Fu\u00df"}]},{"@type":"WebSite","@id":"https:\/\/sagrinex.com\/#website","url":"https:\/\/sagrinex.com\/","name":"Sagrinex \u2013 Spezialist f\u00fcr Anh\u00e4nger, Container & Landtechnik","description":"Anhaenger, Container &amp; Landtechnik \u2014 Online-Verkauf &amp; kostenloses Angebot","publisher":{"@id":"https:\/\/sagrinex.com\/#organization"},"potentialAction":[{"@type":"SearchAction","target":{"@type":"EntryPoint","urlTemplate":"https:\/\/sagrinex.com\/?s={search_term_string}"},"query-input":{"@type":"PropertyValueSpecification","valueRequired":true,"valueName":"search_term_string"}}],"inLanguage":"de"},{"@type":"Organization","@id":"https:\/\/sagrinex.com\/#organization","name":"Sagrinex \u2013 Remorques, Conteneurs & Mat\u00e9riel Agricole","url":"https:\/\/sagrinex.com\/","logo":{"@type":"ImageObject","inLanguage":"de","@id":"https:\/\/sagrinex.com\/#\/schema\/logo\/image\/","url":"https:\/\/sagrinex.com\/wp-content\/uploads\/2026\/03\/7f1ac463-ef5a-425d-bdd6-a5da03a334a9-1024x683.png","contentUrl":"https:\/\/sagrinex.com\/wp-content\/uploads\/2026\/03\/7f1ac463-ef5a-425d-bdd6-a5da03a334a9-1024x683.png","width":1024,"height":683,"caption":"Sagrinex \u2013 Remorques, Conteneurs & Mat\u00e9riel Agricole"},"image":{"@id":"https:\/\/sagrinex.com\/#\/schema\/logo\/image\/"}}]}},"jetpack_sharing_enabled":true,"_links":{"self":[{"href":"https:\/\/sagrinex.com\/de\/wp-json\/wp\/v2\/product\/17318","targetHints":{"allow":["GET"]}}],"collection":[{"href":"https:\/\/sagrinex.com\/de\/wp-json\/wp\/v2\/product"}],"about":[{"href":"https:\/\/sagrinex.com\/de\/wp-json\/wp\/v2\/types\/product"}],"replies":[{"embeddable":true,"href":"https:\/\/sagrinex.com\/de\/wp-json\/wp\/v2\/comments?post=17318"}],"version-history":[{"count":0,"href":"https:\/\/sagrinex.com\/de\/wp-json\/wp\/v2\/product\/17318\/revisions"}],"wp:featuredmedia":[{"embeddable":true,"href":"https:\/\/sagrinex.com\/de\/wp-json\/wp\/v2\/media\/10689"}],"wp:attachment":[{"href":"https:\/\/sagrinex.com\/de\/wp-json\/wp\/v2\/media?parent=17318"}],"wp:term":[{"taxonomy":"product_brand","embeddable":true,"href":"https:\/\/sagrinex.com\/de\/wp-json\/wp\/v2\/product_brand?post=17318"},{"taxonomy":"product_cat","embeddable":true,"href":"https:\/\/sagrinex.com\/de\/wp-json\/wp\/v2\/product_cat?post=17318"},{"taxonomy":"product_tag","embeddable":true,"href":"https:\/\/sagrinex.com\/de\/wp-json\/wp\/v2\/product_tag?post=17318"}],"curies":[{"name":"wp","href":"https:\/\/api.w.org\/{rel}","templated":true}]}}