{"id":17320,"date":"2026-04-15T16:55:48","date_gmt":"2026-04-15T16:55:48","guid":{"rendered":"https:\/\/sagrinex.com\/produit\/sun-way-sw345pn12-bootstraegeranhaenger-pneumatische-reichweite\/"},"modified":"2026-04-15T21:12:29","modified_gmt":"2026-04-15T21:12:29","slug":"sun-way-sw345pn12-bootstraegeranhaenger-pneumatische-reichweite","status":"publish","type":"product","link":"https:\/\/sagrinex.com\/de\/produit\/sun-way-sw345pn12-bootstraegeranhaenger-pneumatische-reichweite\/","title":{"rendered":"Sun Way SW345PN12 Bootstr\u00e4geranh\u00e4nger \u2013 Pneumatische Reichweite"},"content":{"rendered":"<h3 data-start=\"471\" data-end=\"506\"><strong data-start=\"475\" data-end=\"506\">Technische Eigenschaften<\/strong><\/h3>\n<ul>\n<li><strong data-start=\"510\" data-end=\"518\">PTAC<\/strong> : 500 kg<\/li>\n<li><strong data-start=\"532\" data-end=\"548\">Leergewicht<\/strong> : 165 kg<\/li>\n<li><strong data-start=\"562\" data-end=\"587\">Maximale Nutzlast<\/strong> : 335 kg<\/li>\n<li><strong data-start=\"601\" data-end=\"624\">Fahrgestelll\u00e4nge<\/strong> : 4,70 m<\/li>\n<li><strong data-start=\"638\" data-end=\"668\">Maximale Rumpfl\u00e4nge<\/strong> : 4,40 m<\/li>\n<\/ul>\n<hr data-start=\"681\" data-end=\"684\" \/>\n<h3 data-start=\"686\" data-end=\"714\"><strong data-start=\"690\" data-end=\"714\">Standardausr\u00fcstung<\/strong><\/h3>\n<ul>\n<li data-start=\"718\" data-end=\"805\"><strong data-start=\"718\" data-end=\"739\">Ungebremste Achse<\/strong> mit \u00d6lbadnaben (geringerer Wartungsaufwand, l\u00e4ngere Lebensdauer)<\/li>\n<li data-start=\"808\" data-end=\"871\"><strong data-start=\"808\" data-end=\"840\">Selbstbremsende 1-Gang-Winde<\/strong>, um einen sicheren Transport zu gew\u00e4hrleisten<\/li>\n<li data-start=\"874\" data-end=\"953\"><strong data-start=\"874\" data-end=\"900\">Feste Windenhalterung<\/strong> mit Buganschlag f\u00fcr guten Halt des Bootes<\/li>\n<li data-start=\"956\" data-end=\"1009\"><strong data-start=\"956\" data-end=\"971\">St\u00fctzrad<\/strong> \u00d848 mm f\u00fcr einfache manuelle Bedienung<\/li>\n<li data-start=\"1012\" data-end=\"1105\"><strong data-start=\"1012\" data-end=\"1041\">Feuerverzinkter Rahmen<\/strong>, korrosionsbest\u00e4ndig und f\u00fcr Meeresumgebungen geeignet<\/li>\n<\/ul>\n","protected":false},"excerpt":{"rendered":"<p>Dieser leichte und langlebige Anh\u00e4nger wurde f\u00fcr den Transport von Schlauchbooten bis zu 4,40 Metern entwickelt und sorgt f\u00fcr einfaches Zuwasserlassen, hervorragende Rollstabilit\u00e4t und gro\u00dfe Zuverl\u00e4ssigkeit bei Ihren Wassersportarten.<\/p>\n","protected":false},"featured_media":10683,"comment_status":"open","ping_status":"closed","template":"","meta":[],"product_brand":[],"product_cat":[357,352],"product_tag":[],"class_list":{"0":"post-17320","1":"product","2":"type-product","3":"status-publish","4":"has-post-thumbnail","6":"product_cat-nautische-anhaenger","7":"product_cat-unsere-trailer","9":"first","10":"instock","11":"shipping-taxable","12":"purchasable","13":"product-type-simple"},"yoast_head":"<!-- This site is optimized with the Yoast SEO plugin v27.5 - https:\/\/yoast.com\/product\/yoast-seo-wordpress\/ -->\n<title>Sun Way SW345PN12 Bootstr\u00e4geranh\u00e4nger \u2013 Pneumatische Reichweite - Sagrinex \u2013 Anhaenger, Container &amp; Landtechnik \ud83c\udf3e\ud83d\ude9c<\/title>\n<meta name=\"robots\" content=\"index, follow, max-snippet:-1, max-image-preview:large, max-video-preview:-1\" \/>\n<link rel=\"canonical\" href=\"https:\/\/sagrinex.com\/produit\/sun-way-sw345pn12-bootstraegeranhaenger-pneumatische-reichweite\/?lang=de\" \/>\n<meta property=\"og:locale\" content=\"de_DE\" \/>\n<meta property=\"og:type\" content=\"article\" \/>\n<meta property=\"og:title\" content=\"Sun Way SW345PN12 Bootstr\u00e4geranh\u00e4nger \u2013 Pneumatische Reichweite - Sagrinex \u2013 Anhaenger, Container &amp; Landtechnik \ud83c\udf3e\ud83d\ude9c\" \/>\n<meta property=\"og:description\" content=\"Dieser leichte und langlebige Anh\u00e4nger wurde f\u00fcr den Transport von Schlauchbooten bis zu 4,40 Metern entwickelt und sorgt f\u00fcr einfaches Zuwasserlassen, hervorragende Rollstabilit\u00e4t und gro\u00dfe Zuverl\u00e4ssigkeit bei Ihren Wassersportarten.\" \/>\n<meta property=\"og:url\" content=\"https:\/\/sagrinex.com\/produit\/sun-way-sw345pn12-bootstraegeranhaenger-pneumatische-reichweite\/?lang=de\" \/>\n<meta property=\"og:site_name\" content=\"Sagrinex \u2013 Anhaenger, Container &amp; Landtechnik \ud83c\udf3e\ud83d\ude9c\" \/>\n<meta property=\"article:modified_time\" content=\"2026-04-15T21:12:29+00:00\" \/>\n<meta property=\"og:image\" content=\"https:\/\/sagrinex.com\/wp-content\/uploads\/2026\/03\/Image-617.jpeg\" \/>\n\t<meta property=\"og:image:width\" content=\"600\" \/>\n\t<meta property=\"og:image:height\" content=\"303\" \/>\n\t<meta property=\"og:image:type\" content=\"image\/jpeg\" \/>\n<meta name=\"twitter:card\" content=\"summary_large_image\" \/>\n<script type=\"application\/ld+json\" class=\"yoast-schema-graph\">{\"@context\":\"https:\\\/\\\/schema.org\",\"@graph\":[{\"@type\":\"WebPage\",\"@id\":\"https:\\\/\\\/sagrinex.com\\\/produit\\\/sun-way-sw345pn12-bootstraegeranhaenger-pneumatische-reichweite\\\/?lang=de\",\"url\":\"https:\\\/\\\/sagrinex.com\\\/produit\\\/sun-way-sw345pn12-bootstraegeranhaenger-pneumatische-reichweite\\\/?lang=de\",\"name\":\"Sun Way SW345PN12 Bootstr\u00e4geranh\u00e4nger \u2013 Pneumatische Reichweite - Sagrinex \u2013 Anhaenger, Container &amp; Landtechnik \ud83c\udf3e\ud83d\ude9c\",\"isPartOf\":{\"@id\":\"https:\\\/\\\/sagrinex.com\\\/#website\"},\"primaryImageOfPage\":{\"@id\":\"https:\\\/\\\/sagrinex.com\\\/produit\\\/sun-way-sw345pn12-bootstraegeranhaenger-pneumatische-reichweite\\\/?lang=de#primaryimage\"},\"image\":{\"@id\":\"https:\\\/\\\/sagrinex.com\\\/produit\\\/sun-way-sw345pn12-bootstraegeranhaenger-pneumatische-reichweite\\\/?lang=de#primaryimage\"},\"thumbnailUrl\":\"https:\\\/\\\/sagrinex.com\\\/wp-content\\\/uploads\\\/2026\\\/03\\\/Image-617.jpeg\",\"datePublished\":\"2026-04-15T16:55:48+00:00\",\"dateModified\":\"2026-04-15T21:12:29+00:00\",\"breadcrumb\":{\"@id\":\"https:\\\/\\\/sagrinex.com\\\/produit\\\/sun-way-sw345pn12-bootstraegeranhaenger-pneumatische-reichweite\\\/?lang=de#breadcrumb\"},\"inLanguage\":\"de\",\"potentialAction\":[{\"@type\":\"ReadAction\",\"target\":[\"https:\\\/\\\/sagrinex.com\\\/produit\\\/sun-way-sw345pn12-bootstraegeranhaenger-pneumatische-reichweite\\\/?lang=de\"]}]},{\"@type\":\"ImageObject\",\"inLanguage\":\"de\",\"@id\":\"https:\\\/\\\/sagrinex.com\\\/produit\\\/sun-way-sw345pn12-bootstraegeranhaenger-pneumatische-reichweite\\\/?lang=de#primaryimage\",\"url\":\"https:\\\/\\\/sagrinex.com\\\/wp-content\\\/uploads\\\/2026\\\/03\\\/Image-617.jpeg\",\"contentUrl\":\"https:\\\/\\\/sagrinex.com\\\/wp-content\\\/uploads\\\/2026\\\/03\\\/Image-617.jpeg\",\"width\":600,\"height\":303},{\"@type\":\"BreadcrumbList\",\"@id\":\"https:\\\/\\\/sagrinex.com\\\/produit\\\/sun-way-sw345pn12-bootstraegeranhaenger-pneumatische-reichweite\\\/?lang=de#breadcrumb\",\"itemListElement\":[{\"@type\":\"ListItem\",\"position\":1,\"name\":\"Accueil\",\"item\":\"https:\\\/\\\/sagrinex.com\\\/?lang=de\"},{\"@type\":\"ListItem\",\"position\":2,\"name\":\"Shop\",\"item\":\"https:\\\/\\\/sagrinex.com\\\/shop\\\/\"},{\"@type\":\"ListItem\",\"position\":3,\"name\":\"Sun Way SW345PN12 Bootstr\u00e4geranh\u00e4nger \u2013 Pneumatische Reichweite\"}]},{\"@type\":\"WebSite\",\"@id\":\"https:\\\/\\\/sagrinex.com\\\/#website\",\"url\":\"https:\\\/\\\/sagrinex.com\\\/\",\"name\":\"Sagrinex \u2013 Spezialist f\u00fcr Anh\u00e4nger, Container & Landtechnik\",\"description\":\"Anhaenger, Container &amp; Landtechnik \u2014 Online-Verkauf &amp; kostenloses Angebot\",\"publisher\":{\"@id\":\"https:\\\/\\\/sagrinex.com\\\/#organization\"},\"potentialAction\":[{\"@type\":\"SearchAction\",\"target\":{\"@type\":\"EntryPoint\",\"urlTemplate\":\"https:\\\/\\\/sagrinex.com\\\/?s={search_term_string}\"},\"query-input\":{\"@type\":\"PropertyValueSpecification\",\"valueRequired\":true,\"valueName\":\"search_term_string\"}}],\"inLanguage\":\"de\"},{\"@type\":\"Organization\",\"@id\":\"https:\\\/\\\/sagrinex.com\\\/#organization\",\"name\":\"Sagrinex \u2013 Remorques, Conteneurs & Mat\u00e9riel Agricole\",\"url\":\"https:\\\/\\\/sagrinex.com\\\/\",\"logo\":{\"@type\":\"ImageObject\",\"inLanguage\":\"de\",\"@id\":\"https:\\\/\\\/sagrinex.com\\\/#\\\/schema\\\/logo\\\/image\\\/\",\"url\":\"https:\\\/\\\/sagrinex.com\\\/wp-content\\\/uploads\\\/2026\\\/03\\\/7f1ac463-ef5a-425d-bdd6-a5da03a334a9-1024x683.png\",\"contentUrl\":\"https:\\\/\\\/sagrinex.com\\\/wp-content\\\/uploads\\\/2026\\\/03\\\/7f1ac463-ef5a-425d-bdd6-a5da03a334a9-1024x683.png\",\"width\":1024,\"height\":683,\"caption\":\"Sagrinex \u2013 Remorques, Conteneurs & Mat\u00e9riel Agricole\"},\"image\":{\"@id\":\"https:\\\/\\\/sagrinex.com\\\/#\\\/schema\\\/logo\\\/image\\\/\"}}]}<\/script>\n<!-- \/ Yoast SEO plugin. -->","yoast_head_json":{"title":"Sun Way SW345PN12 Bootstr\u00e4geranh\u00e4nger \u2013 Pneumatische Reichweite - Sagrinex \u2013 Anhaenger, Container &amp; Landtechnik \ud83c\udf3e\ud83d\ude9c","robots":{"index":"index","follow":"follow","max-snippet":"max-snippet:-1","max-image-preview":"max-image-preview:large","max-video-preview":"max-video-preview:-1"},"canonical":"https:\/\/sagrinex.com\/produit\/sun-way-sw345pn12-bootstraegeranhaenger-pneumatische-reichweite\/?lang=de","og_locale":"de_DE","og_type":"article","og_title":"Sun Way SW345PN12 Bootstr\u00e4geranh\u00e4nger \u2013 Pneumatische Reichweite - Sagrinex \u2013 Anhaenger, Container &amp; Landtechnik \ud83c\udf3e\ud83d\ude9c","og_description":"Dieser leichte und langlebige Anh\u00e4nger wurde f\u00fcr den Transport von Schlauchbooten bis zu 4,40 Metern entwickelt und sorgt f\u00fcr einfaches Zuwasserlassen, hervorragende Rollstabilit\u00e4t und gro\u00dfe Zuverl\u00e4ssigkeit bei Ihren Wassersportarten.","og_url":"https:\/\/sagrinex.com\/produit\/sun-way-sw345pn12-bootstraegeranhaenger-pneumatische-reichweite\/?lang=de","og_site_name":"Sagrinex \u2013 Anhaenger, Container &amp; Landtechnik \ud83c\udf3e\ud83d\ude9c","article_modified_time":"2026-04-15T21:12:29+00:00","og_image":[{"width":600,"height":303,"url":"https:\/\/sagrinex.com\/wp-content\/uploads\/2026\/03\/Image-617.jpeg","type":"image\/jpeg"}],"twitter_card":"summary_large_image","schema":{"@context":"https:\/\/schema.org","@graph":[{"@type":"WebPage","@id":"https:\/\/sagrinex.com\/produit\/sun-way-sw345pn12-bootstraegeranhaenger-pneumatische-reichweite\/?lang=de","url":"https:\/\/sagrinex.com\/produit\/sun-way-sw345pn12-bootstraegeranhaenger-pneumatische-reichweite\/?lang=de","name":"Sun Way SW345PN12 Bootstr\u00e4geranh\u00e4nger \u2013 Pneumatische Reichweite - Sagrinex \u2013 Anhaenger, Container &amp; Landtechnik \ud83c\udf3e\ud83d\ude9c","isPartOf":{"@id":"https:\/\/sagrinex.com\/#website"},"primaryImageOfPage":{"@id":"https:\/\/sagrinex.com\/produit\/sun-way-sw345pn12-bootstraegeranhaenger-pneumatische-reichweite\/?lang=de#primaryimage"},"image":{"@id":"https:\/\/sagrinex.com\/produit\/sun-way-sw345pn12-bootstraegeranhaenger-pneumatische-reichweite\/?lang=de#primaryimage"},"thumbnailUrl":"https:\/\/sagrinex.com\/wp-content\/uploads\/2026\/03\/Image-617.jpeg","datePublished":"2026-04-15T16:55:48+00:00","dateModified":"2026-04-15T21:12:29+00:00","breadcrumb":{"@id":"https:\/\/sagrinex.com\/produit\/sun-way-sw345pn12-bootstraegeranhaenger-pneumatische-reichweite\/?lang=de#breadcrumb"},"inLanguage":"de","potentialAction":[{"@type":"ReadAction","target":["https:\/\/sagrinex.com\/produit\/sun-way-sw345pn12-bootstraegeranhaenger-pneumatische-reichweite\/?lang=de"]}]},{"@type":"ImageObject","inLanguage":"de","@id":"https:\/\/sagrinex.com\/produit\/sun-way-sw345pn12-bootstraegeranhaenger-pneumatische-reichweite\/?lang=de#primaryimage","url":"https:\/\/sagrinex.com\/wp-content\/uploads\/2026\/03\/Image-617.jpeg","contentUrl":"https:\/\/sagrinex.com\/wp-content\/uploads\/2026\/03\/Image-617.jpeg","width":600,"height":303},{"@type":"BreadcrumbList","@id":"https:\/\/sagrinex.com\/produit\/sun-way-sw345pn12-bootstraegeranhaenger-pneumatische-reichweite\/?lang=de#breadcrumb","itemListElement":[{"@type":"ListItem","position":1,"name":"Accueil","item":"https:\/\/sagrinex.com\/?lang=de"},{"@type":"ListItem","position":2,"name":"Shop","item":"https:\/\/sagrinex.com\/shop\/"},{"@type":"ListItem","position":3,"name":"Sun Way SW345PN12 Bootstr\u00e4geranh\u00e4nger \u2013 Pneumatische Reichweite"}]},{"@type":"WebSite","@id":"https:\/\/sagrinex.com\/#website","url":"https:\/\/sagrinex.com\/","name":"Sagrinex \u2013 Spezialist f\u00fcr Anh\u00e4nger, Container & Landtechnik","description":"Anhaenger, Container &amp; Landtechnik \u2014 Online-Verkauf &amp; kostenloses Angebot","publisher":{"@id":"https:\/\/sagrinex.com\/#organization"},"potentialAction":[{"@type":"SearchAction","target":{"@type":"EntryPoint","urlTemplate":"https:\/\/sagrinex.com\/?s={search_term_string}"},"query-input":{"@type":"PropertyValueSpecification","valueRequired":true,"valueName":"search_term_string"}}],"inLanguage":"de"},{"@type":"Organization","@id":"https:\/\/sagrinex.com\/#organization","name":"Sagrinex \u2013 Remorques, Conteneurs & Mat\u00e9riel Agricole","url":"https:\/\/sagrinex.com\/","logo":{"@type":"ImageObject","inLanguage":"de","@id":"https:\/\/sagrinex.com\/#\/schema\/logo\/image\/","url":"https:\/\/sagrinex.com\/wp-content\/uploads\/2026\/03\/7f1ac463-ef5a-425d-bdd6-a5da03a334a9-1024x683.png","contentUrl":"https:\/\/sagrinex.com\/wp-content\/uploads\/2026\/03\/7f1ac463-ef5a-425d-bdd6-a5da03a334a9-1024x683.png","width":1024,"height":683,"caption":"Sagrinex \u2013 Remorques, Conteneurs & Mat\u00e9riel Agricole"},"image":{"@id":"https:\/\/sagrinex.com\/#\/schema\/logo\/image\/"}}]}},"jetpack_sharing_enabled":true,"_links":{"self":[{"href":"https:\/\/sagrinex.com\/de\/wp-json\/wp\/v2\/product\/17320","targetHints":{"allow":["GET"]}}],"collection":[{"href":"https:\/\/sagrinex.com\/de\/wp-json\/wp\/v2\/product"}],"about":[{"href":"https:\/\/sagrinex.com\/de\/wp-json\/wp\/v2\/types\/product"}],"replies":[{"embeddable":true,"href":"https:\/\/sagrinex.com\/de\/wp-json\/wp\/v2\/comments?post=17320"}],"version-history":[{"count":0,"href":"https:\/\/sagrinex.com\/de\/wp-json\/wp\/v2\/product\/17320\/revisions"}],"wp:featuredmedia":[{"embeddable":true,"href":"https:\/\/sagrinex.com\/de\/wp-json\/wp\/v2\/media\/10683"}],"wp:attachment":[{"href":"https:\/\/sagrinex.com\/de\/wp-json\/wp\/v2\/media?parent=17320"}],"wp:term":[{"taxonomy":"product_brand","embeddable":true,"href":"https:\/\/sagrinex.com\/de\/wp-json\/wp\/v2\/product_brand?post=17320"},{"taxonomy":"product_cat","embeddable":true,"href":"https:\/\/sagrinex.com\/de\/wp-json\/wp\/v2\/product_cat?post=17320"},{"taxonomy":"product_tag","embeddable":true,"href":"https:\/\/sagrinex.com\/de\/wp-json\/wp\/v2\/product_tag?post=17320"}],"curies":[{"name":"wp","href":"https:\/\/api.w.org\/{rel}","templated":true}]}}