{"id":17321,"date":"2026-04-15T16:56:16","date_gmt":"2026-04-15T16:56:16","guid":{"rendered":"https:\/\/sagrinex.com\/produit\/sun-way-g380-patin-bootstraegeranhaenger-500-kg-zulaessiges-gesamtgewicht\/"},"modified":"2026-04-15T21:12:29","modified_gmt":"2026-04-15T21:12:29","slug":"sun-way-g380-patin-bootstraegeranhaenger-500-kg-zulaessiges-gesamtgewicht","status":"publish","type":"product","link":"https:\/\/sagrinex.com\/de\/produit\/sun-way-g380-patin-bootstraegeranhaenger-500-kg-zulaessiges-gesamtgewicht\/","title":{"rendered":"Sun-way G380 Patin Bootstr\u00e4geranh\u00e4nger \u2013 500 Kg Zul\u00e4ssiges Gesamtgewicht"},"content":{"rendered":"<h3 data-start=\"472\" data-end=\"507\"><strong data-start=\"476\" data-end=\"507\">Technische Eigenschaften<\/strong><\/h3>\n<ul>\n<li data-start=\"511\" data-end=\"530\"><strong data-start=\"511\" data-end=\"519\">PTAC<\/strong> : 500 kg<\/li>\n<li data-start=\"533\" data-end=\"560\"><strong data-start=\"533\" data-end=\"549\">Nutzlast<\/strong> : 314 kg<\/li>\n<li data-start=\"563\" data-end=\"589\"><strong data-start=\"563\" data-end=\"583\">Anzahl der Achsen<\/strong> : 1<\/li>\n<li data-start=\"592\" data-end=\"615\"><strong data-start=\"592\" data-end=\"601\">R\u00e4der<\/strong> : 13 Zoll<\/li>\n<li data-start=\"618\" data-end=\"681\"><strong data-start=\"618\" data-end=\"635\">Rampentyp<\/strong> : Teppich mit 3 EasyGliss-Pads pro Seite<\/li>\n<\/ul>\n<hr data-start=\"683\" data-end=\"686\" \/>\n<h3 data-start=\"688\" data-end=\"716\"><strong data-start=\"692\" data-end=\"716\">Serienausstattung<\/strong><\/h3>\n<ul>\n<li data-start=\"720\" data-end=\"791\"><strong data-start=\"720\" data-end=\"744\">2 Kielrollen<\/strong>, davon eine verstellbar zur Anpassung an den Bug<\/li>\n<li data-start=\"794\" data-end=\"850\"><strong data-start=\"794\" data-end=\"809\">Bugrad<\/strong> zur Erleichterung von Man\u00f6vern im Stillstand<\/li>\n<li data-start=\"853\" data-end=\"899\"><strong data-start=\"853\" data-end=\"870\">Handwinde<\/strong> auf verstellbarem Ausleger montiert<\/li>\n<li data-start=\"902\" data-end=\"994\"><strong data-start=\"902\" data-end=\"923\">Wasserdichte LED-Leuchten<\/strong>, entsprechend der CE-Norm (*siehe Kompatibilit\u00e4t auf unserer Seite)<\/li>\n<li data-start=\"997\" data-end=\"1101\"><strong data-start=\"997\" data-end=\"1022\">\u00d6lbadnaben<\/strong> mit transparentem Kontrollpunkt (vereinfachte Wartung und erh\u00f6hte Langlebigkeit)<\/li>\n<li data-start=\"1137\" data-end=\"1283\">\n<p data-start=\"1139\" data-end=\"1283\"><strong data-start=\"1139\" data-end=\"1164\">2 Seitenkipper<\/strong>, jeweils mit 4 gelenkigen Rollen f\u00fcr bessere Zentralisierung und Stabilit\u00e4t des Bootes beim Beladen\/Entladen<\/p>\n<\/li>\n<\/ul>\n<p>Dieser Anh\u00e4nger ist eine vollst\u00e4ndige, zuverl\u00e4ssige und erweiterbare L\u00f6sung f\u00fcr Ihre nautischen Anforderungen mit einer Nutzlast von bis zu 314 kg.<\/p>\n","protected":false},"excerpt":{"rendered":"<p>Der Sun-Way G380 eignet sich perfekt f\u00fcr leichte Boote und ist so ausgestattet, dass er das Zuwasserlassen erleichtert und ein hervorragendes Handling gew\u00e4hrleistet. Robust, praktisch und gut durchdacht eignet es sich sowohl f\u00fcr regelm\u00e4\u00dfige Bootsfahrer als auch f\u00fcr Gelegenheitsnutzer.<\/p>\n","protected":false},"featured_media":10678,"comment_status":"open","ping_status":"closed","template":"","meta":[],"product_brand":[],"product_cat":[357,352],"product_tag":[],"class_list":{"0":"post-17321","1":"product","2":"type-product","3":"status-publish","4":"has-post-thumbnail","6":"product_cat-nautische-anhaenger","7":"product_cat-unsere-trailer","9":"first","10":"instock","11":"shipping-taxable","12":"purchasable","13":"product-type-simple"},"yoast_head":"<!-- This site is optimized with the Yoast SEO plugin v27.5 - https:\/\/yoast.com\/product\/yoast-seo-wordpress\/ -->\n<title>Sun-way G380 Patin Bootstr\u00e4geranh\u00e4nger \u2013 500 Kg Zul\u00e4ssiges Gesamtgewicht - Sagrinex \u2013 Anhaenger, Container &amp; Landtechnik \ud83c\udf3e\ud83d\ude9c<\/title>\n<meta name=\"robots\" content=\"index, follow, max-snippet:-1, max-image-preview:large, max-video-preview:-1\" \/>\n<link rel=\"canonical\" href=\"https:\/\/sagrinex.com\/produit\/sun-way-g380-patin-bootstraegeranhaenger-500-kg-zulaessiges-gesamtgewicht\/?lang=de\" \/>\n<meta property=\"og:locale\" content=\"de_DE\" \/>\n<meta property=\"og:type\" content=\"article\" \/>\n<meta property=\"og:title\" content=\"Sun-way G380 Patin Bootstr\u00e4geranh\u00e4nger \u2013 500 Kg Zul\u00e4ssiges Gesamtgewicht - Sagrinex \u2013 Anhaenger, Container &amp; Landtechnik \ud83c\udf3e\ud83d\ude9c\" \/>\n<meta property=\"og:description\" content=\"Der Sun-Way G380 eignet sich perfekt f\u00fcr leichte Boote und ist so ausgestattet, dass er das Zuwasserlassen erleichtert und ein hervorragendes Handling gew\u00e4hrleistet. Robust, praktisch und gut durchdacht eignet es sich sowohl f\u00fcr regelm\u00e4\u00dfige Bootsfahrer als auch f\u00fcr Gelegenheitsnutzer.\" \/>\n<meta property=\"og:url\" content=\"https:\/\/sagrinex.com\/produit\/sun-way-g380-patin-bootstraegeranhaenger-500-kg-zulaessiges-gesamtgewicht\/?lang=de\" \/>\n<meta property=\"og:site_name\" content=\"Sagrinex \u2013 Anhaenger, Container &amp; Landtechnik \ud83c\udf3e\ud83d\ude9c\" \/>\n<meta property=\"article:modified_time\" content=\"2026-04-15T21:12:29+00:00\" \/>\n<meta property=\"og:image\" content=\"https:\/\/sagrinex.com\/wp-content\/uploads\/2026\/03\/Image-614.jpeg\" \/>\n\t<meta property=\"og:image:width\" content=\"600\" \/>\n\t<meta property=\"og:image:height\" content=\"600\" \/>\n\t<meta property=\"og:image:type\" content=\"image\/jpeg\" \/>\n<meta name=\"twitter:card\" content=\"summary_large_image\" \/>\n<meta name=\"twitter:label1\" content=\"Gesch\u00e4tzte Lesezeit\" \/>\n\t<meta name=\"twitter:data1\" content=\"1\u00a0Minute\" \/>\n<script type=\"application\/ld+json\" class=\"yoast-schema-graph\">{\"@context\":\"https:\\\/\\\/schema.org\",\"@graph\":[{\"@type\":\"WebPage\",\"@id\":\"https:\\\/\\\/sagrinex.com\\\/produit\\\/sun-way-g380-patin-bootstraegeranhaenger-500-kg-zulaessiges-gesamtgewicht\\\/?lang=de\",\"url\":\"https:\\\/\\\/sagrinex.com\\\/produit\\\/sun-way-g380-patin-bootstraegeranhaenger-500-kg-zulaessiges-gesamtgewicht\\\/?lang=de\",\"name\":\"Sun-way G380 Patin Bootstr\u00e4geranh\u00e4nger \u2013 500 Kg Zul\u00e4ssiges Gesamtgewicht - Sagrinex \u2013 Anhaenger, Container &amp; Landtechnik \ud83c\udf3e\ud83d\ude9c\",\"isPartOf\":{\"@id\":\"https:\\\/\\\/sagrinex.com\\\/#website\"},\"primaryImageOfPage\":{\"@id\":\"https:\\\/\\\/sagrinex.com\\\/produit\\\/sun-way-g380-patin-bootstraegeranhaenger-500-kg-zulaessiges-gesamtgewicht\\\/?lang=de#primaryimage\"},\"image\":{\"@id\":\"https:\\\/\\\/sagrinex.com\\\/produit\\\/sun-way-g380-patin-bootstraegeranhaenger-500-kg-zulaessiges-gesamtgewicht\\\/?lang=de#primaryimage\"},\"thumbnailUrl\":\"https:\\\/\\\/sagrinex.com\\\/wp-content\\\/uploads\\\/2026\\\/03\\\/Image-614.jpeg\",\"datePublished\":\"2026-04-15T16:56:16+00:00\",\"dateModified\":\"2026-04-15T21:12:29+00:00\",\"breadcrumb\":{\"@id\":\"https:\\\/\\\/sagrinex.com\\\/produit\\\/sun-way-g380-patin-bootstraegeranhaenger-500-kg-zulaessiges-gesamtgewicht\\\/?lang=de#breadcrumb\"},\"inLanguage\":\"de\",\"potentialAction\":[{\"@type\":\"ReadAction\",\"target\":[\"https:\\\/\\\/sagrinex.com\\\/produit\\\/sun-way-g380-patin-bootstraegeranhaenger-500-kg-zulaessiges-gesamtgewicht\\\/?lang=de\"]}]},{\"@type\":\"ImageObject\",\"inLanguage\":\"de\",\"@id\":\"https:\\\/\\\/sagrinex.com\\\/produit\\\/sun-way-g380-patin-bootstraegeranhaenger-500-kg-zulaessiges-gesamtgewicht\\\/?lang=de#primaryimage\",\"url\":\"https:\\\/\\\/sagrinex.com\\\/wp-content\\\/uploads\\\/2026\\\/03\\\/Image-614.jpeg\",\"contentUrl\":\"https:\\\/\\\/sagrinex.com\\\/wp-content\\\/uploads\\\/2026\\\/03\\\/Image-614.jpeg\",\"width\":600,\"height\":600},{\"@type\":\"BreadcrumbList\",\"@id\":\"https:\\\/\\\/sagrinex.com\\\/produit\\\/sun-way-g380-patin-bootstraegeranhaenger-500-kg-zulaessiges-gesamtgewicht\\\/?lang=de#breadcrumb\",\"itemListElement\":[{\"@type\":\"ListItem\",\"position\":1,\"name\":\"Accueil\",\"item\":\"https:\\\/\\\/sagrinex.com\\\/?lang=de\"},{\"@type\":\"ListItem\",\"position\":2,\"name\":\"Shop\",\"item\":\"https:\\\/\\\/sagrinex.com\\\/shop\\\/\"},{\"@type\":\"ListItem\",\"position\":3,\"name\":\"Sun-way G380 Patin Bootstr\u00e4geranh\u00e4nger \u2013 500 Kg Zul\u00e4ssiges Gesamtgewicht\"}]},{\"@type\":\"WebSite\",\"@id\":\"https:\\\/\\\/sagrinex.com\\\/#website\",\"url\":\"https:\\\/\\\/sagrinex.com\\\/\",\"name\":\"Sagrinex \u2013 Spezialist f\u00fcr Anh\u00e4nger, Container & Landtechnik\",\"description\":\"Anhaenger, Container &amp; Landtechnik \u2014 Online-Verkauf &amp; kostenloses Angebot\",\"publisher\":{\"@id\":\"https:\\\/\\\/sagrinex.com\\\/#organization\"},\"potentialAction\":[{\"@type\":\"SearchAction\",\"target\":{\"@type\":\"EntryPoint\",\"urlTemplate\":\"https:\\\/\\\/sagrinex.com\\\/?s={search_term_string}\"},\"query-input\":{\"@type\":\"PropertyValueSpecification\",\"valueRequired\":true,\"valueName\":\"search_term_string\"}}],\"inLanguage\":\"de\"},{\"@type\":\"Organization\",\"@id\":\"https:\\\/\\\/sagrinex.com\\\/#organization\",\"name\":\"Sagrinex \u2013 Remorques, Conteneurs & Mat\u00e9riel Agricole\",\"url\":\"https:\\\/\\\/sagrinex.com\\\/\",\"logo\":{\"@type\":\"ImageObject\",\"inLanguage\":\"de\",\"@id\":\"https:\\\/\\\/sagrinex.com\\\/#\\\/schema\\\/logo\\\/image\\\/\",\"url\":\"https:\\\/\\\/sagrinex.com\\\/wp-content\\\/uploads\\\/2026\\\/03\\\/7f1ac463-ef5a-425d-bdd6-a5da03a334a9-1024x683.png\",\"contentUrl\":\"https:\\\/\\\/sagrinex.com\\\/wp-content\\\/uploads\\\/2026\\\/03\\\/7f1ac463-ef5a-425d-bdd6-a5da03a334a9-1024x683.png\",\"width\":1024,\"height\":683,\"caption\":\"Sagrinex \u2013 Remorques, Conteneurs & Mat\u00e9riel Agricole\"},\"image\":{\"@id\":\"https:\\\/\\\/sagrinex.com\\\/#\\\/schema\\\/logo\\\/image\\\/\"}}]}<\/script>\n<!-- \/ Yoast SEO plugin. -->","yoast_head_json":{"title":"Sun-way G380 Patin Bootstr\u00e4geranh\u00e4nger \u2013 500 Kg Zul\u00e4ssiges Gesamtgewicht - Sagrinex \u2013 Anhaenger, Container &amp; Landtechnik \ud83c\udf3e\ud83d\ude9c","robots":{"index":"index","follow":"follow","max-snippet":"max-snippet:-1","max-image-preview":"max-image-preview:large","max-video-preview":"max-video-preview:-1"},"canonical":"https:\/\/sagrinex.com\/produit\/sun-way-g380-patin-bootstraegeranhaenger-500-kg-zulaessiges-gesamtgewicht\/?lang=de","og_locale":"de_DE","og_type":"article","og_title":"Sun-way G380 Patin Bootstr\u00e4geranh\u00e4nger \u2013 500 Kg Zul\u00e4ssiges Gesamtgewicht - Sagrinex \u2013 Anhaenger, Container &amp; Landtechnik \ud83c\udf3e\ud83d\ude9c","og_description":"Der Sun-Way G380 eignet sich perfekt f\u00fcr leichte Boote und ist so ausgestattet, dass er das Zuwasserlassen erleichtert und ein hervorragendes Handling gew\u00e4hrleistet. Robust, praktisch und gut durchdacht eignet es sich sowohl f\u00fcr regelm\u00e4\u00dfige Bootsfahrer als auch f\u00fcr Gelegenheitsnutzer.","og_url":"https:\/\/sagrinex.com\/produit\/sun-way-g380-patin-bootstraegeranhaenger-500-kg-zulaessiges-gesamtgewicht\/?lang=de","og_site_name":"Sagrinex \u2013 Anhaenger, Container &amp; Landtechnik \ud83c\udf3e\ud83d\ude9c","article_modified_time":"2026-04-15T21:12:29+00:00","og_image":[{"width":600,"height":600,"url":"https:\/\/sagrinex.com\/wp-content\/uploads\/2026\/03\/Image-614.jpeg","type":"image\/jpeg"}],"twitter_card":"summary_large_image","twitter_misc":{"Gesch\u00e4tzte Lesezeit":"1\u00a0Minute"},"schema":{"@context":"https:\/\/schema.org","@graph":[{"@type":"WebPage","@id":"https:\/\/sagrinex.com\/produit\/sun-way-g380-patin-bootstraegeranhaenger-500-kg-zulaessiges-gesamtgewicht\/?lang=de","url":"https:\/\/sagrinex.com\/produit\/sun-way-g380-patin-bootstraegeranhaenger-500-kg-zulaessiges-gesamtgewicht\/?lang=de","name":"Sun-way G380 Patin Bootstr\u00e4geranh\u00e4nger \u2013 500 Kg Zul\u00e4ssiges Gesamtgewicht - Sagrinex \u2013 Anhaenger, Container &amp; Landtechnik \ud83c\udf3e\ud83d\ude9c","isPartOf":{"@id":"https:\/\/sagrinex.com\/#website"},"primaryImageOfPage":{"@id":"https:\/\/sagrinex.com\/produit\/sun-way-g380-patin-bootstraegeranhaenger-500-kg-zulaessiges-gesamtgewicht\/?lang=de#primaryimage"},"image":{"@id":"https:\/\/sagrinex.com\/produit\/sun-way-g380-patin-bootstraegeranhaenger-500-kg-zulaessiges-gesamtgewicht\/?lang=de#primaryimage"},"thumbnailUrl":"https:\/\/sagrinex.com\/wp-content\/uploads\/2026\/03\/Image-614.jpeg","datePublished":"2026-04-15T16:56:16+00:00","dateModified":"2026-04-15T21:12:29+00:00","breadcrumb":{"@id":"https:\/\/sagrinex.com\/produit\/sun-way-g380-patin-bootstraegeranhaenger-500-kg-zulaessiges-gesamtgewicht\/?lang=de#breadcrumb"},"inLanguage":"de","potentialAction":[{"@type":"ReadAction","target":["https:\/\/sagrinex.com\/produit\/sun-way-g380-patin-bootstraegeranhaenger-500-kg-zulaessiges-gesamtgewicht\/?lang=de"]}]},{"@type":"ImageObject","inLanguage":"de","@id":"https:\/\/sagrinex.com\/produit\/sun-way-g380-patin-bootstraegeranhaenger-500-kg-zulaessiges-gesamtgewicht\/?lang=de#primaryimage","url":"https:\/\/sagrinex.com\/wp-content\/uploads\/2026\/03\/Image-614.jpeg","contentUrl":"https:\/\/sagrinex.com\/wp-content\/uploads\/2026\/03\/Image-614.jpeg","width":600,"height":600},{"@type":"BreadcrumbList","@id":"https:\/\/sagrinex.com\/produit\/sun-way-g380-patin-bootstraegeranhaenger-500-kg-zulaessiges-gesamtgewicht\/?lang=de#breadcrumb","itemListElement":[{"@type":"ListItem","position":1,"name":"Accueil","item":"https:\/\/sagrinex.com\/?lang=de"},{"@type":"ListItem","position":2,"name":"Shop","item":"https:\/\/sagrinex.com\/shop\/"},{"@type":"ListItem","position":3,"name":"Sun-way G380 Patin Bootstr\u00e4geranh\u00e4nger \u2013 500 Kg Zul\u00e4ssiges Gesamtgewicht"}]},{"@type":"WebSite","@id":"https:\/\/sagrinex.com\/#website","url":"https:\/\/sagrinex.com\/","name":"Sagrinex \u2013 Spezialist f\u00fcr Anh\u00e4nger, Container & Landtechnik","description":"Anhaenger, Container &amp; Landtechnik \u2014 Online-Verkauf &amp; kostenloses Angebot","publisher":{"@id":"https:\/\/sagrinex.com\/#organization"},"potentialAction":[{"@type":"SearchAction","target":{"@type":"EntryPoint","urlTemplate":"https:\/\/sagrinex.com\/?s={search_term_string}"},"query-input":{"@type":"PropertyValueSpecification","valueRequired":true,"valueName":"search_term_string"}}],"inLanguage":"de"},{"@type":"Organization","@id":"https:\/\/sagrinex.com\/#organization","name":"Sagrinex \u2013 Remorques, Conteneurs & Mat\u00e9riel Agricole","url":"https:\/\/sagrinex.com\/","logo":{"@type":"ImageObject","inLanguage":"de","@id":"https:\/\/sagrinex.com\/#\/schema\/logo\/image\/","url":"https:\/\/sagrinex.com\/wp-content\/uploads\/2026\/03\/7f1ac463-ef5a-425d-bdd6-a5da03a334a9-1024x683.png","contentUrl":"https:\/\/sagrinex.com\/wp-content\/uploads\/2026\/03\/7f1ac463-ef5a-425d-bdd6-a5da03a334a9-1024x683.png","width":1024,"height":683,"caption":"Sagrinex \u2013 Remorques, Conteneurs & Mat\u00e9riel Agricole"},"image":{"@id":"https:\/\/sagrinex.com\/#\/schema\/logo\/image\/"}}]}},"jetpack_sharing_enabled":true,"_links":{"self":[{"href":"https:\/\/sagrinex.com\/de\/wp-json\/wp\/v2\/product\/17321","targetHints":{"allow":["GET"]}}],"collection":[{"href":"https:\/\/sagrinex.com\/de\/wp-json\/wp\/v2\/product"}],"about":[{"href":"https:\/\/sagrinex.com\/de\/wp-json\/wp\/v2\/types\/product"}],"replies":[{"embeddable":true,"href":"https:\/\/sagrinex.com\/de\/wp-json\/wp\/v2\/comments?post=17321"}],"version-history":[{"count":0,"href":"https:\/\/sagrinex.com\/de\/wp-json\/wp\/v2\/product\/17321\/revisions"}],"wp:featuredmedia":[{"embeddable":true,"href":"https:\/\/sagrinex.com\/de\/wp-json\/wp\/v2\/media\/10678"}],"wp:attachment":[{"href":"https:\/\/sagrinex.com\/de\/wp-json\/wp\/v2\/media?parent=17321"}],"wp:term":[{"taxonomy":"product_brand","embeddable":true,"href":"https:\/\/sagrinex.com\/de\/wp-json\/wp\/v2\/product_brand?post=17321"},{"taxonomy":"product_cat","embeddable":true,"href":"https:\/\/sagrinex.com\/de\/wp-json\/wp\/v2\/product_cat?post=17321"},{"taxonomy":"product_tag","embeddable":true,"href":"https:\/\/sagrinex.com\/de\/wp-json\/wp\/v2\/product_tag?post=17321"}],"curies":[{"name":"wp","href":"https:\/\/api.w.org\/{rel}","templated":true}]}}