{"id":17322,"date":"2026-04-15T16:56:41","date_gmt":"2026-04-15T16:56:41","guid":{"rendered":"https:\/\/sagrinex.com\/produit\/jet-ski-traegeranhaenger-zulaessiges-gesamtgewicht-650-kg-raeder-13\/"},"modified":"2026-04-15T21:12:29","modified_gmt":"2026-04-15T21:12:29","slug":"jet-ski-traegeranhaenger-zulaessiges-gesamtgewicht-650-kg-raeder-13","status":"publish","type":"product","link":"https:\/\/sagrinex.com\/de\/produit\/jet-ski-traegeranhaenger-zulaessiges-gesamtgewicht-650-kg-raeder-13\/","title":{"rendered":"Jet-ski-tr\u00e4geranh\u00e4nger \u2013 Zul\u00e4ssiges Gesamtgewicht 650 Kg \u2013 R\u00e4der 13"},"content":{"rendered":"<h3 data-start=\"388\" data-end=\"423\"><strong data-start=\"392\" data-end=\"423\">Technische Eigenschaften<\/strong><\/h3>\n<ul>\n<li data-start=\"427\" data-end=\"446\"><strong data-start=\"427\" data-end=\"435\">PTAC<\/strong> : 650 kg<\/li>\n<li data-start=\"449\" data-end=\"476\"><strong data-start=\"449\" data-end=\"465\">Nutzlast<\/strong> : 500 kg<\/li>\n<li data-start=\"479\" data-end=\"506\"><strong data-start=\"479\" data-end=\"495\">Leergewicht<\/strong> : 150 kg<\/li>\n<li data-start=\"509\" data-end=\"535\"><strong data-start=\"509\" data-end=\"529\">Anzahl der Achsen<\/strong> : 1<\/li>\n<li data-start=\"538\" data-end=\"561\"><strong data-start=\"538\" data-end=\"547\">R\u00e4der<\/strong> : 155\/70R13<\/li>\n<li data-start=\"564\" data-end=\"588\"><strong data-start=\"564\" data-end=\"573\">Bremse<\/strong> : Ungebremst<\/li>\n<li data-start=\"591\" data-end=\"662\"><strong data-start=\"591\" data-end=\"618\">Maximale Bootsl\u00e4nge<\/strong> : bis zu 3,5\u20134,0 m etwa (je nach Abmessung)<\/li>\n<\/ul>\n<hr data-start=\"664\" data-end=\"667\" \/>\n<h3 data-start=\"669\" data-end=\"697\"><strong data-start=\"673\" data-end=\"697\">Serienausstattung<\/strong><\/h3>\n<ul>\n<li data-start=\"701\" data-end=\"767\"><strong data-start=\"701\" data-end=\"718\">Handwinde<\/strong> auf Ausleger montiert zum einfachen Beladen<\/li>\n<li data-start=\"770\" data-end=\"834\"><strong data-start=\"770\" data-end=\"785\">St\u00fctzrad<\/strong> f\u00fcr einfaches Bewegen des leeren Anh\u00e4ngers<\/li>\n<li data-start=\"837\" data-end=\"899\"><strong data-start=\"837\" data-end=\"860\">Zurrgurte<\/strong> zur sicheren Lagerung des Jet-Ski<\/li>\n<li data-start=\"902\" data-end=\"961\"><strong data-start=\"902\" data-end=\"927\">\u00d6lbadnaben<\/strong>, langlebig und wartungsarm<\/li>\n<\/ul>\n<hr data-start=\"963\" data-end=\"966\" \/>\n<h3 data-start=\"968\" data-end=\"985\"><strong data-start=\"972\" data-end=\"985\">Vorteile<\/strong><\/h3>\n<ul>\n<li data-start=\"989\" data-end=\"1025\">Einfache Konstruktion robuste Achse<\/li>\n<li data-start=\"1028\" data-end=\"1079\">Ideal f\u00fcr alle Arten von Jet-Ski bis 500 kg<\/li>\n<li data-start=\"1082\" data-end=\"1148\">Reibungsloser Transport dank 13\u2033 R\u00e4dern mit guter Stabilit\u00e4t<\/li>\n<\/ul>\n","protected":false},"excerpt":{"rendered":"<p>Dieser Anh\u00e4nger wurde f\u00fcr den sicheren Transport Ihres Jetskis entwickelt und vereint Leichtigkeit, Robustheit und Praktikabilit\u00e4t. Ideal f\u00fcr Einzelpersonen und Bootsprofis.<\/p>\n","protected":false},"featured_media":10674,"comment_status":"open","ping_status":"closed","template":"","meta":[],"product_brand":[],"product_cat":[357,352],"product_tag":[],"class_list":{"0":"post-17322","1":"product","2":"type-product","3":"status-publish","4":"has-post-thumbnail","6":"product_cat-nautische-anhaenger","7":"product_cat-unsere-trailer","9":"first","10":"instock","11":"shipping-taxable","12":"purchasable","13":"product-type-simple"},"yoast_head":"<!-- This site is optimized with the Yoast SEO plugin v27.5 - https:\/\/yoast.com\/product\/yoast-seo-wordpress\/ -->\n<title>Jet-ski-tr\u00e4geranh\u00e4nger \u2013 Zul\u00e4ssiges Gesamtgewicht 650 Kg \u2013 R\u00e4der 13 - Sagrinex \u2013 Anhaenger, Container &amp; Landtechnik \ud83c\udf3e\ud83d\ude9c<\/title>\n<meta name=\"robots\" content=\"index, follow, max-snippet:-1, max-image-preview:large, max-video-preview:-1\" \/>\n<link rel=\"canonical\" href=\"https:\/\/sagrinex.com\/produit\/jet-ski-traegeranhaenger-zulaessiges-gesamtgewicht-650-kg-raeder-13\/?lang=de\" \/>\n<meta property=\"og:locale\" content=\"de_DE\" \/>\n<meta property=\"og:type\" content=\"article\" \/>\n<meta property=\"og:title\" content=\"Jet-ski-tr\u00e4geranh\u00e4nger \u2013 Zul\u00e4ssiges Gesamtgewicht 650 Kg \u2013 R\u00e4der 13 - Sagrinex \u2013 Anhaenger, Container &amp; Landtechnik \ud83c\udf3e\ud83d\ude9c\" \/>\n<meta property=\"og:description\" content=\"Dieser Anh\u00e4nger wurde f\u00fcr den sicheren Transport Ihres Jetskis entwickelt und vereint Leichtigkeit, Robustheit und Praktikabilit\u00e4t. Ideal f\u00fcr Einzelpersonen und Bootsprofis.\" \/>\n<meta property=\"og:url\" content=\"https:\/\/sagrinex.com\/produit\/jet-ski-traegeranhaenger-zulaessiges-gesamtgewicht-650-kg-raeder-13\/?lang=de\" \/>\n<meta property=\"og:site_name\" content=\"Sagrinex \u2013 Anhaenger, Container &amp; Landtechnik \ud83c\udf3e\ud83d\ude9c\" \/>\n<meta property=\"article:modified_time\" content=\"2026-04-15T21:12:29+00:00\" \/>\n<meta property=\"og:image\" content=\"https:\/\/sagrinex.com\/wp-content\/uploads\/2026\/03\/Image-613.jpeg\" \/>\n\t<meta property=\"og:image:width\" content=\"800\" \/>\n\t<meta property=\"og:image:height\" content=\"800\" \/>\n\t<meta property=\"og:image:type\" content=\"image\/jpeg\" \/>\n<meta name=\"twitter:card\" content=\"summary_large_image\" \/>\n<script type=\"application\/ld+json\" class=\"yoast-schema-graph\">{\"@context\":\"https:\\\/\\\/schema.org\",\"@graph\":[{\"@type\":\"WebPage\",\"@id\":\"https:\\\/\\\/sagrinex.com\\\/produit\\\/jet-ski-traegeranhaenger-zulaessiges-gesamtgewicht-650-kg-raeder-13\\\/?lang=de\",\"url\":\"https:\\\/\\\/sagrinex.com\\\/produit\\\/jet-ski-traegeranhaenger-zulaessiges-gesamtgewicht-650-kg-raeder-13\\\/?lang=de\",\"name\":\"Jet-ski-tr\u00e4geranh\u00e4nger \u2013 Zul\u00e4ssiges Gesamtgewicht 650 Kg \u2013 R\u00e4der 13 - Sagrinex \u2013 Anhaenger, Container &amp; Landtechnik \ud83c\udf3e\ud83d\ude9c\",\"isPartOf\":{\"@id\":\"https:\\\/\\\/sagrinex.com\\\/#website\"},\"primaryImageOfPage\":{\"@id\":\"https:\\\/\\\/sagrinex.com\\\/produit\\\/jet-ski-traegeranhaenger-zulaessiges-gesamtgewicht-650-kg-raeder-13\\\/?lang=de#primaryimage\"},\"image\":{\"@id\":\"https:\\\/\\\/sagrinex.com\\\/produit\\\/jet-ski-traegeranhaenger-zulaessiges-gesamtgewicht-650-kg-raeder-13\\\/?lang=de#primaryimage\"},\"thumbnailUrl\":\"https:\\\/\\\/sagrinex.com\\\/wp-content\\\/uploads\\\/2026\\\/03\\\/Image-613.jpeg\",\"datePublished\":\"2026-04-15T16:56:41+00:00\",\"dateModified\":\"2026-04-15T21:12:29+00:00\",\"breadcrumb\":{\"@id\":\"https:\\\/\\\/sagrinex.com\\\/produit\\\/jet-ski-traegeranhaenger-zulaessiges-gesamtgewicht-650-kg-raeder-13\\\/?lang=de#breadcrumb\"},\"inLanguage\":\"de\",\"potentialAction\":[{\"@type\":\"ReadAction\",\"target\":[\"https:\\\/\\\/sagrinex.com\\\/produit\\\/jet-ski-traegeranhaenger-zulaessiges-gesamtgewicht-650-kg-raeder-13\\\/?lang=de\"]}]},{\"@type\":\"ImageObject\",\"inLanguage\":\"de\",\"@id\":\"https:\\\/\\\/sagrinex.com\\\/produit\\\/jet-ski-traegeranhaenger-zulaessiges-gesamtgewicht-650-kg-raeder-13\\\/?lang=de#primaryimage\",\"url\":\"https:\\\/\\\/sagrinex.com\\\/wp-content\\\/uploads\\\/2026\\\/03\\\/Image-613.jpeg\",\"contentUrl\":\"https:\\\/\\\/sagrinex.com\\\/wp-content\\\/uploads\\\/2026\\\/03\\\/Image-613.jpeg\",\"width\":800,\"height\":800},{\"@type\":\"BreadcrumbList\",\"@id\":\"https:\\\/\\\/sagrinex.com\\\/produit\\\/jet-ski-traegeranhaenger-zulaessiges-gesamtgewicht-650-kg-raeder-13\\\/?lang=de#breadcrumb\",\"itemListElement\":[{\"@type\":\"ListItem\",\"position\":1,\"name\":\"Accueil\",\"item\":\"https:\\\/\\\/sagrinex.com\\\/?lang=de\"},{\"@type\":\"ListItem\",\"position\":2,\"name\":\"Shop\",\"item\":\"https:\\\/\\\/sagrinex.com\\\/shop\\\/\"},{\"@type\":\"ListItem\",\"position\":3,\"name\":\"Jet-ski-tr\u00e4geranh\u00e4nger \u2013 Zul\u00e4ssiges Gesamtgewicht 650 Kg \u2013 R\u00e4der 13\"}]},{\"@type\":\"WebSite\",\"@id\":\"https:\\\/\\\/sagrinex.com\\\/#website\",\"url\":\"https:\\\/\\\/sagrinex.com\\\/\",\"name\":\"Sagrinex \u2013 Spezialist f\u00fcr Anh\u00e4nger, Container & Landtechnik\",\"description\":\"Anhaenger, Container &amp; Landtechnik \u2014 Online-Verkauf &amp; kostenloses Angebot\",\"publisher\":{\"@id\":\"https:\\\/\\\/sagrinex.com\\\/#organization\"},\"potentialAction\":[{\"@type\":\"SearchAction\",\"target\":{\"@type\":\"EntryPoint\",\"urlTemplate\":\"https:\\\/\\\/sagrinex.com\\\/?s={search_term_string}\"},\"query-input\":{\"@type\":\"PropertyValueSpecification\",\"valueRequired\":true,\"valueName\":\"search_term_string\"}}],\"inLanguage\":\"de\"},{\"@type\":\"Organization\",\"@id\":\"https:\\\/\\\/sagrinex.com\\\/#organization\",\"name\":\"Sagrinex \u2013 Remorques, Conteneurs & Mat\u00e9riel Agricole\",\"url\":\"https:\\\/\\\/sagrinex.com\\\/\",\"logo\":{\"@type\":\"ImageObject\",\"inLanguage\":\"de\",\"@id\":\"https:\\\/\\\/sagrinex.com\\\/#\\\/schema\\\/logo\\\/image\\\/\",\"url\":\"https:\\\/\\\/sagrinex.com\\\/wp-content\\\/uploads\\\/2026\\\/03\\\/7f1ac463-ef5a-425d-bdd6-a5da03a334a9-1024x683.png\",\"contentUrl\":\"https:\\\/\\\/sagrinex.com\\\/wp-content\\\/uploads\\\/2026\\\/03\\\/7f1ac463-ef5a-425d-bdd6-a5da03a334a9-1024x683.png\",\"width\":1024,\"height\":683,\"caption\":\"Sagrinex \u2013 Remorques, Conteneurs & Mat\u00e9riel Agricole\"},\"image\":{\"@id\":\"https:\\\/\\\/sagrinex.com\\\/#\\\/schema\\\/logo\\\/image\\\/\"}}]}<\/script>\n<!-- \/ Yoast SEO plugin. -->","yoast_head_json":{"title":"Jet-ski-tr\u00e4geranh\u00e4nger \u2013 Zul\u00e4ssiges Gesamtgewicht 650 Kg \u2013 R\u00e4der 13 - Sagrinex \u2013 Anhaenger, Container &amp; Landtechnik \ud83c\udf3e\ud83d\ude9c","robots":{"index":"index","follow":"follow","max-snippet":"max-snippet:-1","max-image-preview":"max-image-preview:large","max-video-preview":"max-video-preview:-1"},"canonical":"https:\/\/sagrinex.com\/produit\/jet-ski-traegeranhaenger-zulaessiges-gesamtgewicht-650-kg-raeder-13\/?lang=de","og_locale":"de_DE","og_type":"article","og_title":"Jet-ski-tr\u00e4geranh\u00e4nger \u2013 Zul\u00e4ssiges Gesamtgewicht 650 Kg \u2013 R\u00e4der 13 - Sagrinex \u2013 Anhaenger, Container &amp; Landtechnik \ud83c\udf3e\ud83d\ude9c","og_description":"Dieser Anh\u00e4nger wurde f\u00fcr den sicheren Transport Ihres Jetskis entwickelt und vereint Leichtigkeit, Robustheit und Praktikabilit\u00e4t. Ideal f\u00fcr Einzelpersonen und Bootsprofis.","og_url":"https:\/\/sagrinex.com\/produit\/jet-ski-traegeranhaenger-zulaessiges-gesamtgewicht-650-kg-raeder-13\/?lang=de","og_site_name":"Sagrinex \u2013 Anhaenger, Container &amp; Landtechnik \ud83c\udf3e\ud83d\ude9c","article_modified_time":"2026-04-15T21:12:29+00:00","og_image":[{"width":800,"height":800,"url":"https:\/\/sagrinex.com\/wp-content\/uploads\/2026\/03\/Image-613.jpeg","type":"image\/jpeg"}],"twitter_card":"summary_large_image","schema":{"@context":"https:\/\/schema.org","@graph":[{"@type":"WebPage","@id":"https:\/\/sagrinex.com\/produit\/jet-ski-traegeranhaenger-zulaessiges-gesamtgewicht-650-kg-raeder-13\/?lang=de","url":"https:\/\/sagrinex.com\/produit\/jet-ski-traegeranhaenger-zulaessiges-gesamtgewicht-650-kg-raeder-13\/?lang=de","name":"Jet-ski-tr\u00e4geranh\u00e4nger \u2013 Zul\u00e4ssiges Gesamtgewicht 650 Kg \u2013 R\u00e4der 13 - Sagrinex \u2013 Anhaenger, Container &amp; Landtechnik \ud83c\udf3e\ud83d\ude9c","isPartOf":{"@id":"https:\/\/sagrinex.com\/#website"},"primaryImageOfPage":{"@id":"https:\/\/sagrinex.com\/produit\/jet-ski-traegeranhaenger-zulaessiges-gesamtgewicht-650-kg-raeder-13\/?lang=de#primaryimage"},"image":{"@id":"https:\/\/sagrinex.com\/produit\/jet-ski-traegeranhaenger-zulaessiges-gesamtgewicht-650-kg-raeder-13\/?lang=de#primaryimage"},"thumbnailUrl":"https:\/\/sagrinex.com\/wp-content\/uploads\/2026\/03\/Image-613.jpeg","datePublished":"2026-04-15T16:56:41+00:00","dateModified":"2026-04-15T21:12:29+00:00","breadcrumb":{"@id":"https:\/\/sagrinex.com\/produit\/jet-ski-traegeranhaenger-zulaessiges-gesamtgewicht-650-kg-raeder-13\/?lang=de#breadcrumb"},"inLanguage":"de","potentialAction":[{"@type":"ReadAction","target":["https:\/\/sagrinex.com\/produit\/jet-ski-traegeranhaenger-zulaessiges-gesamtgewicht-650-kg-raeder-13\/?lang=de"]}]},{"@type":"ImageObject","inLanguage":"de","@id":"https:\/\/sagrinex.com\/produit\/jet-ski-traegeranhaenger-zulaessiges-gesamtgewicht-650-kg-raeder-13\/?lang=de#primaryimage","url":"https:\/\/sagrinex.com\/wp-content\/uploads\/2026\/03\/Image-613.jpeg","contentUrl":"https:\/\/sagrinex.com\/wp-content\/uploads\/2026\/03\/Image-613.jpeg","width":800,"height":800},{"@type":"BreadcrumbList","@id":"https:\/\/sagrinex.com\/produit\/jet-ski-traegeranhaenger-zulaessiges-gesamtgewicht-650-kg-raeder-13\/?lang=de#breadcrumb","itemListElement":[{"@type":"ListItem","position":1,"name":"Accueil","item":"https:\/\/sagrinex.com\/?lang=de"},{"@type":"ListItem","position":2,"name":"Shop","item":"https:\/\/sagrinex.com\/shop\/"},{"@type":"ListItem","position":3,"name":"Jet-ski-tr\u00e4geranh\u00e4nger \u2013 Zul\u00e4ssiges Gesamtgewicht 650 Kg \u2013 R\u00e4der 13"}]},{"@type":"WebSite","@id":"https:\/\/sagrinex.com\/#website","url":"https:\/\/sagrinex.com\/","name":"Sagrinex \u2013 Spezialist f\u00fcr Anh\u00e4nger, Container & Landtechnik","description":"Anhaenger, Container &amp; Landtechnik \u2014 Online-Verkauf &amp; kostenloses Angebot","publisher":{"@id":"https:\/\/sagrinex.com\/#organization"},"potentialAction":[{"@type":"SearchAction","target":{"@type":"EntryPoint","urlTemplate":"https:\/\/sagrinex.com\/?s={search_term_string}"},"query-input":{"@type":"PropertyValueSpecification","valueRequired":true,"valueName":"search_term_string"}}],"inLanguage":"de"},{"@type":"Organization","@id":"https:\/\/sagrinex.com\/#organization","name":"Sagrinex \u2013 Remorques, Conteneurs & Mat\u00e9riel Agricole","url":"https:\/\/sagrinex.com\/","logo":{"@type":"ImageObject","inLanguage":"de","@id":"https:\/\/sagrinex.com\/#\/schema\/logo\/image\/","url":"https:\/\/sagrinex.com\/wp-content\/uploads\/2026\/03\/7f1ac463-ef5a-425d-bdd6-a5da03a334a9-1024x683.png","contentUrl":"https:\/\/sagrinex.com\/wp-content\/uploads\/2026\/03\/7f1ac463-ef5a-425d-bdd6-a5da03a334a9-1024x683.png","width":1024,"height":683,"caption":"Sagrinex \u2013 Remorques, Conteneurs & Mat\u00e9riel Agricole"},"image":{"@id":"https:\/\/sagrinex.com\/#\/schema\/logo\/image\/"}}]}},"jetpack_sharing_enabled":true,"_links":{"self":[{"href":"https:\/\/sagrinex.com\/de\/wp-json\/wp\/v2\/product\/17322","targetHints":{"allow":["GET"]}}],"collection":[{"href":"https:\/\/sagrinex.com\/de\/wp-json\/wp\/v2\/product"}],"about":[{"href":"https:\/\/sagrinex.com\/de\/wp-json\/wp\/v2\/types\/product"}],"replies":[{"embeddable":true,"href":"https:\/\/sagrinex.com\/de\/wp-json\/wp\/v2\/comments?post=17322"}],"version-history":[{"count":0,"href":"https:\/\/sagrinex.com\/de\/wp-json\/wp\/v2\/product\/17322\/revisions"}],"wp:featuredmedia":[{"embeddable":true,"href":"https:\/\/sagrinex.com\/de\/wp-json\/wp\/v2\/media\/10674"}],"wp:attachment":[{"href":"https:\/\/sagrinex.com\/de\/wp-json\/wp\/v2\/media?parent=17322"}],"wp:term":[{"taxonomy":"product_brand","embeddable":true,"href":"https:\/\/sagrinex.com\/de\/wp-json\/wp\/v2\/product_brand?post=17322"},{"taxonomy":"product_cat","embeddable":true,"href":"https:\/\/sagrinex.com\/de\/wp-json\/wp\/v2\/product_cat?post=17322"},{"taxonomy":"product_tag","embeddable":true,"href":"https:\/\/sagrinex.com\/de\/wp-json\/wp\/v2\/product_tag?post=17322"}],"curies":[{"name":"wp","href":"https:\/\/api.w.org\/{rel}","templated":true}]}}