{"id":17323,"date":"2026-04-15T16:57:05","date_gmt":"2026-04-15T16:57:05","guid":{"rendered":"https:\/\/sagrinex.com\/produit\/jet-ski-traegeranhaenger-zulaessiges-gesamtgewicht-750-kg-raeder-13\/"},"modified":"2026-04-15T21:12:29","modified_gmt":"2026-04-15T21:12:29","slug":"jet-ski-traegeranhaenger-zulaessiges-gesamtgewicht-750-kg-raeder-13","status":"publish","type":"product","link":"https:\/\/sagrinex.com\/de\/produit\/jet-ski-traegeranhaenger-zulaessiges-gesamtgewicht-750-kg-raeder-13\/","title":{"rendered":"Jet-ski-tr\u00e4geranh\u00e4nger \u2013 Zul\u00e4ssiges Gesamtgewicht 750 Kg \u2013 R\u00e4der 13"},"content":{"rendered":"<h3 data-start=\"424\" data-end=\"459\"><strong data-start=\"428\" data-end=\"459\">Technische Eigenschaften<\/strong><\/h3>\n<ul>\n<li data-start=\"463\" data-end=\"482\"><strong data-start=\"463\" data-end=\"471\">PTAC<\/strong> : 750 kg<\/li>\n<li data-start=\"485\" data-end=\"512\"><strong data-start=\"485\" data-end=\"501\">Nutzlast<\/strong> : 595 kg<\/li>\n<li data-start=\"515\" data-end=\"542\"><strong data-start=\"515\" data-end=\"531\">Leergewicht<\/strong> : 155 kg<\/li>\n<li data-start=\"545\" data-end=\"571\"><strong data-start=\"545\" data-end=\"565\">Anzahl der Achsen<\/strong> : 1<\/li>\n<li data-start=\"574\" data-end=\"597\"><strong data-start=\"574\" data-end=\"583\">Reifen<\/strong> : 155\/70R13<\/li>\n<li data-start=\"600\" data-end=\"624\"><strong data-start=\"600\" data-end=\"609\">Bremse<\/strong> : Ungebremst<\/li>\n<li data-start=\"627\" data-end=\"715\"><strong data-start=\"627\" data-end=\"654\">Maximale Bootsl\u00e4nge<\/strong> : ca. 3,80 bis 4,20 m<\/li>\n<\/ul>\n<hr data-start=\"717\" data-end=\"720\" \/>\n<h3 data-start=\"722\" data-end=\"748\"><strong data-start=\"726\" data-end=\"748\">Enthaltene Ausr\u00fcstung<\/strong><\/h3>\n<ul>\n<li data-start=\"752\" data-end=\"796\"><strong data-start=\"752\" data-end=\"769\">Manuelle Winde<\/strong> zur Erleichterung des Ziehens<\/li>\n<li data-start=\"799\" data-end=\"840\"><strong data-start=\"799\" data-end=\"814\">St\u00fctzrad<\/strong> zum Verfahren ohne Last<\/li>\n<li data-start=\"843\" data-end=\"894\"><strong data-start=\"843\" data-end=\"866\">Zurrgurtringe<\/strong> f\u00fcr sichere Ladungssicherung<\/li>\n<li data-start=\"897\" data-end=\"965\"><strong data-start=\"897\" data-end=\"922\">\u00d6lbadnaben<\/strong>, garantiert lange Lebensdauer und reduzierte Wartung<\/li>\n<\/ul>\n<hr data-start=\"967\" data-end=\"970\" \/>\n<h3 data-start=\"972\" data-end=\"992\"><strong data-start=\"976\" data-end=\"992\">St\u00e4rken<\/strong><\/h3>\n<ul>\n<li data-start=\"996\" data-end=\"1066\">Robust und leicht, ideal f\u00fcr alle Arten von Jet-Skis bis zu 595 kg<\/li>\n<li data-start=\"1069\" data-end=\"1117\">Ausgezeichnete Stra\u00dfenlage mit 13-Zoll-R\u00e4dern<\/li>\n<li data-start=\"1120\" data-end=\"1171\">Geeignet f\u00fcr Privatpersonen und Profis gleicherma\u00dfen<\/li>\n<\/ul>\n","protected":false},"excerpt":{"rendered":"<p>Dieser Anh\u00e4nger eignet sich perfekt f\u00fcr den Transport mittelschwerer bis schwerer Jetskis und vereint Zuverl\u00e4ssigkeit, Benutzerfreundlichkeit und Leistung auf der Stra\u00dfe. Es ist auf Langlebigkeit ausgelegt und ideal f\u00fcr Enthusiasten und Profis gleicherma\u00dfen.<\/p>\n","protected":false},"featured_media":10671,"comment_status":"open","ping_status":"closed","template":"","meta":[],"product_brand":[],"product_cat":[357,352],"product_tag":[],"class_list":{"0":"post-17323","1":"product","2":"type-product","3":"status-publish","4":"has-post-thumbnail","6":"product_cat-nautische-anhaenger","7":"product_cat-unsere-trailer","9":"first","10":"instock","11":"shipping-taxable","12":"purchasable","13":"product-type-simple"},"yoast_head":"<!-- This site is optimized with the Yoast SEO plugin v27.5 - https:\/\/yoast.com\/product\/yoast-seo-wordpress\/ -->\n<title>Jet-ski-tr\u00e4geranh\u00e4nger \u2013 Zul\u00e4ssiges Gesamtgewicht 750 Kg \u2013 R\u00e4der 13 - Sagrinex \u2013 Anhaenger, Container &amp; Landtechnik \ud83c\udf3e\ud83d\ude9c<\/title>\n<meta name=\"robots\" content=\"index, follow, max-snippet:-1, max-image-preview:large, max-video-preview:-1\" \/>\n<link rel=\"canonical\" href=\"https:\/\/sagrinex.com\/produit\/jet-ski-traegeranhaenger-zulaessiges-gesamtgewicht-750-kg-raeder-13\/?lang=de\" \/>\n<meta property=\"og:locale\" content=\"de_DE\" \/>\n<meta property=\"og:type\" content=\"article\" \/>\n<meta property=\"og:title\" content=\"Jet-ski-tr\u00e4geranh\u00e4nger \u2013 Zul\u00e4ssiges Gesamtgewicht 750 Kg \u2013 R\u00e4der 13 - Sagrinex \u2013 Anhaenger, Container &amp; Landtechnik \ud83c\udf3e\ud83d\ude9c\" \/>\n<meta property=\"og:description\" content=\"Dieser Anh\u00e4nger eignet sich perfekt f\u00fcr den Transport mittelschwerer bis schwerer Jetskis und vereint Zuverl\u00e4ssigkeit, Benutzerfreundlichkeit und Leistung auf der Stra\u00dfe. Es ist auf Langlebigkeit ausgelegt und ideal f\u00fcr Enthusiasten und Profis gleicherma\u00dfen.\" \/>\n<meta property=\"og:url\" content=\"https:\/\/sagrinex.com\/produit\/jet-ski-traegeranhaenger-zulaessiges-gesamtgewicht-750-kg-raeder-13\/?lang=de\" \/>\n<meta property=\"og:site_name\" content=\"Sagrinex \u2013 Anhaenger, Container &amp; Landtechnik \ud83c\udf3e\ud83d\ude9c\" \/>\n<meta property=\"article:modified_time\" content=\"2026-04-15T21:12:29+00:00\" \/>\n<meta property=\"og:image\" content=\"https:\/\/sagrinex.com\/wp-content\/uploads\/2026\/03\/Image-611.jpeg\" \/>\n\t<meta property=\"og:image:width\" content=\"800\" \/>\n\t<meta property=\"og:image:height\" content=\"800\" \/>\n\t<meta property=\"og:image:type\" content=\"image\/jpeg\" \/>\n<meta name=\"twitter:card\" content=\"summary_large_image\" \/>\n<script type=\"application\/ld+json\" class=\"yoast-schema-graph\">{\"@context\":\"https:\\\/\\\/schema.org\",\"@graph\":[{\"@type\":\"WebPage\",\"@id\":\"https:\\\/\\\/sagrinex.com\\\/produit\\\/jet-ski-traegeranhaenger-zulaessiges-gesamtgewicht-750-kg-raeder-13\\\/?lang=de\",\"url\":\"https:\\\/\\\/sagrinex.com\\\/produit\\\/jet-ski-traegeranhaenger-zulaessiges-gesamtgewicht-750-kg-raeder-13\\\/?lang=de\",\"name\":\"Jet-ski-tr\u00e4geranh\u00e4nger \u2013 Zul\u00e4ssiges Gesamtgewicht 750 Kg \u2013 R\u00e4der 13 - Sagrinex \u2013 Anhaenger, Container &amp; Landtechnik \ud83c\udf3e\ud83d\ude9c\",\"isPartOf\":{\"@id\":\"https:\\\/\\\/sagrinex.com\\\/#website\"},\"primaryImageOfPage\":{\"@id\":\"https:\\\/\\\/sagrinex.com\\\/produit\\\/jet-ski-traegeranhaenger-zulaessiges-gesamtgewicht-750-kg-raeder-13\\\/?lang=de#primaryimage\"},\"image\":{\"@id\":\"https:\\\/\\\/sagrinex.com\\\/produit\\\/jet-ski-traegeranhaenger-zulaessiges-gesamtgewicht-750-kg-raeder-13\\\/?lang=de#primaryimage\"},\"thumbnailUrl\":\"https:\\\/\\\/sagrinex.com\\\/wp-content\\\/uploads\\\/2026\\\/03\\\/Image-611.jpeg\",\"datePublished\":\"2026-04-15T16:57:05+00:00\",\"dateModified\":\"2026-04-15T21:12:29+00:00\",\"breadcrumb\":{\"@id\":\"https:\\\/\\\/sagrinex.com\\\/produit\\\/jet-ski-traegeranhaenger-zulaessiges-gesamtgewicht-750-kg-raeder-13\\\/?lang=de#breadcrumb\"},\"inLanguage\":\"de\",\"potentialAction\":[{\"@type\":\"ReadAction\",\"target\":[\"https:\\\/\\\/sagrinex.com\\\/produit\\\/jet-ski-traegeranhaenger-zulaessiges-gesamtgewicht-750-kg-raeder-13\\\/?lang=de\"]}]},{\"@type\":\"ImageObject\",\"inLanguage\":\"de\",\"@id\":\"https:\\\/\\\/sagrinex.com\\\/produit\\\/jet-ski-traegeranhaenger-zulaessiges-gesamtgewicht-750-kg-raeder-13\\\/?lang=de#primaryimage\",\"url\":\"https:\\\/\\\/sagrinex.com\\\/wp-content\\\/uploads\\\/2026\\\/03\\\/Image-611.jpeg\",\"contentUrl\":\"https:\\\/\\\/sagrinex.com\\\/wp-content\\\/uploads\\\/2026\\\/03\\\/Image-611.jpeg\",\"width\":800,\"height\":800},{\"@type\":\"BreadcrumbList\",\"@id\":\"https:\\\/\\\/sagrinex.com\\\/produit\\\/jet-ski-traegeranhaenger-zulaessiges-gesamtgewicht-750-kg-raeder-13\\\/?lang=de#breadcrumb\",\"itemListElement\":[{\"@type\":\"ListItem\",\"position\":1,\"name\":\"Accueil\",\"item\":\"https:\\\/\\\/sagrinex.com\\\/?lang=de\"},{\"@type\":\"ListItem\",\"position\":2,\"name\":\"Shop\",\"item\":\"https:\\\/\\\/sagrinex.com\\\/shop\\\/\"},{\"@type\":\"ListItem\",\"position\":3,\"name\":\"Jet-ski-tr\u00e4geranh\u00e4nger \u2013 Zul\u00e4ssiges Gesamtgewicht 750 Kg \u2013 R\u00e4der 13\"}]},{\"@type\":\"WebSite\",\"@id\":\"https:\\\/\\\/sagrinex.com\\\/#website\",\"url\":\"https:\\\/\\\/sagrinex.com\\\/\",\"name\":\"Sagrinex \u2013 Spezialist f\u00fcr Anh\u00e4nger, Container & Landtechnik\",\"description\":\"Anhaenger, Container &amp; Landtechnik \u2014 Online-Verkauf &amp; kostenloses Angebot\",\"publisher\":{\"@id\":\"https:\\\/\\\/sagrinex.com\\\/#organization\"},\"potentialAction\":[{\"@type\":\"SearchAction\",\"target\":{\"@type\":\"EntryPoint\",\"urlTemplate\":\"https:\\\/\\\/sagrinex.com\\\/?s={search_term_string}\"},\"query-input\":{\"@type\":\"PropertyValueSpecification\",\"valueRequired\":true,\"valueName\":\"search_term_string\"}}],\"inLanguage\":\"de\"},{\"@type\":\"Organization\",\"@id\":\"https:\\\/\\\/sagrinex.com\\\/#organization\",\"name\":\"Sagrinex \u2013 Remorques, Conteneurs & Mat\u00e9riel Agricole\",\"url\":\"https:\\\/\\\/sagrinex.com\\\/\",\"logo\":{\"@type\":\"ImageObject\",\"inLanguage\":\"de\",\"@id\":\"https:\\\/\\\/sagrinex.com\\\/#\\\/schema\\\/logo\\\/image\\\/\",\"url\":\"https:\\\/\\\/sagrinex.com\\\/wp-content\\\/uploads\\\/2026\\\/03\\\/7f1ac463-ef5a-425d-bdd6-a5da03a334a9-1024x683.png\",\"contentUrl\":\"https:\\\/\\\/sagrinex.com\\\/wp-content\\\/uploads\\\/2026\\\/03\\\/7f1ac463-ef5a-425d-bdd6-a5da03a334a9-1024x683.png\",\"width\":1024,\"height\":683,\"caption\":\"Sagrinex \u2013 Remorques, Conteneurs & Mat\u00e9riel Agricole\"},\"image\":{\"@id\":\"https:\\\/\\\/sagrinex.com\\\/#\\\/schema\\\/logo\\\/image\\\/\"}}]}<\/script>\n<!-- \/ Yoast SEO plugin. -->","yoast_head_json":{"title":"Jet-ski-tr\u00e4geranh\u00e4nger \u2013 Zul\u00e4ssiges Gesamtgewicht 750 Kg \u2013 R\u00e4der 13 - Sagrinex \u2013 Anhaenger, Container &amp; Landtechnik \ud83c\udf3e\ud83d\ude9c","robots":{"index":"index","follow":"follow","max-snippet":"max-snippet:-1","max-image-preview":"max-image-preview:large","max-video-preview":"max-video-preview:-1"},"canonical":"https:\/\/sagrinex.com\/produit\/jet-ski-traegeranhaenger-zulaessiges-gesamtgewicht-750-kg-raeder-13\/?lang=de","og_locale":"de_DE","og_type":"article","og_title":"Jet-ski-tr\u00e4geranh\u00e4nger \u2013 Zul\u00e4ssiges Gesamtgewicht 750 Kg \u2013 R\u00e4der 13 - Sagrinex \u2013 Anhaenger, Container &amp; Landtechnik \ud83c\udf3e\ud83d\ude9c","og_description":"Dieser Anh\u00e4nger eignet sich perfekt f\u00fcr den Transport mittelschwerer bis schwerer Jetskis und vereint Zuverl\u00e4ssigkeit, Benutzerfreundlichkeit und Leistung auf der Stra\u00dfe. Es ist auf Langlebigkeit ausgelegt und ideal f\u00fcr Enthusiasten und Profis gleicherma\u00dfen.","og_url":"https:\/\/sagrinex.com\/produit\/jet-ski-traegeranhaenger-zulaessiges-gesamtgewicht-750-kg-raeder-13\/?lang=de","og_site_name":"Sagrinex \u2013 Anhaenger, Container &amp; Landtechnik \ud83c\udf3e\ud83d\ude9c","article_modified_time":"2026-04-15T21:12:29+00:00","og_image":[{"width":800,"height":800,"url":"https:\/\/sagrinex.com\/wp-content\/uploads\/2026\/03\/Image-611.jpeg","type":"image\/jpeg"}],"twitter_card":"summary_large_image","schema":{"@context":"https:\/\/schema.org","@graph":[{"@type":"WebPage","@id":"https:\/\/sagrinex.com\/produit\/jet-ski-traegeranhaenger-zulaessiges-gesamtgewicht-750-kg-raeder-13\/?lang=de","url":"https:\/\/sagrinex.com\/produit\/jet-ski-traegeranhaenger-zulaessiges-gesamtgewicht-750-kg-raeder-13\/?lang=de","name":"Jet-ski-tr\u00e4geranh\u00e4nger \u2013 Zul\u00e4ssiges Gesamtgewicht 750 Kg \u2013 R\u00e4der 13 - Sagrinex \u2013 Anhaenger, Container &amp; Landtechnik \ud83c\udf3e\ud83d\ude9c","isPartOf":{"@id":"https:\/\/sagrinex.com\/#website"},"primaryImageOfPage":{"@id":"https:\/\/sagrinex.com\/produit\/jet-ski-traegeranhaenger-zulaessiges-gesamtgewicht-750-kg-raeder-13\/?lang=de#primaryimage"},"image":{"@id":"https:\/\/sagrinex.com\/produit\/jet-ski-traegeranhaenger-zulaessiges-gesamtgewicht-750-kg-raeder-13\/?lang=de#primaryimage"},"thumbnailUrl":"https:\/\/sagrinex.com\/wp-content\/uploads\/2026\/03\/Image-611.jpeg","datePublished":"2026-04-15T16:57:05+00:00","dateModified":"2026-04-15T21:12:29+00:00","breadcrumb":{"@id":"https:\/\/sagrinex.com\/produit\/jet-ski-traegeranhaenger-zulaessiges-gesamtgewicht-750-kg-raeder-13\/?lang=de#breadcrumb"},"inLanguage":"de","potentialAction":[{"@type":"ReadAction","target":["https:\/\/sagrinex.com\/produit\/jet-ski-traegeranhaenger-zulaessiges-gesamtgewicht-750-kg-raeder-13\/?lang=de"]}]},{"@type":"ImageObject","inLanguage":"de","@id":"https:\/\/sagrinex.com\/produit\/jet-ski-traegeranhaenger-zulaessiges-gesamtgewicht-750-kg-raeder-13\/?lang=de#primaryimage","url":"https:\/\/sagrinex.com\/wp-content\/uploads\/2026\/03\/Image-611.jpeg","contentUrl":"https:\/\/sagrinex.com\/wp-content\/uploads\/2026\/03\/Image-611.jpeg","width":800,"height":800},{"@type":"BreadcrumbList","@id":"https:\/\/sagrinex.com\/produit\/jet-ski-traegeranhaenger-zulaessiges-gesamtgewicht-750-kg-raeder-13\/?lang=de#breadcrumb","itemListElement":[{"@type":"ListItem","position":1,"name":"Accueil","item":"https:\/\/sagrinex.com\/?lang=de"},{"@type":"ListItem","position":2,"name":"Shop","item":"https:\/\/sagrinex.com\/shop\/"},{"@type":"ListItem","position":3,"name":"Jet-ski-tr\u00e4geranh\u00e4nger \u2013 Zul\u00e4ssiges Gesamtgewicht 750 Kg \u2013 R\u00e4der 13"}]},{"@type":"WebSite","@id":"https:\/\/sagrinex.com\/#website","url":"https:\/\/sagrinex.com\/","name":"Sagrinex \u2013 Spezialist f\u00fcr Anh\u00e4nger, Container & Landtechnik","description":"Anhaenger, Container &amp; Landtechnik \u2014 Online-Verkauf &amp; kostenloses Angebot","publisher":{"@id":"https:\/\/sagrinex.com\/#organization"},"potentialAction":[{"@type":"SearchAction","target":{"@type":"EntryPoint","urlTemplate":"https:\/\/sagrinex.com\/?s={search_term_string}"},"query-input":{"@type":"PropertyValueSpecification","valueRequired":true,"valueName":"search_term_string"}}],"inLanguage":"de"},{"@type":"Organization","@id":"https:\/\/sagrinex.com\/#organization","name":"Sagrinex \u2013 Remorques, Conteneurs & Mat\u00e9riel Agricole","url":"https:\/\/sagrinex.com\/","logo":{"@type":"ImageObject","inLanguage":"de","@id":"https:\/\/sagrinex.com\/#\/schema\/logo\/image\/","url":"https:\/\/sagrinex.com\/wp-content\/uploads\/2026\/03\/7f1ac463-ef5a-425d-bdd6-a5da03a334a9-1024x683.png","contentUrl":"https:\/\/sagrinex.com\/wp-content\/uploads\/2026\/03\/7f1ac463-ef5a-425d-bdd6-a5da03a334a9-1024x683.png","width":1024,"height":683,"caption":"Sagrinex \u2013 Remorques, Conteneurs & Mat\u00e9riel Agricole"},"image":{"@id":"https:\/\/sagrinex.com\/#\/schema\/logo\/image\/"}}]}},"jetpack_sharing_enabled":true,"_links":{"self":[{"href":"https:\/\/sagrinex.com\/de\/wp-json\/wp\/v2\/product\/17323","targetHints":{"allow":["GET"]}}],"collection":[{"href":"https:\/\/sagrinex.com\/de\/wp-json\/wp\/v2\/product"}],"about":[{"href":"https:\/\/sagrinex.com\/de\/wp-json\/wp\/v2\/types\/product"}],"replies":[{"embeddable":true,"href":"https:\/\/sagrinex.com\/de\/wp-json\/wp\/v2\/comments?post=17323"}],"version-history":[{"count":0,"href":"https:\/\/sagrinex.com\/de\/wp-json\/wp\/v2\/product\/17323\/revisions"}],"wp:featuredmedia":[{"embeddable":true,"href":"https:\/\/sagrinex.com\/de\/wp-json\/wp\/v2\/media\/10671"}],"wp:attachment":[{"href":"https:\/\/sagrinex.com\/de\/wp-json\/wp\/v2\/media?parent=17323"}],"wp:term":[{"taxonomy":"product_brand","embeddable":true,"href":"https:\/\/sagrinex.com\/de\/wp-json\/wp\/v2\/product_brand?post=17323"},{"taxonomy":"product_cat","embeddable":true,"href":"https:\/\/sagrinex.com\/de\/wp-json\/wp\/v2\/product_cat?post=17323"},{"taxonomy":"product_tag","embeddable":true,"href":"https:\/\/sagrinex.com\/de\/wp-json\/wp\/v2\/product_tag?post=17323"}],"curies":[{"name":"wp","href":"https:\/\/api.w.org\/{rel}","templated":true}]}}