{"id":17337,"date":"2026-04-15T17:02:37","date_gmt":"2026-04-15T17:02:37","guid":{"rendered":"https:\/\/sagrinex.com\/produit\/kxl-165-motorradtraeger-mit-radfeststeller\/"},"modified":"2026-04-15T21:12:31","modified_gmt":"2026-04-15T21:12:31","slug":"kxl-165-motorradtraeger-mit-radfeststeller","status":"publish","type":"product","link":"https:\/\/sagrinex.com\/de\/produit\/kxl-165-motorradtraeger-mit-radfeststeller\/","title":{"rendered":"Kxl 165 Motorradtr\u00e4ger mit Radfeststeller"},"content":{"rendered":"<p><strong>Funktionen<\/strong>\u00a0:<\/p>\n<ul>\n<li><strong>Marke<\/strong>\u00a0: KXL<\/li>\n<li><strong>Zul\u00e4ssiges Gesamtgewicht (GVWR)<\/strong>\u00a0: 500 kg.<\/li>\n<li><strong>Leergewicht<\/strong>\u00a0: 184 kg.<\/li>\n<li><strong>Nutzlast<\/strong>\u00a0: 316 kg.<\/li>\n<li><strong>Mindesttara<\/strong>\u00a0: 500 kg.<\/li>\n<li><strong>Maximale Tara<\/strong>\u00a0: 650 kg.<\/li>\n<li><strong>Achsen<\/strong>\u00a0: 1<\/li>\n<li><strong>Achsst\u00e4rke<\/strong>\u00a0: 750 kg.<\/li>\n<li><strong>Bremsen<\/strong>\u00a0: Ohne Bremsen<\/li>\n<li><strong>Radgr\u00f6\u00dfe<\/strong>\u00a0: 13<\/li>\n<li><strong>Ersatzrad<\/strong>\u00a0: Enthalten<\/li>\n<li><strong>Klimmzugstange<\/strong>\u00a0: V.<\/li>\n<li><strong>St\u00fctzrad<\/strong>\u00a0: Enthalten<\/li>\n<li><strong>Kippen<\/strong> : Zur\u00fcck<\/li>\n<li><strong>Art der Volquete<\/strong>\u00a0: Einfach<\/li>\n<li><strong>Rampenbox<\/strong>\u00a0: Nein<\/li>\n<li><strong>LED-Lampe<\/strong>\u00a0: Nein<\/li>\n<li><strong>Radposition<\/strong> : Au\u00dfen<\/li>\n<li><strong>Anzahl der Rampen<\/strong>\u00a0: 1<\/li>\n<li><strong>Anzahl der Rennr\u00e4der<\/strong>\u00a0: 1<\/li>\n<li><strong>Anzahl der Gel\u00e4ndefahrr\u00e4der<\/strong>\u00a0: 1<\/li>\n<\/ul>\n","protected":false},"excerpt":{"rendered":"<p>KXL-Fahrradtr\u00e4ger lassen sich absenken, um das Be- und Entladen aller Arten von Motorr\u00e4dern zu erm\u00f6glichen. KXL 165, Einschienenmodell mit Radfeststeller f\u00fcr ein zul\u00e4ssiges Gesamtgewicht von 500 kg (nicht eintragungspflichtig). Der Fahrradtr\u00e4ger KXL 165 wird mit einer Aufbewahrungsbox und einer Kunststoffhalterung sowie einem Reserverad geliefert.<\/p>\n","protected":false},"featured_media":10615,"comment_status":"open","ping_status":"closed","template":"","meta":[],"product_brand":[],"product_cat":[356,352],"product_tag":[],"class_list":{"0":"post-17337","1":"product","2":"type-product","3":"status-publish","4":"has-post-thumbnail","6":"product_cat-motorrad-und-quad-anhaenger","7":"product_cat-unsere-trailer","9":"first","10":"instock","11":"shipping-taxable","12":"purchasable","13":"product-type-simple"},"yoast_head":"<!-- This site is optimized with the Yoast SEO plugin v27.5 - https:\/\/yoast.com\/product\/yoast-seo-wordpress\/ -->\n<title>Kxl 165 Motorradtr\u00e4ger mit Radfeststeller - Sagrinex \u2013 Anhaenger, Container &amp; Landtechnik \ud83c\udf3e\ud83d\ude9c<\/title>\n<meta name=\"robots\" content=\"index, follow, max-snippet:-1, max-image-preview:large, max-video-preview:-1\" \/>\n<link rel=\"canonical\" href=\"https:\/\/sagrinex.com\/produit\/kxl-165-motorradtraeger-mit-radfeststeller\/?lang=de\" \/>\n<meta property=\"og:locale\" content=\"de_DE\" \/>\n<meta property=\"og:type\" content=\"article\" \/>\n<meta property=\"og:title\" content=\"Kxl 165 Motorradtr\u00e4ger mit Radfeststeller - Sagrinex \u2013 Anhaenger, Container &amp; Landtechnik \ud83c\udf3e\ud83d\ude9c\" \/>\n<meta property=\"og:description\" content=\"KXL-Fahrradtr\u00e4ger lassen sich absenken, um das Be- und Entladen aller Arten von Motorr\u00e4dern zu erm\u00f6glichen. KXL 165, Einschienenmodell mit Radfeststeller f\u00fcr ein zul\u00e4ssiges Gesamtgewicht von 500 kg (nicht eintragungspflichtig). Der Fahrradtr\u00e4ger KXL 165 wird mit einer Aufbewahrungsbox und einer Kunststoffhalterung sowie einem Reserverad geliefert.\" \/>\n<meta property=\"og:url\" content=\"https:\/\/sagrinex.com\/produit\/kxl-165-motorradtraeger-mit-radfeststeller\/?lang=de\" \/>\n<meta property=\"og:site_name\" content=\"Sagrinex \u2013 Anhaenger, Container &amp; Landtechnik \ud83c\udf3e\ud83d\ude9c\" \/>\n<meta property=\"article:modified_time\" content=\"2026-04-15T21:12:31+00:00\" \/>\n<meta property=\"og:image\" content=\"https:\/\/sagrinex.com\/wp-content\/uploads\/2026\/03\/Image-583.jpeg\" \/>\n\t<meta property=\"og:image:width\" content=\"451\" \/>\n\t<meta property=\"og:image:height\" content=\"488\" \/>\n\t<meta property=\"og:image:type\" content=\"image\/jpeg\" \/>\n<meta name=\"twitter:card\" content=\"summary_large_image\" \/>\n<script type=\"application\/ld+json\" class=\"yoast-schema-graph\">{\"@context\":\"https:\\\/\\\/schema.org\",\"@graph\":[{\"@type\":\"WebPage\",\"@id\":\"https:\\\/\\\/sagrinex.com\\\/produit\\\/kxl-165-motorradtraeger-mit-radfeststeller\\\/?lang=de\",\"url\":\"https:\\\/\\\/sagrinex.com\\\/produit\\\/kxl-165-motorradtraeger-mit-radfeststeller\\\/?lang=de\",\"name\":\"Kxl 165 Motorradtr\u00e4ger mit Radfeststeller - Sagrinex \u2013 Anhaenger, Container &amp; Landtechnik \ud83c\udf3e\ud83d\ude9c\",\"isPartOf\":{\"@id\":\"https:\\\/\\\/sagrinex.com\\\/#website\"},\"primaryImageOfPage\":{\"@id\":\"https:\\\/\\\/sagrinex.com\\\/produit\\\/kxl-165-motorradtraeger-mit-radfeststeller\\\/?lang=de#primaryimage\"},\"image\":{\"@id\":\"https:\\\/\\\/sagrinex.com\\\/produit\\\/kxl-165-motorradtraeger-mit-radfeststeller\\\/?lang=de#primaryimage\"},\"thumbnailUrl\":\"https:\\\/\\\/sagrinex.com\\\/wp-content\\\/uploads\\\/2026\\\/03\\\/Image-583.jpeg\",\"datePublished\":\"2026-04-15T17:02:37+00:00\",\"dateModified\":\"2026-04-15T21:12:31+00:00\",\"breadcrumb\":{\"@id\":\"https:\\\/\\\/sagrinex.com\\\/produit\\\/kxl-165-motorradtraeger-mit-radfeststeller\\\/?lang=de#breadcrumb\"},\"inLanguage\":\"de\",\"potentialAction\":[{\"@type\":\"ReadAction\",\"target\":[\"https:\\\/\\\/sagrinex.com\\\/produit\\\/kxl-165-motorradtraeger-mit-radfeststeller\\\/?lang=de\"]}]},{\"@type\":\"ImageObject\",\"inLanguage\":\"de\",\"@id\":\"https:\\\/\\\/sagrinex.com\\\/produit\\\/kxl-165-motorradtraeger-mit-radfeststeller\\\/?lang=de#primaryimage\",\"url\":\"https:\\\/\\\/sagrinex.com\\\/wp-content\\\/uploads\\\/2026\\\/03\\\/Image-583.jpeg\",\"contentUrl\":\"https:\\\/\\\/sagrinex.com\\\/wp-content\\\/uploads\\\/2026\\\/03\\\/Image-583.jpeg\",\"width\":451,\"height\":488},{\"@type\":\"BreadcrumbList\",\"@id\":\"https:\\\/\\\/sagrinex.com\\\/produit\\\/kxl-165-motorradtraeger-mit-radfeststeller\\\/?lang=de#breadcrumb\",\"itemListElement\":[{\"@type\":\"ListItem\",\"position\":1,\"name\":\"Accueil\",\"item\":\"https:\\\/\\\/sagrinex.com\\\/?lang=de\"},{\"@type\":\"ListItem\",\"position\":2,\"name\":\"Shop\",\"item\":\"https:\\\/\\\/sagrinex.com\\\/shop\\\/\"},{\"@type\":\"ListItem\",\"position\":3,\"name\":\"Kxl 165 Motorradtr\u00e4ger mit Radfeststeller\"}]},{\"@type\":\"WebSite\",\"@id\":\"https:\\\/\\\/sagrinex.com\\\/#website\",\"url\":\"https:\\\/\\\/sagrinex.com\\\/\",\"name\":\"Sagrinex \u2013 Spezialist f\u00fcr Anh\u00e4nger, Container & Landtechnik\",\"description\":\"Anhaenger, Container &amp; Landtechnik \u2014 Online-Verkauf &amp; kostenloses Angebot\",\"publisher\":{\"@id\":\"https:\\\/\\\/sagrinex.com\\\/#organization\"},\"potentialAction\":[{\"@type\":\"SearchAction\",\"target\":{\"@type\":\"EntryPoint\",\"urlTemplate\":\"https:\\\/\\\/sagrinex.com\\\/?s={search_term_string}\"},\"query-input\":{\"@type\":\"PropertyValueSpecification\",\"valueRequired\":true,\"valueName\":\"search_term_string\"}}],\"inLanguage\":\"de\"},{\"@type\":\"Organization\",\"@id\":\"https:\\\/\\\/sagrinex.com\\\/#organization\",\"name\":\"Sagrinex \u2013 Remorques, Conteneurs & Mat\u00e9riel Agricole\",\"url\":\"https:\\\/\\\/sagrinex.com\\\/\",\"logo\":{\"@type\":\"ImageObject\",\"inLanguage\":\"de\",\"@id\":\"https:\\\/\\\/sagrinex.com\\\/#\\\/schema\\\/logo\\\/image\\\/\",\"url\":\"https:\\\/\\\/sagrinex.com\\\/wp-content\\\/uploads\\\/2026\\\/03\\\/7f1ac463-ef5a-425d-bdd6-a5da03a334a9-1024x683.png\",\"contentUrl\":\"https:\\\/\\\/sagrinex.com\\\/wp-content\\\/uploads\\\/2026\\\/03\\\/7f1ac463-ef5a-425d-bdd6-a5da03a334a9-1024x683.png\",\"width\":1024,\"height\":683,\"caption\":\"Sagrinex \u2013 Remorques, Conteneurs & Mat\u00e9riel Agricole\"},\"image\":{\"@id\":\"https:\\\/\\\/sagrinex.com\\\/#\\\/schema\\\/logo\\\/image\\\/\"}}]}<\/script>\n<!-- \/ Yoast SEO plugin. -->","yoast_head_json":{"title":"Kxl 165 Motorradtr\u00e4ger mit Radfeststeller - Sagrinex \u2013 Anhaenger, Container &amp; Landtechnik \ud83c\udf3e\ud83d\ude9c","robots":{"index":"index","follow":"follow","max-snippet":"max-snippet:-1","max-image-preview":"max-image-preview:large","max-video-preview":"max-video-preview:-1"},"canonical":"https:\/\/sagrinex.com\/produit\/kxl-165-motorradtraeger-mit-radfeststeller\/?lang=de","og_locale":"de_DE","og_type":"article","og_title":"Kxl 165 Motorradtr\u00e4ger mit Radfeststeller - Sagrinex \u2013 Anhaenger, Container &amp; Landtechnik \ud83c\udf3e\ud83d\ude9c","og_description":"KXL-Fahrradtr\u00e4ger lassen sich absenken, um das Be- und Entladen aller Arten von Motorr\u00e4dern zu erm\u00f6glichen. KXL 165, Einschienenmodell mit Radfeststeller f\u00fcr ein zul\u00e4ssiges Gesamtgewicht von 500 kg (nicht eintragungspflichtig). Der Fahrradtr\u00e4ger KXL 165 wird mit einer Aufbewahrungsbox und einer Kunststoffhalterung sowie einem Reserverad geliefert.","og_url":"https:\/\/sagrinex.com\/produit\/kxl-165-motorradtraeger-mit-radfeststeller\/?lang=de","og_site_name":"Sagrinex \u2013 Anhaenger, Container &amp; Landtechnik \ud83c\udf3e\ud83d\ude9c","article_modified_time":"2026-04-15T21:12:31+00:00","og_image":[{"width":451,"height":488,"url":"https:\/\/sagrinex.com\/wp-content\/uploads\/2026\/03\/Image-583.jpeg","type":"image\/jpeg"}],"twitter_card":"summary_large_image","schema":{"@context":"https:\/\/schema.org","@graph":[{"@type":"WebPage","@id":"https:\/\/sagrinex.com\/produit\/kxl-165-motorradtraeger-mit-radfeststeller\/?lang=de","url":"https:\/\/sagrinex.com\/produit\/kxl-165-motorradtraeger-mit-radfeststeller\/?lang=de","name":"Kxl 165 Motorradtr\u00e4ger mit Radfeststeller - Sagrinex \u2013 Anhaenger, Container &amp; Landtechnik \ud83c\udf3e\ud83d\ude9c","isPartOf":{"@id":"https:\/\/sagrinex.com\/#website"},"primaryImageOfPage":{"@id":"https:\/\/sagrinex.com\/produit\/kxl-165-motorradtraeger-mit-radfeststeller\/?lang=de#primaryimage"},"image":{"@id":"https:\/\/sagrinex.com\/produit\/kxl-165-motorradtraeger-mit-radfeststeller\/?lang=de#primaryimage"},"thumbnailUrl":"https:\/\/sagrinex.com\/wp-content\/uploads\/2026\/03\/Image-583.jpeg","datePublished":"2026-04-15T17:02:37+00:00","dateModified":"2026-04-15T21:12:31+00:00","breadcrumb":{"@id":"https:\/\/sagrinex.com\/produit\/kxl-165-motorradtraeger-mit-radfeststeller\/?lang=de#breadcrumb"},"inLanguage":"de","potentialAction":[{"@type":"ReadAction","target":["https:\/\/sagrinex.com\/produit\/kxl-165-motorradtraeger-mit-radfeststeller\/?lang=de"]}]},{"@type":"ImageObject","inLanguage":"de","@id":"https:\/\/sagrinex.com\/produit\/kxl-165-motorradtraeger-mit-radfeststeller\/?lang=de#primaryimage","url":"https:\/\/sagrinex.com\/wp-content\/uploads\/2026\/03\/Image-583.jpeg","contentUrl":"https:\/\/sagrinex.com\/wp-content\/uploads\/2026\/03\/Image-583.jpeg","width":451,"height":488},{"@type":"BreadcrumbList","@id":"https:\/\/sagrinex.com\/produit\/kxl-165-motorradtraeger-mit-radfeststeller\/?lang=de#breadcrumb","itemListElement":[{"@type":"ListItem","position":1,"name":"Accueil","item":"https:\/\/sagrinex.com\/?lang=de"},{"@type":"ListItem","position":2,"name":"Shop","item":"https:\/\/sagrinex.com\/shop\/"},{"@type":"ListItem","position":3,"name":"Kxl 165 Motorradtr\u00e4ger mit Radfeststeller"}]},{"@type":"WebSite","@id":"https:\/\/sagrinex.com\/#website","url":"https:\/\/sagrinex.com\/","name":"Sagrinex \u2013 Spezialist f\u00fcr Anh\u00e4nger, Container & Landtechnik","description":"Anhaenger, Container &amp; Landtechnik \u2014 Online-Verkauf &amp; kostenloses Angebot","publisher":{"@id":"https:\/\/sagrinex.com\/#organization"},"potentialAction":[{"@type":"SearchAction","target":{"@type":"EntryPoint","urlTemplate":"https:\/\/sagrinex.com\/?s={search_term_string}"},"query-input":{"@type":"PropertyValueSpecification","valueRequired":true,"valueName":"search_term_string"}}],"inLanguage":"de"},{"@type":"Organization","@id":"https:\/\/sagrinex.com\/#organization","name":"Sagrinex \u2013 Remorques, Conteneurs & Mat\u00e9riel Agricole","url":"https:\/\/sagrinex.com\/","logo":{"@type":"ImageObject","inLanguage":"de","@id":"https:\/\/sagrinex.com\/#\/schema\/logo\/image\/","url":"https:\/\/sagrinex.com\/wp-content\/uploads\/2026\/03\/7f1ac463-ef5a-425d-bdd6-a5da03a334a9-1024x683.png","contentUrl":"https:\/\/sagrinex.com\/wp-content\/uploads\/2026\/03\/7f1ac463-ef5a-425d-bdd6-a5da03a334a9-1024x683.png","width":1024,"height":683,"caption":"Sagrinex \u2013 Remorques, Conteneurs & Mat\u00e9riel Agricole"},"image":{"@id":"https:\/\/sagrinex.com\/#\/schema\/logo\/image\/"}}]}},"jetpack_sharing_enabled":true,"_links":{"self":[{"href":"https:\/\/sagrinex.com\/de\/wp-json\/wp\/v2\/product\/17337","targetHints":{"allow":["GET"]}}],"collection":[{"href":"https:\/\/sagrinex.com\/de\/wp-json\/wp\/v2\/product"}],"about":[{"href":"https:\/\/sagrinex.com\/de\/wp-json\/wp\/v2\/types\/product"}],"replies":[{"embeddable":true,"href":"https:\/\/sagrinex.com\/de\/wp-json\/wp\/v2\/comments?post=17337"}],"version-history":[{"count":0,"href":"https:\/\/sagrinex.com\/de\/wp-json\/wp\/v2\/product\/17337\/revisions"}],"wp:featuredmedia":[{"embeddable":true,"href":"https:\/\/sagrinex.com\/de\/wp-json\/wp\/v2\/media\/10615"}],"wp:attachment":[{"href":"https:\/\/sagrinex.com\/de\/wp-json\/wp\/v2\/media?parent=17337"}],"wp:term":[{"taxonomy":"product_brand","embeddable":true,"href":"https:\/\/sagrinex.com\/de\/wp-json\/wp\/v2\/product_brand?post=17337"},{"taxonomy":"product_cat","embeddable":true,"href":"https:\/\/sagrinex.com\/de\/wp-json\/wp\/v2\/product_cat?post=17337"},{"taxonomy":"product_tag","embeddable":true,"href":"https:\/\/sagrinex.com\/de\/wp-json\/wp\/v2\/product_tag?post=17337"}],"curies":[{"name":"wp","href":"https:\/\/api.w.org\/{rel}","templated":true}]}}