{"id":17338,"date":"2026-04-15T17:03:02","date_gmt":"2026-04-15T17:03:02","guid":{"rendered":"https:\/\/sagrinex.com\/produit\/kxl-275-motorradtraeger\/"},"modified":"2026-04-15T21:12:31","modified_gmt":"2026-04-15T21:12:31","slug":"kxl-275-motorradtraeger","status":"publish","type":"product","link":"https:\/\/sagrinex.com\/de\/produit\/kxl-275-motorradtraeger\/","title":{"rendered":"Kxl 275 Motorradtr\u00e4ger"},"content":{"rendered":"<div class=\"Description-header\">\n<p class=\"Description-title\">Motorradanh\u00e4nger KXL 275<\/p>\n<\/div>\n<div class=\"Description-items\">\n<div class=\"Description-item\"><span class=\"Description-label\">Zul\u00e4ssiges Gesamtgewicht (PTAC): <\/span><span class=\"Description-value\">750 Kg.<\/span><\/div>\n<div class=\"Description-item\"><span class=\"Description-label\">Leersgewicht: <\/span><span class=\"Description-value\">210 Kg.<\/span><\/div>\n<div class=\"Description-item\"><span class=\"Description-label\">Nutzlast: <\/span><span class=\"Description-value\">540 Kg.<\/span><\/div>\n<div class=\"Description-item\"><span class=\"Description-label\">Mindestgewicht: <\/span><span class=\"Description-value\">750 Kg.<\/span><\/div>\n<div class=\"Description-item\"><span class=\"Description-label\">H\u00f6chstgewicht: <\/span><span class=\"Description-value\">900 Kg.<\/span><\/div>\n<div class=\"Description-item\"><span class=\"Description-label\">Achsen: <\/span><span class=\"Description-value\">1<\/span><\/div>\n<div class=\"Description-item\"><span class=\"Description-label\">Achsenbelastbarkeit: <\/span><span class=\"Description-value\">900 Kg.<\/span><\/div>\n<div class=\"Description-item\"><span class=\"Description-label\">Bremse: <\/span><span class=\"Description-value\">Gebremst<\/span><\/div>\n<div class=\"Description-item\"><span class=\"Description-label\">Felengr\u00f6\u00dfe: <\/span><span class=\"Description-value\">13\u2033<\/span><\/div>\n<div class=\"Description-item\"><span class=\"Description-label\">Ersatzrad: <\/span><span class=\"Description-value\">Enthalten<\/span><\/div>\n<div class=\"Description-item\"><span class=\"Description-label\">Deichsel: <\/span><span class=\"Description-value\">V-Form.<\/span><\/div>\n<div class=\"Description-item\"><span class=\"Description-label\">St\u00fctzrad: <\/span><span class=\"Description-value\">Enthalten<\/span><\/div>\n<div class=\"Description-item\"><span class=\"Description-label\">Kipprichtung: <\/span><span class=\"Description-value\">Hinten<\/span><\/div>\n<div class=\"Description-item\"><span class=\"Description-label\">Kipptyp: <\/span><span class=\"Description-value\">Einfach<\/span><\/div>\n<div class=\"Description-item\"><span class=\"Description-label\">Aufbewahrung der Rampen: <\/span><span class=\"Description-value\">Nein<\/span><\/div>\n<div class=\"Description-item\"><span class=\"Description-label\">LED-Leuchten: <\/span><span class=\"Description-value\">Nein<\/span><\/div>\n<div class=\"Description-item\"><span class=\"Description-label\">Position der R\u00e4der: <\/span><span class=\"Description-value\">Au\u00dfen<\/span><\/div>\n<div class=\"Description-item\"><span class=\"Description-label\">Anzahl der Rampen: <\/span><span class=\"Description-value\">1<\/span><\/div>\n<div class=\"Description-item\"><span class=\"Description-label\">Anzahl der Stra\u00dfenmotorr\u00e4der: <\/span><span class=\"Description-value\">1<\/span><\/div>\n<div class=\"Description-item\"><span class=\"Description-label\">Anzahl der Gel\u00e4ndemotorr\u00e4der: <\/span><span class=\"Description-value\">1<\/span><\/div>\n<\/div>\n","protected":false},"excerpt":{"rendered":"<p>KXL-Motorradtr\u00e4ger verf\u00fcgen \u00fcber eine niedrige Ladeh\u00f6he, um das Be- und Entladen von Motorr\u00e4dern aller Art zu erm\u00f6glichen. Der KXL 275 ist ein Einschienenmodell mit einem Gesamtgewicht von 750 kg. Der Motorradtr\u00e4ger KXL 275 ist zus\u00e4tzlich zu den \u00fcblichen Merkmalen des KXL 165 mit einer Achse mit Bremse ausgestattet.<\/p>\n","protected":false},"featured_media":10612,"comment_status":"open","ping_status":"closed","template":"","meta":[],"product_brand":[],"product_cat":[356,352],"product_tag":[],"class_list":{"0":"post-17338","1":"product","2":"type-product","3":"status-publish","4":"has-post-thumbnail","6":"product_cat-motorrad-und-quad-anhaenger","7":"product_cat-unsere-trailer","9":"first","10":"instock","11":"shipping-taxable","12":"purchasable","13":"product-type-simple"},"yoast_head":"<!-- This site is optimized with the Yoast SEO plugin v27.5 - https:\/\/yoast.com\/product\/yoast-seo-wordpress\/ -->\n<title>Kxl 275 Motorradtr\u00e4ger - Sagrinex \u2013 Anhaenger, Container &amp; Landtechnik \ud83c\udf3e\ud83d\ude9c<\/title>\n<meta name=\"robots\" content=\"index, follow, max-snippet:-1, max-image-preview:large, max-video-preview:-1\" \/>\n<link rel=\"canonical\" href=\"https:\/\/sagrinex.com\/produit\/kxl-275-motorradtraeger\/?lang=de\" \/>\n<meta property=\"og:locale\" content=\"de_DE\" \/>\n<meta property=\"og:type\" content=\"article\" \/>\n<meta property=\"og:title\" content=\"Kxl 275 Motorradtr\u00e4ger - Sagrinex \u2013 Anhaenger, Container &amp; Landtechnik \ud83c\udf3e\ud83d\ude9c\" \/>\n<meta property=\"og:description\" content=\"KXL-Motorradtr\u00e4ger verf\u00fcgen \u00fcber eine niedrige Ladeh\u00f6he, um das Be- und Entladen von Motorr\u00e4dern aller Art zu erm\u00f6glichen. Der KXL 275 ist ein Einschienenmodell mit einem Gesamtgewicht von 750 kg. Der Motorradtr\u00e4ger KXL 275 ist zus\u00e4tzlich zu den \u00fcblichen Merkmalen des KXL 165 mit einer Achse mit Bremse ausgestattet.\" \/>\n<meta property=\"og:url\" content=\"https:\/\/sagrinex.com\/produit\/kxl-275-motorradtraeger\/?lang=de\" \/>\n<meta property=\"og:site_name\" content=\"Sagrinex \u2013 Anhaenger, Container &amp; Landtechnik \ud83c\udf3e\ud83d\ude9c\" \/>\n<meta property=\"article:modified_time\" content=\"2026-04-15T21:12:31+00:00\" \/>\n<meta property=\"og:image\" content=\"https:\/\/sagrinex.com\/wp-content\/uploads\/2026\/03\/Image-582.jpeg\" \/>\n\t<meta property=\"og:image:width\" content=\"452\" \/>\n\t<meta property=\"og:image:height\" content=\"488\" \/>\n\t<meta property=\"og:image:type\" content=\"image\/jpeg\" \/>\n<meta name=\"twitter:card\" content=\"summary_large_image\" \/>\n<script type=\"application\/ld+json\" class=\"yoast-schema-graph\">{\"@context\":\"https:\\\/\\\/schema.org\",\"@graph\":[{\"@type\":\"WebPage\",\"@id\":\"https:\\\/\\\/sagrinex.com\\\/produit\\\/kxl-275-motorradtraeger\\\/?lang=de\",\"url\":\"https:\\\/\\\/sagrinex.com\\\/produit\\\/kxl-275-motorradtraeger\\\/?lang=de\",\"name\":\"Kxl 275 Motorradtr\u00e4ger - Sagrinex \u2013 Anhaenger, Container &amp; Landtechnik \ud83c\udf3e\ud83d\ude9c\",\"isPartOf\":{\"@id\":\"https:\\\/\\\/sagrinex.com\\\/#website\"},\"primaryImageOfPage\":{\"@id\":\"https:\\\/\\\/sagrinex.com\\\/produit\\\/kxl-275-motorradtraeger\\\/?lang=de#primaryimage\"},\"image\":{\"@id\":\"https:\\\/\\\/sagrinex.com\\\/produit\\\/kxl-275-motorradtraeger\\\/?lang=de#primaryimage\"},\"thumbnailUrl\":\"https:\\\/\\\/sagrinex.com\\\/wp-content\\\/uploads\\\/2026\\\/03\\\/Image-582.jpeg\",\"datePublished\":\"2026-04-15T17:03:02+00:00\",\"dateModified\":\"2026-04-15T21:12:31+00:00\",\"breadcrumb\":{\"@id\":\"https:\\\/\\\/sagrinex.com\\\/produit\\\/kxl-275-motorradtraeger\\\/?lang=de#breadcrumb\"},\"inLanguage\":\"de\",\"potentialAction\":[{\"@type\":\"ReadAction\",\"target\":[\"https:\\\/\\\/sagrinex.com\\\/produit\\\/kxl-275-motorradtraeger\\\/?lang=de\"]}]},{\"@type\":\"ImageObject\",\"inLanguage\":\"de\",\"@id\":\"https:\\\/\\\/sagrinex.com\\\/produit\\\/kxl-275-motorradtraeger\\\/?lang=de#primaryimage\",\"url\":\"https:\\\/\\\/sagrinex.com\\\/wp-content\\\/uploads\\\/2026\\\/03\\\/Image-582.jpeg\",\"contentUrl\":\"https:\\\/\\\/sagrinex.com\\\/wp-content\\\/uploads\\\/2026\\\/03\\\/Image-582.jpeg\",\"width\":452,\"height\":488},{\"@type\":\"BreadcrumbList\",\"@id\":\"https:\\\/\\\/sagrinex.com\\\/produit\\\/kxl-275-motorradtraeger\\\/?lang=de#breadcrumb\",\"itemListElement\":[{\"@type\":\"ListItem\",\"position\":1,\"name\":\"Accueil\",\"item\":\"https:\\\/\\\/sagrinex.com\\\/?lang=de\"},{\"@type\":\"ListItem\",\"position\":2,\"name\":\"Shop\",\"item\":\"https:\\\/\\\/sagrinex.com\\\/shop\\\/\"},{\"@type\":\"ListItem\",\"position\":3,\"name\":\"Kxl 275 Motorradtr\u00e4ger\"}]},{\"@type\":\"WebSite\",\"@id\":\"https:\\\/\\\/sagrinex.com\\\/#website\",\"url\":\"https:\\\/\\\/sagrinex.com\\\/\",\"name\":\"Sagrinex \u2013 Spezialist f\u00fcr Anh\u00e4nger, Container & Landtechnik\",\"description\":\"Anhaenger, Container &amp; Landtechnik \u2014 Online-Verkauf &amp; kostenloses Angebot\",\"publisher\":{\"@id\":\"https:\\\/\\\/sagrinex.com\\\/#organization\"},\"potentialAction\":[{\"@type\":\"SearchAction\",\"target\":{\"@type\":\"EntryPoint\",\"urlTemplate\":\"https:\\\/\\\/sagrinex.com\\\/?s={search_term_string}\"},\"query-input\":{\"@type\":\"PropertyValueSpecification\",\"valueRequired\":true,\"valueName\":\"search_term_string\"}}],\"inLanguage\":\"de\"},{\"@type\":\"Organization\",\"@id\":\"https:\\\/\\\/sagrinex.com\\\/#organization\",\"name\":\"Sagrinex \u2013 Remorques, Conteneurs & Mat\u00e9riel Agricole\",\"url\":\"https:\\\/\\\/sagrinex.com\\\/\",\"logo\":{\"@type\":\"ImageObject\",\"inLanguage\":\"de\",\"@id\":\"https:\\\/\\\/sagrinex.com\\\/#\\\/schema\\\/logo\\\/image\\\/\",\"url\":\"https:\\\/\\\/sagrinex.com\\\/wp-content\\\/uploads\\\/2026\\\/03\\\/7f1ac463-ef5a-425d-bdd6-a5da03a334a9-1024x683.png\",\"contentUrl\":\"https:\\\/\\\/sagrinex.com\\\/wp-content\\\/uploads\\\/2026\\\/03\\\/7f1ac463-ef5a-425d-bdd6-a5da03a334a9-1024x683.png\",\"width\":1024,\"height\":683,\"caption\":\"Sagrinex \u2013 Remorques, Conteneurs & Mat\u00e9riel Agricole\"},\"image\":{\"@id\":\"https:\\\/\\\/sagrinex.com\\\/#\\\/schema\\\/logo\\\/image\\\/\"}}]}<\/script>\n<!-- \/ Yoast SEO plugin. -->","yoast_head_json":{"title":"Kxl 275 Motorradtr\u00e4ger - Sagrinex \u2013 Anhaenger, Container &amp; Landtechnik \ud83c\udf3e\ud83d\ude9c","robots":{"index":"index","follow":"follow","max-snippet":"max-snippet:-1","max-image-preview":"max-image-preview:large","max-video-preview":"max-video-preview:-1"},"canonical":"https:\/\/sagrinex.com\/produit\/kxl-275-motorradtraeger\/?lang=de","og_locale":"de_DE","og_type":"article","og_title":"Kxl 275 Motorradtr\u00e4ger - Sagrinex \u2013 Anhaenger, Container &amp; Landtechnik \ud83c\udf3e\ud83d\ude9c","og_description":"KXL-Motorradtr\u00e4ger verf\u00fcgen \u00fcber eine niedrige Ladeh\u00f6he, um das Be- und Entladen von Motorr\u00e4dern aller Art zu erm\u00f6glichen. Der KXL 275 ist ein Einschienenmodell mit einem Gesamtgewicht von 750 kg. Der Motorradtr\u00e4ger KXL 275 ist zus\u00e4tzlich zu den \u00fcblichen Merkmalen des KXL 165 mit einer Achse mit Bremse ausgestattet.","og_url":"https:\/\/sagrinex.com\/produit\/kxl-275-motorradtraeger\/?lang=de","og_site_name":"Sagrinex \u2013 Anhaenger, Container &amp; Landtechnik \ud83c\udf3e\ud83d\ude9c","article_modified_time":"2026-04-15T21:12:31+00:00","og_image":[{"width":452,"height":488,"url":"https:\/\/sagrinex.com\/wp-content\/uploads\/2026\/03\/Image-582.jpeg","type":"image\/jpeg"}],"twitter_card":"summary_large_image","schema":{"@context":"https:\/\/schema.org","@graph":[{"@type":"WebPage","@id":"https:\/\/sagrinex.com\/produit\/kxl-275-motorradtraeger\/?lang=de","url":"https:\/\/sagrinex.com\/produit\/kxl-275-motorradtraeger\/?lang=de","name":"Kxl 275 Motorradtr\u00e4ger - Sagrinex \u2013 Anhaenger, Container &amp; Landtechnik \ud83c\udf3e\ud83d\ude9c","isPartOf":{"@id":"https:\/\/sagrinex.com\/#website"},"primaryImageOfPage":{"@id":"https:\/\/sagrinex.com\/produit\/kxl-275-motorradtraeger\/?lang=de#primaryimage"},"image":{"@id":"https:\/\/sagrinex.com\/produit\/kxl-275-motorradtraeger\/?lang=de#primaryimage"},"thumbnailUrl":"https:\/\/sagrinex.com\/wp-content\/uploads\/2026\/03\/Image-582.jpeg","datePublished":"2026-04-15T17:03:02+00:00","dateModified":"2026-04-15T21:12:31+00:00","breadcrumb":{"@id":"https:\/\/sagrinex.com\/produit\/kxl-275-motorradtraeger\/?lang=de#breadcrumb"},"inLanguage":"de","potentialAction":[{"@type":"ReadAction","target":["https:\/\/sagrinex.com\/produit\/kxl-275-motorradtraeger\/?lang=de"]}]},{"@type":"ImageObject","inLanguage":"de","@id":"https:\/\/sagrinex.com\/produit\/kxl-275-motorradtraeger\/?lang=de#primaryimage","url":"https:\/\/sagrinex.com\/wp-content\/uploads\/2026\/03\/Image-582.jpeg","contentUrl":"https:\/\/sagrinex.com\/wp-content\/uploads\/2026\/03\/Image-582.jpeg","width":452,"height":488},{"@type":"BreadcrumbList","@id":"https:\/\/sagrinex.com\/produit\/kxl-275-motorradtraeger\/?lang=de#breadcrumb","itemListElement":[{"@type":"ListItem","position":1,"name":"Accueil","item":"https:\/\/sagrinex.com\/?lang=de"},{"@type":"ListItem","position":2,"name":"Shop","item":"https:\/\/sagrinex.com\/shop\/"},{"@type":"ListItem","position":3,"name":"Kxl 275 Motorradtr\u00e4ger"}]},{"@type":"WebSite","@id":"https:\/\/sagrinex.com\/#website","url":"https:\/\/sagrinex.com\/","name":"Sagrinex \u2013 Spezialist f\u00fcr Anh\u00e4nger, Container & Landtechnik","description":"Anhaenger, Container &amp; Landtechnik \u2014 Online-Verkauf &amp; kostenloses Angebot","publisher":{"@id":"https:\/\/sagrinex.com\/#organization"},"potentialAction":[{"@type":"SearchAction","target":{"@type":"EntryPoint","urlTemplate":"https:\/\/sagrinex.com\/?s={search_term_string}"},"query-input":{"@type":"PropertyValueSpecification","valueRequired":true,"valueName":"search_term_string"}}],"inLanguage":"de"},{"@type":"Organization","@id":"https:\/\/sagrinex.com\/#organization","name":"Sagrinex \u2013 Remorques, Conteneurs & Mat\u00e9riel Agricole","url":"https:\/\/sagrinex.com\/","logo":{"@type":"ImageObject","inLanguage":"de","@id":"https:\/\/sagrinex.com\/#\/schema\/logo\/image\/","url":"https:\/\/sagrinex.com\/wp-content\/uploads\/2026\/03\/7f1ac463-ef5a-425d-bdd6-a5da03a334a9-1024x683.png","contentUrl":"https:\/\/sagrinex.com\/wp-content\/uploads\/2026\/03\/7f1ac463-ef5a-425d-bdd6-a5da03a334a9-1024x683.png","width":1024,"height":683,"caption":"Sagrinex \u2013 Remorques, Conteneurs & Mat\u00e9riel Agricole"},"image":{"@id":"https:\/\/sagrinex.com\/#\/schema\/logo\/image\/"}}]}},"jetpack_sharing_enabled":true,"_links":{"self":[{"href":"https:\/\/sagrinex.com\/de\/wp-json\/wp\/v2\/product\/17338","targetHints":{"allow":["GET"]}}],"collection":[{"href":"https:\/\/sagrinex.com\/de\/wp-json\/wp\/v2\/product"}],"about":[{"href":"https:\/\/sagrinex.com\/de\/wp-json\/wp\/v2\/types\/product"}],"replies":[{"embeddable":true,"href":"https:\/\/sagrinex.com\/de\/wp-json\/wp\/v2\/comments?post=17338"}],"version-history":[{"count":0,"href":"https:\/\/sagrinex.com\/de\/wp-json\/wp\/v2\/product\/17338\/revisions"}],"wp:featuredmedia":[{"embeddable":true,"href":"https:\/\/sagrinex.com\/de\/wp-json\/wp\/v2\/media\/10612"}],"wp:attachment":[{"href":"https:\/\/sagrinex.com\/de\/wp-json\/wp\/v2\/media?parent=17338"}],"wp:term":[{"taxonomy":"product_brand","embeddable":true,"href":"https:\/\/sagrinex.com\/de\/wp-json\/wp\/v2\/product_brand?post=17338"},{"taxonomy":"product_cat","embeddable":true,"href":"https:\/\/sagrinex.com\/de\/wp-json\/wp\/v2\/product_cat?post=17338"},{"taxonomy":"product_tag","embeddable":true,"href":"https:\/\/sagrinex.com\/de\/wp-json\/wp\/v2\/product_tag?post=17338"}],"curies":[{"name":"wp","href":"https:\/\/api.w.org\/{rel}","templated":true}]}}