{"id":17339,"date":"2026-04-15T17:03:23","date_gmt":"2026-04-15T17:03:23","guid":{"rendered":"https:\/\/sagrinex.com\/produit\/erde-neigbarer-motorradtraeger\/"},"modified":"2026-04-15T21:12:31","modified_gmt":"2026-04-15T21:12:31","slug":"erde-neigbarer-motorradtraeger","status":"publish","type":"product","link":"https:\/\/sagrinex.com\/de\/produit\/erde-neigbarer-motorradtraeger\/","title":{"rendered":"Erde Neigbarer Motorradtr\u00e4ger"},"content":{"rendered":"<p><strong>SPEZIFIKATIONEN:<\/strong><\/p>\n<ul>\n<li><strong>Maximal zul\u00e4ssiges Gewicht (kg):<\/strong>\u00a0500<\/li>\n<li><strong>Nutzlast (kg):<\/strong>\u00a0342<\/li>\n<li><strong>Leergewicht (kg):<\/strong>\u00a0158<\/li>\n<li><strong>Fahrgestell-\/Bodenh\u00f6he (cm):<\/strong>\u00a038<\/li>\n<li><strong>Nutzma\u00dfe (cm):<\/strong>\u00a0225 x 116<\/li>\n<li><strong>1 Achse 750 KG<\/strong><\/li>\n<li><strong>R\u00e4der:<\/strong>\u00a0145R13<\/li>\n<li><strong>Niedriges Fahrgestell f\u00fcr einfaches Beladen<\/strong><\/li>\n<li><strong>1 Schiene + rutschfeste Kippstufe (12\u00b0)<\/strong><\/li>\n<li><strong>Automatische Neigungsverriegelung und sicherer St\u00e4nder<\/strong><\/li>\n<li><strong>4 Befestigungsringe<\/strong><\/li>\n<li><strong>Standardm\u00e4\u00dfig St\u00fctzrad mit 48 mm Durchmesser<\/strong><\/li>\n<\/ul>\n","protected":false},"excerpt":{"rendered":"<ul>\n<li>Integrierte Trittstufe f\u00fcr mehr Sicherheit<\/li>\n<li>Verschiebbare Laderampe f\u00fcr m\u00e4\u00dfiges Gef\u00e4lle<\/li>\n<li>Ideal f\u00fcr alle gro\u00dfen Motorr\u00e4der<\/li>\n<li>Beladen des Motors beim Sitzen auf dem Motorrad<\/li>\n<\/ul>\n","protected":false},"featured_media":10607,"comment_status":"open","ping_status":"closed","template":"","meta":[],"product_brand":[],"product_cat":[356,352],"product_tag":[],"class_list":{"0":"post-17339","1":"product","2":"type-product","3":"status-publish","4":"has-post-thumbnail","6":"product_cat-motorrad-und-quad-anhaenger","7":"product_cat-unsere-trailer","9":"first","10":"instock","11":"shipping-taxable","12":"purchasable","13":"product-type-simple"},"yoast_head":"<!-- This site is optimized with the Yoast SEO plugin v27.5 - https:\/\/yoast.com\/product\/yoast-seo-wordpress\/ -->\n<title>Erde Neigbarer Motorradtr\u00e4ger - Sagrinex \u2013 Anhaenger, Container &amp; Landtechnik \ud83c\udf3e\ud83d\ude9c<\/title>\n<meta name=\"robots\" content=\"index, follow, max-snippet:-1, max-image-preview:large, max-video-preview:-1\" \/>\n<link rel=\"canonical\" href=\"https:\/\/sagrinex.com\/produit\/erde-neigbarer-motorradtraeger\/?lang=de\" \/>\n<meta property=\"og:locale\" content=\"de_DE\" \/>\n<meta property=\"og:type\" content=\"article\" \/>\n<meta property=\"og:title\" content=\"Erde Neigbarer Motorradtr\u00e4ger - Sagrinex \u2013 Anhaenger, Container &amp; Landtechnik \ud83c\udf3e\ud83d\ude9c\" \/>\n<meta property=\"og:description\" content=\"Integrierte Trittstufe f\u00fcr mehr Sicherheit Verschiebbare Laderampe f\u00fcr m\u00e4\u00dfiges Gef\u00e4lle Ideal f\u00fcr alle gro\u00dfen Motorr\u00e4der Beladen des Motors beim Sitzen auf dem Motorrad\" \/>\n<meta property=\"og:url\" content=\"https:\/\/sagrinex.com\/produit\/erde-neigbarer-motorradtraeger\/?lang=de\" \/>\n<meta property=\"og:site_name\" content=\"Sagrinex \u2013 Anhaenger, Container &amp; Landtechnik \ud83c\udf3e\ud83d\ude9c\" \/>\n<meta property=\"article:modified_time\" content=\"2026-04-15T21:12:31+00:00\" \/>\n<meta property=\"og:image\" content=\"https:\/\/sagrinex.com\/wp-content\/uploads\/2026\/03\/Image-579.jpeg\" \/>\n\t<meta property=\"og:image:width\" content=\"1600\" \/>\n\t<meta property=\"og:image:height\" content=\"900\" \/>\n\t<meta property=\"og:image:type\" content=\"image\/jpeg\" \/>\n<meta name=\"twitter:card\" content=\"summary_large_image\" \/>\n<script type=\"application\/ld+json\" class=\"yoast-schema-graph\">{\"@context\":\"https:\\\/\\\/schema.org\",\"@graph\":[{\"@type\":\"WebPage\",\"@id\":\"https:\\\/\\\/sagrinex.com\\\/produit\\\/erde-neigbarer-motorradtraeger\\\/?lang=de\",\"url\":\"https:\\\/\\\/sagrinex.com\\\/produit\\\/erde-neigbarer-motorradtraeger\\\/?lang=de\",\"name\":\"Erde Neigbarer Motorradtr\u00e4ger - Sagrinex \u2013 Anhaenger, Container &amp; Landtechnik \ud83c\udf3e\ud83d\ude9c\",\"isPartOf\":{\"@id\":\"https:\\\/\\\/sagrinex.com\\\/#website\"},\"primaryImageOfPage\":{\"@id\":\"https:\\\/\\\/sagrinex.com\\\/produit\\\/erde-neigbarer-motorradtraeger\\\/?lang=de#primaryimage\"},\"image\":{\"@id\":\"https:\\\/\\\/sagrinex.com\\\/produit\\\/erde-neigbarer-motorradtraeger\\\/?lang=de#primaryimage\"},\"thumbnailUrl\":\"https:\\\/\\\/sagrinex.com\\\/wp-content\\\/uploads\\\/2026\\\/03\\\/Image-579.jpeg\",\"datePublished\":\"2026-04-15T17:03:23+00:00\",\"dateModified\":\"2026-04-15T21:12:31+00:00\",\"breadcrumb\":{\"@id\":\"https:\\\/\\\/sagrinex.com\\\/produit\\\/erde-neigbarer-motorradtraeger\\\/?lang=de#breadcrumb\"},\"inLanguage\":\"de\",\"potentialAction\":[{\"@type\":\"ReadAction\",\"target\":[\"https:\\\/\\\/sagrinex.com\\\/produit\\\/erde-neigbarer-motorradtraeger\\\/?lang=de\"]}]},{\"@type\":\"ImageObject\",\"inLanguage\":\"de\",\"@id\":\"https:\\\/\\\/sagrinex.com\\\/produit\\\/erde-neigbarer-motorradtraeger\\\/?lang=de#primaryimage\",\"url\":\"https:\\\/\\\/sagrinex.com\\\/wp-content\\\/uploads\\\/2026\\\/03\\\/Image-579.jpeg\",\"contentUrl\":\"https:\\\/\\\/sagrinex.com\\\/wp-content\\\/uploads\\\/2026\\\/03\\\/Image-579.jpeg\",\"width\":1600,\"height\":900},{\"@type\":\"BreadcrumbList\",\"@id\":\"https:\\\/\\\/sagrinex.com\\\/produit\\\/erde-neigbarer-motorradtraeger\\\/?lang=de#breadcrumb\",\"itemListElement\":[{\"@type\":\"ListItem\",\"position\":1,\"name\":\"Accueil\",\"item\":\"https:\\\/\\\/sagrinex.com\\\/?lang=de\"},{\"@type\":\"ListItem\",\"position\":2,\"name\":\"Shop\",\"item\":\"https:\\\/\\\/sagrinex.com\\\/shop\\\/\"},{\"@type\":\"ListItem\",\"position\":3,\"name\":\"Erde Neigbarer Motorradtr\u00e4ger\"}]},{\"@type\":\"WebSite\",\"@id\":\"https:\\\/\\\/sagrinex.com\\\/#website\",\"url\":\"https:\\\/\\\/sagrinex.com\\\/\",\"name\":\"Sagrinex \u2013 Spezialist f\u00fcr Anh\u00e4nger, Container & Landtechnik\",\"description\":\"Anhaenger, Container &amp; Landtechnik \u2014 Online-Verkauf &amp; kostenloses Angebot\",\"publisher\":{\"@id\":\"https:\\\/\\\/sagrinex.com\\\/#organization\"},\"potentialAction\":[{\"@type\":\"SearchAction\",\"target\":{\"@type\":\"EntryPoint\",\"urlTemplate\":\"https:\\\/\\\/sagrinex.com\\\/?s={search_term_string}\"},\"query-input\":{\"@type\":\"PropertyValueSpecification\",\"valueRequired\":true,\"valueName\":\"search_term_string\"}}],\"inLanguage\":\"de\"},{\"@type\":\"Organization\",\"@id\":\"https:\\\/\\\/sagrinex.com\\\/#organization\",\"name\":\"Sagrinex \u2013 Remorques, Conteneurs & Mat\u00e9riel Agricole\",\"url\":\"https:\\\/\\\/sagrinex.com\\\/\",\"logo\":{\"@type\":\"ImageObject\",\"inLanguage\":\"de\",\"@id\":\"https:\\\/\\\/sagrinex.com\\\/#\\\/schema\\\/logo\\\/image\\\/\",\"url\":\"https:\\\/\\\/sagrinex.com\\\/wp-content\\\/uploads\\\/2026\\\/03\\\/7f1ac463-ef5a-425d-bdd6-a5da03a334a9-1024x683.png\",\"contentUrl\":\"https:\\\/\\\/sagrinex.com\\\/wp-content\\\/uploads\\\/2026\\\/03\\\/7f1ac463-ef5a-425d-bdd6-a5da03a334a9-1024x683.png\",\"width\":1024,\"height\":683,\"caption\":\"Sagrinex \u2013 Remorques, Conteneurs & Mat\u00e9riel Agricole\"},\"image\":{\"@id\":\"https:\\\/\\\/sagrinex.com\\\/#\\\/schema\\\/logo\\\/image\\\/\"}}]}<\/script>\n<!-- \/ Yoast SEO plugin. -->","yoast_head_json":{"title":"Erde Neigbarer Motorradtr\u00e4ger - Sagrinex \u2013 Anhaenger, Container &amp; Landtechnik \ud83c\udf3e\ud83d\ude9c","robots":{"index":"index","follow":"follow","max-snippet":"max-snippet:-1","max-image-preview":"max-image-preview:large","max-video-preview":"max-video-preview:-1"},"canonical":"https:\/\/sagrinex.com\/produit\/erde-neigbarer-motorradtraeger\/?lang=de","og_locale":"de_DE","og_type":"article","og_title":"Erde Neigbarer Motorradtr\u00e4ger - Sagrinex \u2013 Anhaenger, Container &amp; Landtechnik \ud83c\udf3e\ud83d\ude9c","og_description":"Integrierte Trittstufe f\u00fcr mehr Sicherheit Verschiebbare Laderampe f\u00fcr m\u00e4\u00dfiges Gef\u00e4lle Ideal f\u00fcr alle gro\u00dfen Motorr\u00e4der Beladen des Motors beim Sitzen auf dem Motorrad","og_url":"https:\/\/sagrinex.com\/produit\/erde-neigbarer-motorradtraeger\/?lang=de","og_site_name":"Sagrinex \u2013 Anhaenger, Container &amp; Landtechnik \ud83c\udf3e\ud83d\ude9c","article_modified_time":"2026-04-15T21:12:31+00:00","og_image":[{"width":1600,"height":900,"url":"https:\/\/sagrinex.com\/wp-content\/uploads\/2026\/03\/Image-579.jpeg","type":"image\/jpeg"}],"twitter_card":"summary_large_image","schema":{"@context":"https:\/\/schema.org","@graph":[{"@type":"WebPage","@id":"https:\/\/sagrinex.com\/produit\/erde-neigbarer-motorradtraeger\/?lang=de","url":"https:\/\/sagrinex.com\/produit\/erde-neigbarer-motorradtraeger\/?lang=de","name":"Erde Neigbarer Motorradtr\u00e4ger - Sagrinex \u2013 Anhaenger, Container &amp; Landtechnik \ud83c\udf3e\ud83d\ude9c","isPartOf":{"@id":"https:\/\/sagrinex.com\/#website"},"primaryImageOfPage":{"@id":"https:\/\/sagrinex.com\/produit\/erde-neigbarer-motorradtraeger\/?lang=de#primaryimage"},"image":{"@id":"https:\/\/sagrinex.com\/produit\/erde-neigbarer-motorradtraeger\/?lang=de#primaryimage"},"thumbnailUrl":"https:\/\/sagrinex.com\/wp-content\/uploads\/2026\/03\/Image-579.jpeg","datePublished":"2026-04-15T17:03:23+00:00","dateModified":"2026-04-15T21:12:31+00:00","breadcrumb":{"@id":"https:\/\/sagrinex.com\/produit\/erde-neigbarer-motorradtraeger\/?lang=de#breadcrumb"},"inLanguage":"de","potentialAction":[{"@type":"ReadAction","target":["https:\/\/sagrinex.com\/produit\/erde-neigbarer-motorradtraeger\/?lang=de"]}]},{"@type":"ImageObject","inLanguage":"de","@id":"https:\/\/sagrinex.com\/produit\/erde-neigbarer-motorradtraeger\/?lang=de#primaryimage","url":"https:\/\/sagrinex.com\/wp-content\/uploads\/2026\/03\/Image-579.jpeg","contentUrl":"https:\/\/sagrinex.com\/wp-content\/uploads\/2026\/03\/Image-579.jpeg","width":1600,"height":900},{"@type":"BreadcrumbList","@id":"https:\/\/sagrinex.com\/produit\/erde-neigbarer-motorradtraeger\/?lang=de#breadcrumb","itemListElement":[{"@type":"ListItem","position":1,"name":"Accueil","item":"https:\/\/sagrinex.com\/?lang=de"},{"@type":"ListItem","position":2,"name":"Shop","item":"https:\/\/sagrinex.com\/shop\/"},{"@type":"ListItem","position":3,"name":"Erde Neigbarer Motorradtr\u00e4ger"}]},{"@type":"WebSite","@id":"https:\/\/sagrinex.com\/#website","url":"https:\/\/sagrinex.com\/","name":"Sagrinex \u2013 Spezialist f\u00fcr Anh\u00e4nger, Container & Landtechnik","description":"Anhaenger, Container &amp; Landtechnik \u2014 Online-Verkauf &amp; kostenloses Angebot","publisher":{"@id":"https:\/\/sagrinex.com\/#organization"},"potentialAction":[{"@type":"SearchAction","target":{"@type":"EntryPoint","urlTemplate":"https:\/\/sagrinex.com\/?s={search_term_string}"},"query-input":{"@type":"PropertyValueSpecification","valueRequired":true,"valueName":"search_term_string"}}],"inLanguage":"de"},{"@type":"Organization","@id":"https:\/\/sagrinex.com\/#organization","name":"Sagrinex \u2013 Remorques, Conteneurs & Mat\u00e9riel Agricole","url":"https:\/\/sagrinex.com\/","logo":{"@type":"ImageObject","inLanguage":"de","@id":"https:\/\/sagrinex.com\/#\/schema\/logo\/image\/","url":"https:\/\/sagrinex.com\/wp-content\/uploads\/2026\/03\/7f1ac463-ef5a-425d-bdd6-a5da03a334a9-1024x683.png","contentUrl":"https:\/\/sagrinex.com\/wp-content\/uploads\/2026\/03\/7f1ac463-ef5a-425d-bdd6-a5da03a334a9-1024x683.png","width":1024,"height":683,"caption":"Sagrinex \u2013 Remorques, Conteneurs & Mat\u00e9riel Agricole"},"image":{"@id":"https:\/\/sagrinex.com\/#\/schema\/logo\/image\/"}}]}},"jetpack_sharing_enabled":true,"_links":{"self":[{"href":"https:\/\/sagrinex.com\/de\/wp-json\/wp\/v2\/product\/17339","targetHints":{"allow":["GET"]}}],"collection":[{"href":"https:\/\/sagrinex.com\/de\/wp-json\/wp\/v2\/product"}],"about":[{"href":"https:\/\/sagrinex.com\/de\/wp-json\/wp\/v2\/types\/product"}],"replies":[{"embeddable":true,"href":"https:\/\/sagrinex.com\/de\/wp-json\/wp\/v2\/comments?post=17339"}],"version-history":[{"count":0,"href":"https:\/\/sagrinex.com\/de\/wp-json\/wp\/v2\/product\/17339\/revisions"}],"wp:featuredmedia":[{"embeddable":true,"href":"https:\/\/sagrinex.com\/de\/wp-json\/wp\/v2\/media\/10607"}],"wp:attachment":[{"href":"https:\/\/sagrinex.com\/de\/wp-json\/wp\/v2\/media?parent=17339"}],"wp:term":[{"taxonomy":"product_brand","embeddable":true,"href":"https:\/\/sagrinex.com\/de\/wp-json\/wp\/v2\/product_brand?post=17339"},{"taxonomy":"product_cat","embeddable":true,"href":"https:\/\/sagrinex.com\/de\/wp-json\/wp\/v2\/product_cat?post=17339"},{"taxonomy":"product_tag","embeddable":true,"href":"https:\/\/sagrinex.com\/de\/wp-json\/wp\/v2\/product_tag?post=17339"}],"curies":[{"name":"wp","href":"https:\/\/api.w.org\/{rel}","templated":true}]}}