{"id":17340,"date":"2026-04-15T17:03:43","date_gmt":"2026-04-15T17:03:43","guid":{"rendered":"https:\/\/sagrinex.com\/produit\/kxl175-kippbarer-motorradtraeger-mit-schwarzen-aluminiumfelgen\/"},"modified":"2026-04-15T21:12:31","modified_gmt":"2026-04-15T21:12:31","slug":"kxl175-kippbarer-motorradtraeger-mit-schwarzen-aluminiumfelgen","status":"publish","type":"product","link":"https:\/\/sagrinex.com\/de\/produit\/kxl175-kippbarer-motorradtraeger-mit-schwarzen-aluminiumfelgen\/","title":{"rendered":"KXL175 Kippbarer Motorradtr\u00e4ger mit Schwarzen Aluminiumfelgen"},"content":{"rendered":"<p><strong>Spezifikationen:<\/strong><\/p>\n<ul>\n<li><strong>Zul\u00e4ssiges zul\u00e4ssiges Gesamtgewicht (GVW):<\/strong>\u00a0650 kg<\/li>\n<li><strong>Leergewicht:<\/strong>\u00a0185 kg<\/li>\n<li><strong>Nutzlast:<\/strong>\u00a0465 kg<\/li>\n<li><strong>Mindesttara:<\/strong>\u00a0500 kg<\/li>\n<li><strong>Maximales Tara:<\/strong>\u00a0650 kg<\/li>\n<li><strong>Achsen:<\/strong>\u00a01<\/li>\n<li><strong>Achsst\u00e4rke:<\/strong>\u00a0750 kg<\/li>\n<li><strong>Bremsen:<\/strong>\u00a0Ohne Bremsen<\/li>\n<li><strong>Radgr\u00f6\u00dfe:<\/strong>\u00a013<\/li>\n<li><strong>Ersatzrad:<\/strong>\u00a0Enthalten<\/li>\n<li><strong>Klimmzugstange:<\/strong>\u00a0V-f\u00f6rmig<\/li>\n<li><strong>St\u00fctzrad:<\/strong>\u00a0Enthalten<\/li>\n<li><strong>Umschalten:<\/strong>\u00a0Zur\u00fcck<\/li>\n<li><strong>Failover-Typ:<\/strong>\u00a0Einfach<\/li>\n<li><strong>Rampenabdeckung:<\/strong>\u00a0Nein<\/li>\n<li><strong>LED-Leuchten:<\/strong>\u00a0Nein<\/li>\n<li><strong>Radposition:<\/strong>\u00a0Au\u00dfen<\/li>\n<li><strong>Anzahl Rampen:<\/strong>\u00a01<\/li>\n<li><strong>Anzahl Stra\u00dfenmotorr\u00e4der:<\/strong>\u00a01<\/li>\n<li><strong>Anzahl Crossr\u00e4der:<\/strong>\u00a01<\/li>\n<\/ul>\n","protected":false},"excerpt":{"rendered":"<p>KXL-Motorradtr\u00e4ger haben eine geringe Tragf\u00e4higkeit und erm\u00f6glichen das Be- und Entladen aller Arten von Motorr\u00e4dern. Der KXL 175 ist ein Einschienenmodell mit einem zul\u00e4ssigen Gesamtgewicht von 650 kg. Der Motorradtr\u00e4ger KXL 175 ist serienm\u00e4\u00dfig mit einer Vorderradarretierung ausgestattet, die ein Halten ohne Kr\u00fccke erm\u00f6glicht. Das Fahrgestell ist schwarz lackiert, die Kotfl\u00fcgel sind aus Metall und die R\u00e4der sind aus schwarzem Aluminium<\/p>\n","protected":false},"featured_media":10602,"comment_status":"open","ping_status":"closed","template":"","meta":[],"product_brand":[],"product_cat":[356,352],"product_tag":[],"class_list":{"0":"post-17340","1":"product","2":"type-product","3":"status-publish","4":"has-post-thumbnail","6":"product_cat-motorrad-und-quad-anhaenger","7":"product_cat-unsere-trailer","9":"first","10":"instock","11":"shipping-taxable","12":"purchasable","13":"product-type-simple"},"yoast_head":"<!-- This site is optimized with the Yoast SEO plugin v27.5 - https:\/\/yoast.com\/product\/yoast-seo-wordpress\/ -->\n<title>KXL175 Kippbarer Motorradtr\u00e4ger mit Schwarzen Aluminiumfelgen - Sagrinex \u2013 Anhaenger, Container &amp; Landtechnik \ud83c\udf3e\ud83d\ude9c<\/title>\n<meta name=\"robots\" content=\"index, follow, max-snippet:-1, max-image-preview:large, max-video-preview:-1\" \/>\n<link rel=\"canonical\" href=\"https:\/\/sagrinex.com\/produit\/kxl175-kippbarer-motorradtraeger-mit-schwarzen-aluminiumfelgen\/?lang=de\" \/>\n<meta property=\"og:locale\" content=\"de_DE\" \/>\n<meta property=\"og:type\" content=\"article\" \/>\n<meta property=\"og:title\" content=\"KXL175 Kippbarer Motorradtr\u00e4ger mit Schwarzen Aluminiumfelgen - Sagrinex \u2013 Anhaenger, Container &amp; Landtechnik \ud83c\udf3e\ud83d\ude9c\" \/>\n<meta property=\"og:description\" content=\"KXL-Motorradtr\u00e4ger haben eine geringe Tragf\u00e4higkeit und erm\u00f6glichen das Be- und Entladen aller Arten von Motorr\u00e4dern. Der KXL 175 ist ein Einschienenmodell mit einem zul\u00e4ssigen Gesamtgewicht von 650 kg. Der Motorradtr\u00e4ger KXL 175 ist serienm\u00e4\u00dfig mit einer Vorderradarretierung ausgestattet, die ein Halten ohne Kr\u00fccke erm\u00f6glicht. Das Fahrgestell ist schwarz lackiert, die Kotfl\u00fcgel sind aus Metall und die R\u00e4der sind aus schwarzem Aluminium\" \/>\n<meta property=\"og:url\" content=\"https:\/\/sagrinex.com\/produit\/kxl175-kippbarer-motorradtraeger-mit-schwarzen-aluminiumfelgen\/?lang=de\" \/>\n<meta property=\"og:site_name\" content=\"Sagrinex \u2013 Anhaenger, Container &amp; Landtechnik \ud83c\udf3e\ud83d\ude9c\" \/>\n<meta property=\"article:modified_time\" content=\"2026-04-15T21:12:31+00:00\" \/>\n<meta property=\"og:image\" content=\"https:\/\/sagrinex.com\/wp-content\/uploads\/2026\/03\/Image-577.jpeg\" \/>\n\t<meta property=\"og:image:width\" content=\"488\" \/>\n\t<meta property=\"og:image:height\" content=\"488\" \/>\n\t<meta property=\"og:image:type\" content=\"image\/jpeg\" \/>\n<meta name=\"twitter:card\" content=\"summary_large_image\" \/>\n<script type=\"application\/ld+json\" class=\"yoast-schema-graph\">{\"@context\":\"https:\\\/\\\/schema.org\",\"@graph\":[{\"@type\":\"WebPage\",\"@id\":\"https:\\\/\\\/sagrinex.com\\\/produit\\\/kxl175-kippbarer-motorradtraeger-mit-schwarzen-aluminiumfelgen\\\/?lang=de\",\"url\":\"https:\\\/\\\/sagrinex.com\\\/produit\\\/kxl175-kippbarer-motorradtraeger-mit-schwarzen-aluminiumfelgen\\\/?lang=de\",\"name\":\"KXL175 Kippbarer Motorradtr\u00e4ger mit Schwarzen Aluminiumfelgen - Sagrinex \u2013 Anhaenger, Container &amp; Landtechnik \ud83c\udf3e\ud83d\ude9c\",\"isPartOf\":{\"@id\":\"https:\\\/\\\/sagrinex.com\\\/#website\"},\"primaryImageOfPage\":{\"@id\":\"https:\\\/\\\/sagrinex.com\\\/produit\\\/kxl175-kippbarer-motorradtraeger-mit-schwarzen-aluminiumfelgen\\\/?lang=de#primaryimage\"},\"image\":{\"@id\":\"https:\\\/\\\/sagrinex.com\\\/produit\\\/kxl175-kippbarer-motorradtraeger-mit-schwarzen-aluminiumfelgen\\\/?lang=de#primaryimage\"},\"thumbnailUrl\":\"https:\\\/\\\/sagrinex.com\\\/wp-content\\\/uploads\\\/2026\\\/03\\\/Image-577.jpeg\",\"datePublished\":\"2026-04-15T17:03:43+00:00\",\"dateModified\":\"2026-04-15T21:12:31+00:00\",\"breadcrumb\":{\"@id\":\"https:\\\/\\\/sagrinex.com\\\/produit\\\/kxl175-kippbarer-motorradtraeger-mit-schwarzen-aluminiumfelgen\\\/?lang=de#breadcrumb\"},\"inLanguage\":\"de\",\"potentialAction\":[{\"@type\":\"ReadAction\",\"target\":[\"https:\\\/\\\/sagrinex.com\\\/produit\\\/kxl175-kippbarer-motorradtraeger-mit-schwarzen-aluminiumfelgen\\\/?lang=de\"]}]},{\"@type\":\"ImageObject\",\"inLanguage\":\"de\",\"@id\":\"https:\\\/\\\/sagrinex.com\\\/produit\\\/kxl175-kippbarer-motorradtraeger-mit-schwarzen-aluminiumfelgen\\\/?lang=de#primaryimage\",\"url\":\"https:\\\/\\\/sagrinex.com\\\/wp-content\\\/uploads\\\/2026\\\/03\\\/Image-577.jpeg\",\"contentUrl\":\"https:\\\/\\\/sagrinex.com\\\/wp-content\\\/uploads\\\/2026\\\/03\\\/Image-577.jpeg\",\"width\":488,\"height\":488},{\"@type\":\"BreadcrumbList\",\"@id\":\"https:\\\/\\\/sagrinex.com\\\/produit\\\/kxl175-kippbarer-motorradtraeger-mit-schwarzen-aluminiumfelgen\\\/?lang=de#breadcrumb\",\"itemListElement\":[{\"@type\":\"ListItem\",\"position\":1,\"name\":\"Accueil\",\"item\":\"https:\\\/\\\/sagrinex.com\\\/?lang=de\"},{\"@type\":\"ListItem\",\"position\":2,\"name\":\"Shop\",\"item\":\"https:\\\/\\\/sagrinex.com\\\/shop\\\/\"},{\"@type\":\"ListItem\",\"position\":3,\"name\":\"KXL175 Kippbarer Motorradtr\u00e4ger mit Schwarzen Aluminiumfelgen\"}]},{\"@type\":\"WebSite\",\"@id\":\"https:\\\/\\\/sagrinex.com\\\/#website\",\"url\":\"https:\\\/\\\/sagrinex.com\\\/\",\"name\":\"Sagrinex \u2013 Spezialist f\u00fcr Anh\u00e4nger, Container & Landtechnik\",\"description\":\"Anhaenger, Container &amp; Landtechnik \u2014 Online-Verkauf &amp; kostenloses Angebot\",\"publisher\":{\"@id\":\"https:\\\/\\\/sagrinex.com\\\/#organization\"},\"potentialAction\":[{\"@type\":\"SearchAction\",\"target\":{\"@type\":\"EntryPoint\",\"urlTemplate\":\"https:\\\/\\\/sagrinex.com\\\/?s={search_term_string}\"},\"query-input\":{\"@type\":\"PropertyValueSpecification\",\"valueRequired\":true,\"valueName\":\"search_term_string\"}}],\"inLanguage\":\"de\"},{\"@type\":\"Organization\",\"@id\":\"https:\\\/\\\/sagrinex.com\\\/#organization\",\"name\":\"Sagrinex \u2013 Remorques, Conteneurs & Mat\u00e9riel Agricole\",\"url\":\"https:\\\/\\\/sagrinex.com\\\/\",\"logo\":{\"@type\":\"ImageObject\",\"inLanguage\":\"de\",\"@id\":\"https:\\\/\\\/sagrinex.com\\\/#\\\/schema\\\/logo\\\/image\\\/\",\"url\":\"https:\\\/\\\/sagrinex.com\\\/wp-content\\\/uploads\\\/2026\\\/03\\\/7f1ac463-ef5a-425d-bdd6-a5da03a334a9-1024x683.png\",\"contentUrl\":\"https:\\\/\\\/sagrinex.com\\\/wp-content\\\/uploads\\\/2026\\\/03\\\/7f1ac463-ef5a-425d-bdd6-a5da03a334a9-1024x683.png\",\"width\":1024,\"height\":683,\"caption\":\"Sagrinex \u2013 Remorques, Conteneurs & Mat\u00e9riel Agricole\"},\"image\":{\"@id\":\"https:\\\/\\\/sagrinex.com\\\/#\\\/schema\\\/logo\\\/image\\\/\"}}]}<\/script>\n<!-- \/ Yoast SEO plugin. -->","yoast_head_json":{"title":"KXL175 Kippbarer Motorradtr\u00e4ger mit Schwarzen Aluminiumfelgen - Sagrinex \u2013 Anhaenger, Container &amp; Landtechnik \ud83c\udf3e\ud83d\ude9c","robots":{"index":"index","follow":"follow","max-snippet":"max-snippet:-1","max-image-preview":"max-image-preview:large","max-video-preview":"max-video-preview:-1"},"canonical":"https:\/\/sagrinex.com\/produit\/kxl175-kippbarer-motorradtraeger-mit-schwarzen-aluminiumfelgen\/?lang=de","og_locale":"de_DE","og_type":"article","og_title":"KXL175 Kippbarer Motorradtr\u00e4ger mit Schwarzen Aluminiumfelgen - Sagrinex \u2013 Anhaenger, Container &amp; Landtechnik \ud83c\udf3e\ud83d\ude9c","og_description":"KXL-Motorradtr\u00e4ger haben eine geringe Tragf\u00e4higkeit und erm\u00f6glichen das Be- und Entladen aller Arten von Motorr\u00e4dern. Der KXL 175 ist ein Einschienenmodell mit einem zul\u00e4ssigen Gesamtgewicht von 650 kg. Der Motorradtr\u00e4ger KXL 175 ist serienm\u00e4\u00dfig mit einer Vorderradarretierung ausgestattet, die ein Halten ohne Kr\u00fccke erm\u00f6glicht. Das Fahrgestell ist schwarz lackiert, die Kotfl\u00fcgel sind aus Metall und die R\u00e4der sind aus schwarzem Aluminium","og_url":"https:\/\/sagrinex.com\/produit\/kxl175-kippbarer-motorradtraeger-mit-schwarzen-aluminiumfelgen\/?lang=de","og_site_name":"Sagrinex \u2013 Anhaenger, Container &amp; Landtechnik \ud83c\udf3e\ud83d\ude9c","article_modified_time":"2026-04-15T21:12:31+00:00","og_image":[{"width":488,"height":488,"url":"https:\/\/sagrinex.com\/wp-content\/uploads\/2026\/03\/Image-577.jpeg","type":"image\/jpeg"}],"twitter_card":"summary_large_image","schema":{"@context":"https:\/\/schema.org","@graph":[{"@type":"WebPage","@id":"https:\/\/sagrinex.com\/produit\/kxl175-kippbarer-motorradtraeger-mit-schwarzen-aluminiumfelgen\/?lang=de","url":"https:\/\/sagrinex.com\/produit\/kxl175-kippbarer-motorradtraeger-mit-schwarzen-aluminiumfelgen\/?lang=de","name":"KXL175 Kippbarer Motorradtr\u00e4ger mit Schwarzen Aluminiumfelgen - Sagrinex \u2013 Anhaenger, Container &amp; Landtechnik \ud83c\udf3e\ud83d\ude9c","isPartOf":{"@id":"https:\/\/sagrinex.com\/#website"},"primaryImageOfPage":{"@id":"https:\/\/sagrinex.com\/produit\/kxl175-kippbarer-motorradtraeger-mit-schwarzen-aluminiumfelgen\/?lang=de#primaryimage"},"image":{"@id":"https:\/\/sagrinex.com\/produit\/kxl175-kippbarer-motorradtraeger-mit-schwarzen-aluminiumfelgen\/?lang=de#primaryimage"},"thumbnailUrl":"https:\/\/sagrinex.com\/wp-content\/uploads\/2026\/03\/Image-577.jpeg","datePublished":"2026-04-15T17:03:43+00:00","dateModified":"2026-04-15T21:12:31+00:00","breadcrumb":{"@id":"https:\/\/sagrinex.com\/produit\/kxl175-kippbarer-motorradtraeger-mit-schwarzen-aluminiumfelgen\/?lang=de#breadcrumb"},"inLanguage":"de","potentialAction":[{"@type":"ReadAction","target":["https:\/\/sagrinex.com\/produit\/kxl175-kippbarer-motorradtraeger-mit-schwarzen-aluminiumfelgen\/?lang=de"]}]},{"@type":"ImageObject","inLanguage":"de","@id":"https:\/\/sagrinex.com\/produit\/kxl175-kippbarer-motorradtraeger-mit-schwarzen-aluminiumfelgen\/?lang=de#primaryimage","url":"https:\/\/sagrinex.com\/wp-content\/uploads\/2026\/03\/Image-577.jpeg","contentUrl":"https:\/\/sagrinex.com\/wp-content\/uploads\/2026\/03\/Image-577.jpeg","width":488,"height":488},{"@type":"BreadcrumbList","@id":"https:\/\/sagrinex.com\/produit\/kxl175-kippbarer-motorradtraeger-mit-schwarzen-aluminiumfelgen\/?lang=de#breadcrumb","itemListElement":[{"@type":"ListItem","position":1,"name":"Accueil","item":"https:\/\/sagrinex.com\/?lang=de"},{"@type":"ListItem","position":2,"name":"Shop","item":"https:\/\/sagrinex.com\/shop\/"},{"@type":"ListItem","position":3,"name":"KXL175 Kippbarer Motorradtr\u00e4ger mit Schwarzen Aluminiumfelgen"}]},{"@type":"WebSite","@id":"https:\/\/sagrinex.com\/#website","url":"https:\/\/sagrinex.com\/","name":"Sagrinex \u2013 Spezialist f\u00fcr Anh\u00e4nger, Container & Landtechnik","description":"Anhaenger, Container &amp; Landtechnik \u2014 Online-Verkauf &amp; kostenloses Angebot","publisher":{"@id":"https:\/\/sagrinex.com\/#organization"},"potentialAction":[{"@type":"SearchAction","target":{"@type":"EntryPoint","urlTemplate":"https:\/\/sagrinex.com\/?s={search_term_string}"},"query-input":{"@type":"PropertyValueSpecification","valueRequired":true,"valueName":"search_term_string"}}],"inLanguage":"de"},{"@type":"Organization","@id":"https:\/\/sagrinex.com\/#organization","name":"Sagrinex \u2013 Remorques, Conteneurs & Mat\u00e9riel Agricole","url":"https:\/\/sagrinex.com\/","logo":{"@type":"ImageObject","inLanguage":"de","@id":"https:\/\/sagrinex.com\/#\/schema\/logo\/image\/","url":"https:\/\/sagrinex.com\/wp-content\/uploads\/2026\/03\/7f1ac463-ef5a-425d-bdd6-a5da03a334a9-1024x683.png","contentUrl":"https:\/\/sagrinex.com\/wp-content\/uploads\/2026\/03\/7f1ac463-ef5a-425d-bdd6-a5da03a334a9-1024x683.png","width":1024,"height":683,"caption":"Sagrinex \u2013 Remorques, Conteneurs & Mat\u00e9riel Agricole"},"image":{"@id":"https:\/\/sagrinex.com\/#\/schema\/logo\/image\/"}}]}},"jetpack_sharing_enabled":true,"_links":{"self":[{"href":"https:\/\/sagrinex.com\/de\/wp-json\/wp\/v2\/product\/17340","targetHints":{"allow":["GET"]}}],"collection":[{"href":"https:\/\/sagrinex.com\/de\/wp-json\/wp\/v2\/product"}],"about":[{"href":"https:\/\/sagrinex.com\/de\/wp-json\/wp\/v2\/types\/product"}],"replies":[{"embeddable":true,"href":"https:\/\/sagrinex.com\/de\/wp-json\/wp\/v2\/comments?post=17340"}],"version-history":[{"count":0,"href":"https:\/\/sagrinex.com\/de\/wp-json\/wp\/v2\/product\/17340\/revisions"}],"wp:featuredmedia":[{"embeddable":true,"href":"https:\/\/sagrinex.com\/de\/wp-json\/wp\/v2\/media\/10602"}],"wp:attachment":[{"href":"https:\/\/sagrinex.com\/de\/wp-json\/wp\/v2\/media?parent=17340"}],"wp:term":[{"taxonomy":"product_brand","embeddable":true,"href":"https:\/\/sagrinex.com\/de\/wp-json\/wp\/v2\/product_brand?post=17340"},{"taxonomy":"product_cat","embeddable":true,"href":"https:\/\/sagrinex.com\/de\/wp-json\/wp\/v2\/product_cat?post=17340"},{"taxonomy":"product_tag","embeddable":true,"href":"https:\/\/sagrinex.com\/de\/wp-json\/wp\/v2\/product_tag?post=17340"}],"curies":[{"name":"wp","href":"https:\/\/api.w.org\/{rel}","templated":true}]}}