{"id":17344,"date":"2026-04-15T17:12:59","date_gmt":"2026-04-15T17:12:59","guid":{"rendered":"https:\/\/sagrinex.com\/produit\/brenderup-2-schienen-motorradanhaenger\/"},"modified":"2026-04-15T21:12:31","modified_gmt":"2026-04-15T21:12:31","slug":"brenderup-2-schienen-motorradanhaenger","status":"publish","type":"product","link":"https:\/\/sagrinex.com\/de\/produit\/brenderup-2-schienen-motorradanhaenger\/","title":{"rendered":"Brenderup 2-schienen-motorradanh\u00e4nger"},"content":{"rendered":"<p>EIGENSCHAFTEN:<\/p>\n<ul>\n<li><strong>Marke:<\/strong>\u00a0BRENDERUP<\/li>\n<li><strong>Modell:<\/strong>\u00a0MC 2<\/li>\n<li><strong>PMA:<\/strong>\u00a0500 oder 750 kg<\/li>\n<li><strong>Nutzlast:<\/strong>\u00a0420 oder 620 kg<\/li>\n<li><strong>Gesamtabmessungen:<\/strong>\u00a03m x 1,50m<\/li>\n<li><strong>Ideale Ladeh\u00f6he durch \u00d6ffnung der Heckklappe<\/strong><\/li>\n<li><strong>Zahlreiche Zurr\u00f6sen vorne und hinten<\/strong><\/li>\n<li><strong>13-Zoll-R\u00e4der f\u00fcr perfekten Halt auf der Stra\u00dfe<\/strong><\/li>\n<li><strong>St\u00fctzrad im Lieferumfang enthalten<\/strong><\/li>\n<li><strong>Abnehmbare Rampe<\/strong><\/li>\n<li><strong>V-f\u00f6rmige Anh\u00e4ngerkupplung<\/strong><\/li>\n<li><strong>Aufklappbare Heckrampe<\/strong><\/li>\n<li><strong>Einfache Aufbewahrung f\u00fcr Motorr\u00e4der<\/strong><\/li>\n<li><strong>2 Motorradschienen mit Frontanschlag, L\u00e4nge 2,20m<\/strong><\/li>\n<li><strong>Ersatzrad<\/strong><\/li>\n<li><strong>Ersatzradhalter<\/strong><\/li>\n<li><strong>Automatische Motorrad-Radsperre<\/strong><\/li>\n<li><strong>Zurrklemme<\/strong><\/li>\n<\/ul>\n","protected":false},"excerpt":{"rendered":"<p>Kann bis zu zwei Motorr\u00e4der transportieren. Hochwertige Konstruktion und Verarbeitung!<\/p>\n<p>NEUER ANH\u00c4NGER MIT 2 JAHREN GARANTIE!<\/p>\n","protected":false},"featured_media":10586,"comment_status":"open","ping_status":"closed","template":"","meta":[],"product_brand":[],"product_cat":[356,352],"product_tag":[],"class_list":{"0":"post-17344","1":"product","2":"type-product","3":"status-publish","4":"has-post-thumbnail","6":"product_cat-motorrad-und-quad-anhaenger","7":"product_cat-unsere-trailer","9":"first","10":"instock","11":"shipping-taxable","12":"purchasable","13":"product-type-simple"},"yoast_head":"<!-- This site is optimized with the Yoast SEO plugin v27.5 - https:\/\/yoast.com\/product\/yoast-seo-wordpress\/ -->\n<title>Brenderup 2-schienen-motorradanh\u00e4nger - Sagrinex \u2013 Anhaenger, Container &amp; Landtechnik \ud83c\udf3e\ud83d\ude9c<\/title>\n<meta name=\"robots\" content=\"index, follow, max-snippet:-1, max-image-preview:large, max-video-preview:-1\" \/>\n<link rel=\"canonical\" href=\"https:\/\/sagrinex.com\/produit\/brenderup-2-schienen-motorradanhaenger\/?lang=de\" \/>\n<meta property=\"og:locale\" content=\"de_DE\" \/>\n<meta property=\"og:type\" content=\"article\" \/>\n<meta property=\"og:title\" content=\"Brenderup 2-schienen-motorradanh\u00e4nger - Sagrinex \u2013 Anhaenger, Container &amp; Landtechnik \ud83c\udf3e\ud83d\ude9c\" \/>\n<meta property=\"og:description\" content=\"Kann bis zu zwei Motorr\u00e4der transportieren. Hochwertige Konstruktion und Verarbeitung! NEUER ANH\u00c4NGER MIT 2 JAHREN GARANTIE!\" \/>\n<meta property=\"og:url\" content=\"https:\/\/sagrinex.com\/produit\/brenderup-2-schienen-motorradanhaenger\/?lang=de\" \/>\n<meta property=\"og:site_name\" content=\"Sagrinex \u2013 Anhaenger, Container &amp; Landtechnik \ud83c\udf3e\ud83d\ude9c\" \/>\n<meta property=\"article:modified_time\" content=\"2026-04-15T21:12:31+00:00\" \/>\n<meta property=\"og:image\" content=\"https:\/\/sagrinex.com\/wp-content\/uploads\/2026\/03\/Image-568.jpeg\" \/>\n\t<meta property=\"og:image:width\" content=\"1600\" \/>\n\t<meta property=\"og:image:height\" content=\"583\" \/>\n\t<meta property=\"og:image:type\" content=\"image\/jpeg\" \/>\n<meta name=\"twitter:card\" content=\"summary_large_image\" \/>\n<script type=\"application\/ld+json\" class=\"yoast-schema-graph\">{\"@context\":\"https:\\\/\\\/schema.org\",\"@graph\":[{\"@type\":\"WebPage\",\"@id\":\"https:\\\/\\\/sagrinex.com\\\/produit\\\/brenderup-2-schienen-motorradanhaenger\\\/?lang=de\",\"url\":\"https:\\\/\\\/sagrinex.com\\\/produit\\\/brenderup-2-schienen-motorradanhaenger\\\/?lang=de\",\"name\":\"Brenderup 2-schienen-motorradanh\u00e4nger - Sagrinex \u2013 Anhaenger, Container &amp; Landtechnik \ud83c\udf3e\ud83d\ude9c\",\"isPartOf\":{\"@id\":\"https:\\\/\\\/sagrinex.com\\\/#website\"},\"primaryImageOfPage\":{\"@id\":\"https:\\\/\\\/sagrinex.com\\\/produit\\\/brenderup-2-schienen-motorradanhaenger\\\/?lang=de#primaryimage\"},\"image\":{\"@id\":\"https:\\\/\\\/sagrinex.com\\\/produit\\\/brenderup-2-schienen-motorradanhaenger\\\/?lang=de#primaryimage\"},\"thumbnailUrl\":\"https:\\\/\\\/sagrinex.com\\\/wp-content\\\/uploads\\\/2026\\\/03\\\/Image-568.jpeg\",\"datePublished\":\"2026-04-15T17:12:59+00:00\",\"dateModified\":\"2026-04-15T21:12:31+00:00\",\"breadcrumb\":{\"@id\":\"https:\\\/\\\/sagrinex.com\\\/produit\\\/brenderup-2-schienen-motorradanhaenger\\\/?lang=de#breadcrumb\"},\"inLanguage\":\"de\",\"potentialAction\":[{\"@type\":\"ReadAction\",\"target\":[\"https:\\\/\\\/sagrinex.com\\\/produit\\\/brenderup-2-schienen-motorradanhaenger\\\/?lang=de\"]}]},{\"@type\":\"ImageObject\",\"inLanguage\":\"de\",\"@id\":\"https:\\\/\\\/sagrinex.com\\\/produit\\\/brenderup-2-schienen-motorradanhaenger\\\/?lang=de#primaryimage\",\"url\":\"https:\\\/\\\/sagrinex.com\\\/wp-content\\\/uploads\\\/2026\\\/03\\\/Image-568.jpeg\",\"contentUrl\":\"https:\\\/\\\/sagrinex.com\\\/wp-content\\\/uploads\\\/2026\\\/03\\\/Image-568.jpeg\",\"width\":1600,\"height\":583},{\"@type\":\"BreadcrumbList\",\"@id\":\"https:\\\/\\\/sagrinex.com\\\/produit\\\/brenderup-2-schienen-motorradanhaenger\\\/?lang=de#breadcrumb\",\"itemListElement\":[{\"@type\":\"ListItem\",\"position\":1,\"name\":\"Accueil\",\"item\":\"https:\\\/\\\/sagrinex.com\\\/?lang=de\"},{\"@type\":\"ListItem\",\"position\":2,\"name\":\"Shop\",\"item\":\"https:\\\/\\\/sagrinex.com\\\/shop\\\/\"},{\"@type\":\"ListItem\",\"position\":3,\"name\":\"Brenderup 2-schienen-motorradanh\u00e4nger\"}]},{\"@type\":\"WebSite\",\"@id\":\"https:\\\/\\\/sagrinex.com\\\/#website\",\"url\":\"https:\\\/\\\/sagrinex.com\\\/\",\"name\":\"Sagrinex \u2013 Spezialist f\u00fcr Anh\u00e4nger, Container & Landtechnik\",\"description\":\"Anhaenger, Container &amp; Landtechnik \u2014 Online-Verkauf &amp; kostenloses Angebot\",\"publisher\":{\"@id\":\"https:\\\/\\\/sagrinex.com\\\/#organization\"},\"potentialAction\":[{\"@type\":\"SearchAction\",\"target\":{\"@type\":\"EntryPoint\",\"urlTemplate\":\"https:\\\/\\\/sagrinex.com\\\/?s={search_term_string}\"},\"query-input\":{\"@type\":\"PropertyValueSpecification\",\"valueRequired\":true,\"valueName\":\"search_term_string\"}}],\"inLanguage\":\"de\"},{\"@type\":\"Organization\",\"@id\":\"https:\\\/\\\/sagrinex.com\\\/#organization\",\"name\":\"Sagrinex \u2013 Remorques, Conteneurs & Mat\u00e9riel Agricole\",\"url\":\"https:\\\/\\\/sagrinex.com\\\/\",\"logo\":{\"@type\":\"ImageObject\",\"inLanguage\":\"de\",\"@id\":\"https:\\\/\\\/sagrinex.com\\\/#\\\/schema\\\/logo\\\/image\\\/\",\"url\":\"https:\\\/\\\/sagrinex.com\\\/wp-content\\\/uploads\\\/2026\\\/03\\\/7f1ac463-ef5a-425d-bdd6-a5da03a334a9-1024x683.png\",\"contentUrl\":\"https:\\\/\\\/sagrinex.com\\\/wp-content\\\/uploads\\\/2026\\\/03\\\/7f1ac463-ef5a-425d-bdd6-a5da03a334a9-1024x683.png\",\"width\":1024,\"height\":683,\"caption\":\"Sagrinex \u2013 Remorques, Conteneurs & Mat\u00e9riel Agricole\"},\"image\":{\"@id\":\"https:\\\/\\\/sagrinex.com\\\/#\\\/schema\\\/logo\\\/image\\\/\"}}]}<\/script>\n<!-- \/ Yoast SEO plugin. -->","yoast_head_json":{"title":"Brenderup 2-schienen-motorradanh\u00e4nger - Sagrinex \u2013 Anhaenger, Container &amp; Landtechnik \ud83c\udf3e\ud83d\ude9c","robots":{"index":"index","follow":"follow","max-snippet":"max-snippet:-1","max-image-preview":"max-image-preview:large","max-video-preview":"max-video-preview:-1"},"canonical":"https:\/\/sagrinex.com\/produit\/brenderup-2-schienen-motorradanhaenger\/?lang=de","og_locale":"de_DE","og_type":"article","og_title":"Brenderup 2-schienen-motorradanh\u00e4nger - Sagrinex \u2013 Anhaenger, Container &amp; Landtechnik \ud83c\udf3e\ud83d\ude9c","og_description":"Kann bis zu zwei Motorr\u00e4der transportieren. Hochwertige Konstruktion und Verarbeitung! NEUER ANH\u00c4NGER MIT 2 JAHREN GARANTIE!","og_url":"https:\/\/sagrinex.com\/produit\/brenderup-2-schienen-motorradanhaenger\/?lang=de","og_site_name":"Sagrinex \u2013 Anhaenger, Container &amp; Landtechnik \ud83c\udf3e\ud83d\ude9c","article_modified_time":"2026-04-15T21:12:31+00:00","og_image":[{"width":1600,"height":583,"url":"https:\/\/sagrinex.com\/wp-content\/uploads\/2026\/03\/Image-568.jpeg","type":"image\/jpeg"}],"twitter_card":"summary_large_image","schema":{"@context":"https:\/\/schema.org","@graph":[{"@type":"WebPage","@id":"https:\/\/sagrinex.com\/produit\/brenderup-2-schienen-motorradanhaenger\/?lang=de","url":"https:\/\/sagrinex.com\/produit\/brenderup-2-schienen-motorradanhaenger\/?lang=de","name":"Brenderup 2-schienen-motorradanh\u00e4nger - Sagrinex \u2013 Anhaenger, Container &amp; Landtechnik \ud83c\udf3e\ud83d\ude9c","isPartOf":{"@id":"https:\/\/sagrinex.com\/#website"},"primaryImageOfPage":{"@id":"https:\/\/sagrinex.com\/produit\/brenderup-2-schienen-motorradanhaenger\/?lang=de#primaryimage"},"image":{"@id":"https:\/\/sagrinex.com\/produit\/brenderup-2-schienen-motorradanhaenger\/?lang=de#primaryimage"},"thumbnailUrl":"https:\/\/sagrinex.com\/wp-content\/uploads\/2026\/03\/Image-568.jpeg","datePublished":"2026-04-15T17:12:59+00:00","dateModified":"2026-04-15T21:12:31+00:00","breadcrumb":{"@id":"https:\/\/sagrinex.com\/produit\/brenderup-2-schienen-motorradanhaenger\/?lang=de#breadcrumb"},"inLanguage":"de","potentialAction":[{"@type":"ReadAction","target":["https:\/\/sagrinex.com\/produit\/brenderup-2-schienen-motorradanhaenger\/?lang=de"]}]},{"@type":"ImageObject","inLanguage":"de","@id":"https:\/\/sagrinex.com\/produit\/brenderup-2-schienen-motorradanhaenger\/?lang=de#primaryimage","url":"https:\/\/sagrinex.com\/wp-content\/uploads\/2026\/03\/Image-568.jpeg","contentUrl":"https:\/\/sagrinex.com\/wp-content\/uploads\/2026\/03\/Image-568.jpeg","width":1600,"height":583},{"@type":"BreadcrumbList","@id":"https:\/\/sagrinex.com\/produit\/brenderup-2-schienen-motorradanhaenger\/?lang=de#breadcrumb","itemListElement":[{"@type":"ListItem","position":1,"name":"Accueil","item":"https:\/\/sagrinex.com\/?lang=de"},{"@type":"ListItem","position":2,"name":"Shop","item":"https:\/\/sagrinex.com\/shop\/"},{"@type":"ListItem","position":3,"name":"Brenderup 2-schienen-motorradanh\u00e4nger"}]},{"@type":"WebSite","@id":"https:\/\/sagrinex.com\/#website","url":"https:\/\/sagrinex.com\/","name":"Sagrinex \u2013 Spezialist f\u00fcr Anh\u00e4nger, Container & Landtechnik","description":"Anhaenger, Container &amp; Landtechnik \u2014 Online-Verkauf &amp; kostenloses Angebot","publisher":{"@id":"https:\/\/sagrinex.com\/#organization"},"potentialAction":[{"@type":"SearchAction","target":{"@type":"EntryPoint","urlTemplate":"https:\/\/sagrinex.com\/?s={search_term_string}"},"query-input":{"@type":"PropertyValueSpecification","valueRequired":true,"valueName":"search_term_string"}}],"inLanguage":"de"},{"@type":"Organization","@id":"https:\/\/sagrinex.com\/#organization","name":"Sagrinex \u2013 Remorques, Conteneurs & Mat\u00e9riel Agricole","url":"https:\/\/sagrinex.com\/","logo":{"@type":"ImageObject","inLanguage":"de","@id":"https:\/\/sagrinex.com\/#\/schema\/logo\/image\/","url":"https:\/\/sagrinex.com\/wp-content\/uploads\/2026\/03\/7f1ac463-ef5a-425d-bdd6-a5da03a334a9-1024x683.png","contentUrl":"https:\/\/sagrinex.com\/wp-content\/uploads\/2026\/03\/7f1ac463-ef5a-425d-bdd6-a5da03a334a9-1024x683.png","width":1024,"height":683,"caption":"Sagrinex \u2013 Remorques, Conteneurs & Mat\u00e9riel Agricole"},"image":{"@id":"https:\/\/sagrinex.com\/#\/schema\/logo\/image\/"}}]}},"jetpack_sharing_enabled":true,"_links":{"self":[{"href":"https:\/\/sagrinex.com\/de\/wp-json\/wp\/v2\/product\/17344","targetHints":{"allow":["GET"]}}],"collection":[{"href":"https:\/\/sagrinex.com\/de\/wp-json\/wp\/v2\/product"}],"about":[{"href":"https:\/\/sagrinex.com\/de\/wp-json\/wp\/v2\/types\/product"}],"replies":[{"embeddable":true,"href":"https:\/\/sagrinex.com\/de\/wp-json\/wp\/v2\/comments?post=17344"}],"version-history":[{"count":0,"href":"https:\/\/sagrinex.com\/de\/wp-json\/wp\/v2\/product\/17344\/revisions"}],"wp:featuredmedia":[{"embeddable":true,"href":"https:\/\/sagrinex.com\/de\/wp-json\/wp\/v2\/media\/10586"}],"wp:attachment":[{"href":"https:\/\/sagrinex.com\/de\/wp-json\/wp\/v2\/media?parent=17344"}],"wp:term":[{"taxonomy":"product_brand","embeddable":true,"href":"https:\/\/sagrinex.com\/de\/wp-json\/wp\/v2\/product_brand?post=17344"},{"taxonomy":"product_cat","embeddable":true,"href":"https:\/\/sagrinex.com\/de\/wp-json\/wp\/v2\/product_cat?post=17344"},{"taxonomy":"product_tag","embeddable":true,"href":"https:\/\/sagrinex.com\/de\/wp-json\/wp\/v2\/product_tag?post=17344"}],"curies":[{"name":"wp","href":"https:\/\/api.w.org\/{rel}","templated":true}]}}