{"id":17350,"date":"2026-04-15T17:15:20","date_gmt":"2026-04-15T17:15:20","guid":{"rendered":"https:\/\/sagrinex.com\/produit\/trelgo-trigano-duo-pm-13-motorradanhaenger-2-schienen\/"},"modified":"2026-04-15T21:12:31","modified_gmt":"2026-04-15T21:12:31","slug":"trelgo-trigano-duo-pm-13-motorradanhaenger-2-schienen","status":"publish","type":"product","link":"https:\/\/sagrinex.com\/de\/produit\/trelgo-trigano-duo-pm-13-motorradanhaenger-2-schienen\/","title":{"rendered":"Trelgo Trigano Duo Pm 13 Motorradanh\u00e4nger \u2013 2 Schienen"},"content":{"rendered":"<h3 data-start=\"474\" data-end=\"512\"><strong data-start=\"481\" data-end=\"512\">Technische Eigenschaften<\/strong><\/h3>\n<ul>\n<li data-start=\"516\" data-end=\"553\"><strong data-start=\"516\" data-end=\"526\">Modell<\/strong> : DUO PM 13 \u2013 Gamme MONO<\/li>\n<li data-start=\"556\" data-end=\"587\"><strong data-start=\"556\" data-end=\"566\">Marke<\/strong> : TRELGO (TRIGANO)<\/li>\n<li data-start=\"590\" data-end=\"609\"><strong data-start=\"590\" data-end=\"598\">PTAC<\/strong> : 500 kg<\/li>\n<li data-start=\"612\" data-end=\"639\"><strong data-start=\"612\" data-end=\"628\">Leergewicht<\/strong> : 114 kg<\/li>\n<li data-start=\"642\" data-end=\"677\"><strong data-start=\"642\" data-end=\"658\">Zuladung<\/strong> : Etwa 386 kg<\/li>\n<li data-start=\"680\" data-end=\"712\"><strong data-start=\"680\" data-end=\"690\">Achse<\/strong> : Tragf\u00e4higkeit 600 kg<\/li>\n<li data-start=\"715\" data-end=\"766\"><strong data-start=\"715\" data-end=\"749\">Au\u00dfenabmessungen (L x B)<\/strong> : 290 x 172 cm<\/li>\n<li data-start=\"769\" data-end=\"797\"><strong data-start=\"769\" data-end=\"786\">Nutzbare Breite<\/strong> : 130 cm<\/li>\n<li data-start=\"800\" data-end=\"826\"><strong data-start=\"800\" data-end=\"809\">Schienen<\/strong> : 2 Motorradschienen<\/li>\n<li data-start=\"829\" data-end=\"869\"><strong data-start=\"829\" data-end=\"853\">Schienenabmessungen<\/strong> : 200 x 18 cm<\/li>\n<li data-start=\"872\" data-end=\"905\"><strong data-start=\"872\" data-end=\"892\">Radabmessungen<\/strong> : 135 x 15<\/li>\n<li data-start=\"908\" data-end=\"941\"><strong data-start=\"908\" data-end=\"923\">Kotfl\u00fcgel<\/strong> : Tiefziehstahl<\/li>\n<li data-start=\"944\" data-end=\"973\"><strong data-start=\"944\" data-end=\"965\">Kipprahmen<\/strong> : Ja<\/li>\n<\/ul>\n<hr data-start=\"975\" data-end=\"978\" \/>\n<h3 data-start=\"980\" data-end=\"1011\"><strong data-start=\"987\" data-end=\"1011\">Ausr\u00fcstung & Vorteile<\/strong><\/h3>\n<ul>\n<li data-start=\"1015\" data-end=\"1065\">Traversensicherung f\u00fcr bessere Stabilit\u00e4t<\/li>\n<li data-start=\"1068\" data-end=\"1095\">6-Funktions-Leuchten gesch\u00fctzt<\/li>\n<li data-start=\"1098\" data-end=\"1120\">Gekr\u00fcmmte Deichsel<\/li>\n<li data-start=\"1123\" data-end=\"1167\">Vertikale Lagerung m\u00f6glich : Platzersparnis<\/li>\n<li data-start=\"1170\" data-end=\"1199\">Integrierte Zurrgurte<\/li>\n<li data-start=\"1202\" data-end=\"1247\">Geliefert mit <strong data-start=\"1214\" data-end=\"1245\">2 Motorradschienen + Vorb\u00fcgel<\/strong><\/li>\n<li data-start=\"1250\" data-end=\"1293\"><strong data-start=\"1250\" data-end=\"1279\">Anh\u00e4nger ohne Zulassungspapiere<\/strong> (Leichttyp)<\/li>\n<li data-start=\"1405\" data-end=\"1432\">Ersatzrad + Halterung<\/li>\n<li data-start=\"1435\" data-end=\"1466\">Motorrad-Auffahrrampe (168 cm)<\/li>\n<li data-start=\"1469\" data-end=\"1486\">Quad-Schienenschiene<\/li>\n<li data-start=\"1489\" data-end=\"1516\">Quad-Auffahrrampe<\/li>\n<li data-start=\"1519\" data-end=\"1545\">St\u00fctzrad mit Halterung<\/li>\n<li data-start=\"1548\" data-end=\"1567\">Sicherheitsverschluss<\/li>\n<\/ul>\n<hr data-start=\"1569\" data-end=\"1572\" \/>\n<h3 data-start=\"1574\" data-end=\"1615\"><strong data-start=\"1580\" data-end=\"1615\">Warum die DUO PM 13 w\u00e4hlen?<\/strong><\/h3>\n<p>100 % franz\u00f6sische Fertigung<br data-start=\"1646\" data-end=\"1649\" \/>F\u00fcr zwei Motorr\u00e4der konzipiert<br data-start=\"1673\" data-end=\"1676\" \/>Robust, kompakt und leicht zu handhaben<br data-start=\"1717\" data-end=\"1720\" \/>Kipprahmen f\u00fcr m\u00fcheloses Laden<br data-start=\"1770\" data-end=\"1773\" \/>Sehr gutes Preis-Leistungs-Verh\u00e4ltnis<\/p>\n","protected":false},"excerpt":{"rendered":"<p>Der Anh\u00e4nger TRIGANO DUO PM 13 ist eine zuverl\u00e4ssige und robuste L\u00f6sung f\u00fcr den absolut sicheren Transport von zwei Motorr\u00e4dern. Entworfen und hergestellt <strong data-start=\"370\" data-end=\"389\">100 % in Frankreich<\/strong>Es zeichnet sich durch seine Praktikabilit\u00e4t, seine Stabilit\u00e4t und seine sorgf\u00e4ltige Verarbeitung aus.<\/p>\n","protected":false},"featured_media":10561,"comment_status":"open","ping_status":"closed","template":"","meta":[],"product_brand":[],"product_cat":[356,352],"product_tag":[],"class_list":{"0":"post-17350","1":"product","2":"type-product","3":"status-publish","4":"has-post-thumbnail","6":"product_cat-motorrad-und-quad-anhaenger","7":"product_cat-unsere-trailer","9":"first","10":"instock","11":"shipping-taxable","12":"purchasable","13":"product-type-simple"},"yoast_head":"<!-- This site is optimized with the Yoast SEO plugin v27.5 - https:\/\/yoast.com\/product\/yoast-seo-wordpress\/ -->\n<title>Trelgo Trigano Duo Pm 13 Motorradanh\u00e4nger \u2013 2 Schienen - Sagrinex \u2013 Anhaenger, Container &amp; Landtechnik \ud83c\udf3e\ud83d\ude9c<\/title>\n<meta name=\"robots\" content=\"index, follow, max-snippet:-1, max-image-preview:large, max-video-preview:-1\" \/>\n<link rel=\"canonical\" href=\"https:\/\/sagrinex.com\/produit\/trelgo-trigano-duo-pm-13-motorradanhaenger-2-schienen\/?lang=de\" \/>\n<meta property=\"og:locale\" content=\"de_DE\" \/>\n<meta property=\"og:type\" content=\"article\" \/>\n<meta property=\"og:title\" content=\"Trelgo Trigano Duo Pm 13 Motorradanh\u00e4nger \u2013 2 Schienen - Sagrinex \u2013 Anhaenger, Container &amp; Landtechnik \ud83c\udf3e\ud83d\ude9c\" \/>\n<meta property=\"og:description\" content=\"Der Anh\u00e4nger TRIGANO DUO PM 13 ist eine zuverl\u00e4ssige und robuste L\u00f6sung f\u00fcr den absolut sicheren Transport von zwei Motorr\u00e4dern. Entworfen und hergestellt 100 % in FrankreichEs zeichnet sich durch seine Praktikabilit\u00e4t, seine Stabilit\u00e4t und seine sorgf\u00e4ltige Verarbeitung aus.\" \/>\n<meta property=\"og:url\" content=\"https:\/\/sagrinex.com\/produit\/trelgo-trigano-duo-pm-13-motorradanhaenger-2-schienen\/?lang=de\" \/>\n<meta property=\"og:site_name\" content=\"Sagrinex \u2013 Anhaenger, Container &amp; Landtechnik \ud83c\udf3e\ud83d\ude9c\" \/>\n<meta property=\"article:modified_time\" content=\"2026-04-15T21:12:31+00:00\" \/>\n<meta property=\"og:image\" content=\"https:\/\/sagrinex.com\/wp-content\/uploads\/2026\/03\/Image-558.jpeg\" \/>\n\t<meta property=\"og:image:width\" content=\"445\" \/>\n\t<meta property=\"og:image:height\" content=\"335\" \/>\n\t<meta property=\"og:image:type\" content=\"image\/jpeg\" \/>\n<meta name=\"twitter:card\" content=\"summary_large_image\" \/>\n<meta name=\"twitter:label1\" content=\"Gesch\u00e4tzte Lesezeit\" \/>\n\t<meta name=\"twitter:data1\" content=\"1\u00a0Minute\" \/>\n<script type=\"application\/ld+json\" class=\"yoast-schema-graph\">{\"@context\":\"https:\\\/\\\/schema.org\",\"@graph\":[{\"@type\":\"WebPage\",\"@id\":\"https:\\\/\\\/sagrinex.com\\\/produit\\\/trelgo-trigano-duo-pm-13-motorradanhaenger-2-schienen\\\/?lang=de\",\"url\":\"https:\\\/\\\/sagrinex.com\\\/produit\\\/trelgo-trigano-duo-pm-13-motorradanhaenger-2-schienen\\\/?lang=de\",\"name\":\"Trelgo Trigano Duo Pm 13 Motorradanh\u00e4nger \u2013 2 Schienen - Sagrinex \u2013 Anhaenger, Container &amp; Landtechnik \ud83c\udf3e\ud83d\ude9c\",\"isPartOf\":{\"@id\":\"https:\\\/\\\/sagrinex.com\\\/#website\"},\"primaryImageOfPage\":{\"@id\":\"https:\\\/\\\/sagrinex.com\\\/produit\\\/trelgo-trigano-duo-pm-13-motorradanhaenger-2-schienen\\\/?lang=de#primaryimage\"},\"image\":{\"@id\":\"https:\\\/\\\/sagrinex.com\\\/produit\\\/trelgo-trigano-duo-pm-13-motorradanhaenger-2-schienen\\\/?lang=de#primaryimage\"},\"thumbnailUrl\":\"https:\\\/\\\/sagrinex.com\\\/wp-content\\\/uploads\\\/2026\\\/03\\\/Image-558.jpeg\",\"datePublished\":\"2026-04-15T17:15:20+00:00\",\"dateModified\":\"2026-04-15T21:12:31+00:00\",\"breadcrumb\":{\"@id\":\"https:\\\/\\\/sagrinex.com\\\/produit\\\/trelgo-trigano-duo-pm-13-motorradanhaenger-2-schienen\\\/?lang=de#breadcrumb\"},\"inLanguage\":\"de\",\"potentialAction\":[{\"@type\":\"ReadAction\",\"target\":[\"https:\\\/\\\/sagrinex.com\\\/produit\\\/trelgo-trigano-duo-pm-13-motorradanhaenger-2-schienen\\\/?lang=de\"]}]},{\"@type\":\"ImageObject\",\"inLanguage\":\"de\",\"@id\":\"https:\\\/\\\/sagrinex.com\\\/produit\\\/trelgo-trigano-duo-pm-13-motorradanhaenger-2-schienen\\\/?lang=de#primaryimage\",\"url\":\"https:\\\/\\\/sagrinex.com\\\/wp-content\\\/uploads\\\/2026\\\/03\\\/Image-558.jpeg\",\"contentUrl\":\"https:\\\/\\\/sagrinex.com\\\/wp-content\\\/uploads\\\/2026\\\/03\\\/Image-558.jpeg\",\"width\":445,\"height\":335},{\"@type\":\"BreadcrumbList\",\"@id\":\"https:\\\/\\\/sagrinex.com\\\/produit\\\/trelgo-trigano-duo-pm-13-motorradanhaenger-2-schienen\\\/?lang=de#breadcrumb\",\"itemListElement\":[{\"@type\":\"ListItem\",\"position\":1,\"name\":\"Accueil\",\"item\":\"https:\\\/\\\/sagrinex.com\\\/?lang=de\"},{\"@type\":\"ListItem\",\"position\":2,\"name\":\"Shop\",\"item\":\"https:\\\/\\\/sagrinex.com\\\/shop\\\/\"},{\"@type\":\"ListItem\",\"position\":3,\"name\":\"Trelgo Trigano Duo Pm 13 Motorradanh\u00e4nger \u2013 2 Schienen\"}]},{\"@type\":\"WebSite\",\"@id\":\"https:\\\/\\\/sagrinex.com\\\/#website\",\"url\":\"https:\\\/\\\/sagrinex.com\\\/\",\"name\":\"Sagrinex \u2013 Spezialist f\u00fcr Anh\u00e4nger, Container & Landtechnik\",\"description\":\"Anhaenger, Container &amp; Landtechnik \u2014 Online-Verkauf &amp; kostenloses Angebot\",\"publisher\":{\"@id\":\"https:\\\/\\\/sagrinex.com\\\/#organization\"},\"potentialAction\":[{\"@type\":\"SearchAction\",\"target\":{\"@type\":\"EntryPoint\",\"urlTemplate\":\"https:\\\/\\\/sagrinex.com\\\/?s={search_term_string}\"},\"query-input\":{\"@type\":\"PropertyValueSpecification\",\"valueRequired\":true,\"valueName\":\"search_term_string\"}}],\"inLanguage\":\"de\"},{\"@type\":\"Organization\",\"@id\":\"https:\\\/\\\/sagrinex.com\\\/#organization\",\"name\":\"Sagrinex \u2013 Remorques, Conteneurs & Mat\u00e9riel Agricole\",\"url\":\"https:\\\/\\\/sagrinex.com\\\/\",\"logo\":{\"@type\":\"ImageObject\",\"inLanguage\":\"de\",\"@id\":\"https:\\\/\\\/sagrinex.com\\\/#\\\/schema\\\/logo\\\/image\\\/\",\"url\":\"https:\\\/\\\/sagrinex.com\\\/wp-content\\\/uploads\\\/2026\\\/03\\\/7f1ac463-ef5a-425d-bdd6-a5da03a334a9-1024x683.png\",\"contentUrl\":\"https:\\\/\\\/sagrinex.com\\\/wp-content\\\/uploads\\\/2026\\\/03\\\/7f1ac463-ef5a-425d-bdd6-a5da03a334a9-1024x683.png\",\"width\":1024,\"height\":683,\"caption\":\"Sagrinex \u2013 Remorques, Conteneurs & Mat\u00e9riel Agricole\"},\"image\":{\"@id\":\"https:\\\/\\\/sagrinex.com\\\/#\\\/schema\\\/logo\\\/image\\\/\"}}]}<\/script>\n<!-- \/ Yoast SEO plugin. -->","yoast_head_json":{"title":"Trelgo Trigano Duo Pm 13 Motorradanh\u00e4nger \u2013 2 Schienen - Sagrinex \u2013 Anhaenger, Container &amp; Landtechnik \ud83c\udf3e\ud83d\ude9c","robots":{"index":"index","follow":"follow","max-snippet":"max-snippet:-1","max-image-preview":"max-image-preview:large","max-video-preview":"max-video-preview:-1"},"canonical":"https:\/\/sagrinex.com\/produit\/trelgo-trigano-duo-pm-13-motorradanhaenger-2-schienen\/?lang=de","og_locale":"de_DE","og_type":"article","og_title":"Trelgo Trigano Duo Pm 13 Motorradanh\u00e4nger \u2013 2 Schienen - Sagrinex \u2013 Anhaenger, Container &amp; Landtechnik \ud83c\udf3e\ud83d\ude9c","og_description":"Der Anh\u00e4nger TRIGANO DUO PM 13 ist eine zuverl\u00e4ssige und robuste L\u00f6sung f\u00fcr den absolut sicheren Transport von zwei Motorr\u00e4dern. Entworfen und hergestellt 100 % in FrankreichEs zeichnet sich durch seine Praktikabilit\u00e4t, seine Stabilit\u00e4t und seine sorgf\u00e4ltige Verarbeitung aus.","og_url":"https:\/\/sagrinex.com\/produit\/trelgo-trigano-duo-pm-13-motorradanhaenger-2-schienen\/?lang=de","og_site_name":"Sagrinex \u2013 Anhaenger, Container &amp; Landtechnik \ud83c\udf3e\ud83d\ude9c","article_modified_time":"2026-04-15T21:12:31+00:00","og_image":[{"width":445,"height":335,"url":"https:\/\/sagrinex.com\/wp-content\/uploads\/2026\/03\/Image-558.jpeg","type":"image\/jpeg"}],"twitter_card":"summary_large_image","twitter_misc":{"Gesch\u00e4tzte Lesezeit":"1\u00a0Minute"},"schema":{"@context":"https:\/\/schema.org","@graph":[{"@type":"WebPage","@id":"https:\/\/sagrinex.com\/produit\/trelgo-trigano-duo-pm-13-motorradanhaenger-2-schienen\/?lang=de","url":"https:\/\/sagrinex.com\/produit\/trelgo-trigano-duo-pm-13-motorradanhaenger-2-schienen\/?lang=de","name":"Trelgo Trigano Duo Pm 13 Motorradanh\u00e4nger \u2013 2 Schienen - Sagrinex \u2013 Anhaenger, Container &amp; Landtechnik \ud83c\udf3e\ud83d\ude9c","isPartOf":{"@id":"https:\/\/sagrinex.com\/#website"},"primaryImageOfPage":{"@id":"https:\/\/sagrinex.com\/produit\/trelgo-trigano-duo-pm-13-motorradanhaenger-2-schienen\/?lang=de#primaryimage"},"image":{"@id":"https:\/\/sagrinex.com\/produit\/trelgo-trigano-duo-pm-13-motorradanhaenger-2-schienen\/?lang=de#primaryimage"},"thumbnailUrl":"https:\/\/sagrinex.com\/wp-content\/uploads\/2026\/03\/Image-558.jpeg","datePublished":"2026-04-15T17:15:20+00:00","dateModified":"2026-04-15T21:12:31+00:00","breadcrumb":{"@id":"https:\/\/sagrinex.com\/produit\/trelgo-trigano-duo-pm-13-motorradanhaenger-2-schienen\/?lang=de#breadcrumb"},"inLanguage":"de","potentialAction":[{"@type":"ReadAction","target":["https:\/\/sagrinex.com\/produit\/trelgo-trigano-duo-pm-13-motorradanhaenger-2-schienen\/?lang=de"]}]},{"@type":"ImageObject","inLanguage":"de","@id":"https:\/\/sagrinex.com\/produit\/trelgo-trigano-duo-pm-13-motorradanhaenger-2-schienen\/?lang=de#primaryimage","url":"https:\/\/sagrinex.com\/wp-content\/uploads\/2026\/03\/Image-558.jpeg","contentUrl":"https:\/\/sagrinex.com\/wp-content\/uploads\/2026\/03\/Image-558.jpeg","width":445,"height":335},{"@type":"BreadcrumbList","@id":"https:\/\/sagrinex.com\/produit\/trelgo-trigano-duo-pm-13-motorradanhaenger-2-schienen\/?lang=de#breadcrumb","itemListElement":[{"@type":"ListItem","position":1,"name":"Accueil","item":"https:\/\/sagrinex.com\/?lang=de"},{"@type":"ListItem","position":2,"name":"Shop","item":"https:\/\/sagrinex.com\/shop\/"},{"@type":"ListItem","position":3,"name":"Trelgo Trigano Duo Pm 13 Motorradanh\u00e4nger \u2013 2 Schienen"}]},{"@type":"WebSite","@id":"https:\/\/sagrinex.com\/#website","url":"https:\/\/sagrinex.com\/","name":"Sagrinex \u2013 Spezialist f\u00fcr Anh\u00e4nger, Container & Landtechnik","description":"Anhaenger, Container &amp; Landtechnik \u2014 Online-Verkauf &amp; kostenloses Angebot","publisher":{"@id":"https:\/\/sagrinex.com\/#organization"},"potentialAction":[{"@type":"SearchAction","target":{"@type":"EntryPoint","urlTemplate":"https:\/\/sagrinex.com\/?s={search_term_string}"},"query-input":{"@type":"PropertyValueSpecification","valueRequired":true,"valueName":"search_term_string"}}],"inLanguage":"de"},{"@type":"Organization","@id":"https:\/\/sagrinex.com\/#organization","name":"Sagrinex \u2013 Remorques, Conteneurs & Mat\u00e9riel Agricole","url":"https:\/\/sagrinex.com\/","logo":{"@type":"ImageObject","inLanguage":"de","@id":"https:\/\/sagrinex.com\/#\/schema\/logo\/image\/","url":"https:\/\/sagrinex.com\/wp-content\/uploads\/2026\/03\/7f1ac463-ef5a-425d-bdd6-a5da03a334a9-1024x683.png","contentUrl":"https:\/\/sagrinex.com\/wp-content\/uploads\/2026\/03\/7f1ac463-ef5a-425d-bdd6-a5da03a334a9-1024x683.png","width":1024,"height":683,"caption":"Sagrinex \u2013 Remorques, Conteneurs & Mat\u00e9riel Agricole"},"image":{"@id":"https:\/\/sagrinex.com\/#\/schema\/logo\/image\/"}}]}},"jetpack_sharing_enabled":true,"_links":{"self":[{"href":"https:\/\/sagrinex.com\/de\/wp-json\/wp\/v2\/product\/17350","targetHints":{"allow":["GET"]}}],"collection":[{"href":"https:\/\/sagrinex.com\/de\/wp-json\/wp\/v2\/product"}],"about":[{"href":"https:\/\/sagrinex.com\/de\/wp-json\/wp\/v2\/types\/product"}],"replies":[{"embeddable":true,"href":"https:\/\/sagrinex.com\/de\/wp-json\/wp\/v2\/comments?post=17350"}],"version-history":[{"count":0,"href":"https:\/\/sagrinex.com\/de\/wp-json\/wp\/v2\/product\/17350\/revisions"}],"wp:featuredmedia":[{"embeddable":true,"href":"https:\/\/sagrinex.com\/de\/wp-json\/wp\/v2\/media\/10561"}],"wp:attachment":[{"href":"https:\/\/sagrinex.com\/de\/wp-json\/wp\/v2\/media?parent=17350"}],"wp:term":[{"taxonomy":"product_brand","embeddable":true,"href":"https:\/\/sagrinex.com\/de\/wp-json\/wp\/v2\/product_brand?post=17350"},{"taxonomy":"product_cat","embeddable":true,"href":"https:\/\/sagrinex.com\/de\/wp-json\/wp\/v2\/product_cat?post=17350"},{"taxonomy":"product_tag","embeddable":true,"href":"https:\/\/sagrinex.com\/de\/wp-json\/wp\/v2\/product_tag?post=17350"}],"curies":[{"name":"wp","href":"https:\/\/api.w.org\/{rel}","templated":true}]}}