{"id":17351,"date":"2026-04-15T17:15:45","date_gmt":"2026-04-15T17:15:45","guid":{"rendered":"https:\/\/sagrinex.com\/produit\/trelgo-trigano-mono-pm-motorradanhaenger-1-schiene\/"},"modified":"2026-04-15T21:12:31","modified_gmt":"2026-04-15T21:12:31","slug":"trelgo-trigano-mono-pm-motorradanhaenger-1-schiene","status":"publish","type":"product","link":"https:\/\/sagrinex.com\/de\/produit\/trelgo-trigano-mono-pm-motorradanhaenger-1-schiene\/","title":{"rendered":"Trelgo Trigano Mono Pm Motorradanh\u00e4nger \u2013 1 Schiene"},"content":{"rendered":"<p data-start=\"376\" data-end=\"409\"><strong data-start=\"376\" data-end=\"409\">Technische Eigenschaften :<\/strong><\/p>\n<ul>\n<li data-start=\"413\" data-end=\"438\">Marke : TRELGO TRIGANO<\/li>\n<li data-start=\"441\" data-end=\"455\">Baureihe : MONO<\/li>\n<li data-start=\"458\" data-end=\"473\">PTAC : 250 kg<\/li>\n<li data-start=\"476\" data-end=\"498\">Leergewicht : 57 kg<\/li>\n<li data-start=\"501\" data-end=\"524\">Nutzlast : 193 kg<\/li>\n<li data-start=\"527\" data-end=\"555\">Achsbelastung : 380 kg<\/li>\n<li data-start=\"558\" data-end=\"597\">Au\u00dfenma\u00dfe : 255 x 120 cm<\/li>\n<li data-start=\"600\" data-end=\"623\">Nutzbare Breite : 89 cm<\/li>\n<li data-start=\"626\" data-end=\"660\">Schienenabmessungen : 199 x 13 cm<\/li>\n<li data-start=\"663\" data-end=\"684\">Anzahl der Schienen : 1<\/li>\n<li data-start=\"687\" data-end=\"704\">Reifen : 350 x 8<\/li>\n<li data-start=\"707\" data-end=\"731\">Kotfl\u00fcgel : Kunststoff<\/li>\n<li data-start=\"734\" data-end=\"759\">Kipprahmen : nein<\/li>\n<li data-start=\"762\" data-end=\"790\">Zugmaul : verzinkter Rahmen<\/li>\n<li data-start=\"793\" data-end=\"820\">Anh\u00e4nger ohne Zulassungspapiere<\/li>\n<\/ul>\n<p data-start=\"822\" data-end=\"855\"><strong data-start=\"822\" data-end=\"855\">Ausr\u00fcstung und St\u00e4rken :<\/strong><\/p>\n<ul>\n<li data-start=\"859\" data-end=\"903\">Ankerquertr\u00e4ger f\u00fcr mehr Stabilit\u00e4t<\/li>\n<li data-start=\"906\" data-end=\"941\">R\u00fcckleuchten mit 6 Funktionen gesch\u00fctzt<\/li>\n<li data-start=\"944\" data-end=\"973\">Integrierte Zurrgurte<\/li>\n<li data-start=\"976\" data-end=\"1001\">Vertikal lagerf\u00e4hig<\/li>\n<li data-start=\"1004\" data-end=\"1046\">Geliefert mit einer Schiene + Halteb\u00fcgel<\/li>\n<\/ul>\n<p data-start=\"1048\" data-end=\"1089\"><strong data-start=\"1048\" data-end=\"1089\">Zubeh\u00f6r im Lieferumfang :<\/strong><\/p>\n<ul>\n<li>Reserverad + Halterung<\/li>\n<li>Auffahrrampe f\u00fcr Motorrad<\/li>\n<li>Diebstahlsicherung<\/li>\n<\/ul>\n<p data-start=\"1165\" data-end=\"1313\">Perfekt zum Transport von leichten Motorr\u00e4dern oder Rollern. Das kompakte Design erm\u00f6glicht einfache Lagerung und m\u00fchelose Handhabung.<\/p>\n","protected":false},"excerpt":{"rendered":"<p>Kompakt, leicht und f\u00fcr den gelegentlichen oder regelm\u00e4\u00dfigen Gebrauch konzipiert, ist der MONO PM Motorradanh\u00e4nger aus der TRIGANO-Reihe ideal f\u00fcr den sicheren Transport eines Motorrads. Es wird in Frankreich hergestellt und vereint Zuverl\u00e4ssigkeit, Man\u00f6vrierf\u00e4higkeit und Robustheit.<\/p>\n","protected":false},"featured_media":10557,"comment_status":"open","ping_status":"closed","template":"","meta":[],"product_brand":[],"product_cat":[356,352],"product_tag":[],"class_list":{"0":"post-17351","1":"product","2":"type-product","3":"status-publish","4":"has-post-thumbnail","6":"product_cat-motorrad-und-quad-anhaenger","7":"product_cat-unsere-trailer","9":"first","10":"instock","11":"shipping-taxable","12":"purchasable","13":"product-type-simple"},"yoast_head":"<!-- This site is optimized with the Yoast SEO plugin v27.5 - https:\/\/yoast.com\/product\/yoast-seo-wordpress\/ -->\n<title>Trelgo Trigano Mono Pm Motorradanh\u00e4nger \u2013 1 Schiene - Sagrinex \u2013 Anhaenger, Container &amp; Landtechnik \ud83c\udf3e\ud83d\ude9c<\/title>\n<meta name=\"robots\" content=\"index, follow, max-snippet:-1, max-image-preview:large, max-video-preview:-1\" \/>\n<link rel=\"canonical\" href=\"https:\/\/sagrinex.com\/produit\/trelgo-trigano-mono-pm-motorradanhaenger-1-schiene\/?lang=de\" \/>\n<meta property=\"og:locale\" content=\"de_DE\" \/>\n<meta property=\"og:type\" content=\"article\" \/>\n<meta property=\"og:title\" content=\"Trelgo Trigano Mono Pm Motorradanh\u00e4nger \u2013 1 Schiene - Sagrinex \u2013 Anhaenger, Container &amp; Landtechnik \ud83c\udf3e\ud83d\ude9c\" \/>\n<meta property=\"og:description\" content=\"Kompakt, leicht und f\u00fcr den gelegentlichen oder regelm\u00e4\u00dfigen Gebrauch konzipiert, ist der MONO PM Motorradanh\u00e4nger aus der TRIGANO-Reihe ideal f\u00fcr den sicheren Transport eines Motorrads. Es wird in Frankreich hergestellt und vereint Zuverl\u00e4ssigkeit, Man\u00f6vrierf\u00e4higkeit und Robustheit.\" \/>\n<meta property=\"og:url\" content=\"https:\/\/sagrinex.com\/produit\/trelgo-trigano-mono-pm-motorradanhaenger-1-schiene\/?lang=de\" \/>\n<meta property=\"og:site_name\" content=\"Sagrinex \u2013 Anhaenger, Container &amp; Landtechnik \ud83c\udf3e\ud83d\ude9c\" \/>\n<meta property=\"article:modified_time\" content=\"2026-04-15T21:12:31+00:00\" \/>\n<meta property=\"og:image\" content=\"https:\/\/sagrinex.com\/wp-content\/uploads\/2026\/03\/Image-557.jpeg\" \/>\n\t<meta property=\"og:image:width\" content=\"445\" \/>\n\t<meta property=\"og:image:height\" content=\"335\" \/>\n\t<meta property=\"og:image:type\" content=\"image\/jpeg\" \/>\n<meta name=\"twitter:card\" content=\"summary_large_image\" \/>\n<meta name=\"twitter:label1\" content=\"Gesch\u00e4tzte Lesezeit\" \/>\n\t<meta name=\"twitter:data1\" content=\"1\u00a0Minute\" \/>\n<script type=\"application\/ld+json\" class=\"yoast-schema-graph\">{\"@context\":\"https:\\\/\\\/schema.org\",\"@graph\":[{\"@type\":\"WebPage\",\"@id\":\"https:\\\/\\\/sagrinex.com\\\/produit\\\/trelgo-trigano-mono-pm-motorradanhaenger-1-schiene\\\/?lang=de\",\"url\":\"https:\\\/\\\/sagrinex.com\\\/produit\\\/trelgo-trigano-mono-pm-motorradanhaenger-1-schiene\\\/?lang=de\",\"name\":\"Trelgo Trigano Mono Pm Motorradanh\u00e4nger \u2013 1 Schiene - Sagrinex \u2013 Anhaenger, Container &amp; Landtechnik \ud83c\udf3e\ud83d\ude9c\",\"isPartOf\":{\"@id\":\"https:\\\/\\\/sagrinex.com\\\/#website\"},\"primaryImageOfPage\":{\"@id\":\"https:\\\/\\\/sagrinex.com\\\/produit\\\/trelgo-trigano-mono-pm-motorradanhaenger-1-schiene\\\/?lang=de#primaryimage\"},\"image\":{\"@id\":\"https:\\\/\\\/sagrinex.com\\\/produit\\\/trelgo-trigano-mono-pm-motorradanhaenger-1-schiene\\\/?lang=de#primaryimage\"},\"thumbnailUrl\":\"https:\\\/\\\/sagrinex.com\\\/wp-content\\\/uploads\\\/2026\\\/03\\\/Image-557.jpeg\",\"datePublished\":\"2026-04-15T17:15:45+00:00\",\"dateModified\":\"2026-04-15T21:12:31+00:00\",\"breadcrumb\":{\"@id\":\"https:\\\/\\\/sagrinex.com\\\/produit\\\/trelgo-trigano-mono-pm-motorradanhaenger-1-schiene\\\/?lang=de#breadcrumb\"},\"inLanguage\":\"de\",\"potentialAction\":[{\"@type\":\"ReadAction\",\"target\":[\"https:\\\/\\\/sagrinex.com\\\/produit\\\/trelgo-trigano-mono-pm-motorradanhaenger-1-schiene\\\/?lang=de\"]}]},{\"@type\":\"ImageObject\",\"inLanguage\":\"de\",\"@id\":\"https:\\\/\\\/sagrinex.com\\\/produit\\\/trelgo-trigano-mono-pm-motorradanhaenger-1-schiene\\\/?lang=de#primaryimage\",\"url\":\"https:\\\/\\\/sagrinex.com\\\/wp-content\\\/uploads\\\/2026\\\/03\\\/Image-557.jpeg\",\"contentUrl\":\"https:\\\/\\\/sagrinex.com\\\/wp-content\\\/uploads\\\/2026\\\/03\\\/Image-557.jpeg\",\"width\":445,\"height\":335},{\"@type\":\"BreadcrumbList\",\"@id\":\"https:\\\/\\\/sagrinex.com\\\/produit\\\/trelgo-trigano-mono-pm-motorradanhaenger-1-schiene\\\/?lang=de#breadcrumb\",\"itemListElement\":[{\"@type\":\"ListItem\",\"position\":1,\"name\":\"Accueil\",\"item\":\"https:\\\/\\\/sagrinex.com\\\/?lang=de\"},{\"@type\":\"ListItem\",\"position\":2,\"name\":\"Shop\",\"item\":\"https:\\\/\\\/sagrinex.com\\\/shop\\\/\"},{\"@type\":\"ListItem\",\"position\":3,\"name\":\"Trelgo Trigano Mono Pm Motorradanh\u00e4nger \u2013 1 Schiene\"}]},{\"@type\":\"WebSite\",\"@id\":\"https:\\\/\\\/sagrinex.com\\\/#website\",\"url\":\"https:\\\/\\\/sagrinex.com\\\/\",\"name\":\"Sagrinex \u2013 Spezialist f\u00fcr Anh\u00e4nger, Container & Landtechnik\",\"description\":\"Anhaenger, Container &amp; Landtechnik \u2014 Online-Verkauf &amp; kostenloses Angebot\",\"publisher\":{\"@id\":\"https:\\\/\\\/sagrinex.com\\\/#organization\"},\"potentialAction\":[{\"@type\":\"SearchAction\",\"target\":{\"@type\":\"EntryPoint\",\"urlTemplate\":\"https:\\\/\\\/sagrinex.com\\\/?s={search_term_string}\"},\"query-input\":{\"@type\":\"PropertyValueSpecification\",\"valueRequired\":true,\"valueName\":\"search_term_string\"}}],\"inLanguage\":\"de\"},{\"@type\":\"Organization\",\"@id\":\"https:\\\/\\\/sagrinex.com\\\/#organization\",\"name\":\"Sagrinex \u2013 Remorques, Conteneurs & Mat\u00e9riel Agricole\",\"url\":\"https:\\\/\\\/sagrinex.com\\\/\",\"logo\":{\"@type\":\"ImageObject\",\"inLanguage\":\"de\",\"@id\":\"https:\\\/\\\/sagrinex.com\\\/#\\\/schema\\\/logo\\\/image\\\/\",\"url\":\"https:\\\/\\\/sagrinex.com\\\/wp-content\\\/uploads\\\/2026\\\/03\\\/7f1ac463-ef5a-425d-bdd6-a5da03a334a9-1024x683.png\",\"contentUrl\":\"https:\\\/\\\/sagrinex.com\\\/wp-content\\\/uploads\\\/2026\\\/03\\\/7f1ac463-ef5a-425d-bdd6-a5da03a334a9-1024x683.png\",\"width\":1024,\"height\":683,\"caption\":\"Sagrinex \u2013 Remorques, Conteneurs & Mat\u00e9riel Agricole\"},\"image\":{\"@id\":\"https:\\\/\\\/sagrinex.com\\\/#\\\/schema\\\/logo\\\/image\\\/\"}}]}<\/script>\n<!-- \/ Yoast SEO plugin. -->","yoast_head_json":{"title":"Trelgo Trigano Mono Pm Motorradanh\u00e4nger \u2013 1 Schiene - Sagrinex \u2013 Anhaenger, Container &amp; Landtechnik \ud83c\udf3e\ud83d\ude9c","robots":{"index":"index","follow":"follow","max-snippet":"max-snippet:-1","max-image-preview":"max-image-preview:large","max-video-preview":"max-video-preview:-1"},"canonical":"https:\/\/sagrinex.com\/produit\/trelgo-trigano-mono-pm-motorradanhaenger-1-schiene\/?lang=de","og_locale":"de_DE","og_type":"article","og_title":"Trelgo Trigano Mono Pm Motorradanh\u00e4nger \u2013 1 Schiene - Sagrinex \u2013 Anhaenger, Container &amp; Landtechnik \ud83c\udf3e\ud83d\ude9c","og_description":"Kompakt, leicht und f\u00fcr den gelegentlichen oder regelm\u00e4\u00dfigen Gebrauch konzipiert, ist der MONO PM Motorradanh\u00e4nger aus der TRIGANO-Reihe ideal f\u00fcr den sicheren Transport eines Motorrads. Es wird in Frankreich hergestellt und vereint Zuverl\u00e4ssigkeit, Man\u00f6vrierf\u00e4higkeit und Robustheit.","og_url":"https:\/\/sagrinex.com\/produit\/trelgo-trigano-mono-pm-motorradanhaenger-1-schiene\/?lang=de","og_site_name":"Sagrinex \u2013 Anhaenger, Container &amp; Landtechnik \ud83c\udf3e\ud83d\ude9c","article_modified_time":"2026-04-15T21:12:31+00:00","og_image":[{"width":445,"height":335,"url":"https:\/\/sagrinex.com\/wp-content\/uploads\/2026\/03\/Image-557.jpeg","type":"image\/jpeg"}],"twitter_card":"summary_large_image","twitter_misc":{"Gesch\u00e4tzte Lesezeit":"1\u00a0Minute"},"schema":{"@context":"https:\/\/schema.org","@graph":[{"@type":"WebPage","@id":"https:\/\/sagrinex.com\/produit\/trelgo-trigano-mono-pm-motorradanhaenger-1-schiene\/?lang=de","url":"https:\/\/sagrinex.com\/produit\/trelgo-trigano-mono-pm-motorradanhaenger-1-schiene\/?lang=de","name":"Trelgo Trigano Mono Pm Motorradanh\u00e4nger \u2013 1 Schiene - Sagrinex \u2013 Anhaenger, Container &amp; Landtechnik \ud83c\udf3e\ud83d\ude9c","isPartOf":{"@id":"https:\/\/sagrinex.com\/#website"},"primaryImageOfPage":{"@id":"https:\/\/sagrinex.com\/produit\/trelgo-trigano-mono-pm-motorradanhaenger-1-schiene\/?lang=de#primaryimage"},"image":{"@id":"https:\/\/sagrinex.com\/produit\/trelgo-trigano-mono-pm-motorradanhaenger-1-schiene\/?lang=de#primaryimage"},"thumbnailUrl":"https:\/\/sagrinex.com\/wp-content\/uploads\/2026\/03\/Image-557.jpeg","datePublished":"2026-04-15T17:15:45+00:00","dateModified":"2026-04-15T21:12:31+00:00","breadcrumb":{"@id":"https:\/\/sagrinex.com\/produit\/trelgo-trigano-mono-pm-motorradanhaenger-1-schiene\/?lang=de#breadcrumb"},"inLanguage":"de","potentialAction":[{"@type":"ReadAction","target":["https:\/\/sagrinex.com\/produit\/trelgo-trigano-mono-pm-motorradanhaenger-1-schiene\/?lang=de"]}]},{"@type":"ImageObject","inLanguage":"de","@id":"https:\/\/sagrinex.com\/produit\/trelgo-trigano-mono-pm-motorradanhaenger-1-schiene\/?lang=de#primaryimage","url":"https:\/\/sagrinex.com\/wp-content\/uploads\/2026\/03\/Image-557.jpeg","contentUrl":"https:\/\/sagrinex.com\/wp-content\/uploads\/2026\/03\/Image-557.jpeg","width":445,"height":335},{"@type":"BreadcrumbList","@id":"https:\/\/sagrinex.com\/produit\/trelgo-trigano-mono-pm-motorradanhaenger-1-schiene\/?lang=de#breadcrumb","itemListElement":[{"@type":"ListItem","position":1,"name":"Accueil","item":"https:\/\/sagrinex.com\/?lang=de"},{"@type":"ListItem","position":2,"name":"Shop","item":"https:\/\/sagrinex.com\/shop\/"},{"@type":"ListItem","position":3,"name":"Trelgo Trigano Mono Pm Motorradanh\u00e4nger \u2013 1 Schiene"}]},{"@type":"WebSite","@id":"https:\/\/sagrinex.com\/#website","url":"https:\/\/sagrinex.com\/","name":"Sagrinex \u2013 Spezialist f\u00fcr Anh\u00e4nger, Container & Landtechnik","description":"Anhaenger, Container &amp; Landtechnik \u2014 Online-Verkauf &amp; kostenloses Angebot","publisher":{"@id":"https:\/\/sagrinex.com\/#organization"},"potentialAction":[{"@type":"SearchAction","target":{"@type":"EntryPoint","urlTemplate":"https:\/\/sagrinex.com\/?s={search_term_string}"},"query-input":{"@type":"PropertyValueSpecification","valueRequired":true,"valueName":"search_term_string"}}],"inLanguage":"de"},{"@type":"Organization","@id":"https:\/\/sagrinex.com\/#organization","name":"Sagrinex \u2013 Remorques, Conteneurs & Mat\u00e9riel Agricole","url":"https:\/\/sagrinex.com\/","logo":{"@type":"ImageObject","inLanguage":"de","@id":"https:\/\/sagrinex.com\/#\/schema\/logo\/image\/","url":"https:\/\/sagrinex.com\/wp-content\/uploads\/2026\/03\/7f1ac463-ef5a-425d-bdd6-a5da03a334a9-1024x683.png","contentUrl":"https:\/\/sagrinex.com\/wp-content\/uploads\/2026\/03\/7f1ac463-ef5a-425d-bdd6-a5da03a334a9-1024x683.png","width":1024,"height":683,"caption":"Sagrinex \u2013 Remorques, Conteneurs & Mat\u00e9riel Agricole"},"image":{"@id":"https:\/\/sagrinex.com\/#\/schema\/logo\/image\/"}}]}},"jetpack_sharing_enabled":true,"_links":{"self":[{"href":"https:\/\/sagrinex.com\/de\/wp-json\/wp\/v2\/product\/17351","targetHints":{"allow":["GET"]}}],"collection":[{"href":"https:\/\/sagrinex.com\/de\/wp-json\/wp\/v2\/product"}],"about":[{"href":"https:\/\/sagrinex.com\/de\/wp-json\/wp\/v2\/types\/product"}],"replies":[{"embeddable":true,"href":"https:\/\/sagrinex.com\/de\/wp-json\/wp\/v2\/comments?post=17351"}],"version-history":[{"count":0,"href":"https:\/\/sagrinex.com\/de\/wp-json\/wp\/v2\/product\/17351\/revisions"}],"wp:featuredmedia":[{"embeddable":true,"href":"https:\/\/sagrinex.com\/de\/wp-json\/wp\/v2\/media\/10557"}],"wp:attachment":[{"href":"https:\/\/sagrinex.com\/de\/wp-json\/wp\/v2\/media?parent=17351"}],"wp:term":[{"taxonomy":"product_brand","embeddable":true,"href":"https:\/\/sagrinex.com\/de\/wp-json\/wp\/v2\/product_brand?post=17351"},{"taxonomy":"product_cat","embeddable":true,"href":"https:\/\/sagrinex.com\/de\/wp-json\/wp\/v2\/product_cat?post=17351"},{"taxonomy":"product_tag","embeddable":true,"href":"https:\/\/sagrinex.com\/de\/wp-json\/wp\/v2\/product_tag?post=17351"}],"curies":[{"name":"wp","href":"https:\/\/api.w.org\/{rel}","templated":true}]}}