{"id":17352,"date":"2026-04-15T17:16:09","date_gmt":"2026-04-15T17:16:09","guid":{"rendered":"https:\/\/sagrinex.com\/produit\/trelgo-trigano-mono-pro-motorradanhaenger-1-schiene\/"},"modified":"2026-04-15T21:12:31","modified_gmt":"2026-04-15T21:12:31","slug":"trelgo-trigano-mono-pro-motorradanhaenger-1-schiene","status":"publish","type":"product","link":"https:\/\/sagrinex.com\/de\/produit\/trelgo-trigano-mono-pro-motorradanhaenger-1-schiene\/","title":{"rendered":"Trelgo Trigano Mono Pro Motorradanh\u00e4nger \u2013 1 Schiene"},"content":{"rendered":"<p data-start=\"365\" data-end=\"398\"><strong data-start=\"365\" data-end=\"398\">Technische Eigenschaften :<\/strong><\/p>\n<ul>\n<li><strong data-start=\"402\" data-end=\"412\">Marke<\/strong> : TRELGO TRIGANO<\/li>\n<li><strong data-start=\"434\" data-end=\"443\">Baureihe<\/strong> : MONO<\/li>\n<li><strong data-start=\"455\" data-end=\"463\">PTAC<\/strong> : 350 kg<\/li>\n<li><strong data-start=\"477\" data-end=\"493\">Leergewicht<\/strong> : 80 kg<\/li>\n<li><strong data-start=\"506\" data-end=\"522\">Nutzlast<\/strong> : 270 kg<\/li>\n<li><strong data-start=\"536\" data-end=\"562\">Achstraglast<\/strong> : 350 kg<\/li>\n<li><strong data-start=\"576\" data-end=\"602\">Au\u00dfenabmessungen<\/strong> : 290 x 148 cm<\/li>\n<li><strong data-start=\"622\" data-end=\"639\">Nutzbreite<\/strong> : 100 cm<\/li>\n<li><strong data-start=\"653\" data-end=\"675\">Schienenmasse<\/strong> : 200 x 18 cm<\/li>\n<li><strong data-start=\"694\" data-end=\"713\">Anzahl der Schienen<\/strong> : 1<\/li>\n<li><strong data-start=\"722\" data-end=\"731\">R\u00e4der<\/strong> : 500 x 10<\/li>\n<li><strong data-start=\"747\" data-end=\"761\">Schutzbleche<\/strong> : gestanzter Stahl<\/li>\n<li><strong data-start=\"782\" data-end=\"803\">Kipprahmen<\/strong> : ja<\/li>\n<li><strong data-start=\"814\" data-end=\"824\">Deichsel<\/strong> : gebogene Deichsel<\/li>\n<li><strong data-start=\"844\" data-end=\"873\">Anh\u00e4nger ohne Zulassungspapiere<\/strong><\/li>\n<\/ul>\n<p data-start=\"877\" data-end=\"910\"><strong data-start=\"877\" data-end=\"910\">Ausr\u00fcstungen und St\u00e4rken :<\/strong><\/p>\n<ul>\n<li data-start=\"914\" data-end=\"973\">Integrierte Befestigungstraverse f\u00fcr bessere Stabilit\u00e4t<\/li>\n<li data-start=\"976\" data-end=\"1011\">R\u00fcckleuchten mit 6 Funktionen gesch\u00fctzt<\/li>\n<li data-start=\"1014\" data-end=\"1043\">Integrierte Zurrb\u00fcgel<\/li>\n<li data-start=\"1046\" data-end=\"1087\">Lagerung in vertikaler Position m\u00f6glich<\/li>\n<li data-start=\"1090\" data-end=\"1133\">Geliefert mit Schiene und Halteb\u00fcgel<\/li>\n<\/ul>\n<p data-start=\"1135\" data-end=\"1176\"><strong data-start=\"1135\" data-end=\"1176\">Zubeh\u00f6r im Lieferumfang enthalten :<\/strong><\/p>\n<ul>\n<li data-start=\"1180\" data-end=\"1210\">Ersatzrad mit Halterung<\/li>\n<li data-start=\"1213\" data-end=\"1249\">Auffahrrampe f\u00fcr Motorrad (168 cm)<\/li>\n<li data-start=\"1252\" data-end=\"1279\">St\u00fctzrad mit Befestigung<\/li>\n<li data-start=\"1282\" data-end=\"1291\">Diebstahlsicherung<\/li>\n<\/ul>\n","protected":false},"excerpt":{"rendered":"<p>Der Motorradanh\u00e4nger MONO PRO wurde f\u00fcr anspruchsvolle Benutzer entwickelt und vereint Robustheit, Funktionalit\u00e4t und 100 % franz\u00f6sische Fertigung. Er ist ideal f\u00fcr den sicheren Transport eines mittelschweren bis schweren Motorrads.<\/p>\n","protected":false},"featured_media":10548,"comment_status":"open","ping_status":"closed","template":"","meta":[],"product_brand":[],"product_cat":[356,352],"product_tag":[],"class_list":{"0":"post-17352","1":"product","2":"type-product","3":"status-publish","4":"has-post-thumbnail","6":"product_cat-motorrad-und-quad-anhaenger","7":"product_cat-unsere-trailer","9":"first","10":"instock","11":"shipping-taxable","12":"purchasable","13":"product-type-simple"},"yoast_head":"<!-- This site is optimized with the Yoast SEO plugin v27.5 - https:\/\/yoast.com\/product\/yoast-seo-wordpress\/ -->\n<title>Trelgo Trigano Mono Pro Motorradanh\u00e4nger \u2013 1 Schiene - Sagrinex \u2013 Anhaenger, Container &amp; Landtechnik \ud83c\udf3e\ud83d\ude9c<\/title>\n<meta name=\"robots\" content=\"index, follow, max-snippet:-1, max-image-preview:large, max-video-preview:-1\" \/>\n<link rel=\"canonical\" href=\"https:\/\/sagrinex.com\/produit\/trelgo-trigano-mono-pro-motorradanhaenger-1-schiene\/?lang=de\" \/>\n<meta property=\"og:locale\" content=\"de_DE\" \/>\n<meta property=\"og:type\" content=\"article\" \/>\n<meta property=\"og:title\" content=\"Trelgo Trigano Mono Pro Motorradanh\u00e4nger \u2013 1 Schiene - Sagrinex \u2013 Anhaenger, Container &amp; Landtechnik \ud83c\udf3e\ud83d\ude9c\" \/>\n<meta property=\"og:description\" content=\"Der Motorradanh\u00e4nger MONO PRO wurde f\u00fcr anspruchsvolle Benutzer entwickelt und vereint Robustheit, Funktionalit\u00e4t und 100 % franz\u00f6sische Fertigung. Er ist ideal f\u00fcr den sicheren Transport eines mittelschweren bis schweren Motorrads.\" \/>\n<meta property=\"og:url\" content=\"https:\/\/sagrinex.com\/produit\/trelgo-trigano-mono-pro-motorradanhaenger-1-schiene\/?lang=de\" \/>\n<meta property=\"og:site_name\" content=\"Sagrinex \u2013 Anhaenger, Container &amp; Landtechnik \ud83c\udf3e\ud83d\ude9c\" \/>\n<meta property=\"article:modified_time\" content=\"2026-04-15T21:12:31+00:00\" \/>\n<meta property=\"og:image\" content=\"https:\/\/sagrinex.com\/wp-content\/uploads\/2026\/03\/Image-556.jpeg\" \/>\n\t<meta property=\"og:image:width\" content=\"445\" \/>\n\t<meta property=\"og:image:height\" content=\"335\" \/>\n\t<meta property=\"og:image:type\" content=\"image\/jpeg\" \/>\n<meta name=\"twitter:card\" content=\"summary_large_image\" \/>\n<script type=\"application\/ld+json\" class=\"yoast-schema-graph\">{\"@context\":\"https:\\\/\\\/schema.org\",\"@graph\":[{\"@type\":\"WebPage\",\"@id\":\"https:\\\/\\\/sagrinex.com\\\/produit\\\/trelgo-trigano-mono-pro-motorradanhaenger-1-schiene\\\/?lang=de\",\"url\":\"https:\\\/\\\/sagrinex.com\\\/produit\\\/trelgo-trigano-mono-pro-motorradanhaenger-1-schiene\\\/?lang=de\",\"name\":\"Trelgo Trigano Mono Pro Motorradanh\u00e4nger \u2013 1 Schiene - Sagrinex \u2013 Anhaenger, Container &amp; Landtechnik \ud83c\udf3e\ud83d\ude9c\",\"isPartOf\":{\"@id\":\"https:\\\/\\\/sagrinex.com\\\/#website\"},\"primaryImageOfPage\":{\"@id\":\"https:\\\/\\\/sagrinex.com\\\/produit\\\/trelgo-trigano-mono-pro-motorradanhaenger-1-schiene\\\/?lang=de#primaryimage\"},\"image\":{\"@id\":\"https:\\\/\\\/sagrinex.com\\\/produit\\\/trelgo-trigano-mono-pro-motorradanhaenger-1-schiene\\\/?lang=de#primaryimage\"},\"thumbnailUrl\":\"https:\\\/\\\/sagrinex.com\\\/wp-content\\\/uploads\\\/2026\\\/03\\\/Image-556.jpeg\",\"datePublished\":\"2026-04-15T17:16:09+00:00\",\"dateModified\":\"2026-04-15T21:12:31+00:00\",\"breadcrumb\":{\"@id\":\"https:\\\/\\\/sagrinex.com\\\/produit\\\/trelgo-trigano-mono-pro-motorradanhaenger-1-schiene\\\/?lang=de#breadcrumb\"},\"inLanguage\":\"de\",\"potentialAction\":[{\"@type\":\"ReadAction\",\"target\":[\"https:\\\/\\\/sagrinex.com\\\/produit\\\/trelgo-trigano-mono-pro-motorradanhaenger-1-schiene\\\/?lang=de\"]}]},{\"@type\":\"ImageObject\",\"inLanguage\":\"de\",\"@id\":\"https:\\\/\\\/sagrinex.com\\\/produit\\\/trelgo-trigano-mono-pro-motorradanhaenger-1-schiene\\\/?lang=de#primaryimage\",\"url\":\"https:\\\/\\\/sagrinex.com\\\/wp-content\\\/uploads\\\/2026\\\/03\\\/Image-556.jpeg\",\"contentUrl\":\"https:\\\/\\\/sagrinex.com\\\/wp-content\\\/uploads\\\/2026\\\/03\\\/Image-556.jpeg\",\"width\":445,\"height\":335},{\"@type\":\"BreadcrumbList\",\"@id\":\"https:\\\/\\\/sagrinex.com\\\/produit\\\/trelgo-trigano-mono-pro-motorradanhaenger-1-schiene\\\/?lang=de#breadcrumb\",\"itemListElement\":[{\"@type\":\"ListItem\",\"position\":1,\"name\":\"Accueil\",\"item\":\"https:\\\/\\\/sagrinex.com\\\/?lang=de\"},{\"@type\":\"ListItem\",\"position\":2,\"name\":\"Shop\",\"item\":\"https:\\\/\\\/sagrinex.com\\\/shop\\\/\"},{\"@type\":\"ListItem\",\"position\":3,\"name\":\"Trelgo Trigano Mono Pro Motorradanh\u00e4nger \u2013 1 Schiene\"}]},{\"@type\":\"WebSite\",\"@id\":\"https:\\\/\\\/sagrinex.com\\\/#website\",\"url\":\"https:\\\/\\\/sagrinex.com\\\/\",\"name\":\"Sagrinex \u2013 Spezialist f\u00fcr Anh\u00e4nger, Container & Landtechnik\",\"description\":\"Anhaenger, Container &amp; Landtechnik \u2014 Online-Verkauf &amp; kostenloses Angebot\",\"publisher\":{\"@id\":\"https:\\\/\\\/sagrinex.com\\\/#organization\"},\"potentialAction\":[{\"@type\":\"SearchAction\",\"target\":{\"@type\":\"EntryPoint\",\"urlTemplate\":\"https:\\\/\\\/sagrinex.com\\\/?s={search_term_string}\"},\"query-input\":{\"@type\":\"PropertyValueSpecification\",\"valueRequired\":true,\"valueName\":\"search_term_string\"}}],\"inLanguage\":\"de\"},{\"@type\":\"Organization\",\"@id\":\"https:\\\/\\\/sagrinex.com\\\/#organization\",\"name\":\"Sagrinex \u2013 Remorques, Conteneurs & Mat\u00e9riel Agricole\",\"url\":\"https:\\\/\\\/sagrinex.com\\\/\",\"logo\":{\"@type\":\"ImageObject\",\"inLanguage\":\"de\",\"@id\":\"https:\\\/\\\/sagrinex.com\\\/#\\\/schema\\\/logo\\\/image\\\/\",\"url\":\"https:\\\/\\\/sagrinex.com\\\/wp-content\\\/uploads\\\/2026\\\/03\\\/7f1ac463-ef5a-425d-bdd6-a5da03a334a9-1024x683.png\",\"contentUrl\":\"https:\\\/\\\/sagrinex.com\\\/wp-content\\\/uploads\\\/2026\\\/03\\\/7f1ac463-ef5a-425d-bdd6-a5da03a334a9-1024x683.png\",\"width\":1024,\"height\":683,\"caption\":\"Sagrinex \u2013 Remorques, Conteneurs & Mat\u00e9riel Agricole\"},\"image\":{\"@id\":\"https:\\\/\\\/sagrinex.com\\\/#\\\/schema\\\/logo\\\/image\\\/\"}}]}<\/script>\n<!-- \/ Yoast SEO plugin. -->","yoast_head_json":{"title":"Trelgo Trigano Mono Pro Motorradanh\u00e4nger \u2013 1 Schiene - Sagrinex \u2013 Anhaenger, Container &amp; Landtechnik \ud83c\udf3e\ud83d\ude9c","robots":{"index":"index","follow":"follow","max-snippet":"max-snippet:-1","max-image-preview":"max-image-preview:large","max-video-preview":"max-video-preview:-1"},"canonical":"https:\/\/sagrinex.com\/produit\/trelgo-trigano-mono-pro-motorradanhaenger-1-schiene\/?lang=de","og_locale":"de_DE","og_type":"article","og_title":"Trelgo Trigano Mono Pro Motorradanh\u00e4nger \u2013 1 Schiene - Sagrinex \u2013 Anhaenger, Container &amp; Landtechnik \ud83c\udf3e\ud83d\ude9c","og_description":"Der Motorradanh\u00e4nger MONO PRO wurde f\u00fcr anspruchsvolle Benutzer entwickelt und vereint Robustheit, Funktionalit\u00e4t und 100 % franz\u00f6sische Fertigung. Er ist ideal f\u00fcr den sicheren Transport eines mittelschweren bis schweren Motorrads.","og_url":"https:\/\/sagrinex.com\/produit\/trelgo-trigano-mono-pro-motorradanhaenger-1-schiene\/?lang=de","og_site_name":"Sagrinex \u2013 Anhaenger, Container &amp; Landtechnik \ud83c\udf3e\ud83d\ude9c","article_modified_time":"2026-04-15T21:12:31+00:00","og_image":[{"width":445,"height":335,"url":"https:\/\/sagrinex.com\/wp-content\/uploads\/2026\/03\/Image-556.jpeg","type":"image\/jpeg"}],"twitter_card":"summary_large_image","schema":{"@context":"https:\/\/schema.org","@graph":[{"@type":"WebPage","@id":"https:\/\/sagrinex.com\/produit\/trelgo-trigano-mono-pro-motorradanhaenger-1-schiene\/?lang=de","url":"https:\/\/sagrinex.com\/produit\/trelgo-trigano-mono-pro-motorradanhaenger-1-schiene\/?lang=de","name":"Trelgo Trigano Mono Pro Motorradanh\u00e4nger \u2013 1 Schiene - Sagrinex \u2013 Anhaenger, Container &amp; Landtechnik \ud83c\udf3e\ud83d\ude9c","isPartOf":{"@id":"https:\/\/sagrinex.com\/#website"},"primaryImageOfPage":{"@id":"https:\/\/sagrinex.com\/produit\/trelgo-trigano-mono-pro-motorradanhaenger-1-schiene\/?lang=de#primaryimage"},"image":{"@id":"https:\/\/sagrinex.com\/produit\/trelgo-trigano-mono-pro-motorradanhaenger-1-schiene\/?lang=de#primaryimage"},"thumbnailUrl":"https:\/\/sagrinex.com\/wp-content\/uploads\/2026\/03\/Image-556.jpeg","datePublished":"2026-04-15T17:16:09+00:00","dateModified":"2026-04-15T21:12:31+00:00","breadcrumb":{"@id":"https:\/\/sagrinex.com\/produit\/trelgo-trigano-mono-pro-motorradanhaenger-1-schiene\/?lang=de#breadcrumb"},"inLanguage":"de","potentialAction":[{"@type":"ReadAction","target":["https:\/\/sagrinex.com\/produit\/trelgo-trigano-mono-pro-motorradanhaenger-1-schiene\/?lang=de"]}]},{"@type":"ImageObject","inLanguage":"de","@id":"https:\/\/sagrinex.com\/produit\/trelgo-trigano-mono-pro-motorradanhaenger-1-schiene\/?lang=de#primaryimage","url":"https:\/\/sagrinex.com\/wp-content\/uploads\/2026\/03\/Image-556.jpeg","contentUrl":"https:\/\/sagrinex.com\/wp-content\/uploads\/2026\/03\/Image-556.jpeg","width":445,"height":335},{"@type":"BreadcrumbList","@id":"https:\/\/sagrinex.com\/produit\/trelgo-trigano-mono-pro-motorradanhaenger-1-schiene\/?lang=de#breadcrumb","itemListElement":[{"@type":"ListItem","position":1,"name":"Accueil","item":"https:\/\/sagrinex.com\/?lang=de"},{"@type":"ListItem","position":2,"name":"Shop","item":"https:\/\/sagrinex.com\/shop\/"},{"@type":"ListItem","position":3,"name":"Trelgo Trigano Mono Pro Motorradanh\u00e4nger \u2013 1 Schiene"}]},{"@type":"WebSite","@id":"https:\/\/sagrinex.com\/#website","url":"https:\/\/sagrinex.com\/","name":"Sagrinex \u2013 Spezialist f\u00fcr Anh\u00e4nger, Container & Landtechnik","description":"Anhaenger, Container &amp; Landtechnik \u2014 Online-Verkauf &amp; kostenloses Angebot","publisher":{"@id":"https:\/\/sagrinex.com\/#organization"},"potentialAction":[{"@type":"SearchAction","target":{"@type":"EntryPoint","urlTemplate":"https:\/\/sagrinex.com\/?s={search_term_string}"},"query-input":{"@type":"PropertyValueSpecification","valueRequired":true,"valueName":"search_term_string"}}],"inLanguage":"de"},{"@type":"Organization","@id":"https:\/\/sagrinex.com\/#organization","name":"Sagrinex \u2013 Remorques, Conteneurs & Mat\u00e9riel Agricole","url":"https:\/\/sagrinex.com\/","logo":{"@type":"ImageObject","inLanguage":"de","@id":"https:\/\/sagrinex.com\/#\/schema\/logo\/image\/","url":"https:\/\/sagrinex.com\/wp-content\/uploads\/2026\/03\/7f1ac463-ef5a-425d-bdd6-a5da03a334a9-1024x683.png","contentUrl":"https:\/\/sagrinex.com\/wp-content\/uploads\/2026\/03\/7f1ac463-ef5a-425d-bdd6-a5da03a334a9-1024x683.png","width":1024,"height":683,"caption":"Sagrinex \u2013 Remorques, Conteneurs & Mat\u00e9riel Agricole"},"image":{"@id":"https:\/\/sagrinex.com\/#\/schema\/logo\/image\/"}}]}},"jetpack_sharing_enabled":true,"_links":{"self":[{"href":"https:\/\/sagrinex.com\/de\/wp-json\/wp\/v2\/product\/17352","targetHints":{"allow":["GET"]}}],"collection":[{"href":"https:\/\/sagrinex.com\/de\/wp-json\/wp\/v2\/product"}],"about":[{"href":"https:\/\/sagrinex.com\/de\/wp-json\/wp\/v2\/types\/product"}],"replies":[{"embeddable":true,"href":"https:\/\/sagrinex.com\/de\/wp-json\/wp\/v2\/comments?post=17352"}],"version-history":[{"count":0,"href":"https:\/\/sagrinex.com\/de\/wp-json\/wp\/v2\/product\/17352\/revisions"}],"wp:featuredmedia":[{"embeddable":true,"href":"https:\/\/sagrinex.com\/de\/wp-json\/wp\/v2\/media\/10548"}],"wp:attachment":[{"href":"https:\/\/sagrinex.com\/de\/wp-json\/wp\/v2\/media?parent=17352"}],"wp:term":[{"taxonomy":"product_brand","embeddable":true,"href":"https:\/\/sagrinex.com\/de\/wp-json\/wp\/v2\/product_brand?post=17352"},{"taxonomy":"product_cat","embeddable":true,"href":"https:\/\/sagrinex.com\/de\/wp-json\/wp\/v2\/product_cat?post=17352"},{"taxonomy":"product_tag","embeddable":true,"href":"https:\/\/sagrinex.com\/de\/wp-json\/wp\/v2\/product_tag?post=17352"}],"curies":[{"name":"wp","href":"https:\/\/api.w.org\/{rel}","templated":true}]}}