{"id":17353,"date":"2026-04-15T17:16:29","date_gmt":"2026-04-15T17:16:29","guid":{"rendered":"https:\/\/sagrinex.com\/produit\/hubiere-tpg-3502-35-optima\/"},"modified":"2026-04-15T21:12:31","modified_gmt":"2026-04-15T21:12:31","slug":"hubiere-tpg-3502-35-optima","status":"publish","type":"product","link":"https:\/\/sagrinex.com\/de\/produit\/hubiere-tpg-3502-35-optima\/","title":{"rendered":"Hubi\u00e8re Tpg 3502 35 (optima)"},"content":{"rendered":"<p><strong>Eigenschaften:<\/strong><\/p>\n<ul>\n<li>Marke: HUBIERE<\/li>\n<li>Zul\u00e4ssiges H\u00f6chstgewicht (PMA): 3500 kg<\/li>\n<li>Leergewicht: 750 kg<\/li>\n<li>Nutzlast: 2750 kg<\/li>\n<li>Mindestgewicht: 3000 kg<\/li>\n<li>Maximale Tara: 3500 kg<\/li>\n<li>Achsen: 2<\/li>\n<li>Achswiderstand: 1800 kg<\/li>\n<li>Bremsen: Gebremst<\/li>\n<li>R\u00e4der: 14<\/li>\n<li>Ersatzrad: Optional<\/li>\n<li>Klimmzugstange: verstellbar<\/li>\n<li>St\u00fctzrad: Im Lieferumfang enthalten<\/li>\n<li>Rampenrahmen: Nein<\/li>\n<li>LED-Leuchten: Nein<\/li>\n<li>Radposition: Au\u00dfen<\/li>\n<li>Nutzl\u00e4nge: 3560 mm<\/li>\n<li>Nutzbreite: 1700 mm<\/li>\n<li>Bodenart: Holz<\/li>\n<li>Shim: Option<\/li>\n<li>Rampen: Rampe<\/li>\n<li>L\u00e4nge der Rampen: 1450 mm<\/li>\n<li>Abmessungen: 3560 x 1700 mm<\/li>\n<\/ul>\n<p><strong>Optionen:<\/strong><\/p>\n<ul>\n<li>Ersatzrad + Ersatzradhalter<\/li>\n<li>Kugelkupplung \u00d8 50<\/li>\n<li>Einstellbarer Lastanschlag, 3 Positionen<\/li>\n<li>Zurrset mit 4 Ketten<\/li>\n<\/ul>\n","protected":false},"excerpt":{"rendered":"<p>Der extragro\u00dfe Ger\u00e4teanh\u00e4nger TPG ist f\u00fcr den Transport von Minibaggern und Kompaktger\u00e4ten konzipiert.<\/p>\n<p>Ausgestattet mit zwei Achsen und den richtigen Abmessungen und Nutzlast verf\u00fcgt der extrabreite Ger\u00e4teanh\u00e4nger serienm\u00e4\u00dfig \u00fcber einen durchgehenden Boden, breitenverstellbare Aluminiumrampen und eine h\u00f6henverstellbare Deichsel der n\u00e4chsten Generation f\u00fcr verschiedenste Anbauger\u00e4te.<\/p>\n<p>Die TPG-Serie ist f\u00fcr den Transport von Minibaggern und Kompaktmaschinen konzipiert. OPTIMA Parallelogramm-Klimmzugstange mit niedrigem Profil und einstellbarer H\u00f6he (von 0,30 bis 0,80 m).<\/p>\n","protected":false},"featured_media":10539,"comment_status":"open","ping_status":"closed","template":"","meta":[],"product_brand":[],"product_cat":[358,352],"product_tag":[],"class_list":{"0":"post-17353","1":"product","2":"type-product","3":"status-publish","4":"has-post-thumbnail","6":"product_cat-anhaenger-fuer-den-schwermaschinentransport","7":"product_cat-unsere-trailer","9":"first","10":"instock","11":"shipping-taxable","12":"purchasable","13":"product-type-simple"},"yoast_head":"<!-- This site is optimized with the Yoast SEO plugin v27.5 - https:\/\/yoast.com\/product\/yoast-seo-wordpress\/ -->\n<title>Hubi\u00e8re Tpg 3502 35 (optima) - Sagrinex \u2013 Anhaenger, Container &amp; Landtechnik \ud83c\udf3e\ud83d\ude9c<\/title>\n<meta name=\"robots\" content=\"index, follow, max-snippet:-1, max-image-preview:large, max-video-preview:-1\" \/>\n<link rel=\"canonical\" href=\"https:\/\/sagrinex.com\/produit\/hubiere-tpg-3502-35-optima\/?lang=de\" \/>\n<meta property=\"og:locale\" content=\"de_DE\" \/>\n<meta property=\"og:type\" content=\"article\" \/>\n<meta property=\"og:title\" content=\"Hubi\u00e8re Tpg 3502 35 (optima) - Sagrinex \u2013 Anhaenger, Container &amp; Landtechnik \ud83c\udf3e\ud83d\ude9c\" \/>\n<meta property=\"og:description\" content=\"Der extragro\u00dfe Ger\u00e4teanh\u00e4nger TPG ist f\u00fcr den Transport von Minibaggern und Kompaktger\u00e4ten konzipiert. Ausgestattet mit zwei Achsen und den richtigen Abmessungen und Nutzlast verf\u00fcgt der extrabreite Ger\u00e4teanh\u00e4nger serienm\u00e4\u00dfig \u00fcber einen durchgehenden Boden, breitenverstellbare Aluminiumrampen und eine h\u00f6henverstellbare Deichsel der n\u00e4chsten Generation f\u00fcr verschiedenste Anbauger\u00e4te. Die TPG-Serie ist f\u00fcr den Transport von Minibaggern und Kompaktmaschinen konzipiert. OPTIMA Parallelogramm-Klimmzugstange mit niedrigem Profil und einstellbarer H\u00f6he (von 0,30 bis 0,80 m).\" \/>\n<meta property=\"og:url\" content=\"https:\/\/sagrinex.com\/produit\/hubiere-tpg-3502-35-optima\/?lang=de\" \/>\n<meta property=\"og:site_name\" content=\"Sagrinex \u2013 Anhaenger, Container &amp; Landtechnik \ud83c\udf3e\ud83d\ude9c\" \/>\n<meta property=\"article:modified_time\" content=\"2026-04-15T21:12:31+00:00\" \/>\n<meta property=\"og:image\" content=\"https:\/\/sagrinex.com\/wp-content\/uploads\/2026\/03\/Image-555.jpeg\" \/>\n\t<meta property=\"og:image:width\" content=\"488\" \/>\n\t<meta property=\"og:image:height\" content=\"488\" \/>\n\t<meta property=\"og:image:type\" content=\"image\/jpeg\" \/>\n<meta name=\"twitter:card\" content=\"summary_large_image\" \/>\n<script type=\"application\/ld+json\" class=\"yoast-schema-graph\">{\"@context\":\"https:\\\/\\\/schema.org\",\"@graph\":[{\"@type\":\"WebPage\",\"@id\":\"https:\\\/\\\/sagrinex.com\\\/produit\\\/hubiere-tpg-3502-35-optima\\\/?lang=de\",\"url\":\"https:\\\/\\\/sagrinex.com\\\/produit\\\/hubiere-tpg-3502-35-optima\\\/?lang=de\",\"name\":\"Hubi\u00e8re Tpg 3502 35 (optima) - Sagrinex \u2013 Anhaenger, Container &amp; Landtechnik \ud83c\udf3e\ud83d\ude9c\",\"isPartOf\":{\"@id\":\"https:\\\/\\\/sagrinex.com\\\/#website\"},\"primaryImageOfPage\":{\"@id\":\"https:\\\/\\\/sagrinex.com\\\/produit\\\/hubiere-tpg-3502-35-optima\\\/?lang=de#primaryimage\"},\"image\":{\"@id\":\"https:\\\/\\\/sagrinex.com\\\/produit\\\/hubiere-tpg-3502-35-optima\\\/?lang=de#primaryimage\"},\"thumbnailUrl\":\"https:\\\/\\\/sagrinex.com\\\/wp-content\\\/uploads\\\/2026\\\/03\\\/Image-555.jpeg\",\"datePublished\":\"2026-04-15T17:16:29+00:00\",\"dateModified\":\"2026-04-15T21:12:31+00:00\",\"breadcrumb\":{\"@id\":\"https:\\\/\\\/sagrinex.com\\\/produit\\\/hubiere-tpg-3502-35-optima\\\/?lang=de#breadcrumb\"},\"inLanguage\":\"de\",\"potentialAction\":[{\"@type\":\"ReadAction\",\"target\":[\"https:\\\/\\\/sagrinex.com\\\/produit\\\/hubiere-tpg-3502-35-optima\\\/?lang=de\"]}]},{\"@type\":\"ImageObject\",\"inLanguage\":\"de\",\"@id\":\"https:\\\/\\\/sagrinex.com\\\/produit\\\/hubiere-tpg-3502-35-optima\\\/?lang=de#primaryimage\",\"url\":\"https:\\\/\\\/sagrinex.com\\\/wp-content\\\/uploads\\\/2026\\\/03\\\/Image-555.jpeg\",\"contentUrl\":\"https:\\\/\\\/sagrinex.com\\\/wp-content\\\/uploads\\\/2026\\\/03\\\/Image-555.jpeg\",\"width\":488,\"height\":488},{\"@type\":\"BreadcrumbList\",\"@id\":\"https:\\\/\\\/sagrinex.com\\\/produit\\\/hubiere-tpg-3502-35-optima\\\/?lang=de#breadcrumb\",\"itemListElement\":[{\"@type\":\"ListItem\",\"position\":1,\"name\":\"Accueil\",\"item\":\"https:\\\/\\\/sagrinex.com\\\/?lang=de\"},{\"@type\":\"ListItem\",\"position\":2,\"name\":\"Shop\",\"item\":\"https:\\\/\\\/sagrinex.com\\\/shop\\\/\"},{\"@type\":\"ListItem\",\"position\":3,\"name\":\"Hubi\u00e8re Tpg 3502 35 (optima)\"}]},{\"@type\":\"WebSite\",\"@id\":\"https:\\\/\\\/sagrinex.com\\\/#website\",\"url\":\"https:\\\/\\\/sagrinex.com\\\/\",\"name\":\"Sagrinex \u2013 Spezialist f\u00fcr Anh\u00e4nger, Container & Landtechnik\",\"description\":\"Anhaenger, Container &amp; Landtechnik \u2014 Online-Verkauf &amp; kostenloses Angebot\",\"publisher\":{\"@id\":\"https:\\\/\\\/sagrinex.com\\\/#organization\"},\"potentialAction\":[{\"@type\":\"SearchAction\",\"target\":{\"@type\":\"EntryPoint\",\"urlTemplate\":\"https:\\\/\\\/sagrinex.com\\\/?s={search_term_string}\"},\"query-input\":{\"@type\":\"PropertyValueSpecification\",\"valueRequired\":true,\"valueName\":\"search_term_string\"}}],\"inLanguage\":\"de\"},{\"@type\":\"Organization\",\"@id\":\"https:\\\/\\\/sagrinex.com\\\/#organization\",\"name\":\"Sagrinex \u2013 Remorques, Conteneurs & Mat\u00e9riel Agricole\",\"url\":\"https:\\\/\\\/sagrinex.com\\\/\",\"logo\":{\"@type\":\"ImageObject\",\"inLanguage\":\"de\",\"@id\":\"https:\\\/\\\/sagrinex.com\\\/#\\\/schema\\\/logo\\\/image\\\/\",\"url\":\"https:\\\/\\\/sagrinex.com\\\/wp-content\\\/uploads\\\/2026\\\/03\\\/7f1ac463-ef5a-425d-bdd6-a5da03a334a9-1024x683.png\",\"contentUrl\":\"https:\\\/\\\/sagrinex.com\\\/wp-content\\\/uploads\\\/2026\\\/03\\\/7f1ac463-ef5a-425d-bdd6-a5da03a334a9-1024x683.png\",\"width\":1024,\"height\":683,\"caption\":\"Sagrinex \u2013 Remorques, Conteneurs & Mat\u00e9riel Agricole\"},\"image\":{\"@id\":\"https:\\\/\\\/sagrinex.com\\\/#\\\/schema\\\/logo\\\/image\\\/\"}}]}<\/script>\n<!-- \/ Yoast SEO plugin. -->","yoast_head_json":{"title":"Hubi\u00e8re Tpg 3502 35 (optima) - Sagrinex \u2013 Anhaenger, Container &amp; Landtechnik \ud83c\udf3e\ud83d\ude9c","robots":{"index":"index","follow":"follow","max-snippet":"max-snippet:-1","max-image-preview":"max-image-preview:large","max-video-preview":"max-video-preview:-1"},"canonical":"https:\/\/sagrinex.com\/produit\/hubiere-tpg-3502-35-optima\/?lang=de","og_locale":"de_DE","og_type":"article","og_title":"Hubi\u00e8re Tpg 3502 35 (optima) - Sagrinex \u2013 Anhaenger, Container &amp; Landtechnik \ud83c\udf3e\ud83d\ude9c","og_description":"Der extragro\u00dfe Ger\u00e4teanh\u00e4nger TPG ist f\u00fcr den Transport von Minibaggern und Kompaktger\u00e4ten konzipiert. Ausgestattet mit zwei Achsen und den richtigen Abmessungen und Nutzlast verf\u00fcgt der extrabreite Ger\u00e4teanh\u00e4nger serienm\u00e4\u00dfig \u00fcber einen durchgehenden Boden, breitenverstellbare Aluminiumrampen und eine h\u00f6henverstellbare Deichsel der n\u00e4chsten Generation f\u00fcr verschiedenste Anbauger\u00e4te. Die TPG-Serie ist f\u00fcr den Transport von Minibaggern und Kompaktmaschinen konzipiert. OPTIMA Parallelogramm-Klimmzugstange mit niedrigem Profil und einstellbarer H\u00f6he (von 0,30 bis 0,80 m).","og_url":"https:\/\/sagrinex.com\/produit\/hubiere-tpg-3502-35-optima\/?lang=de","og_site_name":"Sagrinex \u2013 Anhaenger, Container &amp; Landtechnik \ud83c\udf3e\ud83d\ude9c","article_modified_time":"2026-04-15T21:12:31+00:00","og_image":[{"width":488,"height":488,"url":"https:\/\/sagrinex.com\/wp-content\/uploads\/2026\/03\/Image-555.jpeg","type":"image\/jpeg"}],"twitter_card":"summary_large_image","schema":{"@context":"https:\/\/schema.org","@graph":[{"@type":"WebPage","@id":"https:\/\/sagrinex.com\/produit\/hubiere-tpg-3502-35-optima\/?lang=de","url":"https:\/\/sagrinex.com\/produit\/hubiere-tpg-3502-35-optima\/?lang=de","name":"Hubi\u00e8re Tpg 3502 35 (optima) - Sagrinex \u2013 Anhaenger, Container &amp; Landtechnik \ud83c\udf3e\ud83d\ude9c","isPartOf":{"@id":"https:\/\/sagrinex.com\/#website"},"primaryImageOfPage":{"@id":"https:\/\/sagrinex.com\/produit\/hubiere-tpg-3502-35-optima\/?lang=de#primaryimage"},"image":{"@id":"https:\/\/sagrinex.com\/produit\/hubiere-tpg-3502-35-optima\/?lang=de#primaryimage"},"thumbnailUrl":"https:\/\/sagrinex.com\/wp-content\/uploads\/2026\/03\/Image-555.jpeg","datePublished":"2026-04-15T17:16:29+00:00","dateModified":"2026-04-15T21:12:31+00:00","breadcrumb":{"@id":"https:\/\/sagrinex.com\/produit\/hubiere-tpg-3502-35-optima\/?lang=de#breadcrumb"},"inLanguage":"de","potentialAction":[{"@type":"ReadAction","target":["https:\/\/sagrinex.com\/produit\/hubiere-tpg-3502-35-optima\/?lang=de"]}]},{"@type":"ImageObject","inLanguage":"de","@id":"https:\/\/sagrinex.com\/produit\/hubiere-tpg-3502-35-optima\/?lang=de#primaryimage","url":"https:\/\/sagrinex.com\/wp-content\/uploads\/2026\/03\/Image-555.jpeg","contentUrl":"https:\/\/sagrinex.com\/wp-content\/uploads\/2026\/03\/Image-555.jpeg","width":488,"height":488},{"@type":"BreadcrumbList","@id":"https:\/\/sagrinex.com\/produit\/hubiere-tpg-3502-35-optima\/?lang=de#breadcrumb","itemListElement":[{"@type":"ListItem","position":1,"name":"Accueil","item":"https:\/\/sagrinex.com\/?lang=de"},{"@type":"ListItem","position":2,"name":"Shop","item":"https:\/\/sagrinex.com\/shop\/"},{"@type":"ListItem","position":3,"name":"Hubi\u00e8re Tpg 3502 35 (optima)"}]},{"@type":"WebSite","@id":"https:\/\/sagrinex.com\/#website","url":"https:\/\/sagrinex.com\/","name":"Sagrinex \u2013 Spezialist f\u00fcr Anh\u00e4nger, Container & Landtechnik","description":"Anhaenger, Container &amp; Landtechnik \u2014 Online-Verkauf &amp; kostenloses Angebot","publisher":{"@id":"https:\/\/sagrinex.com\/#organization"},"potentialAction":[{"@type":"SearchAction","target":{"@type":"EntryPoint","urlTemplate":"https:\/\/sagrinex.com\/?s={search_term_string}"},"query-input":{"@type":"PropertyValueSpecification","valueRequired":true,"valueName":"search_term_string"}}],"inLanguage":"de"},{"@type":"Organization","@id":"https:\/\/sagrinex.com\/#organization","name":"Sagrinex \u2013 Remorques, Conteneurs & Mat\u00e9riel Agricole","url":"https:\/\/sagrinex.com\/","logo":{"@type":"ImageObject","inLanguage":"de","@id":"https:\/\/sagrinex.com\/#\/schema\/logo\/image\/","url":"https:\/\/sagrinex.com\/wp-content\/uploads\/2026\/03\/7f1ac463-ef5a-425d-bdd6-a5da03a334a9-1024x683.png","contentUrl":"https:\/\/sagrinex.com\/wp-content\/uploads\/2026\/03\/7f1ac463-ef5a-425d-bdd6-a5da03a334a9-1024x683.png","width":1024,"height":683,"caption":"Sagrinex \u2013 Remorques, Conteneurs & Mat\u00e9riel Agricole"},"image":{"@id":"https:\/\/sagrinex.com\/#\/schema\/logo\/image\/"}}]}},"jetpack_sharing_enabled":true,"_links":{"self":[{"href":"https:\/\/sagrinex.com\/de\/wp-json\/wp\/v2\/product\/17353","targetHints":{"allow":["GET"]}}],"collection":[{"href":"https:\/\/sagrinex.com\/de\/wp-json\/wp\/v2\/product"}],"about":[{"href":"https:\/\/sagrinex.com\/de\/wp-json\/wp\/v2\/types\/product"}],"replies":[{"embeddable":true,"href":"https:\/\/sagrinex.com\/de\/wp-json\/wp\/v2\/comments?post=17353"}],"version-history":[{"count":0,"href":"https:\/\/sagrinex.com\/de\/wp-json\/wp\/v2\/product\/17353\/revisions"}],"wp:featuredmedia":[{"embeddable":true,"href":"https:\/\/sagrinex.com\/de\/wp-json\/wp\/v2\/media\/10539"}],"wp:attachment":[{"href":"https:\/\/sagrinex.com\/de\/wp-json\/wp\/v2\/media?parent=17353"}],"wp:term":[{"taxonomy":"product_brand","embeddable":true,"href":"https:\/\/sagrinex.com\/de\/wp-json\/wp\/v2\/product_brand?post=17353"},{"taxonomy":"product_cat","embeddable":true,"href":"https:\/\/sagrinex.com\/de\/wp-json\/wp\/v2\/product_cat?post=17353"},{"taxonomy":"product_tag","embeddable":true,"href":"https:\/\/sagrinex.com\/de\/wp-json\/wp\/v2\/product_tag?post=17353"}],"curies":[{"name":"wp","href":"https:\/\/api.w.org\/{rel}","templated":true}]}}