{"id":17354,"date":"2026-04-15T17:16:49","date_gmt":"2026-04-15T17:16:49","guid":{"rendered":"https:\/\/sagrinex.com\/produit\/hubiere-transporter-lkw-tpf-2502-30\/"},"modified":"2026-04-15T21:12:31","modified_gmt":"2026-04-15T21:12:31","slug":"hubiere-transporter-lkw-tpf-2502-30","status":"publish","type":"product","link":"https:\/\/sagrinex.com\/de\/produit\/hubiere-transporter-lkw-tpf-2502-30\/","title":{"rendered":"Hubi\u00e8re Transporter Lkw Tpf 2502 30"},"content":{"rendered":"<p><strong>Eigenschaften:<\/strong><\/p>\n<ul>\n<li><strong>Marke:<\/strong>\u00a0Hubi\u00e8re<\/li>\n<li><strong>Maximal zul\u00e4ssiges Fahrzeuggewicht (GVWR):<\/strong>\u00a02.500 kg<\/li>\n<li><strong>Leergewicht:<\/strong>\u00a0630 kg<\/li>\n<li><strong>Nutzlast:<\/strong>\u00a01.870 kg<\/li>\n<li><strong>Mindesttara:<\/strong>\u00a02.000 kg<\/li>\n<li><strong>Maximales Tara:<\/strong>\u00a02.500 kg<\/li>\n<li><strong>Achsen:<\/strong>\u00a02<\/li>\n<li><strong>Achsst\u00e4rke:<\/strong>\u00a01.300 kg<\/li>\n<li><strong>Bremsen:<\/strong>\u00a0Gebremst<\/li>\n<li><strong>R\u00e4der:<\/strong>\u00a014<\/li>\n<li><strong>Ersatzrad:<\/strong>\u00a0Optional<\/li>\n<li><strong>Klimmzugstange:<\/strong>\u00a0Einstellbar<\/li>\n<li><strong>St\u00fctzrad:<\/strong>\u00a0Enthalten<\/li>\n<li><strong>Rampenrahmen:<\/strong>\u00a0Nein<\/li>\n<li><strong>LED-Leuchten:<\/strong>\u00a0Nein<\/li>\n<li><strong>Radposition:<\/strong>\u00a0Extern<\/li>\n<li><strong>Nutzl\u00e4nge:<\/strong>\u00a03.060 mm<\/li>\n<li><strong>Nutzbreite:<\/strong>\u00a01700 mm<\/li>\n<li><strong>Bodenart:<\/strong>\u00a0Holz<\/li>\n<li><strong>Halten:<\/strong>\u00a0Option<\/li>\n<li><strong>Rampen:<\/strong>\u00a0Rampen<\/li>\n<li><strong>L\u00e4nge der Rampen:<\/strong>\u00a01.450 mm<\/li>\n<li><strong>Abmessungen:<\/strong>\u00a03060 x 1700 mm<\/li>\n<\/ul>\n","protected":false},"excerpt":{"rendered":"<ul>\n<li><strong>PMA:<\/strong>\u00a02500 kg<\/li>\n<li><strong>Nutzlast:<\/strong>\u00a01870 kg<\/li>\n<li><strong>Achsen:<\/strong>\u00a0Doppelachse<\/li>\n<\/ul>\n<p>Der TPF-Ger\u00e4teanh\u00e4nger ist f\u00fcr den Transport von Minibaggern, Walzen oder verschiedenen Ger\u00e4ten konzipiert.<\/p>\n<p>Zus\u00e4tzlich zu seinen technischen Qualit\u00e4ten ist der Anh\u00e4nger serienm\u00e4\u00dfig ausgestattet mit:<\/p>\n<ul>\n<li>Monocoque-Kanten<\/li>\n<li>Holzboden \u00fcber die gesamte Breite<\/li>\n<li>Automatische Hinterladef\u00fc\u00dfe<\/li>\n<li>Breitenverstellbare Rampen<\/li>\n<\/ul>\n","protected":false},"featured_media":10530,"comment_status":"open","ping_status":"closed","template":"","meta":[],"product_brand":[],"product_cat":[358,352],"product_tag":[],"class_list":{"0":"post-17354","1":"product","2":"type-product","3":"status-publish","4":"has-post-thumbnail","6":"product_cat-anhaenger-fuer-den-schwermaschinentransport","7":"product_cat-unsere-trailer","9":"first","10":"instock","11":"shipping-taxable","12":"purchasable","13":"product-type-simple"},"yoast_head":"<!-- This site is optimized with the Yoast SEO plugin v27.5 - https:\/\/yoast.com\/product\/yoast-seo-wordpress\/ -->\n<title>Hubi\u00e8re Transporter Lkw Tpf 2502 30 - Sagrinex \u2013 Anhaenger, Container &amp; Landtechnik \ud83c\udf3e\ud83d\ude9c<\/title>\n<meta name=\"robots\" content=\"index, follow, max-snippet:-1, max-image-preview:large, max-video-preview:-1\" \/>\n<link rel=\"canonical\" href=\"https:\/\/sagrinex.com\/produit\/hubiere-transporter-lkw-tpf-2502-30\/?lang=de\" \/>\n<meta property=\"og:locale\" content=\"de_DE\" \/>\n<meta property=\"og:type\" content=\"article\" \/>\n<meta property=\"og:title\" content=\"Hubi\u00e8re Transporter Lkw Tpf 2502 30 - Sagrinex \u2013 Anhaenger, Container &amp; Landtechnik \ud83c\udf3e\ud83d\ude9c\" \/>\n<meta property=\"og:description\" content=\"PMA:\u00a02500 kg Nutzlast:\u00a01870 kg Achsen:\u00a0Doppelachse Der TPF-Ger\u00e4teanh\u00e4nger ist f\u00fcr den Transport von Minibaggern, Walzen oder verschiedenen Ger\u00e4ten konzipiert. Zus\u00e4tzlich zu seinen technischen Qualit\u00e4ten ist der Anh\u00e4nger serienm\u00e4\u00dfig ausgestattet mit: Monocoque-Kanten Holzboden \u00fcber die gesamte Breite Automatische Hinterladef\u00fc\u00dfe Breitenverstellbare Rampen\" \/>\n<meta property=\"og:url\" content=\"https:\/\/sagrinex.com\/produit\/hubiere-transporter-lkw-tpf-2502-30\/?lang=de\" \/>\n<meta property=\"og:site_name\" content=\"Sagrinex \u2013 Anhaenger, Container &amp; Landtechnik \ud83c\udf3e\ud83d\ude9c\" \/>\n<meta property=\"article:modified_time\" content=\"2026-04-15T21:12:31+00:00\" \/>\n<meta property=\"og:image\" content=\"https:\/\/sagrinex.com\/wp-content\/uploads\/2026\/03\/Image-554.jpeg\" \/>\n\t<meta property=\"og:image:width\" content=\"580\" \/>\n\t<meta property=\"og:image:height\" content=\"425\" \/>\n\t<meta property=\"og:image:type\" content=\"image\/jpeg\" \/>\n<meta name=\"twitter:card\" content=\"summary_large_image\" \/>\n<script type=\"application\/ld+json\" class=\"yoast-schema-graph\">{\"@context\":\"https:\\\/\\\/schema.org\",\"@graph\":[{\"@type\":\"WebPage\",\"@id\":\"https:\\\/\\\/sagrinex.com\\\/produit\\\/hubiere-transporter-lkw-tpf-2502-30\\\/?lang=de\",\"url\":\"https:\\\/\\\/sagrinex.com\\\/produit\\\/hubiere-transporter-lkw-tpf-2502-30\\\/?lang=de\",\"name\":\"Hubi\u00e8re Transporter Lkw Tpf 2502 30 - Sagrinex \u2013 Anhaenger, Container &amp; Landtechnik \ud83c\udf3e\ud83d\ude9c\",\"isPartOf\":{\"@id\":\"https:\\\/\\\/sagrinex.com\\\/#website\"},\"primaryImageOfPage\":{\"@id\":\"https:\\\/\\\/sagrinex.com\\\/produit\\\/hubiere-transporter-lkw-tpf-2502-30\\\/?lang=de#primaryimage\"},\"image\":{\"@id\":\"https:\\\/\\\/sagrinex.com\\\/produit\\\/hubiere-transporter-lkw-tpf-2502-30\\\/?lang=de#primaryimage\"},\"thumbnailUrl\":\"https:\\\/\\\/sagrinex.com\\\/wp-content\\\/uploads\\\/2026\\\/03\\\/Image-554.jpeg\",\"datePublished\":\"2026-04-15T17:16:49+00:00\",\"dateModified\":\"2026-04-15T21:12:31+00:00\",\"breadcrumb\":{\"@id\":\"https:\\\/\\\/sagrinex.com\\\/produit\\\/hubiere-transporter-lkw-tpf-2502-30\\\/?lang=de#breadcrumb\"},\"inLanguage\":\"de\",\"potentialAction\":[{\"@type\":\"ReadAction\",\"target\":[\"https:\\\/\\\/sagrinex.com\\\/produit\\\/hubiere-transporter-lkw-tpf-2502-30\\\/?lang=de\"]}]},{\"@type\":\"ImageObject\",\"inLanguage\":\"de\",\"@id\":\"https:\\\/\\\/sagrinex.com\\\/produit\\\/hubiere-transporter-lkw-tpf-2502-30\\\/?lang=de#primaryimage\",\"url\":\"https:\\\/\\\/sagrinex.com\\\/wp-content\\\/uploads\\\/2026\\\/03\\\/Image-554.jpeg\",\"contentUrl\":\"https:\\\/\\\/sagrinex.com\\\/wp-content\\\/uploads\\\/2026\\\/03\\\/Image-554.jpeg\",\"width\":580,\"height\":425},{\"@type\":\"BreadcrumbList\",\"@id\":\"https:\\\/\\\/sagrinex.com\\\/produit\\\/hubiere-transporter-lkw-tpf-2502-30\\\/?lang=de#breadcrumb\",\"itemListElement\":[{\"@type\":\"ListItem\",\"position\":1,\"name\":\"Accueil\",\"item\":\"https:\\\/\\\/sagrinex.com\\\/?lang=de\"},{\"@type\":\"ListItem\",\"position\":2,\"name\":\"Shop\",\"item\":\"https:\\\/\\\/sagrinex.com\\\/shop\\\/\"},{\"@type\":\"ListItem\",\"position\":3,\"name\":\"Hubi\u00e8re Transporter Lkw Tpf 2502 30\"}]},{\"@type\":\"WebSite\",\"@id\":\"https:\\\/\\\/sagrinex.com\\\/#website\",\"url\":\"https:\\\/\\\/sagrinex.com\\\/\",\"name\":\"Sagrinex \u2013 Spezialist f\u00fcr Anh\u00e4nger, Container & Landtechnik\",\"description\":\"Anhaenger, Container &amp; Landtechnik \u2014 Online-Verkauf &amp; kostenloses Angebot\",\"publisher\":{\"@id\":\"https:\\\/\\\/sagrinex.com\\\/#organization\"},\"potentialAction\":[{\"@type\":\"SearchAction\",\"target\":{\"@type\":\"EntryPoint\",\"urlTemplate\":\"https:\\\/\\\/sagrinex.com\\\/?s={search_term_string}\"},\"query-input\":{\"@type\":\"PropertyValueSpecification\",\"valueRequired\":true,\"valueName\":\"search_term_string\"}}],\"inLanguage\":\"de\"},{\"@type\":\"Organization\",\"@id\":\"https:\\\/\\\/sagrinex.com\\\/#organization\",\"name\":\"Sagrinex \u2013 Remorques, Conteneurs & Mat\u00e9riel Agricole\",\"url\":\"https:\\\/\\\/sagrinex.com\\\/\",\"logo\":{\"@type\":\"ImageObject\",\"inLanguage\":\"de\",\"@id\":\"https:\\\/\\\/sagrinex.com\\\/#\\\/schema\\\/logo\\\/image\\\/\",\"url\":\"https:\\\/\\\/sagrinex.com\\\/wp-content\\\/uploads\\\/2026\\\/03\\\/7f1ac463-ef5a-425d-bdd6-a5da03a334a9-1024x683.png\",\"contentUrl\":\"https:\\\/\\\/sagrinex.com\\\/wp-content\\\/uploads\\\/2026\\\/03\\\/7f1ac463-ef5a-425d-bdd6-a5da03a334a9-1024x683.png\",\"width\":1024,\"height\":683,\"caption\":\"Sagrinex \u2013 Remorques, Conteneurs & Mat\u00e9riel Agricole\"},\"image\":{\"@id\":\"https:\\\/\\\/sagrinex.com\\\/#\\\/schema\\\/logo\\\/image\\\/\"}}]}<\/script>\n<!-- \/ Yoast SEO plugin. -->","yoast_head_json":{"title":"Hubi\u00e8re Transporter Lkw Tpf 2502 30 - Sagrinex \u2013 Anhaenger, Container &amp; Landtechnik \ud83c\udf3e\ud83d\ude9c","robots":{"index":"index","follow":"follow","max-snippet":"max-snippet:-1","max-image-preview":"max-image-preview:large","max-video-preview":"max-video-preview:-1"},"canonical":"https:\/\/sagrinex.com\/produit\/hubiere-transporter-lkw-tpf-2502-30\/?lang=de","og_locale":"de_DE","og_type":"article","og_title":"Hubi\u00e8re Transporter Lkw Tpf 2502 30 - Sagrinex \u2013 Anhaenger, Container &amp; Landtechnik \ud83c\udf3e\ud83d\ude9c","og_description":"PMA:\u00a02500 kg Nutzlast:\u00a01870 kg Achsen:\u00a0Doppelachse Der TPF-Ger\u00e4teanh\u00e4nger ist f\u00fcr den Transport von Minibaggern, Walzen oder verschiedenen Ger\u00e4ten konzipiert. Zus\u00e4tzlich zu seinen technischen Qualit\u00e4ten ist der Anh\u00e4nger serienm\u00e4\u00dfig ausgestattet mit: Monocoque-Kanten Holzboden \u00fcber die gesamte Breite Automatische Hinterladef\u00fc\u00dfe Breitenverstellbare Rampen","og_url":"https:\/\/sagrinex.com\/produit\/hubiere-transporter-lkw-tpf-2502-30\/?lang=de","og_site_name":"Sagrinex \u2013 Anhaenger, Container &amp; Landtechnik \ud83c\udf3e\ud83d\ude9c","article_modified_time":"2026-04-15T21:12:31+00:00","og_image":[{"width":580,"height":425,"url":"https:\/\/sagrinex.com\/wp-content\/uploads\/2026\/03\/Image-554.jpeg","type":"image\/jpeg"}],"twitter_card":"summary_large_image","schema":{"@context":"https:\/\/schema.org","@graph":[{"@type":"WebPage","@id":"https:\/\/sagrinex.com\/produit\/hubiere-transporter-lkw-tpf-2502-30\/?lang=de","url":"https:\/\/sagrinex.com\/produit\/hubiere-transporter-lkw-tpf-2502-30\/?lang=de","name":"Hubi\u00e8re Transporter Lkw Tpf 2502 30 - Sagrinex \u2013 Anhaenger, Container &amp; Landtechnik \ud83c\udf3e\ud83d\ude9c","isPartOf":{"@id":"https:\/\/sagrinex.com\/#website"},"primaryImageOfPage":{"@id":"https:\/\/sagrinex.com\/produit\/hubiere-transporter-lkw-tpf-2502-30\/?lang=de#primaryimage"},"image":{"@id":"https:\/\/sagrinex.com\/produit\/hubiere-transporter-lkw-tpf-2502-30\/?lang=de#primaryimage"},"thumbnailUrl":"https:\/\/sagrinex.com\/wp-content\/uploads\/2026\/03\/Image-554.jpeg","datePublished":"2026-04-15T17:16:49+00:00","dateModified":"2026-04-15T21:12:31+00:00","breadcrumb":{"@id":"https:\/\/sagrinex.com\/produit\/hubiere-transporter-lkw-tpf-2502-30\/?lang=de#breadcrumb"},"inLanguage":"de","potentialAction":[{"@type":"ReadAction","target":["https:\/\/sagrinex.com\/produit\/hubiere-transporter-lkw-tpf-2502-30\/?lang=de"]}]},{"@type":"ImageObject","inLanguage":"de","@id":"https:\/\/sagrinex.com\/produit\/hubiere-transporter-lkw-tpf-2502-30\/?lang=de#primaryimage","url":"https:\/\/sagrinex.com\/wp-content\/uploads\/2026\/03\/Image-554.jpeg","contentUrl":"https:\/\/sagrinex.com\/wp-content\/uploads\/2026\/03\/Image-554.jpeg","width":580,"height":425},{"@type":"BreadcrumbList","@id":"https:\/\/sagrinex.com\/produit\/hubiere-transporter-lkw-tpf-2502-30\/?lang=de#breadcrumb","itemListElement":[{"@type":"ListItem","position":1,"name":"Accueil","item":"https:\/\/sagrinex.com\/?lang=de"},{"@type":"ListItem","position":2,"name":"Shop","item":"https:\/\/sagrinex.com\/shop\/"},{"@type":"ListItem","position":3,"name":"Hubi\u00e8re Transporter Lkw Tpf 2502 30"}]},{"@type":"WebSite","@id":"https:\/\/sagrinex.com\/#website","url":"https:\/\/sagrinex.com\/","name":"Sagrinex \u2013 Spezialist f\u00fcr Anh\u00e4nger, Container & Landtechnik","description":"Anhaenger, Container &amp; Landtechnik \u2014 Online-Verkauf &amp; kostenloses Angebot","publisher":{"@id":"https:\/\/sagrinex.com\/#organization"},"potentialAction":[{"@type":"SearchAction","target":{"@type":"EntryPoint","urlTemplate":"https:\/\/sagrinex.com\/?s={search_term_string}"},"query-input":{"@type":"PropertyValueSpecification","valueRequired":true,"valueName":"search_term_string"}}],"inLanguage":"de"},{"@type":"Organization","@id":"https:\/\/sagrinex.com\/#organization","name":"Sagrinex \u2013 Remorques, Conteneurs & Mat\u00e9riel Agricole","url":"https:\/\/sagrinex.com\/","logo":{"@type":"ImageObject","inLanguage":"de","@id":"https:\/\/sagrinex.com\/#\/schema\/logo\/image\/","url":"https:\/\/sagrinex.com\/wp-content\/uploads\/2026\/03\/7f1ac463-ef5a-425d-bdd6-a5da03a334a9-1024x683.png","contentUrl":"https:\/\/sagrinex.com\/wp-content\/uploads\/2026\/03\/7f1ac463-ef5a-425d-bdd6-a5da03a334a9-1024x683.png","width":1024,"height":683,"caption":"Sagrinex \u2013 Remorques, Conteneurs & Mat\u00e9riel Agricole"},"image":{"@id":"https:\/\/sagrinex.com\/#\/schema\/logo\/image\/"}}]}},"jetpack_sharing_enabled":true,"_links":{"self":[{"href":"https:\/\/sagrinex.com\/de\/wp-json\/wp\/v2\/product\/17354","targetHints":{"allow":["GET"]}}],"collection":[{"href":"https:\/\/sagrinex.com\/de\/wp-json\/wp\/v2\/product"}],"about":[{"href":"https:\/\/sagrinex.com\/de\/wp-json\/wp\/v2\/types\/product"}],"replies":[{"embeddable":true,"href":"https:\/\/sagrinex.com\/de\/wp-json\/wp\/v2\/comments?post=17354"}],"version-history":[{"count":0,"href":"https:\/\/sagrinex.com\/de\/wp-json\/wp\/v2\/product\/17354\/revisions"}],"wp:featuredmedia":[{"embeddable":true,"href":"https:\/\/sagrinex.com\/de\/wp-json\/wp\/v2\/media\/10530"}],"wp:attachment":[{"href":"https:\/\/sagrinex.com\/de\/wp-json\/wp\/v2\/media?parent=17354"}],"wp:term":[{"taxonomy":"product_brand","embeddable":true,"href":"https:\/\/sagrinex.com\/de\/wp-json\/wp\/v2\/product_brand?post=17354"},{"taxonomy":"product_cat","embeddable":true,"href":"https:\/\/sagrinex.com\/de\/wp-json\/wp\/v2\/product_cat?post=17354"},{"taxonomy":"product_tag","embeddable":true,"href":"https:\/\/sagrinex.com\/de\/wp-json\/wp\/v2\/product_tag?post=17354"}],"curies":[{"name":"wp","href":"https:\/\/api.w.org\/{rel}","templated":true}]}}