{"id":17360,"date":"2026-04-15T17:18:59","date_gmt":"2026-04-15T17:18:59","guid":{"rendered":"https:\/\/sagrinex.com\/produit\/hulco-terrax-2-3500-geraetetraeger\/"},"modified":"2026-04-15T17:18:59","modified_gmt":"2026-04-15T17:18:59","slug":"hulco-terrax-2-3500-geraetetraeger","status":"publish","type":"product","link":"https:\/\/sagrinex.com\/de\/produit\/hulco-terrax-2-3500-geraetetraeger\/","title":{"rendered":"Hulco Terrax-2 3500 Ger\u00e4tetr\u00e4ger"},"content":{"rendered":"<p><strong>Eigenschaften:<\/strong><\/p>\n<ul>\n<li><strong>Marke:<\/strong>\u00a0HULCO<\/li>\n<li><strong>Maximal zul\u00e4ssiges Gewicht (PMA):<\/strong>\u00a03500 kg<\/li>\n<li><strong>Leergewicht:<\/strong>\u00a0875 kg<\/li>\n<li><strong>Nutzlast:<\/strong>\u00a02615 kg<\/li>\n<li><strong>Mindesttara:<\/strong>\u00a02000 kg<\/li>\n<li><strong>Maximales Tara:<\/strong>\u00a03500 kg<\/li>\n<li><strong>Achsen:<\/strong>\u00a02<\/li>\n<li><strong>Achsst\u00e4rke:<\/strong>\u00a01800 kg<\/li>\n<li><strong>Bremssystem:<\/strong>\u00a0Gebremst<\/li>\n<li><strong>R\u00e4der:<\/strong>\u00a012-Zoll-R\u00e4der<\/li>\n<li><strong>Ersatzrad:<\/strong>\u00a0Optional<\/li>\n<li><strong>Klimmzugstange:<\/strong>\u00a0V-f\u00f6rmig<\/li>\n<li><strong>St\u00fctzrad:<\/strong>\u00a0Enthalten<\/li>\n<li><strong>Rampenfeld:<\/strong>\u00a0Nein<\/li>\n<li><strong>LED-Leuchten:<\/strong>\u00a0Nein<\/li>\n<li><strong>Radposition:<\/strong>\u00a0Extern<\/li>\n<li><strong>Nutzl\u00e4nge:<\/strong>\u00a03940 mm<\/li>\n<li><strong>Nutzbreite:<\/strong>\u00a01800 mm<\/li>\n<li><strong>Bodenart:<\/strong>\u00a0Aluminium<\/li>\n<li><strong>Halten:<\/strong>\u00a0Optional<\/li>\n<li><strong>Rampen:<\/strong>\u00a0Hinteres Tor<\/li>\n<li><strong>L\u00e4nge der Rampen:<\/strong>\u00a01500 mm<\/li>\n<li><strong>Nutzh\u00f6he:<\/strong>\u00a0270mm<\/li>\n<li><strong>Abmessungen:<\/strong>\u00a03940 x 1800 x 270 mm<\/li>\n<\/ul>\n","protected":false},"excerpt":{"rendered":"<p>Der Hulco Tandem Terrax ist die ideale Wahl f\u00fcr den Transport von Baggern, Kirscherntemaschinen, Ladern, Gartenbauger\u00e4ten und vielem mehr. Sein niedriges Profil, seine robuste Heckklappe, seine Containerunterst\u00fctzung und seine vielf\u00e4ltigen Kupplungspositionen machen ihn zu einem gro\u00dfen Vorteil f\u00fcr Profis.<\/p>\n<p>Ausgestattet mit einem soliden Fahrgestell mit zahlreichen Quertr\u00e4gern, einer stabilen Heckklappe mit St\u00fctze und einem minimalen Neigungswinkel bietet der Hulco Terrax-2 3500 Trailer eine Nutzlastkapazit\u00e4t von 2615 kg, mit einer Doppelachse.<\/p>\n","protected":false},"featured_media":10485,"comment_status":"open","ping_status":"closed","template":"","meta":[],"product_brand":[],"product_cat":[358,352],"product_tag":[],"class_list":{"0":"post-17360","1":"product","2":"type-product","3":"status-publish","4":"has-post-thumbnail","6":"product_cat-anhaenger-fuer-den-schwermaschinentransport","7":"product_cat-unsere-trailer","9":"first","10":"instock","11":"shipping-taxable","12":"purchasable","13":"product-type-simple"},"yoast_head":"<!-- This site is optimized with the Yoast SEO plugin v27.5 - https:\/\/yoast.com\/product\/yoast-seo-wordpress\/ -->\n<title>Hulco Terrax-2 3500 Ger\u00e4tetr\u00e4ger - Sagrinex \u2013 Anhaenger, Container &amp; Landtechnik \ud83c\udf3e\ud83d\ude9c<\/title>\n<meta name=\"robots\" content=\"index, follow, max-snippet:-1, max-image-preview:large, max-video-preview:-1\" \/>\n<link rel=\"canonical\" href=\"https:\/\/sagrinex.com\/produit\/hulco-terrax-2-3500-geraetetraeger\/?lang=de\" \/>\n<meta property=\"og:locale\" content=\"de_DE\" \/>\n<meta property=\"og:type\" content=\"article\" \/>\n<meta property=\"og:title\" content=\"Hulco Terrax-2 3500 Ger\u00e4tetr\u00e4ger - Sagrinex \u2013 Anhaenger, Container &amp; Landtechnik \ud83c\udf3e\ud83d\ude9c\" \/>\n<meta property=\"og:description\" content=\"Der Hulco Tandem Terrax ist die ideale Wahl f\u00fcr den Transport von Baggern, Kirscherntemaschinen, Ladern, Gartenbauger\u00e4ten und vielem mehr. Sein niedriges Profil, seine robuste Heckklappe, seine Containerunterst\u00fctzung und seine vielf\u00e4ltigen Kupplungspositionen machen ihn zu einem gro\u00dfen Vorteil f\u00fcr Profis. Ausgestattet mit einem soliden Fahrgestell mit zahlreichen Quertr\u00e4gern, einer stabilen Heckklappe mit St\u00fctze und einem minimalen Neigungswinkel bietet der Hulco Terrax-2 3500 Trailer eine Nutzlastkapazit\u00e4t von 2615 kg, mit einer Doppelachse.\" \/>\n<meta property=\"og:url\" content=\"https:\/\/sagrinex.com\/produit\/hulco-terrax-2-3500-geraetetraeger\/?lang=de\" \/>\n<meta property=\"og:site_name\" content=\"Sagrinex \u2013 Anhaenger, Container &amp; Landtechnik \ud83c\udf3e\ud83d\ude9c\" \/>\n<meta name=\"twitter:card\" content=\"summary_large_image\" \/>\n<script type=\"application\/ld+json\" class=\"yoast-schema-graph\">{\"@context\":\"https:\\\/\\\/schema.org\",\"@graph\":[{\"@type\":\"WebPage\",\"@id\":\"https:\\\/\\\/sagrinex.com\\\/produit\\\/hulco-terrax-2-3500-geraetetraeger\\\/?lang=de\",\"url\":\"https:\\\/\\\/sagrinex.com\\\/produit\\\/hulco-terrax-2-3500-geraetetraeger\\\/?lang=de\",\"name\":\"Hulco Terrax-2 3500 Ger\u00e4tetr\u00e4ger - Sagrinex \u2013 Anhaenger, Container &amp; Landtechnik \ud83c\udf3e\ud83d\ude9c\",\"isPartOf\":{\"@id\":\"https:\\\/\\\/sagrinex.com\\\/#website\"},\"primaryImageOfPage\":{\"@id\":\"https:\\\/\\\/sagrinex.com\\\/produit\\\/hulco-terrax-2-3500-geraetetraeger\\\/?lang=de#primaryimage\"},\"image\":{\"@id\":\"https:\\\/\\\/sagrinex.com\\\/produit\\\/hulco-terrax-2-3500-geraetetraeger\\\/?lang=de#primaryimage\"},\"thumbnailUrl\":\"https:\\\/\\\/sagrinex.com\\\/wp-content\\\/uploads\\\/2026\\\/03\\\/Image-537.jpeg\",\"datePublished\":\"2026-04-15T17:18:59+00:00\",\"breadcrumb\":{\"@id\":\"https:\\\/\\\/sagrinex.com\\\/produit\\\/hulco-terrax-2-3500-geraetetraeger\\\/?lang=de#breadcrumb\"},\"inLanguage\":\"de\",\"potentialAction\":[{\"@type\":\"ReadAction\",\"target\":[\"https:\\\/\\\/sagrinex.com\\\/produit\\\/hulco-terrax-2-3500-geraetetraeger\\\/?lang=de\"]}]},{\"@type\":\"ImageObject\",\"inLanguage\":\"de\",\"@id\":\"https:\\\/\\\/sagrinex.com\\\/produit\\\/hulco-terrax-2-3500-geraetetraeger\\\/?lang=de#primaryimage\",\"url\":\"https:\\\/\\\/sagrinex.com\\\/wp-content\\\/uploads\\\/2026\\\/03\\\/Image-537.jpeg\",\"contentUrl\":\"https:\\\/\\\/sagrinex.com\\\/wp-content\\\/uploads\\\/2026\\\/03\\\/Image-537.jpeg\",\"width\":1320,\"height\":470},{\"@type\":\"BreadcrumbList\",\"@id\":\"https:\\\/\\\/sagrinex.com\\\/produit\\\/hulco-terrax-2-3500-geraetetraeger\\\/?lang=de#breadcrumb\",\"itemListElement\":[{\"@type\":\"ListItem\",\"position\":1,\"name\":\"Accueil\",\"item\":\"https:\\\/\\\/sagrinex.com\\\/?lang=de\"},{\"@type\":\"ListItem\",\"position\":2,\"name\":\"Shop\",\"item\":\"https:\\\/\\\/sagrinex.com\\\/shop\\\/\"},{\"@type\":\"ListItem\",\"position\":3,\"name\":\"Hulco Terrax-2 3500 Ger\u00e4tetr\u00e4ger\"}]},{\"@type\":\"WebSite\",\"@id\":\"https:\\\/\\\/sagrinex.com\\\/#website\",\"url\":\"https:\\\/\\\/sagrinex.com\\\/\",\"name\":\"Sagrinex \u2013 Spezialist f\u00fcr Anh\u00e4nger, Container & Landtechnik\",\"description\":\"Anhaenger, Container &amp; Landtechnik \u2014 Online-Verkauf &amp; kostenloses Angebot\",\"publisher\":{\"@id\":\"https:\\\/\\\/sagrinex.com\\\/#organization\"},\"potentialAction\":[{\"@type\":\"SearchAction\",\"target\":{\"@type\":\"EntryPoint\",\"urlTemplate\":\"https:\\\/\\\/sagrinex.com\\\/?s={search_term_string}\"},\"query-input\":{\"@type\":\"PropertyValueSpecification\",\"valueRequired\":true,\"valueName\":\"search_term_string\"}}],\"inLanguage\":\"de\"},{\"@type\":\"Organization\",\"@id\":\"https:\\\/\\\/sagrinex.com\\\/#organization\",\"name\":\"Sagrinex \u2013 Remorques, Conteneurs & Mat\u00e9riel Agricole\",\"url\":\"https:\\\/\\\/sagrinex.com\\\/\",\"logo\":{\"@type\":\"ImageObject\",\"inLanguage\":\"de\",\"@id\":\"https:\\\/\\\/sagrinex.com\\\/#\\\/schema\\\/logo\\\/image\\\/\",\"url\":\"https:\\\/\\\/sagrinex.com\\\/wp-content\\\/uploads\\\/2026\\\/03\\\/7f1ac463-ef5a-425d-bdd6-a5da03a334a9-1024x683.png\",\"contentUrl\":\"https:\\\/\\\/sagrinex.com\\\/wp-content\\\/uploads\\\/2026\\\/03\\\/7f1ac463-ef5a-425d-bdd6-a5da03a334a9-1024x683.png\",\"width\":1024,\"height\":683,\"caption\":\"Sagrinex \u2013 Remorques, Conteneurs & Mat\u00e9riel Agricole\"},\"image\":{\"@id\":\"https:\\\/\\\/sagrinex.com\\\/#\\\/schema\\\/logo\\\/image\\\/\"}}]}<\/script>\n<!-- \/ Yoast SEO plugin. -->","yoast_head_json":{"title":"Hulco Terrax-2 3500 Ger\u00e4tetr\u00e4ger - Sagrinex \u2013 Anhaenger, Container &amp; Landtechnik \ud83c\udf3e\ud83d\ude9c","robots":{"index":"index","follow":"follow","max-snippet":"max-snippet:-1","max-image-preview":"max-image-preview:large","max-video-preview":"max-video-preview:-1"},"canonical":"https:\/\/sagrinex.com\/produit\/hulco-terrax-2-3500-geraetetraeger\/?lang=de","og_locale":"de_DE","og_type":"article","og_title":"Hulco Terrax-2 3500 Ger\u00e4tetr\u00e4ger - Sagrinex \u2013 Anhaenger, Container &amp; Landtechnik \ud83c\udf3e\ud83d\ude9c","og_description":"Der Hulco Tandem Terrax ist die ideale Wahl f\u00fcr den Transport von Baggern, Kirscherntemaschinen, Ladern, Gartenbauger\u00e4ten und vielem mehr. Sein niedriges Profil, seine robuste Heckklappe, seine Containerunterst\u00fctzung und seine vielf\u00e4ltigen Kupplungspositionen machen ihn zu einem gro\u00dfen Vorteil f\u00fcr Profis. Ausgestattet mit einem soliden Fahrgestell mit zahlreichen Quertr\u00e4gern, einer stabilen Heckklappe mit St\u00fctze und einem minimalen Neigungswinkel bietet der Hulco Terrax-2 3500 Trailer eine Nutzlastkapazit\u00e4t von 2615 kg, mit einer Doppelachse.","og_url":"https:\/\/sagrinex.com\/produit\/hulco-terrax-2-3500-geraetetraeger\/?lang=de","og_site_name":"Sagrinex \u2013 Anhaenger, Container &amp; Landtechnik \ud83c\udf3e\ud83d\ude9c","twitter_card":"summary_large_image","schema":{"@context":"https:\/\/schema.org","@graph":[{"@type":"WebPage","@id":"https:\/\/sagrinex.com\/produit\/hulco-terrax-2-3500-geraetetraeger\/?lang=de","url":"https:\/\/sagrinex.com\/produit\/hulco-terrax-2-3500-geraetetraeger\/?lang=de","name":"Hulco Terrax-2 3500 Ger\u00e4tetr\u00e4ger - Sagrinex \u2013 Anhaenger, Container &amp; Landtechnik \ud83c\udf3e\ud83d\ude9c","isPartOf":{"@id":"https:\/\/sagrinex.com\/#website"},"primaryImageOfPage":{"@id":"https:\/\/sagrinex.com\/produit\/hulco-terrax-2-3500-geraetetraeger\/?lang=de#primaryimage"},"image":{"@id":"https:\/\/sagrinex.com\/produit\/hulco-terrax-2-3500-geraetetraeger\/?lang=de#primaryimage"},"thumbnailUrl":"https:\/\/sagrinex.com\/wp-content\/uploads\/2026\/03\/Image-537.jpeg","datePublished":"2026-04-15T17:18:59+00:00","breadcrumb":{"@id":"https:\/\/sagrinex.com\/produit\/hulco-terrax-2-3500-geraetetraeger\/?lang=de#breadcrumb"},"inLanguage":"de","potentialAction":[{"@type":"ReadAction","target":["https:\/\/sagrinex.com\/produit\/hulco-terrax-2-3500-geraetetraeger\/?lang=de"]}]},{"@type":"ImageObject","inLanguage":"de","@id":"https:\/\/sagrinex.com\/produit\/hulco-terrax-2-3500-geraetetraeger\/?lang=de#primaryimage","url":"https:\/\/sagrinex.com\/wp-content\/uploads\/2026\/03\/Image-537.jpeg","contentUrl":"https:\/\/sagrinex.com\/wp-content\/uploads\/2026\/03\/Image-537.jpeg","width":1320,"height":470},{"@type":"BreadcrumbList","@id":"https:\/\/sagrinex.com\/produit\/hulco-terrax-2-3500-geraetetraeger\/?lang=de#breadcrumb","itemListElement":[{"@type":"ListItem","position":1,"name":"Accueil","item":"https:\/\/sagrinex.com\/?lang=de"},{"@type":"ListItem","position":2,"name":"Shop","item":"https:\/\/sagrinex.com\/shop\/"},{"@type":"ListItem","position":3,"name":"Hulco Terrax-2 3500 Ger\u00e4tetr\u00e4ger"}]},{"@type":"WebSite","@id":"https:\/\/sagrinex.com\/#website","url":"https:\/\/sagrinex.com\/","name":"Sagrinex \u2013 Spezialist f\u00fcr Anh\u00e4nger, Container & Landtechnik","description":"Anhaenger, Container &amp; Landtechnik \u2014 Online-Verkauf &amp; kostenloses Angebot","publisher":{"@id":"https:\/\/sagrinex.com\/#organization"},"potentialAction":[{"@type":"SearchAction","target":{"@type":"EntryPoint","urlTemplate":"https:\/\/sagrinex.com\/?s={search_term_string}"},"query-input":{"@type":"PropertyValueSpecification","valueRequired":true,"valueName":"search_term_string"}}],"inLanguage":"de"},{"@type":"Organization","@id":"https:\/\/sagrinex.com\/#organization","name":"Sagrinex \u2013 Remorques, Conteneurs & Mat\u00e9riel Agricole","url":"https:\/\/sagrinex.com\/","logo":{"@type":"ImageObject","inLanguage":"de","@id":"https:\/\/sagrinex.com\/#\/schema\/logo\/image\/","url":"https:\/\/sagrinex.com\/wp-content\/uploads\/2026\/03\/7f1ac463-ef5a-425d-bdd6-a5da03a334a9-1024x683.png","contentUrl":"https:\/\/sagrinex.com\/wp-content\/uploads\/2026\/03\/7f1ac463-ef5a-425d-bdd6-a5da03a334a9-1024x683.png","width":1024,"height":683,"caption":"Sagrinex \u2013 Remorques, Conteneurs & Mat\u00e9riel Agricole"},"image":{"@id":"https:\/\/sagrinex.com\/#\/schema\/logo\/image\/"}}]}},"jetpack_sharing_enabled":true,"_links":{"self":[{"href":"https:\/\/sagrinex.com\/de\/wp-json\/wp\/v2\/product\/17360","targetHints":{"allow":["GET"]}}],"collection":[{"href":"https:\/\/sagrinex.com\/de\/wp-json\/wp\/v2\/product"}],"about":[{"href":"https:\/\/sagrinex.com\/de\/wp-json\/wp\/v2\/types\/product"}],"replies":[{"embeddable":true,"href":"https:\/\/sagrinex.com\/de\/wp-json\/wp\/v2\/comments?post=17360"}],"version-history":[{"count":0,"href":"https:\/\/sagrinex.com\/de\/wp-json\/wp\/v2\/product\/17360\/revisions"}],"wp:featuredmedia":[{"embeddable":true,"href":"https:\/\/sagrinex.com\/de\/wp-json\/wp\/v2\/media\/10485"}],"wp:attachment":[{"href":"https:\/\/sagrinex.com\/de\/wp-json\/wp\/v2\/media?parent=17360"}],"wp:term":[{"taxonomy":"product_brand","embeddable":true,"href":"https:\/\/sagrinex.com\/de\/wp-json\/wp\/v2\/product_brand?post=17360"},{"taxonomy":"product_cat","embeddable":true,"href":"https:\/\/sagrinex.com\/de\/wp-json\/wp\/v2\/product_cat?post=17360"},{"taxonomy":"product_tag","embeddable":true,"href":"https:\/\/sagrinex.com\/de\/wp-json\/wp\/v2\/product_tag?post=17360"}],"curies":[{"name":"wp","href":"https:\/\/api.w.org\/{rel}","templated":true}]}}