{"id":17361,"date":"2026-04-15T17:19:19","date_gmt":"2026-04-15T17:19:19","guid":{"rendered":"https:\/\/sagrinex.com\/produit\/martz-bau-3-4003-maschinentraeger\/"},"modified":"2026-04-15T21:12:32","modified_gmt":"2026-04-15T21:12:32","slug":"martz-bau-3-4003-maschinentraeger","status":"publish","type":"product","link":"https:\/\/sagrinex.com\/de\/produit\/martz-bau-3-4003-maschinentraeger\/","title":{"rendered":"Martz Bau 3 4003 Maschinentr\u00e4ger"},"content":{"rendered":"<p><strong>Eigenschaften:<\/strong><\/p>\n<ul>\n<li><strong>Marke:<\/strong>\u00a0Martz<\/li>\n<li><strong>Maximal zul\u00e4ssiges Gewicht (PMA):<\/strong>\u00a03500 kg<\/li>\n<li><strong>Leergewicht:<\/strong>\u00a0806 kg<\/li>\n<li><strong>Nutzlast:<\/strong>\u00a02768 kg<\/li>\n<li><strong>Mindesttara:<\/strong>\u00a02700 kg<\/li>\n<li><strong>Maximales Tara:<\/strong>\u00a03500 kg<\/li>\n<li><strong>Achsen:<\/strong>\u00a03<\/li>\n<li><strong>Achsst\u00e4rke:<\/strong>\u00a01350 kg<\/li>\n<li><strong>Bremssystem:<\/strong>\u00a0Gebremst<\/li>\n<li><strong>R\u00e4der:<\/strong>\u00a013\u2033<\/li>\n<li><strong>Ersatzrad:<\/strong>\u00a0Optional<\/li>\n<li><strong>Klimmzugstange:<\/strong>\u00a0V-f\u00f6rmig<\/li>\n<li><strong>St\u00fctzrad:<\/strong>\u00a0Enthalten<\/li>\n<li><strong>Rampenfeld:<\/strong>\u00a0Nein<\/li>\n<li><strong>LED-Leuchten:<\/strong>\u00a0Nein<\/li>\n<li><strong>Radposition:<\/strong>\u00a0Extern<\/li>\n<li><strong>Nutzl\u00e4nge:<\/strong>\u00a04000 mm<\/li>\n<li><strong>Nutzbreite:<\/strong>\u00a01830 mm<\/li>\n<li><strong>Bodenart:<\/strong>\u00a0Holz<\/li>\n<li><strong>Rampen:<\/strong>\u00a0Hinteres Tor<\/li>\n<li><strong>Abmessungen:<\/strong>\u00a04000 x 1830<\/li>\n<\/ul>\n","protected":false},"excerpt":{"rendered":"<p><strong>Martz BAU 3 400\/3. PMA: 3500 kg. Nutzlast: 2768 kg. Dreiachser<\/strong><\/p>\n<p>Robuster geschwei\u00dfter Anh\u00e4nger f\u00fcr den Transport von Baumaschinen und sehr schweren Materialien. Sein originelles Design erm\u00f6glicht das Begehen \u00fcber die gesamte L\u00e4nge der Seiten, die mit Anti-Rutsch-Streifen ausgestattet sind. Geschwei\u00dfter Tragrahmen aus geschlossenen Stahlprofilen. Rutschfester, wasserdichter Sperrholzboden mit starken B\u00e4ndern zur Sicherung der Ladung und Gew\u00e4hrleistung der Sicherheit der transportierten G\u00fcter. Extrem stabile Klimmzugstange in V-Form und \u00fcberlaststabilisierende Halterungen. Selbstklappbarer St\u00fctzfu\u00df und St\u00fctzrad serienm\u00e4\u00dfig. Federn erleichtern den Abstieg und Aufstieg der Rampe. Die breite Rampe kann durch zwei Rampen ersetzt werden, was das Gewicht des Anh\u00e4ngers reduziert und die Nutzlast erh\u00f6ht.<\/p>\n","protected":false},"featured_media":10480,"comment_status":"open","ping_status":"closed","template":"","meta":[],"product_brand":[],"product_cat":[358,352],"product_tag":[],"class_list":{"0":"post-17361","1":"product","2":"type-product","3":"status-publish","4":"has-post-thumbnail","6":"product_cat-anhaenger-fuer-den-schwermaschinentransport","7":"product_cat-unsere-trailer","9":"first","10":"instock","11":"shipping-taxable","12":"purchasable","13":"product-type-simple"},"yoast_head":"<!-- This site is optimized with the Yoast SEO plugin v27.5 - https:\/\/yoast.com\/product\/yoast-seo-wordpress\/ -->\n<title>Martz Bau 3 4003 Maschinentr\u00e4ger - Sagrinex \u2013 Anhaenger, Container &amp; Landtechnik \ud83c\udf3e\ud83d\ude9c<\/title>\n<meta name=\"robots\" content=\"index, follow, max-snippet:-1, max-image-preview:large, max-video-preview:-1\" \/>\n<link rel=\"canonical\" href=\"https:\/\/sagrinex.com\/produit\/martz-bau-3-4003-maschinentraeger\/?lang=de\" \/>\n<meta property=\"og:locale\" content=\"de_DE\" \/>\n<meta property=\"og:type\" content=\"article\" \/>\n<meta property=\"og:title\" content=\"Martz Bau 3 4003 Maschinentr\u00e4ger - Sagrinex \u2013 Anhaenger, Container &amp; Landtechnik \ud83c\udf3e\ud83d\ude9c\" \/>\n<meta property=\"og:description\" content=\"Martz BAU 3 400\/3. PMA: 3500 kg. Nutzlast: 2768 kg. Dreiachser Robuster geschwei\u00dfter Anh\u00e4nger f\u00fcr den Transport von Baumaschinen und sehr schweren Materialien. Sein originelles Design erm\u00f6glicht das Begehen \u00fcber die gesamte L\u00e4nge der Seiten, die mit Anti-Rutsch-Streifen ausgestattet sind. Geschwei\u00dfter Tragrahmen aus geschlossenen Stahlprofilen. Rutschfester, wasserdichter Sperrholzboden mit starken B\u00e4ndern zur Sicherung der Ladung und Gew\u00e4hrleistung der Sicherheit der transportierten G\u00fcter. Extrem stabile Klimmzugstange in V-Form und \u00fcberlaststabilisierende Halterungen. Selbstklappbarer St\u00fctzfu\u00df und St\u00fctzrad serienm\u00e4\u00dfig. Federn erleichtern den Abstieg und Aufstieg der Rampe. Die breite Rampe kann durch zwei Rampen ersetzt werden, was das Gewicht des Anh\u00e4ngers reduziert und die Nutzlast erh\u00f6ht.\" \/>\n<meta property=\"og:url\" content=\"https:\/\/sagrinex.com\/produit\/martz-bau-3-4003-maschinentraeger\/?lang=de\" \/>\n<meta property=\"og:site_name\" content=\"Sagrinex \u2013 Anhaenger, Container &amp; Landtechnik \ud83c\udf3e\ud83d\ude9c\" \/>\n<meta property=\"article:modified_time\" content=\"2026-04-15T21:12:32+00:00\" \/>\n<meta property=\"og:image\" content=\"https:\/\/sagrinex.com\/wp-content\/uploads\/2026\/03\/Image-534.jpeg\" \/>\n\t<meta property=\"og:image:width\" content=\"700\" \/>\n\t<meta property=\"og:image:height\" content=\"700\" \/>\n\t<meta property=\"og:image:type\" content=\"image\/jpeg\" \/>\n<meta name=\"twitter:card\" content=\"summary_large_image\" \/>\n<script type=\"application\/ld+json\" class=\"yoast-schema-graph\">{\"@context\":\"https:\\\/\\\/schema.org\",\"@graph\":[{\"@type\":\"WebPage\",\"@id\":\"https:\\\/\\\/sagrinex.com\\\/produit\\\/martz-bau-3-4003-maschinentraeger\\\/?lang=de\",\"url\":\"https:\\\/\\\/sagrinex.com\\\/produit\\\/martz-bau-3-4003-maschinentraeger\\\/?lang=de\",\"name\":\"Martz Bau 3 4003 Maschinentr\u00e4ger - Sagrinex \u2013 Anhaenger, Container &amp; Landtechnik \ud83c\udf3e\ud83d\ude9c\",\"isPartOf\":{\"@id\":\"https:\\\/\\\/sagrinex.com\\\/#website\"},\"primaryImageOfPage\":{\"@id\":\"https:\\\/\\\/sagrinex.com\\\/produit\\\/martz-bau-3-4003-maschinentraeger\\\/?lang=de#primaryimage\"},\"image\":{\"@id\":\"https:\\\/\\\/sagrinex.com\\\/produit\\\/martz-bau-3-4003-maschinentraeger\\\/?lang=de#primaryimage\"},\"thumbnailUrl\":\"https:\\\/\\\/sagrinex.com\\\/wp-content\\\/uploads\\\/2026\\\/03\\\/Image-534.jpeg\",\"datePublished\":\"2026-04-15T17:19:19+00:00\",\"dateModified\":\"2026-04-15T21:12:32+00:00\",\"breadcrumb\":{\"@id\":\"https:\\\/\\\/sagrinex.com\\\/produit\\\/martz-bau-3-4003-maschinentraeger\\\/?lang=de#breadcrumb\"},\"inLanguage\":\"de\",\"potentialAction\":[{\"@type\":\"ReadAction\",\"target\":[\"https:\\\/\\\/sagrinex.com\\\/produit\\\/martz-bau-3-4003-maschinentraeger\\\/?lang=de\"]}]},{\"@type\":\"ImageObject\",\"inLanguage\":\"de\",\"@id\":\"https:\\\/\\\/sagrinex.com\\\/produit\\\/martz-bau-3-4003-maschinentraeger\\\/?lang=de#primaryimage\",\"url\":\"https:\\\/\\\/sagrinex.com\\\/wp-content\\\/uploads\\\/2026\\\/03\\\/Image-534.jpeg\",\"contentUrl\":\"https:\\\/\\\/sagrinex.com\\\/wp-content\\\/uploads\\\/2026\\\/03\\\/Image-534.jpeg\",\"width\":700,\"height\":700},{\"@type\":\"BreadcrumbList\",\"@id\":\"https:\\\/\\\/sagrinex.com\\\/produit\\\/martz-bau-3-4003-maschinentraeger\\\/?lang=de#breadcrumb\",\"itemListElement\":[{\"@type\":\"ListItem\",\"position\":1,\"name\":\"Accueil\",\"item\":\"https:\\\/\\\/sagrinex.com\\\/?lang=de\"},{\"@type\":\"ListItem\",\"position\":2,\"name\":\"Shop\",\"item\":\"https:\\\/\\\/sagrinex.com\\\/shop\\\/\"},{\"@type\":\"ListItem\",\"position\":3,\"name\":\"Martz Bau 3 4003 Maschinentr\u00e4ger\"}]},{\"@type\":\"WebSite\",\"@id\":\"https:\\\/\\\/sagrinex.com\\\/#website\",\"url\":\"https:\\\/\\\/sagrinex.com\\\/\",\"name\":\"Sagrinex \u2013 Spezialist f\u00fcr Anh\u00e4nger, Container & Landtechnik\",\"description\":\"Anhaenger, Container &amp; Landtechnik \u2014 Online-Verkauf &amp; kostenloses Angebot\",\"publisher\":{\"@id\":\"https:\\\/\\\/sagrinex.com\\\/#organization\"},\"potentialAction\":[{\"@type\":\"SearchAction\",\"target\":{\"@type\":\"EntryPoint\",\"urlTemplate\":\"https:\\\/\\\/sagrinex.com\\\/?s={search_term_string}\"},\"query-input\":{\"@type\":\"PropertyValueSpecification\",\"valueRequired\":true,\"valueName\":\"search_term_string\"}}],\"inLanguage\":\"de\"},{\"@type\":\"Organization\",\"@id\":\"https:\\\/\\\/sagrinex.com\\\/#organization\",\"name\":\"Sagrinex \u2013 Remorques, Conteneurs & Mat\u00e9riel Agricole\",\"url\":\"https:\\\/\\\/sagrinex.com\\\/\",\"logo\":{\"@type\":\"ImageObject\",\"inLanguage\":\"de\",\"@id\":\"https:\\\/\\\/sagrinex.com\\\/#\\\/schema\\\/logo\\\/image\\\/\",\"url\":\"https:\\\/\\\/sagrinex.com\\\/wp-content\\\/uploads\\\/2026\\\/03\\\/7f1ac463-ef5a-425d-bdd6-a5da03a334a9-1024x683.png\",\"contentUrl\":\"https:\\\/\\\/sagrinex.com\\\/wp-content\\\/uploads\\\/2026\\\/03\\\/7f1ac463-ef5a-425d-bdd6-a5da03a334a9-1024x683.png\",\"width\":1024,\"height\":683,\"caption\":\"Sagrinex \u2013 Remorques, Conteneurs & Mat\u00e9riel Agricole\"},\"image\":{\"@id\":\"https:\\\/\\\/sagrinex.com\\\/#\\\/schema\\\/logo\\\/image\\\/\"}}]}<\/script>\n<!-- \/ Yoast SEO plugin. -->","yoast_head_json":{"title":"Martz Bau 3 4003 Maschinentr\u00e4ger - Sagrinex \u2013 Anhaenger, Container &amp; Landtechnik \ud83c\udf3e\ud83d\ude9c","robots":{"index":"index","follow":"follow","max-snippet":"max-snippet:-1","max-image-preview":"max-image-preview:large","max-video-preview":"max-video-preview:-1"},"canonical":"https:\/\/sagrinex.com\/produit\/martz-bau-3-4003-maschinentraeger\/?lang=de","og_locale":"de_DE","og_type":"article","og_title":"Martz Bau 3 4003 Maschinentr\u00e4ger - Sagrinex \u2013 Anhaenger, Container &amp; Landtechnik \ud83c\udf3e\ud83d\ude9c","og_description":"Martz BAU 3 400\/3. PMA: 3500 kg. Nutzlast: 2768 kg. Dreiachser Robuster geschwei\u00dfter Anh\u00e4nger f\u00fcr den Transport von Baumaschinen und sehr schweren Materialien. Sein originelles Design erm\u00f6glicht das Begehen \u00fcber die gesamte L\u00e4nge der Seiten, die mit Anti-Rutsch-Streifen ausgestattet sind. Geschwei\u00dfter Tragrahmen aus geschlossenen Stahlprofilen. Rutschfester, wasserdichter Sperrholzboden mit starken B\u00e4ndern zur Sicherung der Ladung und Gew\u00e4hrleistung der Sicherheit der transportierten G\u00fcter. Extrem stabile Klimmzugstange in V-Form und \u00fcberlaststabilisierende Halterungen. Selbstklappbarer St\u00fctzfu\u00df und St\u00fctzrad serienm\u00e4\u00dfig. Federn erleichtern den Abstieg und Aufstieg der Rampe. Die breite Rampe kann durch zwei Rampen ersetzt werden, was das Gewicht des Anh\u00e4ngers reduziert und die Nutzlast erh\u00f6ht.","og_url":"https:\/\/sagrinex.com\/produit\/martz-bau-3-4003-maschinentraeger\/?lang=de","og_site_name":"Sagrinex \u2013 Anhaenger, Container &amp; Landtechnik \ud83c\udf3e\ud83d\ude9c","article_modified_time":"2026-04-15T21:12:32+00:00","og_image":[{"width":700,"height":700,"url":"https:\/\/sagrinex.com\/wp-content\/uploads\/2026\/03\/Image-534.jpeg","type":"image\/jpeg"}],"twitter_card":"summary_large_image","schema":{"@context":"https:\/\/schema.org","@graph":[{"@type":"WebPage","@id":"https:\/\/sagrinex.com\/produit\/martz-bau-3-4003-maschinentraeger\/?lang=de","url":"https:\/\/sagrinex.com\/produit\/martz-bau-3-4003-maschinentraeger\/?lang=de","name":"Martz Bau 3 4003 Maschinentr\u00e4ger - Sagrinex \u2013 Anhaenger, Container &amp; Landtechnik \ud83c\udf3e\ud83d\ude9c","isPartOf":{"@id":"https:\/\/sagrinex.com\/#website"},"primaryImageOfPage":{"@id":"https:\/\/sagrinex.com\/produit\/martz-bau-3-4003-maschinentraeger\/?lang=de#primaryimage"},"image":{"@id":"https:\/\/sagrinex.com\/produit\/martz-bau-3-4003-maschinentraeger\/?lang=de#primaryimage"},"thumbnailUrl":"https:\/\/sagrinex.com\/wp-content\/uploads\/2026\/03\/Image-534.jpeg","datePublished":"2026-04-15T17:19:19+00:00","dateModified":"2026-04-15T21:12:32+00:00","breadcrumb":{"@id":"https:\/\/sagrinex.com\/produit\/martz-bau-3-4003-maschinentraeger\/?lang=de#breadcrumb"},"inLanguage":"de","potentialAction":[{"@type":"ReadAction","target":["https:\/\/sagrinex.com\/produit\/martz-bau-3-4003-maschinentraeger\/?lang=de"]}]},{"@type":"ImageObject","inLanguage":"de","@id":"https:\/\/sagrinex.com\/produit\/martz-bau-3-4003-maschinentraeger\/?lang=de#primaryimage","url":"https:\/\/sagrinex.com\/wp-content\/uploads\/2026\/03\/Image-534.jpeg","contentUrl":"https:\/\/sagrinex.com\/wp-content\/uploads\/2026\/03\/Image-534.jpeg","width":700,"height":700},{"@type":"BreadcrumbList","@id":"https:\/\/sagrinex.com\/produit\/martz-bau-3-4003-maschinentraeger\/?lang=de#breadcrumb","itemListElement":[{"@type":"ListItem","position":1,"name":"Accueil","item":"https:\/\/sagrinex.com\/?lang=de"},{"@type":"ListItem","position":2,"name":"Shop","item":"https:\/\/sagrinex.com\/shop\/"},{"@type":"ListItem","position":3,"name":"Martz Bau 3 4003 Maschinentr\u00e4ger"}]},{"@type":"WebSite","@id":"https:\/\/sagrinex.com\/#website","url":"https:\/\/sagrinex.com\/","name":"Sagrinex \u2013 Spezialist f\u00fcr Anh\u00e4nger, Container & Landtechnik","description":"Anhaenger, Container &amp; Landtechnik \u2014 Online-Verkauf &amp; kostenloses Angebot","publisher":{"@id":"https:\/\/sagrinex.com\/#organization"},"potentialAction":[{"@type":"SearchAction","target":{"@type":"EntryPoint","urlTemplate":"https:\/\/sagrinex.com\/?s={search_term_string}"},"query-input":{"@type":"PropertyValueSpecification","valueRequired":true,"valueName":"search_term_string"}}],"inLanguage":"de"},{"@type":"Organization","@id":"https:\/\/sagrinex.com\/#organization","name":"Sagrinex \u2013 Remorques, Conteneurs & Mat\u00e9riel Agricole","url":"https:\/\/sagrinex.com\/","logo":{"@type":"ImageObject","inLanguage":"de","@id":"https:\/\/sagrinex.com\/#\/schema\/logo\/image\/","url":"https:\/\/sagrinex.com\/wp-content\/uploads\/2026\/03\/7f1ac463-ef5a-425d-bdd6-a5da03a334a9-1024x683.png","contentUrl":"https:\/\/sagrinex.com\/wp-content\/uploads\/2026\/03\/7f1ac463-ef5a-425d-bdd6-a5da03a334a9-1024x683.png","width":1024,"height":683,"caption":"Sagrinex \u2013 Remorques, Conteneurs & Mat\u00e9riel Agricole"},"image":{"@id":"https:\/\/sagrinex.com\/#\/schema\/logo\/image\/"}}]}},"jetpack_sharing_enabled":true,"_links":{"self":[{"href":"https:\/\/sagrinex.com\/de\/wp-json\/wp\/v2\/product\/17361","targetHints":{"allow":["GET"]}}],"collection":[{"href":"https:\/\/sagrinex.com\/de\/wp-json\/wp\/v2\/product"}],"about":[{"href":"https:\/\/sagrinex.com\/de\/wp-json\/wp\/v2\/types\/product"}],"replies":[{"embeddable":true,"href":"https:\/\/sagrinex.com\/de\/wp-json\/wp\/v2\/comments?post=17361"}],"version-history":[{"count":0,"href":"https:\/\/sagrinex.com\/de\/wp-json\/wp\/v2\/product\/17361\/revisions"}],"wp:featuredmedia":[{"embeddable":true,"href":"https:\/\/sagrinex.com\/de\/wp-json\/wp\/v2\/media\/10480"}],"wp:attachment":[{"href":"https:\/\/sagrinex.com\/de\/wp-json\/wp\/v2\/media?parent=17361"}],"wp:term":[{"taxonomy":"product_brand","embeddable":true,"href":"https:\/\/sagrinex.com\/de\/wp-json\/wp\/v2\/product_brand?post=17361"},{"taxonomy":"product_cat","embeddable":true,"href":"https:\/\/sagrinex.com\/de\/wp-json\/wp\/v2\/product_cat?post=17361"},{"taxonomy":"product_tag","embeddable":true,"href":"https:\/\/sagrinex.com\/de\/wp-json\/wp\/v2\/product_tag?post=17361"}],"curies":[{"name":"wp","href":"https:\/\/api.w.org\/{rel}","templated":true}]}}