{"id":17370,"date":"2026-04-15T17:49:33","date_gmt":"2026-04-15T17:49:33","guid":{"rendered":"https:\/\/sagrinex.com\/produit\/anhaenger-lider-40905-l\/"},"modified":"2026-04-15T17:49:33","modified_gmt":"2026-04-15T17:49:33","slug":"anhaenger-lider-40905-l","status":"publish","type":"product","link":"https:\/\/sagrinex.com\/de\/produit\/anhaenger-lider-40905-l\/","title":{"rendered":"Anh\u00e4nger Lider 40905 L"},"content":{"rendered":"<p>Eigenschaften:<\/p>\n<ul>\n<li><strong>Marke:<\/strong>\u00a0Lider<\/li>\n<li><strong>Maximal zul\u00e4ssiges Gewicht (PMA):<\/strong>\u00a03500 kg<\/li>\n<li><strong>Leergewicht:<\/strong>\u00a0720 kg<\/li>\n<li><strong>Nutzlast:<\/strong>\u00a02780 kg<\/li>\n<li><strong>Mindesttara:<\/strong>\u00a02700 kg<\/li>\n<li><strong>Maximales Tara:<\/strong>\u00a03500 kg<\/li>\n<li><strong>Achsen:<\/strong>\u00a02<\/li>\n<li><strong>Achsst\u00e4rke:<\/strong>\u00a01800 kg<\/li>\n<li><strong>Bremsen:<\/strong>\u00a0Gebremst<\/li>\n<li><strong>R\u00e4der:<\/strong>\u00a014 Zoll<\/li>\n<li><strong>Ersatzrad:<\/strong>\u00a0Optional<\/li>\n<li><strong>Anh\u00e4ngerkupplung:<\/strong>\u00a0Einstellbar<\/li>\n<li><strong>St\u00fctzrad:<\/strong>\u00a0Enthalten<\/li>\n<li><strong>Rampenrahmen:<\/strong>\u00a0Nein<\/li>\n<li><strong>LED-Leuchten:<\/strong>\u00a0Ja<\/li>\n<li><strong>Radposition:<\/strong>\u00a0Extern<\/li>\n<li><strong>Nutzl\u00e4nge:<\/strong>\u00a03500 mm<\/li>\n<li><strong>Nutzbreite:<\/strong>\u00a01700 mm<\/li>\n<li><strong>Bodenart:<\/strong>\u00a0Holz<\/li>\n<li><strong>Halten:<\/strong>\u00a0Optional<\/li>\n<li><strong>Rampen:<\/strong>\u00a0Rampe<\/li>\n<li><strong>L\u00e4nge der Rampen:<\/strong>\u00a01600 mm<\/li>\n<\/ul>\n","protected":false},"excerpt":{"rendered":"<p>Lider 40905 L Anh\u00e4nger. PMA: 3500 kg. Nutzlast: 2780 kg. Doppelachse.<\/p>\n<p>Produktvorteile:<\/p>\n<ul>\n<li>Tr\u00e4gheitsbremsung<\/li>\n<li>Geschwei\u00dfter verzinkter Rahmen<\/li>\n<li>2 Aluminiumrampen von 35\u00d7160 cm<\/li>\n<li>Einstellbarer Abstand zwischen Rampen<\/li>\n<li>H\u00f6he vom Boden: 39 bis 101 cm<\/li>\n<li>Hintere St\u00fctzst\u00e4nder<\/li>\n<li>Rutschfester Holzboden (18 mm)<\/li>\n<li>H\u00f6he von Boden zu Boden: 52 cm<\/li>\n<li>Integrierte LED-R\u00fcckleuchten, Doppelspannung 12\/24 V<\/li>\n<li>Zurrpunkte (x4 innen)<\/li>\n<\/ul>\n","protected":false},"featured_media":10435,"comment_status":"open","ping_status":"closed","template":"","meta":[],"product_brand":[],"product_cat":[358,352],"product_tag":[],"class_list":{"0":"post-17370","1":"product","2":"type-product","3":"status-publish","4":"has-post-thumbnail","6":"product_cat-anhaenger-fuer-den-schwermaschinentransport","7":"product_cat-unsere-trailer","9":"first","10":"instock","11":"shipping-taxable","12":"purchasable","13":"product-type-simple"},"yoast_head":"<!-- This site is optimized with the Yoast SEO plugin v27.5 - https:\/\/yoast.com\/product\/yoast-seo-wordpress\/ -->\n<title>Anh\u00e4nger Lider 40905 L - Sagrinex \u2013 Anhaenger, Container &amp; Landtechnik \ud83c\udf3e\ud83d\ude9c<\/title>\n<meta name=\"robots\" content=\"index, follow, max-snippet:-1, max-image-preview:large, max-video-preview:-1\" \/>\n<link rel=\"canonical\" href=\"https:\/\/sagrinex.com\/produit\/anhaenger-lider-40905-l\/?lang=de\" \/>\n<meta property=\"og:locale\" content=\"de_DE\" \/>\n<meta property=\"og:type\" content=\"article\" \/>\n<meta property=\"og:title\" content=\"Anh\u00e4nger Lider 40905 L - Sagrinex \u2013 Anhaenger, Container &amp; Landtechnik \ud83c\udf3e\ud83d\ude9c\" \/>\n<meta property=\"og:description\" content=\"Lider 40905 L Anh\u00e4nger. PMA: 3500 kg. Nutzlast: 2780 kg. Doppelachse. Produktvorteile: Tr\u00e4gheitsbremsung Geschwei\u00dfter verzinkter Rahmen 2 Aluminiumrampen von 35\u00d7160 cm Einstellbarer Abstand zwischen Rampen H\u00f6he vom Boden: 39 bis 101 cm Hintere St\u00fctzst\u00e4nder Rutschfester Holzboden (18 mm) H\u00f6he von Boden zu Boden: 52 cm Integrierte LED-R\u00fcckleuchten, Doppelspannung 12\/24 V Zurrpunkte (x4 innen)\" \/>\n<meta property=\"og:url\" content=\"https:\/\/sagrinex.com\/produit\/anhaenger-lider-40905-l\/?lang=de\" \/>\n<meta property=\"og:site_name\" content=\"Sagrinex \u2013 Anhaenger, Container &amp; Landtechnik \ud83c\udf3e\ud83d\ude9c\" \/>\n<meta name=\"twitter:card\" content=\"summary_large_image\" \/>\n<script type=\"application\/ld+json\" class=\"yoast-schema-graph\">{\"@context\":\"https:\\\/\\\/schema.org\",\"@graph\":[{\"@type\":\"WebPage\",\"@id\":\"https:\\\/\\\/sagrinex.com\\\/produit\\\/anhaenger-lider-40905-l\\\/?lang=de\",\"url\":\"https:\\\/\\\/sagrinex.com\\\/produit\\\/anhaenger-lider-40905-l\\\/?lang=de\",\"name\":\"Anh\u00e4nger Lider 40905 L - Sagrinex \u2013 Anhaenger, Container &amp; Landtechnik \ud83c\udf3e\ud83d\ude9c\",\"isPartOf\":{\"@id\":\"https:\\\/\\\/sagrinex.com\\\/#website\"},\"primaryImageOfPage\":{\"@id\":\"https:\\\/\\\/sagrinex.com\\\/produit\\\/anhaenger-lider-40905-l\\\/?lang=de#primaryimage\"},\"image\":{\"@id\":\"https:\\\/\\\/sagrinex.com\\\/produit\\\/anhaenger-lider-40905-l\\\/?lang=de#primaryimage\"},\"thumbnailUrl\":\"https:\\\/\\\/sagrinex.com\\\/wp-content\\\/uploads\\\/2026\\\/03\\\/Image-517.jpeg\",\"datePublished\":\"2026-04-15T17:49:33+00:00\",\"breadcrumb\":{\"@id\":\"https:\\\/\\\/sagrinex.com\\\/produit\\\/anhaenger-lider-40905-l\\\/?lang=de#breadcrumb\"},\"inLanguage\":\"de\",\"potentialAction\":[{\"@type\":\"ReadAction\",\"target\":[\"https:\\\/\\\/sagrinex.com\\\/produit\\\/anhaenger-lider-40905-l\\\/?lang=de\"]}]},{\"@type\":\"ImageObject\",\"inLanguage\":\"de\",\"@id\":\"https:\\\/\\\/sagrinex.com\\\/produit\\\/anhaenger-lider-40905-l\\\/?lang=de#primaryimage\",\"url\":\"https:\\\/\\\/sagrinex.com\\\/wp-content\\\/uploads\\\/2026\\\/03\\\/Image-517.jpeg\",\"contentUrl\":\"https:\\\/\\\/sagrinex.com\\\/wp-content\\\/uploads\\\/2026\\\/03\\\/Image-517.jpeg\",\"width\":700,\"height\":400},{\"@type\":\"BreadcrumbList\",\"@id\":\"https:\\\/\\\/sagrinex.com\\\/produit\\\/anhaenger-lider-40905-l\\\/?lang=de#breadcrumb\",\"itemListElement\":[{\"@type\":\"ListItem\",\"position\":1,\"name\":\"Accueil\",\"item\":\"https:\\\/\\\/sagrinex.com\\\/?lang=de\"},{\"@type\":\"ListItem\",\"position\":2,\"name\":\"Shop\",\"item\":\"https:\\\/\\\/sagrinex.com\\\/shop\\\/\"},{\"@type\":\"ListItem\",\"position\":3,\"name\":\"Anh\u00e4nger Lider 40905 L\"}]},{\"@type\":\"WebSite\",\"@id\":\"https:\\\/\\\/sagrinex.com\\\/#website\",\"url\":\"https:\\\/\\\/sagrinex.com\\\/\",\"name\":\"Sagrinex \u2013 Spezialist f\u00fcr Anh\u00e4nger, Container & Landtechnik\",\"description\":\"Anhaenger, Container &amp; Landtechnik \u2014 Online-Verkauf &amp; kostenloses Angebot\",\"publisher\":{\"@id\":\"https:\\\/\\\/sagrinex.com\\\/#organization\"},\"potentialAction\":[{\"@type\":\"SearchAction\",\"target\":{\"@type\":\"EntryPoint\",\"urlTemplate\":\"https:\\\/\\\/sagrinex.com\\\/?s={search_term_string}\"},\"query-input\":{\"@type\":\"PropertyValueSpecification\",\"valueRequired\":true,\"valueName\":\"search_term_string\"}}],\"inLanguage\":\"de\"},{\"@type\":\"Organization\",\"@id\":\"https:\\\/\\\/sagrinex.com\\\/#organization\",\"name\":\"Sagrinex \u2013 Remorques, Conteneurs & Mat\u00e9riel Agricole\",\"url\":\"https:\\\/\\\/sagrinex.com\\\/\",\"logo\":{\"@type\":\"ImageObject\",\"inLanguage\":\"de\",\"@id\":\"https:\\\/\\\/sagrinex.com\\\/#\\\/schema\\\/logo\\\/image\\\/\",\"url\":\"https:\\\/\\\/sagrinex.com\\\/wp-content\\\/uploads\\\/2026\\\/03\\\/7f1ac463-ef5a-425d-bdd6-a5da03a334a9-1024x683.png\",\"contentUrl\":\"https:\\\/\\\/sagrinex.com\\\/wp-content\\\/uploads\\\/2026\\\/03\\\/7f1ac463-ef5a-425d-bdd6-a5da03a334a9-1024x683.png\",\"width\":1024,\"height\":683,\"caption\":\"Sagrinex \u2013 Remorques, Conteneurs & Mat\u00e9riel Agricole\"},\"image\":{\"@id\":\"https:\\\/\\\/sagrinex.com\\\/#\\\/schema\\\/logo\\\/image\\\/\"}}]}<\/script>\n<!-- \/ Yoast SEO plugin. -->","yoast_head_json":{"title":"Anh\u00e4nger Lider 40905 L - Sagrinex \u2013 Anhaenger, Container &amp; Landtechnik \ud83c\udf3e\ud83d\ude9c","robots":{"index":"index","follow":"follow","max-snippet":"max-snippet:-1","max-image-preview":"max-image-preview:large","max-video-preview":"max-video-preview:-1"},"canonical":"https:\/\/sagrinex.com\/produit\/anhaenger-lider-40905-l\/?lang=de","og_locale":"de_DE","og_type":"article","og_title":"Anh\u00e4nger Lider 40905 L - Sagrinex \u2013 Anhaenger, Container &amp; Landtechnik \ud83c\udf3e\ud83d\ude9c","og_description":"Lider 40905 L Anh\u00e4nger. PMA: 3500 kg. Nutzlast: 2780 kg. Doppelachse. Produktvorteile: Tr\u00e4gheitsbremsung Geschwei\u00dfter verzinkter Rahmen 2 Aluminiumrampen von 35\u00d7160 cm Einstellbarer Abstand zwischen Rampen H\u00f6he vom Boden: 39 bis 101 cm Hintere St\u00fctzst\u00e4nder Rutschfester Holzboden (18 mm) H\u00f6he von Boden zu Boden: 52 cm Integrierte LED-R\u00fcckleuchten, Doppelspannung 12\/24 V Zurrpunkte (x4 innen)","og_url":"https:\/\/sagrinex.com\/produit\/anhaenger-lider-40905-l\/?lang=de","og_site_name":"Sagrinex \u2013 Anhaenger, Container &amp; Landtechnik \ud83c\udf3e\ud83d\ude9c","twitter_card":"summary_large_image","schema":{"@context":"https:\/\/schema.org","@graph":[{"@type":"WebPage","@id":"https:\/\/sagrinex.com\/produit\/anhaenger-lider-40905-l\/?lang=de","url":"https:\/\/sagrinex.com\/produit\/anhaenger-lider-40905-l\/?lang=de","name":"Anh\u00e4nger Lider 40905 L - Sagrinex \u2013 Anhaenger, Container &amp; Landtechnik \ud83c\udf3e\ud83d\ude9c","isPartOf":{"@id":"https:\/\/sagrinex.com\/#website"},"primaryImageOfPage":{"@id":"https:\/\/sagrinex.com\/produit\/anhaenger-lider-40905-l\/?lang=de#primaryimage"},"image":{"@id":"https:\/\/sagrinex.com\/produit\/anhaenger-lider-40905-l\/?lang=de#primaryimage"},"thumbnailUrl":"https:\/\/sagrinex.com\/wp-content\/uploads\/2026\/03\/Image-517.jpeg","datePublished":"2026-04-15T17:49:33+00:00","breadcrumb":{"@id":"https:\/\/sagrinex.com\/produit\/anhaenger-lider-40905-l\/?lang=de#breadcrumb"},"inLanguage":"de","potentialAction":[{"@type":"ReadAction","target":["https:\/\/sagrinex.com\/produit\/anhaenger-lider-40905-l\/?lang=de"]}]},{"@type":"ImageObject","inLanguage":"de","@id":"https:\/\/sagrinex.com\/produit\/anhaenger-lider-40905-l\/?lang=de#primaryimage","url":"https:\/\/sagrinex.com\/wp-content\/uploads\/2026\/03\/Image-517.jpeg","contentUrl":"https:\/\/sagrinex.com\/wp-content\/uploads\/2026\/03\/Image-517.jpeg","width":700,"height":400},{"@type":"BreadcrumbList","@id":"https:\/\/sagrinex.com\/produit\/anhaenger-lider-40905-l\/?lang=de#breadcrumb","itemListElement":[{"@type":"ListItem","position":1,"name":"Accueil","item":"https:\/\/sagrinex.com\/?lang=de"},{"@type":"ListItem","position":2,"name":"Shop","item":"https:\/\/sagrinex.com\/shop\/"},{"@type":"ListItem","position":3,"name":"Anh\u00e4nger Lider 40905 L"}]},{"@type":"WebSite","@id":"https:\/\/sagrinex.com\/#website","url":"https:\/\/sagrinex.com\/","name":"Sagrinex \u2013 Spezialist f\u00fcr Anh\u00e4nger, Container & Landtechnik","description":"Anhaenger, Container &amp; Landtechnik \u2014 Online-Verkauf &amp; kostenloses Angebot","publisher":{"@id":"https:\/\/sagrinex.com\/#organization"},"potentialAction":[{"@type":"SearchAction","target":{"@type":"EntryPoint","urlTemplate":"https:\/\/sagrinex.com\/?s={search_term_string}"},"query-input":{"@type":"PropertyValueSpecification","valueRequired":true,"valueName":"search_term_string"}}],"inLanguage":"de"},{"@type":"Organization","@id":"https:\/\/sagrinex.com\/#organization","name":"Sagrinex \u2013 Remorques, Conteneurs & Mat\u00e9riel Agricole","url":"https:\/\/sagrinex.com\/","logo":{"@type":"ImageObject","inLanguage":"de","@id":"https:\/\/sagrinex.com\/#\/schema\/logo\/image\/","url":"https:\/\/sagrinex.com\/wp-content\/uploads\/2026\/03\/7f1ac463-ef5a-425d-bdd6-a5da03a334a9-1024x683.png","contentUrl":"https:\/\/sagrinex.com\/wp-content\/uploads\/2026\/03\/7f1ac463-ef5a-425d-bdd6-a5da03a334a9-1024x683.png","width":1024,"height":683,"caption":"Sagrinex \u2013 Remorques, Conteneurs & Mat\u00e9riel Agricole"},"image":{"@id":"https:\/\/sagrinex.com\/#\/schema\/logo\/image\/"}}]}},"jetpack_sharing_enabled":true,"_links":{"self":[{"href":"https:\/\/sagrinex.com\/de\/wp-json\/wp\/v2\/product\/17370","targetHints":{"allow":["GET"]}}],"collection":[{"href":"https:\/\/sagrinex.com\/de\/wp-json\/wp\/v2\/product"}],"about":[{"href":"https:\/\/sagrinex.com\/de\/wp-json\/wp\/v2\/types\/product"}],"replies":[{"embeddable":true,"href":"https:\/\/sagrinex.com\/de\/wp-json\/wp\/v2\/comments?post=17370"}],"version-history":[{"count":0,"href":"https:\/\/sagrinex.com\/de\/wp-json\/wp\/v2\/product\/17370\/revisions"}],"wp:featuredmedia":[{"embeddable":true,"href":"https:\/\/sagrinex.com\/de\/wp-json\/wp\/v2\/media\/10435"}],"wp:attachment":[{"href":"https:\/\/sagrinex.com\/de\/wp-json\/wp\/v2\/media?parent=17370"}],"wp:term":[{"taxonomy":"product_brand","embeddable":true,"href":"https:\/\/sagrinex.com\/de\/wp-json\/wp\/v2\/product_brand?post=17370"},{"taxonomy":"product_cat","embeddable":true,"href":"https:\/\/sagrinex.com\/de\/wp-json\/wp\/v2\/product_cat?post=17370"},{"taxonomy":"product_tag","embeddable":true,"href":"https:\/\/sagrinex.com\/de\/wp-json\/wp\/v2\/product_tag?post=17370"}],"curies":[{"name":"wp","href":"https:\/\/api.w.org\/{rel}","templated":true}]}}