{"id":17372,"date":"2026-04-15T17:50:16","date_gmt":"2026-04-15T17:50:16","guid":{"rendered":"https:\/\/sagrinex.com\/produit\/kippplattform-300-m-x-170-m-1300-kg-erde\/"},"modified":"2026-04-15T21:12:32","modified_gmt":"2026-04-15T21:12:32","slug":"kippplattform-300-m-x-170-m-1300-kg-erde","status":"publish","type":"product","link":"https:\/\/sagrinex.com\/de\/produit\/kippplattform-300-m-x-170-m-1300-kg-erde\/","title":{"rendered":"Kippplattform 3,00 M X 1,70 M 1300 Kg Erde"},"content":{"rendered":"<p><strong>EIGENSCHAFTEN:<\/strong><\/p>\n<ul>\n<li><strong>Marke:<\/strong>\u00a0ERDE<\/li>\n<li><strong>PMA:<\/strong>\u00a0von 750 kg bis 1300 kg<\/li>\n<li><strong>Nutzlast:<\/strong>\u00a0von 457 kg bis 1007 kg<\/li>\n<li><strong>Leergewicht:<\/strong>\u00a0293 kg<\/li>\n<li><strong>Gesamtabmessungen:<\/strong>\u00a04,46m x 2,22m<\/li>\n<li><strong>N\u00fctzliche Abmessungen:<\/strong>\u00a03,00m x 1,70m x 0,10m<\/li>\n<li><strong>Achslast:<\/strong>\u00a01350 kg<\/li>\n<li><strong>R\u00e4der:<\/strong>\u00a0165 R 13C<\/li>\n<li><strong>Integrierte Kippplattform ohne Stufen<\/strong><\/li>\n<li><strong>Wird durch 2 Gasdruckfedern in der Schr\u00e4glage gehalten<\/strong><\/li>\n<li><strong>St\u00fctzrad:<\/strong>\u00a0Durchmesser 60 einziehbar<\/li>\n<li><strong>Trinkgeld \u00fcberspringen:<\/strong>\u00a0Ja<\/li>\n<li><strong>Bremssystem:<\/strong>\u00a0Ja<\/li>\n<\/ul>\n<p><strong>VERF\u00dcGBARE OPTIONEN:<\/strong><\/p>\n<ul>\n<li>Sideboard-Set<\/li>\n<li>Mesh-Erweiterungen<\/li>\n<li>Hohe Plane 1,50 m und 1,80 m Innenraum<\/li>\n<li>Ersatzrad mit Halterung<\/li>\n<\/ul>\n","protected":false},"excerpt":{"rendered":"<p>Perfekt f\u00fcr den Transport von Rasenm\u00e4hern, Quads oder Kleinfahrzeugen.<\/p>\n<p>L\u00c4NGE: 3m00<\/p>\n<p>MARKE: Erde<\/p>\n<p>ACHSENANZAHL: Einzeln<\/p>\n<p>NEUER ANH\u00c4NGER MIT 2 JAHREN GARANTIE!<\/p>\n","protected":false},"featured_media":10427,"comment_status":"open","ping_status":"closed","template":"","meta":[],"product_brand":[],"product_cat":[358,356,352],"product_tag":[],"class_list":{"0":"post-17372","1":"product","2":"type-product","3":"status-publish","4":"has-post-thumbnail","6":"product_cat-anhaenger-fuer-den-schwermaschinentransport","7":"product_cat-motorrad-und-quad-anhaenger","8":"product_cat-unsere-trailer","10":"first","11":"instock","12":"shipping-taxable","13":"purchasable","14":"product-type-simple"},"yoast_head":"<!-- This site is optimized with the Yoast SEO plugin v27.5 - https:\/\/yoast.com\/product\/yoast-seo-wordpress\/ -->\n<title>Kippplattform 3,00 M X 1,70 M 1300 Kg Erde - Sagrinex \u2013 Anhaenger, Container &amp; Landtechnik \ud83c\udf3e\ud83d\ude9c<\/title>\n<meta name=\"robots\" content=\"index, follow, max-snippet:-1, max-image-preview:large, max-video-preview:-1\" \/>\n<link rel=\"canonical\" href=\"https:\/\/sagrinex.com\/produit\/kippplattform-300-m-x-170-m-1300-kg-erde\/?lang=de\" \/>\n<meta property=\"og:locale\" content=\"de_DE\" \/>\n<meta property=\"og:type\" content=\"article\" \/>\n<meta property=\"og:title\" content=\"Kippplattform 3,00 M X 1,70 M 1300 Kg Erde - Sagrinex \u2013 Anhaenger, Container &amp; Landtechnik \ud83c\udf3e\ud83d\ude9c\" \/>\n<meta property=\"og:description\" content=\"Perfekt f\u00fcr den Transport von Rasenm\u00e4hern, Quads oder Kleinfahrzeugen. L\u00c4NGE: 3m00 MARKE: Erde ACHSENANZAHL: Einzeln NEUER ANH\u00c4NGER MIT 2 JAHREN GARANTIE!\" \/>\n<meta property=\"og:url\" content=\"https:\/\/sagrinex.com\/produit\/kippplattform-300-m-x-170-m-1300-kg-erde\/?lang=de\" \/>\n<meta property=\"og:site_name\" content=\"Sagrinex \u2013 Anhaenger, Container &amp; Landtechnik \ud83c\udf3e\ud83d\ude9c\" \/>\n<meta property=\"article:modified_time\" content=\"2026-04-15T21:12:32+00:00\" \/>\n<meta property=\"og:image\" content=\"https:\/\/sagrinex.com\/wp-content\/uploads\/2026\/03\/Image-513.jpeg\" \/>\n\t<meta property=\"og:image:width\" content=\"1024\" \/>\n\t<meta property=\"og:image:height\" content=\"768\" \/>\n\t<meta property=\"og:image:type\" content=\"image\/jpeg\" \/>\n<meta name=\"twitter:card\" content=\"summary_large_image\" \/>\n<script type=\"application\/ld+json\" class=\"yoast-schema-graph\">{\"@context\":\"https:\\\/\\\/schema.org\",\"@graph\":[{\"@type\":\"WebPage\",\"@id\":\"https:\\\/\\\/sagrinex.com\\\/produit\\\/kippplattform-300-m-x-170-m-1300-kg-erde\\\/?lang=de\",\"url\":\"https:\\\/\\\/sagrinex.com\\\/produit\\\/kippplattform-300-m-x-170-m-1300-kg-erde\\\/?lang=de\",\"name\":\"Kippplattform 3,00 M X 1,70 M 1300 Kg Erde - Sagrinex \u2013 Anhaenger, Container &amp; Landtechnik \ud83c\udf3e\ud83d\ude9c\",\"isPartOf\":{\"@id\":\"https:\\\/\\\/sagrinex.com\\\/#website\"},\"primaryImageOfPage\":{\"@id\":\"https:\\\/\\\/sagrinex.com\\\/produit\\\/kippplattform-300-m-x-170-m-1300-kg-erde\\\/?lang=de#primaryimage\"},\"image\":{\"@id\":\"https:\\\/\\\/sagrinex.com\\\/produit\\\/kippplattform-300-m-x-170-m-1300-kg-erde\\\/?lang=de#primaryimage\"},\"thumbnailUrl\":\"https:\\\/\\\/sagrinex.com\\\/wp-content\\\/uploads\\\/2026\\\/03\\\/Image-513.jpeg\",\"datePublished\":\"2026-04-15T17:50:16+00:00\",\"dateModified\":\"2026-04-15T21:12:32+00:00\",\"breadcrumb\":{\"@id\":\"https:\\\/\\\/sagrinex.com\\\/produit\\\/kippplattform-300-m-x-170-m-1300-kg-erde\\\/?lang=de#breadcrumb\"},\"inLanguage\":\"de\",\"potentialAction\":[{\"@type\":\"ReadAction\",\"target\":[\"https:\\\/\\\/sagrinex.com\\\/produit\\\/kippplattform-300-m-x-170-m-1300-kg-erde\\\/?lang=de\"]}]},{\"@type\":\"ImageObject\",\"inLanguage\":\"de\",\"@id\":\"https:\\\/\\\/sagrinex.com\\\/produit\\\/kippplattform-300-m-x-170-m-1300-kg-erde\\\/?lang=de#primaryimage\",\"url\":\"https:\\\/\\\/sagrinex.com\\\/wp-content\\\/uploads\\\/2026\\\/03\\\/Image-513.jpeg\",\"contentUrl\":\"https:\\\/\\\/sagrinex.com\\\/wp-content\\\/uploads\\\/2026\\\/03\\\/Image-513.jpeg\",\"width\":1024,\"height\":768},{\"@type\":\"BreadcrumbList\",\"@id\":\"https:\\\/\\\/sagrinex.com\\\/produit\\\/kippplattform-300-m-x-170-m-1300-kg-erde\\\/?lang=de#breadcrumb\",\"itemListElement\":[{\"@type\":\"ListItem\",\"position\":1,\"name\":\"Accueil\",\"item\":\"https:\\\/\\\/sagrinex.com\\\/?lang=de\"},{\"@type\":\"ListItem\",\"position\":2,\"name\":\"Shop\",\"item\":\"https:\\\/\\\/sagrinex.com\\\/shop\\\/\"},{\"@type\":\"ListItem\",\"position\":3,\"name\":\"Kippplattform 3,00 M X 1,70 M 1300 Kg Erde\"}]},{\"@type\":\"WebSite\",\"@id\":\"https:\\\/\\\/sagrinex.com\\\/#website\",\"url\":\"https:\\\/\\\/sagrinex.com\\\/\",\"name\":\"Sagrinex \u2013 Spezialist f\u00fcr Anh\u00e4nger, Container & Landtechnik\",\"description\":\"Anhaenger, Container &amp; Landtechnik \u2014 Online-Verkauf &amp; kostenloses Angebot\",\"publisher\":{\"@id\":\"https:\\\/\\\/sagrinex.com\\\/#organization\"},\"potentialAction\":[{\"@type\":\"SearchAction\",\"target\":{\"@type\":\"EntryPoint\",\"urlTemplate\":\"https:\\\/\\\/sagrinex.com\\\/?s={search_term_string}\"},\"query-input\":{\"@type\":\"PropertyValueSpecification\",\"valueRequired\":true,\"valueName\":\"search_term_string\"}}],\"inLanguage\":\"de\"},{\"@type\":\"Organization\",\"@id\":\"https:\\\/\\\/sagrinex.com\\\/#organization\",\"name\":\"Sagrinex \u2013 Remorques, Conteneurs & Mat\u00e9riel Agricole\",\"url\":\"https:\\\/\\\/sagrinex.com\\\/\",\"logo\":{\"@type\":\"ImageObject\",\"inLanguage\":\"de\",\"@id\":\"https:\\\/\\\/sagrinex.com\\\/#\\\/schema\\\/logo\\\/image\\\/\",\"url\":\"https:\\\/\\\/sagrinex.com\\\/wp-content\\\/uploads\\\/2026\\\/03\\\/7f1ac463-ef5a-425d-bdd6-a5da03a334a9-1024x683.png\",\"contentUrl\":\"https:\\\/\\\/sagrinex.com\\\/wp-content\\\/uploads\\\/2026\\\/03\\\/7f1ac463-ef5a-425d-bdd6-a5da03a334a9-1024x683.png\",\"width\":1024,\"height\":683,\"caption\":\"Sagrinex \u2013 Remorques, Conteneurs & Mat\u00e9riel Agricole\"},\"image\":{\"@id\":\"https:\\\/\\\/sagrinex.com\\\/#\\\/schema\\\/logo\\\/image\\\/\"}}]}<\/script>\n<!-- \/ Yoast SEO plugin. -->","yoast_head_json":{"title":"Kippplattform 3,00 M X 1,70 M 1300 Kg Erde - Sagrinex \u2013 Anhaenger, Container &amp; Landtechnik \ud83c\udf3e\ud83d\ude9c","robots":{"index":"index","follow":"follow","max-snippet":"max-snippet:-1","max-image-preview":"max-image-preview:large","max-video-preview":"max-video-preview:-1"},"canonical":"https:\/\/sagrinex.com\/produit\/kippplattform-300-m-x-170-m-1300-kg-erde\/?lang=de","og_locale":"de_DE","og_type":"article","og_title":"Kippplattform 3,00 M X 1,70 M 1300 Kg Erde - Sagrinex \u2013 Anhaenger, Container &amp; Landtechnik \ud83c\udf3e\ud83d\ude9c","og_description":"Perfekt f\u00fcr den Transport von Rasenm\u00e4hern, Quads oder Kleinfahrzeugen. L\u00c4NGE: 3m00 MARKE: Erde ACHSENANZAHL: Einzeln NEUER ANH\u00c4NGER MIT 2 JAHREN GARANTIE!","og_url":"https:\/\/sagrinex.com\/produit\/kippplattform-300-m-x-170-m-1300-kg-erde\/?lang=de","og_site_name":"Sagrinex \u2013 Anhaenger, Container &amp; Landtechnik \ud83c\udf3e\ud83d\ude9c","article_modified_time":"2026-04-15T21:12:32+00:00","og_image":[{"width":1024,"height":768,"url":"https:\/\/sagrinex.com\/wp-content\/uploads\/2026\/03\/Image-513.jpeg","type":"image\/jpeg"}],"twitter_card":"summary_large_image","schema":{"@context":"https:\/\/schema.org","@graph":[{"@type":"WebPage","@id":"https:\/\/sagrinex.com\/produit\/kippplattform-300-m-x-170-m-1300-kg-erde\/?lang=de","url":"https:\/\/sagrinex.com\/produit\/kippplattform-300-m-x-170-m-1300-kg-erde\/?lang=de","name":"Kippplattform 3,00 M X 1,70 M 1300 Kg Erde - Sagrinex \u2013 Anhaenger, Container &amp; Landtechnik \ud83c\udf3e\ud83d\ude9c","isPartOf":{"@id":"https:\/\/sagrinex.com\/#website"},"primaryImageOfPage":{"@id":"https:\/\/sagrinex.com\/produit\/kippplattform-300-m-x-170-m-1300-kg-erde\/?lang=de#primaryimage"},"image":{"@id":"https:\/\/sagrinex.com\/produit\/kippplattform-300-m-x-170-m-1300-kg-erde\/?lang=de#primaryimage"},"thumbnailUrl":"https:\/\/sagrinex.com\/wp-content\/uploads\/2026\/03\/Image-513.jpeg","datePublished":"2026-04-15T17:50:16+00:00","dateModified":"2026-04-15T21:12:32+00:00","breadcrumb":{"@id":"https:\/\/sagrinex.com\/produit\/kippplattform-300-m-x-170-m-1300-kg-erde\/?lang=de#breadcrumb"},"inLanguage":"de","potentialAction":[{"@type":"ReadAction","target":["https:\/\/sagrinex.com\/produit\/kippplattform-300-m-x-170-m-1300-kg-erde\/?lang=de"]}]},{"@type":"ImageObject","inLanguage":"de","@id":"https:\/\/sagrinex.com\/produit\/kippplattform-300-m-x-170-m-1300-kg-erde\/?lang=de#primaryimage","url":"https:\/\/sagrinex.com\/wp-content\/uploads\/2026\/03\/Image-513.jpeg","contentUrl":"https:\/\/sagrinex.com\/wp-content\/uploads\/2026\/03\/Image-513.jpeg","width":1024,"height":768},{"@type":"BreadcrumbList","@id":"https:\/\/sagrinex.com\/produit\/kippplattform-300-m-x-170-m-1300-kg-erde\/?lang=de#breadcrumb","itemListElement":[{"@type":"ListItem","position":1,"name":"Accueil","item":"https:\/\/sagrinex.com\/?lang=de"},{"@type":"ListItem","position":2,"name":"Shop","item":"https:\/\/sagrinex.com\/shop\/"},{"@type":"ListItem","position":3,"name":"Kippplattform 3,00 M X 1,70 M 1300 Kg Erde"}]},{"@type":"WebSite","@id":"https:\/\/sagrinex.com\/#website","url":"https:\/\/sagrinex.com\/","name":"Sagrinex \u2013 Spezialist f\u00fcr Anh\u00e4nger, Container & Landtechnik","description":"Anhaenger, Container &amp; Landtechnik \u2014 Online-Verkauf &amp; kostenloses Angebot","publisher":{"@id":"https:\/\/sagrinex.com\/#organization"},"potentialAction":[{"@type":"SearchAction","target":{"@type":"EntryPoint","urlTemplate":"https:\/\/sagrinex.com\/?s={search_term_string}"},"query-input":{"@type":"PropertyValueSpecification","valueRequired":true,"valueName":"search_term_string"}}],"inLanguage":"de"},{"@type":"Organization","@id":"https:\/\/sagrinex.com\/#organization","name":"Sagrinex \u2013 Remorques, Conteneurs & Mat\u00e9riel Agricole","url":"https:\/\/sagrinex.com\/","logo":{"@type":"ImageObject","inLanguage":"de","@id":"https:\/\/sagrinex.com\/#\/schema\/logo\/image\/","url":"https:\/\/sagrinex.com\/wp-content\/uploads\/2026\/03\/7f1ac463-ef5a-425d-bdd6-a5da03a334a9-1024x683.png","contentUrl":"https:\/\/sagrinex.com\/wp-content\/uploads\/2026\/03\/7f1ac463-ef5a-425d-bdd6-a5da03a334a9-1024x683.png","width":1024,"height":683,"caption":"Sagrinex \u2013 Remorques, Conteneurs & Mat\u00e9riel Agricole"},"image":{"@id":"https:\/\/sagrinex.com\/#\/schema\/logo\/image\/"}}]}},"jetpack_sharing_enabled":true,"_links":{"self":[{"href":"https:\/\/sagrinex.com\/de\/wp-json\/wp\/v2\/product\/17372","targetHints":{"allow":["GET"]}}],"collection":[{"href":"https:\/\/sagrinex.com\/de\/wp-json\/wp\/v2\/product"}],"about":[{"href":"https:\/\/sagrinex.com\/de\/wp-json\/wp\/v2\/types\/product"}],"replies":[{"embeddable":true,"href":"https:\/\/sagrinex.com\/de\/wp-json\/wp\/v2\/comments?post=17372"}],"version-history":[{"count":0,"href":"https:\/\/sagrinex.com\/de\/wp-json\/wp\/v2\/product\/17372\/revisions"}],"wp:featuredmedia":[{"embeddable":true,"href":"https:\/\/sagrinex.com\/de\/wp-json\/wp\/v2\/media\/10427"}],"wp:attachment":[{"href":"https:\/\/sagrinex.com\/de\/wp-json\/wp\/v2\/media?parent=17372"}],"wp:term":[{"taxonomy":"product_brand","embeddable":true,"href":"https:\/\/sagrinex.com\/de\/wp-json\/wp\/v2\/product_brand?post=17372"},{"taxonomy":"product_cat","embeddable":true,"href":"https:\/\/sagrinex.com\/de\/wp-json\/wp\/v2\/product_cat?post=17372"},{"taxonomy":"product_tag","embeddable":true,"href":"https:\/\/sagrinex.com\/de\/wp-json\/wp\/v2\/product_tag?post=17372"}],"curies":[{"name":"wp","href":"https:\/\/api.w.org\/{rel}","templated":true}]}}