{"id":17374,"date":"2026-04-15T17:51:09","date_gmt":"2026-04-15T17:51:09","guid":{"rendered":"https:\/\/sagrinex.com\/produit\/brenderup-2-6t-anhaenger-mt2610stb2600\/"},"modified":"2026-04-15T17:51:09","modified_gmt":"2026-04-15T17:51:09","slug":"brenderup-2-6t-anhaenger-mt2610stb2600","status":"publish","type":"product","link":"https:\/\/sagrinex.com\/de\/produit\/brenderup-2-6t-anhaenger-mt2610stb2600\/","title":{"rendered":"Brenderup 2.6T Anh\u00e4nger \u2013 MT2610STB2600"},"content":{"rendered":"<h3>Brenderup MT2610STB2600 Anh\u00e4nger<\/h3>\n<p><strong>Marke:<\/strong>\u00a0Brenderup<br \/>\n<strong>Modell:<\/strong>\u00a0MT2610STB2600<br \/>\n<strong>Gesamtgewicht:<\/strong>\u00a02600 kg<br \/>\n<strong>Leergewicht:<\/strong>\u00a0530 kg<br \/>\n<strong>Nutzlast:<\/strong>\u00a02070 kg<br \/>\n<strong>N\u00fctzliche Abmessungen:<\/strong>\u00a0261 x 126 cm<br \/>\n<strong>Gesamtl\u00e4nge:<\/strong>\u00a0445 cm<br \/>\n<strong>Gesamtbreite:<\/strong>\u00a0181 cm<br \/>\n<strong>H\u00f6he der Seiten:<\/strong>\u00a027 cm<br \/>\n<strong>Bodenh\u00f6he:<\/strong>\u00a050 cm<br \/>\n<strong>Reifenabmessungen:<\/strong>\u00a0195\/70R14<br \/>\n<strong>Gebremst:<\/strong>\u00a0Ja<br \/>\n<strong>Anzahl der Achsen:<\/strong>\u00a02<br \/>\n<strong>Umschalten:<\/strong>\u00a0Nein<br \/>\n<strong>Heckklappe:<\/strong>\u00a0125 x 143 cm<\/p>\n<h4>Zus\u00e4tzliche Funktionen:<\/h4>\n<ul>\n<li><strong>Achsen:<\/strong>\u00a02, f\u00fcr bessere Stabilit\u00e4t und Tragf\u00e4higkeit.<\/li>\n<li><strong>Heckklappe<\/strong>\u00a0mit den Ma\u00dfen 125 x 143 cm, um das Be- und Entladen zu erleichtern.<\/li>\n<\/ul>\n","protected":false},"excerpt":{"rendered":"<p>Dieser Anh\u00e4nger ist so konzipiert, dass er beim Transport schwerer Lasten robust und effizient ist und gleichzeitig f\u00fcr den regelm\u00e4\u00dfigen Gebrauch praktisch bleibt.<\/p>\n","protected":false},"featured_media":10417,"comment_status":"open","ping_status":"closed","template":"","meta":[],"product_brand":[],"product_cat":[358,352],"product_tag":[],"class_list":{"0":"post-17374","1":"product","2":"type-product","3":"status-publish","4":"has-post-thumbnail","6":"product_cat-anhaenger-fuer-den-schwermaschinentransport","7":"product_cat-unsere-trailer","9":"first","10":"instock","11":"shipping-taxable","12":"purchasable","13":"product-type-simple"},"yoast_head":"<!-- This site is optimized with the Yoast SEO plugin v27.5 - https:\/\/yoast.com\/product\/yoast-seo-wordpress\/ -->\n<title>Brenderup 2.6T Anh\u00e4nger \u2013 MT2610STB2600 - Sagrinex \u2013 Anhaenger, Container &amp; Landtechnik \ud83c\udf3e\ud83d\ude9c<\/title>\n<meta name=\"robots\" content=\"index, follow, max-snippet:-1, max-image-preview:large, max-video-preview:-1\" \/>\n<link rel=\"canonical\" href=\"https:\/\/sagrinex.com\/produit\/brenderup-2-6t-anhaenger-mt2610stb2600\/?lang=de\" \/>\n<meta property=\"og:locale\" content=\"de_DE\" \/>\n<meta property=\"og:type\" content=\"article\" \/>\n<meta property=\"og:title\" content=\"Brenderup 2.6T Anh\u00e4nger \u2013 MT2610STB2600 - Sagrinex \u2013 Anhaenger, Container &amp; Landtechnik \ud83c\udf3e\ud83d\ude9c\" \/>\n<meta property=\"og:description\" content=\"Dieser Anh\u00e4nger ist so konzipiert, dass er beim Transport schwerer Lasten robust und effizient ist und gleichzeitig f\u00fcr den regelm\u00e4\u00dfigen Gebrauch praktisch bleibt.\" \/>\n<meta property=\"og:url\" content=\"https:\/\/sagrinex.com\/produit\/brenderup-2-6t-anhaenger-mt2610stb2600\/?lang=de\" \/>\n<meta property=\"og:site_name\" content=\"Sagrinex \u2013 Anhaenger, Container &amp; Landtechnik \ud83c\udf3e\ud83d\ude9c\" \/>\n<meta name=\"twitter:card\" content=\"summary_large_image\" \/>\n<script type=\"application\/ld+json\" class=\"yoast-schema-graph\">{\"@context\":\"https:\\\/\\\/schema.org\",\"@graph\":[{\"@type\":\"WebPage\",\"@id\":\"https:\\\/\\\/sagrinex.com\\\/produit\\\/brenderup-2-6t-anhaenger-mt2610stb2600\\\/?lang=de\",\"url\":\"https:\\\/\\\/sagrinex.com\\\/produit\\\/brenderup-2-6t-anhaenger-mt2610stb2600\\\/?lang=de\",\"name\":\"Brenderup 2.6T Anh\u00e4nger \u2013 MT2610STB2600 - Sagrinex \u2013 Anhaenger, Container &amp; Landtechnik \ud83c\udf3e\ud83d\ude9c\",\"isPartOf\":{\"@id\":\"https:\\\/\\\/sagrinex.com\\\/#website\"},\"primaryImageOfPage\":{\"@id\":\"https:\\\/\\\/sagrinex.com\\\/produit\\\/brenderup-2-6t-anhaenger-mt2610stb2600\\\/?lang=de#primaryimage\"},\"image\":{\"@id\":\"https:\\\/\\\/sagrinex.com\\\/produit\\\/brenderup-2-6t-anhaenger-mt2610stb2600\\\/?lang=de#primaryimage\"},\"thumbnailUrl\":\"https:\\\/\\\/sagrinex.com\\\/wp-content\\\/uploads\\\/2026\\\/03\\\/Image-509.jpeg\",\"datePublished\":\"2026-04-15T17:51:09+00:00\",\"breadcrumb\":{\"@id\":\"https:\\\/\\\/sagrinex.com\\\/produit\\\/brenderup-2-6t-anhaenger-mt2610stb2600\\\/?lang=de#breadcrumb\"},\"inLanguage\":\"de\",\"potentialAction\":[{\"@type\":\"ReadAction\",\"target\":[\"https:\\\/\\\/sagrinex.com\\\/produit\\\/brenderup-2-6t-anhaenger-mt2610stb2600\\\/?lang=de\"]}]},{\"@type\":\"ImageObject\",\"inLanguage\":\"de\",\"@id\":\"https:\\\/\\\/sagrinex.com\\\/produit\\\/brenderup-2-6t-anhaenger-mt2610stb2600\\\/?lang=de#primaryimage\",\"url\":\"https:\\\/\\\/sagrinex.com\\\/wp-content\\\/uploads\\\/2026\\\/03\\\/Image-509.jpeg\",\"contentUrl\":\"https:\\\/\\\/sagrinex.com\\\/wp-content\\\/uploads\\\/2026\\\/03\\\/Image-509.jpeg\",\"width\":650,\"height\":650},{\"@type\":\"BreadcrumbList\",\"@id\":\"https:\\\/\\\/sagrinex.com\\\/produit\\\/brenderup-2-6t-anhaenger-mt2610stb2600\\\/?lang=de#breadcrumb\",\"itemListElement\":[{\"@type\":\"ListItem\",\"position\":1,\"name\":\"Accueil\",\"item\":\"https:\\\/\\\/sagrinex.com\\\/?lang=de\"},{\"@type\":\"ListItem\",\"position\":2,\"name\":\"Shop\",\"item\":\"https:\\\/\\\/sagrinex.com\\\/shop\\\/\"},{\"@type\":\"ListItem\",\"position\":3,\"name\":\"Brenderup 2.6T Anh\u00e4nger \u2013 MT2610STB2600\"}]},{\"@type\":\"WebSite\",\"@id\":\"https:\\\/\\\/sagrinex.com\\\/#website\",\"url\":\"https:\\\/\\\/sagrinex.com\\\/\",\"name\":\"Sagrinex \u2013 Spezialist f\u00fcr Anh\u00e4nger, Container & Landtechnik\",\"description\":\"Anhaenger, Container &amp; Landtechnik \u2014 Online-Verkauf &amp; kostenloses Angebot\",\"publisher\":{\"@id\":\"https:\\\/\\\/sagrinex.com\\\/#organization\"},\"potentialAction\":[{\"@type\":\"SearchAction\",\"target\":{\"@type\":\"EntryPoint\",\"urlTemplate\":\"https:\\\/\\\/sagrinex.com\\\/?s={search_term_string}\"},\"query-input\":{\"@type\":\"PropertyValueSpecification\",\"valueRequired\":true,\"valueName\":\"search_term_string\"}}],\"inLanguage\":\"de\"},{\"@type\":\"Organization\",\"@id\":\"https:\\\/\\\/sagrinex.com\\\/#organization\",\"name\":\"Sagrinex \u2013 Remorques, Conteneurs & Mat\u00e9riel Agricole\",\"url\":\"https:\\\/\\\/sagrinex.com\\\/\",\"logo\":{\"@type\":\"ImageObject\",\"inLanguage\":\"de\",\"@id\":\"https:\\\/\\\/sagrinex.com\\\/#\\\/schema\\\/logo\\\/image\\\/\",\"url\":\"https:\\\/\\\/sagrinex.com\\\/wp-content\\\/uploads\\\/2026\\\/03\\\/7f1ac463-ef5a-425d-bdd6-a5da03a334a9-1024x683.png\",\"contentUrl\":\"https:\\\/\\\/sagrinex.com\\\/wp-content\\\/uploads\\\/2026\\\/03\\\/7f1ac463-ef5a-425d-bdd6-a5da03a334a9-1024x683.png\",\"width\":1024,\"height\":683,\"caption\":\"Sagrinex \u2013 Remorques, Conteneurs & Mat\u00e9riel Agricole\"},\"image\":{\"@id\":\"https:\\\/\\\/sagrinex.com\\\/#\\\/schema\\\/logo\\\/image\\\/\"}}]}<\/script>\n<!-- \/ Yoast SEO plugin. -->","yoast_head_json":{"title":"Brenderup 2.6T Anh\u00e4nger \u2013 MT2610STB2600 - Sagrinex \u2013 Anhaenger, Container &amp; Landtechnik \ud83c\udf3e\ud83d\ude9c","robots":{"index":"index","follow":"follow","max-snippet":"max-snippet:-1","max-image-preview":"max-image-preview:large","max-video-preview":"max-video-preview:-1"},"canonical":"https:\/\/sagrinex.com\/produit\/brenderup-2-6t-anhaenger-mt2610stb2600\/?lang=de","og_locale":"de_DE","og_type":"article","og_title":"Brenderup 2.6T Anh\u00e4nger \u2013 MT2610STB2600 - Sagrinex \u2013 Anhaenger, Container &amp; Landtechnik \ud83c\udf3e\ud83d\ude9c","og_description":"Dieser Anh\u00e4nger ist so konzipiert, dass er beim Transport schwerer Lasten robust und effizient ist und gleichzeitig f\u00fcr den regelm\u00e4\u00dfigen Gebrauch praktisch bleibt.","og_url":"https:\/\/sagrinex.com\/produit\/brenderup-2-6t-anhaenger-mt2610stb2600\/?lang=de","og_site_name":"Sagrinex \u2013 Anhaenger, Container &amp; Landtechnik \ud83c\udf3e\ud83d\ude9c","twitter_card":"summary_large_image","schema":{"@context":"https:\/\/schema.org","@graph":[{"@type":"WebPage","@id":"https:\/\/sagrinex.com\/produit\/brenderup-2-6t-anhaenger-mt2610stb2600\/?lang=de","url":"https:\/\/sagrinex.com\/produit\/brenderup-2-6t-anhaenger-mt2610stb2600\/?lang=de","name":"Brenderup 2.6T Anh\u00e4nger \u2013 MT2610STB2600 - Sagrinex \u2013 Anhaenger, Container &amp; Landtechnik \ud83c\udf3e\ud83d\ude9c","isPartOf":{"@id":"https:\/\/sagrinex.com\/#website"},"primaryImageOfPage":{"@id":"https:\/\/sagrinex.com\/produit\/brenderup-2-6t-anhaenger-mt2610stb2600\/?lang=de#primaryimage"},"image":{"@id":"https:\/\/sagrinex.com\/produit\/brenderup-2-6t-anhaenger-mt2610stb2600\/?lang=de#primaryimage"},"thumbnailUrl":"https:\/\/sagrinex.com\/wp-content\/uploads\/2026\/03\/Image-509.jpeg","datePublished":"2026-04-15T17:51:09+00:00","breadcrumb":{"@id":"https:\/\/sagrinex.com\/produit\/brenderup-2-6t-anhaenger-mt2610stb2600\/?lang=de#breadcrumb"},"inLanguage":"de","potentialAction":[{"@type":"ReadAction","target":["https:\/\/sagrinex.com\/produit\/brenderup-2-6t-anhaenger-mt2610stb2600\/?lang=de"]}]},{"@type":"ImageObject","inLanguage":"de","@id":"https:\/\/sagrinex.com\/produit\/brenderup-2-6t-anhaenger-mt2610stb2600\/?lang=de#primaryimage","url":"https:\/\/sagrinex.com\/wp-content\/uploads\/2026\/03\/Image-509.jpeg","contentUrl":"https:\/\/sagrinex.com\/wp-content\/uploads\/2026\/03\/Image-509.jpeg","width":650,"height":650},{"@type":"BreadcrumbList","@id":"https:\/\/sagrinex.com\/produit\/brenderup-2-6t-anhaenger-mt2610stb2600\/?lang=de#breadcrumb","itemListElement":[{"@type":"ListItem","position":1,"name":"Accueil","item":"https:\/\/sagrinex.com\/?lang=de"},{"@type":"ListItem","position":2,"name":"Shop","item":"https:\/\/sagrinex.com\/shop\/"},{"@type":"ListItem","position":3,"name":"Brenderup 2.6T Anh\u00e4nger \u2013 MT2610STB2600"}]},{"@type":"WebSite","@id":"https:\/\/sagrinex.com\/#website","url":"https:\/\/sagrinex.com\/","name":"Sagrinex \u2013 Spezialist f\u00fcr Anh\u00e4nger, Container & Landtechnik","description":"Anhaenger, Container &amp; Landtechnik \u2014 Online-Verkauf &amp; kostenloses Angebot","publisher":{"@id":"https:\/\/sagrinex.com\/#organization"},"potentialAction":[{"@type":"SearchAction","target":{"@type":"EntryPoint","urlTemplate":"https:\/\/sagrinex.com\/?s={search_term_string}"},"query-input":{"@type":"PropertyValueSpecification","valueRequired":true,"valueName":"search_term_string"}}],"inLanguage":"de"},{"@type":"Organization","@id":"https:\/\/sagrinex.com\/#organization","name":"Sagrinex \u2013 Remorques, Conteneurs & Mat\u00e9riel Agricole","url":"https:\/\/sagrinex.com\/","logo":{"@type":"ImageObject","inLanguage":"de","@id":"https:\/\/sagrinex.com\/#\/schema\/logo\/image\/","url":"https:\/\/sagrinex.com\/wp-content\/uploads\/2026\/03\/7f1ac463-ef5a-425d-bdd6-a5da03a334a9-1024x683.png","contentUrl":"https:\/\/sagrinex.com\/wp-content\/uploads\/2026\/03\/7f1ac463-ef5a-425d-bdd6-a5da03a334a9-1024x683.png","width":1024,"height":683,"caption":"Sagrinex \u2013 Remorques, Conteneurs & Mat\u00e9riel Agricole"},"image":{"@id":"https:\/\/sagrinex.com\/#\/schema\/logo\/image\/"}}]}},"jetpack_sharing_enabled":true,"_links":{"self":[{"href":"https:\/\/sagrinex.com\/de\/wp-json\/wp\/v2\/product\/17374","targetHints":{"allow":["GET"]}}],"collection":[{"href":"https:\/\/sagrinex.com\/de\/wp-json\/wp\/v2\/product"}],"about":[{"href":"https:\/\/sagrinex.com\/de\/wp-json\/wp\/v2\/types\/product"}],"replies":[{"embeddable":true,"href":"https:\/\/sagrinex.com\/de\/wp-json\/wp\/v2\/comments?post=17374"}],"version-history":[{"count":0,"href":"https:\/\/sagrinex.com\/de\/wp-json\/wp\/v2\/product\/17374\/revisions"}],"wp:featuredmedia":[{"embeddable":true,"href":"https:\/\/sagrinex.com\/de\/wp-json\/wp\/v2\/media\/10417"}],"wp:attachment":[{"href":"https:\/\/sagrinex.com\/de\/wp-json\/wp\/v2\/media?parent=17374"}],"wp:term":[{"taxonomy":"product_brand","embeddable":true,"href":"https:\/\/sagrinex.com\/de\/wp-json\/wp\/v2\/product_brand?post=17374"},{"taxonomy":"product_cat","embeddable":true,"href":"https:\/\/sagrinex.com\/de\/wp-json\/wp\/v2\/product_cat?post=17374"},{"taxonomy":"product_tag","embeddable":true,"href":"https:\/\/sagrinex.com\/de\/wp-json\/wp\/v2\/product_tag?post=17374"}],"curies":[{"name":"wp","href":"https:\/\/api.w.org\/{rel}","templated":true}]}}