{"id":17376,"date":"2026-04-15T17:51:57","date_gmt":"2026-04-15T17:51:57","guid":{"rendered":"https:\/\/sagrinex.com\/produit\/maschinentraeger-35t-brenderup-mt-3651-2-achsen\/"},"modified":"2026-04-15T21:12:32","modified_gmt":"2026-04-15T21:12:32","slug":"maschinentraeger-35t-brenderup-mt-3651-2-achsen","status":"publish","type":"product","link":"https:\/\/sagrinex.com\/de\/produit\/maschinentraeger-35t-brenderup-mt-3651-2-achsen\/","title":{"rendered":"Maschinentr\u00e4ger 3,5t Brenderup Mt 3651 \u2013 2 Achsen"},"content":{"rendered":"<p><strong>Gesamtgewicht:<\/strong>\u00a03500 kg<br \/>\n<strong>Leergewicht:<\/strong>\u00a0780 kg<br \/>\n<strong>Nutzma\u00dfe (cm):<\/strong>\u00a0365 x 180 x 25<br \/>\n<strong>R\u00e4der:<\/strong>\u00a014\u2033 mit Doppelachsen<br \/>\n<strong>Gesamtl\u00e4nge:<\/strong>\u00a0562 cm x 234 cm<\/p>\n<h4>Eigenschaften:<\/h4>\n<ul>\n<li><strong>St\u00e4nder \/ St\u00fctzrad:<\/strong>\u00a0Ausgestattet mit einem Timont V-f\u00f6rmigen St\u00fctzrad auf einem inneren Quertr\u00e4ger, das eine effiziente Unterst\u00fctzung f\u00fcr einfaches Beladen erm\u00f6glicht.<\/li>\n<li><strong>Ladeklappe:<\/strong>\u00a0Entworfen mit einer integrierten St\u00fctze, um das Be- und Entladen zu erleichtern.<\/li>\n<li><strong>Integrierte vordere Dildounterst\u00fctzung:<\/strong>\u00a0Erm\u00f6glicht die Ladungssicherung und sorgt so f\u00fcr optimale Stabilit\u00e4t beim Transport.<\/li>\n<\/ul>\n","protected":false},"excerpt":{"rendered":"<p>Dieser Anh\u00e4nger eignet sich ideal f\u00fcr den Transport schwerer Maschinen und Materialien und bietet dank seiner robusten Konstruktion und seiner Doppelachsen eine gro\u00dfe Ladekapazit\u00e4t und ist dennoch leicht zu man\u00f6vrieren.<\/p>\n","protected":false},"featured_media":10406,"comment_status":"open","ping_status":"closed","template":"","meta":[],"product_brand":[],"product_cat":[358,352],"product_tag":[],"class_list":{"0":"post-17376","1":"product","2":"type-product","3":"status-publish","4":"has-post-thumbnail","6":"product_cat-anhaenger-fuer-den-schwermaschinentransport","7":"product_cat-unsere-trailer","9":"first","10":"instock","11":"shipping-taxable","12":"purchasable","13":"product-type-simple"},"yoast_head":"<!-- This site is optimized with the Yoast SEO plugin v27.5 - https:\/\/yoast.com\/product\/yoast-seo-wordpress\/ -->\n<title>Maschinentr\u00e4ger 3,5t Brenderup Mt 3651 \u2013 2 Achsen - Sagrinex \u2013 Anhaenger, Container &amp; Landtechnik \ud83c\udf3e\ud83d\ude9c<\/title>\n<meta name=\"robots\" content=\"index, follow, max-snippet:-1, max-image-preview:large, max-video-preview:-1\" \/>\n<link rel=\"canonical\" href=\"https:\/\/sagrinex.com\/produit\/maschinentraeger-35t-brenderup-mt-3651-2-achsen\/?lang=de\" \/>\n<meta property=\"og:locale\" content=\"de_DE\" \/>\n<meta property=\"og:type\" content=\"article\" \/>\n<meta property=\"og:title\" content=\"Maschinentr\u00e4ger 3,5t Brenderup Mt 3651 \u2013 2 Achsen - Sagrinex \u2013 Anhaenger, Container &amp; Landtechnik \ud83c\udf3e\ud83d\ude9c\" \/>\n<meta property=\"og:description\" content=\"Dieser Anh\u00e4nger eignet sich ideal f\u00fcr den Transport schwerer Maschinen und Materialien und bietet dank seiner robusten Konstruktion und seiner Doppelachsen eine gro\u00dfe Ladekapazit\u00e4t und ist dennoch leicht zu man\u00f6vrieren.\" \/>\n<meta property=\"og:url\" content=\"https:\/\/sagrinex.com\/produit\/maschinentraeger-35t-brenderup-mt-3651-2-achsen\/?lang=de\" \/>\n<meta property=\"og:site_name\" content=\"Sagrinex \u2013 Anhaenger, Container &amp; Landtechnik \ud83c\udf3e\ud83d\ude9c\" \/>\n<meta property=\"article:modified_time\" content=\"2026-04-15T21:12:32+00:00\" \/>\n<meta property=\"og:image\" content=\"https:\/\/sagrinex.com\/wp-content\/uploads\/2026\/03\/Image-501.jpeg\" \/>\n\t<meta property=\"og:image:width\" content=\"300\" \/>\n\t<meta property=\"og:image:height\" content=\"300\" \/>\n\t<meta property=\"og:image:type\" content=\"image\/jpeg\" \/>\n<meta name=\"twitter:card\" content=\"summary_large_image\" \/>\n<script type=\"application\/ld+json\" class=\"yoast-schema-graph\">{\"@context\":\"https:\\\/\\\/schema.org\",\"@graph\":[{\"@type\":\"WebPage\",\"@id\":\"https:\\\/\\\/sagrinex.com\\\/produit\\\/maschinentraeger-35t-brenderup-mt-3651-2-achsen\\\/?lang=de\",\"url\":\"https:\\\/\\\/sagrinex.com\\\/produit\\\/maschinentraeger-35t-brenderup-mt-3651-2-achsen\\\/?lang=de\",\"name\":\"Maschinentr\u00e4ger 3,5t Brenderup Mt 3651 \u2013 2 Achsen - Sagrinex \u2013 Anhaenger, Container &amp; Landtechnik \ud83c\udf3e\ud83d\ude9c\",\"isPartOf\":{\"@id\":\"https:\\\/\\\/sagrinex.com\\\/#website\"},\"primaryImageOfPage\":{\"@id\":\"https:\\\/\\\/sagrinex.com\\\/produit\\\/maschinentraeger-35t-brenderup-mt-3651-2-achsen\\\/?lang=de#primaryimage\"},\"image\":{\"@id\":\"https:\\\/\\\/sagrinex.com\\\/produit\\\/maschinentraeger-35t-brenderup-mt-3651-2-achsen\\\/?lang=de#primaryimage\"},\"thumbnailUrl\":\"https:\\\/\\\/sagrinex.com\\\/wp-content\\\/uploads\\\/2026\\\/03\\\/Image-501.jpeg\",\"datePublished\":\"2026-04-15T17:51:57+00:00\",\"dateModified\":\"2026-04-15T21:12:32+00:00\",\"breadcrumb\":{\"@id\":\"https:\\\/\\\/sagrinex.com\\\/produit\\\/maschinentraeger-35t-brenderup-mt-3651-2-achsen\\\/?lang=de#breadcrumb\"},\"inLanguage\":\"de\",\"potentialAction\":[{\"@type\":\"ReadAction\",\"target\":[\"https:\\\/\\\/sagrinex.com\\\/produit\\\/maschinentraeger-35t-brenderup-mt-3651-2-achsen\\\/?lang=de\"]}]},{\"@type\":\"ImageObject\",\"inLanguage\":\"de\",\"@id\":\"https:\\\/\\\/sagrinex.com\\\/produit\\\/maschinentraeger-35t-brenderup-mt-3651-2-achsen\\\/?lang=de#primaryimage\",\"url\":\"https:\\\/\\\/sagrinex.com\\\/wp-content\\\/uploads\\\/2026\\\/03\\\/Image-501.jpeg\",\"contentUrl\":\"https:\\\/\\\/sagrinex.com\\\/wp-content\\\/uploads\\\/2026\\\/03\\\/Image-501.jpeg\",\"width\":300,\"height\":300},{\"@type\":\"BreadcrumbList\",\"@id\":\"https:\\\/\\\/sagrinex.com\\\/produit\\\/maschinentraeger-35t-brenderup-mt-3651-2-achsen\\\/?lang=de#breadcrumb\",\"itemListElement\":[{\"@type\":\"ListItem\",\"position\":1,\"name\":\"Accueil\",\"item\":\"https:\\\/\\\/sagrinex.com\\\/?lang=de\"},{\"@type\":\"ListItem\",\"position\":2,\"name\":\"Shop\",\"item\":\"https:\\\/\\\/sagrinex.com\\\/shop\\\/\"},{\"@type\":\"ListItem\",\"position\":3,\"name\":\"Maschinentr\u00e4ger 3,5t Brenderup Mt 3651 \u2013 2 Achsen\"}]},{\"@type\":\"WebSite\",\"@id\":\"https:\\\/\\\/sagrinex.com\\\/#website\",\"url\":\"https:\\\/\\\/sagrinex.com\\\/\",\"name\":\"Sagrinex \u2013 Spezialist f\u00fcr Anh\u00e4nger, Container & Landtechnik\",\"description\":\"Anhaenger, Container &amp; Landtechnik \u2014 Online-Verkauf &amp; kostenloses Angebot\",\"publisher\":{\"@id\":\"https:\\\/\\\/sagrinex.com\\\/#organization\"},\"potentialAction\":[{\"@type\":\"SearchAction\",\"target\":{\"@type\":\"EntryPoint\",\"urlTemplate\":\"https:\\\/\\\/sagrinex.com\\\/?s={search_term_string}\"},\"query-input\":{\"@type\":\"PropertyValueSpecification\",\"valueRequired\":true,\"valueName\":\"search_term_string\"}}],\"inLanguage\":\"de\"},{\"@type\":\"Organization\",\"@id\":\"https:\\\/\\\/sagrinex.com\\\/#organization\",\"name\":\"Sagrinex \u2013 Remorques, Conteneurs & Mat\u00e9riel Agricole\",\"url\":\"https:\\\/\\\/sagrinex.com\\\/\",\"logo\":{\"@type\":\"ImageObject\",\"inLanguage\":\"de\",\"@id\":\"https:\\\/\\\/sagrinex.com\\\/#\\\/schema\\\/logo\\\/image\\\/\",\"url\":\"https:\\\/\\\/sagrinex.com\\\/wp-content\\\/uploads\\\/2026\\\/03\\\/7f1ac463-ef5a-425d-bdd6-a5da03a334a9-1024x683.png\",\"contentUrl\":\"https:\\\/\\\/sagrinex.com\\\/wp-content\\\/uploads\\\/2026\\\/03\\\/7f1ac463-ef5a-425d-bdd6-a5da03a334a9-1024x683.png\",\"width\":1024,\"height\":683,\"caption\":\"Sagrinex \u2013 Remorques, Conteneurs & Mat\u00e9riel Agricole\"},\"image\":{\"@id\":\"https:\\\/\\\/sagrinex.com\\\/#\\\/schema\\\/logo\\\/image\\\/\"}}]}<\/script>\n<!-- \/ Yoast SEO plugin. -->","yoast_head_json":{"title":"Maschinentr\u00e4ger 3,5t Brenderup Mt 3651 \u2013 2 Achsen - Sagrinex \u2013 Anhaenger, Container &amp; Landtechnik \ud83c\udf3e\ud83d\ude9c","robots":{"index":"index","follow":"follow","max-snippet":"max-snippet:-1","max-image-preview":"max-image-preview:large","max-video-preview":"max-video-preview:-1"},"canonical":"https:\/\/sagrinex.com\/produit\/maschinentraeger-35t-brenderup-mt-3651-2-achsen\/?lang=de","og_locale":"de_DE","og_type":"article","og_title":"Maschinentr\u00e4ger 3,5t Brenderup Mt 3651 \u2013 2 Achsen - Sagrinex \u2013 Anhaenger, Container &amp; Landtechnik \ud83c\udf3e\ud83d\ude9c","og_description":"Dieser Anh\u00e4nger eignet sich ideal f\u00fcr den Transport schwerer Maschinen und Materialien und bietet dank seiner robusten Konstruktion und seiner Doppelachsen eine gro\u00dfe Ladekapazit\u00e4t und ist dennoch leicht zu man\u00f6vrieren.","og_url":"https:\/\/sagrinex.com\/produit\/maschinentraeger-35t-brenderup-mt-3651-2-achsen\/?lang=de","og_site_name":"Sagrinex \u2013 Anhaenger, Container &amp; Landtechnik \ud83c\udf3e\ud83d\ude9c","article_modified_time":"2026-04-15T21:12:32+00:00","og_image":[{"width":300,"height":300,"url":"https:\/\/sagrinex.com\/wp-content\/uploads\/2026\/03\/Image-501.jpeg","type":"image\/jpeg"}],"twitter_card":"summary_large_image","schema":{"@context":"https:\/\/schema.org","@graph":[{"@type":"WebPage","@id":"https:\/\/sagrinex.com\/produit\/maschinentraeger-35t-brenderup-mt-3651-2-achsen\/?lang=de","url":"https:\/\/sagrinex.com\/produit\/maschinentraeger-35t-brenderup-mt-3651-2-achsen\/?lang=de","name":"Maschinentr\u00e4ger 3,5t Brenderup Mt 3651 \u2013 2 Achsen - Sagrinex \u2013 Anhaenger, Container &amp; Landtechnik \ud83c\udf3e\ud83d\ude9c","isPartOf":{"@id":"https:\/\/sagrinex.com\/#website"},"primaryImageOfPage":{"@id":"https:\/\/sagrinex.com\/produit\/maschinentraeger-35t-brenderup-mt-3651-2-achsen\/?lang=de#primaryimage"},"image":{"@id":"https:\/\/sagrinex.com\/produit\/maschinentraeger-35t-brenderup-mt-3651-2-achsen\/?lang=de#primaryimage"},"thumbnailUrl":"https:\/\/sagrinex.com\/wp-content\/uploads\/2026\/03\/Image-501.jpeg","datePublished":"2026-04-15T17:51:57+00:00","dateModified":"2026-04-15T21:12:32+00:00","breadcrumb":{"@id":"https:\/\/sagrinex.com\/produit\/maschinentraeger-35t-brenderup-mt-3651-2-achsen\/?lang=de#breadcrumb"},"inLanguage":"de","potentialAction":[{"@type":"ReadAction","target":["https:\/\/sagrinex.com\/produit\/maschinentraeger-35t-brenderup-mt-3651-2-achsen\/?lang=de"]}]},{"@type":"ImageObject","inLanguage":"de","@id":"https:\/\/sagrinex.com\/produit\/maschinentraeger-35t-brenderup-mt-3651-2-achsen\/?lang=de#primaryimage","url":"https:\/\/sagrinex.com\/wp-content\/uploads\/2026\/03\/Image-501.jpeg","contentUrl":"https:\/\/sagrinex.com\/wp-content\/uploads\/2026\/03\/Image-501.jpeg","width":300,"height":300},{"@type":"BreadcrumbList","@id":"https:\/\/sagrinex.com\/produit\/maschinentraeger-35t-brenderup-mt-3651-2-achsen\/?lang=de#breadcrumb","itemListElement":[{"@type":"ListItem","position":1,"name":"Accueil","item":"https:\/\/sagrinex.com\/?lang=de"},{"@type":"ListItem","position":2,"name":"Shop","item":"https:\/\/sagrinex.com\/shop\/"},{"@type":"ListItem","position":3,"name":"Maschinentr\u00e4ger 3,5t Brenderup Mt 3651 \u2013 2 Achsen"}]},{"@type":"WebSite","@id":"https:\/\/sagrinex.com\/#website","url":"https:\/\/sagrinex.com\/","name":"Sagrinex \u2013 Spezialist f\u00fcr Anh\u00e4nger, Container & Landtechnik","description":"Anhaenger, Container &amp; Landtechnik \u2014 Online-Verkauf &amp; kostenloses Angebot","publisher":{"@id":"https:\/\/sagrinex.com\/#organization"},"potentialAction":[{"@type":"SearchAction","target":{"@type":"EntryPoint","urlTemplate":"https:\/\/sagrinex.com\/?s={search_term_string}"},"query-input":{"@type":"PropertyValueSpecification","valueRequired":true,"valueName":"search_term_string"}}],"inLanguage":"de"},{"@type":"Organization","@id":"https:\/\/sagrinex.com\/#organization","name":"Sagrinex \u2013 Remorques, Conteneurs & Mat\u00e9riel Agricole","url":"https:\/\/sagrinex.com\/","logo":{"@type":"ImageObject","inLanguage":"de","@id":"https:\/\/sagrinex.com\/#\/schema\/logo\/image\/","url":"https:\/\/sagrinex.com\/wp-content\/uploads\/2026\/03\/7f1ac463-ef5a-425d-bdd6-a5da03a334a9-1024x683.png","contentUrl":"https:\/\/sagrinex.com\/wp-content\/uploads\/2026\/03\/7f1ac463-ef5a-425d-bdd6-a5da03a334a9-1024x683.png","width":1024,"height":683,"caption":"Sagrinex \u2013 Remorques, Conteneurs & Mat\u00e9riel Agricole"},"image":{"@id":"https:\/\/sagrinex.com\/#\/schema\/logo\/image\/"}}]}},"jetpack_sharing_enabled":true,"_links":{"self":[{"href":"https:\/\/sagrinex.com\/de\/wp-json\/wp\/v2\/product\/17376","targetHints":{"allow":["GET"]}}],"collection":[{"href":"https:\/\/sagrinex.com\/de\/wp-json\/wp\/v2\/product"}],"about":[{"href":"https:\/\/sagrinex.com\/de\/wp-json\/wp\/v2\/types\/product"}],"replies":[{"embeddable":true,"href":"https:\/\/sagrinex.com\/de\/wp-json\/wp\/v2\/comments?post=17376"}],"version-history":[{"count":0,"href":"https:\/\/sagrinex.com\/de\/wp-json\/wp\/v2\/product\/17376\/revisions"}],"wp:featuredmedia":[{"embeddable":true,"href":"https:\/\/sagrinex.com\/de\/wp-json\/wp\/v2\/media\/10406"}],"wp:attachment":[{"href":"https:\/\/sagrinex.com\/de\/wp-json\/wp\/v2\/media?parent=17376"}],"wp:term":[{"taxonomy":"product_brand","embeddable":true,"href":"https:\/\/sagrinex.com\/de\/wp-json\/wp\/v2\/product_brand?post=17376"},{"taxonomy":"product_cat","embeddable":true,"href":"https:\/\/sagrinex.com\/de\/wp-json\/wp\/v2\/product_cat?post=17376"},{"taxonomy":"product_tag","embeddable":true,"href":"https:\/\/sagrinex.com\/de\/wp-json\/wp\/v2\/product_tag?post=17376"}],"curies":[{"name":"wp","href":"https:\/\/api.w.org\/{rel}","templated":true}]}}