{"id":17379,"date":"2026-04-15T17:53:07","date_gmt":"2026-04-15T17:53:07","guid":{"rendered":"https:\/\/sagrinex.com\/produit\/lider-35905l-35t-maschinentraeger-2-achsen\/"},"modified":"2026-04-15T21:12:32","modified_gmt":"2026-04-15T21:12:32","slug":"lider-35905l-35t-maschinentraeger-2-achsen","status":"publish","type":"product","link":"https:\/\/sagrinex.com\/de\/produit\/lider-35905l-35t-maschinentraeger-2-achsen\/","title":{"rendered":"Lider 35905L 3,5t Maschinentr\u00e4ger \u2013 2 Achsen"},"content":{"rendered":"<p><strong>Modell:<\/strong>\u00a035905L<br \/>\n<strong>Gesamtgewicht:<\/strong>\u00a03500 kg<br \/>\n<strong>Leergewicht:<\/strong>\u00a0720 kg<br \/>\n<strong>Nutzma\u00dfe (cm):<\/strong>\u00a0350 x 170 x 8\/18<br \/>\n<strong>Achsen:<\/strong>\u00a02 Achsen \u00e0 1800 kg<br \/>\n<strong>R\u00e4der:<\/strong>\u00a0195 R 14 C<br \/>\n<strong>Boden-zu-Boden-H\u00f6he:<\/strong>\u00a052 cm<br \/>\n<strong>St\u00fctzrad:<\/strong>\u00a0Durchmesser von 73 mm<br \/>\n<strong>Timont:<\/strong>\u00a0Einstellbar, bietet zus\u00e4tzliche Flexibilit\u00e4t beim Anh\u00e4ngen<br \/>\n<strong>Rampen:<\/strong>\u00a02 160 cm lange Aluminiumrampen mit integrierten Kr\u00fccken, die das Be- und Entladen von Fahrzeugen oder Maschinen erleichtern<\/p>\n<h4>Enthaltene Ausr\u00fcstung:<\/h4>\n<ul>\n<li><strong>Ersatzrad mit Halterung<\/strong><\/li>\n<li><strong>Super-Frontschaufel<\/strong><\/li>\n<li><strong>3. Rampe f\u00fcr zus\u00e4tzliche zentrale Beladung<\/strong><\/li>\n<li><strong>Dokumentenhalter<\/strong><\/li>\n<\/ul>\n<hr \/>\n<h4>Zus\u00e4tzliche Funktionen:<\/h4>\n<ul>\n<li><strong>St\u00e4rke und Handhabung:<\/strong>\u00a0Dieses Modell ist f\u00fcr den sicheren Transport von Autos oder schweren Maschinen konzipiert und verf\u00fcgt \u00fcber eine Bodenh\u00f6he, die eine einfache Beladung erm\u00f6glicht.<\/li>\n<li><strong>Vielseitigkeit:<\/strong>\u00a0Mit seinen robusten Rampen und praktischen Optionen eignet sich dieser Anh\u00e4nger f\u00fcr viele professionelle Eins\u00e4tze beim Transport von Maschinen und Fahrzeugen.<\/li>\n<\/ul>\n","protected":false},"excerpt":{"rendered":"<p>Modell:\u00a035905L Gesamtgewicht:\u00a03500 kg Leergewicht:\u00a0720 kg Nutzma\u00dfe (cm):\u00a0350 x 170 x 8\/18 Achsen:\u00a02 Achsen \u00e0 1800 kg R\u00e4der:\u00a0195 R 14 C Boden-zu-Boden-H\u00f6he:\u00a052 cm St\u00fctzrad:\u00a0Durchmesser von 73 mm Timont:\u00a0Einstellbar, bietet zus\u00e4tzliche Flexibilit\u00e4t beim Anh\u00e4ngen Rampen:\u00a02 160 cm lange Aluminiumrampen mit integrierten Kr\u00fccken, die das Be- und Entladen von Fahrzeugen oder Maschinen erleichtern Enthaltene Ausr\u00fcstung: Ersatzrad mit Halterung<\/p>\n<div class=\"klb-readmore button\"><a class=\"btn link\" href=\"https:\/\/sagrinex.com\/de\/produit\/lider-35905l-35t-maschinentraeger-2-achsen\/\">Weiterlesen <i class=\"klbth-icon-right-arrow\"><\/i><\/a><\/div>\n","protected":false},"featured_media":10390,"comment_status":"open","ping_status":"closed","template":"","meta":[],"product_brand":[],"product_cat":[358,352],"product_tag":[],"class_list":{"0":"post-17379","1":"product","2":"type-product","3":"status-publish","4":"has-post-thumbnail","6":"product_cat-anhaenger-fuer-den-schwermaschinentransport","7":"product_cat-unsere-trailer","9":"first","10":"instock","11":"shipping-taxable","12":"purchasable","13":"product-type-simple"},"yoast_head":"<!-- This site is optimized with the Yoast SEO plugin v27.5 - https:\/\/yoast.com\/product\/yoast-seo-wordpress\/ -->\n<title>Lider 35905L 3,5t Maschinentr\u00e4ger \u2013 2 Achsen - Sagrinex \u2013 Anhaenger, Container &amp; Landtechnik \ud83c\udf3e\ud83d\ude9c<\/title>\n<meta name=\"robots\" content=\"index, follow, max-snippet:-1, max-image-preview:large, max-video-preview:-1\" \/>\n<link rel=\"canonical\" href=\"https:\/\/sagrinex.com\/produit\/lider-35905l-35t-maschinentraeger-2-achsen\/?lang=de\" \/>\n<meta property=\"og:locale\" content=\"de_DE\" \/>\n<meta property=\"og:type\" content=\"article\" \/>\n<meta property=\"og:title\" content=\"Lider 35905L 3,5t Maschinentr\u00e4ger \u2013 2 Achsen - Sagrinex \u2013 Anhaenger, Container &amp; Landtechnik \ud83c\udf3e\ud83d\ude9c\" \/>\n<meta property=\"og:description\" content=\"Modell:\u00a035905L Gesamtgewicht:\u00a03500 kg Leergewicht:\u00a0720 kg Nutzma\u00dfe (cm):\u00a0350 x 170 x 8\/18 Achsen:\u00a02 Achsen \u00e0 1800 kg R\u00e4der:\u00a0195 R 14 C Boden-zu-Boden-H\u00f6he:\u00a052 cm St\u00fctzrad:\u00a0Durchmesser von 73 mm Timont:\u00a0Einstellbar, bietet zus\u00e4tzliche Flexibilit\u00e4t beim Anh\u00e4ngen Rampen:\u00a02 160 cm lange Aluminiumrampen mit integrierten Kr\u00fccken, die das Be- und Entladen von Fahrzeugen oder Maschinen erleichtern Enthaltene Ausr\u00fcstung: Ersatzrad mit HalterungWeiterlesen\" \/>\n<meta property=\"og:url\" content=\"https:\/\/sagrinex.com\/produit\/lider-35905l-35t-maschinentraeger-2-achsen\/?lang=de\" \/>\n<meta property=\"og:site_name\" content=\"Sagrinex \u2013 Anhaenger, Container &amp; Landtechnik \ud83c\udf3e\ud83d\ude9c\" \/>\n<meta property=\"article:modified_time\" content=\"2026-04-15T21:12:32+00:00\" \/>\n<meta property=\"og:image\" content=\"https:\/\/sagrinex.com\/wp-content\/uploads\/2026\/03\/Image-490.jpeg\" \/>\n\t<meta property=\"og:image:width\" content=\"640\" \/>\n\t<meta property=\"og:image:height\" content=\"480\" \/>\n\t<meta property=\"og:image:type\" content=\"image\/jpeg\" \/>\n<meta name=\"twitter:card\" content=\"summary_large_image\" \/>\n<meta name=\"twitter:label1\" content=\"Gesch\u00e4tzte Lesezeit\" \/>\n\t<meta name=\"twitter:data1\" content=\"1\u00a0Minute\" \/>\n<script type=\"application\/ld+json\" class=\"yoast-schema-graph\">{\"@context\":\"https:\\\/\\\/schema.org\",\"@graph\":[{\"@type\":\"WebPage\",\"@id\":\"https:\\\/\\\/sagrinex.com\\\/produit\\\/lider-35905l-35t-maschinentraeger-2-achsen\\\/?lang=de\",\"url\":\"https:\\\/\\\/sagrinex.com\\\/produit\\\/lider-35905l-35t-maschinentraeger-2-achsen\\\/?lang=de\",\"name\":\"Lider 35905L 3,5t Maschinentr\u00e4ger \u2013 2 Achsen - Sagrinex \u2013 Anhaenger, Container &amp; Landtechnik \ud83c\udf3e\ud83d\ude9c\",\"isPartOf\":{\"@id\":\"https:\\\/\\\/sagrinex.com\\\/#website\"},\"primaryImageOfPage\":{\"@id\":\"https:\\\/\\\/sagrinex.com\\\/produit\\\/lider-35905l-35t-maschinentraeger-2-achsen\\\/?lang=de#primaryimage\"},\"image\":{\"@id\":\"https:\\\/\\\/sagrinex.com\\\/produit\\\/lider-35905l-35t-maschinentraeger-2-achsen\\\/?lang=de#primaryimage\"},\"thumbnailUrl\":\"https:\\\/\\\/sagrinex.com\\\/wp-content\\\/uploads\\\/2026\\\/03\\\/Image-490.jpeg\",\"datePublished\":\"2026-04-15T17:53:07+00:00\",\"dateModified\":\"2026-04-15T21:12:32+00:00\",\"breadcrumb\":{\"@id\":\"https:\\\/\\\/sagrinex.com\\\/produit\\\/lider-35905l-35t-maschinentraeger-2-achsen\\\/?lang=de#breadcrumb\"},\"inLanguage\":\"de\",\"potentialAction\":[{\"@type\":\"ReadAction\",\"target\":[\"https:\\\/\\\/sagrinex.com\\\/produit\\\/lider-35905l-35t-maschinentraeger-2-achsen\\\/?lang=de\"]}]},{\"@type\":\"ImageObject\",\"inLanguage\":\"de\",\"@id\":\"https:\\\/\\\/sagrinex.com\\\/produit\\\/lider-35905l-35t-maschinentraeger-2-achsen\\\/?lang=de#primaryimage\",\"url\":\"https:\\\/\\\/sagrinex.com\\\/wp-content\\\/uploads\\\/2026\\\/03\\\/Image-490.jpeg\",\"contentUrl\":\"https:\\\/\\\/sagrinex.com\\\/wp-content\\\/uploads\\\/2026\\\/03\\\/Image-490.jpeg\",\"width\":640,\"height\":480},{\"@type\":\"BreadcrumbList\",\"@id\":\"https:\\\/\\\/sagrinex.com\\\/produit\\\/lider-35905l-35t-maschinentraeger-2-achsen\\\/?lang=de#breadcrumb\",\"itemListElement\":[{\"@type\":\"ListItem\",\"position\":1,\"name\":\"Accueil\",\"item\":\"https:\\\/\\\/sagrinex.com\\\/?lang=de\"},{\"@type\":\"ListItem\",\"position\":2,\"name\":\"Shop\",\"item\":\"https:\\\/\\\/sagrinex.com\\\/shop\\\/\"},{\"@type\":\"ListItem\",\"position\":3,\"name\":\"Lider 35905L 3,5t Maschinentr\u00e4ger \u2013 2 Achsen\"}]},{\"@type\":\"WebSite\",\"@id\":\"https:\\\/\\\/sagrinex.com\\\/#website\",\"url\":\"https:\\\/\\\/sagrinex.com\\\/\",\"name\":\"Sagrinex \u2013 Spezialist f\u00fcr Anh\u00e4nger, Container & Landtechnik\",\"description\":\"Anhaenger, Container &amp; Landtechnik \u2014 Online-Verkauf &amp; kostenloses Angebot\",\"publisher\":{\"@id\":\"https:\\\/\\\/sagrinex.com\\\/#organization\"},\"potentialAction\":[{\"@type\":\"SearchAction\",\"target\":{\"@type\":\"EntryPoint\",\"urlTemplate\":\"https:\\\/\\\/sagrinex.com\\\/?s={search_term_string}\"},\"query-input\":{\"@type\":\"PropertyValueSpecification\",\"valueRequired\":true,\"valueName\":\"search_term_string\"}}],\"inLanguage\":\"de\"},{\"@type\":\"Organization\",\"@id\":\"https:\\\/\\\/sagrinex.com\\\/#organization\",\"name\":\"Sagrinex \u2013 Remorques, Conteneurs & Mat\u00e9riel Agricole\",\"url\":\"https:\\\/\\\/sagrinex.com\\\/\",\"logo\":{\"@type\":\"ImageObject\",\"inLanguage\":\"de\",\"@id\":\"https:\\\/\\\/sagrinex.com\\\/#\\\/schema\\\/logo\\\/image\\\/\",\"url\":\"https:\\\/\\\/sagrinex.com\\\/wp-content\\\/uploads\\\/2026\\\/03\\\/7f1ac463-ef5a-425d-bdd6-a5da03a334a9-1024x683.png\",\"contentUrl\":\"https:\\\/\\\/sagrinex.com\\\/wp-content\\\/uploads\\\/2026\\\/03\\\/7f1ac463-ef5a-425d-bdd6-a5da03a334a9-1024x683.png\",\"width\":1024,\"height\":683,\"caption\":\"Sagrinex \u2013 Remorques, Conteneurs & Mat\u00e9riel Agricole\"},\"image\":{\"@id\":\"https:\\\/\\\/sagrinex.com\\\/#\\\/schema\\\/logo\\\/image\\\/\"}}]}<\/script>\n<!-- \/ Yoast SEO plugin. -->","yoast_head_json":{"title":"Lider 35905L 3,5t Maschinentr\u00e4ger \u2013 2 Achsen - Sagrinex \u2013 Anhaenger, Container &amp; Landtechnik \ud83c\udf3e\ud83d\ude9c","robots":{"index":"index","follow":"follow","max-snippet":"max-snippet:-1","max-image-preview":"max-image-preview:large","max-video-preview":"max-video-preview:-1"},"canonical":"https:\/\/sagrinex.com\/produit\/lider-35905l-35t-maschinentraeger-2-achsen\/?lang=de","og_locale":"de_DE","og_type":"article","og_title":"Lider 35905L 3,5t Maschinentr\u00e4ger \u2013 2 Achsen - Sagrinex \u2013 Anhaenger, Container &amp; Landtechnik \ud83c\udf3e\ud83d\ude9c","og_description":"Modell:\u00a035905L Gesamtgewicht:\u00a03500 kg Leergewicht:\u00a0720 kg Nutzma\u00dfe (cm):\u00a0350 x 170 x 8\/18 Achsen:\u00a02 Achsen \u00e0 1800 kg R\u00e4der:\u00a0195 R 14 C Boden-zu-Boden-H\u00f6he:\u00a052 cm St\u00fctzrad:\u00a0Durchmesser von 73 mm Timont:\u00a0Einstellbar, bietet zus\u00e4tzliche Flexibilit\u00e4t beim Anh\u00e4ngen Rampen:\u00a02 160 cm lange Aluminiumrampen mit integrierten Kr\u00fccken, die das Be- und Entladen von Fahrzeugen oder Maschinen erleichtern Enthaltene Ausr\u00fcstung: Ersatzrad mit HalterungWeiterlesen","og_url":"https:\/\/sagrinex.com\/produit\/lider-35905l-35t-maschinentraeger-2-achsen\/?lang=de","og_site_name":"Sagrinex \u2013 Anhaenger, Container &amp; Landtechnik \ud83c\udf3e\ud83d\ude9c","article_modified_time":"2026-04-15T21:12:32+00:00","og_image":[{"width":640,"height":480,"url":"https:\/\/sagrinex.com\/wp-content\/uploads\/2026\/03\/Image-490.jpeg","type":"image\/jpeg"}],"twitter_card":"summary_large_image","twitter_misc":{"Gesch\u00e4tzte Lesezeit":"1\u00a0Minute"},"schema":{"@context":"https:\/\/schema.org","@graph":[{"@type":"WebPage","@id":"https:\/\/sagrinex.com\/produit\/lider-35905l-35t-maschinentraeger-2-achsen\/?lang=de","url":"https:\/\/sagrinex.com\/produit\/lider-35905l-35t-maschinentraeger-2-achsen\/?lang=de","name":"Lider 35905L 3,5t Maschinentr\u00e4ger \u2013 2 Achsen - Sagrinex \u2013 Anhaenger, Container &amp; Landtechnik \ud83c\udf3e\ud83d\ude9c","isPartOf":{"@id":"https:\/\/sagrinex.com\/#website"},"primaryImageOfPage":{"@id":"https:\/\/sagrinex.com\/produit\/lider-35905l-35t-maschinentraeger-2-achsen\/?lang=de#primaryimage"},"image":{"@id":"https:\/\/sagrinex.com\/produit\/lider-35905l-35t-maschinentraeger-2-achsen\/?lang=de#primaryimage"},"thumbnailUrl":"https:\/\/sagrinex.com\/wp-content\/uploads\/2026\/03\/Image-490.jpeg","datePublished":"2026-04-15T17:53:07+00:00","dateModified":"2026-04-15T21:12:32+00:00","breadcrumb":{"@id":"https:\/\/sagrinex.com\/produit\/lider-35905l-35t-maschinentraeger-2-achsen\/?lang=de#breadcrumb"},"inLanguage":"de","potentialAction":[{"@type":"ReadAction","target":["https:\/\/sagrinex.com\/produit\/lider-35905l-35t-maschinentraeger-2-achsen\/?lang=de"]}]},{"@type":"ImageObject","inLanguage":"de","@id":"https:\/\/sagrinex.com\/produit\/lider-35905l-35t-maschinentraeger-2-achsen\/?lang=de#primaryimage","url":"https:\/\/sagrinex.com\/wp-content\/uploads\/2026\/03\/Image-490.jpeg","contentUrl":"https:\/\/sagrinex.com\/wp-content\/uploads\/2026\/03\/Image-490.jpeg","width":640,"height":480},{"@type":"BreadcrumbList","@id":"https:\/\/sagrinex.com\/produit\/lider-35905l-35t-maschinentraeger-2-achsen\/?lang=de#breadcrumb","itemListElement":[{"@type":"ListItem","position":1,"name":"Accueil","item":"https:\/\/sagrinex.com\/?lang=de"},{"@type":"ListItem","position":2,"name":"Shop","item":"https:\/\/sagrinex.com\/shop\/"},{"@type":"ListItem","position":3,"name":"Lider 35905L 3,5t Maschinentr\u00e4ger \u2013 2 Achsen"}]},{"@type":"WebSite","@id":"https:\/\/sagrinex.com\/#website","url":"https:\/\/sagrinex.com\/","name":"Sagrinex \u2013 Spezialist f\u00fcr Anh\u00e4nger, Container & Landtechnik","description":"Anhaenger, Container &amp; Landtechnik \u2014 Online-Verkauf &amp; kostenloses Angebot","publisher":{"@id":"https:\/\/sagrinex.com\/#organization"},"potentialAction":[{"@type":"SearchAction","target":{"@type":"EntryPoint","urlTemplate":"https:\/\/sagrinex.com\/?s={search_term_string}"},"query-input":{"@type":"PropertyValueSpecification","valueRequired":true,"valueName":"search_term_string"}}],"inLanguage":"de"},{"@type":"Organization","@id":"https:\/\/sagrinex.com\/#organization","name":"Sagrinex \u2013 Remorques, Conteneurs & Mat\u00e9riel Agricole","url":"https:\/\/sagrinex.com\/","logo":{"@type":"ImageObject","inLanguage":"de","@id":"https:\/\/sagrinex.com\/#\/schema\/logo\/image\/","url":"https:\/\/sagrinex.com\/wp-content\/uploads\/2026\/03\/7f1ac463-ef5a-425d-bdd6-a5da03a334a9-1024x683.png","contentUrl":"https:\/\/sagrinex.com\/wp-content\/uploads\/2026\/03\/7f1ac463-ef5a-425d-bdd6-a5da03a334a9-1024x683.png","width":1024,"height":683,"caption":"Sagrinex \u2013 Remorques, Conteneurs & Mat\u00e9riel Agricole"},"image":{"@id":"https:\/\/sagrinex.com\/#\/schema\/logo\/image\/"}}]}},"jetpack_sharing_enabled":true,"_links":{"self":[{"href":"https:\/\/sagrinex.com\/de\/wp-json\/wp\/v2\/product\/17379","targetHints":{"allow":["GET"]}}],"collection":[{"href":"https:\/\/sagrinex.com\/de\/wp-json\/wp\/v2\/product"}],"about":[{"href":"https:\/\/sagrinex.com\/de\/wp-json\/wp\/v2\/types\/product"}],"replies":[{"embeddable":true,"href":"https:\/\/sagrinex.com\/de\/wp-json\/wp\/v2\/comments?post=17379"}],"version-history":[{"count":0,"href":"https:\/\/sagrinex.com\/de\/wp-json\/wp\/v2\/product\/17379\/revisions"}],"wp:featuredmedia":[{"embeddable":true,"href":"https:\/\/sagrinex.com\/de\/wp-json\/wp\/v2\/media\/10390"}],"wp:attachment":[{"href":"https:\/\/sagrinex.com\/de\/wp-json\/wp\/v2\/media?parent=17379"}],"wp:term":[{"taxonomy":"product_brand","embeddable":true,"href":"https:\/\/sagrinex.com\/de\/wp-json\/wp\/v2\/product_brand?post=17379"},{"taxonomy":"product_cat","embeddable":true,"href":"https:\/\/sagrinex.com\/de\/wp-json\/wp\/v2\/product_cat?post=17379"},{"taxonomy":"product_tag","embeddable":true,"href":"https:\/\/sagrinex.com\/de\/wp-json\/wp\/v2\/product_tag?post=17379"}],"curies":[{"name":"wp","href":"https:\/\/api.w.org\/{rel}","templated":true}]}}