{"id":17381,"date":"2026-04-15T17:53:47","date_gmt":"2026-04-15T17:53:47","guid":{"rendered":"https:\/\/sagrinex.com\/produit\/henra-maschinentraeger-typ-mt-350x150-35t\/"},"modified":"2026-04-15T21:12:32","modified_gmt":"2026-04-15T21:12:32","slug":"henra-maschinentraeger-typ-mt-350x150-35t","status":"publish","type":"product","link":"https:\/\/sagrinex.com\/de\/produit\/henra-maschinentraeger-typ-mt-350x150-35t\/","title":{"rendered":"Henra-maschinentr\u00e4ger Typ Mt 350\u00d7150 \u2013 3,5t"},"content":{"rendered":"<p><strong>Marke:<\/strong>\u00a0Henna<br \/>\n<strong>Modell:<\/strong>\u00a0Geben Sie MT<br \/>\n<strong>ein Gesamtgewicht:<\/strong>\u00a03500 kg<br \/>\n<strong>Leergewicht:<\/strong>\u00a0811 kg<br \/>\n<strong>Nutzlast:<\/strong>\u00a02689 kg<br \/>\n<strong>N\u00fctzliche Abmessungen:<\/strong>\u00a0353 x 150 cm<br \/>\n<strong>Gesamtabmessungen:<\/strong>\u00a0543 x 210 cm<br \/>\n<strong>Nutzh\u00f6he\/Boden:<\/strong>\u00a035 cm<br \/>\n<strong>Anh\u00e4ngerkupplung \/ Bodenh\u00f6he:<\/strong>\u00a041cm<br \/>\n<strong>Achsst\u00e4rke:<\/strong>\u00a02 x 1800 kg (insgesamt 3600 kg)<br \/>\n<strong>Etage:<\/strong>\u00a0Holz 18 mm<br \/>\n<strong>Pfeil:<\/strong>\u00a0\u201eV\u201c-Form<br \/>\n<strong>Kopf gebremst:<\/strong>\u00a0Ja<br \/>\n<strong>Kippk\u00f6rper:<\/strong>\u00a0Nein<br \/>\n<strong>Timon:<\/strong>\u00a0152 cm<br \/>\n<strong>Fahrgestelltyp:<\/strong>\u00a0Geschwei\u00dft und feuerverzinkt<br \/>\n<strong>R\u00e4der:<\/strong>\u00a0185\/60R12C<\/p>\n<h4>Zusatzausstattung:<\/h4>\n<ul>\n<li><strong>Halterung f\u00fcr Eimerhalter<\/strong>\u00a0integriert f\u00fcr einfachen Transport von Werkzeug und Zubeh\u00f6r.<\/li>\n<\/ul>\n","protected":false},"excerpt":{"rendered":"<p>Die brandneue Henra-Reihe, robuster als je zuvor, ist im Trailer Center eingetroffen.<\/p>\n<p>Dieser 3,5\u00d71,5 Maschinentr\u00e4ger mit einem zul\u00e4ssigen Gesamtgewicht von 3,5 t widersetzt sich den Gesetzen der Robustheit. Es auszuprobieren bedeutet, es zu \u00fcbernehmen. Optisch sieht es schon sehr robust aus, aber Ihre Maschine wird es best\u00e4tigen. Es ist serienm\u00e4\u00dfig mit Einbauleuchten ausgestattet, einschlie\u00dflich LED-Frontleuchten, um einen Bruch bei St\u00f6\u00dfen oder Reibung zu vermeiden.<\/p>\n<p>Transportieren Sie Ihren Korb oder Ihren Minibagger beruhigt!<\/p>\n<p>Zur Serienausstattung geh\u00f6ren Heckklappenfedern, Gel\u00e4ndereifen, eingelassene Umrissleuchten und ein Eimerhalter.<\/p>\n<p>M\u00f6glichkeit der optionalen Heckklappe mit 1,65 m statt 1,15 m, um die Ladeneigung weiter zu verringern<\/p>\n","protected":false},"featured_media":10376,"comment_status":"open","ping_status":"closed","template":"","meta":[],"product_brand":[],"product_cat":[358,352],"product_tag":[],"class_list":{"0":"post-17381","1":"product","2":"type-product","3":"status-publish","4":"has-post-thumbnail","6":"product_cat-anhaenger-fuer-den-schwermaschinentransport","7":"product_cat-unsere-trailer","9":"first","10":"instock","11":"shipping-taxable","12":"purchasable","13":"product-type-simple"},"yoast_head":"<!-- This site is optimized with the Yoast SEO plugin v27.5 - https:\/\/yoast.com\/product\/yoast-seo-wordpress\/ -->\n<title>Henra-maschinentr\u00e4ger Typ Mt 350\u00d7150 \u2013 3,5t - Sagrinex \u2013 Anhaenger, Container &amp; Landtechnik \ud83c\udf3e\ud83d\ude9c<\/title>\n<meta name=\"robots\" content=\"index, follow, max-snippet:-1, max-image-preview:large, max-video-preview:-1\" \/>\n<link rel=\"canonical\" href=\"https:\/\/sagrinex.com\/produit\/henra-maschinentraeger-typ-mt-350x150-35t\/?lang=de\" \/>\n<meta property=\"og:locale\" content=\"de_DE\" \/>\n<meta property=\"og:type\" content=\"article\" \/>\n<meta property=\"og:title\" content=\"Henra-maschinentr\u00e4ger Typ Mt 350\u00d7150 \u2013 3,5t - Sagrinex \u2013 Anhaenger, Container &amp; Landtechnik \ud83c\udf3e\ud83d\ude9c\" \/>\n<meta property=\"og:description\" content=\"Die brandneue Henra-Reihe, robuster als je zuvor, ist im Trailer Center eingetroffen. Dieser 3,5\u00d71,5 Maschinentr\u00e4ger mit einem zul\u00e4ssigen Gesamtgewicht von 3,5 t widersetzt sich den Gesetzen der Robustheit. Es auszuprobieren bedeutet, es zu \u00fcbernehmen. Optisch sieht es schon sehr robust aus, aber Ihre Maschine wird es best\u00e4tigen. Es ist serienm\u00e4\u00dfig mit Einbauleuchten ausgestattet, einschlie\u00dflich LED-Frontleuchten, um einen Bruch bei St\u00f6\u00dfen oder Reibung zu vermeiden. Transportieren Sie Ihren Korb oder Ihren Minibagger beruhigt! Zur Serienausstattung geh\u00f6ren Heckklappenfedern, Gel\u00e4ndereifen, eingelassene Umrissleuchten und ein Eimerhalter. M\u00f6glichkeit der optionalen Heckklappe mit 1,65 m statt 1,15 m, um die Ladeneigung weiter zu verringern\" \/>\n<meta property=\"og:url\" content=\"https:\/\/sagrinex.com\/produit\/henra-maschinentraeger-typ-mt-350x150-35t\/?lang=de\" \/>\n<meta property=\"og:site_name\" content=\"Sagrinex \u2013 Anhaenger, Container &amp; Landtechnik \ud83c\udf3e\ud83d\ude9c\" \/>\n<meta property=\"article:modified_time\" content=\"2026-04-15T21:12:32+00:00\" \/>\n<meta property=\"og:image\" content=\"https:\/\/sagrinex.com\/wp-content\/uploads\/2026\/03\/Image-480.jpeg\" \/>\n\t<meta property=\"og:image:width\" content=\"877\" \/>\n\t<meta property=\"og:image:height\" content=\"607\" \/>\n\t<meta property=\"og:image:type\" content=\"image\/jpeg\" \/>\n<meta name=\"twitter:card\" content=\"summary_large_image\" \/>\n<script type=\"application\/ld+json\" class=\"yoast-schema-graph\">{\"@context\":\"https:\\\/\\\/schema.org\",\"@graph\":[{\"@type\":\"WebPage\",\"@id\":\"https:\\\/\\\/sagrinex.com\\\/produit\\\/henra-maschinentraeger-typ-mt-350x150-35t\\\/?lang=de\",\"url\":\"https:\\\/\\\/sagrinex.com\\\/produit\\\/henra-maschinentraeger-typ-mt-350x150-35t\\\/?lang=de\",\"name\":\"Henra-maschinentr\u00e4ger Typ Mt 350\u00d7150 \u2013 3,5t - Sagrinex \u2013 Anhaenger, Container &amp; Landtechnik \ud83c\udf3e\ud83d\ude9c\",\"isPartOf\":{\"@id\":\"https:\\\/\\\/sagrinex.com\\\/#website\"},\"primaryImageOfPage\":{\"@id\":\"https:\\\/\\\/sagrinex.com\\\/produit\\\/henra-maschinentraeger-typ-mt-350x150-35t\\\/?lang=de#primaryimage\"},\"image\":{\"@id\":\"https:\\\/\\\/sagrinex.com\\\/produit\\\/henra-maschinentraeger-typ-mt-350x150-35t\\\/?lang=de#primaryimage\"},\"thumbnailUrl\":\"https:\\\/\\\/sagrinex.com\\\/wp-content\\\/uploads\\\/2026\\\/03\\\/Image-480.jpeg\",\"datePublished\":\"2026-04-15T17:53:47+00:00\",\"dateModified\":\"2026-04-15T21:12:32+00:00\",\"breadcrumb\":{\"@id\":\"https:\\\/\\\/sagrinex.com\\\/produit\\\/henra-maschinentraeger-typ-mt-350x150-35t\\\/?lang=de#breadcrumb\"},\"inLanguage\":\"de\",\"potentialAction\":[{\"@type\":\"ReadAction\",\"target\":[\"https:\\\/\\\/sagrinex.com\\\/produit\\\/henra-maschinentraeger-typ-mt-350x150-35t\\\/?lang=de\"]}]},{\"@type\":\"ImageObject\",\"inLanguage\":\"de\",\"@id\":\"https:\\\/\\\/sagrinex.com\\\/produit\\\/henra-maschinentraeger-typ-mt-350x150-35t\\\/?lang=de#primaryimage\",\"url\":\"https:\\\/\\\/sagrinex.com\\\/wp-content\\\/uploads\\\/2026\\\/03\\\/Image-480.jpeg\",\"contentUrl\":\"https:\\\/\\\/sagrinex.com\\\/wp-content\\\/uploads\\\/2026\\\/03\\\/Image-480.jpeg\",\"width\":877,\"height\":607},{\"@type\":\"BreadcrumbList\",\"@id\":\"https:\\\/\\\/sagrinex.com\\\/produit\\\/henra-maschinentraeger-typ-mt-350x150-35t\\\/?lang=de#breadcrumb\",\"itemListElement\":[{\"@type\":\"ListItem\",\"position\":1,\"name\":\"Accueil\",\"item\":\"https:\\\/\\\/sagrinex.com\\\/?lang=de\"},{\"@type\":\"ListItem\",\"position\":2,\"name\":\"Shop\",\"item\":\"https:\\\/\\\/sagrinex.com\\\/shop\\\/\"},{\"@type\":\"ListItem\",\"position\":3,\"name\":\"Henra-maschinentr\u00e4ger Typ Mt 350\u00d7150 \u2013 3,5t\"}]},{\"@type\":\"WebSite\",\"@id\":\"https:\\\/\\\/sagrinex.com\\\/#website\",\"url\":\"https:\\\/\\\/sagrinex.com\\\/\",\"name\":\"Sagrinex \u2013 Spezialist f\u00fcr Anh\u00e4nger, Container & Landtechnik\",\"description\":\"Anhaenger, Container &amp; Landtechnik \u2014 Online-Verkauf &amp; kostenloses Angebot\",\"publisher\":{\"@id\":\"https:\\\/\\\/sagrinex.com\\\/#organization\"},\"potentialAction\":[{\"@type\":\"SearchAction\",\"target\":{\"@type\":\"EntryPoint\",\"urlTemplate\":\"https:\\\/\\\/sagrinex.com\\\/?s={search_term_string}\"},\"query-input\":{\"@type\":\"PropertyValueSpecification\",\"valueRequired\":true,\"valueName\":\"search_term_string\"}}],\"inLanguage\":\"de\"},{\"@type\":\"Organization\",\"@id\":\"https:\\\/\\\/sagrinex.com\\\/#organization\",\"name\":\"Sagrinex \u2013 Remorques, Conteneurs & Mat\u00e9riel Agricole\",\"url\":\"https:\\\/\\\/sagrinex.com\\\/\",\"logo\":{\"@type\":\"ImageObject\",\"inLanguage\":\"de\",\"@id\":\"https:\\\/\\\/sagrinex.com\\\/#\\\/schema\\\/logo\\\/image\\\/\",\"url\":\"https:\\\/\\\/sagrinex.com\\\/wp-content\\\/uploads\\\/2026\\\/03\\\/7f1ac463-ef5a-425d-bdd6-a5da03a334a9-1024x683.png\",\"contentUrl\":\"https:\\\/\\\/sagrinex.com\\\/wp-content\\\/uploads\\\/2026\\\/03\\\/7f1ac463-ef5a-425d-bdd6-a5da03a334a9-1024x683.png\",\"width\":1024,\"height\":683,\"caption\":\"Sagrinex \u2013 Remorques, Conteneurs & Mat\u00e9riel Agricole\"},\"image\":{\"@id\":\"https:\\\/\\\/sagrinex.com\\\/#\\\/schema\\\/logo\\\/image\\\/\"}}]}<\/script>\n<!-- \/ Yoast SEO plugin. -->","yoast_head_json":{"title":"Henra-maschinentr\u00e4ger Typ Mt 350\u00d7150 \u2013 3,5t - Sagrinex \u2013 Anhaenger, Container &amp; Landtechnik \ud83c\udf3e\ud83d\ude9c","robots":{"index":"index","follow":"follow","max-snippet":"max-snippet:-1","max-image-preview":"max-image-preview:large","max-video-preview":"max-video-preview:-1"},"canonical":"https:\/\/sagrinex.com\/produit\/henra-maschinentraeger-typ-mt-350x150-35t\/?lang=de","og_locale":"de_DE","og_type":"article","og_title":"Henra-maschinentr\u00e4ger Typ Mt 350\u00d7150 \u2013 3,5t - Sagrinex \u2013 Anhaenger, Container &amp; Landtechnik \ud83c\udf3e\ud83d\ude9c","og_description":"Die brandneue Henra-Reihe, robuster als je zuvor, ist im Trailer Center eingetroffen. Dieser 3,5\u00d71,5 Maschinentr\u00e4ger mit einem zul\u00e4ssigen Gesamtgewicht von 3,5 t widersetzt sich den Gesetzen der Robustheit. Es auszuprobieren bedeutet, es zu \u00fcbernehmen. Optisch sieht es schon sehr robust aus, aber Ihre Maschine wird es best\u00e4tigen. Es ist serienm\u00e4\u00dfig mit Einbauleuchten ausgestattet, einschlie\u00dflich LED-Frontleuchten, um einen Bruch bei St\u00f6\u00dfen oder Reibung zu vermeiden. Transportieren Sie Ihren Korb oder Ihren Minibagger beruhigt! Zur Serienausstattung geh\u00f6ren Heckklappenfedern, Gel\u00e4ndereifen, eingelassene Umrissleuchten und ein Eimerhalter. M\u00f6glichkeit der optionalen Heckklappe mit 1,65 m statt 1,15 m, um die Ladeneigung weiter zu verringern","og_url":"https:\/\/sagrinex.com\/produit\/henra-maschinentraeger-typ-mt-350x150-35t\/?lang=de","og_site_name":"Sagrinex \u2013 Anhaenger, Container &amp; Landtechnik \ud83c\udf3e\ud83d\ude9c","article_modified_time":"2026-04-15T21:12:32+00:00","og_image":[{"width":877,"height":607,"url":"https:\/\/sagrinex.com\/wp-content\/uploads\/2026\/03\/Image-480.jpeg","type":"image\/jpeg"}],"twitter_card":"summary_large_image","schema":{"@context":"https:\/\/schema.org","@graph":[{"@type":"WebPage","@id":"https:\/\/sagrinex.com\/produit\/henra-maschinentraeger-typ-mt-350x150-35t\/?lang=de","url":"https:\/\/sagrinex.com\/produit\/henra-maschinentraeger-typ-mt-350x150-35t\/?lang=de","name":"Henra-maschinentr\u00e4ger Typ Mt 350\u00d7150 \u2013 3,5t - Sagrinex \u2013 Anhaenger, Container &amp; Landtechnik \ud83c\udf3e\ud83d\ude9c","isPartOf":{"@id":"https:\/\/sagrinex.com\/#website"},"primaryImageOfPage":{"@id":"https:\/\/sagrinex.com\/produit\/henra-maschinentraeger-typ-mt-350x150-35t\/?lang=de#primaryimage"},"image":{"@id":"https:\/\/sagrinex.com\/produit\/henra-maschinentraeger-typ-mt-350x150-35t\/?lang=de#primaryimage"},"thumbnailUrl":"https:\/\/sagrinex.com\/wp-content\/uploads\/2026\/03\/Image-480.jpeg","datePublished":"2026-04-15T17:53:47+00:00","dateModified":"2026-04-15T21:12:32+00:00","breadcrumb":{"@id":"https:\/\/sagrinex.com\/produit\/henra-maschinentraeger-typ-mt-350x150-35t\/?lang=de#breadcrumb"},"inLanguage":"de","potentialAction":[{"@type":"ReadAction","target":["https:\/\/sagrinex.com\/produit\/henra-maschinentraeger-typ-mt-350x150-35t\/?lang=de"]}]},{"@type":"ImageObject","inLanguage":"de","@id":"https:\/\/sagrinex.com\/produit\/henra-maschinentraeger-typ-mt-350x150-35t\/?lang=de#primaryimage","url":"https:\/\/sagrinex.com\/wp-content\/uploads\/2026\/03\/Image-480.jpeg","contentUrl":"https:\/\/sagrinex.com\/wp-content\/uploads\/2026\/03\/Image-480.jpeg","width":877,"height":607},{"@type":"BreadcrumbList","@id":"https:\/\/sagrinex.com\/produit\/henra-maschinentraeger-typ-mt-350x150-35t\/?lang=de#breadcrumb","itemListElement":[{"@type":"ListItem","position":1,"name":"Accueil","item":"https:\/\/sagrinex.com\/?lang=de"},{"@type":"ListItem","position":2,"name":"Shop","item":"https:\/\/sagrinex.com\/shop\/"},{"@type":"ListItem","position":3,"name":"Henra-maschinentr\u00e4ger Typ Mt 350\u00d7150 \u2013 3,5t"}]},{"@type":"WebSite","@id":"https:\/\/sagrinex.com\/#website","url":"https:\/\/sagrinex.com\/","name":"Sagrinex \u2013 Spezialist f\u00fcr Anh\u00e4nger, Container & Landtechnik","description":"Anhaenger, Container &amp; Landtechnik \u2014 Online-Verkauf &amp; kostenloses Angebot","publisher":{"@id":"https:\/\/sagrinex.com\/#organization"},"potentialAction":[{"@type":"SearchAction","target":{"@type":"EntryPoint","urlTemplate":"https:\/\/sagrinex.com\/?s={search_term_string}"},"query-input":{"@type":"PropertyValueSpecification","valueRequired":true,"valueName":"search_term_string"}}],"inLanguage":"de"},{"@type":"Organization","@id":"https:\/\/sagrinex.com\/#organization","name":"Sagrinex \u2013 Remorques, Conteneurs & Mat\u00e9riel Agricole","url":"https:\/\/sagrinex.com\/","logo":{"@type":"ImageObject","inLanguage":"de","@id":"https:\/\/sagrinex.com\/#\/schema\/logo\/image\/","url":"https:\/\/sagrinex.com\/wp-content\/uploads\/2026\/03\/7f1ac463-ef5a-425d-bdd6-a5da03a334a9-1024x683.png","contentUrl":"https:\/\/sagrinex.com\/wp-content\/uploads\/2026\/03\/7f1ac463-ef5a-425d-bdd6-a5da03a334a9-1024x683.png","width":1024,"height":683,"caption":"Sagrinex \u2013 Remorques, Conteneurs & Mat\u00e9riel Agricole"},"image":{"@id":"https:\/\/sagrinex.com\/#\/schema\/logo\/image\/"}}]}},"jetpack_sharing_enabled":true,"_links":{"self":[{"href":"https:\/\/sagrinex.com\/de\/wp-json\/wp\/v2\/product\/17381","targetHints":{"allow":["GET"]}}],"collection":[{"href":"https:\/\/sagrinex.com\/de\/wp-json\/wp\/v2\/product"}],"about":[{"href":"https:\/\/sagrinex.com\/de\/wp-json\/wp\/v2\/types\/product"}],"replies":[{"embeddable":true,"href":"https:\/\/sagrinex.com\/de\/wp-json\/wp\/v2\/comments?post=17381"}],"version-history":[{"count":0,"href":"https:\/\/sagrinex.com\/de\/wp-json\/wp\/v2\/product\/17381\/revisions"}],"wp:featuredmedia":[{"embeddable":true,"href":"https:\/\/sagrinex.com\/de\/wp-json\/wp\/v2\/media\/10376"}],"wp:attachment":[{"href":"https:\/\/sagrinex.com\/de\/wp-json\/wp\/v2\/media?parent=17381"}],"wp:term":[{"taxonomy":"product_brand","embeddable":true,"href":"https:\/\/sagrinex.com\/de\/wp-json\/wp\/v2\/product_brand?post=17381"},{"taxonomy":"product_cat","embeddable":true,"href":"https:\/\/sagrinex.com\/de\/wp-json\/wp\/v2\/product_cat?post=17381"},{"taxonomy":"product_tag","embeddable":true,"href":"https:\/\/sagrinex.com\/de\/wp-json\/wp\/v2\/product_tag?post=17381"}],"curies":[{"name":"wp","href":"https:\/\/api.w.org\/{rel}","templated":true}]}}