{"id":17382,"date":"2026-04-15T17:54:08","date_gmt":"2026-04-15T17:54:08","guid":{"rendered":"https:\/\/sagrinex.com\/produit\/saris-magnum-explorer-3000-maschinentraeger-306-x-168-cm-zulaessiges-gesamtgewicht-3000-kg\/"},"modified":"2026-04-15T21:12:32","modified_gmt":"2026-04-15T21:12:32","slug":"saris-magnum-explorer-3000-maschinentraeger-306-x-168-cm-zulaessiges-gesamtgewicht-3000-kg","status":"publish","type":"product","link":"https:\/\/sagrinex.com\/de\/produit\/saris-magnum-explorer-3000-maschinentraeger-306-x-168-cm-zulaessiges-gesamtgewicht-3000-kg\/","title":{"rendered":"Saris Magnum Explorer 3000 Maschinentr\u00e4ger \u2013 306 X 168 Cm \u2013 Zul\u00e4ssiges Gesamtgewicht 3000 Kg"},"content":{"rendered":"<h4 data-start=\"574\" data-end=\"612\"><strong data-start=\"579\" data-end=\"612\">Technische Eigenschaften:<\/strong><\/h4>\n<ul>\n<li data-start=\"616\" data-end=\"662\"><strong data-start=\"616\" data-end=\"645\">Nutzma\u00dfe (L x B)<\/strong> : 306 x 168 cm<\/li>\n<li data-start=\"665\" data-end=\"714\"><strong data-start=\"665\" data-end=\"697\">Gesamtabmessungen (L x B)<\/strong> : 510 x 225 cm<\/li>\n<li data-start=\"717\" data-end=\"751\"><strong data-start=\"717\" data-end=\"741\">H\u00f6he der Seiten<\/strong> : 30 cm<\/li>\n<li data-start=\"754\" data-end=\"787\"><strong data-start=\"754\" data-end=\"777\">Bodenh\u00f6he<\/strong> : 40 cm<\/li>\n<li data-start=\"790\" data-end=\"843\"><strong data-start=\"790\" data-end=\"831\">GVWR (Zul\u00e4ssiges Gesamtlastgewicht)<\/strong> : 3000 kg<\/li>\n<li data-start=\"846\" data-end=\"873\"><strong data-start=\"846\" data-end=\"862\">Leergewicht<\/strong> : 635 kg<\/li>\n<li data-start=\"876\" data-end=\"913\"><strong data-start=\"876\" data-end=\"901\">Maximale Nutzlast<\/strong> : 2365 kg<\/li>\n<li data-start=\"916\" data-end=\"966\"><strong data-start=\"916\" data-end=\"927\">Achsen<\/strong> : 2 Achsen mit Bremssystem<\/li>\n<li data-start=\"969\" data-end=\"997\"><strong data-start=\"969\" data-end=\"989\">Anh\u00e4nger gebremst<\/strong> : Ja<\/li>\n<li data-start=\"1000\" data-end=\"1023\"><strong data-start=\"1000\" data-end=\"1015\">Umschalten<\/strong> : Nein<\/li>\n<li data-start=\"1026\" data-end=\"1064\"><strong data-start=\"1026\" data-end=\"1050\">Reifenabmessungen<\/strong> : 13 Zoll<\/li>\n<\/ul>\n<h4 data-start=\"1066\" data-end=\"1083\"><strong data-start=\"1071\" data-end=\"1083\">Vorteile:<\/strong><\/h4>\n<ul>\n<li data-start=\"1086\" data-end=\"1128\">Verst\u00e4rkte Struktur f\u00fcr intensiven Gebrauch<\/li>\n<li data-start=\"1131\" data-end=\"1184\">Gro\u00dfe Ladefl\u00e4che geeignet f\u00fcr schwere Maschinen<\/li>\n<li data-start=\"1187\" data-end=\"1241\">Niedrige Bodenh\u00f6he f\u00fcr einfaches Beladen<\/li>\n<li data-start=\"1244\" data-end=\"1295\">Doppelachse f\u00fcr optimale Stabilit\u00e4t auf der Stra\u00dfe<\/li>\n<\/ul>\n","protected":false},"excerpt":{"rendered":"<p>Robust und zuverl\u00e4ssig, der <strong data-start=\"316\" data-end=\"346\">Saris Magnum Explorer 3000<\/strong> ist f\u00fcr den sicheren Transport von Minibaggern, Kompakttraktoren oder anderen Baumaschinen konzipiert. Es bietet ein hervorragendes Gewichts-\/Nutzlastverh\u00e4ltnis und ein Design, das f\u00fcr den intensiven professionellen Einsatz optimiert ist.<\/p>\n","protected":false},"featured_media":10356,"comment_status":"open","ping_status":"closed","template":"","meta":[],"product_brand":[],"product_cat":[358,352],"product_tag":[],"class_list":{"0":"post-17382","1":"product","2":"type-product","3":"status-publish","4":"has-post-thumbnail","6":"product_cat-anhaenger-fuer-den-schwermaschinentransport","7":"product_cat-unsere-trailer","9":"first","10":"instock","11":"shipping-taxable","12":"purchasable","13":"product-type-simple"},"yoast_head":"<!-- This site is optimized with the Yoast SEO plugin v27.5 - https:\/\/yoast.com\/product\/yoast-seo-wordpress\/ -->\n<title>Saris Magnum Explorer 3000 Maschinentr\u00e4ger \u2013 306 X 168 Cm \u2013 Zul\u00e4ssiges Gesamtgewicht 3000 Kg - Sagrinex \u2013 Anhaenger, Container &amp; Landtechnik \ud83c\udf3e\ud83d\ude9c<\/title>\n<meta name=\"robots\" content=\"index, follow, max-snippet:-1, max-image-preview:large, max-video-preview:-1\" \/>\n<link rel=\"canonical\" href=\"https:\/\/sagrinex.com\/produit\/saris-magnum-explorer-3000-maschinentraeger-306-x-168-cm-zulaessiges-gesamtgewicht-3000-kg\/?lang=de\" \/>\n<meta property=\"og:locale\" content=\"de_DE\" \/>\n<meta property=\"og:type\" content=\"article\" \/>\n<meta property=\"og:title\" content=\"Saris Magnum Explorer 3000 Maschinentr\u00e4ger \u2013 306 X 168 Cm \u2013 Zul\u00e4ssiges Gesamtgewicht 3000 Kg - Sagrinex \u2013 Anhaenger, Container &amp; Landtechnik \ud83c\udf3e\ud83d\ude9c\" \/>\n<meta property=\"og:description\" content=\"Robust und zuverl\u00e4ssig, der Saris Magnum Explorer 3000 ist f\u00fcr den sicheren Transport von Minibaggern, Kompakttraktoren oder anderen Baumaschinen konzipiert. Es bietet ein hervorragendes Gewichts-\/Nutzlastverh\u00e4ltnis und ein Design, das f\u00fcr den intensiven professionellen Einsatz optimiert ist.\" \/>\n<meta property=\"og:url\" content=\"https:\/\/sagrinex.com\/produit\/saris-magnum-explorer-3000-maschinentraeger-306-x-168-cm-zulaessiges-gesamtgewicht-3000-kg\/?lang=de\" \/>\n<meta property=\"og:site_name\" content=\"Sagrinex \u2013 Anhaenger, Container &amp; Landtechnik \ud83c\udf3e\ud83d\ude9c\" \/>\n<meta property=\"article:modified_time\" content=\"2026-04-15T21:12:32+00:00\" \/>\n<meta property=\"og:image\" content=\"https:\/\/sagrinex.com\/wp-content\/uploads\/2026\/03\/Image-479.jpeg\" \/>\n\t<meta property=\"og:image:width\" content=\"650\" \/>\n\t<meta property=\"og:image:height\" content=\"650\" \/>\n\t<meta property=\"og:image:type\" content=\"image\/jpeg\" \/>\n<meta name=\"twitter:card\" content=\"summary_large_image\" \/>\n<script type=\"application\/ld+json\" class=\"yoast-schema-graph\">{\"@context\":\"https:\\\/\\\/schema.org\",\"@graph\":[{\"@type\":\"WebPage\",\"@id\":\"https:\\\/\\\/sagrinex.com\\\/produit\\\/saris-magnum-explorer-3000-maschinentraeger-306-x-168-cm-zulaessiges-gesamtgewicht-3000-kg\\\/?lang=de\",\"url\":\"https:\\\/\\\/sagrinex.com\\\/produit\\\/saris-magnum-explorer-3000-maschinentraeger-306-x-168-cm-zulaessiges-gesamtgewicht-3000-kg\\\/?lang=de\",\"name\":\"Saris Magnum Explorer 3000 Maschinentr\u00e4ger \u2013 306 X 168 Cm \u2013 Zul\u00e4ssiges Gesamtgewicht 3000 Kg - Sagrinex \u2013 Anhaenger, Container &amp; Landtechnik \ud83c\udf3e\ud83d\ude9c\",\"isPartOf\":{\"@id\":\"https:\\\/\\\/sagrinex.com\\\/#website\"},\"primaryImageOfPage\":{\"@id\":\"https:\\\/\\\/sagrinex.com\\\/produit\\\/saris-magnum-explorer-3000-maschinentraeger-306-x-168-cm-zulaessiges-gesamtgewicht-3000-kg\\\/?lang=de#primaryimage\"},\"image\":{\"@id\":\"https:\\\/\\\/sagrinex.com\\\/produit\\\/saris-magnum-explorer-3000-maschinentraeger-306-x-168-cm-zulaessiges-gesamtgewicht-3000-kg\\\/?lang=de#primaryimage\"},\"thumbnailUrl\":\"https:\\\/\\\/sagrinex.com\\\/wp-content\\\/uploads\\\/2026\\\/03\\\/Image-479.jpeg\",\"datePublished\":\"2026-04-15T17:54:08+00:00\",\"dateModified\":\"2026-04-15T21:12:32+00:00\",\"breadcrumb\":{\"@id\":\"https:\\\/\\\/sagrinex.com\\\/produit\\\/saris-magnum-explorer-3000-maschinentraeger-306-x-168-cm-zulaessiges-gesamtgewicht-3000-kg\\\/?lang=de#breadcrumb\"},\"inLanguage\":\"de\",\"potentialAction\":[{\"@type\":\"ReadAction\",\"target\":[\"https:\\\/\\\/sagrinex.com\\\/produit\\\/saris-magnum-explorer-3000-maschinentraeger-306-x-168-cm-zulaessiges-gesamtgewicht-3000-kg\\\/?lang=de\"]}]},{\"@type\":\"ImageObject\",\"inLanguage\":\"de\",\"@id\":\"https:\\\/\\\/sagrinex.com\\\/produit\\\/saris-magnum-explorer-3000-maschinentraeger-306-x-168-cm-zulaessiges-gesamtgewicht-3000-kg\\\/?lang=de#primaryimage\",\"url\":\"https:\\\/\\\/sagrinex.com\\\/wp-content\\\/uploads\\\/2026\\\/03\\\/Image-479.jpeg\",\"contentUrl\":\"https:\\\/\\\/sagrinex.com\\\/wp-content\\\/uploads\\\/2026\\\/03\\\/Image-479.jpeg\",\"width\":650,\"height\":650},{\"@type\":\"BreadcrumbList\",\"@id\":\"https:\\\/\\\/sagrinex.com\\\/produit\\\/saris-magnum-explorer-3000-maschinentraeger-306-x-168-cm-zulaessiges-gesamtgewicht-3000-kg\\\/?lang=de#breadcrumb\",\"itemListElement\":[{\"@type\":\"ListItem\",\"position\":1,\"name\":\"Accueil\",\"item\":\"https:\\\/\\\/sagrinex.com\\\/?lang=de\"},{\"@type\":\"ListItem\",\"position\":2,\"name\":\"Shop\",\"item\":\"https:\\\/\\\/sagrinex.com\\\/shop\\\/\"},{\"@type\":\"ListItem\",\"position\":3,\"name\":\"Saris Magnum Explorer 3000 Maschinentr\u00e4ger \u2013 306 X 168 Cm \u2013 Zul\u00e4ssiges Gesamtgewicht 3000 Kg\"}]},{\"@type\":\"WebSite\",\"@id\":\"https:\\\/\\\/sagrinex.com\\\/#website\",\"url\":\"https:\\\/\\\/sagrinex.com\\\/\",\"name\":\"Sagrinex \u2013 Spezialist f\u00fcr Anh\u00e4nger, Container & Landtechnik\",\"description\":\"Anhaenger, Container &amp; Landtechnik \u2014 Online-Verkauf &amp; kostenloses Angebot\",\"publisher\":{\"@id\":\"https:\\\/\\\/sagrinex.com\\\/#organization\"},\"potentialAction\":[{\"@type\":\"SearchAction\",\"target\":{\"@type\":\"EntryPoint\",\"urlTemplate\":\"https:\\\/\\\/sagrinex.com\\\/?s={search_term_string}\"},\"query-input\":{\"@type\":\"PropertyValueSpecification\",\"valueRequired\":true,\"valueName\":\"search_term_string\"}}],\"inLanguage\":\"de\"},{\"@type\":\"Organization\",\"@id\":\"https:\\\/\\\/sagrinex.com\\\/#organization\",\"name\":\"Sagrinex \u2013 Remorques, Conteneurs & Mat\u00e9riel Agricole\",\"url\":\"https:\\\/\\\/sagrinex.com\\\/\",\"logo\":{\"@type\":\"ImageObject\",\"inLanguage\":\"de\",\"@id\":\"https:\\\/\\\/sagrinex.com\\\/#\\\/schema\\\/logo\\\/image\\\/\",\"url\":\"https:\\\/\\\/sagrinex.com\\\/wp-content\\\/uploads\\\/2026\\\/03\\\/7f1ac463-ef5a-425d-bdd6-a5da03a334a9-1024x683.png\",\"contentUrl\":\"https:\\\/\\\/sagrinex.com\\\/wp-content\\\/uploads\\\/2026\\\/03\\\/7f1ac463-ef5a-425d-bdd6-a5da03a334a9-1024x683.png\",\"width\":1024,\"height\":683,\"caption\":\"Sagrinex \u2013 Remorques, Conteneurs & Mat\u00e9riel Agricole\"},\"image\":{\"@id\":\"https:\\\/\\\/sagrinex.com\\\/#\\\/schema\\\/logo\\\/image\\\/\"}}]}<\/script>\n<!-- \/ Yoast SEO plugin. -->","yoast_head_json":{"title":"Saris Magnum Explorer 3000 Maschinentr\u00e4ger \u2013 306 X 168 Cm \u2013 Zul\u00e4ssiges Gesamtgewicht 3000 Kg - Sagrinex \u2013 Anhaenger, Container &amp; Landtechnik \ud83c\udf3e\ud83d\ude9c","robots":{"index":"index","follow":"follow","max-snippet":"max-snippet:-1","max-image-preview":"max-image-preview:large","max-video-preview":"max-video-preview:-1"},"canonical":"https:\/\/sagrinex.com\/produit\/saris-magnum-explorer-3000-maschinentraeger-306-x-168-cm-zulaessiges-gesamtgewicht-3000-kg\/?lang=de","og_locale":"de_DE","og_type":"article","og_title":"Saris Magnum Explorer 3000 Maschinentr\u00e4ger \u2013 306 X 168 Cm \u2013 Zul\u00e4ssiges Gesamtgewicht 3000 Kg - Sagrinex \u2013 Anhaenger, Container &amp; Landtechnik \ud83c\udf3e\ud83d\ude9c","og_description":"Robust und zuverl\u00e4ssig, der Saris Magnum Explorer 3000 ist f\u00fcr den sicheren Transport von Minibaggern, Kompakttraktoren oder anderen Baumaschinen konzipiert. Es bietet ein hervorragendes Gewichts-\/Nutzlastverh\u00e4ltnis und ein Design, das f\u00fcr den intensiven professionellen Einsatz optimiert ist.","og_url":"https:\/\/sagrinex.com\/produit\/saris-magnum-explorer-3000-maschinentraeger-306-x-168-cm-zulaessiges-gesamtgewicht-3000-kg\/?lang=de","og_site_name":"Sagrinex \u2013 Anhaenger, Container &amp; Landtechnik \ud83c\udf3e\ud83d\ude9c","article_modified_time":"2026-04-15T21:12:32+00:00","og_image":[{"width":650,"height":650,"url":"https:\/\/sagrinex.com\/wp-content\/uploads\/2026\/03\/Image-479.jpeg","type":"image\/jpeg"}],"twitter_card":"summary_large_image","schema":{"@context":"https:\/\/schema.org","@graph":[{"@type":"WebPage","@id":"https:\/\/sagrinex.com\/produit\/saris-magnum-explorer-3000-maschinentraeger-306-x-168-cm-zulaessiges-gesamtgewicht-3000-kg\/?lang=de","url":"https:\/\/sagrinex.com\/produit\/saris-magnum-explorer-3000-maschinentraeger-306-x-168-cm-zulaessiges-gesamtgewicht-3000-kg\/?lang=de","name":"Saris Magnum Explorer 3000 Maschinentr\u00e4ger \u2013 306 X 168 Cm \u2013 Zul\u00e4ssiges Gesamtgewicht 3000 Kg - Sagrinex \u2013 Anhaenger, Container &amp; Landtechnik \ud83c\udf3e\ud83d\ude9c","isPartOf":{"@id":"https:\/\/sagrinex.com\/#website"},"primaryImageOfPage":{"@id":"https:\/\/sagrinex.com\/produit\/saris-magnum-explorer-3000-maschinentraeger-306-x-168-cm-zulaessiges-gesamtgewicht-3000-kg\/?lang=de#primaryimage"},"image":{"@id":"https:\/\/sagrinex.com\/produit\/saris-magnum-explorer-3000-maschinentraeger-306-x-168-cm-zulaessiges-gesamtgewicht-3000-kg\/?lang=de#primaryimage"},"thumbnailUrl":"https:\/\/sagrinex.com\/wp-content\/uploads\/2026\/03\/Image-479.jpeg","datePublished":"2026-04-15T17:54:08+00:00","dateModified":"2026-04-15T21:12:32+00:00","breadcrumb":{"@id":"https:\/\/sagrinex.com\/produit\/saris-magnum-explorer-3000-maschinentraeger-306-x-168-cm-zulaessiges-gesamtgewicht-3000-kg\/?lang=de#breadcrumb"},"inLanguage":"de","potentialAction":[{"@type":"ReadAction","target":["https:\/\/sagrinex.com\/produit\/saris-magnum-explorer-3000-maschinentraeger-306-x-168-cm-zulaessiges-gesamtgewicht-3000-kg\/?lang=de"]}]},{"@type":"ImageObject","inLanguage":"de","@id":"https:\/\/sagrinex.com\/produit\/saris-magnum-explorer-3000-maschinentraeger-306-x-168-cm-zulaessiges-gesamtgewicht-3000-kg\/?lang=de#primaryimage","url":"https:\/\/sagrinex.com\/wp-content\/uploads\/2026\/03\/Image-479.jpeg","contentUrl":"https:\/\/sagrinex.com\/wp-content\/uploads\/2026\/03\/Image-479.jpeg","width":650,"height":650},{"@type":"BreadcrumbList","@id":"https:\/\/sagrinex.com\/produit\/saris-magnum-explorer-3000-maschinentraeger-306-x-168-cm-zulaessiges-gesamtgewicht-3000-kg\/?lang=de#breadcrumb","itemListElement":[{"@type":"ListItem","position":1,"name":"Accueil","item":"https:\/\/sagrinex.com\/?lang=de"},{"@type":"ListItem","position":2,"name":"Shop","item":"https:\/\/sagrinex.com\/shop\/"},{"@type":"ListItem","position":3,"name":"Saris Magnum Explorer 3000 Maschinentr\u00e4ger \u2013 306 X 168 Cm \u2013 Zul\u00e4ssiges Gesamtgewicht 3000 Kg"}]},{"@type":"WebSite","@id":"https:\/\/sagrinex.com\/#website","url":"https:\/\/sagrinex.com\/","name":"Sagrinex \u2013 Spezialist f\u00fcr Anh\u00e4nger, Container & Landtechnik","description":"Anhaenger, Container &amp; Landtechnik \u2014 Online-Verkauf &amp; kostenloses Angebot","publisher":{"@id":"https:\/\/sagrinex.com\/#organization"},"potentialAction":[{"@type":"SearchAction","target":{"@type":"EntryPoint","urlTemplate":"https:\/\/sagrinex.com\/?s={search_term_string}"},"query-input":{"@type":"PropertyValueSpecification","valueRequired":true,"valueName":"search_term_string"}}],"inLanguage":"de"},{"@type":"Organization","@id":"https:\/\/sagrinex.com\/#organization","name":"Sagrinex \u2013 Remorques, Conteneurs & Mat\u00e9riel Agricole","url":"https:\/\/sagrinex.com\/","logo":{"@type":"ImageObject","inLanguage":"de","@id":"https:\/\/sagrinex.com\/#\/schema\/logo\/image\/","url":"https:\/\/sagrinex.com\/wp-content\/uploads\/2026\/03\/7f1ac463-ef5a-425d-bdd6-a5da03a334a9-1024x683.png","contentUrl":"https:\/\/sagrinex.com\/wp-content\/uploads\/2026\/03\/7f1ac463-ef5a-425d-bdd6-a5da03a334a9-1024x683.png","width":1024,"height":683,"caption":"Sagrinex \u2013 Remorques, Conteneurs & Mat\u00e9riel Agricole"},"image":{"@id":"https:\/\/sagrinex.com\/#\/schema\/logo\/image\/"}}]}},"jetpack_sharing_enabled":true,"_links":{"self":[{"href":"https:\/\/sagrinex.com\/de\/wp-json\/wp\/v2\/product\/17382","targetHints":{"allow":["GET"]}}],"collection":[{"href":"https:\/\/sagrinex.com\/de\/wp-json\/wp\/v2\/product"}],"about":[{"href":"https:\/\/sagrinex.com\/de\/wp-json\/wp\/v2\/types\/product"}],"replies":[{"embeddable":true,"href":"https:\/\/sagrinex.com\/de\/wp-json\/wp\/v2\/comments?post=17382"}],"version-history":[{"count":0,"href":"https:\/\/sagrinex.com\/de\/wp-json\/wp\/v2\/product\/17382\/revisions"}],"wp:featuredmedia":[{"embeddable":true,"href":"https:\/\/sagrinex.com\/de\/wp-json\/wp\/v2\/media\/10356"}],"wp:attachment":[{"href":"https:\/\/sagrinex.com\/de\/wp-json\/wp\/v2\/media?parent=17382"}],"wp:term":[{"taxonomy":"product_brand","embeddable":true,"href":"https:\/\/sagrinex.com\/de\/wp-json\/wp\/v2\/product_brand?post=17382"},{"taxonomy":"product_cat","embeddable":true,"href":"https:\/\/sagrinex.com\/de\/wp-json\/wp\/v2\/product_cat?post=17382"},{"taxonomy":"product_tag","embeddable":true,"href":"https:\/\/sagrinex.com\/de\/wp-json\/wp\/v2\/product_tag?post=17382"}],"curies":[{"name":"wp","href":"https:\/\/api.w.org\/{rel}","templated":true}]}}