{"id":17383,"date":"2026-04-15T17:54:38","date_gmt":"2026-04-15T17:54:38","guid":{"rendered":"https:\/\/sagrinex.com\/produit\/franc-pv400f200-autotransportanhaenger-400-x-190-cm-zulaessiges-gesamtgewicht-2000-kg\/"},"modified":"2026-04-15T21:12:32","modified_gmt":"2026-04-15T21:12:32","slug":"franc-pv400f200-autotransportanhaenger-400-x-190-cm-zulaessiges-gesamtgewicht-2000-kg","status":"publish","type":"product","link":"https:\/\/sagrinex.com\/de\/produit\/franc-pv400f200-autotransportanhaenger-400-x-190-cm-zulaessiges-gesamtgewicht-2000-kg\/","title":{"rendered":"Franc PV400F200 Autotransportanh\u00e4nger \u2013 400 X 190 Cm \u2013 Zul\u00e4ssiges Gesamtgewicht 2000 Kg"},"content":{"rendered":"<h4 data-start=\"546\" data-end=\"585\"><strong data-start=\"551\" data-end=\"585\">Hauptmerkmale :<\/strong><\/h4>\n<ul>\n<li data-start=\"589\" data-end=\"660\"><strong data-start=\"589\" data-end=\"597\">PTAC<\/strong> : 2000 kg (reduzierbar auf 1800 \/ 1600 \/ 1500 kg je nach Bedarf)<\/li>\n<li data-start=\"663\" data-end=\"690\"><strong data-start=\"663\" data-end=\"679\">Leergewicht<\/strong> : 485 kg<\/li>\n<li data-start=\"693\" data-end=\"729\"><strong data-start=\"693\" data-end=\"709\">Nutzlast<\/strong> : bis zu 1515 kg<\/li>\n<li data-start=\"732\" data-end=\"782\"><strong data-start=\"732\" data-end=\"764\">Nutzbare Plateauabmessungen<\/strong> : 4,00 x 1,90 m<\/li>\n<li data-start=\"785\" data-end=\"827\"><strong data-start=\"785\" data-end=\"809\">Gesamtabmessungen<\/strong> : 5,46 x 2,43 m<\/li>\n<li data-start=\"830\" data-end=\"866\"><strong data-start=\"830\" data-end=\"856\">Bodenfreiheit \/ H\u00f6he<\/strong> : 42 cm<\/li>\n<li data-start=\"869\" data-end=\"918\"><strong data-start=\"869\" data-end=\"880\">Achsen<\/strong> : 2 gebremste Achsen, je 1100 kg<\/li>\n<li data-start=\"921\" data-end=\"955\"><strong data-start=\"921\" data-end=\"930\">R\u00e4der<\/strong> : 185\/70 R13 \u2013 4 R\u00e4der<\/li>\n<li data-start=\"958\" data-end=\"993\"><strong data-start=\"958\" data-end=\"978\">Elektrostecker<\/strong> : 13 polig<\/li>\n<li data-start=\"996\" data-end=\"1016\"><strong data-start=\"996\" data-end=\"1016\">6-Funktions-Leuchten<\/strong><\/li>\n<\/ul>\n<hr data-start=\"1018\" data-end=\"1021\" \/>\n<h4 data-start=\"1023\" data-end=\"1057\"><strong data-start=\"1028\" data-end=\"1057\">Konstruktion und Struktur :<\/strong><\/h4>\n<ul>\n<li>Struktur aus <strong data-start=\"1074\" data-end=\"1102\">verschraubtem verzinktem Stahl<\/strong>, langlebig und korrosionsbest\u00e4ndig<\/li>\n<li><strong data-start=\"1145\" data-end=\"1194\">Manuelle Kippung mit 2 Gasfederzylindern unterst\u00fctzt<\/strong>, Verriegelung durch exzentrische Griffe<\/li>\n<li><strong data-start=\"1239\" data-end=\"1259\">Laufschienen<\/strong> aus rutschfestem Stahlgitterrostbelag (Breite 48 cm je Seite)<\/li>\n<li><strong data-start=\"1315\" data-end=\"1348\">In den Rahmen integriertes Rampenset<\/strong> zum Laden von flachen Fahrzeugen<\/li>\n<li><strong data-start=\"1400\" data-end=\"1438\">Teleskopische St\u00fctzrolle Serienausstattung<\/strong><\/li>\n<\/ul>\n<hr data-start=\"1440\" data-end=\"1443\" \/>\n<h4 data-start=\"1445\" data-end=\"1475\"><strong data-start=\"1450\" data-end=\"1475\">Kostenlose Zubeh\u00f6rteile :<\/strong><\/h4>\n<ul>\n<li>Handwinde mit Halterung<\/li>\n<li>2 Radbremsen<\/li>\n<li>Ersatzrad mit Halterung<\/li>\n<\/ul>\n<hr data-start=\"1570\" data-end=\"1573\" \/>\n<h4 data-start=\"1575\" data-end=\"1605\"><strong data-start=\"1580\" data-end=\"1605\">Verf\u00fcgbare Optionen :<\/strong><\/h4>\n<ul data-start=\"1607\" data-end=\"1670\">\n<li data-start=\"1607\" data-end=\"1670\">\n<p data-start=\"1609\" data-end=\"1670\">Version mit <strong data-start=\"1622\" data-end=\"1668\">manueller hydraulischer Kippung<\/strong><\/p>\n<\/li>\n<\/ul>\n<hr data-start=\"1672\" data-end=\"1675\" \/>\n<h4 data-start=\"1677\" data-end=\"1703\"><strong data-start=\"1682\" data-end=\"1703\">Inklusive Dienstleistungen :<\/strong><\/h4>\n<ul>\n<li data-start=\"1707\" data-end=\"1733\"><strong data-start=\"1707\" data-end=\"1731\">Technische Unterst\u00fctzung<\/strong><\/li>\n<li data-start=\"1736\" data-end=\"1763\"><strong data-start=\"1736\" data-end=\"1761\">Herstellergarantie<\/strong><\/li>\n<li data-start=\"1766\" data-end=\"1791\"><strong data-start=\"1766\" data-end=\"1789\">Kundenservice<\/strong><\/li>\n<li data-start=\"1794\" data-end=\"1820\"><strong data-start=\"1794\" data-end=\"1818\">Reparaturen versichert<\/strong><\/li>\n<li data-start=\"1823\" data-end=\"1855\"><strong data-start=\"1823\" data-end=\"1855\">Ersatzteile verf\u00fcgbar<\/strong><\/li>\n<\/ul>\n","protected":false},"excerpt":{"rendered":"<p>Das <strong data-start=\"261\" data-end=\"280\">Franken PV400F200<\/strong> ist ein robuster und vielseitiger Autotransportanh\u00e4nger, der dank seiner speziellen Ausstattung f\u00fcr den sicheren Transport von Fahrzeugen, auch niedrigen Pkw, konzipiert ist. Es bietet Zuverl\u00e4ssigkeit, Benutzerfreundlichkeit und eine hervorragende Standardausstattung.<\/p>\n","protected":false},"featured_media":10345,"comment_status":"open","ping_status":"closed","template":"","meta":[],"product_brand":[],"product_cat":[359,358,352],"product_tag":[],"class_list":{"0":"post-17383","1":"product","2":"type-product","3":"status-publish","4":"has-post-thumbnail","6":"product_cat-autotransportanhaenger","7":"product_cat-anhaenger-fuer-den-schwermaschinentransport","8":"product_cat-unsere-trailer","10":"first","11":"instock","12":"shipping-taxable","13":"purchasable","14":"product-type-simple"},"yoast_head":"<!-- This site is optimized with the Yoast SEO plugin v27.5 - https:\/\/yoast.com\/product\/yoast-seo-wordpress\/ -->\n<title>Franc PV400F200 Autotransportanh\u00e4nger \u2013 400 X 190 Cm \u2013 Zul\u00e4ssiges Gesamtgewicht 2000 Kg - Sagrinex \u2013 Anhaenger, Container &amp; Landtechnik \ud83c\udf3e\ud83d\ude9c<\/title>\n<meta name=\"robots\" content=\"index, follow, max-snippet:-1, max-image-preview:large, max-video-preview:-1\" \/>\n<link rel=\"canonical\" href=\"https:\/\/sagrinex.com\/produit\/franc-pv400f200-autotransportanhaenger-400-x-190-cm-zulaessiges-gesamtgewicht-2000-kg\/?lang=de\" \/>\n<meta property=\"og:locale\" content=\"de_DE\" \/>\n<meta property=\"og:type\" content=\"article\" \/>\n<meta property=\"og:title\" content=\"Franc PV400F200 Autotransportanh\u00e4nger \u2013 400 X 190 Cm \u2013 Zul\u00e4ssiges Gesamtgewicht 2000 Kg - Sagrinex \u2013 Anhaenger, Container &amp; Landtechnik \ud83c\udf3e\ud83d\ude9c\" \/>\n<meta property=\"og:description\" content=\"Das Franken PV400F200 ist ein robuster und vielseitiger Autotransportanh\u00e4nger, der dank seiner speziellen Ausstattung f\u00fcr den sicheren Transport von Fahrzeugen, auch niedrigen Pkw, konzipiert ist. Es bietet Zuverl\u00e4ssigkeit, Benutzerfreundlichkeit und eine hervorragende Standardausstattung.\" \/>\n<meta property=\"og:url\" content=\"https:\/\/sagrinex.com\/produit\/franc-pv400f200-autotransportanhaenger-400-x-190-cm-zulaessiges-gesamtgewicht-2000-kg\/?lang=de\" \/>\n<meta property=\"og:site_name\" content=\"Sagrinex \u2013 Anhaenger, Container &amp; Landtechnik \ud83c\udf3e\ud83d\ude9c\" \/>\n<meta property=\"article:modified_time\" content=\"2026-04-15T21:12:32+00:00\" \/>\n<meta property=\"og:image\" content=\"https:\/\/sagrinex.com\/wp-content\/uploads\/2026\/03\/Image-469.jpeg\" \/>\n\t<meta property=\"og:image:width\" content=\"600\" \/>\n\t<meta property=\"og:image:height\" content=\"340\" \/>\n\t<meta property=\"og:image:type\" content=\"image\/jpeg\" \/>\n<meta name=\"twitter:card\" content=\"summary_large_image\" \/>\n<meta name=\"twitter:label1\" content=\"Gesch\u00e4tzte Lesezeit\" \/>\n\t<meta name=\"twitter:data1\" content=\"1\u00a0Minute\" \/>\n<script type=\"application\/ld+json\" class=\"yoast-schema-graph\">{\"@context\":\"https:\\\/\\\/schema.org\",\"@graph\":[{\"@type\":\"WebPage\",\"@id\":\"https:\\\/\\\/sagrinex.com\\\/produit\\\/franc-pv400f200-autotransportanhaenger-400-x-190-cm-zulaessiges-gesamtgewicht-2000-kg\\\/?lang=de\",\"url\":\"https:\\\/\\\/sagrinex.com\\\/produit\\\/franc-pv400f200-autotransportanhaenger-400-x-190-cm-zulaessiges-gesamtgewicht-2000-kg\\\/?lang=de\",\"name\":\"Franc PV400F200 Autotransportanh\u00e4nger \u2013 400 X 190 Cm \u2013 Zul\u00e4ssiges Gesamtgewicht 2000 Kg - Sagrinex \u2013 Anhaenger, Container &amp; Landtechnik \ud83c\udf3e\ud83d\ude9c\",\"isPartOf\":{\"@id\":\"https:\\\/\\\/sagrinex.com\\\/#website\"},\"primaryImageOfPage\":{\"@id\":\"https:\\\/\\\/sagrinex.com\\\/produit\\\/franc-pv400f200-autotransportanhaenger-400-x-190-cm-zulaessiges-gesamtgewicht-2000-kg\\\/?lang=de#primaryimage\"},\"image\":{\"@id\":\"https:\\\/\\\/sagrinex.com\\\/produit\\\/franc-pv400f200-autotransportanhaenger-400-x-190-cm-zulaessiges-gesamtgewicht-2000-kg\\\/?lang=de#primaryimage\"},\"thumbnailUrl\":\"https:\\\/\\\/sagrinex.com\\\/wp-content\\\/uploads\\\/2026\\\/03\\\/Image-469.jpeg\",\"datePublished\":\"2026-04-15T17:54:38+00:00\",\"dateModified\":\"2026-04-15T21:12:32+00:00\",\"breadcrumb\":{\"@id\":\"https:\\\/\\\/sagrinex.com\\\/produit\\\/franc-pv400f200-autotransportanhaenger-400-x-190-cm-zulaessiges-gesamtgewicht-2000-kg\\\/?lang=de#breadcrumb\"},\"inLanguage\":\"de\",\"potentialAction\":[{\"@type\":\"ReadAction\",\"target\":[\"https:\\\/\\\/sagrinex.com\\\/produit\\\/franc-pv400f200-autotransportanhaenger-400-x-190-cm-zulaessiges-gesamtgewicht-2000-kg\\\/?lang=de\"]}]},{\"@type\":\"ImageObject\",\"inLanguage\":\"de\",\"@id\":\"https:\\\/\\\/sagrinex.com\\\/produit\\\/franc-pv400f200-autotransportanhaenger-400-x-190-cm-zulaessiges-gesamtgewicht-2000-kg\\\/?lang=de#primaryimage\",\"url\":\"https:\\\/\\\/sagrinex.com\\\/wp-content\\\/uploads\\\/2026\\\/03\\\/Image-469.jpeg\",\"contentUrl\":\"https:\\\/\\\/sagrinex.com\\\/wp-content\\\/uploads\\\/2026\\\/03\\\/Image-469.jpeg\",\"width\":600,\"height\":340},{\"@type\":\"BreadcrumbList\",\"@id\":\"https:\\\/\\\/sagrinex.com\\\/produit\\\/franc-pv400f200-autotransportanhaenger-400-x-190-cm-zulaessiges-gesamtgewicht-2000-kg\\\/?lang=de#breadcrumb\",\"itemListElement\":[{\"@type\":\"ListItem\",\"position\":1,\"name\":\"Accueil\",\"item\":\"https:\\\/\\\/sagrinex.com\\\/?lang=de\"},{\"@type\":\"ListItem\",\"position\":2,\"name\":\"Shop\",\"item\":\"https:\\\/\\\/sagrinex.com\\\/shop\\\/\"},{\"@type\":\"ListItem\",\"position\":3,\"name\":\"Franc PV400F200 Autotransportanh\u00e4nger \u2013 400 X 190 Cm \u2013 Zul\u00e4ssiges Gesamtgewicht 2000 Kg\"}]},{\"@type\":\"WebSite\",\"@id\":\"https:\\\/\\\/sagrinex.com\\\/#website\",\"url\":\"https:\\\/\\\/sagrinex.com\\\/\",\"name\":\"Sagrinex \u2013 Spezialist f\u00fcr Anh\u00e4nger, Container & Landtechnik\",\"description\":\"Anhaenger, Container &amp; Landtechnik \u2014 Online-Verkauf &amp; kostenloses Angebot\",\"publisher\":{\"@id\":\"https:\\\/\\\/sagrinex.com\\\/#organization\"},\"potentialAction\":[{\"@type\":\"SearchAction\",\"target\":{\"@type\":\"EntryPoint\",\"urlTemplate\":\"https:\\\/\\\/sagrinex.com\\\/?s={search_term_string}\"},\"query-input\":{\"@type\":\"PropertyValueSpecification\",\"valueRequired\":true,\"valueName\":\"search_term_string\"}}],\"inLanguage\":\"de\"},{\"@type\":\"Organization\",\"@id\":\"https:\\\/\\\/sagrinex.com\\\/#organization\",\"name\":\"Sagrinex \u2013 Remorques, Conteneurs & Mat\u00e9riel Agricole\",\"url\":\"https:\\\/\\\/sagrinex.com\\\/\",\"logo\":{\"@type\":\"ImageObject\",\"inLanguage\":\"de\",\"@id\":\"https:\\\/\\\/sagrinex.com\\\/#\\\/schema\\\/logo\\\/image\\\/\",\"url\":\"https:\\\/\\\/sagrinex.com\\\/wp-content\\\/uploads\\\/2026\\\/03\\\/7f1ac463-ef5a-425d-bdd6-a5da03a334a9-1024x683.png\",\"contentUrl\":\"https:\\\/\\\/sagrinex.com\\\/wp-content\\\/uploads\\\/2026\\\/03\\\/7f1ac463-ef5a-425d-bdd6-a5da03a334a9-1024x683.png\",\"width\":1024,\"height\":683,\"caption\":\"Sagrinex \u2013 Remorques, Conteneurs & Mat\u00e9riel Agricole\"},\"image\":{\"@id\":\"https:\\\/\\\/sagrinex.com\\\/#\\\/schema\\\/logo\\\/image\\\/\"}}]}<\/script>\n<!-- \/ Yoast SEO plugin. -->","yoast_head_json":{"title":"Franc PV400F200 Autotransportanh\u00e4nger \u2013 400 X 190 Cm \u2013 Zul\u00e4ssiges Gesamtgewicht 2000 Kg - Sagrinex \u2013 Anhaenger, Container &amp; Landtechnik \ud83c\udf3e\ud83d\ude9c","robots":{"index":"index","follow":"follow","max-snippet":"max-snippet:-1","max-image-preview":"max-image-preview:large","max-video-preview":"max-video-preview:-1"},"canonical":"https:\/\/sagrinex.com\/produit\/franc-pv400f200-autotransportanhaenger-400-x-190-cm-zulaessiges-gesamtgewicht-2000-kg\/?lang=de","og_locale":"de_DE","og_type":"article","og_title":"Franc PV400F200 Autotransportanh\u00e4nger \u2013 400 X 190 Cm \u2013 Zul\u00e4ssiges Gesamtgewicht 2000 Kg - Sagrinex \u2013 Anhaenger, Container &amp; Landtechnik \ud83c\udf3e\ud83d\ude9c","og_description":"Das Franken PV400F200 ist ein robuster und vielseitiger Autotransportanh\u00e4nger, der dank seiner speziellen Ausstattung f\u00fcr den sicheren Transport von Fahrzeugen, auch niedrigen Pkw, konzipiert ist. Es bietet Zuverl\u00e4ssigkeit, Benutzerfreundlichkeit und eine hervorragende Standardausstattung.","og_url":"https:\/\/sagrinex.com\/produit\/franc-pv400f200-autotransportanhaenger-400-x-190-cm-zulaessiges-gesamtgewicht-2000-kg\/?lang=de","og_site_name":"Sagrinex \u2013 Anhaenger, Container &amp; Landtechnik \ud83c\udf3e\ud83d\ude9c","article_modified_time":"2026-04-15T21:12:32+00:00","og_image":[{"width":600,"height":340,"url":"https:\/\/sagrinex.com\/wp-content\/uploads\/2026\/03\/Image-469.jpeg","type":"image\/jpeg"}],"twitter_card":"summary_large_image","twitter_misc":{"Gesch\u00e4tzte Lesezeit":"1\u00a0Minute"},"schema":{"@context":"https:\/\/schema.org","@graph":[{"@type":"WebPage","@id":"https:\/\/sagrinex.com\/produit\/franc-pv400f200-autotransportanhaenger-400-x-190-cm-zulaessiges-gesamtgewicht-2000-kg\/?lang=de","url":"https:\/\/sagrinex.com\/produit\/franc-pv400f200-autotransportanhaenger-400-x-190-cm-zulaessiges-gesamtgewicht-2000-kg\/?lang=de","name":"Franc PV400F200 Autotransportanh\u00e4nger \u2013 400 X 190 Cm \u2013 Zul\u00e4ssiges Gesamtgewicht 2000 Kg - Sagrinex \u2013 Anhaenger, Container &amp; Landtechnik \ud83c\udf3e\ud83d\ude9c","isPartOf":{"@id":"https:\/\/sagrinex.com\/#website"},"primaryImageOfPage":{"@id":"https:\/\/sagrinex.com\/produit\/franc-pv400f200-autotransportanhaenger-400-x-190-cm-zulaessiges-gesamtgewicht-2000-kg\/?lang=de#primaryimage"},"image":{"@id":"https:\/\/sagrinex.com\/produit\/franc-pv400f200-autotransportanhaenger-400-x-190-cm-zulaessiges-gesamtgewicht-2000-kg\/?lang=de#primaryimage"},"thumbnailUrl":"https:\/\/sagrinex.com\/wp-content\/uploads\/2026\/03\/Image-469.jpeg","datePublished":"2026-04-15T17:54:38+00:00","dateModified":"2026-04-15T21:12:32+00:00","breadcrumb":{"@id":"https:\/\/sagrinex.com\/produit\/franc-pv400f200-autotransportanhaenger-400-x-190-cm-zulaessiges-gesamtgewicht-2000-kg\/?lang=de#breadcrumb"},"inLanguage":"de","potentialAction":[{"@type":"ReadAction","target":["https:\/\/sagrinex.com\/produit\/franc-pv400f200-autotransportanhaenger-400-x-190-cm-zulaessiges-gesamtgewicht-2000-kg\/?lang=de"]}]},{"@type":"ImageObject","inLanguage":"de","@id":"https:\/\/sagrinex.com\/produit\/franc-pv400f200-autotransportanhaenger-400-x-190-cm-zulaessiges-gesamtgewicht-2000-kg\/?lang=de#primaryimage","url":"https:\/\/sagrinex.com\/wp-content\/uploads\/2026\/03\/Image-469.jpeg","contentUrl":"https:\/\/sagrinex.com\/wp-content\/uploads\/2026\/03\/Image-469.jpeg","width":600,"height":340},{"@type":"BreadcrumbList","@id":"https:\/\/sagrinex.com\/produit\/franc-pv400f200-autotransportanhaenger-400-x-190-cm-zulaessiges-gesamtgewicht-2000-kg\/?lang=de#breadcrumb","itemListElement":[{"@type":"ListItem","position":1,"name":"Accueil","item":"https:\/\/sagrinex.com\/?lang=de"},{"@type":"ListItem","position":2,"name":"Shop","item":"https:\/\/sagrinex.com\/shop\/"},{"@type":"ListItem","position":3,"name":"Franc PV400F200 Autotransportanh\u00e4nger \u2013 400 X 190 Cm \u2013 Zul\u00e4ssiges Gesamtgewicht 2000 Kg"}]},{"@type":"WebSite","@id":"https:\/\/sagrinex.com\/#website","url":"https:\/\/sagrinex.com\/","name":"Sagrinex \u2013 Spezialist f\u00fcr Anh\u00e4nger, Container & Landtechnik","description":"Anhaenger, Container &amp; Landtechnik \u2014 Online-Verkauf &amp; kostenloses Angebot","publisher":{"@id":"https:\/\/sagrinex.com\/#organization"},"potentialAction":[{"@type":"SearchAction","target":{"@type":"EntryPoint","urlTemplate":"https:\/\/sagrinex.com\/?s={search_term_string}"},"query-input":{"@type":"PropertyValueSpecification","valueRequired":true,"valueName":"search_term_string"}}],"inLanguage":"de"},{"@type":"Organization","@id":"https:\/\/sagrinex.com\/#organization","name":"Sagrinex \u2013 Remorques, Conteneurs & Mat\u00e9riel Agricole","url":"https:\/\/sagrinex.com\/","logo":{"@type":"ImageObject","inLanguage":"de","@id":"https:\/\/sagrinex.com\/#\/schema\/logo\/image\/","url":"https:\/\/sagrinex.com\/wp-content\/uploads\/2026\/03\/7f1ac463-ef5a-425d-bdd6-a5da03a334a9-1024x683.png","contentUrl":"https:\/\/sagrinex.com\/wp-content\/uploads\/2026\/03\/7f1ac463-ef5a-425d-bdd6-a5da03a334a9-1024x683.png","width":1024,"height":683,"caption":"Sagrinex \u2013 Remorques, Conteneurs & Mat\u00e9riel Agricole"},"image":{"@id":"https:\/\/sagrinex.com\/#\/schema\/logo\/image\/"}}]}},"jetpack_sharing_enabled":true,"_links":{"self":[{"href":"https:\/\/sagrinex.com\/de\/wp-json\/wp\/v2\/product\/17383","targetHints":{"allow":["GET"]}}],"collection":[{"href":"https:\/\/sagrinex.com\/de\/wp-json\/wp\/v2\/product"}],"about":[{"href":"https:\/\/sagrinex.com\/de\/wp-json\/wp\/v2\/types\/product"}],"replies":[{"embeddable":true,"href":"https:\/\/sagrinex.com\/de\/wp-json\/wp\/v2\/comments?post=17383"}],"version-history":[{"count":0,"href":"https:\/\/sagrinex.com\/de\/wp-json\/wp\/v2\/product\/17383\/revisions"}],"wp:featuredmedia":[{"embeddable":true,"href":"https:\/\/sagrinex.com\/de\/wp-json\/wp\/v2\/media\/10345"}],"wp:attachment":[{"href":"https:\/\/sagrinex.com\/de\/wp-json\/wp\/v2\/media?parent=17383"}],"wp:term":[{"taxonomy":"product_brand","embeddable":true,"href":"https:\/\/sagrinex.com\/de\/wp-json\/wp\/v2\/product_brand?post=17383"},{"taxonomy":"product_cat","embeddable":true,"href":"https:\/\/sagrinex.com\/de\/wp-json\/wp\/v2\/product_cat?post=17383"},{"taxonomy":"product_tag","embeddable":true,"href":"https:\/\/sagrinex.com\/de\/wp-json\/wp\/v2\/product_tag?post=17383"}],"curies":[{"name":"wp","href":"https:\/\/api.w.org\/{rel}","templated":true}]}}