{"id":17384,"date":"2026-04-15T17:55:05","date_gmt":"2026-04-15T17:55:05","guid":{"rendered":"https:\/\/sagrinex.com\/produit\/lider-autotransportanhaenger-zulaessiges-gesamtgewicht-2-700-kg-450-x-203-cm-komfortpaket-inklusive\/"},"modified":"2026-04-15T21:12:32","modified_gmt":"2026-04-15T21:12:32","slug":"lider-autotransportanhaenger-zulaessiges-gesamtgewicht-2-700-kg-450-x-203-cm-komfortpaket-inklusive","status":"publish","type":"product","link":"https:\/\/sagrinex.com\/de\/produit\/lider-autotransportanhaenger-zulaessiges-gesamtgewicht-2-700-kg-450-x-203-cm-komfortpaket-inklusive\/","title":{"rendered":"Lider Autotransportanh\u00e4nger \u2013 Zul\u00e4ssiges Gesamtgewicht 2.700 Kg \u2013 450 X 203 Cm \u2013 Komfortpaket Inklusive"},"content":{"rendered":"<h4 data-start=\"525\" data-end=\"563\"><strong data-start=\"530\" data-end=\"563\">Technische Eigenschaften :<\/strong><\/h4>\n<ul>\n<li data-start=\"567\" data-end=\"587\"><strong data-start=\"567\" data-end=\"575\">PTAC<\/strong> : 2700 kg<\/li>\n<li data-start=\"590\" data-end=\"618\"><strong data-start=\"590\" data-end=\"606\">Nutzlast<\/strong> : 2060 kg<\/li>\n<li data-start=\"621\" data-end=\"648\"><strong data-start=\"621\" data-end=\"637\">Eigengewicht<\/strong> : 640 kg<\/li>\n<li data-start=\"651\" data-end=\"700\"><strong data-start=\"651\" data-end=\"683\">Nutzbare Plattformdimensionen<\/strong> : 450 x 203 cm<\/li>\n<li data-start=\"703\" data-end=\"729\"><strong data-start=\"703\" data-end=\"723\">Achsenzahl<\/strong> : 2<\/li>\n<li data-start=\"732\" data-end=\"767\"><strong data-start=\"732\" data-end=\"755\">Achsenkapazit\u00e4t<\/strong> : 1350 kg<\/li>\n<li data-start=\"770\" data-end=\"792\"><strong data-start=\"770\" data-end=\"779\">Reifen<\/strong> : 165 R13C<\/li>\n<li data-start=\"795\" data-end=\"820\"><strong data-start=\"795\" data-end=\"803\">Zustand<\/strong> : Neuware<\/li>\n<\/ul>\n<hr data-start=\"822\" data-end=\"825\" \/>\n<h4 data-start=\"827\" data-end=\"857\"><strong data-start=\"832\" data-end=\"857\">Serienausstattung :<\/strong><\/h4>\n<ul>\n<li data-start=\"861\" data-end=\"905\"><strong data-start=\"861\" data-end=\"903\">Verzinkter mechanisch geschwei\u00dfter Rahmen<\/strong><\/li>\n<li data-start=\"908\" data-end=\"947\"><strong data-start=\"908\" data-end=\"945\">Winde auf abnehmbarer Halterung montiert<\/strong><\/li>\n<li data-start=\"950\" data-end=\"985\"><strong data-start=\"950\" data-end=\"983\">Automatische St\u00fctzrolle 60 mm<\/strong><\/li>\n<li data-start=\"988\" data-end=\"1037\"><strong data-start=\"988\" data-end=\"1035\">2 Stahlrampen mit Ladeb\u00f6cken<\/strong><\/li>\n<li data-start=\"1040\" data-end=\"1061\"><strong data-start=\"1040\" data-end=\"1059\">2 Radkeile<\/strong><\/li>\n<li data-start=\"1064\" data-end=\"1078\"><strong data-start=\"1064\" data-end=\"1076\">LED-Leuchten<\/strong><\/li>\n<li data-start=\"1081\" data-end=\"1158\"><strong data-start=\"1081\" data-end=\"1103\">R\u00e4der unter dem Rahmen<\/strong> : bessere Stabilit\u00e4t und reduzierte Ladh\u00f6he<\/li>\n<\/ul>\n<hr data-start=\"1160\" data-end=\"1163\" \/>\n<h4 data-start=\"1165\" data-end=\"1243\"><strong data-start=\"1170\" data-end=\"1243\">Komfortpaket inbegriffen :<\/strong><\/h4>\n<ul>\n<li data-start=\"1247\" data-end=\"1281\"><strong data-start=\"1247\" data-end=\"1279\">Ersatzrad mit Halterung<\/strong><\/li>\n<li data-start=\"1284\" data-end=\"1307\"><strong data-start=\"1284\" data-end=\"1305\">2 Radgurte<\/strong><\/li>\n<li data-start=\"1310\" data-end=\"1333\"><strong data-start=\"1310\" data-end=\"1331\">Universal-Diebstahlsicherung<\/strong><\/li>\n<\/ul>\n","protected":false},"excerpt":{"rendered":"<p>Dieser Autotransportanh\u00e4nger <strong data-start=\"321\" data-end=\"330\">wurde f\u00fcr den intensiven und professionellen Einsatz entwickelt LIDER<\/strong> vereint Robustheit, Sicherheit und Praktikabilit\u00e4t. Mit seinen R\u00e4dern unter dem Fahrgestell, seiner ger\u00e4umigen Plattform und seinem kompletten Zubeh\u00f6rpaket ist er ideal f\u00fcr den Transport aller Arten von Fahrzeugen.<\/p>\n","protected":false},"featured_media":10340,"comment_status":"open","ping_status":"closed","template":"","meta":[],"product_brand":[],"product_cat":[359,358,352],"product_tag":[],"class_list":{"0":"post-17384","1":"product","2":"type-product","3":"status-publish","4":"has-post-thumbnail","6":"product_cat-autotransportanhaenger","7":"product_cat-anhaenger-fuer-den-schwermaschinentransport","8":"product_cat-unsere-trailer","10":"first","11":"instock","12":"shipping-taxable","13":"purchasable","14":"product-type-simple"},"yoast_head":"<!-- This site is optimized with the Yoast SEO plugin v27.5 - https:\/\/yoast.com\/product\/yoast-seo-wordpress\/ -->\n<title>Lider Autotransportanh\u00e4nger \u2013 Zul\u00e4ssiges Gesamtgewicht 2.700 Kg \u2013 450 X 203 Cm \u2013 Komfortpaket Inklusive - Sagrinex \u2013 Anhaenger, Container &amp; Landtechnik \ud83c\udf3e\ud83d\ude9c<\/title>\n<meta name=\"robots\" content=\"index, follow, max-snippet:-1, max-image-preview:large, max-video-preview:-1\" \/>\n<link rel=\"canonical\" href=\"https:\/\/sagrinex.com\/produit\/lider-autotransportanhaenger-zulaessiges-gesamtgewicht-2-700-kg-450-x-203-cm-komfortpaket-inklusive\/?lang=de\" \/>\n<meta property=\"og:locale\" content=\"de_DE\" \/>\n<meta property=\"og:type\" content=\"article\" \/>\n<meta property=\"og:title\" content=\"Lider Autotransportanh\u00e4nger \u2013 Zul\u00e4ssiges Gesamtgewicht 2.700 Kg \u2013 450 X 203 Cm \u2013 Komfortpaket Inklusive - Sagrinex \u2013 Anhaenger, Container &amp; Landtechnik \ud83c\udf3e\ud83d\ude9c\" \/>\n<meta property=\"og:description\" content=\"Dieser Autotransportanh\u00e4nger wurde f\u00fcr den intensiven und professionellen Einsatz entwickelt LIDER vereint Robustheit, Sicherheit und Praktikabilit\u00e4t. Mit seinen R\u00e4dern unter dem Fahrgestell, seiner ger\u00e4umigen Plattform und seinem kompletten Zubeh\u00f6rpaket ist er ideal f\u00fcr den Transport aller Arten von Fahrzeugen.\" \/>\n<meta property=\"og:url\" content=\"https:\/\/sagrinex.com\/produit\/lider-autotransportanhaenger-zulaessiges-gesamtgewicht-2-700-kg-450-x-203-cm-komfortpaket-inklusive\/?lang=de\" \/>\n<meta property=\"og:site_name\" content=\"Sagrinex \u2013 Anhaenger, Container &amp; Landtechnik \ud83c\udf3e\ud83d\ude9c\" \/>\n<meta property=\"article:modified_time\" content=\"2026-04-15T21:12:32+00:00\" \/>\n<meta property=\"og:image\" content=\"https:\/\/sagrinex.com\/wp-content\/uploads\/2026\/03\/Image-466.jpeg\" \/>\n\t<meta property=\"og:image:width\" content=\"800\" \/>\n\t<meta property=\"og:image:height\" content=\"800\" \/>\n\t<meta property=\"og:image:type\" content=\"image\/jpeg\" \/>\n<meta name=\"twitter:card\" content=\"summary_large_image\" \/>\n<script type=\"application\/ld+json\" class=\"yoast-schema-graph\">{\"@context\":\"https:\\\/\\\/schema.org\",\"@graph\":[{\"@type\":\"WebPage\",\"@id\":\"https:\\\/\\\/sagrinex.com\\\/produit\\\/lider-autotransportanhaenger-zulaessiges-gesamtgewicht-2-700-kg-450-x-203-cm-komfortpaket-inklusive\\\/?lang=de\",\"url\":\"https:\\\/\\\/sagrinex.com\\\/produit\\\/lider-autotransportanhaenger-zulaessiges-gesamtgewicht-2-700-kg-450-x-203-cm-komfortpaket-inklusive\\\/?lang=de\",\"name\":\"Lider Autotransportanh\u00e4nger \u2013 Zul\u00e4ssiges Gesamtgewicht 2.700 Kg \u2013 450 X 203 Cm \u2013 Komfortpaket Inklusive - Sagrinex \u2013 Anhaenger, Container &amp; Landtechnik \ud83c\udf3e\ud83d\ude9c\",\"isPartOf\":{\"@id\":\"https:\\\/\\\/sagrinex.com\\\/#website\"},\"primaryImageOfPage\":{\"@id\":\"https:\\\/\\\/sagrinex.com\\\/produit\\\/lider-autotransportanhaenger-zulaessiges-gesamtgewicht-2-700-kg-450-x-203-cm-komfortpaket-inklusive\\\/?lang=de#primaryimage\"},\"image\":{\"@id\":\"https:\\\/\\\/sagrinex.com\\\/produit\\\/lider-autotransportanhaenger-zulaessiges-gesamtgewicht-2-700-kg-450-x-203-cm-komfortpaket-inklusive\\\/?lang=de#primaryimage\"},\"thumbnailUrl\":\"https:\\\/\\\/sagrinex.com\\\/wp-content\\\/uploads\\\/2026\\\/03\\\/Image-466.jpeg\",\"datePublished\":\"2026-04-15T17:55:05+00:00\",\"dateModified\":\"2026-04-15T21:12:32+00:00\",\"breadcrumb\":{\"@id\":\"https:\\\/\\\/sagrinex.com\\\/produit\\\/lider-autotransportanhaenger-zulaessiges-gesamtgewicht-2-700-kg-450-x-203-cm-komfortpaket-inklusive\\\/?lang=de#breadcrumb\"},\"inLanguage\":\"de\",\"potentialAction\":[{\"@type\":\"ReadAction\",\"target\":[\"https:\\\/\\\/sagrinex.com\\\/produit\\\/lider-autotransportanhaenger-zulaessiges-gesamtgewicht-2-700-kg-450-x-203-cm-komfortpaket-inklusive\\\/?lang=de\"]}]},{\"@type\":\"ImageObject\",\"inLanguage\":\"de\",\"@id\":\"https:\\\/\\\/sagrinex.com\\\/produit\\\/lider-autotransportanhaenger-zulaessiges-gesamtgewicht-2-700-kg-450-x-203-cm-komfortpaket-inklusive\\\/?lang=de#primaryimage\",\"url\":\"https:\\\/\\\/sagrinex.com\\\/wp-content\\\/uploads\\\/2026\\\/03\\\/Image-466.jpeg\",\"contentUrl\":\"https:\\\/\\\/sagrinex.com\\\/wp-content\\\/uploads\\\/2026\\\/03\\\/Image-466.jpeg\",\"width\":800,\"height\":800},{\"@type\":\"BreadcrumbList\",\"@id\":\"https:\\\/\\\/sagrinex.com\\\/produit\\\/lider-autotransportanhaenger-zulaessiges-gesamtgewicht-2-700-kg-450-x-203-cm-komfortpaket-inklusive\\\/?lang=de#breadcrumb\",\"itemListElement\":[{\"@type\":\"ListItem\",\"position\":1,\"name\":\"Accueil\",\"item\":\"https:\\\/\\\/sagrinex.com\\\/?lang=de\"},{\"@type\":\"ListItem\",\"position\":2,\"name\":\"Shop\",\"item\":\"https:\\\/\\\/sagrinex.com\\\/shop\\\/\"},{\"@type\":\"ListItem\",\"position\":3,\"name\":\"Lider Autotransportanh\u00e4nger \u2013 Zul\u00e4ssiges Gesamtgewicht 2.700 Kg \u2013 450 X 203 Cm \u2013 Komfortpaket Inklusive\"}]},{\"@type\":\"WebSite\",\"@id\":\"https:\\\/\\\/sagrinex.com\\\/#website\",\"url\":\"https:\\\/\\\/sagrinex.com\\\/\",\"name\":\"Sagrinex \u2013 Spezialist f\u00fcr Anh\u00e4nger, Container & Landtechnik\",\"description\":\"Anhaenger, Container &amp; Landtechnik \u2014 Online-Verkauf &amp; kostenloses Angebot\",\"publisher\":{\"@id\":\"https:\\\/\\\/sagrinex.com\\\/#organization\"},\"potentialAction\":[{\"@type\":\"SearchAction\",\"target\":{\"@type\":\"EntryPoint\",\"urlTemplate\":\"https:\\\/\\\/sagrinex.com\\\/?s={search_term_string}\"},\"query-input\":{\"@type\":\"PropertyValueSpecification\",\"valueRequired\":true,\"valueName\":\"search_term_string\"}}],\"inLanguage\":\"de\"},{\"@type\":\"Organization\",\"@id\":\"https:\\\/\\\/sagrinex.com\\\/#organization\",\"name\":\"Sagrinex \u2013 Remorques, Conteneurs & Mat\u00e9riel Agricole\",\"url\":\"https:\\\/\\\/sagrinex.com\\\/\",\"logo\":{\"@type\":\"ImageObject\",\"inLanguage\":\"de\",\"@id\":\"https:\\\/\\\/sagrinex.com\\\/#\\\/schema\\\/logo\\\/image\\\/\",\"url\":\"https:\\\/\\\/sagrinex.com\\\/wp-content\\\/uploads\\\/2026\\\/03\\\/7f1ac463-ef5a-425d-bdd6-a5da03a334a9-1024x683.png\",\"contentUrl\":\"https:\\\/\\\/sagrinex.com\\\/wp-content\\\/uploads\\\/2026\\\/03\\\/7f1ac463-ef5a-425d-bdd6-a5da03a334a9-1024x683.png\",\"width\":1024,\"height\":683,\"caption\":\"Sagrinex \u2013 Remorques, Conteneurs & Mat\u00e9riel Agricole\"},\"image\":{\"@id\":\"https:\\\/\\\/sagrinex.com\\\/#\\\/schema\\\/logo\\\/image\\\/\"}}]}<\/script>\n<!-- \/ Yoast SEO plugin. -->","yoast_head_json":{"title":"Lider Autotransportanh\u00e4nger \u2013 Zul\u00e4ssiges Gesamtgewicht 2.700 Kg \u2013 450 X 203 Cm \u2013 Komfortpaket Inklusive - Sagrinex \u2013 Anhaenger, Container &amp; Landtechnik \ud83c\udf3e\ud83d\ude9c","robots":{"index":"index","follow":"follow","max-snippet":"max-snippet:-1","max-image-preview":"max-image-preview:large","max-video-preview":"max-video-preview:-1"},"canonical":"https:\/\/sagrinex.com\/produit\/lider-autotransportanhaenger-zulaessiges-gesamtgewicht-2-700-kg-450-x-203-cm-komfortpaket-inklusive\/?lang=de","og_locale":"de_DE","og_type":"article","og_title":"Lider Autotransportanh\u00e4nger \u2013 Zul\u00e4ssiges Gesamtgewicht 2.700 Kg \u2013 450 X 203 Cm \u2013 Komfortpaket Inklusive - Sagrinex \u2013 Anhaenger, Container &amp; Landtechnik \ud83c\udf3e\ud83d\ude9c","og_description":"Dieser Autotransportanh\u00e4nger wurde f\u00fcr den intensiven und professionellen Einsatz entwickelt LIDER vereint Robustheit, Sicherheit und Praktikabilit\u00e4t. Mit seinen R\u00e4dern unter dem Fahrgestell, seiner ger\u00e4umigen Plattform und seinem kompletten Zubeh\u00f6rpaket ist er ideal f\u00fcr den Transport aller Arten von Fahrzeugen.","og_url":"https:\/\/sagrinex.com\/produit\/lider-autotransportanhaenger-zulaessiges-gesamtgewicht-2-700-kg-450-x-203-cm-komfortpaket-inklusive\/?lang=de","og_site_name":"Sagrinex \u2013 Anhaenger, Container &amp; Landtechnik \ud83c\udf3e\ud83d\ude9c","article_modified_time":"2026-04-15T21:12:32+00:00","og_image":[{"width":800,"height":800,"url":"https:\/\/sagrinex.com\/wp-content\/uploads\/2026\/03\/Image-466.jpeg","type":"image\/jpeg"}],"twitter_card":"summary_large_image","schema":{"@context":"https:\/\/schema.org","@graph":[{"@type":"WebPage","@id":"https:\/\/sagrinex.com\/produit\/lider-autotransportanhaenger-zulaessiges-gesamtgewicht-2-700-kg-450-x-203-cm-komfortpaket-inklusive\/?lang=de","url":"https:\/\/sagrinex.com\/produit\/lider-autotransportanhaenger-zulaessiges-gesamtgewicht-2-700-kg-450-x-203-cm-komfortpaket-inklusive\/?lang=de","name":"Lider Autotransportanh\u00e4nger \u2013 Zul\u00e4ssiges Gesamtgewicht 2.700 Kg \u2013 450 X 203 Cm \u2013 Komfortpaket Inklusive - Sagrinex \u2013 Anhaenger, Container &amp; Landtechnik \ud83c\udf3e\ud83d\ude9c","isPartOf":{"@id":"https:\/\/sagrinex.com\/#website"},"primaryImageOfPage":{"@id":"https:\/\/sagrinex.com\/produit\/lider-autotransportanhaenger-zulaessiges-gesamtgewicht-2-700-kg-450-x-203-cm-komfortpaket-inklusive\/?lang=de#primaryimage"},"image":{"@id":"https:\/\/sagrinex.com\/produit\/lider-autotransportanhaenger-zulaessiges-gesamtgewicht-2-700-kg-450-x-203-cm-komfortpaket-inklusive\/?lang=de#primaryimage"},"thumbnailUrl":"https:\/\/sagrinex.com\/wp-content\/uploads\/2026\/03\/Image-466.jpeg","datePublished":"2026-04-15T17:55:05+00:00","dateModified":"2026-04-15T21:12:32+00:00","breadcrumb":{"@id":"https:\/\/sagrinex.com\/produit\/lider-autotransportanhaenger-zulaessiges-gesamtgewicht-2-700-kg-450-x-203-cm-komfortpaket-inklusive\/?lang=de#breadcrumb"},"inLanguage":"de","potentialAction":[{"@type":"ReadAction","target":["https:\/\/sagrinex.com\/produit\/lider-autotransportanhaenger-zulaessiges-gesamtgewicht-2-700-kg-450-x-203-cm-komfortpaket-inklusive\/?lang=de"]}]},{"@type":"ImageObject","inLanguage":"de","@id":"https:\/\/sagrinex.com\/produit\/lider-autotransportanhaenger-zulaessiges-gesamtgewicht-2-700-kg-450-x-203-cm-komfortpaket-inklusive\/?lang=de#primaryimage","url":"https:\/\/sagrinex.com\/wp-content\/uploads\/2026\/03\/Image-466.jpeg","contentUrl":"https:\/\/sagrinex.com\/wp-content\/uploads\/2026\/03\/Image-466.jpeg","width":800,"height":800},{"@type":"BreadcrumbList","@id":"https:\/\/sagrinex.com\/produit\/lider-autotransportanhaenger-zulaessiges-gesamtgewicht-2-700-kg-450-x-203-cm-komfortpaket-inklusive\/?lang=de#breadcrumb","itemListElement":[{"@type":"ListItem","position":1,"name":"Accueil","item":"https:\/\/sagrinex.com\/?lang=de"},{"@type":"ListItem","position":2,"name":"Shop","item":"https:\/\/sagrinex.com\/shop\/"},{"@type":"ListItem","position":3,"name":"Lider Autotransportanh\u00e4nger \u2013 Zul\u00e4ssiges Gesamtgewicht 2.700 Kg \u2013 450 X 203 Cm \u2013 Komfortpaket Inklusive"}]},{"@type":"WebSite","@id":"https:\/\/sagrinex.com\/#website","url":"https:\/\/sagrinex.com\/","name":"Sagrinex \u2013 Spezialist f\u00fcr Anh\u00e4nger, Container & Landtechnik","description":"Anhaenger, Container &amp; Landtechnik \u2014 Online-Verkauf &amp; kostenloses Angebot","publisher":{"@id":"https:\/\/sagrinex.com\/#organization"},"potentialAction":[{"@type":"SearchAction","target":{"@type":"EntryPoint","urlTemplate":"https:\/\/sagrinex.com\/?s={search_term_string}"},"query-input":{"@type":"PropertyValueSpecification","valueRequired":true,"valueName":"search_term_string"}}],"inLanguage":"de"},{"@type":"Organization","@id":"https:\/\/sagrinex.com\/#organization","name":"Sagrinex \u2013 Remorques, Conteneurs & Mat\u00e9riel Agricole","url":"https:\/\/sagrinex.com\/","logo":{"@type":"ImageObject","inLanguage":"de","@id":"https:\/\/sagrinex.com\/#\/schema\/logo\/image\/","url":"https:\/\/sagrinex.com\/wp-content\/uploads\/2026\/03\/7f1ac463-ef5a-425d-bdd6-a5da03a334a9-1024x683.png","contentUrl":"https:\/\/sagrinex.com\/wp-content\/uploads\/2026\/03\/7f1ac463-ef5a-425d-bdd6-a5da03a334a9-1024x683.png","width":1024,"height":683,"caption":"Sagrinex \u2013 Remorques, Conteneurs & Mat\u00e9riel Agricole"},"image":{"@id":"https:\/\/sagrinex.com\/#\/schema\/logo\/image\/"}}]}},"jetpack_sharing_enabled":true,"_links":{"self":[{"href":"https:\/\/sagrinex.com\/de\/wp-json\/wp\/v2\/product\/17384","targetHints":{"allow":["GET"]}}],"collection":[{"href":"https:\/\/sagrinex.com\/de\/wp-json\/wp\/v2\/product"}],"about":[{"href":"https:\/\/sagrinex.com\/de\/wp-json\/wp\/v2\/types\/product"}],"replies":[{"embeddable":true,"href":"https:\/\/sagrinex.com\/de\/wp-json\/wp\/v2\/comments?post=17384"}],"version-history":[{"count":0,"href":"https:\/\/sagrinex.com\/de\/wp-json\/wp\/v2\/product\/17384\/revisions"}],"wp:featuredmedia":[{"embeddable":true,"href":"https:\/\/sagrinex.com\/de\/wp-json\/wp\/v2\/media\/10340"}],"wp:attachment":[{"href":"https:\/\/sagrinex.com\/de\/wp-json\/wp\/v2\/media?parent=17384"}],"wp:term":[{"taxonomy":"product_brand","embeddable":true,"href":"https:\/\/sagrinex.com\/de\/wp-json\/wp\/v2\/product_brand?post=17384"},{"taxonomy":"product_cat","embeddable":true,"href":"https:\/\/sagrinex.com\/de\/wp-json\/wp\/v2\/product_cat?post=17384"},{"taxonomy":"product_tag","embeddable":true,"href":"https:\/\/sagrinex.com\/de\/wp-json\/wp\/v2\/product_tag?post=17384"}],"curies":[{"name":"wp","href":"https:\/\/api.w.org\/{rel}","templated":true}]}}