{"id":17387,"date":"2026-04-15T17:56:03","date_gmt":"2026-04-15T17:56:03","guid":{"rendered":"https:\/\/sagrinex.com\/produit\/boro-jupiter-nb-4527-fahrzeugtransportanhaenger-450-x-200-cm-zulaessiges-gesamtgewicht-2700-kg\/"},"modified":"2026-04-15T21:12:34","modified_gmt":"2026-04-15T21:12:34","slug":"boro-jupiter-nb-4527-fahrzeugtransportanhaenger-450-x-200-cm-zulaessiges-gesamtgewicht-2700-kg","status":"publish","type":"product","link":"https:\/\/sagrinex.com\/de\/produit\/boro-jupiter-nb-4527-fahrzeugtransportanhaenger-450-x-200-cm-zulaessiges-gesamtgewicht-2700-kg\/","title":{"rendered":"Boro Jupiter Nb 4527 Fahrzeugtransportanh\u00e4nger \u2013 450 X 200 Cm \u2013 Zul\u00e4ssiges Gesamtgewicht 2700 Kg"},"content":{"rendered":"<h4 data-start=\"491\" data-end=\"530\"><strong data-start=\"496\" data-end=\"530\">Hauptmerkmale :<\/strong><\/h4>\n<ul>\n<li data-start=\"534\" data-end=\"554\"><strong data-start=\"534\" data-end=\"542\">PTAC<\/strong> : 2700 kg<\/li>\n<li data-start=\"557\" data-end=\"605\"><strong data-start=\"557\" data-end=\"568\">Achsen<\/strong> : 2 x 1350 kg, mit Tr\u00e4gheitsbremse gebremst<\/li>\n<li data-start=\"608\" data-end=\"659\"><strong data-start=\"608\" data-end=\"640\">Nutzbare Plattformdimensionen<\/strong> : 4500 x 2000 mm<\/li>\n<li data-start=\"662\" data-end=\"719\"><strong data-start=\"662\" data-end=\"671\">R\u00e4der<\/strong> : 195\/50 R13C, unter dem Fahrgestell montiert (4 R\u00e4der)<\/li>\n<li data-start=\"722\" data-end=\"754\"><strong data-start=\"722\" data-end=\"734\">Kupplung<\/strong> : mit Kugel \u00d8 50 mm<\/li>\n<li data-start=\"757\" data-end=\"815\"><strong data-start=\"757\" data-end=\"768\">Fahrgestell<\/strong> : mechanisch verschwei\u00dfte L\u00e4ngtr\u00e4ger, feuerverzinkt<\/li>\n<li data-start=\"818\" data-end=\"876\"><strong data-start=\"818\" data-end=\"833\">V-Deichsel<\/strong> f\u00fcr bessere Stabilit\u00e4t beim Ziehen<\/li>\n<li data-start=\"879\" data-end=\"922\"><strong data-start=\"879\" data-end=\"920\">Feste Plattform mit geneigtem Heck<\/strong><\/li>\n<li data-start=\"925\" data-end=\"960\"><strong data-start=\"925\" data-end=\"958\">Laderampen im Lieferumfang enthalten<\/strong><\/li>\n<li data-start=\"963\" data-end=\"1055\"><strong data-start=\"963\" data-end=\"989\">2 Laufschienen<\/strong> aus perforiertem Blech f\u00fcr besseren Halt von Gurten oder Keilen<\/li>\n<li data-start=\"1058\" data-end=\"1081\"><strong data-start=\"1058\" data-end=\"1079\">Vorderes St\u00fctzrad<\/strong><\/li>\n<li data-start=\"1084\" data-end=\"1125\"><strong data-start=\"1084\" data-end=\"1123\">Beleuchtung 12V mit 13-poligem Stecker<\/strong><\/li>\n<li data-start=\"1128\" data-end=\"1188\"><strong data-start=\"1128\" data-end=\"1144\">Zulassung<\/strong> : europ\u00e4isches \u00dcbereinstimmungszertifikat (COC)<\/li>\n<\/ul>\n<hr data-start=\"1190\" data-end=\"1193\" \/>\n<h4 data-start=\"1195\" data-end=\"1225\"><strong data-start=\"1200\" data-end=\"1225\">Kostenlos mitgeliefertes Zubeh\u00f6r :<\/strong><\/h4>\n<ul>\n<li data-start=\"1229\" data-end=\"1244\">Handwinde<\/li>\n<li data-start=\"1247\" data-end=\"1281\">Ersatzrad mit Halterung<\/li>\n<li data-start=\"1284\" data-end=\"1298\">Radkeil<\/li>\n<\/ul>\n<hr data-start=\"1300\" data-end=\"1303\" \/>\n<h4 data-start=\"1305\" data-end=\"1335\"><strong data-start=\"1310\" data-end=\"1335\">Verf\u00fcgbare Optionen :<\/strong><\/h4>\n<ul>\n<li data-start=\"1339\" data-end=\"1348\">Diebstahlsicherung<\/li>\n<li data-start=\"1351\" data-end=\"1368\">Radgurte<\/li>\n<\/ul>\n<hr data-start=\"1370\" data-end=\"1373\" \/>\n<h4 data-start=\"1375\" data-end=\"1401\"><strong data-start=\"1380\" data-end=\"1401\">Inbegriffene Dienstleistungen :<\/strong><\/h4>\n<ul>\n<li data-start=\"1405\" data-end=\"1432\"><strong data-start=\"1405\" data-end=\"1430\">Herstellergarantie<\/strong><\/li>\n<li data-start=\"1435\" data-end=\"1460\"><strong data-start=\"1435\" data-end=\"1458\">Kundendienst<\/strong><\/li>\n<li data-start=\"1463\" data-end=\"1489\"><strong data-start=\"1463\" data-end=\"1487\">Reparaturen gew\u00e4hrleistet<\/strong><\/li>\n<li data-start=\"1492\" data-end=\"1526\"><strong data-start=\"1492\" data-end=\"1524\">Ersatzteile verf\u00fcgbar<\/strong><\/li>\n<li data-start=\"1529\" data-end=\"1551\"><strong data-start=\"1529\" data-end=\"1551\">Unterst\u00fctzung inbegriffen<\/strong><\/li>\n<\/ul>\n","protected":false},"excerpt":{"rendered":"<p>Der Trailer <strong data-start=\"254\" data-end=\"270\">BORO JUPITER<\/strong> ist f\u00fcr den sicheren Transport schwerer Fahrzeuge konzipiert und verf\u00fcgt \u00fcber eine verst\u00e4rkte Struktur, eine feste geneigte Plattform und eine hervorragende Standardausr\u00fcstung. Es kombiniert <strong data-start=\"435\" data-end=\"483\">Solidit\u00e4t, Praktikabilit\u00e4t und europ\u00e4ische Konformit\u00e4t<\/strong>.<\/p>\n","protected":false},"featured_media":10330,"comment_status":"open","ping_status":"closed","template":"","meta":[],"product_brand":[],"product_cat":[359,358,352],"product_tag":[],"class_list":{"0":"post-17387","1":"product","2":"type-product","3":"status-publish","4":"has-post-thumbnail","6":"product_cat-autotransportanhaenger","7":"product_cat-anhaenger-fuer-den-schwermaschinentransport","8":"product_cat-unsere-trailer","10":"first","11":"instock","12":"shipping-taxable","13":"purchasable","14":"product-type-simple"},"yoast_head":"<!-- This site is optimized with the Yoast SEO plugin v27.5 - https:\/\/yoast.com\/product\/yoast-seo-wordpress\/ -->\n<title>Boro Jupiter Nb 4527 Fahrzeugtransportanh\u00e4nger \u2013 450 X 200 Cm \u2013 Zul\u00e4ssiges Gesamtgewicht 2700 Kg - Sagrinex \u2013 Anhaenger, Container &amp; Landtechnik \ud83c\udf3e\ud83d\ude9c<\/title>\n<meta name=\"robots\" content=\"index, follow, max-snippet:-1, max-image-preview:large, max-video-preview:-1\" \/>\n<link rel=\"canonical\" href=\"https:\/\/sagrinex.com\/produit\/boro-jupiter-nb-4527-fahrzeugtransportanhaenger-450-x-200-cm-zulaessiges-gesamtgewicht-2700-kg\/?lang=de\" \/>\n<meta property=\"og:locale\" content=\"de_DE\" \/>\n<meta property=\"og:type\" content=\"article\" \/>\n<meta property=\"og:title\" content=\"Boro Jupiter Nb 4527 Fahrzeugtransportanh\u00e4nger \u2013 450 X 200 Cm \u2013 Zul\u00e4ssiges Gesamtgewicht 2700 Kg - Sagrinex \u2013 Anhaenger, Container &amp; Landtechnik \ud83c\udf3e\ud83d\ude9c\" \/>\n<meta property=\"og:description\" content=\"Der Trailer BORO JUPITER ist f\u00fcr den sicheren Transport schwerer Fahrzeuge konzipiert und verf\u00fcgt \u00fcber eine verst\u00e4rkte Struktur, eine feste geneigte Plattform und eine hervorragende Standardausr\u00fcstung. Es kombiniert Solidit\u00e4t, Praktikabilit\u00e4t und europ\u00e4ische Konformit\u00e4t.\" \/>\n<meta property=\"og:url\" content=\"https:\/\/sagrinex.com\/produit\/boro-jupiter-nb-4527-fahrzeugtransportanhaenger-450-x-200-cm-zulaessiges-gesamtgewicht-2700-kg\/?lang=de\" \/>\n<meta property=\"og:site_name\" content=\"Sagrinex \u2013 Anhaenger, Container &amp; Landtechnik \ud83c\udf3e\ud83d\ude9c\" \/>\n<meta property=\"article:modified_time\" content=\"2026-04-15T21:12:34+00:00\" \/>\n<meta property=\"og:image\" content=\"https:\/\/sagrinex.com\/wp-content\/uploads\/2026\/03\/Image-460.jpeg\" \/>\n\t<meta property=\"og:image:width\" content=\"1030\" \/>\n\t<meta property=\"og:image:height\" content=\"773\" \/>\n\t<meta property=\"og:image:type\" content=\"image\/jpeg\" \/>\n<meta name=\"twitter:card\" content=\"summary_large_image\" \/>\n<meta name=\"twitter:label1\" content=\"Gesch\u00e4tzte Lesezeit\" \/>\n\t<meta name=\"twitter:data1\" content=\"1\u00a0Minute\" \/>\n<script type=\"application\/ld+json\" class=\"yoast-schema-graph\">{\"@context\":\"https:\\\/\\\/schema.org\",\"@graph\":[{\"@type\":\"WebPage\",\"@id\":\"https:\\\/\\\/sagrinex.com\\\/produit\\\/boro-jupiter-nb-4527-fahrzeugtransportanhaenger-450-x-200-cm-zulaessiges-gesamtgewicht-2700-kg\\\/?lang=de\",\"url\":\"https:\\\/\\\/sagrinex.com\\\/produit\\\/boro-jupiter-nb-4527-fahrzeugtransportanhaenger-450-x-200-cm-zulaessiges-gesamtgewicht-2700-kg\\\/?lang=de\",\"name\":\"Boro Jupiter Nb 4527 Fahrzeugtransportanh\u00e4nger \u2013 450 X 200 Cm \u2013 Zul\u00e4ssiges Gesamtgewicht 2700 Kg - Sagrinex \u2013 Anhaenger, Container &amp; Landtechnik \ud83c\udf3e\ud83d\ude9c\",\"isPartOf\":{\"@id\":\"https:\\\/\\\/sagrinex.com\\\/#website\"},\"primaryImageOfPage\":{\"@id\":\"https:\\\/\\\/sagrinex.com\\\/produit\\\/boro-jupiter-nb-4527-fahrzeugtransportanhaenger-450-x-200-cm-zulaessiges-gesamtgewicht-2700-kg\\\/?lang=de#primaryimage\"},\"image\":{\"@id\":\"https:\\\/\\\/sagrinex.com\\\/produit\\\/boro-jupiter-nb-4527-fahrzeugtransportanhaenger-450-x-200-cm-zulaessiges-gesamtgewicht-2700-kg\\\/?lang=de#primaryimage\"},\"thumbnailUrl\":\"https:\\\/\\\/sagrinex.com\\\/wp-content\\\/uploads\\\/2026\\\/03\\\/Image-460.jpeg\",\"datePublished\":\"2026-04-15T17:56:03+00:00\",\"dateModified\":\"2026-04-15T21:12:34+00:00\",\"breadcrumb\":{\"@id\":\"https:\\\/\\\/sagrinex.com\\\/produit\\\/boro-jupiter-nb-4527-fahrzeugtransportanhaenger-450-x-200-cm-zulaessiges-gesamtgewicht-2700-kg\\\/?lang=de#breadcrumb\"},\"inLanguage\":\"de\",\"potentialAction\":[{\"@type\":\"ReadAction\",\"target\":[\"https:\\\/\\\/sagrinex.com\\\/produit\\\/boro-jupiter-nb-4527-fahrzeugtransportanhaenger-450-x-200-cm-zulaessiges-gesamtgewicht-2700-kg\\\/?lang=de\"]}]},{\"@type\":\"ImageObject\",\"inLanguage\":\"de\",\"@id\":\"https:\\\/\\\/sagrinex.com\\\/produit\\\/boro-jupiter-nb-4527-fahrzeugtransportanhaenger-450-x-200-cm-zulaessiges-gesamtgewicht-2700-kg\\\/?lang=de#primaryimage\",\"url\":\"https:\\\/\\\/sagrinex.com\\\/wp-content\\\/uploads\\\/2026\\\/03\\\/Image-460.jpeg\",\"contentUrl\":\"https:\\\/\\\/sagrinex.com\\\/wp-content\\\/uploads\\\/2026\\\/03\\\/Image-460.jpeg\",\"width\":1030,\"height\":773},{\"@type\":\"BreadcrumbList\",\"@id\":\"https:\\\/\\\/sagrinex.com\\\/produit\\\/boro-jupiter-nb-4527-fahrzeugtransportanhaenger-450-x-200-cm-zulaessiges-gesamtgewicht-2700-kg\\\/?lang=de#breadcrumb\",\"itemListElement\":[{\"@type\":\"ListItem\",\"position\":1,\"name\":\"Accueil\",\"item\":\"https:\\\/\\\/sagrinex.com\\\/?lang=de\"},{\"@type\":\"ListItem\",\"position\":2,\"name\":\"Shop\",\"item\":\"https:\\\/\\\/sagrinex.com\\\/shop\\\/\"},{\"@type\":\"ListItem\",\"position\":3,\"name\":\"Boro Jupiter Nb 4527 Fahrzeugtransportanh\u00e4nger \u2013 450 X 200 Cm \u2013 Zul\u00e4ssiges Gesamtgewicht 2700 Kg\"}]},{\"@type\":\"WebSite\",\"@id\":\"https:\\\/\\\/sagrinex.com\\\/#website\",\"url\":\"https:\\\/\\\/sagrinex.com\\\/\",\"name\":\"Sagrinex \u2013 Spezialist f\u00fcr Anh\u00e4nger, Container & Landtechnik\",\"description\":\"Anhaenger, Container &amp; Landtechnik \u2014 Online-Verkauf &amp; kostenloses Angebot\",\"publisher\":{\"@id\":\"https:\\\/\\\/sagrinex.com\\\/#organization\"},\"potentialAction\":[{\"@type\":\"SearchAction\",\"target\":{\"@type\":\"EntryPoint\",\"urlTemplate\":\"https:\\\/\\\/sagrinex.com\\\/?s={search_term_string}\"},\"query-input\":{\"@type\":\"PropertyValueSpecification\",\"valueRequired\":true,\"valueName\":\"search_term_string\"}}],\"inLanguage\":\"de\"},{\"@type\":\"Organization\",\"@id\":\"https:\\\/\\\/sagrinex.com\\\/#organization\",\"name\":\"Sagrinex \u2013 Remorques, Conteneurs & Mat\u00e9riel Agricole\",\"url\":\"https:\\\/\\\/sagrinex.com\\\/\",\"logo\":{\"@type\":\"ImageObject\",\"inLanguage\":\"de\",\"@id\":\"https:\\\/\\\/sagrinex.com\\\/#\\\/schema\\\/logo\\\/image\\\/\",\"url\":\"https:\\\/\\\/sagrinex.com\\\/wp-content\\\/uploads\\\/2026\\\/03\\\/7f1ac463-ef5a-425d-bdd6-a5da03a334a9-1024x683.png\",\"contentUrl\":\"https:\\\/\\\/sagrinex.com\\\/wp-content\\\/uploads\\\/2026\\\/03\\\/7f1ac463-ef5a-425d-bdd6-a5da03a334a9-1024x683.png\",\"width\":1024,\"height\":683,\"caption\":\"Sagrinex \u2013 Remorques, Conteneurs & Mat\u00e9riel Agricole\"},\"image\":{\"@id\":\"https:\\\/\\\/sagrinex.com\\\/#\\\/schema\\\/logo\\\/image\\\/\"}}]}<\/script>\n<!-- \/ Yoast SEO plugin. -->","yoast_head_json":{"title":"Boro Jupiter Nb 4527 Fahrzeugtransportanh\u00e4nger \u2013 450 X 200 Cm \u2013 Zul\u00e4ssiges Gesamtgewicht 2700 Kg - Sagrinex \u2013 Anhaenger, Container &amp; Landtechnik \ud83c\udf3e\ud83d\ude9c","robots":{"index":"index","follow":"follow","max-snippet":"max-snippet:-1","max-image-preview":"max-image-preview:large","max-video-preview":"max-video-preview:-1"},"canonical":"https:\/\/sagrinex.com\/produit\/boro-jupiter-nb-4527-fahrzeugtransportanhaenger-450-x-200-cm-zulaessiges-gesamtgewicht-2700-kg\/?lang=de","og_locale":"de_DE","og_type":"article","og_title":"Boro Jupiter Nb 4527 Fahrzeugtransportanh\u00e4nger \u2013 450 X 200 Cm \u2013 Zul\u00e4ssiges Gesamtgewicht 2700 Kg - Sagrinex \u2013 Anhaenger, Container &amp; Landtechnik \ud83c\udf3e\ud83d\ude9c","og_description":"Der Trailer BORO JUPITER ist f\u00fcr den sicheren Transport schwerer Fahrzeuge konzipiert und verf\u00fcgt \u00fcber eine verst\u00e4rkte Struktur, eine feste geneigte Plattform und eine hervorragende Standardausr\u00fcstung. Es kombiniert Solidit\u00e4t, Praktikabilit\u00e4t und europ\u00e4ische Konformit\u00e4t.","og_url":"https:\/\/sagrinex.com\/produit\/boro-jupiter-nb-4527-fahrzeugtransportanhaenger-450-x-200-cm-zulaessiges-gesamtgewicht-2700-kg\/?lang=de","og_site_name":"Sagrinex \u2013 Anhaenger, Container &amp; Landtechnik \ud83c\udf3e\ud83d\ude9c","article_modified_time":"2026-04-15T21:12:34+00:00","og_image":[{"width":1030,"height":773,"url":"https:\/\/sagrinex.com\/wp-content\/uploads\/2026\/03\/Image-460.jpeg","type":"image\/jpeg"}],"twitter_card":"summary_large_image","twitter_misc":{"Gesch\u00e4tzte Lesezeit":"1\u00a0Minute"},"schema":{"@context":"https:\/\/schema.org","@graph":[{"@type":"WebPage","@id":"https:\/\/sagrinex.com\/produit\/boro-jupiter-nb-4527-fahrzeugtransportanhaenger-450-x-200-cm-zulaessiges-gesamtgewicht-2700-kg\/?lang=de","url":"https:\/\/sagrinex.com\/produit\/boro-jupiter-nb-4527-fahrzeugtransportanhaenger-450-x-200-cm-zulaessiges-gesamtgewicht-2700-kg\/?lang=de","name":"Boro Jupiter Nb 4527 Fahrzeugtransportanh\u00e4nger \u2013 450 X 200 Cm \u2013 Zul\u00e4ssiges Gesamtgewicht 2700 Kg - Sagrinex \u2013 Anhaenger, Container &amp; Landtechnik \ud83c\udf3e\ud83d\ude9c","isPartOf":{"@id":"https:\/\/sagrinex.com\/#website"},"primaryImageOfPage":{"@id":"https:\/\/sagrinex.com\/produit\/boro-jupiter-nb-4527-fahrzeugtransportanhaenger-450-x-200-cm-zulaessiges-gesamtgewicht-2700-kg\/?lang=de#primaryimage"},"image":{"@id":"https:\/\/sagrinex.com\/produit\/boro-jupiter-nb-4527-fahrzeugtransportanhaenger-450-x-200-cm-zulaessiges-gesamtgewicht-2700-kg\/?lang=de#primaryimage"},"thumbnailUrl":"https:\/\/sagrinex.com\/wp-content\/uploads\/2026\/03\/Image-460.jpeg","datePublished":"2026-04-15T17:56:03+00:00","dateModified":"2026-04-15T21:12:34+00:00","breadcrumb":{"@id":"https:\/\/sagrinex.com\/produit\/boro-jupiter-nb-4527-fahrzeugtransportanhaenger-450-x-200-cm-zulaessiges-gesamtgewicht-2700-kg\/?lang=de#breadcrumb"},"inLanguage":"de","potentialAction":[{"@type":"ReadAction","target":["https:\/\/sagrinex.com\/produit\/boro-jupiter-nb-4527-fahrzeugtransportanhaenger-450-x-200-cm-zulaessiges-gesamtgewicht-2700-kg\/?lang=de"]}]},{"@type":"ImageObject","inLanguage":"de","@id":"https:\/\/sagrinex.com\/produit\/boro-jupiter-nb-4527-fahrzeugtransportanhaenger-450-x-200-cm-zulaessiges-gesamtgewicht-2700-kg\/?lang=de#primaryimage","url":"https:\/\/sagrinex.com\/wp-content\/uploads\/2026\/03\/Image-460.jpeg","contentUrl":"https:\/\/sagrinex.com\/wp-content\/uploads\/2026\/03\/Image-460.jpeg","width":1030,"height":773},{"@type":"BreadcrumbList","@id":"https:\/\/sagrinex.com\/produit\/boro-jupiter-nb-4527-fahrzeugtransportanhaenger-450-x-200-cm-zulaessiges-gesamtgewicht-2700-kg\/?lang=de#breadcrumb","itemListElement":[{"@type":"ListItem","position":1,"name":"Accueil","item":"https:\/\/sagrinex.com\/?lang=de"},{"@type":"ListItem","position":2,"name":"Shop","item":"https:\/\/sagrinex.com\/shop\/"},{"@type":"ListItem","position":3,"name":"Boro Jupiter Nb 4527 Fahrzeugtransportanh\u00e4nger \u2013 450 X 200 Cm \u2013 Zul\u00e4ssiges Gesamtgewicht 2700 Kg"}]},{"@type":"WebSite","@id":"https:\/\/sagrinex.com\/#website","url":"https:\/\/sagrinex.com\/","name":"Sagrinex \u2013 Spezialist f\u00fcr Anh\u00e4nger, Container & Landtechnik","description":"Anhaenger, Container &amp; Landtechnik \u2014 Online-Verkauf &amp; kostenloses Angebot","publisher":{"@id":"https:\/\/sagrinex.com\/#organization"},"potentialAction":[{"@type":"SearchAction","target":{"@type":"EntryPoint","urlTemplate":"https:\/\/sagrinex.com\/?s={search_term_string}"},"query-input":{"@type":"PropertyValueSpecification","valueRequired":true,"valueName":"search_term_string"}}],"inLanguage":"de"},{"@type":"Organization","@id":"https:\/\/sagrinex.com\/#organization","name":"Sagrinex \u2013 Remorques, Conteneurs & Mat\u00e9riel Agricole","url":"https:\/\/sagrinex.com\/","logo":{"@type":"ImageObject","inLanguage":"de","@id":"https:\/\/sagrinex.com\/#\/schema\/logo\/image\/","url":"https:\/\/sagrinex.com\/wp-content\/uploads\/2026\/03\/7f1ac463-ef5a-425d-bdd6-a5da03a334a9-1024x683.png","contentUrl":"https:\/\/sagrinex.com\/wp-content\/uploads\/2026\/03\/7f1ac463-ef5a-425d-bdd6-a5da03a334a9-1024x683.png","width":1024,"height":683,"caption":"Sagrinex \u2013 Remorques, Conteneurs & Mat\u00e9riel Agricole"},"image":{"@id":"https:\/\/sagrinex.com\/#\/schema\/logo\/image\/"}}]}},"jetpack_sharing_enabled":true,"_links":{"self":[{"href":"https:\/\/sagrinex.com\/de\/wp-json\/wp\/v2\/product\/17387","targetHints":{"allow":["GET"]}}],"collection":[{"href":"https:\/\/sagrinex.com\/de\/wp-json\/wp\/v2\/product"}],"about":[{"href":"https:\/\/sagrinex.com\/de\/wp-json\/wp\/v2\/types\/product"}],"replies":[{"embeddable":true,"href":"https:\/\/sagrinex.com\/de\/wp-json\/wp\/v2\/comments?post=17387"}],"version-history":[{"count":0,"href":"https:\/\/sagrinex.com\/de\/wp-json\/wp\/v2\/product\/17387\/revisions"}],"wp:featuredmedia":[{"embeddable":true,"href":"https:\/\/sagrinex.com\/de\/wp-json\/wp\/v2\/media\/10330"}],"wp:attachment":[{"href":"https:\/\/sagrinex.com\/de\/wp-json\/wp\/v2\/media?parent=17387"}],"wp:term":[{"taxonomy":"product_brand","embeddable":true,"href":"https:\/\/sagrinex.com\/de\/wp-json\/wp\/v2\/product_brand?post=17387"},{"taxonomy":"product_cat","embeddable":true,"href":"https:\/\/sagrinex.com\/de\/wp-json\/wp\/v2\/product_cat?post=17387"},{"taxonomy":"product_tag","embeddable":true,"href":"https:\/\/sagrinex.com\/de\/wp-json\/wp\/v2\/product_tag?post=17387"}],"curies":[{"name":"wp","href":"https:\/\/api.w.org\/{rel}","templated":true}]}}