{"id":17388,"date":"2026-04-15T17:56:32","date_gmt":"2026-04-15T17:56:32","guid":{"rendered":"https:\/\/sagrinex.com\/produit\/twintrailer-3500-kg-352-x-192-cm-doppelfunktionskipper-maschinentraeger\/"},"modified":"2026-04-15T21:12:34","modified_gmt":"2026-04-15T21:12:34","slug":"twintrailer-3500-kg-352-x-192-cm-doppelfunktionskipper-maschinentraeger","status":"publish","type":"product","link":"https:\/\/sagrinex.com\/de\/produit\/twintrailer-3500-kg-352-x-192-cm-doppelfunktionskipper-maschinentraeger\/","title":{"rendered":"Twintrailer 3500 Kg \u2013 352 X 192 Cm \u2013 Doppelfunktionskipper + Maschinentr\u00e4ger"},"content":{"rendered":"<h3 data-start=\"644\" data-end=\"683\"><strong data-start=\"651\" data-end=\"683\">Die Vorteile des TwinTrailer<\/strong><\/h3>\n<h4 data-start=\"685\" data-end=\"718\"><strong data-start=\"693\" data-end=\"718\">Vielseitig und schnell<\/strong><\/h4>\n<ul>\n<li data-start=\"721\" data-end=\"798\">In wenigen Sekunden wechselt der TwinTrailer vom Kippermode in den Maschinentr\u00e4ger-Modus.<\/li>\n<li data-start=\"801\" data-end=\"898\">Sparen Sie t\u00e4glich kostbare Zeit ein, ohne den Anh\u00e4nger je nach Ladung wechseln zu m\u00fcssen.<\/li>\n<\/ul>\n<h4 data-start=\"900\" data-end=\"920\"><strong data-start=\"908\" data-end=\"920\">Rentabel<\/strong><\/h4>\n<ul>\n<li data-start=\"923\" data-end=\"1016\">Robuste Konstruktion mit hochwertigen Materialien f\u00fcr <strong data-start=\"986\" data-end=\"1015\">au\u00dfergew\u00f6hnliche Langlebigkeit<\/strong>.<\/li>\n<li data-start=\"1019\" data-end=\"1119\">Weniger Verschlei\u00df, weniger unn\u00f6tige Fahrten: Ihre Investition amortisiert sich <strong data-start=\"1092\" data-end=\"1118\">schnell<\/strong>.<\/li>\n<\/ul>\n<h4 data-start=\"1121\" data-end=\"1144\"><strong data-start=\"1129\" data-end=\"1144\">Sicher<\/strong><\/h4>\n<ul>\n<li data-start=\"1147\" data-end=\"1278\">Keine schweren oder instabilen Rampen mehr erforderlich: die <strong data-start=\"1195\" data-end=\"1213\">verst\u00e4rkte Heckklappe<\/strong> fungiert als stabile und einfach zu bedienende Laderampe.<\/li>\n<li data-start=\"1281\" data-end=\"1344\"><strong data-start=\"1281\" data-end=\"1300\">Durchdachtes Design<\/strong> zur Minimierung von Risiken auf Baustellen.<\/li>\n<\/ul>\n<h4 data-start=\"1346\" data-end=\"1379\"><strong data-start=\"1354\" data-end=\"1379\">Benutzerkomfort<\/strong><\/h4>\n<ul>\n<li data-start=\"1382\" data-end=\"1443\">Entwickelt, um <strong data-start=\"1394\" data-end=\"1424\">die physische Belastung<\/strong> des Benutzers zu verringern.<\/li>\n<li data-start=\"1446\" data-end=\"1520\">Optimierte Ergonomie: Jede Bewegung ist einfacher, flie\u00dfender und sicherer.<\/li>\n<\/ul>\n<hr data-start=\"1522\" data-end=\"1525\" \/>\n<h3 data-start=\"1527\" data-end=\"1565\"><strong data-start=\"1534\" data-end=\"1565\">Technische Merkmale<\/strong><\/h3>\n<ul>\n<li><strong data-start=\"1569\" data-end=\"1590\">Nutzma\u00dfe<\/strong> : 352 cm x 192 cm<\/li>\n<li><strong data-start=\"1613\" data-end=\"1637\">Au\u00dfenma\u00dfe<\/strong> : 508 cm x 206 cm<\/li>\n<li><strong data-start=\"1660\" data-end=\"1668\">PTAC<\/strong> : 3500 kg<\/li>\n<li><strong data-start=\"1683\" data-end=\"1699\">Nutzlast<\/strong> : 2400 kg<\/li>\n<li><strong data-start=\"1714\" data-end=\"1730\">Leergewicht<\/strong> : 1100 kg<\/li>\n<li><strong data-start=\"1745\" data-end=\"1765\">Anzahl der Achsen<\/strong> : 2 (gebremst)<\/li>\n<li><strong data-start=\"1784\" data-end=\"1796\">Bremsanlage<\/strong> : Ja<\/li>\n<li><strong data-start=\"1807\" data-end=\"1831\">Elektroverbindung<\/strong> : 13-poliger Stecker<\/li>\n<\/ul>\n<hr data-start=\"1850\" data-end=\"1853\" \/>\n<h3 data-start=\"1855\" data-end=\"1898\"><strong data-start=\"1862\" data-end=\"1898\">F\u00fcr wen ist dieser Anh\u00e4nger geeignet?<\/strong><\/h3>\n<ul data-start=\"1900\" data-end=\"2197\">\n<li data-start=\"1900\" data-end=\"2197\">\n<p data-start=\"1902\" data-end=\"2197\"><strong data-start=\"1902\" data-end=\"1926\">Bauunternehmer<\/strong>, Landschaftsg\u00e4rtner, Mietger\u00e4te-Verleiher, Handwerker oder Gemeinden :<br data-start=\"1989\" data-end=\"1992\" \/>Der TwinTrailer ist ideal f\u00fcr diejenigen, die <strong data-start=\"2048\" data-end=\"2076\">Maschinen transportieren<\/strong> m\u00fcssen (Minibagger, Dumper usw.) <strong data-start=\"2104\" data-end=\"2137\">und Materialien abladen<\/strong> (Kies, Erde, Abf\u00e4lle usw.) mit <strong data-start=\"2176\" data-end=\"2196\">einem einzigen Fahrzeug<\/strong>.<\/p>\n<\/li>\n<\/ul>\n","protected":false},"excerpt":{"rendered":"<p>Das <strong data-start=\"304\" data-end=\"319\">TwinTrailer<\/strong> vereint auf intelligente Weise zwei wesentliche Funktionen: <strong data-start=\"373\" data-end=\"388\">Maschinentr\u00e4ger<\/strong> und <strong data-start=\"392\" data-end=\"412\">Kippaufbau<\/strong>. Damit k\u00f6nnen Sie Ihre Maschinen, Materialien oder Bauschutt effizient transportieren und entladen, ohne den Anh\u00e4nger wechseln zu m\u00fcssen. <strong data-start=\"537\" data-end=\"577\">Robust, schnell, sicher und komfortabel<\/strong>Es zeichnet sich als unverzichtbares professionelles Werkzeug aus.<\/p>\n","protected":false},"featured_media":10327,"comment_status":"open","ping_status":"closed","template":"","meta":[],"product_brand":[],"product_cat":[358,352],"product_tag":[],"class_list":{"0":"post-17388","1":"product","2":"type-product","3":"status-publish","4":"has-post-thumbnail","6":"product_cat-anhaenger-fuer-den-schwermaschinentransport","7":"product_cat-unsere-trailer","9":"first","10":"instock","11":"shipping-taxable","12":"purchasable","13":"product-type-simple"},"yoast_head":"<!-- This site is optimized with the Yoast SEO plugin v27.5 - https:\/\/yoast.com\/product\/yoast-seo-wordpress\/ -->\n<title>Twintrailer 3500 Kg \u2013 352 X 192 Cm \u2013 Doppelfunktionskipper + Maschinentr\u00e4ger - Sagrinex \u2013 Anhaenger, Container &amp; Landtechnik \ud83c\udf3e\ud83d\ude9c<\/title>\n<meta name=\"robots\" content=\"index, follow, max-snippet:-1, max-image-preview:large, max-video-preview:-1\" \/>\n<link rel=\"canonical\" href=\"https:\/\/sagrinex.com\/produit\/twintrailer-3500-kg-352-x-192-cm-doppelfunktionskipper-maschinentraeger\/?lang=de\" \/>\n<meta property=\"og:locale\" content=\"de_DE\" \/>\n<meta property=\"og:type\" content=\"article\" \/>\n<meta property=\"og:title\" content=\"Twintrailer 3500 Kg \u2013 352 X 192 Cm \u2013 Doppelfunktionskipper + Maschinentr\u00e4ger - Sagrinex \u2013 Anhaenger, Container &amp; Landtechnik \ud83c\udf3e\ud83d\ude9c\" \/>\n<meta property=\"og:description\" content=\"Das TwinTrailer vereint auf intelligente Weise zwei wesentliche Funktionen: Maschinentr\u00e4ger und Kippaufbau. Damit k\u00f6nnen Sie Ihre Maschinen, Materialien oder Bauschutt effizient transportieren und entladen, ohne den Anh\u00e4nger wechseln zu m\u00fcssen. Robust, schnell, sicher und komfortabelEs zeichnet sich als unverzichtbares professionelles Werkzeug aus.\" \/>\n<meta property=\"og:url\" content=\"https:\/\/sagrinex.com\/produit\/twintrailer-3500-kg-352-x-192-cm-doppelfunktionskipper-maschinentraeger\/?lang=de\" \/>\n<meta property=\"og:site_name\" content=\"Sagrinex \u2013 Anhaenger, Container &amp; Landtechnik \ud83c\udf3e\ud83d\ude9c\" \/>\n<meta property=\"article:modified_time\" content=\"2026-04-15T21:12:34+00:00\" \/>\n<meta property=\"og:image\" content=\"https:\/\/sagrinex.com\/wp-content\/uploads\/2026\/03\/Image-459.jpeg\" \/>\n\t<meta property=\"og:image:width\" content=\"524\" \/>\n\t<meta property=\"og:image:height\" content=\"725\" \/>\n\t<meta property=\"og:image:type\" content=\"image\/jpeg\" \/>\n<meta name=\"twitter:card\" content=\"summary_large_image\" \/>\n<meta name=\"twitter:label1\" content=\"Gesch\u00e4tzte Lesezeit\" \/>\n\t<meta name=\"twitter:data1\" content=\"1\u00a0Minute\" \/>\n<script type=\"application\/ld+json\" class=\"yoast-schema-graph\">{\"@context\":\"https:\\\/\\\/schema.org\",\"@graph\":[{\"@type\":\"WebPage\",\"@id\":\"https:\\\/\\\/sagrinex.com\\\/produit\\\/twintrailer-3500-kg-352-x-192-cm-doppelfunktionskipper-maschinentraeger\\\/?lang=de\",\"url\":\"https:\\\/\\\/sagrinex.com\\\/produit\\\/twintrailer-3500-kg-352-x-192-cm-doppelfunktionskipper-maschinentraeger\\\/?lang=de\",\"name\":\"Twintrailer 3500 Kg \u2013 352 X 192 Cm \u2013 Doppelfunktionskipper + Maschinentr\u00e4ger - Sagrinex \u2013 Anhaenger, Container &amp; Landtechnik \ud83c\udf3e\ud83d\ude9c\",\"isPartOf\":{\"@id\":\"https:\\\/\\\/sagrinex.com\\\/#website\"},\"primaryImageOfPage\":{\"@id\":\"https:\\\/\\\/sagrinex.com\\\/produit\\\/twintrailer-3500-kg-352-x-192-cm-doppelfunktionskipper-maschinentraeger\\\/?lang=de#primaryimage\"},\"image\":{\"@id\":\"https:\\\/\\\/sagrinex.com\\\/produit\\\/twintrailer-3500-kg-352-x-192-cm-doppelfunktionskipper-maschinentraeger\\\/?lang=de#primaryimage\"},\"thumbnailUrl\":\"https:\\\/\\\/sagrinex.com\\\/wp-content\\\/uploads\\\/2026\\\/03\\\/Image-459.jpeg\",\"datePublished\":\"2026-04-15T17:56:32+00:00\",\"dateModified\":\"2026-04-15T21:12:34+00:00\",\"breadcrumb\":{\"@id\":\"https:\\\/\\\/sagrinex.com\\\/produit\\\/twintrailer-3500-kg-352-x-192-cm-doppelfunktionskipper-maschinentraeger\\\/?lang=de#breadcrumb\"},\"inLanguage\":\"de\",\"potentialAction\":[{\"@type\":\"ReadAction\",\"target\":[\"https:\\\/\\\/sagrinex.com\\\/produit\\\/twintrailer-3500-kg-352-x-192-cm-doppelfunktionskipper-maschinentraeger\\\/?lang=de\"]}]},{\"@type\":\"ImageObject\",\"inLanguage\":\"de\",\"@id\":\"https:\\\/\\\/sagrinex.com\\\/produit\\\/twintrailer-3500-kg-352-x-192-cm-doppelfunktionskipper-maschinentraeger\\\/?lang=de#primaryimage\",\"url\":\"https:\\\/\\\/sagrinex.com\\\/wp-content\\\/uploads\\\/2026\\\/03\\\/Image-459.jpeg\",\"contentUrl\":\"https:\\\/\\\/sagrinex.com\\\/wp-content\\\/uploads\\\/2026\\\/03\\\/Image-459.jpeg\",\"width\":524,\"height\":725},{\"@type\":\"BreadcrumbList\",\"@id\":\"https:\\\/\\\/sagrinex.com\\\/produit\\\/twintrailer-3500-kg-352-x-192-cm-doppelfunktionskipper-maschinentraeger\\\/?lang=de#breadcrumb\",\"itemListElement\":[{\"@type\":\"ListItem\",\"position\":1,\"name\":\"Accueil\",\"item\":\"https:\\\/\\\/sagrinex.com\\\/?lang=de\"},{\"@type\":\"ListItem\",\"position\":2,\"name\":\"Shop\",\"item\":\"https:\\\/\\\/sagrinex.com\\\/shop\\\/\"},{\"@type\":\"ListItem\",\"position\":3,\"name\":\"Twintrailer 3500 Kg \u2013 352 X 192 Cm \u2013 Doppelfunktionskipper + Maschinentr\u00e4ger\"}]},{\"@type\":\"WebSite\",\"@id\":\"https:\\\/\\\/sagrinex.com\\\/#website\",\"url\":\"https:\\\/\\\/sagrinex.com\\\/\",\"name\":\"Sagrinex \u2013 Spezialist f\u00fcr Anh\u00e4nger, Container & Landtechnik\",\"description\":\"Anhaenger, Container &amp; Landtechnik \u2014 Online-Verkauf &amp; kostenloses Angebot\",\"publisher\":{\"@id\":\"https:\\\/\\\/sagrinex.com\\\/#organization\"},\"potentialAction\":[{\"@type\":\"SearchAction\",\"target\":{\"@type\":\"EntryPoint\",\"urlTemplate\":\"https:\\\/\\\/sagrinex.com\\\/?s={search_term_string}\"},\"query-input\":{\"@type\":\"PropertyValueSpecification\",\"valueRequired\":true,\"valueName\":\"search_term_string\"}}],\"inLanguage\":\"de\"},{\"@type\":\"Organization\",\"@id\":\"https:\\\/\\\/sagrinex.com\\\/#organization\",\"name\":\"Sagrinex \u2013 Remorques, Conteneurs & Mat\u00e9riel Agricole\",\"url\":\"https:\\\/\\\/sagrinex.com\\\/\",\"logo\":{\"@type\":\"ImageObject\",\"inLanguage\":\"de\",\"@id\":\"https:\\\/\\\/sagrinex.com\\\/#\\\/schema\\\/logo\\\/image\\\/\",\"url\":\"https:\\\/\\\/sagrinex.com\\\/wp-content\\\/uploads\\\/2026\\\/03\\\/7f1ac463-ef5a-425d-bdd6-a5da03a334a9-1024x683.png\",\"contentUrl\":\"https:\\\/\\\/sagrinex.com\\\/wp-content\\\/uploads\\\/2026\\\/03\\\/7f1ac463-ef5a-425d-bdd6-a5da03a334a9-1024x683.png\",\"width\":1024,\"height\":683,\"caption\":\"Sagrinex \u2013 Remorques, Conteneurs & Mat\u00e9riel Agricole\"},\"image\":{\"@id\":\"https:\\\/\\\/sagrinex.com\\\/#\\\/schema\\\/logo\\\/image\\\/\"}}]}<\/script>\n<!-- \/ Yoast SEO plugin. -->","yoast_head_json":{"title":"Twintrailer 3500 Kg \u2013 352 X 192 Cm \u2013 Doppelfunktionskipper + Maschinentr\u00e4ger - Sagrinex \u2013 Anhaenger, Container &amp; Landtechnik \ud83c\udf3e\ud83d\ude9c","robots":{"index":"index","follow":"follow","max-snippet":"max-snippet:-1","max-image-preview":"max-image-preview:large","max-video-preview":"max-video-preview:-1"},"canonical":"https:\/\/sagrinex.com\/produit\/twintrailer-3500-kg-352-x-192-cm-doppelfunktionskipper-maschinentraeger\/?lang=de","og_locale":"de_DE","og_type":"article","og_title":"Twintrailer 3500 Kg \u2013 352 X 192 Cm \u2013 Doppelfunktionskipper + Maschinentr\u00e4ger - Sagrinex \u2013 Anhaenger, Container &amp; Landtechnik \ud83c\udf3e\ud83d\ude9c","og_description":"Das TwinTrailer vereint auf intelligente Weise zwei wesentliche Funktionen: Maschinentr\u00e4ger und Kippaufbau. Damit k\u00f6nnen Sie Ihre Maschinen, Materialien oder Bauschutt effizient transportieren und entladen, ohne den Anh\u00e4nger wechseln zu m\u00fcssen. Robust, schnell, sicher und komfortabelEs zeichnet sich als unverzichtbares professionelles Werkzeug aus.","og_url":"https:\/\/sagrinex.com\/produit\/twintrailer-3500-kg-352-x-192-cm-doppelfunktionskipper-maschinentraeger\/?lang=de","og_site_name":"Sagrinex \u2013 Anhaenger, Container &amp; Landtechnik \ud83c\udf3e\ud83d\ude9c","article_modified_time":"2026-04-15T21:12:34+00:00","og_image":[{"width":524,"height":725,"url":"https:\/\/sagrinex.com\/wp-content\/uploads\/2026\/03\/Image-459.jpeg","type":"image\/jpeg"}],"twitter_card":"summary_large_image","twitter_misc":{"Gesch\u00e4tzte Lesezeit":"1\u00a0Minute"},"schema":{"@context":"https:\/\/schema.org","@graph":[{"@type":"WebPage","@id":"https:\/\/sagrinex.com\/produit\/twintrailer-3500-kg-352-x-192-cm-doppelfunktionskipper-maschinentraeger\/?lang=de","url":"https:\/\/sagrinex.com\/produit\/twintrailer-3500-kg-352-x-192-cm-doppelfunktionskipper-maschinentraeger\/?lang=de","name":"Twintrailer 3500 Kg \u2013 352 X 192 Cm \u2013 Doppelfunktionskipper + Maschinentr\u00e4ger - Sagrinex \u2013 Anhaenger, Container &amp; Landtechnik \ud83c\udf3e\ud83d\ude9c","isPartOf":{"@id":"https:\/\/sagrinex.com\/#website"},"primaryImageOfPage":{"@id":"https:\/\/sagrinex.com\/produit\/twintrailer-3500-kg-352-x-192-cm-doppelfunktionskipper-maschinentraeger\/?lang=de#primaryimage"},"image":{"@id":"https:\/\/sagrinex.com\/produit\/twintrailer-3500-kg-352-x-192-cm-doppelfunktionskipper-maschinentraeger\/?lang=de#primaryimage"},"thumbnailUrl":"https:\/\/sagrinex.com\/wp-content\/uploads\/2026\/03\/Image-459.jpeg","datePublished":"2026-04-15T17:56:32+00:00","dateModified":"2026-04-15T21:12:34+00:00","breadcrumb":{"@id":"https:\/\/sagrinex.com\/produit\/twintrailer-3500-kg-352-x-192-cm-doppelfunktionskipper-maschinentraeger\/?lang=de#breadcrumb"},"inLanguage":"de","potentialAction":[{"@type":"ReadAction","target":["https:\/\/sagrinex.com\/produit\/twintrailer-3500-kg-352-x-192-cm-doppelfunktionskipper-maschinentraeger\/?lang=de"]}]},{"@type":"ImageObject","inLanguage":"de","@id":"https:\/\/sagrinex.com\/produit\/twintrailer-3500-kg-352-x-192-cm-doppelfunktionskipper-maschinentraeger\/?lang=de#primaryimage","url":"https:\/\/sagrinex.com\/wp-content\/uploads\/2026\/03\/Image-459.jpeg","contentUrl":"https:\/\/sagrinex.com\/wp-content\/uploads\/2026\/03\/Image-459.jpeg","width":524,"height":725},{"@type":"BreadcrumbList","@id":"https:\/\/sagrinex.com\/produit\/twintrailer-3500-kg-352-x-192-cm-doppelfunktionskipper-maschinentraeger\/?lang=de#breadcrumb","itemListElement":[{"@type":"ListItem","position":1,"name":"Accueil","item":"https:\/\/sagrinex.com\/?lang=de"},{"@type":"ListItem","position":2,"name":"Shop","item":"https:\/\/sagrinex.com\/shop\/"},{"@type":"ListItem","position":3,"name":"Twintrailer 3500 Kg \u2013 352 X 192 Cm \u2013 Doppelfunktionskipper + Maschinentr\u00e4ger"}]},{"@type":"WebSite","@id":"https:\/\/sagrinex.com\/#website","url":"https:\/\/sagrinex.com\/","name":"Sagrinex \u2013 Spezialist f\u00fcr Anh\u00e4nger, Container & Landtechnik","description":"Anhaenger, Container &amp; Landtechnik \u2014 Online-Verkauf &amp; kostenloses Angebot","publisher":{"@id":"https:\/\/sagrinex.com\/#organization"},"potentialAction":[{"@type":"SearchAction","target":{"@type":"EntryPoint","urlTemplate":"https:\/\/sagrinex.com\/?s={search_term_string}"},"query-input":{"@type":"PropertyValueSpecification","valueRequired":true,"valueName":"search_term_string"}}],"inLanguage":"de"},{"@type":"Organization","@id":"https:\/\/sagrinex.com\/#organization","name":"Sagrinex \u2013 Remorques, Conteneurs & Mat\u00e9riel Agricole","url":"https:\/\/sagrinex.com\/","logo":{"@type":"ImageObject","inLanguage":"de","@id":"https:\/\/sagrinex.com\/#\/schema\/logo\/image\/","url":"https:\/\/sagrinex.com\/wp-content\/uploads\/2026\/03\/7f1ac463-ef5a-425d-bdd6-a5da03a334a9-1024x683.png","contentUrl":"https:\/\/sagrinex.com\/wp-content\/uploads\/2026\/03\/7f1ac463-ef5a-425d-bdd6-a5da03a334a9-1024x683.png","width":1024,"height":683,"caption":"Sagrinex \u2013 Remorques, Conteneurs & Mat\u00e9riel Agricole"},"image":{"@id":"https:\/\/sagrinex.com\/#\/schema\/logo\/image\/"}}]}},"jetpack_sharing_enabled":true,"_links":{"self":[{"href":"https:\/\/sagrinex.com\/de\/wp-json\/wp\/v2\/product\/17388","targetHints":{"allow":["GET"]}}],"collection":[{"href":"https:\/\/sagrinex.com\/de\/wp-json\/wp\/v2\/product"}],"about":[{"href":"https:\/\/sagrinex.com\/de\/wp-json\/wp\/v2\/types\/product"}],"replies":[{"embeddable":true,"href":"https:\/\/sagrinex.com\/de\/wp-json\/wp\/v2\/comments?post=17388"}],"version-history":[{"count":0,"href":"https:\/\/sagrinex.com\/de\/wp-json\/wp\/v2\/product\/17388\/revisions"}],"wp:featuredmedia":[{"embeddable":true,"href":"https:\/\/sagrinex.com\/de\/wp-json\/wp\/v2\/media\/10327"}],"wp:attachment":[{"href":"https:\/\/sagrinex.com\/de\/wp-json\/wp\/v2\/media?parent=17388"}],"wp:term":[{"taxonomy":"product_brand","embeddable":true,"href":"https:\/\/sagrinex.com\/de\/wp-json\/wp\/v2\/product_brand?post=17388"},{"taxonomy":"product_cat","embeddable":true,"href":"https:\/\/sagrinex.com\/de\/wp-json\/wp\/v2\/product_cat?post=17388"},{"taxonomy":"product_tag","embeddable":true,"href":"https:\/\/sagrinex.com\/de\/wp-json\/wp\/v2\/product_tag?post=17388"}],"curies":[{"name":"wp","href":"https:\/\/api.w.org\/{rel}","templated":true}]}}