{"id":17389,"date":"2026-04-15T17:57:00","date_gmt":"2026-04-15T17:57:00","guid":{"rendered":"https:\/\/sagrinex.com\/produit\/gala-taurus-38-18-autotransportanhaenger\/"},"modified":"2026-04-15T21:12:34","modified_gmt":"2026-04-15T21:12:34","slug":"gala-taurus-38-18-autotransportanhaenger","status":"publish","type":"product","link":"https:\/\/sagrinex.com\/de\/produit\/gala-taurus-38-18-autotransportanhaenger\/","title":{"rendered":"Gala Taurus 38 18 Autotransportanh\u00e4nger"},"content":{"rendered":"<h3 data-start=\"547\" data-end=\"582\"><strong data-start=\"551\" data-end=\"582\">Technische Eigenschaften<\/strong><\/h3>\n<ul>\n<li data-start=\"586\" data-end=\"649\"><strong data-start=\"586\" data-end=\"597\">Rahmen<\/strong> : Geschwei\u00dfte Konstruktion, feuerverzinkt mit 1 abgewinkeltem Teil<\/li>\n<li data-start=\"652\" data-end=\"716\"><strong data-start=\"652\" data-end=\"660\">PTAC<\/strong> : 1800 kg (nach Bedarf herabstufbar: 1200 bis 1800 kg)<\/li>\n<li data-start=\"719\" data-end=\"746\"><strong data-start=\"719\" data-end=\"735\">Leergewicht<\/strong> : 350 kg<\/li>\n<li data-start=\"749\" data-end=\"777\"><strong data-start=\"749\" data-end=\"765\">Nutzlast<\/strong> : 1450 kg<\/li>\n<li data-start=\"780\" data-end=\"818\"><strong data-start=\"780\" data-end=\"801\">Nutzabmessungen<\/strong> : 380 x 180 cm<\/li>\n<li data-start=\"821\" data-end=\"862\"><strong data-start=\"821\" data-end=\"831\">Achse<\/strong> : 1 gebremste Achse mit 1800 kg<\/li>\n<li data-start=\"865\" data-end=\"890\"><strong data-start=\"865\" data-end=\"874\">Reifen<\/strong> : 195\/50 R13C<\/li>\n<li data-start=\"893\" data-end=\"924\"><strong data-start=\"893\" data-end=\"916\">Ladewinkel<\/strong> : 11\u00b0<\/li>\n<\/ul>\n<hr data-start=\"926\" data-end=\"929\" \/>\n<h3 data-start=\"931\" data-end=\"959\"><strong data-start=\"935\" data-end=\"959\">Serienausstattung<\/strong><\/h3>\n<ul>\n<li data-start=\"963\" data-end=\"1030\"><strong data-start=\"963\" data-end=\"985\">Transportschienen<\/strong> : Stahl mit ovalen L\u00f6chern zum Anschnallen<\/li>\n<li data-start=\"1033\" data-end=\"1086\"><strong data-start=\"1033\" data-end=\"1059\">2 Laderampen<\/strong> : Aus Stahl, einklappbar<\/li>\n<li data-start=\"1089\" data-end=\"1120\"><strong data-start=\"1089\" data-end=\"1109\">Winde + Halterung<\/strong> : Inbegriffen<\/li>\n<li data-start=\"1123\" data-end=\"1150\"><strong data-start=\"1123\" data-end=\"1138\">St\u00fctzrad<\/strong> : Inbegriffen<\/li>\n<li data-start=\"1153\" data-end=\"1184\"><strong data-start=\"1153\" data-end=\"1172\">Ersatzrad<\/strong> : Inbegriffen<\/li>\n<li data-start=\"1187\" data-end=\"1230\"><strong data-start=\"1187\" data-end=\"1217\">Ersatzradhalterung<\/strong> : Serienm\u00e4\u00dfig<\/li>\n<li data-start=\"1233\" data-end=\"1261\"><strong data-start=\"1233\" data-end=\"1249\">Radkeil<\/strong> : Mitgeliefert<\/li>\n<li data-start=\"1264\" data-end=\"1286\"><strong data-start=\"1264\" data-end=\"1275\">Diebstahlsicherung<\/strong> : Inbegriffen<\/li>\n<li data-start=\"1289\" data-end=\"1324\"><strong data-start=\"1289\" data-end=\"1311\">Zurrgurte<\/strong> : Inbegriffen<\/li>\n<li data-start=\"1327\" data-end=\"1398\"><strong data-start=\"1327\" data-end=\"1347\">Elektrostecker<\/strong> : 13 Kontakte (kompatibel mit modernen Anh\u00e4ngerbeleuchtungen)<\/li>\n<\/ul>\n<hr data-start=\"1400\" data-end=\"1403\" \/>\n<h3 data-start=\"1405\" data-end=\"1433\"><strong data-start=\"1409\" data-end=\"1433\">Die Vorz\u00fcge des Modells<\/strong><\/h3>\n<ul>\n<li data-start=\"1437\" data-end=\"1482\">Robuste Konstruktion f\u00fcr intensive Nutzung<\/li>\n<li data-start=\"1485\" data-end=\"1569\">Herabstufbar nach Ihren Anforderungen (erm\u00f6glicht Nutzung ohne Zulassungsbescheinigung je nach gezogener Last)<\/li>\n<li data-start=\"1572\" data-end=\"1652\">Gro\u00dfe Ladefreundlichkeit dank reduziertem Winkel und integrierten Rampen<\/li>\n<li data-start=\"1655\" data-end=\"1737\">Perfekt geeignet zum Transport von Autos, Quads, Buggys oder kleinen Nutzfahrzeugen<\/li>\n<li data-start=\"1740\" data-end=\"1801\">Sorgf\u00e4ltige Verarbeitung und vollst\u00e4ndige Serienausstattung<\/li>\n<\/ul>\n","protected":false},"excerpt":{"rendered":"<p data-start=\"190\" data-end=\"249\"><strong data-start=\"190\" data-end=\"249\">Abmessungen: 3,80 x 1,80 m \u2013 zul\u00e4ssiges Gesamtgewicht: 1800 kg deklassierbar<\/strong><\/p>\n<p data-start=\"251\" data-end=\"540\">Der GALA-Trailer <strong data-start=\"268\" data-end=\"284\">STIER 38 18<\/strong> ist ein robuster und zuverl\u00e4ssiger Autotransporter, der f\u00fcr den sicheren Transport von Fahrzeugen konzipiert ist. Seine feuerverzinkte, mechanisch geschwei\u00dfte Struktur und seine 1800 kg schwere gebremste Achse machen es zu einem Werkzeug, das sowohl f\u00fcr Profis als auch f\u00fcr anspruchsvolle Privatpersonen perfekt geeignet ist.<\/p>\n","protected":false},"featured_media":10321,"comment_status":"open","ping_status":"closed","template":"","meta":[],"product_brand":[],"product_cat":[359,358,352],"product_tag":[],"class_list":{"0":"post-17389","1":"product","2":"type-product","3":"status-publish","4":"has-post-thumbnail","6":"product_cat-autotransportanhaenger","7":"product_cat-anhaenger-fuer-den-schwermaschinentransport","8":"product_cat-unsere-trailer","10":"first","11":"instock","12":"shipping-taxable","13":"purchasable","14":"product-type-simple"},"yoast_head":"<!-- This site is optimized with the Yoast SEO plugin v27.5 - https:\/\/yoast.com\/product\/yoast-seo-wordpress\/ -->\n<title>Gala Taurus 38 18 Autotransportanh\u00e4nger - Sagrinex \u2013 Anhaenger, Container &amp; Landtechnik \ud83c\udf3e\ud83d\ude9c<\/title>\n<meta name=\"robots\" content=\"index, follow, max-snippet:-1, max-image-preview:large, max-video-preview:-1\" \/>\n<link rel=\"canonical\" href=\"https:\/\/sagrinex.com\/produit\/gala-taurus-38-18-autotransportanhaenger\/?lang=de\" \/>\n<meta property=\"og:locale\" content=\"de_DE\" \/>\n<meta property=\"og:type\" content=\"article\" \/>\n<meta property=\"og:title\" content=\"Gala Taurus 38 18 Autotransportanh\u00e4nger - Sagrinex \u2013 Anhaenger, Container &amp; Landtechnik \ud83c\udf3e\ud83d\ude9c\" \/>\n<meta property=\"og:description\" content=\"Abmessungen: 3,80 x 1,80 m \u2013 zul\u00e4ssiges Gesamtgewicht: 1800 kg deklassierbar Der GALA-Trailer STIER 38 18 ist ein robuster und zuverl\u00e4ssiger Autotransporter, der f\u00fcr den sicheren Transport von Fahrzeugen konzipiert ist. Seine feuerverzinkte, mechanisch geschwei\u00dfte Struktur und seine 1800 kg schwere gebremste Achse machen es zu einem Werkzeug, das sowohl f\u00fcr Profis als auch f\u00fcr anspruchsvolle Privatpersonen perfekt geeignet ist.\" \/>\n<meta property=\"og:url\" content=\"https:\/\/sagrinex.com\/produit\/gala-taurus-38-18-autotransportanhaenger\/?lang=de\" \/>\n<meta property=\"og:site_name\" content=\"Sagrinex \u2013 Anhaenger, Container &amp; Landtechnik \ud83c\udf3e\ud83d\ude9c\" \/>\n<meta property=\"article:modified_time\" content=\"2026-04-15T21:12:34+00:00\" \/>\n<meta property=\"og:image\" content=\"https:\/\/sagrinex.com\/wp-content\/uploads\/2026\/03\/Image-455.jpeg\" \/>\n\t<meta property=\"og:image:width\" content=\"800\" \/>\n\t<meta property=\"og:image:height\" content=\"600\" \/>\n\t<meta property=\"og:image:type\" content=\"image\/jpeg\" \/>\n<meta name=\"twitter:card\" content=\"summary_large_image\" \/>\n<meta name=\"twitter:label1\" content=\"Gesch\u00e4tzte Lesezeit\" \/>\n\t<meta name=\"twitter:data1\" content=\"1\u00a0Minute\" \/>\n<script type=\"application\/ld+json\" class=\"yoast-schema-graph\">{\"@context\":\"https:\\\/\\\/schema.org\",\"@graph\":[{\"@type\":\"WebPage\",\"@id\":\"https:\\\/\\\/sagrinex.com\\\/produit\\\/gala-taurus-38-18-autotransportanhaenger\\\/?lang=de\",\"url\":\"https:\\\/\\\/sagrinex.com\\\/produit\\\/gala-taurus-38-18-autotransportanhaenger\\\/?lang=de\",\"name\":\"Gala Taurus 38 18 Autotransportanh\u00e4nger - Sagrinex \u2013 Anhaenger, Container &amp; Landtechnik \ud83c\udf3e\ud83d\ude9c\",\"isPartOf\":{\"@id\":\"https:\\\/\\\/sagrinex.com\\\/#website\"},\"primaryImageOfPage\":{\"@id\":\"https:\\\/\\\/sagrinex.com\\\/produit\\\/gala-taurus-38-18-autotransportanhaenger\\\/?lang=de#primaryimage\"},\"image\":{\"@id\":\"https:\\\/\\\/sagrinex.com\\\/produit\\\/gala-taurus-38-18-autotransportanhaenger\\\/?lang=de#primaryimage\"},\"thumbnailUrl\":\"https:\\\/\\\/sagrinex.com\\\/wp-content\\\/uploads\\\/2026\\\/03\\\/Image-455.jpeg\",\"datePublished\":\"2026-04-15T17:57:00+00:00\",\"dateModified\":\"2026-04-15T21:12:34+00:00\",\"breadcrumb\":{\"@id\":\"https:\\\/\\\/sagrinex.com\\\/produit\\\/gala-taurus-38-18-autotransportanhaenger\\\/?lang=de#breadcrumb\"},\"inLanguage\":\"de\",\"potentialAction\":[{\"@type\":\"ReadAction\",\"target\":[\"https:\\\/\\\/sagrinex.com\\\/produit\\\/gala-taurus-38-18-autotransportanhaenger\\\/?lang=de\"]}]},{\"@type\":\"ImageObject\",\"inLanguage\":\"de\",\"@id\":\"https:\\\/\\\/sagrinex.com\\\/produit\\\/gala-taurus-38-18-autotransportanhaenger\\\/?lang=de#primaryimage\",\"url\":\"https:\\\/\\\/sagrinex.com\\\/wp-content\\\/uploads\\\/2026\\\/03\\\/Image-455.jpeg\",\"contentUrl\":\"https:\\\/\\\/sagrinex.com\\\/wp-content\\\/uploads\\\/2026\\\/03\\\/Image-455.jpeg\",\"width\":800,\"height\":600},{\"@type\":\"BreadcrumbList\",\"@id\":\"https:\\\/\\\/sagrinex.com\\\/produit\\\/gala-taurus-38-18-autotransportanhaenger\\\/?lang=de#breadcrumb\",\"itemListElement\":[{\"@type\":\"ListItem\",\"position\":1,\"name\":\"Accueil\",\"item\":\"https:\\\/\\\/sagrinex.com\\\/?lang=de\"},{\"@type\":\"ListItem\",\"position\":2,\"name\":\"Shop\",\"item\":\"https:\\\/\\\/sagrinex.com\\\/shop\\\/\"},{\"@type\":\"ListItem\",\"position\":3,\"name\":\"Gala Taurus 38 18 Autotransportanh\u00e4nger\"}]},{\"@type\":\"WebSite\",\"@id\":\"https:\\\/\\\/sagrinex.com\\\/#website\",\"url\":\"https:\\\/\\\/sagrinex.com\\\/\",\"name\":\"Sagrinex \u2013 Spezialist f\u00fcr Anh\u00e4nger, Container & Landtechnik\",\"description\":\"Anhaenger, Container &amp; Landtechnik \u2014 Online-Verkauf &amp; kostenloses Angebot\",\"publisher\":{\"@id\":\"https:\\\/\\\/sagrinex.com\\\/#organization\"},\"potentialAction\":[{\"@type\":\"SearchAction\",\"target\":{\"@type\":\"EntryPoint\",\"urlTemplate\":\"https:\\\/\\\/sagrinex.com\\\/?s={search_term_string}\"},\"query-input\":{\"@type\":\"PropertyValueSpecification\",\"valueRequired\":true,\"valueName\":\"search_term_string\"}}],\"inLanguage\":\"de\"},{\"@type\":\"Organization\",\"@id\":\"https:\\\/\\\/sagrinex.com\\\/#organization\",\"name\":\"Sagrinex \u2013 Remorques, Conteneurs & Mat\u00e9riel Agricole\",\"url\":\"https:\\\/\\\/sagrinex.com\\\/\",\"logo\":{\"@type\":\"ImageObject\",\"inLanguage\":\"de\",\"@id\":\"https:\\\/\\\/sagrinex.com\\\/#\\\/schema\\\/logo\\\/image\\\/\",\"url\":\"https:\\\/\\\/sagrinex.com\\\/wp-content\\\/uploads\\\/2026\\\/03\\\/7f1ac463-ef5a-425d-bdd6-a5da03a334a9-1024x683.png\",\"contentUrl\":\"https:\\\/\\\/sagrinex.com\\\/wp-content\\\/uploads\\\/2026\\\/03\\\/7f1ac463-ef5a-425d-bdd6-a5da03a334a9-1024x683.png\",\"width\":1024,\"height\":683,\"caption\":\"Sagrinex \u2013 Remorques, Conteneurs & Mat\u00e9riel Agricole\"},\"image\":{\"@id\":\"https:\\\/\\\/sagrinex.com\\\/#\\\/schema\\\/logo\\\/image\\\/\"}}]}<\/script>\n<!-- \/ Yoast SEO plugin. -->","yoast_head_json":{"title":"Gala Taurus 38 18 Autotransportanh\u00e4nger - Sagrinex \u2013 Anhaenger, Container &amp; Landtechnik \ud83c\udf3e\ud83d\ude9c","robots":{"index":"index","follow":"follow","max-snippet":"max-snippet:-1","max-image-preview":"max-image-preview:large","max-video-preview":"max-video-preview:-1"},"canonical":"https:\/\/sagrinex.com\/produit\/gala-taurus-38-18-autotransportanhaenger\/?lang=de","og_locale":"de_DE","og_type":"article","og_title":"Gala Taurus 38 18 Autotransportanh\u00e4nger - Sagrinex \u2013 Anhaenger, Container &amp; Landtechnik \ud83c\udf3e\ud83d\ude9c","og_description":"Abmessungen: 3,80 x 1,80 m \u2013 zul\u00e4ssiges Gesamtgewicht: 1800 kg deklassierbar Der GALA-Trailer STIER 38 18 ist ein robuster und zuverl\u00e4ssiger Autotransporter, der f\u00fcr den sicheren Transport von Fahrzeugen konzipiert ist. Seine feuerverzinkte, mechanisch geschwei\u00dfte Struktur und seine 1800 kg schwere gebremste Achse machen es zu einem Werkzeug, das sowohl f\u00fcr Profis als auch f\u00fcr anspruchsvolle Privatpersonen perfekt geeignet ist.","og_url":"https:\/\/sagrinex.com\/produit\/gala-taurus-38-18-autotransportanhaenger\/?lang=de","og_site_name":"Sagrinex \u2013 Anhaenger, Container &amp; Landtechnik \ud83c\udf3e\ud83d\ude9c","article_modified_time":"2026-04-15T21:12:34+00:00","og_image":[{"width":800,"height":600,"url":"https:\/\/sagrinex.com\/wp-content\/uploads\/2026\/03\/Image-455.jpeg","type":"image\/jpeg"}],"twitter_card":"summary_large_image","twitter_misc":{"Gesch\u00e4tzte Lesezeit":"1\u00a0Minute"},"schema":{"@context":"https:\/\/schema.org","@graph":[{"@type":"WebPage","@id":"https:\/\/sagrinex.com\/produit\/gala-taurus-38-18-autotransportanhaenger\/?lang=de","url":"https:\/\/sagrinex.com\/produit\/gala-taurus-38-18-autotransportanhaenger\/?lang=de","name":"Gala Taurus 38 18 Autotransportanh\u00e4nger - Sagrinex \u2013 Anhaenger, Container &amp; Landtechnik \ud83c\udf3e\ud83d\ude9c","isPartOf":{"@id":"https:\/\/sagrinex.com\/#website"},"primaryImageOfPage":{"@id":"https:\/\/sagrinex.com\/produit\/gala-taurus-38-18-autotransportanhaenger\/?lang=de#primaryimage"},"image":{"@id":"https:\/\/sagrinex.com\/produit\/gala-taurus-38-18-autotransportanhaenger\/?lang=de#primaryimage"},"thumbnailUrl":"https:\/\/sagrinex.com\/wp-content\/uploads\/2026\/03\/Image-455.jpeg","datePublished":"2026-04-15T17:57:00+00:00","dateModified":"2026-04-15T21:12:34+00:00","breadcrumb":{"@id":"https:\/\/sagrinex.com\/produit\/gala-taurus-38-18-autotransportanhaenger\/?lang=de#breadcrumb"},"inLanguage":"de","potentialAction":[{"@type":"ReadAction","target":["https:\/\/sagrinex.com\/produit\/gala-taurus-38-18-autotransportanhaenger\/?lang=de"]}]},{"@type":"ImageObject","inLanguage":"de","@id":"https:\/\/sagrinex.com\/produit\/gala-taurus-38-18-autotransportanhaenger\/?lang=de#primaryimage","url":"https:\/\/sagrinex.com\/wp-content\/uploads\/2026\/03\/Image-455.jpeg","contentUrl":"https:\/\/sagrinex.com\/wp-content\/uploads\/2026\/03\/Image-455.jpeg","width":800,"height":600},{"@type":"BreadcrumbList","@id":"https:\/\/sagrinex.com\/produit\/gala-taurus-38-18-autotransportanhaenger\/?lang=de#breadcrumb","itemListElement":[{"@type":"ListItem","position":1,"name":"Accueil","item":"https:\/\/sagrinex.com\/?lang=de"},{"@type":"ListItem","position":2,"name":"Shop","item":"https:\/\/sagrinex.com\/shop\/"},{"@type":"ListItem","position":3,"name":"Gala Taurus 38 18 Autotransportanh\u00e4nger"}]},{"@type":"WebSite","@id":"https:\/\/sagrinex.com\/#website","url":"https:\/\/sagrinex.com\/","name":"Sagrinex \u2013 Spezialist f\u00fcr Anh\u00e4nger, Container & Landtechnik","description":"Anhaenger, Container &amp; Landtechnik \u2014 Online-Verkauf &amp; kostenloses Angebot","publisher":{"@id":"https:\/\/sagrinex.com\/#organization"},"potentialAction":[{"@type":"SearchAction","target":{"@type":"EntryPoint","urlTemplate":"https:\/\/sagrinex.com\/?s={search_term_string}"},"query-input":{"@type":"PropertyValueSpecification","valueRequired":true,"valueName":"search_term_string"}}],"inLanguage":"de"},{"@type":"Organization","@id":"https:\/\/sagrinex.com\/#organization","name":"Sagrinex \u2013 Remorques, Conteneurs & Mat\u00e9riel Agricole","url":"https:\/\/sagrinex.com\/","logo":{"@type":"ImageObject","inLanguage":"de","@id":"https:\/\/sagrinex.com\/#\/schema\/logo\/image\/","url":"https:\/\/sagrinex.com\/wp-content\/uploads\/2026\/03\/7f1ac463-ef5a-425d-bdd6-a5da03a334a9-1024x683.png","contentUrl":"https:\/\/sagrinex.com\/wp-content\/uploads\/2026\/03\/7f1ac463-ef5a-425d-bdd6-a5da03a334a9-1024x683.png","width":1024,"height":683,"caption":"Sagrinex \u2013 Remorques, Conteneurs & Mat\u00e9riel Agricole"},"image":{"@id":"https:\/\/sagrinex.com\/#\/schema\/logo\/image\/"}}]}},"jetpack_sharing_enabled":true,"_links":{"self":[{"href":"https:\/\/sagrinex.com\/de\/wp-json\/wp\/v2\/product\/17389","targetHints":{"allow":["GET"]}}],"collection":[{"href":"https:\/\/sagrinex.com\/de\/wp-json\/wp\/v2\/product"}],"about":[{"href":"https:\/\/sagrinex.com\/de\/wp-json\/wp\/v2\/types\/product"}],"replies":[{"embeddable":true,"href":"https:\/\/sagrinex.com\/de\/wp-json\/wp\/v2\/comments?post=17389"}],"version-history":[{"count":0,"href":"https:\/\/sagrinex.com\/de\/wp-json\/wp\/v2\/product\/17389\/revisions"}],"wp:featuredmedia":[{"embeddable":true,"href":"https:\/\/sagrinex.com\/de\/wp-json\/wp\/v2\/media\/10321"}],"wp:attachment":[{"href":"https:\/\/sagrinex.com\/de\/wp-json\/wp\/v2\/media?parent=17389"}],"wp:term":[{"taxonomy":"product_brand","embeddable":true,"href":"https:\/\/sagrinex.com\/de\/wp-json\/wp\/v2\/product_brand?post=17389"},{"taxonomy":"product_cat","embeddable":true,"href":"https:\/\/sagrinex.com\/de\/wp-json\/wp\/v2\/product_cat?post=17389"},{"taxonomy":"product_tag","embeddable":true,"href":"https:\/\/sagrinex.com\/de\/wp-json\/wp\/v2\/product_tag?post=17389"}],"curies":[{"name":"wp","href":"https:\/\/api.w.org\/{rel}","templated":true}]}}