{"id":17390,"date":"2026-04-15T17:57:22","date_gmt":"2026-04-15T17:57:22","guid":{"rendered":"https:\/\/sagrinex.com\/produit\/miniwenus-autotransportanhaenger-385-x-185-cm-zulaessiges-gesamtgewicht-1800-kg\/"},"modified":"2026-04-15T21:12:34","modified_gmt":"2026-04-15T21:12:34","slug":"miniwenus-autotransportanhaenger-385-x-185-cm-zulaessiges-gesamtgewicht-1800-kg","status":"publish","type":"product","link":"https:\/\/sagrinex.com\/de\/produit\/miniwenus-autotransportanhaenger-385-x-185-cm-zulaessiges-gesamtgewicht-1800-kg\/","title":{"rendered":"Miniwenus Autotransportanh\u00e4nger \u2013 385 X 185 Cm \u2013 Zul\u00e4ssiges Gesamtgewicht 1800 Kg"},"content":{"rendered":"<h3 data-start=\"454\" data-end=\"489\"><strong data-start=\"458\" data-end=\"489\">Technische Eigenschaften<\/strong><\/h3>\n<ul>\n<li><strong data-start=\"493\" data-end=\"514\">N\u00fctzliche Abmessungen<\/strong> : 385 x 185 cm<\/li>\n<li><strong data-start=\"534\" data-end=\"542\">PTAC<\/strong> : 1800 kg<\/li>\n<li><strong data-start=\"557\" data-end=\"573\">Leergewicht<\/strong> : 450 kg<\/li>\n<li><strong data-start=\"587\" data-end=\"603\">Nutzlast<\/strong> : 1350 kg<\/li>\n<li><strong data-start=\"618\" data-end=\"628\">Achse<\/strong> : 1 robuste Achse<\/li>\n<li><strong data-start=\"652\" data-end=\"661\">R\u00e4der<\/strong> : 185 R14C (verst\u00e4rkte Reifen f\u00fcr schwere Lasten)<\/li>\n<\/ul>\n<hr data-start=\"715\" data-end=\"718\" \/>\n<h3 data-start=\"720\" data-end=\"751\"><strong data-start=\"724\" data-end=\"751\">Die Vorteile des Modells<\/strong><\/h3>\n<ul>\n<li>Gro\u00dfe Ladekapazit\u00e4t mit einem zul\u00e4ssigen Gesamtgewicht von 1800 kg<\/li>\n<li>Ger\u00e4umiges Tablett mit <strong data-start=\"833\" data-end=\"852\">3,85m x 1,85m<\/strong> geeignet f\u00fcr breite Fahrzeuge<\/li>\n<li>Einzelachse: bessere Man\u00f6vrierf\u00e4higkeit im leeren Zustand oder beim Rangieren<\/li>\n<li>Robuste Konstruktion f\u00fcr intensiven Gebrauch<\/li>\n<li>Reifen geeignet f\u00fcr den regelm\u00e4\u00dfigen Transport schwerer Lasten<\/li>\n<li>Ideal f\u00fcr: Transport von Autos, Quads, Kleinsttraktoren, kleinen Baumaschinen usw.<\/li>\n<\/ul>\n","protected":false},"excerpt":{"rendered":"<p>Das <strong data-start=\"180\" data-end=\"193\">MINIWENUS<\/strong> ist ein einachsiger Autotransportanh\u00e4nger zur Kombination von <strong data-start=\"258\" data-end=\"300\">Leistung, Robustheit und Man\u00f6vrierf\u00e4higkeit<\/strong>. Mit seinem verst\u00e4rkten Fahrgestell und seiner Nutzlast von 1350 kg eignet er sich ideal f\u00fcr den Transport von Leichtfahrzeugen, Quads, Buggys oder Schienenfahrzeugen.<\/p>\n","protected":false},"featured_media":10317,"comment_status":"open","ping_status":"closed","template":"","meta":[],"product_brand":[],"product_cat":[359,358,352],"product_tag":[],"class_list":{"0":"post-17390","1":"product","2":"type-product","3":"status-publish","4":"has-post-thumbnail","6":"product_cat-autotransportanhaenger","7":"product_cat-anhaenger-fuer-den-schwermaschinentransport","8":"product_cat-unsere-trailer","10":"first","11":"instock","12":"shipping-taxable","13":"purchasable","14":"product-type-simple"},"yoast_head":"<!-- This site is optimized with the Yoast SEO plugin v27.5 - https:\/\/yoast.com\/product\/yoast-seo-wordpress\/ -->\n<title>Miniwenus Autotransportanh\u00e4nger \u2013 385 X 185 Cm \u2013 Zul\u00e4ssiges Gesamtgewicht 1800 Kg - Sagrinex \u2013 Anhaenger, Container &amp; Landtechnik \ud83c\udf3e\ud83d\ude9c<\/title>\n<meta name=\"robots\" content=\"index, follow, max-snippet:-1, max-image-preview:large, max-video-preview:-1\" \/>\n<link rel=\"canonical\" href=\"https:\/\/sagrinex.com\/produit\/miniwenus-autotransportanhaenger-385-x-185-cm-zulaessiges-gesamtgewicht-1800-kg\/?lang=de\" \/>\n<meta property=\"og:locale\" content=\"de_DE\" \/>\n<meta property=\"og:type\" content=\"article\" \/>\n<meta property=\"og:title\" content=\"Miniwenus Autotransportanh\u00e4nger \u2013 385 X 185 Cm \u2013 Zul\u00e4ssiges Gesamtgewicht 1800 Kg - Sagrinex \u2013 Anhaenger, Container &amp; Landtechnik \ud83c\udf3e\ud83d\ude9c\" \/>\n<meta property=\"og:description\" content=\"Das MINIWENUS ist ein einachsiger Autotransportanh\u00e4nger zur Kombination von Leistung, Robustheit und Man\u00f6vrierf\u00e4higkeit. Mit seinem verst\u00e4rkten Fahrgestell und seiner Nutzlast von 1350 kg eignet er sich ideal f\u00fcr den Transport von Leichtfahrzeugen, Quads, Buggys oder Schienenfahrzeugen.\" \/>\n<meta property=\"og:url\" content=\"https:\/\/sagrinex.com\/produit\/miniwenus-autotransportanhaenger-385-x-185-cm-zulaessiges-gesamtgewicht-1800-kg\/?lang=de\" \/>\n<meta property=\"og:site_name\" content=\"Sagrinex \u2013 Anhaenger, Container &amp; Landtechnik \ud83c\udf3e\ud83d\ude9c\" \/>\n<meta property=\"article:modified_time\" content=\"2026-04-15T21:12:34+00:00\" \/>\n<meta property=\"og:image\" content=\"https:\/\/sagrinex.com\/wp-content\/uploads\/2026\/03\/Image-453.jpeg\" \/>\n\t<meta property=\"og:image:width\" content=\"1200\" \/>\n\t<meta property=\"og:image:height\" content=\"900\" \/>\n\t<meta property=\"og:image:type\" content=\"image\/jpeg\" \/>\n<meta name=\"twitter:card\" content=\"summary_large_image\" \/>\n<script type=\"application\/ld+json\" class=\"yoast-schema-graph\">{\"@context\":\"https:\\\/\\\/schema.org\",\"@graph\":[{\"@type\":\"WebPage\",\"@id\":\"https:\\\/\\\/sagrinex.com\\\/produit\\\/miniwenus-autotransportanhaenger-385-x-185-cm-zulaessiges-gesamtgewicht-1800-kg\\\/?lang=de\",\"url\":\"https:\\\/\\\/sagrinex.com\\\/produit\\\/miniwenus-autotransportanhaenger-385-x-185-cm-zulaessiges-gesamtgewicht-1800-kg\\\/?lang=de\",\"name\":\"Miniwenus Autotransportanh\u00e4nger \u2013 385 X 185 Cm \u2013 Zul\u00e4ssiges Gesamtgewicht 1800 Kg - Sagrinex \u2013 Anhaenger, Container &amp; Landtechnik \ud83c\udf3e\ud83d\ude9c\",\"isPartOf\":{\"@id\":\"https:\\\/\\\/sagrinex.com\\\/#website\"},\"primaryImageOfPage\":{\"@id\":\"https:\\\/\\\/sagrinex.com\\\/produit\\\/miniwenus-autotransportanhaenger-385-x-185-cm-zulaessiges-gesamtgewicht-1800-kg\\\/?lang=de#primaryimage\"},\"image\":{\"@id\":\"https:\\\/\\\/sagrinex.com\\\/produit\\\/miniwenus-autotransportanhaenger-385-x-185-cm-zulaessiges-gesamtgewicht-1800-kg\\\/?lang=de#primaryimage\"},\"thumbnailUrl\":\"https:\\\/\\\/sagrinex.com\\\/wp-content\\\/uploads\\\/2026\\\/03\\\/Image-453.jpeg\",\"datePublished\":\"2026-04-15T17:57:22+00:00\",\"dateModified\":\"2026-04-15T21:12:34+00:00\",\"breadcrumb\":{\"@id\":\"https:\\\/\\\/sagrinex.com\\\/produit\\\/miniwenus-autotransportanhaenger-385-x-185-cm-zulaessiges-gesamtgewicht-1800-kg\\\/?lang=de#breadcrumb\"},\"inLanguage\":\"de\",\"potentialAction\":[{\"@type\":\"ReadAction\",\"target\":[\"https:\\\/\\\/sagrinex.com\\\/produit\\\/miniwenus-autotransportanhaenger-385-x-185-cm-zulaessiges-gesamtgewicht-1800-kg\\\/?lang=de\"]}]},{\"@type\":\"ImageObject\",\"inLanguage\":\"de\",\"@id\":\"https:\\\/\\\/sagrinex.com\\\/produit\\\/miniwenus-autotransportanhaenger-385-x-185-cm-zulaessiges-gesamtgewicht-1800-kg\\\/?lang=de#primaryimage\",\"url\":\"https:\\\/\\\/sagrinex.com\\\/wp-content\\\/uploads\\\/2026\\\/03\\\/Image-453.jpeg\",\"contentUrl\":\"https:\\\/\\\/sagrinex.com\\\/wp-content\\\/uploads\\\/2026\\\/03\\\/Image-453.jpeg\",\"width\":1200,\"height\":900},{\"@type\":\"BreadcrumbList\",\"@id\":\"https:\\\/\\\/sagrinex.com\\\/produit\\\/miniwenus-autotransportanhaenger-385-x-185-cm-zulaessiges-gesamtgewicht-1800-kg\\\/?lang=de#breadcrumb\",\"itemListElement\":[{\"@type\":\"ListItem\",\"position\":1,\"name\":\"Accueil\",\"item\":\"https:\\\/\\\/sagrinex.com\\\/?lang=de\"},{\"@type\":\"ListItem\",\"position\":2,\"name\":\"Shop\",\"item\":\"https:\\\/\\\/sagrinex.com\\\/shop\\\/\"},{\"@type\":\"ListItem\",\"position\":3,\"name\":\"Miniwenus Autotransportanh\u00e4nger \u2013 385 X 185 Cm \u2013 Zul\u00e4ssiges Gesamtgewicht 1800 Kg\"}]},{\"@type\":\"WebSite\",\"@id\":\"https:\\\/\\\/sagrinex.com\\\/#website\",\"url\":\"https:\\\/\\\/sagrinex.com\\\/\",\"name\":\"Sagrinex \u2013 Spezialist f\u00fcr Anh\u00e4nger, Container & Landtechnik\",\"description\":\"Anhaenger, Container &amp; Landtechnik \u2014 Online-Verkauf &amp; kostenloses Angebot\",\"publisher\":{\"@id\":\"https:\\\/\\\/sagrinex.com\\\/#organization\"},\"potentialAction\":[{\"@type\":\"SearchAction\",\"target\":{\"@type\":\"EntryPoint\",\"urlTemplate\":\"https:\\\/\\\/sagrinex.com\\\/?s={search_term_string}\"},\"query-input\":{\"@type\":\"PropertyValueSpecification\",\"valueRequired\":true,\"valueName\":\"search_term_string\"}}],\"inLanguage\":\"de\"},{\"@type\":\"Organization\",\"@id\":\"https:\\\/\\\/sagrinex.com\\\/#organization\",\"name\":\"Sagrinex \u2013 Remorques, Conteneurs & Mat\u00e9riel Agricole\",\"url\":\"https:\\\/\\\/sagrinex.com\\\/\",\"logo\":{\"@type\":\"ImageObject\",\"inLanguage\":\"de\",\"@id\":\"https:\\\/\\\/sagrinex.com\\\/#\\\/schema\\\/logo\\\/image\\\/\",\"url\":\"https:\\\/\\\/sagrinex.com\\\/wp-content\\\/uploads\\\/2026\\\/03\\\/7f1ac463-ef5a-425d-bdd6-a5da03a334a9-1024x683.png\",\"contentUrl\":\"https:\\\/\\\/sagrinex.com\\\/wp-content\\\/uploads\\\/2026\\\/03\\\/7f1ac463-ef5a-425d-bdd6-a5da03a334a9-1024x683.png\",\"width\":1024,\"height\":683,\"caption\":\"Sagrinex \u2013 Remorques, Conteneurs & Mat\u00e9riel Agricole\"},\"image\":{\"@id\":\"https:\\\/\\\/sagrinex.com\\\/#\\\/schema\\\/logo\\\/image\\\/\"}}]}<\/script>\n<!-- \/ Yoast SEO plugin. -->","yoast_head_json":{"title":"Miniwenus Autotransportanh\u00e4nger \u2013 385 X 185 Cm \u2013 Zul\u00e4ssiges Gesamtgewicht 1800 Kg - Sagrinex \u2013 Anhaenger, Container &amp; Landtechnik \ud83c\udf3e\ud83d\ude9c","robots":{"index":"index","follow":"follow","max-snippet":"max-snippet:-1","max-image-preview":"max-image-preview:large","max-video-preview":"max-video-preview:-1"},"canonical":"https:\/\/sagrinex.com\/produit\/miniwenus-autotransportanhaenger-385-x-185-cm-zulaessiges-gesamtgewicht-1800-kg\/?lang=de","og_locale":"de_DE","og_type":"article","og_title":"Miniwenus Autotransportanh\u00e4nger \u2013 385 X 185 Cm \u2013 Zul\u00e4ssiges Gesamtgewicht 1800 Kg - Sagrinex \u2013 Anhaenger, Container &amp; Landtechnik \ud83c\udf3e\ud83d\ude9c","og_description":"Das MINIWENUS ist ein einachsiger Autotransportanh\u00e4nger zur Kombination von Leistung, Robustheit und Man\u00f6vrierf\u00e4higkeit. Mit seinem verst\u00e4rkten Fahrgestell und seiner Nutzlast von 1350 kg eignet er sich ideal f\u00fcr den Transport von Leichtfahrzeugen, Quads, Buggys oder Schienenfahrzeugen.","og_url":"https:\/\/sagrinex.com\/produit\/miniwenus-autotransportanhaenger-385-x-185-cm-zulaessiges-gesamtgewicht-1800-kg\/?lang=de","og_site_name":"Sagrinex \u2013 Anhaenger, Container &amp; Landtechnik \ud83c\udf3e\ud83d\ude9c","article_modified_time":"2026-04-15T21:12:34+00:00","og_image":[{"width":1200,"height":900,"url":"https:\/\/sagrinex.com\/wp-content\/uploads\/2026\/03\/Image-453.jpeg","type":"image\/jpeg"}],"twitter_card":"summary_large_image","schema":{"@context":"https:\/\/schema.org","@graph":[{"@type":"WebPage","@id":"https:\/\/sagrinex.com\/produit\/miniwenus-autotransportanhaenger-385-x-185-cm-zulaessiges-gesamtgewicht-1800-kg\/?lang=de","url":"https:\/\/sagrinex.com\/produit\/miniwenus-autotransportanhaenger-385-x-185-cm-zulaessiges-gesamtgewicht-1800-kg\/?lang=de","name":"Miniwenus Autotransportanh\u00e4nger \u2013 385 X 185 Cm \u2013 Zul\u00e4ssiges Gesamtgewicht 1800 Kg - Sagrinex \u2013 Anhaenger, Container &amp; Landtechnik \ud83c\udf3e\ud83d\ude9c","isPartOf":{"@id":"https:\/\/sagrinex.com\/#website"},"primaryImageOfPage":{"@id":"https:\/\/sagrinex.com\/produit\/miniwenus-autotransportanhaenger-385-x-185-cm-zulaessiges-gesamtgewicht-1800-kg\/?lang=de#primaryimage"},"image":{"@id":"https:\/\/sagrinex.com\/produit\/miniwenus-autotransportanhaenger-385-x-185-cm-zulaessiges-gesamtgewicht-1800-kg\/?lang=de#primaryimage"},"thumbnailUrl":"https:\/\/sagrinex.com\/wp-content\/uploads\/2026\/03\/Image-453.jpeg","datePublished":"2026-04-15T17:57:22+00:00","dateModified":"2026-04-15T21:12:34+00:00","breadcrumb":{"@id":"https:\/\/sagrinex.com\/produit\/miniwenus-autotransportanhaenger-385-x-185-cm-zulaessiges-gesamtgewicht-1800-kg\/?lang=de#breadcrumb"},"inLanguage":"de","potentialAction":[{"@type":"ReadAction","target":["https:\/\/sagrinex.com\/produit\/miniwenus-autotransportanhaenger-385-x-185-cm-zulaessiges-gesamtgewicht-1800-kg\/?lang=de"]}]},{"@type":"ImageObject","inLanguage":"de","@id":"https:\/\/sagrinex.com\/produit\/miniwenus-autotransportanhaenger-385-x-185-cm-zulaessiges-gesamtgewicht-1800-kg\/?lang=de#primaryimage","url":"https:\/\/sagrinex.com\/wp-content\/uploads\/2026\/03\/Image-453.jpeg","contentUrl":"https:\/\/sagrinex.com\/wp-content\/uploads\/2026\/03\/Image-453.jpeg","width":1200,"height":900},{"@type":"BreadcrumbList","@id":"https:\/\/sagrinex.com\/produit\/miniwenus-autotransportanhaenger-385-x-185-cm-zulaessiges-gesamtgewicht-1800-kg\/?lang=de#breadcrumb","itemListElement":[{"@type":"ListItem","position":1,"name":"Accueil","item":"https:\/\/sagrinex.com\/?lang=de"},{"@type":"ListItem","position":2,"name":"Shop","item":"https:\/\/sagrinex.com\/shop\/"},{"@type":"ListItem","position":3,"name":"Miniwenus Autotransportanh\u00e4nger \u2013 385 X 185 Cm \u2013 Zul\u00e4ssiges Gesamtgewicht 1800 Kg"}]},{"@type":"WebSite","@id":"https:\/\/sagrinex.com\/#website","url":"https:\/\/sagrinex.com\/","name":"Sagrinex \u2013 Spezialist f\u00fcr Anh\u00e4nger, Container & Landtechnik","description":"Anhaenger, Container &amp; Landtechnik \u2014 Online-Verkauf &amp; kostenloses Angebot","publisher":{"@id":"https:\/\/sagrinex.com\/#organization"},"potentialAction":[{"@type":"SearchAction","target":{"@type":"EntryPoint","urlTemplate":"https:\/\/sagrinex.com\/?s={search_term_string}"},"query-input":{"@type":"PropertyValueSpecification","valueRequired":true,"valueName":"search_term_string"}}],"inLanguage":"de"},{"@type":"Organization","@id":"https:\/\/sagrinex.com\/#organization","name":"Sagrinex \u2013 Remorques, Conteneurs & Mat\u00e9riel Agricole","url":"https:\/\/sagrinex.com\/","logo":{"@type":"ImageObject","inLanguage":"de","@id":"https:\/\/sagrinex.com\/#\/schema\/logo\/image\/","url":"https:\/\/sagrinex.com\/wp-content\/uploads\/2026\/03\/7f1ac463-ef5a-425d-bdd6-a5da03a334a9-1024x683.png","contentUrl":"https:\/\/sagrinex.com\/wp-content\/uploads\/2026\/03\/7f1ac463-ef5a-425d-bdd6-a5da03a334a9-1024x683.png","width":1024,"height":683,"caption":"Sagrinex \u2013 Remorques, Conteneurs & Mat\u00e9riel Agricole"},"image":{"@id":"https:\/\/sagrinex.com\/#\/schema\/logo\/image\/"}}]}},"jetpack_sharing_enabled":true,"_links":{"self":[{"href":"https:\/\/sagrinex.com\/de\/wp-json\/wp\/v2\/product\/17390","targetHints":{"allow":["GET"]}}],"collection":[{"href":"https:\/\/sagrinex.com\/de\/wp-json\/wp\/v2\/product"}],"about":[{"href":"https:\/\/sagrinex.com\/de\/wp-json\/wp\/v2\/types\/product"}],"replies":[{"embeddable":true,"href":"https:\/\/sagrinex.com\/de\/wp-json\/wp\/v2\/comments?post=17390"}],"version-history":[{"count":0,"href":"https:\/\/sagrinex.com\/de\/wp-json\/wp\/v2\/product\/17390\/revisions"}],"wp:featuredmedia":[{"embeddable":true,"href":"https:\/\/sagrinex.com\/de\/wp-json\/wp\/v2\/media\/10317"}],"wp:attachment":[{"href":"https:\/\/sagrinex.com\/de\/wp-json\/wp\/v2\/media?parent=17390"}],"wp:term":[{"taxonomy":"product_brand","embeddable":true,"href":"https:\/\/sagrinex.com\/de\/wp-json\/wp\/v2\/product_brand?post=17390"},{"taxonomy":"product_cat","embeddable":true,"href":"https:\/\/sagrinex.com\/de\/wp-json\/wp\/v2\/product_cat?post=17390"},{"taxonomy":"product_tag","embeddable":true,"href":"https:\/\/sagrinex.com\/de\/wp-json\/wp\/v2\/product_tag?post=17390"}],"curies":[{"name":"wp","href":"https:\/\/api.w.org\/{rel}","templated":true}]}}