{"id":17391,"date":"2026-04-15T17:57:48","date_gmt":"2026-04-15T17:57:48","guid":{"rendered":"https:\/\/sagrinex.com\/produit\/pegd-15-ta-130-af-maschinentransportanhaenger-zulaessiges-gesamtgewicht-1300-kg\/"},"modified":"2026-04-15T21:12:34","modified_gmt":"2026-04-15T21:12:34","slug":"pegd-15-ta-130-af-maschinentransportanhaenger-zulaessiges-gesamtgewicht-1300-kg","status":"publish","type":"product","link":"https:\/\/sagrinex.com\/de\/produit\/pegd-15-ta-130-af-maschinentransportanhaenger-zulaessiges-gesamtgewicht-1300-kg\/","title":{"rendered":"Pegd 15 ta 130 Af Maschinentransportanh\u00e4nger \u2013 Zul\u00e4ssiges Gesamtgewicht 1300 Kg"},"content":{"rendered":"<h3 data-start=\"440\" data-end=\"475\"><strong data-start=\"444\" data-end=\"475\">Technische Merkmale<\/strong><\/h3>\n<ul>\n<li data-start=\"479\" data-end=\"499\"><strong data-start=\"479\" data-end=\"487\">PTAC<\/strong> : 1300 kg<\/li>\n<li data-start=\"502\" data-end=\"530\"><strong data-start=\"502\" data-end=\"518\">Nutzlast<\/strong> : 1000 kg<\/li>\n<li data-start=\"533\" data-end=\"585\"><strong data-start=\"533\" data-end=\"549\">Leergewicht<\/strong> : 300 kg (wird automatisch abgezogen)<\/li>\n<li data-start=\"588\" data-end=\"638\"><strong data-start=\"588\" data-end=\"620\">N\u00fctzliche Ladefl\u00e4che Abmessungen<\/strong> : 950 x 1500 mm<\/li>\n<li data-start=\"641\" data-end=\"675\"><strong data-start=\"641\" data-end=\"651\">Achse<\/strong> : 1 Achse von 1300 kg<\/li>\n<li data-start=\"678\" data-end=\"731\"><strong data-start=\"678\" data-end=\"690\">Bremsen<\/strong> : Ja, mit Tr\u00e4gheitsbremssystem<\/li>\n<li data-start=\"734\" data-end=\"787\"><strong data-start=\"734\" data-end=\"743\">Deichsel<\/strong> : Gelenkig f\u00fcr bessere Man\u00f6vrierbarkeit<\/li>\n<li data-start=\"790\" data-end=\"825\"><strong data-start=\"790\" data-end=\"799\">R\u00e4der<\/strong> : (bei Bedarf zu erg\u00e4nzen)<\/li>\n<\/ul>\n<hr data-start=\"827\" data-end=\"830\" \/>\n<h3 data-start=\"832\" data-end=\"861\"><strong data-start=\"836\" data-end=\"861\">Standardausr\u00fcstung<\/strong><\/h3>\n<ul>\n<li data-start=\"865\" data-end=\"934\"><strong data-start=\"865\" data-end=\"897\">Verst\u00e4rkte Stahl-\/Holzboden<\/strong> um schwere Lasten zu tragen<\/li>\n<li data-start=\"937\" data-end=\"991\"><strong data-start=\"937\" data-end=\"968\">Robuste Laderampe<\/strong> f\u00fcr Fahrzeuge<\/li>\n<li data-start=\"994\" data-end=\"1046\"><strong data-start=\"994\" data-end=\"1016\">Zurrringe<\/strong> f\u00fcr sichere Befestigung<\/li>\n<li data-start=\"1049\" data-end=\"1116\"><strong data-start=\"1049\" data-end=\"1081\">Gesch\u00fctzte R\u00fcckleuchten<\/strong> und verkehrsrechtlich konform<\/li>\n<li data-start=\"1119\" data-end=\"1178\"><strong data-start=\"1119\" data-end=\"1134\">St\u00fctzrad<\/strong> enthalten f\u00fcr einfache Handhabung im leeren Zustand<\/li>\n<\/ul>\n<hr data-start=\"1180\" data-end=\"1183\" \/>\n<h3 data-start=\"1185\" data-end=\"1205\"><strong data-start=\"1189\" data-end=\"1205\">St\u00e4rken<\/strong><\/h3>\n<ul>\n<li data-start=\"1209\" data-end=\"1276\">Kompakt, aber in der Lage, bis zu 1 Tonne Ausr\u00fcstung zu transportieren<\/li>\n<li data-start=\"1279\" data-end=\"1365\">Geeignet f\u00fcr Minibagger, Vibrationsplatten, kleine Traktoren oder Stromaggregate<\/li>\n<li data-start=\"1368\" data-end=\"1444\">Gelenkige Deichsel bietet hervorragende Man\u00f6vrierbarkeit auf schwierigem Gel\u00e4nde<\/li>\n<li data-start=\"1447\" data-end=\"1504\">Wirksame Bremse f\u00fcr mehr Sicherheit beim Transport<\/li>\n<\/ul>\n","protected":false},"excerpt":{"rendered":"<p>Dieser robuste und wendige Anh\u00e4nger wurde f\u00fcr den Transport kompakter Maschinen entwickelt und eignet sich ideal f\u00fcr Baustellen, landwirtschaftliche Arbeiten oder anspruchsvolle professionelle Anforderungen. Seine sorgf\u00e4ltige Konstruktion garantiert Langlebigkeit, Sicherheit und Leistung.<\/p>\n","protected":false},"featured_media":10314,"comment_status":"open","ping_status":"closed","template":"","meta":[],"product_brand":[],"product_cat":[358,352],"product_tag":[],"class_list":{"0":"post-17391","1":"product","2":"type-product","3":"status-publish","4":"has-post-thumbnail","6":"product_cat-anhaenger-fuer-den-schwermaschinentransport","7":"product_cat-unsere-trailer","9":"first","10":"instock","11":"shipping-taxable","12":"purchasable","13":"product-type-simple"},"yoast_head":"<!-- This site is optimized with the Yoast SEO plugin v27.5 - https:\/\/yoast.com\/product\/yoast-seo-wordpress\/ -->\n<title>Pegd 15 ta 130 Af Maschinentransportanh\u00e4nger \u2013 Zul\u00e4ssiges Gesamtgewicht 1300 Kg - Sagrinex \u2013 Anhaenger, Container &amp; Landtechnik \ud83c\udf3e\ud83d\ude9c<\/title>\n<meta name=\"robots\" content=\"index, follow, max-snippet:-1, max-image-preview:large, max-video-preview:-1\" \/>\n<link rel=\"canonical\" href=\"https:\/\/sagrinex.com\/produit\/pegd-15-ta-130-af-maschinentransportanhaenger-zulaessiges-gesamtgewicht-1300-kg\/?lang=de\" \/>\n<meta property=\"og:locale\" content=\"de_DE\" \/>\n<meta property=\"og:type\" content=\"article\" \/>\n<meta property=\"og:title\" content=\"Pegd 15 ta 130 Af Maschinentransportanh\u00e4nger \u2013 Zul\u00e4ssiges Gesamtgewicht 1300 Kg - Sagrinex \u2013 Anhaenger, Container &amp; Landtechnik \ud83c\udf3e\ud83d\ude9c\" \/>\n<meta property=\"og:description\" content=\"Dieser robuste und wendige Anh\u00e4nger wurde f\u00fcr den Transport kompakter Maschinen entwickelt und eignet sich ideal f\u00fcr Baustellen, landwirtschaftliche Arbeiten oder anspruchsvolle professionelle Anforderungen. Seine sorgf\u00e4ltige Konstruktion garantiert Langlebigkeit, Sicherheit und Leistung.\" \/>\n<meta property=\"og:url\" content=\"https:\/\/sagrinex.com\/produit\/pegd-15-ta-130-af-maschinentransportanhaenger-zulaessiges-gesamtgewicht-1300-kg\/?lang=de\" \/>\n<meta property=\"og:site_name\" content=\"Sagrinex \u2013 Anhaenger, Container &amp; Landtechnik \ud83c\udf3e\ud83d\ude9c\" \/>\n<meta property=\"article:modified_time\" content=\"2026-04-15T21:12:34+00:00\" \/>\n<meta property=\"og:image\" content=\"https:\/\/sagrinex.com\/wp-content\/uploads\/2026\/03\/Image-452.jpeg\" \/>\n\t<meta property=\"og:image:width\" content=\"458\" \/>\n\t<meta property=\"og:image:height\" content=\"458\" \/>\n\t<meta property=\"og:image:type\" content=\"image\/jpeg\" \/>\n<meta name=\"twitter:card\" content=\"summary_large_image\" \/>\n<meta name=\"twitter:label1\" content=\"Gesch\u00e4tzte Lesezeit\" \/>\n\t<meta name=\"twitter:data1\" content=\"1\u00a0Minute\" \/>\n<script type=\"application\/ld+json\" class=\"yoast-schema-graph\">{\"@context\":\"https:\\\/\\\/schema.org\",\"@graph\":[{\"@type\":\"WebPage\",\"@id\":\"https:\\\/\\\/sagrinex.com\\\/produit\\\/pegd-15-ta-130-af-maschinentransportanhaenger-zulaessiges-gesamtgewicht-1300-kg\\\/?lang=de\",\"url\":\"https:\\\/\\\/sagrinex.com\\\/produit\\\/pegd-15-ta-130-af-maschinentransportanhaenger-zulaessiges-gesamtgewicht-1300-kg\\\/?lang=de\",\"name\":\"Pegd 15 ta 130 Af Maschinentransportanh\u00e4nger \u2013 Zul\u00e4ssiges Gesamtgewicht 1300 Kg - Sagrinex \u2013 Anhaenger, Container &amp; Landtechnik \ud83c\udf3e\ud83d\ude9c\",\"isPartOf\":{\"@id\":\"https:\\\/\\\/sagrinex.com\\\/#website\"},\"primaryImageOfPage\":{\"@id\":\"https:\\\/\\\/sagrinex.com\\\/produit\\\/pegd-15-ta-130-af-maschinentransportanhaenger-zulaessiges-gesamtgewicht-1300-kg\\\/?lang=de#primaryimage\"},\"image\":{\"@id\":\"https:\\\/\\\/sagrinex.com\\\/produit\\\/pegd-15-ta-130-af-maschinentransportanhaenger-zulaessiges-gesamtgewicht-1300-kg\\\/?lang=de#primaryimage\"},\"thumbnailUrl\":\"https:\\\/\\\/sagrinex.com\\\/wp-content\\\/uploads\\\/2026\\\/03\\\/Image-452.jpeg\",\"datePublished\":\"2026-04-15T17:57:48+00:00\",\"dateModified\":\"2026-04-15T21:12:34+00:00\",\"breadcrumb\":{\"@id\":\"https:\\\/\\\/sagrinex.com\\\/produit\\\/pegd-15-ta-130-af-maschinentransportanhaenger-zulaessiges-gesamtgewicht-1300-kg\\\/?lang=de#breadcrumb\"},\"inLanguage\":\"de\",\"potentialAction\":[{\"@type\":\"ReadAction\",\"target\":[\"https:\\\/\\\/sagrinex.com\\\/produit\\\/pegd-15-ta-130-af-maschinentransportanhaenger-zulaessiges-gesamtgewicht-1300-kg\\\/?lang=de\"]}]},{\"@type\":\"ImageObject\",\"inLanguage\":\"de\",\"@id\":\"https:\\\/\\\/sagrinex.com\\\/produit\\\/pegd-15-ta-130-af-maschinentransportanhaenger-zulaessiges-gesamtgewicht-1300-kg\\\/?lang=de#primaryimage\",\"url\":\"https:\\\/\\\/sagrinex.com\\\/wp-content\\\/uploads\\\/2026\\\/03\\\/Image-452.jpeg\",\"contentUrl\":\"https:\\\/\\\/sagrinex.com\\\/wp-content\\\/uploads\\\/2026\\\/03\\\/Image-452.jpeg\",\"width\":458,\"height\":458},{\"@type\":\"BreadcrumbList\",\"@id\":\"https:\\\/\\\/sagrinex.com\\\/produit\\\/pegd-15-ta-130-af-maschinentransportanhaenger-zulaessiges-gesamtgewicht-1300-kg\\\/?lang=de#breadcrumb\",\"itemListElement\":[{\"@type\":\"ListItem\",\"position\":1,\"name\":\"Accueil\",\"item\":\"https:\\\/\\\/sagrinex.com\\\/?lang=de\"},{\"@type\":\"ListItem\",\"position\":2,\"name\":\"Shop\",\"item\":\"https:\\\/\\\/sagrinex.com\\\/shop\\\/\"},{\"@type\":\"ListItem\",\"position\":3,\"name\":\"Pegd 15 ta 130 Af Maschinentransportanh\u00e4nger \u2013 Zul\u00e4ssiges Gesamtgewicht 1300 Kg\"}]},{\"@type\":\"WebSite\",\"@id\":\"https:\\\/\\\/sagrinex.com\\\/#website\",\"url\":\"https:\\\/\\\/sagrinex.com\\\/\",\"name\":\"Sagrinex \u2013 Spezialist f\u00fcr Anh\u00e4nger, Container & Landtechnik\",\"description\":\"Anhaenger, Container &amp; Landtechnik \u2014 Online-Verkauf &amp; kostenloses Angebot\",\"publisher\":{\"@id\":\"https:\\\/\\\/sagrinex.com\\\/#organization\"},\"potentialAction\":[{\"@type\":\"SearchAction\",\"target\":{\"@type\":\"EntryPoint\",\"urlTemplate\":\"https:\\\/\\\/sagrinex.com\\\/?s={search_term_string}\"},\"query-input\":{\"@type\":\"PropertyValueSpecification\",\"valueRequired\":true,\"valueName\":\"search_term_string\"}}],\"inLanguage\":\"de\"},{\"@type\":\"Organization\",\"@id\":\"https:\\\/\\\/sagrinex.com\\\/#organization\",\"name\":\"Sagrinex \u2013 Remorques, Conteneurs & Mat\u00e9riel Agricole\",\"url\":\"https:\\\/\\\/sagrinex.com\\\/\",\"logo\":{\"@type\":\"ImageObject\",\"inLanguage\":\"de\",\"@id\":\"https:\\\/\\\/sagrinex.com\\\/#\\\/schema\\\/logo\\\/image\\\/\",\"url\":\"https:\\\/\\\/sagrinex.com\\\/wp-content\\\/uploads\\\/2026\\\/03\\\/7f1ac463-ef5a-425d-bdd6-a5da03a334a9-1024x683.png\",\"contentUrl\":\"https:\\\/\\\/sagrinex.com\\\/wp-content\\\/uploads\\\/2026\\\/03\\\/7f1ac463-ef5a-425d-bdd6-a5da03a334a9-1024x683.png\",\"width\":1024,\"height\":683,\"caption\":\"Sagrinex \u2013 Remorques, Conteneurs & Mat\u00e9riel Agricole\"},\"image\":{\"@id\":\"https:\\\/\\\/sagrinex.com\\\/#\\\/schema\\\/logo\\\/image\\\/\"}}]}<\/script>\n<!-- \/ Yoast SEO plugin. -->","yoast_head_json":{"title":"Pegd 15 ta 130 Af Maschinentransportanh\u00e4nger \u2013 Zul\u00e4ssiges Gesamtgewicht 1300 Kg - Sagrinex \u2013 Anhaenger, Container &amp; Landtechnik \ud83c\udf3e\ud83d\ude9c","robots":{"index":"index","follow":"follow","max-snippet":"max-snippet:-1","max-image-preview":"max-image-preview:large","max-video-preview":"max-video-preview:-1"},"canonical":"https:\/\/sagrinex.com\/produit\/pegd-15-ta-130-af-maschinentransportanhaenger-zulaessiges-gesamtgewicht-1300-kg\/?lang=de","og_locale":"de_DE","og_type":"article","og_title":"Pegd 15 ta 130 Af Maschinentransportanh\u00e4nger \u2013 Zul\u00e4ssiges Gesamtgewicht 1300 Kg - Sagrinex \u2013 Anhaenger, Container &amp; Landtechnik \ud83c\udf3e\ud83d\ude9c","og_description":"Dieser robuste und wendige Anh\u00e4nger wurde f\u00fcr den Transport kompakter Maschinen entwickelt und eignet sich ideal f\u00fcr Baustellen, landwirtschaftliche Arbeiten oder anspruchsvolle professionelle Anforderungen. Seine sorgf\u00e4ltige Konstruktion garantiert Langlebigkeit, Sicherheit und Leistung.","og_url":"https:\/\/sagrinex.com\/produit\/pegd-15-ta-130-af-maschinentransportanhaenger-zulaessiges-gesamtgewicht-1300-kg\/?lang=de","og_site_name":"Sagrinex \u2013 Anhaenger, Container &amp; Landtechnik \ud83c\udf3e\ud83d\ude9c","article_modified_time":"2026-04-15T21:12:34+00:00","og_image":[{"width":458,"height":458,"url":"https:\/\/sagrinex.com\/wp-content\/uploads\/2026\/03\/Image-452.jpeg","type":"image\/jpeg"}],"twitter_card":"summary_large_image","twitter_misc":{"Gesch\u00e4tzte Lesezeit":"1\u00a0Minute"},"schema":{"@context":"https:\/\/schema.org","@graph":[{"@type":"WebPage","@id":"https:\/\/sagrinex.com\/produit\/pegd-15-ta-130-af-maschinentransportanhaenger-zulaessiges-gesamtgewicht-1300-kg\/?lang=de","url":"https:\/\/sagrinex.com\/produit\/pegd-15-ta-130-af-maschinentransportanhaenger-zulaessiges-gesamtgewicht-1300-kg\/?lang=de","name":"Pegd 15 ta 130 Af Maschinentransportanh\u00e4nger \u2013 Zul\u00e4ssiges Gesamtgewicht 1300 Kg - Sagrinex \u2013 Anhaenger, Container &amp; Landtechnik \ud83c\udf3e\ud83d\ude9c","isPartOf":{"@id":"https:\/\/sagrinex.com\/#website"},"primaryImageOfPage":{"@id":"https:\/\/sagrinex.com\/produit\/pegd-15-ta-130-af-maschinentransportanhaenger-zulaessiges-gesamtgewicht-1300-kg\/?lang=de#primaryimage"},"image":{"@id":"https:\/\/sagrinex.com\/produit\/pegd-15-ta-130-af-maschinentransportanhaenger-zulaessiges-gesamtgewicht-1300-kg\/?lang=de#primaryimage"},"thumbnailUrl":"https:\/\/sagrinex.com\/wp-content\/uploads\/2026\/03\/Image-452.jpeg","datePublished":"2026-04-15T17:57:48+00:00","dateModified":"2026-04-15T21:12:34+00:00","breadcrumb":{"@id":"https:\/\/sagrinex.com\/produit\/pegd-15-ta-130-af-maschinentransportanhaenger-zulaessiges-gesamtgewicht-1300-kg\/?lang=de#breadcrumb"},"inLanguage":"de","potentialAction":[{"@type":"ReadAction","target":["https:\/\/sagrinex.com\/produit\/pegd-15-ta-130-af-maschinentransportanhaenger-zulaessiges-gesamtgewicht-1300-kg\/?lang=de"]}]},{"@type":"ImageObject","inLanguage":"de","@id":"https:\/\/sagrinex.com\/produit\/pegd-15-ta-130-af-maschinentransportanhaenger-zulaessiges-gesamtgewicht-1300-kg\/?lang=de#primaryimage","url":"https:\/\/sagrinex.com\/wp-content\/uploads\/2026\/03\/Image-452.jpeg","contentUrl":"https:\/\/sagrinex.com\/wp-content\/uploads\/2026\/03\/Image-452.jpeg","width":458,"height":458},{"@type":"BreadcrumbList","@id":"https:\/\/sagrinex.com\/produit\/pegd-15-ta-130-af-maschinentransportanhaenger-zulaessiges-gesamtgewicht-1300-kg\/?lang=de#breadcrumb","itemListElement":[{"@type":"ListItem","position":1,"name":"Accueil","item":"https:\/\/sagrinex.com\/?lang=de"},{"@type":"ListItem","position":2,"name":"Shop","item":"https:\/\/sagrinex.com\/shop\/"},{"@type":"ListItem","position":3,"name":"Pegd 15 ta 130 Af Maschinentransportanh\u00e4nger \u2013 Zul\u00e4ssiges Gesamtgewicht 1300 Kg"}]},{"@type":"WebSite","@id":"https:\/\/sagrinex.com\/#website","url":"https:\/\/sagrinex.com\/","name":"Sagrinex \u2013 Spezialist f\u00fcr Anh\u00e4nger, Container & Landtechnik","description":"Anhaenger, Container &amp; Landtechnik \u2014 Online-Verkauf &amp; kostenloses Angebot","publisher":{"@id":"https:\/\/sagrinex.com\/#organization"},"potentialAction":[{"@type":"SearchAction","target":{"@type":"EntryPoint","urlTemplate":"https:\/\/sagrinex.com\/?s={search_term_string}"},"query-input":{"@type":"PropertyValueSpecification","valueRequired":true,"valueName":"search_term_string"}}],"inLanguage":"de"},{"@type":"Organization","@id":"https:\/\/sagrinex.com\/#organization","name":"Sagrinex \u2013 Remorques, Conteneurs & Mat\u00e9riel Agricole","url":"https:\/\/sagrinex.com\/","logo":{"@type":"ImageObject","inLanguage":"de","@id":"https:\/\/sagrinex.com\/#\/schema\/logo\/image\/","url":"https:\/\/sagrinex.com\/wp-content\/uploads\/2026\/03\/7f1ac463-ef5a-425d-bdd6-a5da03a334a9-1024x683.png","contentUrl":"https:\/\/sagrinex.com\/wp-content\/uploads\/2026\/03\/7f1ac463-ef5a-425d-bdd6-a5da03a334a9-1024x683.png","width":1024,"height":683,"caption":"Sagrinex \u2013 Remorques, Conteneurs & Mat\u00e9riel Agricole"},"image":{"@id":"https:\/\/sagrinex.com\/#\/schema\/logo\/image\/"}}]}},"jetpack_sharing_enabled":true,"_links":{"self":[{"href":"https:\/\/sagrinex.com\/de\/wp-json\/wp\/v2\/product\/17391","targetHints":{"allow":["GET"]}}],"collection":[{"href":"https:\/\/sagrinex.com\/de\/wp-json\/wp\/v2\/product"}],"about":[{"href":"https:\/\/sagrinex.com\/de\/wp-json\/wp\/v2\/types\/product"}],"replies":[{"embeddable":true,"href":"https:\/\/sagrinex.com\/de\/wp-json\/wp\/v2\/comments?post=17391"}],"version-history":[{"count":0,"href":"https:\/\/sagrinex.com\/de\/wp-json\/wp\/v2\/product\/17391\/revisions"}],"wp:featuredmedia":[{"embeddable":true,"href":"https:\/\/sagrinex.com\/de\/wp-json\/wp\/v2\/media\/10314"}],"wp:attachment":[{"href":"https:\/\/sagrinex.com\/de\/wp-json\/wp\/v2\/media?parent=17391"}],"wp:term":[{"taxonomy":"product_brand","embeddable":true,"href":"https:\/\/sagrinex.com\/de\/wp-json\/wp\/v2\/product_brand?post=17391"},{"taxonomy":"product_cat","embeddable":true,"href":"https:\/\/sagrinex.com\/de\/wp-json\/wp\/v2\/product_cat?post=17391"},{"taxonomy":"product_tag","embeddable":true,"href":"https:\/\/sagrinex.com\/de\/wp-json\/wp\/v2\/product_tag?post=17391"}],"curies":[{"name":"wp","href":"https:\/\/api.w.org\/{rel}","templated":true}]}}