{"id":17394,"date":"2026-04-15T17:59:07","date_gmt":"2026-04-15T17:59:07","guid":{"rendered":"https:\/\/sagrinex.com\/produit\/autotransportanhaenger-39760-lider\/"},"modified":"2026-04-15T17:59:07","modified_gmt":"2026-04-15T17:59:07","slug":"autotransportanhaenger-39760-lider","status":"publish","type":"product","link":"https:\/\/sagrinex.com\/de\/produit\/autotransportanhaenger-39760-lider\/","title":{"rendered":"Autotransportanh\u00e4nger 39760 Lider"},"content":{"rendered":"<h3 data-start=\"540\" data-end=\"575\"><strong data-start=\"544\" data-end=\"575\">Technische Merkmale<\/strong><\/h3>\n<ul data-start=\"577\" data-end=\"1039\">\n<li data-start=\"577\" data-end=\"600\">\n<p data-start=\"579\" data-end=\"600\"><strong data-start=\"579\" data-end=\"589\">PTAC :<\/strong> 2 500 kg<\/p>\n<\/li>\n<li data-start=\"601\" data-end=\"630\">\n<p data-start=\"603\" data-end=\"630\"><strong data-start=\"603\" data-end=\"621\">Leergewicht :<\/strong> 580 kg<\/p>\n<\/li>\n<li data-start=\"631\" data-end=\"662\">\n<p data-start=\"633\" data-end=\"662\"><strong data-start=\"633\" data-end=\"651\">Nutzlast :<\/strong> 1 920 kg<\/p>\n<\/li>\n<li data-start=\"663\" data-end=\"731\">\n<p data-start=\"665\" data-end=\"731\"><strong data-start=\"665\" data-end=\"678\">Achsen :<\/strong> 2 Achsen mit je 1 300 kg, Anh\u00e4nger <strong data-start=\"718\" data-end=\"729\">gebremst<\/strong><\/p>\n<\/li>\n<li data-start=\"732\" data-end=\"752\">\n<p data-start=\"734\" data-end=\"752\"><strong data-start=\"734\" data-end=\"746\">Felgen :<\/strong> 13\u2033<\/p>\n<\/li>\n<li data-start=\"753\" data-end=\"788\">\n<p data-start=\"755\" data-end=\"788\"><strong data-start=\"755\" data-end=\"776\">Ersatzrad :<\/strong> optional<\/p>\n<\/li>\n<li data-start=\"789\" data-end=\"809\">\n<p data-start=\"791\" data-end=\"809\"><strong data-start=\"791\" data-end=\"802\">Deichsel :<\/strong> V-f\u00f6rmig<\/p>\n<\/li>\n<li data-start=\"810\" data-end=\"839\">\n<p data-start=\"812\" data-end=\"839\"><strong data-start=\"812\" data-end=\"829\">St\u00fctzrad :<\/strong> inbegriffen<\/p>\n<\/li>\n<li data-start=\"840\" data-end=\"890\">\n<p data-start=\"842\" data-end=\"890\"><strong data-start=\"842\" data-end=\"859\">Kippvorrichtung :<\/strong> hinten mit <strong data-start=\"873\" data-end=\"888\">Gasfeder<\/strong><\/p>\n<\/li>\n<li data-start=\"891\" data-end=\"931\">\n<p data-start=\"893\" data-end=\"931\"><strong data-start=\"893\" data-end=\"917\">Radposition :<\/strong> au\u00dfen<\/p>\n<\/li>\n<li data-start=\"932\" data-end=\"1039\">\n<p data-start=\"934\" data-end=\"960\"><strong data-start=\"934\" data-end=\"958\">Zubeh\u00f6r im Lieferumfang :<\/strong><\/p>\n<ul data-start=\"963\" data-end=\"1039\">\n<li data-start=\"963\" data-end=\"979\">\n<p data-start=\"965\" data-end=\"979\">Radkeil<\/p>\n<\/li>\n<li data-start=\"982\" data-end=\"1012\">\n<p data-start=\"984\" data-end=\"1012\">Handwinde mit Halterung<\/p>\n<\/li>\n<li data-start=\"1015\" data-end=\"1039\">\n<p data-start=\"1017\" data-end=\"1039\">2 Rampen von 1 200 mm<\/p>\n<\/li>\n<\/ul>\n<\/li>\n<\/ul>\n<h3 data-start=\"1041\" data-end=\"1059\"><strong data-start=\"1045\" data-end=\"1059\">Abmessungen<\/strong><\/h3>\n<ul data-start=\"1061\" data-end=\"1173\">\n<li data-start=\"1061\" data-end=\"1094\">\n<p data-start=\"1063\" data-end=\"1094\"><strong data-start=\"1063\" data-end=\"1083\">Nutzl\u00e4nge :<\/strong> 4 000 mm<\/p>\n<\/li>\n<li data-start=\"1095\" data-end=\"1127\">\n<p data-start=\"1097\" data-end=\"1127\"><strong data-start=\"1097\" data-end=\"1116\">Nutzbreite :<\/strong> 1 900 mm<\/p>\n<\/li>\n<li data-start=\"1128\" data-end=\"1173\">\n<p data-start=\"1130\" data-end=\"1173\"><strong data-start=\"1130\" data-end=\"1154\">Gesamtabmessungen :<\/strong> 4 000 x 1 900 mm<\/p>\n<\/li>\n<\/ul>\n","protected":false},"excerpt":{"rendered":"<p>Der Autotransportanh\u00e4nger <strong data-start=\"207\" data-end=\"222\">Lider 39760<\/strong> ist auf Robustheit, Stabilit\u00e4t und einfache Beladung ausgelegt. Es verf\u00fcgt \u00fcber eine \u00fcberdachte Plattform <strong data-start=\"338\" data-end=\"354\">rutschfest<\/strong> (46 mm breit), <strong data-start=\"378\" data-end=\"403\">zwei abnehmbare Rampen<\/strong> von gro\u00dfer L\u00e4nge f\u00fcr einen einfacheren Zugriff sowie ein <strong data-start=\"463\" data-end=\"494\">Winde mit integrierter St\u00fctze <\/strong>um Lademan\u00f6ver zu erleichtern.<\/p>\n","protected":false},"featured_media":10303,"comment_status":"open","ping_status":"closed","template":"","meta":[],"product_brand":[],"product_cat":[359,352],"product_tag":[],"class_list":{"0":"post-17394","1":"product","2":"type-product","3":"status-publish","4":"has-post-thumbnail","6":"product_cat-autotransportanhaenger","7":"product_cat-unsere-trailer","9":"first","10":"instock","11":"shipping-taxable","12":"purchasable","13":"product-type-simple"},"yoast_head":"<!-- This site is optimized with the Yoast SEO plugin v27.5 - https:\/\/yoast.com\/product\/yoast-seo-wordpress\/ -->\n<title>Autotransportanh\u00e4nger 39760 Lider - Sagrinex \u2013 Anhaenger, Container &amp; Landtechnik \ud83c\udf3e\ud83d\ude9c<\/title>\n<meta name=\"robots\" content=\"index, follow, max-snippet:-1, max-image-preview:large, max-video-preview:-1\" \/>\n<link rel=\"canonical\" href=\"https:\/\/sagrinex.com\/produit\/autotransportanhaenger-39760-lider\/?lang=de\" \/>\n<meta property=\"og:locale\" content=\"de_DE\" \/>\n<meta property=\"og:type\" content=\"article\" \/>\n<meta property=\"og:title\" content=\"Autotransportanh\u00e4nger 39760 Lider - Sagrinex \u2013 Anhaenger, Container &amp; Landtechnik \ud83c\udf3e\ud83d\ude9c\" \/>\n<meta property=\"og:description\" content=\"Der Autotransportanh\u00e4nger Lider 39760 ist auf Robustheit, Stabilit\u00e4t und einfache Beladung ausgelegt. Es verf\u00fcgt \u00fcber eine \u00fcberdachte Plattform rutschfest (46 mm breit), zwei abnehmbare Rampen von gro\u00dfer L\u00e4nge f\u00fcr einen einfacheren Zugriff sowie ein Winde mit integrierter St\u00fctze um Lademan\u00f6ver zu erleichtern.\" \/>\n<meta property=\"og:url\" content=\"https:\/\/sagrinex.com\/produit\/autotransportanhaenger-39760-lider\/?lang=de\" \/>\n<meta property=\"og:site_name\" content=\"Sagrinex \u2013 Anhaenger, Container &amp; Landtechnik \ud83c\udf3e\ud83d\ude9c\" \/>\n<meta name=\"twitter:card\" content=\"summary_large_image\" \/>\n<script type=\"application\/ld+json\" class=\"yoast-schema-graph\">{\"@context\":\"https:\\\/\\\/schema.org\",\"@graph\":[{\"@type\":\"WebPage\",\"@id\":\"https:\\\/\\\/sagrinex.com\\\/produit\\\/autotransportanhaenger-39760-lider\\\/?lang=de\",\"url\":\"https:\\\/\\\/sagrinex.com\\\/produit\\\/autotransportanhaenger-39760-lider\\\/?lang=de\",\"name\":\"Autotransportanh\u00e4nger 39760 Lider - Sagrinex \u2013 Anhaenger, Container &amp; Landtechnik \ud83c\udf3e\ud83d\ude9c\",\"isPartOf\":{\"@id\":\"https:\\\/\\\/sagrinex.com\\\/#website\"},\"primaryImageOfPage\":{\"@id\":\"https:\\\/\\\/sagrinex.com\\\/produit\\\/autotransportanhaenger-39760-lider\\\/?lang=de#primaryimage\"},\"image\":{\"@id\":\"https:\\\/\\\/sagrinex.com\\\/produit\\\/autotransportanhaenger-39760-lider\\\/?lang=de#primaryimage\"},\"thumbnailUrl\":\"https:\\\/\\\/sagrinex.com\\\/wp-content\\\/uploads\\\/2026\\\/03\\\/Image-447.jpeg\",\"datePublished\":\"2026-04-15T17:59:07+00:00\",\"breadcrumb\":{\"@id\":\"https:\\\/\\\/sagrinex.com\\\/produit\\\/autotransportanhaenger-39760-lider\\\/?lang=de#breadcrumb\"},\"inLanguage\":\"de\",\"potentialAction\":[{\"@type\":\"ReadAction\",\"target\":[\"https:\\\/\\\/sagrinex.com\\\/produit\\\/autotransportanhaenger-39760-lider\\\/?lang=de\"]}]},{\"@type\":\"ImageObject\",\"inLanguage\":\"de\",\"@id\":\"https:\\\/\\\/sagrinex.com\\\/produit\\\/autotransportanhaenger-39760-lider\\\/?lang=de#primaryimage\",\"url\":\"https:\\\/\\\/sagrinex.com\\\/wp-content\\\/uploads\\\/2026\\\/03\\\/Image-447.jpeg\",\"contentUrl\":\"https:\\\/\\\/sagrinex.com\\\/wp-content\\\/uploads\\\/2026\\\/03\\\/Image-447.jpeg\",\"width\":488,\"height\":488},{\"@type\":\"BreadcrumbList\",\"@id\":\"https:\\\/\\\/sagrinex.com\\\/produit\\\/autotransportanhaenger-39760-lider\\\/?lang=de#breadcrumb\",\"itemListElement\":[{\"@type\":\"ListItem\",\"position\":1,\"name\":\"Accueil\",\"item\":\"https:\\\/\\\/sagrinex.com\\\/?lang=de\"},{\"@type\":\"ListItem\",\"position\":2,\"name\":\"Shop\",\"item\":\"https:\\\/\\\/sagrinex.com\\\/shop\\\/\"},{\"@type\":\"ListItem\",\"position\":3,\"name\":\"Autotransportanh\u00e4nger 39760 Lider\"}]},{\"@type\":\"WebSite\",\"@id\":\"https:\\\/\\\/sagrinex.com\\\/#website\",\"url\":\"https:\\\/\\\/sagrinex.com\\\/\",\"name\":\"Sagrinex \u2013 Spezialist f\u00fcr Anh\u00e4nger, Container & Landtechnik\",\"description\":\"Anhaenger, Container &amp; Landtechnik \u2014 Online-Verkauf &amp; kostenloses Angebot\",\"publisher\":{\"@id\":\"https:\\\/\\\/sagrinex.com\\\/#organization\"},\"potentialAction\":[{\"@type\":\"SearchAction\",\"target\":{\"@type\":\"EntryPoint\",\"urlTemplate\":\"https:\\\/\\\/sagrinex.com\\\/?s={search_term_string}\"},\"query-input\":{\"@type\":\"PropertyValueSpecification\",\"valueRequired\":true,\"valueName\":\"search_term_string\"}}],\"inLanguage\":\"de\"},{\"@type\":\"Organization\",\"@id\":\"https:\\\/\\\/sagrinex.com\\\/#organization\",\"name\":\"Sagrinex \u2013 Remorques, Conteneurs & Mat\u00e9riel Agricole\",\"url\":\"https:\\\/\\\/sagrinex.com\\\/\",\"logo\":{\"@type\":\"ImageObject\",\"inLanguage\":\"de\",\"@id\":\"https:\\\/\\\/sagrinex.com\\\/#\\\/schema\\\/logo\\\/image\\\/\",\"url\":\"https:\\\/\\\/sagrinex.com\\\/wp-content\\\/uploads\\\/2026\\\/03\\\/7f1ac463-ef5a-425d-bdd6-a5da03a334a9-1024x683.png\",\"contentUrl\":\"https:\\\/\\\/sagrinex.com\\\/wp-content\\\/uploads\\\/2026\\\/03\\\/7f1ac463-ef5a-425d-bdd6-a5da03a334a9-1024x683.png\",\"width\":1024,\"height\":683,\"caption\":\"Sagrinex \u2013 Remorques, Conteneurs & Mat\u00e9riel Agricole\"},\"image\":{\"@id\":\"https:\\\/\\\/sagrinex.com\\\/#\\\/schema\\\/logo\\\/image\\\/\"}}]}<\/script>\n<!-- \/ Yoast SEO plugin. -->","yoast_head_json":{"title":"Autotransportanh\u00e4nger 39760 Lider - Sagrinex \u2013 Anhaenger, Container &amp; Landtechnik \ud83c\udf3e\ud83d\ude9c","robots":{"index":"index","follow":"follow","max-snippet":"max-snippet:-1","max-image-preview":"max-image-preview:large","max-video-preview":"max-video-preview:-1"},"canonical":"https:\/\/sagrinex.com\/produit\/autotransportanhaenger-39760-lider\/?lang=de","og_locale":"de_DE","og_type":"article","og_title":"Autotransportanh\u00e4nger 39760 Lider - Sagrinex \u2013 Anhaenger, Container &amp; Landtechnik \ud83c\udf3e\ud83d\ude9c","og_description":"Der Autotransportanh\u00e4nger Lider 39760 ist auf Robustheit, Stabilit\u00e4t und einfache Beladung ausgelegt. Es verf\u00fcgt \u00fcber eine \u00fcberdachte Plattform rutschfest (46 mm breit), zwei abnehmbare Rampen von gro\u00dfer L\u00e4nge f\u00fcr einen einfacheren Zugriff sowie ein Winde mit integrierter St\u00fctze um Lademan\u00f6ver zu erleichtern.","og_url":"https:\/\/sagrinex.com\/produit\/autotransportanhaenger-39760-lider\/?lang=de","og_site_name":"Sagrinex \u2013 Anhaenger, Container &amp; Landtechnik \ud83c\udf3e\ud83d\ude9c","twitter_card":"summary_large_image","schema":{"@context":"https:\/\/schema.org","@graph":[{"@type":"WebPage","@id":"https:\/\/sagrinex.com\/produit\/autotransportanhaenger-39760-lider\/?lang=de","url":"https:\/\/sagrinex.com\/produit\/autotransportanhaenger-39760-lider\/?lang=de","name":"Autotransportanh\u00e4nger 39760 Lider - Sagrinex \u2013 Anhaenger, Container &amp; Landtechnik \ud83c\udf3e\ud83d\ude9c","isPartOf":{"@id":"https:\/\/sagrinex.com\/#website"},"primaryImageOfPage":{"@id":"https:\/\/sagrinex.com\/produit\/autotransportanhaenger-39760-lider\/?lang=de#primaryimage"},"image":{"@id":"https:\/\/sagrinex.com\/produit\/autotransportanhaenger-39760-lider\/?lang=de#primaryimage"},"thumbnailUrl":"https:\/\/sagrinex.com\/wp-content\/uploads\/2026\/03\/Image-447.jpeg","datePublished":"2026-04-15T17:59:07+00:00","breadcrumb":{"@id":"https:\/\/sagrinex.com\/produit\/autotransportanhaenger-39760-lider\/?lang=de#breadcrumb"},"inLanguage":"de","potentialAction":[{"@type":"ReadAction","target":["https:\/\/sagrinex.com\/produit\/autotransportanhaenger-39760-lider\/?lang=de"]}]},{"@type":"ImageObject","inLanguage":"de","@id":"https:\/\/sagrinex.com\/produit\/autotransportanhaenger-39760-lider\/?lang=de#primaryimage","url":"https:\/\/sagrinex.com\/wp-content\/uploads\/2026\/03\/Image-447.jpeg","contentUrl":"https:\/\/sagrinex.com\/wp-content\/uploads\/2026\/03\/Image-447.jpeg","width":488,"height":488},{"@type":"BreadcrumbList","@id":"https:\/\/sagrinex.com\/produit\/autotransportanhaenger-39760-lider\/?lang=de#breadcrumb","itemListElement":[{"@type":"ListItem","position":1,"name":"Accueil","item":"https:\/\/sagrinex.com\/?lang=de"},{"@type":"ListItem","position":2,"name":"Shop","item":"https:\/\/sagrinex.com\/shop\/"},{"@type":"ListItem","position":3,"name":"Autotransportanh\u00e4nger 39760 Lider"}]},{"@type":"WebSite","@id":"https:\/\/sagrinex.com\/#website","url":"https:\/\/sagrinex.com\/","name":"Sagrinex \u2013 Spezialist f\u00fcr Anh\u00e4nger, Container & Landtechnik","description":"Anhaenger, Container &amp; Landtechnik \u2014 Online-Verkauf &amp; kostenloses Angebot","publisher":{"@id":"https:\/\/sagrinex.com\/#organization"},"potentialAction":[{"@type":"SearchAction","target":{"@type":"EntryPoint","urlTemplate":"https:\/\/sagrinex.com\/?s={search_term_string}"},"query-input":{"@type":"PropertyValueSpecification","valueRequired":true,"valueName":"search_term_string"}}],"inLanguage":"de"},{"@type":"Organization","@id":"https:\/\/sagrinex.com\/#organization","name":"Sagrinex \u2013 Remorques, Conteneurs & Mat\u00e9riel Agricole","url":"https:\/\/sagrinex.com\/","logo":{"@type":"ImageObject","inLanguage":"de","@id":"https:\/\/sagrinex.com\/#\/schema\/logo\/image\/","url":"https:\/\/sagrinex.com\/wp-content\/uploads\/2026\/03\/7f1ac463-ef5a-425d-bdd6-a5da03a334a9-1024x683.png","contentUrl":"https:\/\/sagrinex.com\/wp-content\/uploads\/2026\/03\/7f1ac463-ef5a-425d-bdd6-a5da03a334a9-1024x683.png","width":1024,"height":683,"caption":"Sagrinex \u2013 Remorques, Conteneurs & Mat\u00e9riel Agricole"},"image":{"@id":"https:\/\/sagrinex.com\/#\/schema\/logo\/image\/"}}]}},"jetpack_sharing_enabled":true,"_links":{"self":[{"href":"https:\/\/sagrinex.com\/de\/wp-json\/wp\/v2\/product\/17394","targetHints":{"allow":["GET"]}}],"collection":[{"href":"https:\/\/sagrinex.com\/de\/wp-json\/wp\/v2\/product"}],"about":[{"href":"https:\/\/sagrinex.com\/de\/wp-json\/wp\/v2\/types\/product"}],"replies":[{"embeddable":true,"href":"https:\/\/sagrinex.com\/de\/wp-json\/wp\/v2\/comments?post=17394"}],"version-history":[{"count":0,"href":"https:\/\/sagrinex.com\/de\/wp-json\/wp\/v2\/product\/17394\/revisions"}],"wp:featuredmedia":[{"embeddable":true,"href":"https:\/\/sagrinex.com\/de\/wp-json\/wp\/v2\/media\/10303"}],"wp:attachment":[{"href":"https:\/\/sagrinex.com\/de\/wp-json\/wp\/v2\/media?parent=17394"}],"wp:term":[{"taxonomy":"product_brand","embeddable":true,"href":"https:\/\/sagrinex.com\/de\/wp-json\/wp\/v2\/product_brand?post=17394"},{"taxonomy":"product_cat","embeddable":true,"href":"https:\/\/sagrinex.com\/de\/wp-json\/wp\/v2\/product_cat?post=17394"},{"taxonomy":"product_tag","embeddable":true,"href":"https:\/\/sagrinex.com\/de\/wp-json\/wp\/v2\/product_tag?post=17394"}],"curies":[{"name":"wp","href":"https:\/\/api.w.org\/{rel}","templated":true}]}}