{"id":17396,"date":"2026-04-15T18:10:42","date_gmt":"2026-04-15T18:10:42","guid":{"rendered":"https:\/\/sagrinex.com\/produit\/schlegelmaeher-orec-hr662-schnittbreite-65-cm\/"},"modified":"2026-04-15T21:12:34","modified_gmt":"2026-04-15T21:12:34","slug":"schlegelmaeher-orec-hr662-schnittbreite-65-cm","status":"publish","type":"product","link":"https:\/\/sagrinex.com\/de\/produit\/schlegelmaeher-orec-hr662-schnittbreite-65-cm\/","title":{"rendered":"Schlegelm\u00e4her Orec HR662 \u2013 Schnittbreite 65 Cm"},"content":{"rendered":"<h1 class=\"ng-scope\"><strong>EIGENSCHAFTEN<\/strong><\/h1>\n<section id=\"product-informations\" class=\"elementor-element elementor-element-30b2c2c9 elementor-widget-nav-menu elementor-section-tabbed elementor-nav--align-left elementor-section-boxed elementor-section-height-default elementor-section-height-default elementor-section elementor-top-section\" data-id=\"30b2c2c9\" data-element_type=\"section\">\n<div class=\"elementor-container elementor-column-gap-default\">\n<div class=\"elementor-row\">\n<div class=\"elementor-element elementor-element-650a62d6 elementor-column elementor-col-100 elementor-top-column animated elementor-active fadeIn\" data-id=\"650a62d6\" data-element_type=\"column\" data-settings=\"{&quot;animation&quot;:&quot;fadeIn&quot;}\">\n<div class=\"elementor-column-wrap elementor-element-populated\">\n<div class=\"elementor-widget-wrap\">\n<div class=\"elementor-element elementor-element-3fc305a elementor-widget elementor-widget-product-features\" data-id=\"3fc305a\" data-element_type=\"widget\" data-widget_type=\"product-features.default\">\n<div class=\"elementor-widget-container\">\n<table class=\"ce-product-features\" width=\"1003\">\n<tbody>\n<tr class=\"ce-product-features__row\">\n<th class=\"ce-product-features__label\">Energietyp<\/th>\n<td class=\"ce-product-features__value\">Thermisch<\/td>\n<\/tr>\n<tr class=\"ce-product-features__row\">\n<th class=\"ce-product-features__label\">Motor<\/th>\n<td class=\"ce-product-features__value\">Honda GX270<\/td>\n<\/tr>\n<tr class=\"ce-product-features__row\">\n<th class=\"ce-product-features__label\">Hubraum<\/th>\n<td class=\"ce-product-features__value\">270 cc<\/td>\n<\/tr>\n<tr class=\"ce-product-features__row\">\n<th class=\"ce-product-features__label\">Leistung<\/th>\n<td class=\"ce-product-features__value\">8,4 CV\/ 6,3 KW<\/td>\n<\/tr>\n<tr class=\"ce-product-features__row\">\n<th class=\"ce-product-features__label\">Garantie (Privatnutzer)<\/th>\n<td class=\"ce-product-features__value\">2 Jahre<\/td>\n<\/tr>\n<tr class=\"ce-product-features__row\">\n<th class=\"ce-product-features__label\">Gewicht<\/th>\n<td class=\"ce-product-features__value\">160 kg<\/td>\n<\/tr>\n<tr class=\"ce-product-features__row\">\n<th class=\"ce-product-features__label\">Arbeitsbreite<\/th>\n<td class=\"ce-product-features__value\">65 cm<\/td>\n<\/tr>\n<tr class=\"ce-product-features__row\">\n<th class=\"ce-product-features__label\">Abmessungen L x B x H cm<\/th>\n<td class=\"ce-product-features__value\">164 x 79 x 93 cm<\/td>\n<\/tr>\n<tr class=\"ce-product-features__row\">\n<th class=\"ce-product-features__label\">Schneidewerkzeuge<\/th>\n<td class=\"ce-product-features__value\">38 Messer<\/td>\n<\/tr>\n<tr class=\"ce-product-features__row\">\n<th class=\"ce-product-features__label\">G\u00e4nge<\/th>\n<td class=\"ce-product-features__value\">3(3,45) \/ 2(1,96) \/ 1(0,94) \/ R(0,94)<\/td>\n<\/tr>\n<tr class=\"ce-product-features__row\">\n<th class=\"ce-product-features__label\">Schnitth\u00f6he<\/th>\n<td class=\"ce-product-features__value\">5 cm bis 11 cm<\/td>\n<\/tr>\n<tr class=\"ce-product-features__row\">\n<th class=\"ce-product-features__label\">Kraftstofftank-Kapazit\u00e4t<\/th>\n<td class=\"ce-product-features__value\">5,3 L<\/td>\n<\/tr>\n<tr class=\"ce-product-features__row\">\n<th class=\"ce-product-features__label\">Getriebe<\/th>\n<td class=\"ce-product-features__value\">Mechanisch<\/td>\n<\/tr>\n<\/tbody>\n<\/table>\n<\/div>\n<\/div>\n<\/div>\n<\/div>\n<\/div>\n<\/div>\n<\/div>\n<\/section>\n","protected":false},"excerpt":{"rendered":"<p>Der Schlegel-Freischneider OREC HR 662 ist <strong>geboren f\u00fcr landwirtschaftliche Zwecke<\/strong> und <strong>ist eines der besten Werkzeuge.<\/strong> <strong>Praktisch und handlich,<\/strong> sie ist <strong>der Beste in seinem Anwendungsbereich.<\/strong><\/p>\n<p><strong>Unbebautes Land, Stra\u00dfenb\u00f6schungen, Unterholz, Brombeerstr\u00e4ucher, absch\u00fcssiges Gel\u00e4nde, Terrassen<\/strong>, sind die Hauptfunktionen des OREC HR 662 Rasenm\u00e4hers.<\/p>\n<p>Jahr f\u00fcr Jahr, <strong>Schlegelm\u00e4her von Orec haben sich einen un\u00fcbertroffenen Ruf erworben.<\/strong> Alles dank ihrer <strong>Robustheit und ihre F\u00e4higkeit, Reinigungsarbeiten mit Bravour zu meistern<\/strong> am <strong>Fl\u00e4chen mit Str\u00e4uchern, dichter Vegetation und zum Reinigen von leichten landwirtschaftlichen Schnitten von Weinbergen, Olivenb\u00e4umen und Obstg\u00e4rten.<\/strong><\/p>\n","protected":false},"featured_media":10296,"comment_status":"open","ping_status":"closed","template":"","meta":[],"product_brand":[],"product_cat":[326,320],"product_tag":[],"class_list":{"0":"post-17396","1":"product","2":"type-product","3":"status-publish","4":"has-post-thumbnail","6":"product_cat-freischneider","7":"product_cat-unsere-rasenmaher","9":"first","10":"instock","11":"shipping-taxable","12":"purchasable","13":"product-type-simple"},"yoast_head":"<!-- This site is optimized with the Yoast SEO plugin v27.5 - https:\/\/yoast.com\/product\/yoast-seo-wordpress\/ -->\n<title>Schlegelm\u00e4her Orec HR662 \u2013 Schnittbreite 65 Cm - Sagrinex \u2013 Anhaenger, Container &amp; Landtechnik \ud83c\udf3e\ud83d\ude9c<\/title>\n<meta name=\"robots\" content=\"index, follow, max-snippet:-1, max-image-preview:large, max-video-preview:-1\" \/>\n<link rel=\"canonical\" href=\"https:\/\/sagrinex.com\/produit\/schlegelmaeher-orec-hr662-schnittbreite-65-cm\/?lang=de\" \/>\n<meta property=\"og:locale\" content=\"de_DE\" \/>\n<meta property=\"og:type\" content=\"article\" \/>\n<meta property=\"og:title\" content=\"Schlegelm\u00e4her Orec HR662 \u2013 Schnittbreite 65 Cm - Sagrinex \u2013 Anhaenger, Container &amp; Landtechnik \ud83c\udf3e\ud83d\ude9c\" \/>\n<meta property=\"og:description\" content=\"Der Schlegel-Freischneider OREC HR 662 ist geboren f\u00fcr landwirtschaftliche Zwecke und ist eines der besten Werkzeuge. Praktisch und handlich, sie ist der Beste in seinem Anwendungsbereich. Unbebautes Land, Stra\u00dfenb\u00f6schungen, Unterholz, Brombeerstr\u00e4ucher, absch\u00fcssiges Gel\u00e4nde, Terrassen, sind die Hauptfunktionen des OREC HR 662 Rasenm\u00e4hers. Jahr f\u00fcr Jahr, Schlegelm\u00e4her von Orec haben sich einen un\u00fcbertroffenen Ruf erworben. Alles dank ihrer Robustheit und ihre F\u00e4higkeit, Reinigungsarbeiten mit Bravour zu meistern am Fl\u00e4chen mit Str\u00e4uchern, dichter Vegetation und zum Reinigen von leichten landwirtschaftlichen Schnitten von Weinbergen, Olivenb\u00e4umen und Obstg\u00e4rten.\" \/>\n<meta property=\"og:url\" content=\"https:\/\/sagrinex.com\/produit\/schlegelmaeher-orec-hr662-schnittbreite-65-cm\/?lang=de\" \/>\n<meta property=\"og:site_name\" content=\"Sagrinex \u2013 Anhaenger, Container &amp; Landtechnik \ud83c\udf3e\ud83d\ude9c\" \/>\n<meta property=\"article:modified_time\" content=\"2026-04-15T21:12:34+00:00\" \/>\n<meta property=\"og:image\" content=\"https:\/\/sagrinex.com\/wp-content\/uploads\/2026\/03\/Image-442.jpeg\" \/>\n\t<meta property=\"og:image:width\" content=\"800\" \/>\n\t<meta property=\"og:image:height\" content=\"800\" \/>\n\t<meta property=\"og:image:type\" content=\"image\/jpeg\" \/>\n<meta name=\"twitter:card\" content=\"summary_large_image\" \/>\n<script type=\"application\/ld+json\" class=\"yoast-schema-graph\">{\"@context\":\"https:\\\/\\\/schema.org\",\"@graph\":[{\"@type\":\"WebPage\",\"@id\":\"https:\\\/\\\/sagrinex.com\\\/produit\\\/schlegelmaeher-orec-hr662-schnittbreite-65-cm\\\/?lang=de\",\"url\":\"https:\\\/\\\/sagrinex.com\\\/produit\\\/schlegelmaeher-orec-hr662-schnittbreite-65-cm\\\/?lang=de\",\"name\":\"Schlegelm\u00e4her Orec HR662 \u2013 Schnittbreite 65 Cm - Sagrinex \u2013 Anhaenger, Container &amp; Landtechnik \ud83c\udf3e\ud83d\ude9c\",\"isPartOf\":{\"@id\":\"https:\\\/\\\/sagrinex.com\\\/#website\"},\"primaryImageOfPage\":{\"@id\":\"https:\\\/\\\/sagrinex.com\\\/produit\\\/schlegelmaeher-orec-hr662-schnittbreite-65-cm\\\/?lang=de#primaryimage\"},\"image\":{\"@id\":\"https:\\\/\\\/sagrinex.com\\\/produit\\\/schlegelmaeher-orec-hr662-schnittbreite-65-cm\\\/?lang=de#primaryimage\"},\"thumbnailUrl\":\"https:\\\/\\\/sagrinex.com\\\/wp-content\\\/uploads\\\/2026\\\/03\\\/Image-442.jpeg\",\"datePublished\":\"2026-04-15T18:10:42+00:00\",\"dateModified\":\"2026-04-15T21:12:34+00:00\",\"breadcrumb\":{\"@id\":\"https:\\\/\\\/sagrinex.com\\\/produit\\\/schlegelmaeher-orec-hr662-schnittbreite-65-cm\\\/?lang=de#breadcrumb\"},\"inLanguage\":\"de\",\"potentialAction\":[{\"@type\":\"ReadAction\",\"target\":[\"https:\\\/\\\/sagrinex.com\\\/produit\\\/schlegelmaeher-orec-hr662-schnittbreite-65-cm\\\/?lang=de\"]}]},{\"@type\":\"ImageObject\",\"inLanguage\":\"de\",\"@id\":\"https:\\\/\\\/sagrinex.com\\\/produit\\\/schlegelmaeher-orec-hr662-schnittbreite-65-cm\\\/?lang=de#primaryimage\",\"url\":\"https:\\\/\\\/sagrinex.com\\\/wp-content\\\/uploads\\\/2026\\\/03\\\/Image-442.jpeg\",\"contentUrl\":\"https:\\\/\\\/sagrinex.com\\\/wp-content\\\/uploads\\\/2026\\\/03\\\/Image-442.jpeg\",\"width\":800,\"height\":800},{\"@type\":\"BreadcrumbList\",\"@id\":\"https:\\\/\\\/sagrinex.com\\\/produit\\\/schlegelmaeher-orec-hr662-schnittbreite-65-cm\\\/?lang=de#breadcrumb\",\"itemListElement\":[{\"@type\":\"ListItem\",\"position\":1,\"name\":\"Accueil\",\"item\":\"https:\\\/\\\/sagrinex.com\\\/?lang=de\"},{\"@type\":\"ListItem\",\"position\":2,\"name\":\"Shop\",\"item\":\"https:\\\/\\\/sagrinex.com\\\/shop\\\/\"},{\"@type\":\"ListItem\",\"position\":3,\"name\":\"Schlegelm\u00e4her Orec HR662 \u2013 Schnittbreite 65 Cm\"}]},{\"@type\":\"WebSite\",\"@id\":\"https:\\\/\\\/sagrinex.com\\\/#website\",\"url\":\"https:\\\/\\\/sagrinex.com\\\/\",\"name\":\"Sagrinex \u2013 Spezialist f\u00fcr Anh\u00e4nger, Container & Landtechnik\",\"description\":\"Anhaenger, Container &amp; Landtechnik \u2014 Online-Verkauf &amp; kostenloses Angebot\",\"publisher\":{\"@id\":\"https:\\\/\\\/sagrinex.com\\\/#organization\"},\"potentialAction\":[{\"@type\":\"SearchAction\",\"target\":{\"@type\":\"EntryPoint\",\"urlTemplate\":\"https:\\\/\\\/sagrinex.com\\\/?s={search_term_string}\"},\"query-input\":{\"@type\":\"PropertyValueSpecification\",\"valueRequired\":true,\"valueName\":\"search_term_string\"}}],\"inLanguage\":\"de\"},{\"@type\":\"Organization\",\"@id\":\"https:\\\/\\\/sagrinex.com\\\/#organization\",\"name\":\"Sagrinex \u2013 Remorques, Conteneurs & Mat\u00e9riel Agricole\",\"url\":\"https:\\\/\\\/sagrinex.com\\\/\",\"logo\":{\"@type\":\"ImageObject\",\"inLanguage\":\"de\",\"@id\":\"https:\\\/\\\/sagrinex.com\\\/#\\\/schema\\\/logo\\\/image\\\/\",\"url\":\"https:\\\/\\\/sagrinex.com\\\/wp-content\\\/uploads\\\/2026\\\/03\\\/7f1ac463-ef5a-425d-bdd6-a5da03a334a9-1024x683.png\",\"contentUrl\":\"https:\\\/\\\/sagrinex.com\\\/wp-content\\\/uploads\\\/2026\\\/03\\\/7f1ac463-ef5a-425d-bdd6-a5da03a334a9-1024x683.png\",\"width\":1024,\"height\":683,\"caption\":\"Sagrinex \u2013 Remorques, Conteneurs & Mat\u00e9riel Agricole\"},\"image\":{\"@id\":\"https:\\\/\\\/sagrinex.com\\\/#\\\/schema\\\/logo\\\/image\\\/\"}}]}<\/script>\n<!-- \/ Yoast SEO plugin. -->","yoast_head_json":{"title":"Schlegelm\u00e4her Orec HR662 \u2013 Schnittbreite 65 Cm - Sagrinex \u2013 Anhaenger, Container &amp; Landtechnik \ud83c\udf3e\ud83d\ude9c","robots":{"index":"index","follow":"follow","max-snippet":"max-snippet:-1","max-image-preview":"max-image-preview:large","max-video-preview":"max-video-preview:-1"},"canonical":"https:\/\/sagrinex.com\/produit\/schlegelmaeher-orec-hr662-schnittbreite-65-cm\/?lang=de","og_locale":"de_DE","og_type":"article","og_title":"Schlegelm\u00e4her Orec HR662 \u2013 Schnittbreite 65 Cm - Sagrinex \u2013 Anhaenger, Container &amp; Landtechnik \ud83c\udf3e\ud83d\ude9c","og_description":"Der Schlegel-Freischneider OREC HR 662 ist geboren f\u00fcr landwirtschaftliche Zwecke und ist eines der besten Werkzeuge. Praktisch und handlich, sie ist der Beste in seinem Anwendungsbereich. Unbebautes Land, Stra\u00dfenb\u00f6schungen, Unterholz, Brombeerstr\u00e4ucher, absch\u00fcssiges Gel\u00e4nde, Terrassen, sind die Hauptfunktionen des OREC HR 662 Rasenm\u00e4hers. Jahr f\u00fcr Jahr, Schlegelm\u00e4her von Orec haben sich einen un\u00fcbertroffenen Ruf erworben. Alles dank ihrer Robustheit und ihre F\u00e4higkeit, Reinigungsarbeiten mit Bravour zu meistern am Fl\u00e4chen mit Str\u00e4uchern, dichter Vegetation und zum Reinigen von leichten landwirtschaftlichen Schnitten von Weinbergen, Olivenb\u00e4umen und Obstg\u00e4rten.","og_url":"https:\/\/sagrinex.com\/produit\/schlegelmaeher-orec-hr662-schnittbreite-65-cm\/?lang=de","og_site_name":"Sagrinex \u2013 Anhaenger, Container &amp; Landtechnik \ud83c\udf3e\ud83d\ude9c","article_modified_time":"2026-04-15T21:12:34+00:00","og_image":[{"width":800,"height":800,"url":"https:\/\/sagrinex.com\/wp-content\/uploads\/2026\/03\/Image-442.jpeg","type":"image\/jpeg"}],"twitter_card":"summary_large_image","schema":{"@context":"https:\/\/schema.org","@graph":[{"@type":"WebPage","@id":"https:\/\/sagrinex.com\/produit\/schlegelmaeher-orec-hr662-schnittbreite-65-cm\/?lang=de","url":"https:\/\/sagrinex.com\/produit\/schlegelmaeher-orec-hr662-schnittbreite-65-cm\/?lang=de","name":"Schlegelm\u00e4her Orec HR662 \u2013 Schnittbreite 65 Cm - Sagrinex \u2013 Anhaenger, Container &amp; Landtechnik \ud83c\udf3e\ud83d\ude9c","isPartOf":{"@id":"https:\/\/sagrinex.com\/#website"},"primaryImageOfPage":{"@id":"https:\/\/sagrinex.com\/produit\/schlegelmaeher-orec-hr662-schnittbreite-65-cm\/?lang=de#primaryimage"},"image":{"@id":"https:\/\/sagrinex.com\/produit\/schlegelmaeher-orec-hr662-schnittbreite-65-cm\/?lang=de#primaryimage"},"thumbnailUrl":"https:\/\/sagrinex.com\/wp-content\/uploads\/2026\/03\/Image-442.jpeg","datePublished":"2026-04-15T18:10:42+00:00","dateModified":"2026-04-15T21:12:34+00:00","breadcrumb":{"@id":"https:\/\/sagrinex.com\/produit\/schlegelmaeher-orec-hr662-schnittbreite-65-cm\/?lang=de#breadcrumb"},"inLanguage":"de","potentialAction":[{"@type":"ReadAction","target":["https:\/\/sagrinex.com\/produit\/schlegelmaeher-orec-hr662-schnittbreite-65-cm\/?lang=de"]}]},{"@type":"ImageObject","inLanguage":"de","@id":"https:\/\/sagrinex.com\/produit\/schlegelmaeher-orec-hr662-schnittbreite-65-cm\/?lang=de#primaryimage","url":"https:\/\/sagrinex.com\/wp-content\/uploads\/2026\/03\/Image-442.jpeg","contentUrl":"https:\/\/sagrinex.com\/wp-content\/uploads\/2026\/03\/Image-442.jpeg","width":800,"height":800},{"@type":"BreadcrumbList","@id":"https:\/\/sagrinex.com\/produit\/schlegelmaeher-orec-hr662-schnittbreite-65-cm\/?lang=de#breadcrumb","itemListElement":[{"@type":"ListItem","position":1,"name":"Accueil","item":"https:\/\/sagrinex.com\/?lang=de"},{"@type":"ListItem","position":2,"name":"Shop","item":"https:\/\/sagrinex.com\/shop\/"},{"@type":"ListItem","position":3,"name":"Schlegelm\u00e4her Orec HR662 \u2013 Schnittbreite 65 Cm"}]},{"@type":"WebSite","@id":"https:\/\/sagrinex.com\/#website","url":"https:\/\/sagrinex.com\/","name":"Sagrinex \u2013 Spezialist f\u00fcr Anh\u00e4nger, Container & Landtechnik","description":"Anhaenger, Container &amp; Landtechnik \u2014 Online-Verkauf &amp; kostenloses Angebot","publisher":{"@id":"https:\/\/sagrinex.com\/#organization"},"potentialAction":[{"@type":"SearchAction","target":{"@type":"EntryPoint","urlTemplate":"https:\/\/sagrinex.com\/?s={search_term_string}"},"query-input":{"@type":"PropertyValueSpecification","valueRequired":true,"valueName":"search_term_string"}}],"inLanguage":"de"},{"@type":"Organization","@id":"https:\/\/sagrinex.com\/#organization","name":"Sagrinex \u2013 Remorques, Conteneurs & Mat\u00e9riel Agricole","url":"https:\/\/sagrinex.com\/","logo":{"@type":"ImageObject","inLanguage":"de","@id":"https:\/\/sagrinex.com\/#\/schema\/logo\/image\/","url":"https:\/\/sagrinex.com\/wp-content\/uploads\/2026\/03\/7f1ac463-ef5a-425d-bdd6-a5da03a334a9-1024x683.png","contentUrl":"https:\/\/sagrinex.com\/wp-content\/uploads\/2026\/03\/7f1ac463-ef5a-425d-bdd6-a5da03a334a9-1024x683.png","width":1024,"height":683,"caption":"Sagrinex \u2013 Remorques, Conteneurs & Mat\u00e9riel Agricole"},"image":{"@id":"https:\/\/sagrinex.com\/#\/schema\/logo\/image\/"}}]}},"jetpack_sharing_enabled":true,"_links":{"self":[{"href":"https:\/\/sagrinex.com\/de\/wp-json\/wp\/v2\/product\/17396","targetHints":{"allow":["GET"]}}],"collection":[{"href":"https:\/\/sagrinex.com\/de\/wp-json\/wp\/v2\/product"}],"about":[{"href":"https:\/\/sagrinex.com\/de\/wp-json\/wp\/v2\/types\/product"}],"replies":[{"embeddable":true,"href":"https:\/\/sagrinex.com\/de\/wp-json\/wp\/v2\/comments?post=17396"}],"version-history":[{"count":0,"href":"https:\/\/sagrinex.com\/de\/wp-json\/wp\/v2\/product\/17396\/revisions"}],"wp:featuredmedia":[{"embeddable":true,"href":"https:\/\/sagrinex.com\/de\/wp-json\/wp\/v2\/media\/10296"}],"wp:attachment":[{"href":"https:\/\/sagrinex.com\/de\/wp-json\/wp\/v2\/media?parent=17396"}],"wp:term":[{"taxonomy":"product_brand","embeddable":true,"href":"https:\/\/sagrinex.com\/de\/wp-json\/wp\/v2\/product_brand?post=17396"},{"taxonomy":"product_cat","embeddable":true,"href":"https:\/\/sagrinex.com\/de\/wp-json\/wp\/v2\/product_cat?post=17396"},{"taxonomy":"product_tag","embeddable":true,"href":"https:\/\/sagrinex.com\/de\/wp-json\/wp\/v2\/product_tag?post=17396"}],"curies":[{"name":"wp","href":"https:\/\/api.w.org\/{rel}","templated":true}]}}