{"id":17397,"date":"2026-04-15T18:11:03","date_gmt":"2026-04-15T18:11:03","guid":{"rendered":"https:\/\/sagrinex.com\/produit\/orec-hr801-hydrostatischer-schlegelmulcher\/"},"modified":"2026-04-15T21:12:34","modified_gmt":"2026-04-15T21:12:34","slug":"orec-hr801-hydrostatischer-schlegelmulcher","status":"publish","type":"product","link":"https:\/\/sagrinex.com\/de\/produit\/orec-hr801-hydrostatischer-schlegelmulcher\/","title":{"rendered":"Orec HR801 Hydrostatischer Schlegelmulcher"},"content":{"rendered":"<p><strong>TECHNISCHE EIGENSCHAFTEN<\/strong><\/p>\n<table width=\"612\">\n<tbody>\n<tr>\n<td width=\"306\"><strong>Motor<\/strong><\/td>\n<td width=\"306\">Honda GX340<\/td>\n<\/tr>\n<tr>\n<td width=\"306\"><strong>Macht<\/strong><\/td>\n<td width=\"306\">10,7 PS\/ 8 kW<\/td>\n<\/tr>\n<tr>\n<td width=\"306\"><strong>Verschiebung<\/strong><\/td>\n<td width=\"306\">389cm3<\/td>\n<\/tr>\n<tr>\n<td width=\"306\"><strong>Vorw\u00e4rts-\/R\u00fcckw\u00e4rtsg\u00e4nge<\/strong><\/td>\n<td width=\"306\">1 vorw\u00e4rts (0 bis 5,3 km\/h) + 1 r\u00fcckw\u00e4rts (0 bis 4 km\/h)<\/td>\n<\/tr>\n<tr>\n<td width=\"306\"><strong>\u00dcbertragung<\/strong><\/td>\n<td width=\"306\">HYDROSTATISCH<\/td>\n<\/tr>\n<tr>\n<td width=\"306\"><strong>Schnittbreite<\/strong><\/td>\n<td width=\"306\">80 cm<\/td>\n<\/tr>\n<tr>\n<td width=\"306\"><strong>Schnitth\u00f6he<\/strong><\/td>\n<td width=\"306\">50 bis 110 mm<\/td>\n<\/tr>\n<tr>\n<td width=\"306\"><strong>Lenker<\/strong><\/td>\n<td width=\"306\">H\u00f6henverstellung + Versatz<\/td>\n<\/tr>\n<tr>\n<td width=\"306\"><strong>Hinterr\u00e4der<\/strong><\/td>\n<td width=\"306\">\n<div class=\"value\">16 x 7,00 \u2013 8 Agrar<\/div>\n<\/td>\n<\/tr>\n<tr>\n<td width=\"306\"><strong>Mengenschnittart<\/strong><\/td>\n<td width=\"306\">46 Y-f\u00f6rmige Schlegel<\/td>\n<\/tr>\n<tr>\n<td width=\"306\"><strong>Gewicht<\/strong><\/td>\n<td width=\"306\">175 kg<\/td>\n<\/tr>\n<tr>\n<td width=\"306\"><strong>Ma\u00dfe in cm<\/strong><\/td>\n<td width=\"306\">164 x 94 x 93 cm (LxBxH)<\/td>\n<\/tr>\n<tr>\n<td width=\"306\"><strong>Kupplung<\/strong><\/td>\n<td width=\"306\">durch Riemenspannung<\/td>\n<\/tr>\n<\/tbody>\n<\/table>\n<div><\/div>\n","protected":false},"excerpt":{"rendered":"<div id=\"product-description-short-258\" class=\"product_desc\">\n<p>Der Schlegelh\u00e4cksler HR801 mit hydrostatischem Kasten ist auf der gleichen Basis wie der HR531 und der HR662 konzipiert, verf\u00fcgt \u00fcber eine breite Platte (80 cm) und eignet sich besonders f\u00fcr die Arbeit auf gro\u00dfen Fl\u00e4chen.<\/p>\n<\/div>\n<p><strong>Die Inspektion und Inbetriebnahme des HR801 f\u00fchren wir vor dem Versand in unseren Werkst\u00e4tten durch.<\/strong><\/p>\n","protected":false},"featured_media":10293,"comment_status":"open","ping_status":"closed","template":"","meta":[],"product_brand":[],"product_cat":[326,320],"product_tag":[],"class_list":{"0":"post-17397","1":"product","2":"type-product","3":"status-publish","4":"has-post-thumbnail","6":"product_cat-freischneider","7":"product_cat-unsere-rasenmaher","9":"first","10":"instock","11":"shipping-taxable","12":"purchasable","13":"product-type-simple"},"yoast_head":"<!-- This site is optimized with the Yoast SEO plugin v27.5 - https:\/\/yoast.com\/product\/yoast-seo-wordpress\/ -->\n<title>Orec HR801 Hydrostatischer Schlegelmulcher - Sagrinex \u2013 Anhaenger, Container &amp; Landtechnik \ud83c\udf3e\ud83d\ude9c<\/title>\n<meta name=\"robots\" content=\"index, follow, max-snippet:-1, max-image-preview:large, max-video-preview:-1\" \/>\n<link rel=\"canonical\" href=\"https:\/\/sagrinex.com\/produit\/orec-hr801-hydrostatischer-schlegelmulcher\/?lang=de\" \/>\n<meta property=\"og:locale\" content=\"de_DE\" \/>\n<meta property=\"og:type\" content=\"article\" \/>\n<meta property=\"og:title\" content=\"Orec HR801 Hydrostatischer Schlegelmulcher - Sagrinex \u2013 Anhaenger, Container &amp; Landtechnik \ud83c\udf3e\ud83d\ude9c\" \/>\n<meta property=\"og:description\" content=\"Der Schlegelh\u00e4cksler HR801 mit hydrostatischem Kasten ist auf der gleichen Basis wie der HR531 und der HR662 konzipiert, verf\u00fcgt \u00fcber eine breite Platte (80 cm) und eignet sich besonders f\u00fcr die Arbeit auf gro\u00dfen Fl\u00e4chen. Die Inspektion und Inbetriebnahme des HR801 f\u00fchren wir vor dem Versand in unseren Werkst\u00e4tten durch.\" \/>\n<meta property=\"og:url\" content=\"https:\/\/sagrinex.com\/produit\/orec-hr801-hydrostatischer-schlegelmulcher\/?lang=de\" \/>\n<meta property=\"og:site_name\" content=\"Sagrinex \u2013 Anhaenger, Container &amp; Landtechnik \ud83c\udf3e\ud83d\ude9c\" \/>\n<meta property=\"article:modified_time\" content=\"2026-04-15T21:12:34+00:00\" \/>\n<meta property=\"og:image\" content=\"https:\/\/sagrinex.com\/wp-content\/uploads\/2026\/03\/Image-439.jpeg\" \/>\n\t<meta property=\"og:image:width\" content=\"800\" \/>\n\t<meta property=\"og:image:height\" content=\"800\" \/>\n\t<meta property=\"og:image:type\" content=\"image\/jpeg\" \/>\n<meta name=\"twitter:card\" content=\"summary_large_image\" \/>\n<script type=\"application\/ld+json\" class=\"yoast-schema-graph\">{\"@context\":\"https:\\\/\\\/schema.org\",\"@graph\":[{\"@type\":\"WebPage\",\"@id\":\"https:\\\/\\\/sagrinex.com\\\/produit\\\/orec-hr801-hydrostatischer-schlegelmulcher\\\/?lang=de\",\"url\":\"https:\\\/\\\/sagrinex.com\\\/produit\\\/orec-hr801-hydrostatischer-schlegelmulcher\\\/?lang=de\",\"name\":\"Orec HR801 Hydrostatischer Schlegelmulcher - Sagrinex \u2013 Anhaenger, Container &amp; Landtechnik \ud83c\udf3e\ud83d\ude9c\",\"isPartOf\":{\"@id\":\"https:\\\/\\\/sagrinex.com\\\/#website\"},\"primaryImageOfPage\":{\"@id\":\"https:\\\/\\\/sagrinex.com\\\/produit\\\/orec-hr801-hydrostatischer-schlegelmulcher\\\/?lang=de#primaryimage\"},\"image\":{\"@id\":\"https:\\\/\\\/sagrinex.com\\\/produit\\\/orec-hr801-hydrostatischer-schlegelmulcher\\\/?lang=de#primaryimage\"},\"thumbnailUrl\":\"https:\\\/\\\/sagrinex.com\\\/wp-content\\\/uploads\\\/2026\\\/03\\\/Image-439.jpeg\",\"datePublished\":\"2026-04-15T18:11:03+00:00\",\"dateModified\":\"2026-04-15T21:12:34+00:00\",\"breadcrumb\":{\"@id\":\"https:\\\/\\\/sagrinex.com\\\/produit\\\/orec-hr801-hydrostatischer-schlegelmulcher\\\/?lang=de#breadcrumb\"},\"inLanguage\":\"de\",\"potentialAction\":[{\"@type\":\"ReadAction\",\"target\":[\"https:\\\/\\\/sagrinex.com\\\/produit\\\/orec-hr801-hydrostatischer-schlegelmulcher\\\/?lang=de\"]}]},{\"@type\":\"ImageObject\",\"inLanguage\":\"de\",\"@id\":\"https:\\\/\\\/sagrinex.com\\\/produit\\\/orec-hr801-hydrostatischer-schlegelmulcher\\\/?lang=de#primaryimage\",\"url\":\"https:\\\/\\\/sagrinex.com\\\/wp-content\\\/uploads\\\/2026\\\/03\\\/Image-439.jpeg\",\"contentUrl\":\"https:\\\/\\\/sagrinex.com\\\/wp-content\\\/uploads\\\/2026\\\/03\\\/Image-439.jpeg\",\"width\":800,\"height\":800},{\"@type\":\"BreadcrumbList\",\"@id\":\"https:\\\/\\\/sagrinex.com\\\/produit\\\/orec-hr801-hydrostatischer-schlegelmulcher\\\/?lang=de#breadcrumb\",\"itemListElement\":[{\"@type\":\"ListItem\",\"position\":1,\"name\":\"Accueil\",\"item\":\"https:\\\/\\\/sagrinex.com\\\/?lang=de\"},{\"@type\":\"ListItem\",\"position\":2,\"name\":\"Shop\",\"item\":\"https:\\\/\\\/sagrinex.com\\\/shop\\\/\"},{\"@type\":\"ListItem\",\"position\":3,\"name\":\"Orec HR801 Hydrostatischer Schlegelmulcher\"}]},{\"@type\":\"WebSite\",\"@id\":\"https:\\\/\\\/sagrinex.com\\\/#website\",\"url\":\"https:\\\/\\\/sagrinex.com\\\/\",\"name\":\"Sagrinex \u2013 Spezialist f\u00fcr Anh\u00e4nger, Container & Landtechnik\",\"description\":\"Anhaenger, Container &amp; Landtechnik \u2014 Online-Verkauf &amp; kostenloses Angebot\",\"publisher\":{\"@id\":\"https:\\\/\\\/sagrinex.com\\\/#organization\"},\"potentialAction\":[{\"@type\":\"SearchAction\",\"target\":{\"@type\":\"EntryPoint\",\"urlTemplate\":\"https:\\\/\\\/sagrinex.com\\\/?s={search_term_string}\"},\"query-input\":{\"@type\":\"PropertyValueSpecification\",\"valueRequired\":true,\"valueName\":\"search_term_string\"}}],\"inLanguage\":\"de\"},{\"@type\":\"Organization\",\"@id\":\"https:\\\/\\\/sagrinex.com\\\/#organization\",\"name\":\"Sagrinex \u2013 Remorques, Conteneurs & Mat\u00e9riel Agricole\",\"url\":\"https:\\\/\\\/sagrinex.com\\\/\",\"logo\":{\"@type\":\"ImageObject\",\"inLanguage\":\"de\",\"@id\":\"https:\\\/\\\/sagrinex.com\\\/#\\\/schema\\\/logo\\\/image\\\/\",\"url\":\"https:\\\/\\\/sagrinex.com\\\/wp-content\\\/uploads\\\/2026\\\/03\\\/7f1ac463-ef5a-425d-bdd6-a5da03a334a9-1024x683.png\",\"contentUrl\":\"https:\\\/\\\/sagrinex.com\\\/wp-content\\\/uploads\\\/2026\\\/03\\\/7f1ac463-ef5a-425d-bdd6-a5da03a334a9-1024x683.png\",\"width\":1024,\"height\":683,\"caption\":\"Sagrinex \u2013 Remorques, Conteneurs & Mat\u00e9riel Agricole\"},\"image\":{\"@id\":\"https:\\\/\\\/sagrinex.com\\\/#\\\/schema\\\/logo\\\/image\\\/\"}}]}<\/script>\n<!-- \/ Yoast SEO plugin. -->","yoast_head_json":{"title":"Orec HR801 Hydrostatischer Schlegelmulcher - Sagrinex \u2013 Anhaenger, Container &amp; Landtechnik \ud83c\udf3e\ud83d\ude9c","robots":{"index":"index","follow":"follow","max-snippet":"max-snippet:-1","max-image-preview":"max-image-preview:large","max-video-preview":"max-video-preview:-1"},"canonical":"https:\/\/sagrinex.com\/produit\/orec-hr801-hydrostatischer-schlegelmulcher\/?lang=de","og_locale":"de_DE","og_type":"article","og_title":"Orec HR801 Hydrostatischer Schlegelmulcher - Sagrinex \u2013 Anhaenger, Container &amp; Landtechnik \ud83c\udf3e\ud83d\ude9c","og_description":"Der Schlegelh\u00e4cksler HR801 mit hydrostatischem Kasten ist auf der gleichen Basis wie der HR531 und der HR662 konzipiert, verf\u00fcgt \u00fcber eine breite Platte (80 cm) und eignet sich besonders f\u00fcr die Arbeit auf gro\u00dfen Fl\u00e4chen. Die Inspektion und Inbetriebnahme des HR801 f\u00fchren wir vor dem Versand in unseren Werkst\u00e4tten durch.","og_url":"https:\/\/sagrinex.com\/produit\/orec-hr801-hydrostatischer-schlegelmulcher\/?lang=de","og_site_name":"Sagrinex \u2013 Anhaenger, Container &amp; Landtechnik \ud83c\udf3e\ud83d\ude9c","article_modified_time":"2026-04-15T21:12:34+00:00","og_image":[{"width":800,"height":800,"url":"https:\/\/sagrinex.com\/wp-content\/uploads\/2026\/03\/Image-439.jpeg","type":"image\/jpeg"}],"twitter_card":"summary_large_image","schema":{"@context":"https:\/\/schema.org","@graph":[{"@type":"WebPage","@id":"https:\/\/sagrinex.com\/produit\/orec-hr801-hydrostatischer-schlegelmulcher\/?lang=de","url":"https:\/\/sagrinex.com\/produit\/orec-hr801-hydrostatischer-schlegelmulcher\/?lang=de","name":"Orec HR801 Hydrostatischer Schlegelmulcher - Sagrinex \u2013 Anhaenger, Container &amp; Landtechnik \ud83c\udf3e\ud83d\ude9c","isPartOf":{"@id":"https:\/\/sagrinex.com\/#website"},"primaryImageOfPage":{"@id":"https:\/\/sagrinex.com\/produit\/orec-hr801-hydrostatischer-schlegelmulcher\/?lang=de#primaryimage"},"image":{"@id":"https:\/\/sagrinex.com\/produit\/orec-hr801-hydrostatischer-schlegelmulcher\/?lang=de#primaryimage"},"thumbnailUrl":"https:\/\/sagrinex.com\/wp-content\/uploads\/2026\/03\/Image-439.jpeg","datePublished":"2026-04-15T18:11:03+00:00","dateModified":"2026-04-15T21:12:34+00:00","breadcrumb":{"@id":"https:\/\/sagrinex.com\/produit\/orec-hr801-hydrostatischer-schlegelmulcher\/?lang=de#breadcrumb"},"inLanguage":"de","potentialAction":[{"@type":"ReadAction","target":["https:\/\/sagrinex.com\/produit\/orec-hr801-hydrostatischer-schlegelmulcher\/?lang=de"]}]},{"@type":"ImageObject","inLanguage":"de","@id":"https:\/\/sagrinex.com\/produit\/orec-hr801-hydrostatischer-schlegelmulcher\/?lang=de#primaryimage","url":"https:\/\/sagrinex.com\/wp-content\/uploads\/2026\/03\/Image-439.jpeg","contentUrl":"https:\/\/sagrinex.com\/wp-content\/uploads\/2026\/03\/Image-439.jpeg","width":800,"height":800},{"@type":"BreadcrumbList","@id":"https:\/\/sagrinex.com\/produit\/orec-hr801-hydrostatischer-schlegelmulcher\/?lang=de#breadcrumb","itemListElement":[{"@type":"ListItem","position":1,"name":"Accueil","item":"https:\/\/sagrinex.com\/?lang=de"},{"@type":"ListItem","position":2,"name":"Shop","item":"https:\/\/sagrinex.com\/shop\/"},{"@type":"ListItem","position":3,"name":"Orec HR801 Hydrostatischer Schlegelmulcher"}]},{"@type":"WebSite","@id":"https:\/\/sagrinex.com\/#website","url":"https:\/\/sagrinex.com\/","name":"Sagrinex \u2013 Spezialist f\u00fcr Anh\u00e4nger, Container & Landtechnik","description":"Anhaenger, Container &amp; Landtechnik \u2014 Online-Verkauf &amp; kostenloses Angebot","publisher":{"@id":"https:\/\/sagrinex.com\/#organization"},"potentialAction":[{"@type":"SearchAction","target":{"@type":"EntryPoint","urlTemplate":"https:\/\/sagrinex.com\/?s={search_term_string}"},"query-input":{"@type":"PropertyValueSpecification","valueRequired":true,"valueName":"search_term_string"}}],"inLanguage":"de"},{"@type":"Organization","@id":"https:\/\/sagrinex.com\/#organization","name":"Sagrinex \u2013 Remorques, Conteneurs & Mat\u00e9riel Agricole","url":"https:\/\/sagrinex.com\/","logo":{"@type":"ImageObject","inLanguage":"de","@id":"https:\/\/sagrinex.com\/#\/schema\/logo\/image\/","url":"https:\/\/sagrinex.com\/wp-content\/uploads\/2026\/03\/7f1ac463-ef5a-425d-bdd6-a5da03a334a9-1024x683.png","contentUrl":"https:\/\/sagrinex.com\/wp-content\/uploads\/2026\/03\/7f1ac463-ef5a-425d-bdd6-a5da03a334a9-1024x683.png","width":1024,"height":683,"caption":"Sagrinex \u2013 Remorques, Conteneurs & Mat\u00e9riel Agricole"},"image":{"@id":"https:\/\/sagrinex.com\/#\/schema\/logo\/image\/"}}]}},"jetpack_sharing_enabled":true,"_links":{"self":[{"href":"https:\/\/sagrinex.com\/de\/wp-json\/wp\/v2\/product\/17397","targetHints":{"allow":["GET"]}}],"collection":[{"href":"https:\/\/sagrinex.com\/de\/wp-json\/wp\/v2\/product"}],"about":[{"href":"https:\/\/sagrinex.com\/de\/wp-json\/wp\/v2\/types\/product"}],"replies":[{"embeddable":true,"href":"https:\/\/sagrinex.com\/de\/wp-json\/wp\/v2\/comments?post=17397"}],"version-history":[{"count":0,"href":"https:\/\/sagrinex.com\/de\/wp-json\/wp\/v2\/product\/17397\/revisions"}],"wp:featuredmedia":[{"embeddable":true,"href":"https:\/\/sagrinex.com\/de\/wp-json\/wp\/v2\/media\/10293"}],"wp:attachment":[{"href":"https:\/\/sagrinex.com\/de\/wp-json\/wp\/v2\/media?parent=17397"}],"wp:term":[{"taxonomy":"product_brand","embeddable":true,"href":"https:\/\/sagrinex.com\/de\/wp-json\/wp\/v2\/product_brand?post=17397"},{"taxonomy":"product_cat","embeddable":true,"href":"https:\/\/sagrinex.com\/de\/wp-json\/wp\/v2\/product_cat?post=17397"},{"taxonomy":"product_tag","embeddable":true,"href":"https:\/\/sagrinex.com\/de\/wp-json\/wp\/v2\/product_tag?post=17397"}],"curies":[{"name":"wp","href":"https:\/\/api.w.org\/{rel}","templated":true}]}}