{"id":17399,"date":"2026-04-15T18:11:50","date_gmt":"2026-04-15T18:11:50","guid":{"rendered":"https:\/\/sagrinex.com\/produit\/orec-hr-812-thermischer-schlegelschleifer\/"},"modified":"2026-04-15T21:12:34","modified_gmt":"2026-04-15T21:12:34","slug":"orec-hr-812-thermischer-schlegelschleifer","status":"publish","type":"product","link":"https:\/\/sagrinex.com\/de\/produit\/orec-hr-812-thermischer-schlegelschleifer\/","title":{"rendered":"Orec Hr 812 Thermischer Schlegelschleifer"},"content":{"rendered":"<h1 class=\"ng-scope\"><strong>EIGENSCHAFTEN<\/strong><\/h1>\n<section id=\"product-informations\" class=\"elementor-element elementor-element-30b2c2c9 elementor-widget-nav-menu elementor-section-tabbed elementor-nav--align-left elementor-section-boxed elementor-section-height-default elementor-section-height-default elementor-section elementor-top-section\" data-id=\"30b2c2c9\" data-element_type=\"section\">\n<div class=\"elementor-container elementor-column-gap-default\">\n<div class=\"elementor-row\">\n<div class=\"elementor-element elementor-element-650a62d6 elementor-column elementor-col-100 elementor-top-column animated elementor-active fadeIn\" data-id=\"650a62d6\" data-element_type=\"column\" data-settings=\"{&quot;animation&quot;:&quot;fadeIn&quot;}\">\n<div class=\"elementor-column-wrap elementor-element-populated\">\n<div class=\"elementor-widget-wrap\">\n<div class=\"elementor-element elementor-element-3fc305a elementor-widget elementor-widget-product-features\" data-id=\"3fc305a\" data-element_type=\"widget\" data-widget_type=\"product-features.default\">\n<div class=\"elementor-widget-container\">\n<table class=\"ce-product-features\">\n<tbody>\n<tr class=\"ce-product-features__row\">\n<th class=\"ce-product-features__label\">Energietyp<\/th>\n<td class=\"ce-product-features__value\">Thermisch<\/td>\n<\/tr>\n<tr class=\"ce-product-features__row\">\n<th class=\"ce-product-features__label\">Motor<\/th>\n<td class=\"ce-product-features__value\">Honda GX340<\/td>\n<\/tr>\n<tr class=\"ce-product-features__row\">\n<th class=\"ce-product-features__label\">Hubraum<\/th>\n<td class=\"ce-product-features__value\">389 cm3<\/td>\n<\/tr>\n<tr class=\"ce-product-features__row\">\n<th class=\"ce-product-features__label\">Garantie (Privatnutzer)<\/th>\n<td class=\"ce-product-features__value\">2 Jahre<\/td>\n<\/tr>\n<tr class=\"ce-product-features__row\">\n<th class=\"ce-product-features__label\">M\u00e4hfl\u00e4che<\/th>\n<td class=\"ce-product-features__value\">3500 m2<\/td>\n<\/tr>\n<tr class=\"ce-product-features__row\">\n<th class=\"ce-product-features__label\">Gewicht<\/th>\n<td class=\"ce-product-features__value\">160 kg<\/td>\n<\/tr>\n<tr class=\"ce-product-features__row\">\n<th class=\"ce-product-features__label\">Arbeitsbreite<\/th>\n<td class=\"ce-product-features__value\">80 cm<\/td>\n<\/tr>\n<tr class=\"ce-product-features__row\">\n<th class=\"ce-product-features__label\">Abmessungen L x B x H cm<\/th>\n<td class=\"ce-product-features__value\">164 x 94 x 93cm<\/td>\n<\/tr>\n<tr class=\"ce-product-features__row\">\n<th class=\"ce-product-features__label\">Schneidewerkzeuge<\/th>\n<td class=\"ce-product-features__value\">46 Fl\u00fcgel<\/td>\n<\/tr>\n<tr class=\"ce-product-features__row\">\n<th class=\"ce-product-features__label\">G\u00e4nge<\/th>\n<td class=\"ce-product-features__value\">3 VG (0.95 bis 3.31 km\/h) + 1 RG (0.9 km\/h)<\/td>\n<\/tr>\n<tr class=\"ce-product-features__row\">\n<th class=\"ce-product-features__label\">Schnitth\u00f6he<\/th>\n<td class=\"ce-product-features__value\">50 bis 110 mm<\/td>\n<\/tr>\n<tr class=\"ce-product-features__row\">\n<th class=\"ce-product-features__label\">Griff<\/th>\n<td class=\"ce-product-features__value\">In H\u00f6he und Versatz verstellbar<\/td>\n<\/tr>\n<tr class=\"ce-product-features__row\">\n<th class=\"ce-product-features__label\">Maximale Steigung<\/th>\n<td class=\"ce-product-features__value\">14\u00b0<\/td>\n<\/tr>\n<tr class=\"ce-product-features__row\">\n<th class=\"ce-product-features__label\">Getriebe<\/th>\n<td class=\"ce-product-features__value\">Riemen<\/td>\n<\/tr>\n<\/tbody>\n<\/table>\n<\/div>\n<\/div>\n<\/div>\n<\/div>\n<\/div>\n<\/div>\n<\/div>\n<\/section>\n","protected":false},"excerpt":{"rendered":"<p>Die thermische Schlegelm\u00fchle Orec HR 812 ist\u00a0<strong>geboren f\u00fcr landwirtschaftliche Zwecke<\/strong>\u00a0und ist eines der besten Werkzeuge,\u00a0<strong>praktisch und handlich<\/strong>. Sie ist die Beste in ihrem Anwendungsgebiet.\u00a0<strong>Unbebautes Land, Stra\u00dfenb\u00f6schungen, Unterholz, Brombeerstr\u00e4ucher, absch\u00fcssiges Gel\u00e4nde, Terrassen<\/strong>sind die Hauptfunktionen des OREC HR 812 Rasenm\u00e4hers.<\/p>\n<p>Entworfen auf der gleichen Basis wie HR531 und HR662, <strong>Die HR812-Modelle verf\u00fcgen \u00fcber eine breite Plattform, die sich besonders f\u00fcr die Arbeit auf gro\u00dfen Fl\u00e4chen eignet.<\/strong><\/p>\n<p><strong>Jahr f\u00fcr Jahr haben sich die Schlegelm\u00e4her von Orec einen un\u00fcbertroffenen Ruf erworben<\/strong>. All dies dank ihrer Robustheit und ihrer F\u00e4higkeit, Reinigungsarbeiten auf mit Str\u00e4uchern und dichter Vegetation bewachsenen Fl\u00e4chen sowie bei der Reinigung leichter landwirtschaftlicher Schnittarbeiten in Weinbergen, Olivenb\u00e4umen und Obstg\u00e4rten hervorragend zu bew\u00e4ltigen.<\/p>\n<p><strong>Die Inspektion und Inbetriebnahme des HR 812 f\u00fchren wir vor dem Versand in unseren Werkst\u00e4tten durch.<\/strong><\/p>\n","protected":false},"featured_media":10272,"comment_status":"open","ping_status":"closed","template":"","meta":[],"product_brand":[],"product_cat":[326,320],"product_tag":[],"class_list":{"0":"post-17399","1":"product","2":"type-product","3":"status-publish","4":"has-post-thumbnail","6":"product_cat-freischneider","7":"product_cat-unsere-rasenmaher","9":"first","10":"instock","11":"shipping-taxable","12":"purchasable","13":"product-type-simple"},"yoast_head":"<!-- This site is optimized with the Yoast SEO plugin v27.4 - https:\/\/yoast.com\/product\/yoast-seo-wordpress\/ -->\n<title>Orec Hr 812 Thermischer Schlegelschleifer - Sagrinex \u2013 Anhaenger, Container &amp; Landtechnik \ud83c\udf3e\ud83d\ude9c<\/title>\n<meta name=\"robots\" content=\"index, follow, max-snippet:-1, max-image-preview:large, max-video-preview:-1\" \/>\n<link rel=\"canonical\" href=\"https:\/\/sagrinex.com\/produit\/orec-hr-812-thermischer-schlegelschleifer\/?lang=de\" \/>\n<meta property=\"og:locale\" content=\"de_DE\" \/>\n<meta property=\"og:type\" content=\"article\" \/>\n<meta property=\"og:title\" content=\"Orec Hr 812 Thermischer Schlegelschleifer - Sagrinex \u2013 Anhaenger, Container &amp; Landtechnik \ud83c\udf3e\ud83d\ude9c\" \/>\n<meta property=\"og:description\" content=\"Die thermische Schlegelm\u00fchle Orec HR 812 ist\u00a0geboren f\u00fcr landwirtschaftliche Zwecke\u00a0und ist eines der besten Werkzeuge,\u00a0praktisch und handlich. Sie ist die Beste in ihrem Anwendungsgebiet.\u00a0Unbebautes Land, Stra\u00dfenb\u00f6schungen, Unterholz, Brombeerstr\u00e4ucher, absch\u00fcssiges Gel\u00e4nde, Terrassensind die Hauptfunktionen des OREC HR 812 Rasenm\u00e4hers. Entworfen auf der gleichen Basis wie HR531 und HR662, Die HR812-Modelle verf\u00fcgen \u00fcber eine breite Plattform, die sich besonders f\u00fcr die Arbeit auf gro\u00dfen Fl\u00e4chen eignet. Jahr f\u00fcr Jahr haben sich die Schlegelm\u00e4her von Orec einen un\u00fcbertroffenen Ruf erworben. All dies dank ihrer Robustheit und ihrer F\u00e4higkeit, Reinigungsarbeiten auf mit Str\u00e4uchern und dichter Vegetation bewachsenen Fl\u00e4chen sowie bei der Reinigung leichter landwirtschaftlicher Schnittarbeiten in Weinbergen, Olivenb\u00e4umen und Obstg\u00e4rten hervorragend zu bew\u00e4ltigen. Die Inspektion und Inbetriebnahme des HR 812 f\u00fchren wir vor dem Versand in unseren Werkst\u00e4tten durch.\" \/>\n<meta property=\"og:url\" content=\"https:\/\/sagrinex.com\/produit\/orec-hr-812-thermischer-schlegelschleifer\/?lang=de\" \/>\n<meta property=\"og:site_name\" content=\"Sagrinex \u2013 Anhaenger, Container &amp; Landtechnik \ud83c\udf3e\ud83d\ude9c\" \/>\n<meta property=\"article:modified_time\" content=\"2026-04-15T21:12:34+00:00\" \/>\n<meta property=\"og:image\" content=\"https:\/\/sagrinex.com\/wp-content\/uploads\/2026\/03\/Image-419.jpeg\" \/>\n\t<meta property=\"og:image:width\" content=\"800\" \/>\n\t<meta property=\"og:image:height\" content=\"800\" \/>\n\t<meta property=\"og:image:type\" content=\"image\/jpeg\" \/>\n<meta name=\"twitter:card\" content=\"summary_large_image\" \/>\n<script type=\"application\/ld+json\" class=\"yoast-schema-graph\">{\"@context\":\"https:\\\/\\\/schema.org\",\"@graph\":[{\"@type\":\"WebPage\",\"@id\":\"https:\\\/\\\/sagrinex.com\\\/produit\\\/orec-hr-812-thermischer-schlegelschleifer\\\/?lang=de\",\"url\":\"https:\\\/\\\/sagrinex.com\\\/produit\\\/orec-hr-812-thermischer-schlegelschleifer\\\/?lang=de\",\"name\":\"Orec Hr 812 Thermischer Schlegelschleifer - Sagrinex \u2013 Anhaenger, Container &amp; Landtechnik \ud83c\udf3e\ud83d\ude9c\",\"isPartOf\":{\"@id\":\"https:\\\/\\\/sagrinex.com\\\/#website\"},\"primaryImageOfPage\":{\"@id\":\"https:\\\/\\\/sagrinex.com\\\/produit\\\/orec-hr-812-thermischer-schlegelschleifer\\\/?lang=de#primaryimage\"},\"image\":{\"@id\":\"https:\\\/\\\/sagrinex.com\\\/produit\\\/orec-hr-812-thermischer-schlegelschleifer\\\/?lang=de#primaryimage\"},\"thumbnailUrl\":\"https:\\\/\\\/sagrinex.com\\\/wp-content\\\/uploads\\\/2026\\\/03\\\/Image-419.jpeg\",\"datePublished\":\"2026-04-15T18:11:50+00:00\",\"dateModified\":\"2026-04-15T21:12:34+00:00\",\"breadcrumb\":{\"@id\":\"https:\\\/\\\/sagrinex.com\\\/produit\\\/orec-hr-812-thermischer-schlegelschleifer\\\/?lang=de#breadcrumb\"},\"inLanguage\":\"de\",\"potentialAction\":[{\"@type\":\"ReadAction\",\"target\":[\"https:\\\/\\\/sagrinex.com\\\/produit\\\/orec-hr-812-thermischer-schlegelschleifer\\\/?lang=de\"]}]},{\"@type\":\"ImageObject\",\"inLanguage\":\"de\",\"@id\":\"https:\\\/\\\/sagrinex.com\\\/produit\\\/orec-hr-812-thermischer-schlegelschleifer\\\/?lang=de#primaryimage\",\"url\":\"https:\\\/\\\/sagrinex.com\\\/wp-content\\\/uploads\\\/2026\\\/03\\\/Image-419.jpeg\",\"contentUrl\":\"https:\\\/\\\/sagrinex.com\\\/wp-content\\\/uploads\\\/2026\\\/03\\\/Image-419.jpeg\",\"width\":800,\"height\":800},{\"@type\":\"BreadcrumbList\",\"@id\":\"https:\\\/\\\/sagrinex.com\\\/produit\\\/orec-hr-812-thermischer-schlegelschleifer\\\/?lang=de#breadcrumb\",\"itemListElement\":[{\"@type\":\"ListItem\",\"position\":1,\"name\":\"Accueil\",\"item\":\"https:\\\/\\\/sagrinex.com\\\/?lang=de\"},{\"@type\":\"ListItem\",\"position\":2,\"name\":\"Shop\",\"item\":\"https:\\\/\\\/sagrinex.com\\\/shop\\\/\"},{\"@type\":\"ListItem\",\"position\":3,\"name\":\"Orec Hr 812 Thermischer Schlegelschleifer\"}]},{\"@type\":\"WebSite\",\"@id\":\"https:\\\/\\\/sagrinex.com\\\/#website\",\"url\":\"https:\\\/\\\/sagrinex.com\\\/\",\"name\":\"Sagrinex \u2013 Spezialist f\u00fcr Anh\u00e4nger, Container & Landtechnik\",\"description\":\"Anhaenger, Container &amp; Landtechnik \u2014 Online-Verkauf &amp; kostenloses Angebot\",\"publisher\":{\"@id\":\"https:\\\/\\\/sagrinex.com\\\/#organization\"},\"potentialAction\":[{\"@type\":\"SearchAction\",\"target\":{\"@type\":\"EntryPoint\",\"urlTemplate\":\"https:\\\/\\\/sagrinex.com\\\/?s={search_term_string}\"},\"query-input\":{\"@type\":\"PropertyValueSpecification\",\"valueRequired\":true,\"valueName\":\"search_term_string\"}}],\"inLanguage\":\"de\"},{\"@type\":\"Organization\",\"@id\":\"https:\\\/\\\/sagrinex.com\\\/#organization\",\"name\":\"Sagrinex \u2013 Remorques, Conteneurs & Mat\u00e9riel Agricole\",\"url\":\"https:\\\/\\\/sagrinex.com\\\/\",\"logo\":{\"@type\":\"ImageObject\",\"inLanguage\":\"de\",\"@id\":\"https:\\\/\\\/sagrinex.com\\\/#\\\/schema\\\/logo\\\/image\\\/\",\"url\":\"https:\\\/\\\/sagrinex.com\\\/wp-content\\\/uploads\\\/2026\\\/03\\\/7f1ac463-ef5a-425d-bdd6-a5da03a334a9-1024x683.png\",\"contentUrl\":\"https:\\\/\\\/sagrinex.com\\\/wp-content\\\/uploads\\\/2026\\\/03\\\/7f1ac463-ef5a-425d-bdd6-a5da03a334a9-1024x683.png\",\"width\":1024,\"height\":683,\"caption\":\"Sagrinex \u2013 Remorques, Conteneurs & Mat\u00e9riel Agricole\"},\"image\":{\"@id\":\"https:\\\/\\\/sagrinex.com\\\/#\\\/schema\\\/logo\\\/image\\\/\"}}]}<\/script>\n<!-- \/ Yoast SEO plugin. -->","yoast_head_json":{"title":"Orec Hr 812 Thermischer Schlegelschleifer - Sagrinex \u2013 Anhaenger, Container &amp; Landtechnik \ud83c\udf3e\ud83d\ude9c","robots":{"index":"index","follow":"follow","max-snippet":"max-snippet:-1","max-image-preview":"max-image-preview:large","max-video-preview":"max-video-preview:-1"},"canonical":"https:\/\/sagrinex.com\/produit\/orec-hr-812-thermischer-schlegelschleifer\/?lang=de","og_locale":"de_DE","og_type":"article","og_title":"Orec Hr 812 Thermischer Schlegelschleifer - Sagrinex \u2013 Anhaenger, Container &amp; Landtechnik \ud83c\udf3e\ud83d\ude9c","og_description":"Die thermische Schlegelm\u00fchle Orec HR 812 ist\u00a0geboren f\u00fcr landwirtschaftliche Zwecke\u00a0und ist eines der besten Werkzeuge,\u00a0praktisch und handlich. Sie ist die Beste in ihrem Anwendungsgebiet.\u00a0Unbebautes Land, Stra\u00dfenb\u00f6schungen, Unterholz, Brombeerstr\u00e4ucher, absch\u00fcssiges Gel\u00e4nde, Terrassensind die Hauptfunktionen des OREC HR 812 Rasenm\u00e4hers. Entworfen auf der gleichen Basis wie HR531 und HR662, Die HR812-Modelle verf\u00fcgen \u00fcber eine breite Plattform, die sich besonders f\u00fcr die Arbeit auf gro\u00dfen Fl\u00e4chen eignet. Jahr f\u00fcr Jahr haben sich die Schlegelm\u00e4her von Orec einen un\u00fcbertroffenen Ruf erworben. All dies dank ihrer Robustheit und ihrer F\u00e4higkeit, Reinigungsarbeiten auf mit Str\u00e4uchern und dichter Vegetation bewachsenen Fl\u00e4chen sowie bei der Reinigung leichter landwirtschaftlicher Schnittarbeiten in Weinbergen, Olivenb\u00e4umen und Obstg\u00e4rten hervorragend zu bew\u00e4ltigen. Die Inspektion und Inbetriebnahme des HR 812 f\u00fchren wir vor dem Versand in unseren Werkst\u00e4tten durch.","og_url":"https:\/\/sagrinex.com\/produit\/orec-hr-812-thermischer-schlegelschleifer\/?lang=de","og_site_name":"Sagrinex \u2013 Anhaenger, Container &amp; Landtechnik \ud83c\udf3e\ud83d\ude9c","article_modified_time":"2026-04-15T21:12:34+00:00","og_image":[{"width":800,"height":800,"url":"https:\/\/sagrinex.com\/wp-content\/uploads\/2026\/03\/Image-419.jpeg","type":"image\/jpeg"}],"twitter_card":"summary_large_image","schema":{"@context":"https:\/\/schema.org","@graph":[{"@type":"WebPage","@id":"https:\/\/sagrinex.com\/produit\/orec-hr-812-thermischer-schlegelschleifer\/?lang=de","url":"https:\/\/sagrinex.com\/produit\/orec-hr-812-thermischer-schlegelschleifer\/?lang=de","name":"Orec Hr 812 Thermischer Schlegelschleifer - Sagrinex \u2013 Anhaenger, Container &amp; Landtechnik \ud83c\udf3e\ud83d\ude9c","isPartOf":{"@id":"https:\/\/sagrinex.com\/#website"},"primaryImageOfPage":{"@id":"https:\/\/sagrinex.com\/produit\/orec-hr-812-thermischer-schlegelschleifer\/?lang=de#primaryimage"},"image":{"@id":"https:\/\/sagrinex.com\/produit\/orec-hr-812-thermischer-schlegelschleifer\/?lang=de#primaryimage"},"thumbnailUrl":"https:\/\/sagrinex.com\/wp-content\/uploads\/2026\/03\/Image-419.jpeg","datePublished":"2026-04-15T18:11:50+00:00","dateModified":"2026-04-15T21:12:34+00:00","breadcrumb":{"@id":"https:\/\/sagrinex.com\/produit\/orec-hr-812-thermischer-schlegelschleifer\/?lang=de#breadcrumb"},"inLanguage":"de","potentialAction":[{"@type":"ReadAction","target":["https:\/\/sagrinex.com\/produit\/orec-hr-812-thermischer-schlegelschleifer\/?lang=de"]}]},{"@type":"ImageObject","inLanguage":"de","@id":"https:\/\/sagrinex.com\/produit\/orec-hr-812-thermischer-schlegelschleifer\/?lang=de#primaryimage","url":"https:\/\/sagrinex.com\/wp-content\/uploads\/2026\/03\/Image-419.jpeg","contentUrl":"https:\/\/sagrinex.com\/wp-content\/uploads\/2026\/03\/Image-419.jpeg","width":800,"height":800},{"@type":"BreadcrumbList","@id":"https:\/\/sagrinex.com\/produit\/orec-hr-812-thermischer-schlegelschleifer\/?lang=de#breadcrumb","itemListElement":[{"@type":"ListItem","position":1,"name":"Accueil","item":"https:\/\/sagrinex.com\/?lang=de"},{"@type":"ListItem","position":2,"name":"Shop","item":"https:\/\/sagrinex.com\/shop\/"},{"@type":"ListItem","position":3,"name":"Orec Hr 812 Thermischer Schlegelschleifer"}]},{"@type":"WebSite","@id":"https:\/\/sagrinex.com\/#website","url":"https:\/\/sagrinex.com\/","name":"Sagrinex \u2013 Spezialist f\u00fcr Anh\u00e4nger, Container & Landtechnik","description":"Anhaenger, Container &amp; Landtechnik \u2014 Online-Verkauf &amp; kostenloses Angebot","publisher":{"@id":"https:\/\/sagrinex.com\/#organization"},"potentialAction":[{"@type":"SearchAction","target":{"@type":"EntryPoint","urlTemplate":"https:\/\/sagrinex.com\/?s={search_term_string}"},"query-input":{"@type":"PropertyValueSpecification","valueRequired":true,"valueName":"search_term_string"}}],"inLanguage":"de"},{"@type":"Organization","@id":"https:\/\/sagrinex.com\/#organization","name":"Sagrinex \u2013 Remorques, Conteneurs & Mat\u00e9riel Agricole","url":"https:\/\/sagrinex.com\/","logo":{"@type":"ImageObject","inLanguage":"de","@id":"https:\/\/sagrinex.com\/#\/schema\/logo\/image\/","url":"https:\/\/sagrinex.com\/wp-content\/uploads\/2026\/03\/7f1ac463-ef5a-425d-bdd6-a5da03a334a9-1024x683.png","contentUrl":"https:\/\/sagrinex.com\/wp-content\/uploads\/2026\/03\/7f1ac463-ef5a-425d-bdd6-a5da03a334a9-1024x683.png","width":1024,"height":683,"caption":"Sagrinex \u2013 Remorques, Conteneurs & Mat\u00e9riel Agricole"},"image":{"@id":"https:\/\/sagrinex.com\/#\/schema\/logo\/image\/"}}]}},"jetpack_sharing_enabled":true,"_links":{"self":[{"href":"https:\/\/sagrinex.com\/de\/wp-json\/wp\/v2\/product\/17399","targetHints":{"allow":["GET"]}}],"collection":[{"href":"https:\/\/sagrinex.com\/de\/wp-json\/wp\/v2\/product"}],"about":[{"href":"https:\/\/sagrinex.com\/de\/wp-json\/wp\/v2\/types\/product"}],"replies":[{"embeddable":true,"href":"https:\/\/sagrinex.com\/de\/wp-json\/wp\/v2\/comments?post=17399"}],"version-history":[{"count":0,"href":"https:\/\/sagrinex.com\/de\/wp-json\/wp\/v2\/product\/17399\/revisions"}],"wp:featuredmedia":[{"embeddable":true,"href":"https:\/\/sagrinex.com\/de\/wp-json\/wp\/v2\/media\/10272"}],"wp:attachment":[{"href":"https:\/\/sagrinex.com\/de\/wp-json\/wp\/v2\/media?parent=17399"}],"wp:term":[{"taxonomy":"product_brand","embeddable":true,"href":"https:\/\/sagrinex.com\/de\/wp-json\/wp\/v2\/product_brand?post=17399"},{"taxonomy":"product_cat","embeddable":true,"href":"https:\/\/sagrinex.com\/de\/wp-json\/wp\/v2\/product_cat?post=17399"},{"taxonomy":"product_tag","embeddable":true,"href":"https:\/\/sagrinex.com\/de\/wp-json\/wp\/v2\/product_tag?post=17399"}],"curies":[{"name":"wp","href":"https:\/\/api.w.org\/{rel}","templated":true}]}}