{"id":17401,"date":"2026-04-15T18:12:32","date_gmt":"2026-04-15T18:12:32","guid":{"rendered":"https:\/\/sagrinex.com\/produit\/stihl-fr-410-c-e-thermo-rucksack-freischneider\/"},"modified":"2026-04-15T21:12:34","modified_gmt":"2026-04-15T21:12:34","slug":"stihl-fr-410-c-e-thermo-rucksack-freischneider","status":"publish","type":"product","link":"https:\/\/sagrinex.com\/de\/produit\/stihl-fr-410-c-e-thermo-rucksack-freischneider\/","title":{"rendered":"Stihl FR 410 C-e Thermo-rucksack-freischneider"},"content":{"rendered":"<h2 class=\"m_product-specifications__headline\" data-test-id=\"pdp-specifications\">Technische Eigenschaften<\/h2>\n<table class=\"ce-product-features\">\n<tbody>\n<tr class=\"ce-product-features__row\">\n<th class=\"ce-product-features__label\">Art der Energie<\/th>\n<td class=\"ce-product-features__value\">Thermisch<\/td>\n<\/tr>\n<tr class=\"ce-product-features__row\">\n<th class=\"ce-product-features__label\">Verschiebung<\/th>\n<td class=\"ce-product-features__value\">41,6 cm3<\/td>\n<\/tr>\n<tr class=\"ce-product-features__row\">\n<th class=\"ce-product-features__label\">Macht<\/th>\n<td class=\"ce-product-features__value\">2000 W<\/td>\n<\/tr>\n<tr class=\"ce-product-features__row\">\n<th class=\"ce-product-features__label\">Garantie (einzelner Benutzer)<\/th>\n<td class=\"ce-product-features__value\">2 Jahre<\/td>\n<\/tr>\n<tr class=\"ce-product-features__row\">\n<th class=\"ce-product-features__label\">L\u00e4nge<\/th>\n<td class=\"ce-product-features__value\">280 cm ohne Schneidwerkzeug<\/td>\n<\/tr>\n<tr class=\"ce-product-features__row\">\n<th class=\"ce-product-features__label\">Gewicht<\/th>\n<td class=\"ce-product-features__value\">10,8 kg<\/td>\n<\/tr>\n<tr class=\"ce-product-features__row\">\n<th class=\"ce-product-features__label\">Schallleistungspegel<\/th>\n<td class=\"ce-product-features__value\">113dB<\/td>\n<\/tr>\n<tr class=\"ce-product-features__row\">\n<th class=\"ce-product-features__label\">Schneidwerkzeuge<\/th>\n<td class=\"ce-product-features__value\">Autocut 36-2<\/td>\n<\/tr>\n<tr class=\"ce-product-features__row\">\n<th class=\"ce-product-features__label\">Schnittdurchmesser<\/th>\n<td class=\"ce-product-features__value\">420mm<\/td>\n<\/tr>\n<\/tbody>\n<\/table>\n","protected":false},"excerpt":{"rendered":"<p>Der Thermo-Rucksack-Freischneider Stihl FR 410 C-E ist mit <strong>ausgestattet STIHL ErgoStart-System<\/strong>. <strong>Sparsamer 2-MIX-Motor<\/strong>. Damit wird die EU-Abgasnorm eingehalten. <strong>Bequemer Gurt mit integrierter Werkzeugtasche<\/strong>. Besonders geeignet f\u00fcr <strong>M\u00e4hen an H\u00e4ngen<\/strong>und in <strong>Orte, die schwer zug\u00e4nglich sind<\/strong>. <strong>Mit Schneidwerkzeug<\/strong> f\u00fcr <strong>knorriges Gestr\u00fcpp und Str\u00e4ucher<\/strong>.<\/p>\n<p><strong>Der Rucksack-Freischneider FR 410 C-E wird geliefert mit:<\/strong><\/p>\n<p>\u2013 1 M\u00e4hkopf Autocut 36-2<\/p>\n<p>\u2013 1 Schutzh\u00fclle f\u00fcr M\u00e4hkopf<\/p>\n<p>Kompatibel mit verschiedenen Stihl-Schneidwerkzeugen (Grasmesser, Niederwaldmesser, Kreiss\u00e4ge, M\u00e4hk\u00f6pfe).<\/p>\n","protected":false},"featured_media":10264,"comment_status":"open","ping_status":"closed","template":"","meta":[],"product_brand":[],"product_cat":[326,320],"product_tag":[],"class_list":{"0":"post-17401","1":"product","2":"type-product","3":"status-publish","4":"has-post-thumbnail","6":"product_cat-freischneider","7":"product_cat-unsere-rasenmaher","9":"first","10":"instock","11":"shipping-taxable","12":"purchasable","13":"product-type-simple"},"yoast_head":"<!-- This site is optimized with the Yoast SEO plugin v27.4 - https:\/\/yoast.com\/product\/yoast-seo-wordpress\/ -->\n<title>Stihl FR 410 C-e Thermo-rucksack-freischneider - Sagrinex \u2013 Anhaenger, Container &amp; Landtechnik \ud83c\udf3e\ud83d\ude9c<\/title>\n<meta name=\"robots\" content=\"index, follow, max-snippet:-1, max-image-preview:large, max-video-preview:-1\" \/>\n<link rel=\"canonical\" href=\"https:\/\/sagrinex.com\/produit\/stihl-fr-410-c-e-thermo-rucksack-freischneider\/?lang=de\" \/>\n<meta property=\"og:locale\" content=\"de_DE\" \/>\n<meta property=\"og:type\" content=\"article\" \/>\n<meta property=\"og:title\" content=\"Stihl FR 410 C-e Thermo-rucksack-freischneider - Sagrinex \u2013 Anhaenger, Container &amp; Landtechnik \ud83c\udf3e\ud83d\ude9c\" \/>\n<meta property=\"og:description\" content=\"Der Thermo-Rucksack-Freischneider Stihl FR 410 C-E ist mit ausgestattet STIHL ErgoStart-System. Sparsamer 2-MIX-Motor. Damit wird die EU-Abgasnorm eingehalten. Bequemer Gurt mit integrierter Werkzeugtasche. Besonders geeignet f\u00fcr M\u00e4hen an H\u00e4ngenund in Orte, die schwer zug\u00e4nglich sind. Mit Schneidwerkzeug f\u00fcr knorriges Gestr\u00fcpp und Str\u00e4ucher. Der Rucksack-Freischneider FR 410 C-E wird geliefert mit: \u2013 1 M\u00e4hkopf Autocut 36-2 \u2013 1 Schutzh\u00fclle f\u00fcr M\u00e4hkopf Kompatibel mit verschiedenen Stihl-Schneidwerkzeugen (Grasmesser, Niederwaldmesser, Kreiss\u00e4ge, M\u00e4hk\u00f6pfe).\" \/>\n<meta property=\"og:url\" content=\"https:\/\/sagrinex.com\/produit\/stihl-fr-410-c-e-thermo-rucksack-freischneider\/?lang=de\" \/>\n<meta property=\"og:site_name\" content=\"Sagrinex \u2013 Anhaenger, Container &amp; Landtechnik \ud83c\udf3e\ud83d\ude9c\" \/>\n<meta property=\"article:modified_time\" content=\"2026-04-15T21:12:34+00:00\" \/>\n<meta property=\"og:image\" content=\"https:\/\/sagrinex.com\/wp-content\/uploads\/2026\/03\/Image-415.jpeg\" \/>\n\t<meta property=\"og:image:width\" content=\"1065\" \/>\n\t<meta property=\"og:image:height\" content=\"716\" \/>\n\t<meta property=\"og:image:type\" content=\"image\/jpeg\" \/>\n<meta name=\"twitter:card\" content=\"summary_large_image\" \/>\n<script type=\"application\/ld+json\" class=\"yoast-schema-graph\">{\"@context\":\"https:\\\/\\\/schema.org\",\"@graph\":[{\"@type\":\"WebPage\",\"@id\":\"https:\\\/\\\/sagrinex.com\\\/produit\\\/stihl-fr-410-c-e-thermo-rucksack-freischneider\\\/?lang=de\",\"url\":\"https:\\\/\\\/sagrinex.com\\\/produit\\\/stihl-fr-410-c-e-thermo-rucksack-freischneider\\\/?lang=de\",\"name\":\"Stihl FR 410 C-e Thermo-rucksack-freischneider - Sagrinex \u2013 Anhaenger, Container &amp; Landtechnik \ud83c\udf3e\ud83d\ude9c\",\"isPartOf\":{\"@id\":\"https:\\\/\\\/sagrinex.com\\\/#website\"},\"primaryImageOfPage\":{\"@id\":\"https:\\\/\\\/sagrinex.com\\\/produit\\\/stihl-fr-410-c-e-thermo-rucksack-freischneider\\\/?lang=de#primaryimage\"},\"image\":{\"@id\":\"https:\\\/\\\/sagrinex.com\\\/produit\\\/stihl-fr-410-c-e-thermo-rucksack-freischneider\\\/?lang=de#primaryimage\"},\"thumbnailUrl\":\"https:\\\/\\\/sagrinex.com\\\/wp-content\\\/uploads\\\/2026\\\/03\\\/Image-415.jpeg\",\"datePublished\":\"2026-04-15T18:12:32+00:00\",\"dateModified\":\"2026-04-15T21:12:34+00:00\",\"breadcrumb\":{\"@id\":\"https:\\\/\\\/sagrinex.com\\\/produit\\\/stihl-fr-410-c-e-thermo-rucksack-freischneider\\\/?lang=de#breadcrumb\"},\"inLanguage\":\"de\",\"potentialAction\":[{\"@type\":\"ReadAction\",\"target\":[\"https:\\\/\\\/sagrinex.com\\\/produit\\\/stihl-fr-410-c-e-thermo-rucksack-freischneider\\\/?lang=de\"]}]},{\"@type\":\"ImageObject\",\"inLanguage\":\"de\",\"@id\":\"https:\\\/\\\/sagrinex.com\\\/produit\\\/stihl-fr-410-c-e-thermo-rucksack-freischneider\\\/?lang=de#primaryimage\",\"url\":\"https:\\\/\\\/sagrinex.com\\\/wp-content\\\/uploads\\\/2026\\\/03\\\/Image-415.jpeg\",\"contentUrl\":\"https:\\\/\\\/sagrinex.com\\\/wp-content\\\/uploads\\\/2026\\\/03\\\/Image-415.jpeg\",\"width\":1065,\"height\":716},{\"@type\":\"BreadcrumbList\",\"@id\":\"https:\\\/\\\/sagrinex.com\\\/produit\\\/stihl-fr-410-c-e-thermo-rucksack-freischneider\\\/?lang=de#breadcrumb\",\"itemListElement\":[{\"@type\":\"ListItem\",\"position\":1,\"name\":\"Accueil\",\"item\":\"https:\\\/\\\/sagrinex.com\\\/?lang=de\"},{\"@type\":\"ListItem\",\"position\":2,\"name\":\"Shop\",\"item\":\"https:\\\/\\\/sagrinex.com\\\/shop\\\/\"},{\"@type\":\"ListItem\",\"position\":3,\"name\":\"Stihl FR 410 C-e Thermo-rucksack-freischneider\"}]},{\"@type\":\"WebSite\",\"@id\":\"https:\\\/\\\/sagrinex.com\\\/#website\",\"url\":\"https:\\\/\\\/sagrinex.com\\\/\",\"name\":\"Sagrinex \u2013 Spezialist f\u00fcr Anh\u00e4nger, Container & Landtechnik\",\"description\":\"Anhaenger, Container &amp; Landtechnik \u2014 Online-Verkauf &amp; kostenloses Angebot\",\"publisher\":{\"@id\":\"https:\\\/\\\/sagrinex.com\\\/#organization\"},\"potentialAction\":[{\"@type\":\"SearchAction\",\"target\":{\"@type\":\"EntryPoint\",\"urlTemplate\":\"https:\\\/\\\/sagrinex.com\\\/?s={search_term_string}\"},\"query-input\":{\"@type\":\"PropertyValueSpecification\",\"valueRequired\":true,\"valueName\":\"search_term_string\"}}],\"inLanguage\":\"de\"},{\"@type\":\"Organization\",\"@id\":\"https:\\\/\\\/sagrinex.com\\\/#organization\",\"name\":\"Sagrinex \u2013 Remorques, Conteneurs & Mat\u00e9riel Agricole\",\"url\":\"https:\\\/\\\/sagrinex.com\\\/\",\"logo\":{\"@type\":\"ImageObject\",\"inLanguage\":\"de\",\"@id\":\"https:\\\/\\\/sagrinex.com\\\/#\\\/schema\\\/logo\\\/image\\\/\",\"url\":\"https:\\\/\\\/sagrinex.com\\\/wp-content\\\/uploads\\\/2026\\\/03\\\/7f1ac463-ef5a-425d-bdd6-a5da03a334a9-1024x683.png\",\"contentUrl\":\"https:\\\/\\\/sagrinex.com\\\/wp-content\\\/uploads\\\/2026\\\/03\\\/7f1ac463-ef5a-425d-bdd6-a5da03a334a9-1024x683.png\",\"width\":1024,\"height\":683,\"caption\":\"Sagrinex \u2013 Remorques, Conteneurs & Mat\u00e9riel Agricole\"},\"image\":{\"@id\":\"https:\\\/\\\/sagrinex.com\\\/#\\\/schema\\\/logo\\\/image\\\/\"}}]}<\/script>\n<!-- \/ Yoast SEO plugin. -->","yoast_head_json":{"title":"Stihl FR 410 C-e Thermo-rucksack-freischneider - Sagrinex \u2013 Anhaenger, Container &amp; Landtechnik \ud83c\udf3e\ud83d\ude9c","robots":{"index":"index","follow":"follow","max-snippet":"max-snippet:-1","max-image-preview":"max-image-preview:large","max-video-preview":"max-video-preview:-1"},"canonical":"https:\/\/sagrinex.com\/produit\/stihl-fr-410-c-e-thermo-rucksack-freischneider\/?lang=de","og_locale":"de_DE","og_type":"article","og_title":"Stihl FR 410 C-e Thermo-rucksack-freischneider - Sagrinex \u2013 Anhaenger, Container &amp; Landtechnik \ud83c\udf3e\ud83d\ude9c","og_description":"Der Thermo-Rucksack-Freischneider Stihl FR 410 C-E ist mit ausgestattet STIHL ErgoStart-System. Sparsamer 2-MIX-Motor. Damit wird die EU-Abgasnorm eingehalten. Bequemer Gurt mit integrierter Werkzeugtasche. Besonders geeignet f\u00fcr M\u00e4hen an H\u00e4ngenund in Orte, die schwer zug\u00e4nglich sind. Mit Schneidwerkzeug f\u00fcr knorriges Gestr\u00fcpp und Str\u00e4ucher. Der Rucksack-Freischneider FR 410 C-E wird geliefert mit: \u2013 1 M\u00e4hkopf Autocut 36-2 \u2013 1 Schutzh\u00fclle f\u00fcr M\u00e4hkopf Kompatibel mit verschiedenen Stihl-Schneidwerkzeugen (Grasmesser, Niederwaldmesser, Kreiss\u00e4ge, M\u00e4hk\u00f6pfe).","og_url":"https:\/\/sagrinex.com\/produit\/stihl-fr-410-c-e-thermo-rucksack-freischneider\/?lang=de","og_site_name":"Sagrinex \u2013 Anhaenger, Container &amp; Landtechnik \ud83c\udf3e\ud83d\ude9c","article_modified_time":"2026-04-15T21:12:34+00:00","og_image":[{"width":1065,"height":716,"url":"https:\/\/sagrinex.com\/wp-content\/uploads\/2026\/03\/Image-415.jpeg","type":"image\/jpeg"}],"twitter_card":"summary_large_image","schema":{"@context":"https:\/\/schema.org","@graph":[{"@type":"WebPage","@id":"https:\/\/sagrinex.com\/produit\/stihl-fr-410-c-e-thermo-rucksack-freischneider\/?lang=de","url":"https:\/\/sagrinex.com\/produit\/stihl-fr-410-c-e-thermo-rucksack-freischneider\/?lang=de","name":"Stihl FR 410 C-e Thermo-rucksack-freischneider - Sagrinex \u2013 Anhaenger, Container &amp; Landtechnik \ud83c\udf3e\ud83d\ude9c","isPartOf":{"@id":"https:\/\/sagrinex.com\/#website"},"primaryImageOfPage":{"@id":"https:\/\/sagrinex.com\/produit\/stihl-fr-410-c-e-thermo-rucksack-freischneider\/?lang=de#primaryimage"},"image":{"@id":"https:\/\/sagrinex.com\/produit\/stihl-fr-410-c-e-thermo-rucksack-freischneider\/?lang=de#primaryimage"},"thumbnailUrl":"https:\/\/sagrinex.com\/wp-content\/uploads\/2026\/03\/Image-415.jpeg","datePublished":"2026-04-15T18:12:32+00:00","dateModified":"2026-04-15T21:12:34+00:00","breadcrumb":{"@id":"https:\/\/sagrinex.com\/produit\/stihl-fr-410-c-e-thermo-rucksack-freischneider\/?lang=de#breadcrumb"},"inLanguage":"de","potentialAction":[{"@type":"ReadAction","target":["https:\/\/sagrinex.com\/produit\/stihl-fr-410-c-e-thermo-rucksack-freischneider\/?lang=de"]}]},{"@type":"ImageObject","inLanguage":"de","@id":"https:\/\/sagrinex.com\/produit\/stihl-fr-410-c-e-thermo-rucksack-freischneider\/?lang=de#primaryimage","url":"https:\/\/sagrinex.com\/wp-content\/uploads\/2026\/03\/Image-415.jpeg","contentUrl":"https:\/\/sagrinex.com\/wp-content\/uploads\/2026\/03\/Image-415.jpeg","width":1065,"height":716},{"@type":"BreadcrumbList","@id":"https:\/\/sagrinex.com\/produit\/stihl-fr-410-c-e-thermo-rucksack-freischneider\/?lang=de#breadcrumb","itemListElement":[{"@type":"ListItem","position":1,"name":"Accueil","item":"https:\/\/sagrinex.com\/?lang=de"},{"@type":"ListItem","position":2,"name":"Shop","item":"https:\/\/sagrinex.com\/shop\/"},{"@type":"ListItem","position":3,"name":"Stihl FR 410 C-e Thermo-rucksack-freischneider"}]},{"@type":"WebSite","@id":"https:\/\/sagrinex.com\/#website","url":"https:\/\/sagrinex.com\/","name":"Sagrinex \u2013 Spezialist f\u00fcr Anh\u00e4nger, Container & Landtechnik","description":"Anhaenger, Container &amp; Landtechnik \u2014 Online-Verkauf &amp; kostenloses Angebot","publisher":{"@id":"https:\/\/sagrinex.com\/#organization"},"potentialAction":[{"@type":"SearchAction","target":{"@type":"EntryPoint","urlTemplate":"https:\/\/sagrinex.com\/?s={search_term_string}"},"query-input":{"@type":"PropertyValueSpecification","valueRequired":true,"valueName":"search_term_string"}}],"inLanguage":"de"},{"@type":"Organization","@id":"https:\/\/sagrinex.com\/#organization","name":"Sagrinex \u2013 Remorques, Conteneurs & Mat\u00e9riel Agricole","url":"https:\/\/sagrinex.com\/","logo":{"@type":"ImageObject","inLanguage":"de","@id":"https:\/\/sagrinex.com\/#\/schema\/logo\/image\/","url":"https:\/\/sagrinex.com\/wp-content\/uploads\/2026\/03\/7f1ac463-ef5a-425d-bdd6-a5da03a334a9-1024x683.png","contentUrl":"https:\/\/sagrinex.com\/wp-content\/uploads\/2026\/03\/7f1ac463-ef5a-425d-bdd6-a5da03a334a9-1024x683.png","width":1024,"height":683,"caption":"Sagrinex \u2013 Remorques, Conteneurs & Mat\u00e9riel Agricole"},"image":{"@id":"https:\/\/sagrinex.com\/#\/schema\/logo\/image\/"}}]}},"jetpack_sharing_enabled":true,"_links":{"self":[{"href":"https:\/\/sagrinex.com\/de\/wp-json\/wp\/v2\/product\/17401","targetHints":{"allow":["GET"]}}],"collection":[{"href":"https:\/\/sagrinex.com\/de\/wp-json\/wp\/v2\/product"}],"about":[{"href":"https:\/\/sagrinex.com\/de\/wp-json\/wp\/v2\/types\/product"}],"replies":[{"embeddable":true,"href":"https:\/\/sagrinex.com\/de\/wp-json\/wp\/v2\/comments?post=17401"}],"version-history":[{"count":0,"href":"https:\/\/sagrinex.com\/de\/wp-json\/wp\/v2\/product\/17401\/revisions"}],"wp:featuredmedia":[{"embeddable":true,"href":"https:\/\/sagrinex.com\/de\/wp-json\/wp\/v2\/media\/10264"}],"wp:attachment":[{"href":"https:\/\/sagrinex.com\/de\/wp-json\/wp\/v2\/media?parent=17401"}],"wp:term":[{"taxonomy":"product_brand","embeddable":true,"href":"https:\/\/sagrinex.com\/de\/wp-json\/wp\/v2\/product_brand?post=17401"},{"taxonomy":"product_cat","embeddable":true,"href":"https:\/\/sagrinex.com\/de\/wp-json\/wp\/v2\/product_cat?post=17401"},{"taxonomy":"product_tag","embeddable":true,"href":"https:\/\/sagrinex.com\/de\/wp-json\/wp\/v2\/product_tag?post=17401"}],"curies":[{"name":"wp","href":"https:\/\/api.w.org\/{rel}","templated":true}]}}