{"id":17404,"date":"2026-04-15T18:13:43","date_gmt":"2026-04-15T18:13:43","guid":{"rendered":"https:\/\/sagrinex.com\/produit\/staub-sdf-518-rad-freischneider-51-cm-klinge-yamaha-motor\/"},"modified":"2026-04-15T21:12:34","modified_gmt":"2026-04-15T21:12:34","slug":"staub-sdf-518-rad-freischneider-51-cm-klinge-yamaha-motor","status":"publish","type":"product","link":"https:\/\/sagrinex.com\/de\/produit\/staub-sdf-518-rad-freischneider-51-cm-klinge-yamaha-motor\/","title":{"rendered":"Staub Sdf 518 Rad-freischneider \u2013 51 Cm Klinge, Yamaha-motor"},"content":{"rendered":"<h1 class=\"ng-scope\"><strong>EIGENSCHAFTEN<\/strong><\/h1>\n<table class=\"ce-product-features\">\n<tbody>\n<tr class=\"ce-product-features__row\">\n<th class=\"ce-product-features__label\">Energietyp<\/th>\n<td class=\"ce-product-features__value\">Thermisch<\/td>\n<\/tr>\n<tr class=\"ce-product-features__row\">\n<th class=\"ce-product-features__label\">Motor<\/th>\n<td class=\"ce-product-features__value\">YAMAHA MA 190<\/td>\n<\/tr>\n<tr class=\"ce-product-features__row\">\n<th class=\"ce-product-features__label\">Hubraum<\/th>\n<td class=\"ce-product-features__value\">190 cm3<\/td>\n<\/tr>\n<tr class=\"ce-product-features__row\">\n<th class=\"ce-product-features__label\">Leistung<\/th>\n<td class=\"ce-product-features__value\">4 kW \/ 5,4 ch<\/td>\n<\/tr>\n<tr class=\"ce-product-features__row\">\n<th class=\"ce-product-features__label\">Garantie (Privatnutzer)<\/th>\n<td class=\"ce-product-features__value\">2 Jahre<\/td>\n<\/tr>\n<tr class=\"ce-product-features__row\">\n<th class=\"ce-product-features__label\">M\u00e4hfl\u00e4che<\/th>\n<td class=\"ce-product-features__value\">4000 m2<\/td>\n<\/tr>\n<tr class=\"ce-product-features__row\">\n<th class=\"ce-product-features__label\">Gewicht<\/th>\n<td class=\"ce-product-features__value\">68 kg<\/td>\n<\/tr>\n<tr class=\"ce-product-features__row\">\n<th class=\"ce-product-features__label\">Arbeitsbreite<\/th>\n<td class=\"ce-product-features__value\">51 cm<\/td>\n<\/tr>\n<tr class=\"ce-product-features__row\">\n<th class=\"ce-product-features__label\">G\u00e4nge<\/th>\n<td class=\"ce-product-features__value\">1 AV (3 km\/h)<\/td>\n<\/tr>\n<tr class=\"ce-product-features__row\">\n<th class=\"ce-product-features__label\">Schnitth\u00f6he<\/th>\n<td class=\"ce-product-features__value\">50-63-76-90 mm (4 Positionen Seitenhebel)<\/td>\n<\/tr>\n<tr class=\"ce-product-features__row\">\n<th class=\"ce-product-features__label\">Griff<\/th>\n<td class=\"ce-product-features__value\">In der H\u00f6he verstellbar und werkzeuglos klappbar<\/td>\n<\/tr>\n<tr class=\"ce-product-features__row\">\n<th class=\"ce-product-features__label\">Maximale Steigung<\/th>\n<td class=\"ce-product-features__value\">20% \u2013 11\u00b0<\/td>\n<\/tr>\n<\/tbody>\n<\/table>\n","protected":false},"excerpt":{"rendered":"<p>Der Staub SDF 518 Thermo-Freischneider <strong>erm\u00f6glicht die effektive Entfernung von hohem Gras und B\u00fcrsten bis zu 50 cm<\/strong> am <strong>alle Gel\u00e4ndearten<\/strong>, des <strong>Wiese mit Unterholz<\/strong>und passt zu <strong>bis zu 4000 m\u00b2.\u00a0\u00a0<\/strong><\/p>\n<p><strong>Der Vorschub erfolgt durch ein mechanisches Untersetzungsgetriebe<\/strong> mit 1 Vorw\u00e4rtsschritt.<\/p>\n<p><strong>Landwirtschaftliche R\u00e4der und das \u00be-Turn-Nabensystem<\/strong> garantieren Grip und Man\u00f6vrierf\u00e4higkeit.<\/p>\n<p><strong>Der Schneidk\u00f6rper mit einer Breite von 51 cm<\/strong> Der Freischneider ist von der Motorwelle versetzt, um einen umfassenden Schutz bei St\u00f6\u00dfen zu gew\u00e4hrleisten.<\/p>\n<p><strong>Das Stahlm\u00e4hdeck<\/strong> Der Auswurf erfolgt nach hinten, wodurch die Gefahr von Spritzern vermieden wird. Sein vorderer Deflektor ist schwebend, um beim Schneiden der H\u00f6he des Grases zu folgen.<\/p>\n<p><strong>Der Lenker ist h\u00f6henverstellbar<\/strong> zur Anpassung der Maschine an Ihre Gr\u00f6\u00dfe und zusammenklappbar f\u00fcr einfachen Transport und Lagerung.<\/p>\n<p><strong>WICHTIGER HINWEIS:<\/strong>\u00a0Bei Lieferung ist der Motor\u00f6ltank leer. Das Starten ohne \u00d6l kann zu schweren Motorsch\u00e4den f\u00fchren. Achten Sie vor allem darauf, dass Sie die richtige Menge \u00d6l nachf\u00fcllen, wie in der Anleitung angegeben.<\/p>\n","protected":false},"featured_media":10249,"comment_status":"open","ping_status":"closed","template":"","meta":[],"product_brand":[],"product_cat":[326,320],"product_tag":[],"class_list":{"0":"post-17404","1":"product","2":"type-product","3":"status-publish","4":"has-post-thumbnail","6":"product_cat-freischneider","7":"product_cat-unsere-rasenmaher","9":"first","10":"instock","11":"shipping-taxable","12":"purchasable","13":"product-type-simple"},"yoast_head":"<!-- This site is optimized with the Yoast SEO plugin v27.4 - https:\/\/yoast.com\/product\/yoast-seo-wordpress\/ -->\n<title>Staub Sdf 518 Rad-freischneider \u2013 51 Cm Klinge, Yamaha-motor - Sagrinex \u2013 Anhaenger, Container &amp; Landtechnik \ud83c\udf3e\ud83d\ude9c<\/title>\n<meta name=\"robots\" content=\"index, follow, max-snippet:-1, max-image-preview:large, max-video-preview:-1\" \/>\n<link rel=\"canonical\" href=\"https:\/\/sagrinex.com\/produit\/staub-sdf-518-rad-freischneider-51-cm-klinge-yamaha-motor\/?lang=de\" \/>\n<meta property=\"og:locale\" content=\"de_DE\" \/>\n<meta property=\"og:type\" content=\"article\" \/>\n<meta property=\"og:title\" content=\"Staub Sdf 518 Rad-freischneider \u2013 51 Cm Klinge, Yamaha-motor - Sagrinex \u2013 Anhaenger, Container &amp; Landtechnik \ud83c\udf3e\ud83d\ude9c\" \/>\n<meta property=\"og:description\" content=\"Der Staub SDF 518 Thermo-Freischneider erm\u00f6glicht die effektive Entfernung von hohem Gras und B\u00fcrsten bis zu 50 cm am alle Gel\u00e4ndearten, des Wiese mit Unterholzund passt zu bis zu 4000 m\u00b2.\u00a0\u00a0 Der Vorschub erfolgt durch ein mechanisches Untersetzungsgetriebe mit 1 Vorw\u00e4rtsschritt. Landwirtschaftliche R\u00e4der und das \u00be-Turn-Nabensystem garantieren Grip und Man\u00f6vrierf\u00e4higkeit. Der Schneidk\u00f6rper mit einer Breite von 51 cm Der Freischneider ist von der Motorwelle versetzt, um einen umfassenden Schutz bei St\u00f6\u00dfen zu gew\u00e4hrleisten. Das Stahlm\u00e4hdeck Der Auswurf erfolgt nach hinten, wodurch die Gefahr von Spritzern vermieden wird. Sein vorderer Deflektor ist schwebend, um beim Schneiden der H\u00f6he des Grases zu folgen. Der Lenker ist h\u00f6henverstellbar zur Anpassung der Maschine an Ihre Gr\u00f6\u00dfe und zusammenklappbar f\u00fcr einfachen Transport und Lagerung. WICHTIGER HINWEIS:\u00a0Bei Lieferung ist der Motor\u00f6ltank leer. Das Starten ohne \u00d6l kann zu schweren Motorsch\u00e4den f\u00fchren. Achten Sie vor allem darauf, dass Sie die richtige Menge \u00d6l nachf\u00fcllen, wie in der Anleitung angegeben.\" \/>\n<meta property=\"og:url\" content=\"https:\/\/sagrinex.com\/produit\/staub-sdf-518-rad-freischneider-51-cm-klinge-yamaha-motor\/?lang=de\" \/>\n<meta property=\"og:site_name\" content=\"Sagrinex \u2013 Anhaenger, Container &amp; Landtechnik \ud83c\udf3e\ud83d\ude9c\" \/>\n<meta property=\"article:modified_time\" content=\"2026-04-15T21:12:34+00:00\" \/>\n<meta property=\"og:image\" content=\"https:\/\/sagrinex.com\/wp-content\/uploads\/2026\/03\/Image-407.jpeg\" \/>\n\t<meta property=\"og:image:width\" content=\"800\" \/>\n\t<meta property=\"og:image:height\" content=\"800\" \/>\n\t<meta property=\"og:image:type\" content=\"image\/jpeg\" \/>\n<meta name=\"twitter:card\" content=\"summary_large_image\" \/>\n<script type=\"application\/ld+json\" class=\"yoast-schema-graph\">{\"@context\":\"https:\\\/\\\/schema.org\",\"@graph\":[{\"@type\":\"WebPage\",\"@id\":\"https:\\\/\\\/sagrinex.com\\\/produit\\\/staub-sdf-518-rad-freischneider-51-cm-klinge-yamaha-motor\\\/?lang=de\",\"url\":\"https:\\\/\\\/sagrinex.com\\\/produit\\\/staub-sdf-518-rad-freischneider-51-cm-klinge-yamaha-motor\\\/?lang=de\",\"name\":\"Staub Sdf 518 Rad-freischneider \u2013 51 Cm Klinge, Yamaha-motor - Sagrinex \u2013 Anhaenger, Container &amp; Landtechnik \ud83c\udf3e\ud83d\ude9c\",\"isPartOf\":{\"@id\":\"https:\\\/\\\/sagrinex.com\\\/#website\"},\"primaryImageOfPage\":{\"@id\":\"https:\\\/\\\/sagrinex.com\\\/produit\\\/staub-sdf-518-rad-freischneider-51-cm-klinge-yamaha-motor\\\/?lang=de#primaryimage\"},\"image\":{\"@id\":\"https:\\\/\\\/sagrinex.com\\\/produit\\\/staub-sdf-518-rad-freischneider-51-cm-klinge-yamaha-motor\\\/?lang=de#primaryimage\"},\"thumbnailUrl\":\"https:\\\/\\\/sagrinex.com\\\/wp-content\\\/uploads\\\/2026\\\/03\\\/Image-407.jpeg\",\"datePublished\":\"2026-04-15T18:13:43+00:00\",\"dateModified\":\"2026-04-15T21:12:34+00:00\",\"breadcrumb\":{\"@id\":\"https:\\\/\\\/sagrinex.com\\\/produit\\\/staub-sdf-518-rad-freischneider-51-cm-klinge-yamaha-motor\\\/?lang=de#breadcrumb\"},\"inLanguage\":\"de\",\"potentialAction\":[{\"@type\":\"ReadAction\",\"target\":[\"https:\\\/\\\/sagrinex.com\\\/produit\\\/staub-sdf-518-rad-freischneider-51-cm-klinge-yamaha-motor\\\/?lang=de\"]}]},{\"@type\":\"ImageObject\",\"inLanguage\":\"de\",\"@id\":\"https:\\\/\\\/sagrinex.com\\\/produit\\\/staub-sdf-518-rad-freischneider-51-cm-klinge-yamaha-motor\\\/?lang=de#primaryimage\",\"url\":\"https:\\\/\\\/sagrinex.com\\\/wp-content\\\/uploads\\\/2026\\\/03\\\/Image-407.jpeg\",\"contentUrl\":\"https:\\\/\\\/sagrinex.com\\\/wp-content\\\/uploads\\\/2026\\\/03\\\/Image-407.jpeg\",\"width\":800,\"height\":800},{\"@type\":\"BreadcrumbList\",\"@id\":\"https:\\\/\\\/sagrinex.com\\\/produit\\\/staub-sdf-518-rad-freischneider-51-cm-klinge-yamaha-motor\\\/?lang=de#breadcrumb\",\"itemListElement\":[{\"@type\":\"ListItem\",\"position\":1,\"name\":\"Accueil\",\"item\":\"https:\\\/\\\/sagrinex.com\\\/?lang=de\"},{\"@type\":\"ListItem\",\"position\":2,\"name\":\"Shop\",\"item\":\"https:\\\/\\\/sagrinex.com\\\/shop\\\/\"},{\"@type\":\"ListItem\",\"position\":3,\"name\":\"Staub Sdf 518 Rad-freischneider \u2013 51 Cm Klinge, Yamaha-motor\"}]},{\"@type\":\"WebSite\",\"@id\":\"https:\\\/\\\/sagrinex.com\\\/#website\",\"url\":\"https:\\\/\\\/sagrinex.com\\\/\",\"name\":\"Sagrinex \u2013 Spezialist f\u00fcr Anh\u00e4nger, Container & Landtechnik\",\"description\":\"Anhaenger, Container &amp; Landtechnik \u2014 Online-Verkauf &amp; kostenloses Angebot\",\"publisher\":{\"@id\":\"https:\\\/\\\/sagrinex.com\\\/#organization\"},\"potentialAction\":[{\"@type\":\"SearchAction\",\"target\":{\"@type\":\"EntryPoint\",\"urlTemplate\":\"https:\\\/\\\/sagrinex.com\\\/?s={search_term_string}\"},\"query-input\":{\"@type\":\"PropertyValueSpecification\",\"valueRequired\":true,\"valueName\":\"search_term_string\"}}],\"inLanguage\":\"de\"},{\"@type\":\"Organization\",\"@id\":\"https:\\\/\\\/sagrinex.com\\\/#organization\",\"name\":\"Sagrinex \u2013 Remorques, Conteneurs & Mat\u00e9riel Agricole\",\"url\":\"https:\\\/\\\/sagrinex.com\\\/\",\"logo\":{\"@type\":\"ImageObject\",\"inLanguage\":\"de\",\"@id\":\"https:\\\/\\\/sagrinex.com\\\/#\\\/schema\\\/logo\\\/image\\\/\",\"url\":\"https:\\\/\\\/sagrinex.com\\\/wp-content\\\/uploads\\\/2026\\\/03\\\/7f1ac463-ef5a-425d-bdd6-a5da03a334a9-1024x683.png\",\"contentUrl\":\"https:\\\/\\\/sagrinex.com\\\/wp-content\\\/uploads\\\/2026\\\/03\\\/7f1ac463-ef5a-425d-bdd6-a5da03a334a9-1024x683.png\",\"width\":1024,\"height\":683,\"caption\":\"Sagrinex \u2013 Remorques, Conteneurs & Mat\u00e9riel Agricole\"},\"image\":{\"@id\":\"https:\\\/\\\/sagrinex.com\\\/#\\\/schema\\\/logo\\\/image\\\/\"}}]}<\/script>\n<!-- \/ Yoast SEO plugin. -->","yoast_head_json":{"title":"Staub Sdf 518 Rad-freischneider \u2013 51 Cm Klinge, Yamaha-motor - Sagrinex \u2013 Anhaenger, Container &amp; Landtechnik \ud83c\udf3e\ud83d\ude9c","robots":{"index":"index","follow":"follow","max-snippet":"max-snippet:-1","max-image-preview":"max-image-preview:large","max-video-preview":"max-video-preview:-1"},"canonical":"https:\/\/sagrinex.com\/produit\/staub-sdf-518-rad-freischneider-51-cm-klinge-yamaha-motor\/?lang=de","og_locale":"de_DE","og_type":"article","og_title":"Staub Sdf 518 Rad-freischneider \u2013 51 Cm Klinge, Yamaha-motor - Sagrinex \u2013 Anhaenger, Container &amp; Landtechnik \ud83c\udf3e\ud83d\ude9c","og_description":"Der Staub SDF 518 Thermo-Freischneider erm\u00f6glicht die effektive Entfernung von hohem Gras und B\u00fcrsten bis zu 50 cm am alle Gel\u00e4ndearten, des Wiese mit Unterholzund passt zu bis zu 4000 m\u00b2.\u00a0\u00a0 Der Vorschub erfolgt durch ein mechanisches Untersetzungsgetriebe mit 1 Vorw\u00e4rtsschritt. Landwirtschaftliche R\u00e4der und das \u00be-Turn-Nabensystem garantieren Grip und Man\u00f6vrierf\u00e4higkeit. Der Schneidk\u00f6rper mit einer Breite von 51 cm Der Freischneider ist von der Motorwelle versetzt, um einen umfassenden Schutz bei St\u00f6\u00dfen zu gew\u00e4hrleisten. Das Stahlm\u00e4hdeck Der Auswurf erfolgt nach hinten, wodurch die Gefahr von Spritzern vermieden wird. Sein vorderer Deflektor ist schwebend, um beim Schneiden der H\u00f6he des Grases zu folgen. Der Lenker ist h\u00f6henverstellbar zur Anpassung der Maschine an Ihre Gr\u00f6\u00dfe und zusammenklappbar f\u00fcr einfachen Transport und Lagerung. WICHTIGER HINWEIS:\u00a0Bei Lieferung ist der Motor\u00f6ltank leer. Das Starten ohne \u00d6l kann zu schweren Motorsch\u00e4den f\u00fchren. Achten Sie vor allem darauf, dass Sie die richtige Menge \u00d6l nachf\u00fcllen, wie in der Anleitung angegeben.","og_url":"https:\/\/sagrinex.com\/produit\/staub-sdf-518-rad-freischneider-51-cm-klinge-yamaha-motor\/?lang=de","og_site_name":"Sagrinex \u2013 Anhaenger, Container &amp; Landtechnik \ud83c\udf3e\ud83d\ude9c","article_modified_time":"2026-04-15T21:12:34+00:00","og_image":[{"width":800,"height":800,"url":"https:\/\/sagrinex.com\/wp-content\/uploads\/2026\/03\/Image-407.jpeg","type":"image\/jpeg"}],"twitter_card":"summary_large_image","schema":{"@context":"https:\/\/schema.org","@graph":[{"@type":"WebPage","@id":"https:\/\/sagrinex.com\/produit\/staub-sdf-518-rad-freischneider-51-cm-klinge-yamaha-motor\/?lang=de","url":"https:\/\/sagrinex.com\/produit\/staub-sdf-518-rad-freischneider-51-cm-klinge-yamaha-motor\/?lang=de","name":"Staub Sdf 518 Rad-freischneider \u2013 51 Cm Klinge, Yamaha-motor - Sagrinex \u2013 Anhaenger, Container &amp; Landtechnik \ud83c\udf3e\ud83d\ude9c","isPartOf":{"@id":"https:\/\/sagrinex.com\/#website"},"primaryImageOfPage":{"@id":"https:\/\/sagrinex.com\/produit\/staub-sdf-518-rad-freischneider-51-cm-klinge-yamaha-motor\/?lang=de#primaryimage"},"image":{"@id":"https:\/\/sagrinex.com\/produit\/staub-sdf-518-rad-freischneider-51-cm-klinge-yamaha-motor\/?lang=de#primaryimage"},"thumbnailUrl":"https:\/\/sagrinex.com\/wp-content\/uploads\/2026\/03\/Image-407.jpeg","datePublished":"2026-04-15T18:13:43+00:00","dateModified":"2026-04-15T21:12:34+00:00","breadcrumb":{"@id":"https:\/\/sagrinex.com\/produit\/staub-sdf-518-rad-freischneider-51-cm-klinge-yamaha-motor\/?lang=de#breadcrumb"},"inLanguage":"de","potentialAction":[{"@type":"ReadAction","target":["https:\/\/sagrinex.com\/produit\/staub-sdf-518-rad-freischneider-51-cm-klinge-yamaha-motor\/?lang=de"]}]},{"@type":"ImageObject","inLanguage":"de","@id":"https:\/\/sagrinex.com\/produit\/staub-sdf-518-rad-freischneider-51-cm-klinge-yamaha-motor\/?lang=de#primaryimage","url":"https:\/\/sagrinex.com\/wp-content\/uploads\/2026\/03\/Image-407.jpeg","contentUrl":"https:\/\/sagrinex.com\/wp-content\/uploads\/2026\/03\/Image-407.jpeg","width":800,"height":800},{"@type":"BreadcrumbList","@id":"https:\/\/sagrinex.com\/produit\/staub-sdf-518-rad-freischneider-51-cm-klinge-yamaha-motor\/?lang=de#breadcrumb","itemListElement":[{"@type":"ListItem","position":1,"name":"Accueil","item":"https:\/\/sagrinex.com\/?lang=de"},{"@type":"ListItem","position":2,"name":"Shop","item":"https:\/\/sagrinex.com\/shop\/"},{"@type":"ListItem","position":3,"name":"Staub Sdf 518 Rad-freischneider \u2013 51 Cm Klinge, Yamaha-motor"}]},{"@type":"WebSite","@id":"https:\/\/sagrinex.com\/#website","url":"https:\/\/sagrinex.com\/","name":"Sagrinex \u2013 Spezialist f\u00fcr Anh\u00e4nger, Container & Landtechnik","description":"Anhaenger, Container &amp; Landtechnik \u2014 Online-Verkauf &amp; kostenloses Angebot","publisher":{"@id":"https:\/\/sagrinex.com\/#organization"},"potentialAction":[{"@type":"SearchAction","target":{"@type":"EntryPoint","urlTemplate":"https:\/\/sagrinex.com\/?s={search_term_string}"},"query-input":{"@type":"PropertyValueSpecification","valueRequired":true,"valueName":"search_term_string"}}],"inLanguage":"de"},{"@type":"Organization","@id":"https:\/\/sagrinex.com\/#organization","name":"Sagrinex \u2013 Remorques, Conteneurs & Mat\u00e9riel Agricole","url":"https:\/\/sagrinex.com\/","logo":{"@type":"ImageObject","inLanguage":"de","@id":"https:\/\/sagrinex.com\/#\/schema\/logo\/image\/","url":"https:\/\/sagrinex.com\/wp-content\/uploads\/2026\/03\/7f1ac463-ef5a-425d-bdd6-a5da03a334a9-1024x683.png","contentUrl":"https:\/\/sagrinex.com\/wp-content\/uploads\/2026\/03\/7f1ac463-ef5a-425d-bdd6-a5da03a334a9-1024x683.png","width":1024,"height":683,"caption":"Sagrinex \u2013 Remorques, Conteneurs & Mat\u00e9riel Agricole"},"image":{"@id":"https:\/\/sagrinex.com\/#\/schema\/logo\/image\/"}}]}},"jetpack_sharing_enabled":true,"_links":{"self":[{"href":"https:\/\/sagrinex.com\/de\/wp-json\/wp\/v2\/product\/17404","targetHints":{"allow":["GET"]}}],"collection":[{"href":"https:\/\/sagrinex.com\/de\/wp-json\/wp\/v2\/product"}],"about":[{"href":"https:\/\/sagrinex.com\/de\/wp-json\/wp\/v2\/types\/product"}],"replies":[{"embeddable":true,"href":"https:\/\/sagrinex.com\/de\/wp-json\/wp\/v2\/comments?post=17404"}],"version-history":[{"count":0,"href":"https:\/\/sagrinex.com\/de\/wp-json\/wp\/v2\/product\/17404\/revisions"}],"wp:featuredmedia":[{"embeddable":true,"href":"https:\/\/sagrinex.com\/de\/wp-json\/wp\/v2\/media\/10249"}],"wp:attachment":[{"href":"https:\/\/sagrinex.com\/de\/wp-json\/wp\/v2\/media?parent=17404"}],"wp:term":[{"taxonomy":"product_brand","embeddable":true,"href":"https:\/\/sagrinex.com\/de\/wp-json\/wp\/v2\/product_brand?post=17404"},{"taxonomy":"product_cat","embeddable":true,"href":"https:\/\/sagrinex.com\/de\/wp-json\/wp\/v2\/product_cat?post=17404"},{"taxonomy":"product_tag","embeddable":true,"href":"https:\/\/sagrinex.com\/de\/wp-json\/wp\/v2\/product_tag?post=17404"}],"curies":[{"name":"wp","href":"https:\/\/api.w.org\/{rel}","templated":true}]}}